{"id":39013,"date":"2026-03-30T13:42:30","date_gmt":"2026-03-30T13:42:30","guid":{"rendered":"https:\/\/naturalpharmaceuticals.eu\/?page_id=39013"},"modified":"2026-03-31T11:13:46","modified_gmt":"2026-03-31T11:13:46","slug":"menoactiv-balance","status":"publish","type":"page","link":"https:\/\/naturalpharmaceuticals.eu\/et\/meie-tooted\/menoactiv-balance\/","title":{"rendered":"MenoActiv Balance\u00ae"},"content":{"rendered":"\n<div class=\"wp-block-group\"><div class=\"wp-block-group__inner-container is-layout-flow wp-block-group-is-layout-flow\">\n<div class=\"wp-block-columns is-layout-flex wp-container-core-columns-is-layout-1 wp-block-columns-is-layout-flex\">\n<div class=\"wp-block-column is-layout-flow wp-block-column-is-layout-flow\">\n<figure class=\"wp-block-image size-full sticky\"><img loading=\"lazy\" decoding=\"async\" width=\"768\" height=\"768\" src=\"https:\/\/naturalpharmaceuticals.eu\/wp-content\/uploads\/sites\/2\/2026\/03\/Natural_Pharmaceuticals_MenoActiv__768X768.png\" alt=\"\" class=\"wp-image-39023\" srcset=\"https:\/\/naturalpharmaceuticals.eu\/wp-content\/uploads\/sites\/2\/2026\/03\/Natural_Pharmaceuticals_MenoActiv__768X768.png 768w, https:\/\/naturalpharmaceuticals.eu\/wp-content\/uploads\/sites\/2\/2026\/03\/Natural_Pharmaceuticals_MenoActiv__768X768-300x300.png 300w, https:\/\/naturalpharmaceuticals.eu\/wp-content\/uploads\/sites\/2\/2026\/03\/Natural_Pharmaceuticals_MenoActiv__768X768-150x150.png 150w, https:\/\/naturalpharmaceuticals.eu\/wp-content\/uploads\/sites\/2\/2026\/03\/Natural_Pharmaceuticals_MenoActiv__768X768-200x200.png 200w\" sizes=\"auto, (max-width: 768px) 100vw, 768px\" \/><\/figure>\n<\/div>\n\n\n\n<div class=\"wp-block-column product-info-frame is-layout-flow wp-block-column-is-layout-flow\">\n<p style=\"font-size:18px\"><strong>MenoActiv Balance\u00ae<\/strong><\/p>\n\n\n\n<ul class=\"wp-block-list\">\n<li>8 koostisosa, mis toetavad naise keha tasakaalu enne, menopausi ajal ja p\u00e4rast seda<\/li>\n\n\n\n<li>3 taimeekstrakti, millel on \u00f6strogeenilaadne toime (sojaseemned, salvei ja humalak\u00e4bid)<\/li>\n\n\n\n<li>Aitab leevendada kuumahooge ja meeleolumuutusi<\/li>\n\n\n\n<li>Looduslik toetus rahulikkusele ja une kvaliteedile<\/li>\n\n\n\n<li>Vaid 1 kapsel p\u00e4evas<\/li>\n<\/ul>\n\n\n\n<p><\/p>\n<\/div>\n<\/div>\n<\/div><\/div>\n\n\n\n<div class=\"packshot-bg-wrapper\"><div class=\"full-width-inside-container packshot-bg packshot-bg-ma\"><\/div><\/div>\n\n\n\n<p>MenoActiv Balance\u00ae on toidulisand, mis on m\u00f5eldud menopausis olevatele naistele ning toetab \u00fcldist tasakaalu ja igap\u00e4evast heaolu.<\/p>\n\n\n\n<p>Koostis \u00fchendab taimeekstrakte, vitamiine ja mineraalaineid, et aidata leevendada menopausi s\u00fcmptomeid ning toetada n\u00e4rvi- ja hormoons\u00fcsteemi, samuti \u00fcldist tervist.<\/p>\n\n\n\n<p>MenoActiv Balance\u00ae toidulisandi koostisosade m\u00f5ju on dokumenteeritud tervisealastes v\u00e4idetes, mida on positiivselt hinnanud Euroopa Toiduohutusamet (EFSA).<\/p>\n\n\n\n<p><strong>Niatsiin ja B6-vitamiin: <\/strong>aitavad kaasa n\u00e4rvis\u00fcsteemi normaalsele toimimisele.<\/p>\n\n\n\n<p><strong>Niatsiin, B6-vitamiin ja foolhape: <\/strong>aitavad kaasa normaalsele ps\u00fchholoogilisele toimimisele.<\/p>\n\n\n\n<p><strong>Niatsiin, B6-vitamiin ja foolhape: <\/strong>aitavad v\u00e4hendada v\u00e4simust ja kurnatust.<\/p>\n\n\n\n<p><strong>Folaat ja B6-vitamiin: <\/strong>aitavad kaasa normaalse homots\u00fcsteiini ainevahetusele.<\/p>\n\n\n\n<p><strong>Tsink: <\/strong>aitab kaasa normaalsele kognitiivsele funktsioonile.<\/p>\n\n\n\n<p><strong>Tsink: <\/strong>aitab kaasa juuste ja k\u00fc\u00fcnte normaalsele seisundile.<\/p>\n\n\n\n<p><strong>Tsink ja D-vitamiin: <\/strong>aitavad kaasa luude normaalsele seisundile.<\/p>\n\n\n\n<p><strong>Niatsiin ja tsink: <\/strong>aitavad kaasa naha normaalsele seisundile.<\/p>\n\n\n\n<p><strong>D-vitamiin: <\/strong>aitab kaasa normaalse lihaste funktsiooni s\u00e4ilitamisele.<\/p>\n\n\n<div role=\"tabpanel\" class=\"wp-block-ub-tabbed-content-tab-content-wrap ub-hide\"\n        id=\"ub-tabbed-content--panel-0\" aria-labelledby=\"ub-tabbed-content--tab-0\" tabindex=\"0\">\n\n<p><a href=\"https:\/\/nordicmed.natural.pl\/?page_id=326\">Preview in new tab(opens in a new tab)<\/a><\/p>\n\n\n\n<p>reviews<\/p>\n\n<\/div>\n\n<div role=\"tabpanel\" class=\"wp-block-ub-tabbed-content-tab-content-wrap ub-hide\"\n        id=\"ub-tabbed-content--panel-1\" aria-labelledby=\"ub-tabbed-content--tab-1\" tabindex=\"0\">\n\n<p><\/p>\n\n<\/div>\n\n<div role=\"tabpanel\" class=\"wp-block-ub-tabbed-content-tab-content-wrap ub-hide\"\n        id=\"ub-tabbed-content--panel-2\" aria-labelledby=\"ub-tabbed-content--tab-2\" tabindex=\"0\">\n\n<p><\/p>\n\n<\/div>\n\n<div class=\"wp-block-ub-tabbed-content-block wp-block-ub-tabbed-content wp-block-ub-tabbed-content-holder wp-block-ub-tabbed-content-horizontal-holder-mobile wp-block-ub-tabbed-content-horizontal-holder-tablet\" id=\"ub-tabbed-content-bed3c6b1-3589-48ec-ae58-4362e04831c3\">\n\t\t\t<div class=\"wp-block-ub-tabbed-content-tab-holder horizontal-tab-width-mobile horizontal-tab-width-tablet\">\n\t\t\t\t<div role=\"tablist\" class=\"wp-block-ub-tabbed-content-tabs-title wp-block-ub-tabbed-content-tabs-title-mobile-horizontal-tab wp-block-ub-tabbed-content-tabs-title-tablet-horizontal-tab\"><div role=\"tab\" id=\"ub-tabbed-content-bed3c6b1-3589-48ec-ae58-4362e04831c3-tab-0\" aria-controls=\"ub-tabbed-content-bed3c6b1-3589-48ec-ae58-4362e04831c3-panel-0\" aria-selected=\"true\" class=\"wp-block-ub-tabbed-content-tab-title-wrap active\" style=\"\" tabindex=\"-1\">\n\t\t\t\t<div class=\"wp-block-ub-tabbed-content-tab-title\">Toitumisalane teave<\/div>\n\t\t\t<\/div><\/div>\n\t\t\t<\/div>\n\t\t\t<div class=\"wp-block-ub-tabbed-content-tabs-content\" style=\"\"><div role=\"tabpanel\" class=\"wp-block-ub-tabbed-content-tab-content-wrap active\"\n        id=\"ub-tabbed-content-bed3c6b1-3589-48ec-ae58-4362e04831c3-panel-0\" aria-labelledby=\"ub-tabbed-content-bed3c6b1-3589-48ec-ae58-4362e04831c3-tab-0\" tabindex=\"0\">\n\n<p>MenoActiv Balance\u00ae<\/p>\n\n\n\n<figure class=\"wp-block-table is-style-borders\"><table><tbody><tr><th><strong>Koostisosad<\/strong><\/th><th>1 kapsel<\/th><th><strong>%RDA*<\/strong><\/th><\/tr><tr><td>Sojaidude ekstrakt<br>standardiseeritud<br>40% isoflavoonide sisaldus<\/td><td>100 mg<br><br>40 mg<\/td><td>\u2013<\/td><\/tr><tr><td>Salvei taimeekstrakt<\/td><td>31 mg<\/td><td>\u2013<\/td><\/tr><tr><td>Humalak\u00e4bi ekstrakt<\/td><td>30 mg<\/td><td>\u2013<\/td><\/tr><tr><td>Niatsiin<\/td><td>16 mg<\/td><td>100%<\/td><\/tr><tr><td>Tsink<\/td><td>10 mg<\/td><td>100%<\/td><\/tr><tr><td>B6-vitamiin<\/td><td>1,4 mg<\/td><td>100%<\/td><\/tr><tr><td>Foolhape<\/td><td>200 \u00b5g<\/td><td>100%<\/td><\/tr><tr><td>D-vitamiin<\/td><td>5 \u00b5g<\/td><td>100%<\/td><\/tr><\/tbody><\/table><\/figure>\n\n\n\n<p><strong>*P\u00e4evane soovituslik kogus<\/strong>&nbsp;<\/p>\n\n\n\n<p><strong>Koostisosad: sojaubade idude <\/strong>ekstrakt <strong>(<em>Glycine max <\/em>(L.) Merr.), <\/strong>standardiseeritud 40% isoflavoonide sisaldusele DER 50:1, h\u00fcdroks\u00fcprop\u00fc\u00fclmet\u00fc\u00fcltselluloos, paksendaja: tselluloos, tsinktsitraat, salvei taime ekstrakt (<em>Salvia officinalis <\/em>L.) DER 10:1, humalak\u00e4bi ekstrakt (<em>Humulus lupulus <\/em>L.) DER 10:1, nikotiinamiid, paakumisvastased ained: trikaltsiumfosfaat, r\u00e4nidioksiid; kolekaltsiferool, p\u00fcridoksiinvesinikkloriid, pteroylmonoglutamiinhape.<\/p>\n\n\n\n<p><strong>MenoActiv Balance\u00ae \u2013 \u00fcks kapsel p\u00e4evas<\/strong><\/p>\n\n\n\n<p><strong>Kasutamine: <\/strong>MenoActiv Balance\u00ae on toidulisand, mis toetab naiste hormonaalset tasakaalu, heaolu ja tervist menopausi ajal ja p\u00e4rast seda.<\/p>\n\n\n\n<p><strong>P\u00e4evane annus:<\/strong> 1 kapsel<\/p>\n\n\n\n<p><strong>Lisateave<\/strong><\/p>\n\n\n\n<p><strong>M\u00e4rkus: <\/strong>\u00c4rge \u00fcletage soovitatud p\u00e4evast annust. Toidulisandeid ei tohi kasutada mitmek\u00fclgse toitumise asendajana. Tasakaalustatud toitumine ja tervislik eluviis on v\u00e4ga olulised.<\/p>\n\n\n\n<p>Isoflavoonidest rikas toitumine (mis sisaldab kaunvilju, sealhulgas soja) ei vaja toidulisandeid. V\u00e4hki p\u00f5devate naistel kasutada ainult p\u00e4rast arstiga konsulteerimist. Toodet ei tohi tarbida rasedad ega imetavad naised. Ravimeid v\u00f5tvad inimesed peaksid enne kasutamist konsulteerima oma arstiga.\u00a0\u00a0<\/p>\n\n\n\n<p><strong>Tootepartii number: <\/strong>pakendil<\/p>\n\n\n\n<p><strong>K\u00f5lblik kuni: <\/strong>pakendil<\/p>\n\n\n\n<p><strong>S\u00e4ilitamine: <\/strong>hoida kuivas, pimedas ja jahedas kohas, v\u00e4ikeste laste k\u00e4eulatusest eemal.<\/p>\n\n\n\n<p><strong>Netokaal:<\/strong><del><br><\/del>&nbsp;72 g (180 kapslit, iga\u00fcks 400 mg)<\/p>\n\n\n\n<p><strong>Tootja:<\/strong><br>Pharmatech AS<\/p>\n\n\n\n<p>Vallehellene 4<\/p>\n\n\n\n<p>1664 Rolvs\u00f8y, Norra<\/p>\n\n\n\n<p><strong>Turustaja:<\/strong><br>Natural Pharmaceuticals Sp. z o.o.,<\/p>\n\n\n\n<p>ul. Domaniewska 28, 02-672 Varssavi, Poola<\/p>\n\n\n\n<p><\/p>\n\n<\/div><\/div>\n\t\t<\/div>\n\n\n<figure class=\"wp-block-image alignfull size-large\"><img loading=\"lazy\" decoding=\"async\" width=\"1024\" height=\"337\" src=\"https:\/\/naturalpharmaceuticals.eu\/wp-content\/uploads\/sites\/2\/2026\/03\/Natural_Pharmaceuticals_MenoActiv_1520X500-1024x337.jpg\" alt=\"\" class=\"wp-image-39034\" srcset=\"https:\/\/naturalpharmaceuticals.eu\/wp-content\/uploads\/sites\/2\/2026\/03\/Natural_Pharmaceuticals_MenoActiv_1520X500-1024x337.jpg 1024w, https:\/\/naturalpharmaceuticals.eu\/wp-content\/uploads\/sites\/2\/2026\/03\/Natural_Pharmaceuticals_MenoActiv_1520X500-300x99.jpg 300w, https:\/\/naturalpharmaceuticals.eu\/wp-content\/uploads\/sites\/2\/2026\/03\/Natural_Pharmaceuticals_MenoActiv_1520X500-768x253.jpg 768w, https:\/\/naturalpharmaceuticals.eu\/wp-content\/uploads\/sites\/2\/2026\/03\/Natural_Pharmaceuticals_MenoActiv_1520X500.jpg 1520w\" sizes=\"auto, (max-width: 1024px) 100vw, 1024px\" \/><\/figure>\n","protected":false},"excerpt":{"rendered":"<p>MenoActiv Balance\u00ae MenoActiv Balance\u00ae on toidulisand, mis on m\u00f5eldud menopausis olevatele naistele ning toetab \u00fcldist tasakaalu ja igap\u00e4evast heaolu. Koostis \u00fchendab taimeekstrakte, vitamiine ja mineraalaineid, et aidata leevendada menopausi s\u00fcmptomeid ning toetada n\u00e4rvi- ja hormoons\u00fcsteemi, samuti \u00fcldist tervist. MenoActiv Balance\u00ae&#x2026; <\/p>\n<p class=\"more-link-container th-uppercase\"><a href=\"https:\/\/naturalpharmaceuticals.eu\/et\/meie-tooted\/menoactiv-balance\/\" class=\"more-link\">Read More <span class=\"screen-reader-text\">MenoActiv Balance\u00ae<\/span><\/a><\/p>\n","protected":false},"author":9,"featured_media":39044,"parent":5592,"menu_order":0,"comment_status":"closed","ping_status":"closed","template":"templates\/grid-full-width-page.php","meta":{"ub_ctt_via":"","footnotes":""},"class_list":["post-39013","page","type-page","status-publish","has-post-thumbnail","hentry"],"featured_image_src":"https:\/\/naturalpharmaceuticals.eu\/wp-content\/uploads\/sites\/2\/2026\/03\/Natural_Pharmaceuticals_MenoActiv_1520X600.jpg","yoast_head":"<!-- This site is optimized with the Yoast SEO plugin v24.4 - https:\/\/yoast.com\/wordpress\/plugins\/seo\/ -->\n<title>MenoActiv Balance\u00ae - Natural Pharmaceuticals<\/title>\n<meta name=\"robots\" content=\"index, follow, max-snippet:-1, max-image-preview:large, max-video-preview:-1\" \/>\n<link rel=\"canonical\" href=\"https:\/\/naturalpharmaceuticals.eu\/et\/meie-tooted\/menoactiv-balance\/\" \/>\n<meta property=\"og:locale\" content=\"et_EE\" \/>\n<meta property=\"og:type\" content=\"article\" \/>\n<meta property=\"og:title\" content=\"MenoActiv Balance\u00ae - Natural Pharmaceuticals\" \/>\n<meta property=\"og:description\" content=\"MenoActiv Balance\u00ae MenoActiv Balance\u00ae on toidulisand, mis on m\u00f5eldud menopausis olevatele naistele ning toetab \u00fcldist tasakaalu ja igap\u00e4evast heaolu. Koostis \u00fchendab taimeekstrakte, vitamiine ja mineraalaineid, et aidata leevendada menopausi s\u00fcmptomeid ning toetada n\u00e4rvi- ja hormoons\u00fcsteemi, samuti \u00fcldist tervist. MenoActiv Balance\u00ae&#x2026; Read More MenoActiv Balance\u00ae\" \/>\n<meta property=\"og:url\" content=\"https:\/\/naturalpharmaceuticals.eu\/et\/meie-tooted\/menoactiv-balance\/\" \/>\n<meta property=\"og:site_name\" content=\"Natural Pharmaceuticals\" \/>\n<meta property=\"article:modified_time\" content=\"2026-03-31T11:13:46+00:00\" \/>\n<meta property=\"og:image\" content=\"https:\/\/naturalpharmaceuticals.eu\/wp-content\/uploads\/sites\/2\/2026\/03\/Natural_Pharmaceuticals_MenoActiv_1520X600.jpg\" \/>\n\t<meta property=\"og:image:width\" content=\"1520\" \/>\n\t<meta property=\"og:image:height\" content=\"600\" \/>\n\t<meta property=\"og:image:type\" content=\"image\/jpeg\" \/>\n<meta name=\"twitter:card\" content=\"summary_large_image\" \/>\n<meta name=\"twitter:label1\" content=\"Est. reading time\" \/>\n\t<meta name=\"twitter:data1\" content=\"3 minutit\" \/>\n<script type=\"application\/ld+json\" class=\"yoast-schema-graph\">{\"@context\":\"https:\/\/schema.org\",\"@graph\":[{\"@type\":\"WebPage\",\"@id\":\"https:\/\/naturalpharmaceuticals.eu\/et\/meie-tooted\/menoactiv-balance\/\",\"url\":\"https:\/\/naturalpharmaceuticals.eu\/et\/meie-tooted\/menoactiv-balance\/\",\"name\":\"MenoActiv Balance\u00ae - Natural Pharmaceuticals\",\"isPartOf\":{\"@id\":\"https:\/\/naturalpharmaceuticals.eu\/et\/#website\"},\"primaryImageOfPage\":{\"@id\":\"https:\/\/naturalpharmaceuticals.eu\/et\/meie-tooted\/menoactiv-balance\/#primaryimage\"},\"image\":{\"@id\":\"https:\/\/naturalpharmaceuticals.eu\/et\/meie-tooted\/menoactiv-balance\/#primaryimage\"},\"thumbnailUrl\":\"https:\/\/naturalpharmaceuticals.eu\/wp-content\/uploads\/sites\/2\/2026\/03\/Natural_Pharmaceuticals_MenoActiv_1520X600.jpg\",\"datePublished\":\"2026-03-30T13:42:30+00:00\",\"dateModified\":\"2026-03-31T11:13:46+00:00\",\"breadcrumb\":{\"@id\":\"https:\/\/naturalpharmaceuticals.eu\/et\/meie-tooted\/menoactiv-balance\/#breadcrumb\"},\"inLanguage\":\"et\",\"potentialAction\":[{\"@type\":\"ReadAction\",\"target\":[\"https:\/\/naturalpharmaceuticals.eu\/et\/meie-tooted\/menoactiv-balance\/\"]}]},{\"@type\":\"ImageObject\",\"inLanguage\":\"et\",\"@id\":\"https:\/\/naturalpharmaceuticals.eu\/et\/meie-tooted\/menoactiv-balance\/#primaryimage\",\"url\":\"https:\/\/naturalpharmaceuticals.eu\/wp-content\/uploads\/sites\/2\/2026\/03\/Natural_Pharmaceuticals_MenoActiv_1520X600.jpg\",\"contentUrl\":\"https:\/\/naturalpharmaceuticals.eu\/wp-content\/uploads\/sites\/2\/2026\/03\/Natural_Pharmaceuticals_MenoActiv_1520X600.jpg\",\"width\":1520,\"height\":600},{\"@type\":\"BreadcrumbList\",\"@id\":\"https:\/\/naturalpharmaceuticals.eu\/et\/meie-tooted\/menoactiv-balance\/#breadcrumb\",\"itemListElement\":[{\"@type\":\"ListItem\",\"position\":1,\"name\":\"Home\",\"item\":\"https:\/\/naturalpharmaceuticals.eu\/et\/\"},{\"@type\":\"ListItem\",\"position\":2,\"name\":\"Meie tooted\",\"item\":\"https:\/\/naturalpharmaceuticals.eu\/et\/meie-tooted\/\"},{\"@type\":\"ListItem\",\"position\":3,\"name\":\"MenoActiv Balance\u00ae\"}]},{\"@type\":\"WebSite\",\"@id\":\"https:\/\/naturalpharmaceuticals.eu\/et\/#website\",\"url\":\"https:\/\/naturalpharmaceuticals.eu\/et\/\",\"name\":\"Natural Pharmaceuticals\",\"description\":\"\",\"publisher\":{\"@id\":\"https:\/\/naturalpharmaceuticals.eu\/et\/#organization\"},\"potentialAction\":[{\"@type\":\"SearchAction\",\"target\":{\"@type\":\"EntryPoint\",\"urlTemplate\":\"https:\/\/naturalpharmaceuticals.eu\/et\/?s={search_term_string}\"},\"query-input\":{\"@type\":\"PropertyValueSpecification\",\"valueRequired\":true,\"valueName\":\"search_term_string\"}}],\"inLanguage\":\"et\"},{\"@type\":\"Organization\",\"@id\":\"https:\/\/naturalpharmaceuticals.eu\/et\/#organization\",\"name\":\"Natural Pharmaceuticals\",\"url\":\"https:\/\/naturalpharmaceuticals.eu\/et\/\",\"logo\":{\"@type\":\"ImageObject\",\"inLanguage\":\"et\",\"@id\":\"https:\/\/naturalpharmaceuticals.eu\/et\/#\/schema\/logo\/image\/\",\"url\":\"https:\/\/naturalpharmaceuticals.eu\/wp-content\/uploads\/sites\/2\/2020\/11\/cropped-natural-pharmaceuticals-logo.png\",\"contentUrl\":\"https:\/\/naturalpharmaceuticals.eu\/wp-content\/uploads\/sites\/2\/2020\/11\/cropped-natural-pharmaceuticals-logo.png\",\"width\":900,\"height\":323,\"caption\":\"Natural Pharmaceuticals\"},\"image\":{\"@id\":\"https:\/\/naturalpharmaceuticals.eu\/et\/#\/schema\/logo\/image\/\"}}]}<\/script>\n<!-- \/ Yoast SEO plugin. -->","yoast_head_json":{"title":"MenoActiv Balance\u00ae - Natural Pharmaceuticals","robots":{"index":"index","follow":"follow","max-snippet":"max-snippet:-1","max-image-preview":"max-image-preview:large","max-video-preview":"max-video-preview:-1"},"canonical":"https:\/\/naturalpharmaceuticals.eu\/et\/meie-tooted\/menoactiv-balance\/","og_locale":"et_EE","og_type":"article","og_title":"MenoActiv Balance\u00ae - Natural Pharmaceuticals","og_description":"MenoActiv Balance\u00ae MenoActiv Balance\u00ae on toidulisand, mis on m\u00f5eldud menopausis olevatele naistele ning toetab \u00fcldist tasakaalu ja igap\u00e4evast heaolu. Koostis \u00fchendab taimeekstrakte, vitamiine ja mineraalaineid, et aidata leevendada menopausi s\u00fcmptomeid ning toetada n\u00e4rvi- ja hormoons\u00fcsteemi, samuti \u00fcldist tervist. MenoActiv Balance\u00ae&#x2026; Read More MenoActiv Balance\u00ae","og_url":"https:\/\/naturalpharmaceuticals.eu\/et\/meie-tooted\/menoactiv-balance\/","og_site_name":"Natural Pharmaceuticals","article_modified_time":"2026-03-31T11:13:46+00:00","og_image":[{"width":1520,"height":600,"url":"https:\/\/naturalpharmaceuticals.eu\/wp-content\/uploads\/sites\/2\/2026\/03\/Natural_Pharmaceuticals_MenoActiv_1520X600.jpg","type":"image\/jpeg"}],"twitter_card":"summary_large_image","twitter_misc":{"Est. reading time":"3 minutit"},"schema":{"@context":"https:\/\/schema.org","@graph":[{"@type":"WebPage","@id":"https:\/\/naturalpharmaceuticals.eu\/et\/meie-tooted\/menoactiv-balance\/","url":"https:\/\/naturalpharmaceuticals.eu\/et\/meie-tooted\/menoactiv-balance\/","name":"MenoActiv Balance\u00ae - Natural Pharmaceuticals","isPartOf":{"@id":"https:\/\/naturalpharmaceuticals.eu\/et\/#website"},"primaryImageOfPage":{"@id":"https:\/\/naturalpharmaceuticals.eu\/et\/meie-tooted\/menoactiv-balance\/#primaryimage"},"image":{"@id":"https:\/\/naturalpharmaceuticals.eu\/et\/meie-tooted\/menoactiv-balance\/#primaryimage"},"thumbnailUrl":"https:\/\/naturalpharmaceuticals.eu\/wp-content\/uploads\/sites\/2\/2026\/03\/Natural_Pharmaceuticals_MenoActiv_1520X600.jpg","datePublished":"2026-03-30T13:42:30+00:00","dateModified":"2026-03-31T11:13:46+00:00","breadcrumb":{"@id":"https:\/\/naturalpharmaceuticals.eu\/et\/meie-tooted\/menoactiv-balance\/#breadcrumb"},"inLanguage":"et","potentialAction":[{"@type":"ReadAction","target":["https:\/\/naturalpharmaceuticals.eu\/et\/meie-tooted\/menoactiv-balance\/"]}]},{"@type":"ImageObject","inLanguage":"et","@id":"https:\/\/naturalpharmaceuticals.eu\/et\/meie-tooted\/menoactiv-balance\/#primaryimage","url":"https:\/\/naturalpharmaceuticals.eu\/wp-content\/uploads\/sites\/2\/2026\/03\/Natural_Pharmaceuticals_MenoActiv_1520X600.jpg","contentUrl":"https:\/\/naturalpharmaceuticals.eu\/wp-content\/uploads\/sites\/2\/2026\/03\/Natural_Pharmaceuticals_MenoActiv_1520X600.jpg","width":1520,"height":600},{"@type":"BreadcrumbList","@id":"https:\/\/naturalpharmaceuticals.eu\/et\/meie-tooted\/menoactiv-balance\/#breadcrumb","itemListElement":[{"@type":"ListItem","position":1,"name":"Home","item":"https:\/\/naturalpharmaceuticals.eu\/et\/"},{"@type":"ListItem","position":2,"name":"Meie tooted","item":"https:\/\/naturalpharmaceuticals.eu\/et\/meie-tooted\/"},{"@type":"ListItem","position":3,"name":"MenoActiv Balance\u00ae"}]},{"@type":"WebSite","@id":"https:\/\/naturalpharmaceuticals.eu\/et\/#website","url":"https:\/\/naturalpharmaceuticals.eu\/et\/","name":"Natural Pharmaceuticals","description":"","publisher":{"@id":"https:\/\/naturalpharmaceuticals.eu\/et\/#organization"},"potentialAction":[{"@type":"SearchAction","target":{"@type":"EntryPoint","urlTemplate":"https:\/\/naturalpharmaceuticals.eu\/et\/?s={search_term_string}"},"query-input":{"@type":"PropertyValueSpecification","valueRequired":true,"valueName":"search_term_string"}}],"inLanguage":"et"},{"@type":"Organization","@id":"https:\/\/naturalpharmaceuticals.eu\/et\/#organization","name":"Natural Pharmaceuticals","url":"https:\/\/naturalpharmaceuticals.eu\/et\/","logo":{"@type":"ImageObject","inLanguage":"et","@id":"https:\/\/naturalpharmaceuticals.eu\/et\/#\/schema\/logo\/image\/","url":"https:\/\/naturalpharmaceuticals.eu\/wp-content\/uploads\/sites\/2\/2020\/11\/cropped-natural-pharmaceuticals-logo.png","contentUrl":"https:\/\/naturalpharmaceuticals.eu\/wp-content\/uploads\/sites\/2\/2020\/11\/cropped-natural-pharmaceuticals-logo.png","width":900,"height":323,"caption":"Natural Pharmaceuticals"},"image":{"@id":"https:\/\/naturalpharmaceuticals.eu\/et\/#\/schema\/logo\/image\/"}}]}},"jetpack_sharing_enabled":true,"_links":{"self":[{"href":"https:\/\/naturalpharmaceuticals.eu\/et\/wp-json\/wp\/v2\/pages\/39013","targetHints":{"allow":["GET"]}}],"collection":[{"href":"https:\/\/naturalpharmaceuticals.eu\/et\/wp-json\/wp\/v2\/pages"}],"about":[{"href":"https:\/\/naturalpharmaceuticals.eu\/et\/wp-json\/wp\/v2\/types\/page"}],"author":[{"embeddable":true,"href":"https:\/\/naturalpharmaceuticals.eu\/et\/wp-json\/wp\/v2\/users\/9"}],"replies":[{"embeddable":true,"href":"https:\/\/naturalpharmaceuticals.eu\/et\/wp-json\/wp\/v2\/comments?post=39013"}],"version-history":[{"count":4,"href":"https:\/\/naturalpharmaceuticals.eu\/et\/wp-json\/wp\/v2\/pages\/39013\/revisions"}],"predecessor-version":[{"id":39093,"href":"https:\/\/naturalpharmaceuticals.eu\/et\/wp-json\/wp\/v2\/pages\/39013\/revisions\/39093"}],"up":[{"embeddable":true,"href":"https:\/\/naturalpharmaceuticals.eu\/et\/wp-json\/wp\/v2\/pages\/5592"}],"wp:featuredmedia":[{"embeddable":true,"href":"https:\/\/naturalpharmaceuticals.eu\/et\/wp-json\/wp\/v2\/media\/39044"}],"wp:attachment":[{"href":"https:\/\/naturalpharmaceuticals.eu\/et\/wp-json\/wp\/v2\/media?parent=39013"}],"curies":[{"name":"wp","href":"https:\/\/api.w.org\/{rel}","templated":true}]}}