{"id":5535,"date":"2021-07-06T11:27:13","date_gmt":"2021-07-06T11:27:13","guid":{"rendered":"https:\/\/naturalpharmaceuticals.eu\/?page_id=5535"},"modified":"2023-04-18T11:23:01","modified_gmt":"2023-04-18T11:23:01","slug":"pikema-ja-parema-elu-heaks","status":"publish","type":"page","link":"https:\/\/naturalpharmaceuticals.eu\/et\/","title":{"rendered":"Pikema ja parema elu heaks"},"content":{"rendered":"\n<p>Oleme kiiresti kasvav tugeva teadus- ja tehnoloogiafookusega Norra terviseettev\u00f5te, mis on oomega-3 segmendis turuliider. Meie tooted p\u00e4rinevad otse arktilise p\u00f5hja puhtast puutumatusest. Meie missiooniks on t\u00f5sta Kesk-Euroopa tarbijate teadlikkust kala ja merest p\u00e4rinevate\u00a0rasvhappete\u00a0sisaldusega men\u00fc\u00fc kasust tervisele.\u00a0OmegaMarine\u2122 Premium on turuliider paljudes Euroopa riikides.<\/p>\n","protected":false},"excerpt":{"rendered":"<p>Oleme kiiresti kasvav tugeva teadus- ja tehnoloogiafookusega Norra terviseettev\u00f5te, mis on oomega-3 segmendis turuliider. Meie tooted p\u00e4rinevad otse arktilise p\u00f5hja puhtast puutumatusest. Meie missiooniks on t\u00f5sta Kesk-Euroopa tarbijate teadlikkust kala ja merest p\u00e4rinevate\u00a0rasvhappete\u00a0sisaldusega men\u00fc\u00fc kasust tervisele.\u00a0OmegaMarine\u2122 Premium on turuliider paljudes&#x2026; <\/p>\n<p class=\"more-link-container th-uppercase\"><a href=\"https:\/\/naturalpharmaceuticals.eu\/et\/\" class=\"more-link\">Read More <span class=\"screen-reader-text\">Pikema ja parema elu heaks<\/span><\/a><\/p>\n","protected":false},"author":1,"featured_media":5537,"parent":0,"menu_order":0,"comment_status":"closed","ping_status":"closed","template":"templates\/front-page.php","meta":{"ub_ctt_via":"","footnotes":""},"class_list":["post-5535","page","type-page","status-publish","has-post-thumbnail","hentry"],"featured_image_src":"https:\/\/naturalpharmaceuticals.eu\/wp-content\/uploads\/sites\/2\/2020\/12\/Natural_Pharmaceuticals_Norway_1518x435.jpg","yoast_head":"<!-- This site is optimized with the Yoast SEO plugin v24.4 - https:\/\/yoast.com\/wordpress\/plugins\/seo\/ -->\n<title>Pikema ja parema elu heaks - Natural Pharmaceuticals<\/title>\n<meta name=\"robots\" content=\"index, follow, max-snippet:-1, max-image-preview:large, max-video-preview:-1\" \/>\n<link rel=\"canonical\" href=\"https:\/\/naturalpharmaceuticals.eu\/et\/\" \/>\n<meta property=\"og:locale\" content=\"et_EE\" \/>\n<meta property=\"og:type\" content=\"article\" \/>\n<meta property=\"og:title\" content=\"Pikema ja parema elu heaks - Natural Pharmaceuticals\" \/>\n<meta property=\"og:description\" content=\"Oleme kiiresti kasvav tugeva teadus- ja tehnoloogiafookusega Norra terviseettev\u00f5te, mis on oomega-3 segmendis turuliider. Meie tooted p\u00e4rinevad otse arktilise p\u00f5hja puhtast puutumatusest. Meie missiooniks on t\u00f5sta Kesk-Euroopa tarbijate teadlikkust kala ja merest p\u00e4rinevate\u00a0rasvhappete\u00a0sisaldusega men\u00fc\u00fc kasust tervisele.\u00a0OmegaMarine\u2122 Premium on turuliider paljudes&#x2026; Read More Pikema ja parema elu heaks\" \/>\n<meta property=\"og:url\" content=\"https:\/\/naturalpharmaceuticals.eu\/et\/\" \/>\n<meta property=\"og:site_name\" content=\"Natural Pharmaceuticals\" \/>\n<meta property=\"article:modified_time\" content=\"2023-04-18T11:23:01+00:00\" \/>\n<meta property=\"og:image\" content=\"https:\/\/naturalpharmaceuticals.eu\/wp-content\/uploads\/sites\/2\/2020\/12\/Natural_Pharmaceuticals_Norway_1518x435.jpg\" \/>\n\t<meta property=\"og:image:width\" content=\"1518\" \/>\n\t<meta property=\"og:image:height\" content=\"435\" \/>\n\t<meta property=\"og:image:type\" content=\"image\/jpeg\" \/>\n<meta name=\"twitter:card\" content=\"summary_large_image\" \/>\n<meta name=\"twitter:label1\" content=\"Est. reading time\" \/>\n\t<meta name=\"twitter:data1\" content=\"1 minut\" \/>\n<script type=\"application\/ld+json\" class=\"yoast-schema-graph\">{\"@context\":\"https:\/\/schema.org\",\"@graph\":[{\"@type\":\"WebPage\",\"@id\":\"https:\/\/naturalpharmaceuticals.eu\/et\/\",\"url\":\"https:\/\/naturalpharmaceuticals.eu\/et\/\",\"name\":\"Pikema ja parema elu heaks - Natural Pharmaceuticals\",\"isPartOf\":{\"@id\":\"https:\/\/naturalpharmaceuticals.eu\/et\/#website\"},\"primaryImageOfPage\":{\"@id\":\"https:\/\/naturalpharmaceuticals.eu\/et\/#primaryimage\"},\"image\":{\"@id\":\"https:\/\/naturalpharmaceuticals.eu\/et\/#primaryimage\"},\"thumbnailUrl\":\"https:\/\/naturalpharmaceuticals.eu\/wp-content\/uploads\/sites\/2\/2020\/12\/Natural_Pharmaceuticals_Norway_1518x435.jpg\",\"datePublished\":\"2021-07-06T11:27:13+00:00\",\"dateModified\":\"2023-04-18T11:23:01+00:00\",\"breadcrumb\":{\"@id\":\"https:\/\/naturalpharmaceuticals.eu\/et\/#breadcrumb\"},\"inLanguage\":\"et\",\"potentialAction\":[{\"@type\":\"ReadAction\",\"target\":[\"https:\/\/naturalpharmaceuticals.eu\/et\/\"]}]},{\"@type\":\"ImageObject\",\"inLanguage\":\"et\",\"@id\":\"https:\/\/naturalpharmaceuticals.eu\/et\/#primaryimage\",\"url\":\"https:\/\/naturalpharmaceuticals.eu\/wp-content\/uploads\/sites\/2\/2020\/12\/Natural_Pharmaceuticals_Norway_1518x435.jpg\",\"contentUrl\":\"https:\/\/naturalpharmaceuticals.eu\/wp-content\/uploads\/sites\/2\/2020\/12\/Natural_Pharmaceuticals_Norway_1518x435.jpg\",\"width\":1518,\"height\":435},{\"@type\":\"BreadcrumbList\",\"@id\":\"https:\/\/naturalpharmaceuticals.eu\/et\/#breadcrumb\",\"itemListElement\":[{\"@type\":\"ListItem\",\"position\":1,\"name\":\"Home\",\"item\":\"https:\/\/naturalpharmaceuticals.eu\/et\/\"},{\"@type\":\"ListItem\",\"position\":2,\"name\":\"Pikema ja parema elu heaks\"}]},{\"@type\":\"WebSite\",\"@id\":\"https:\/\/naturalpharmaceuticals.eu\/et\/#website\",\"url\":\"https:\/\/naturalpharmaceuticals.eu\/et\/\",\"name\":\"Natural Pharmaceuticals\",\"description\":\"\",\"publisher\":{\"@id\":\"https:\/\/naturalpharmaceuticals.eu\/et\/#organization\"},\"potentialAction\":[{\"@type\":\"SearchAction\",\"target\":{\"@type\":\"EntryPoint\",\"urlTemplate\":\"https:\/\/naturalpharmaceuticals.eu\/et\/?s={search_term_string}\"},\"query-input\":{\"@type\":\"PropertyValueSpecification\",\"valueRequired\":true,\"valueName\":\"search_term_string\"}}],\"inLanguage\":\"et\"},{\"@type\":\"Organization\",\"@id\":\"https:\/\/naturalpharmaceuticals.eu\/et\/#organization\",\"name\":\"Natural Pharmaceuticals\",\"url\":\"https:\/\/naturalpharmaceuticals.eu\/et\/\",\"logo\":{\"@type\":\"ImageObject\",\"inLanguage\":\"et\",\"@id\":\"https:\/\/naturalpharmaceuticals.eu\/et\/#\/schema\/logo\/image\/\",\"url\":\"https:\/\/naturalpharmaceuticals.eu\/wp-content\/uploads\/sites\/2\/2020\/11\/cropped-natural-pharmaceuticals-logo.png\",\"contentUrl\":\"https:\/\/naturalpharmaceuticals.eu\/wp-content\/uploads\/sites\/2\/2020\/11\/cropped-natural-pharmaceuticals-logo.png\",\"width\":900,\"height\":323,\"caption\":\"Natural Pharmaceuticals\"},\"image\":{\"@id\":\"https:\/\/naturalpharmaceuticals.eu\/et\/#\/schema\/logo\/image\/\"}}]}<\/script>\n<!-- \/ Yoast SEO plugin. -->","yoast_head_json":{"title":"Pikema ja parema elu heaks - Natural Pharmaceuticals","robots":{"index":"index","follow":"follow","max-snippet":"max-snippet:-1","max-image-preview":"max-image-preview:large","max-video-preview":"max-video-preview:-1"},"canonical":"https:\/\/naturalpharmaceuticals.eu\/et\/","og_locale":"et_EE","og_type":"article","og_title":"Pikema ja parema elu heaks - Natural Pharmaceuticals","og_description":"Oleme kiiresti kasvav tugeva teadus- ja tehnoloogiafookusega Norra terviseettev\u00f5te, mis on oomega-3 segmendis turuliider. Meie tooted p\u00e4rinevad otse arktilise p\u00f5hja puhtast puutumatusest. Meie missiooniks on t\u00f5sta Kesk-Euroopa tarbijate teadlikkust kala ja merest p\u00e4rinevate\u00a0rasvhappete\u00a0sisaldusega men\u00fc\u00fc kasust tervisele.\u00a0OmegaMarine\u2122 Premium on turuliider paljudes&#x2026; Read More Pikema ja parema elu heaks","og_url":"https:\/\/naturalpharmaceuticals.eu\/et\/","og_site_name":"Natural Pharmaceuticals","article_modified_time":"2023-04-18T11:23:01+00:00","og_image":[{"width":1518,"height":435,"url":"https:\/\/naturalpharmaceuticals.eu\/wp-content\/uploads\/sites\/2\/2020\/12\/Natural_Pharmaceuticals_Norway_1518x435.jpg","type":"image\/jpeg"}],"twitter_card":"summary_large_image","twitter_misc":{"Est. reading time":"1 minut"},"schema":{"@context":"https:\/\/schema.org","@graph":[{"@type":"WebPage","@id":"https:\/\/naturalpharmaceuticals.eu\/et\/","url":"https:\/\/naturalpharmaceuticals.eu\/et\/","name":"Pikema ja parema elu heaks - Natural Pharmaceuticals","isPartOf":{"@id":"https:\/\/naturalpharmaceuticals.eu\/et\/#website"},"primaryImageOfPage":{"@id":"https:\/\/naturalpharmaceuticals.eu\/et\/#primaryimage"},"image":{"@id":"https:\/\/naturalpharmaceuticals.eu\/et\/#primaryimage"},"thumbnailUrl":"https:\/\/naturalpharmaceuticals.eu\/wp-content\/uploads\/sites\/2\/2020\/12\/Natural_Pharmaceuticals_Norway_1518x435.jpg","datePublished":"2021-07-06T11:27:13+00:00","dateModified":"2023-04-18T11:23:01+00:00","breadcrumb":{"@id":"https:\/\/naturalpharmaceuticals.eu\/et\/#breadcrumb"},"inLanguage":"et","potentialAction":[{"@type":"ReadAction","target":["https:\/\/naturalpharmaceuticals.eu\/et\/"]}]},{"@type":"ImageObject","inLanguage":"et","@id":"https:\/\/naturalpharmaceuticals.eu\/et\/#primaryimage","url":"https:\/\/naturalpharmaceuticals.eu\/wp-content\/uploads\/sites\/2\/2020\/12\/Natural_Pharmaceuticals_Norway_1518x435.jpg","contentUrl":"https:\/\/naturalpharmaceuticals.eu\/wp-content\/uploads\/sites\/2\/2020\/12\/Natural_Pharmaceuticals_Norway_1518x435.jpg","width":1518,"height":435},{"@type":"BreadcrumbList","@id":"https:\/\/naturalpharmaceuticals.eu\/et\/#breadcrumb","itemListElement":[{"@type":"ListItem","position":1,"name":"Home","item":"https:\/\/naturalpharmaceuticals.eu\/et\/"},{"@type":"ListItem","position":2,"name":"Pikema ja parema elu heaks"}]},{"@type":"WebSite","@id":"https:\/\/naturalpharmaceuticals.eu\/et\/#website","url":"https:\/\/naturalpharmaceuticals.eu\/et\/","name":"Natural Pharmaceuticals","description":"","publisher":{"@id":"https:\/\/naturalpharmaceuticals.eu\/et\/#organization"},"potentialAction":[{"@type":"SearchAction","target":{"@type":"EntryPoint","urlTemplate":"https:\/\/naturalpharmaceuticals.eu\/et\/?s={search_term_string}"},"query-input":{"@type":"PropertyValueSpecification","valueRequired":true,"valueName":"search_term_string"}}],"inLanguage":"et"},{"@type":"Organization","@id":"https:\/\/naturalpharmaceuticals.eu\/et\/#organization","name":"Natural Pharmaceuticals","url":"https:\/\/naturalpharmaceuticals.eu\/et\/","logo":{"@type":"ImageObject","inLanguage":"et","@id":"https:\/\/naturalpharmaceuticals.eu\/et\/#\/schema\/logo\/image\/","url":"https:\/\/naturalpharmaceuticals.eu\/wp-content\/uploads\/sites\/2\/2020\/11\/cropped-natural-pharmaceuticals-logo.png","contentUrl":"https:\/\/naturalpharmaceuticals.eu\/wp-content\/uploads\/sites\/2\/2020\/11\/cropped-natural-pharmaceuticals-logo.png","width":900,"height":323,"caption":"Natural Pharmaceuticals"},"image":{"@id":"https:\/\/naturalpharmaceuticals.eu\/et\/#\/schema\/logo\/image\/"}}]}},"jetpack_sharing_enabled":true,"_links":{"self":[{"href":"https:\/\/naturalpharmaceuticals.eu\/et\/wp-json\/wp\/v2\/pages\/5535","targetHints":{"allow":["GET"]}}],"collection":[{"href":"https:\/\/naturalpharmaceuticals.eu\/et\/wp-json\/wp\/v2\/pages"}],"about":[{"href":"https:\/\/naturalpharmaceuticals.eu\/et\/wp-json\/wp\/v2\/types\/page"}],"author":[{"embeddable":true,"href":"https:\/\/naturalpharmaceuticals.eu\/et\/wp-json\/wp\/v2\/users\/1"}],"replies":[{"embeddable":true,"href":"https:\/\/naturalpharmaceuticals.eu\/et\/wp-json\/wp\/v2\/comments?post=5535"}],"version-history":[{"count":2,"href":"https:\/\/naturalpharmaceuticals.eu\/et\/wp-json\/wp\/v2\/pages\/5535\/revisions"}],"predecessor-version":[{"id":18467,"href":"https:\/\/naturalpharmaceuticals.eu\/et\/wp-json\/wp\/v2\/pages\/5535\/revisions\/18467"}],"wp:featuredmedia":[{"embeddable":true,"href":"https:\/\/naturalpharmaceuticals.eu\/et\/wp-json\/wp\/v2\/media\/5537"}],"wp:attachment":[{"href":"https:\/\/naturalpharmaceuticals.eu\/et\/wp-json\/wp\/v2\/media?parent=5535"}],"curies":[{"name":"wp","href":"https:\/\/api.w.org\/{rel}","templated":true}]}}