{"id":5720,"date":"2021-07-07T11:16:49","date_gmt":"2021-07-07T11:16:49","guid":{"rendered":"https:\/\/naturalpharmaceuticals.eu\/?page_id=5720"},"modified":"2021-10-11T08:44:51","modified_gmt":"2021-10-11T08:44:51","slug":"fleximed","status":"publish","type":"page","link":"https:\/\/naturalpharmaceuticals.eu\/et\/meie-tooted\/fleximed\/","title":{"rendered":"FlexiMed"},"content":{"rendered":"\n<div class=\"wp-block-group\"><div class=\"wp-block-group__inner-container is-layout-flow wp-block-group-is-layout-flow\">\n<div class=\"wp-block-columns is-layout-flex wp-container-core-columns-is-layout-1 wp-block-columns-is-layout-flex\">\n<div class=\"wp-block-column is-layout-flow wp-block-column-is-layout-flow\">\n<figure class=\"wp-block-image size-large sticky\"><img loading=\"lazy\" decoding=\"async\" width=\"768\" height=\"768\" src=\"https:\/\/naturalpharmaceuticals.eu\/wp-content\/uploads\/sites\/2\/2020\/12\/FM_www_768x768.png\" alt=\"\" class=\"wp-image-1044\" srcset=\"https:\/\/naturalpharmaceuticals.eu\/wp-content\/uploads\/sites\/2\/2020\/12\/FM_www_768x768.png 768w, https:\/\/naturalpharmaceuticals.eu\/wp-content\/uploads\/sites\/2\/2020\/12\/FM_www_768x768-300x300.png 300w, https:\/\/naturalpharmaceuticals.eu\/wp-content\/uploads\/sites\/2\/2020\/12\/FM_www_768x768-150x150.png 150w, https:\/\/naturalpharmaceuticals.eu\/wp-content\/uploads\/sites\/2\/2020\/12\/FM_www_768x768-200x200.png 200w\" sizes=\"auto, (max-width: 768px) 100vw, 768px\" \/><\/figure>\n<\/div>\n\n\n\n<div class=\"wp-block-column product-info-frame is-layout-flow wp-block-column-is-layout-flow\">\n<p style=\"font-size:18px\"><strong>FlexiMed<\/strong><\/p>\n\n\n\n<ul class=\"list-style-check-sign line-height-2 wp-block-list\"><li>Ainulaadsed koostisosad, mis toetavad liigeste tervist&nbsp;<\/li><li>Uuenduslik patenteeritud tootmismeetod (merekaltsium)&nbsp;<\/li><li>K\u00f5ige t\u00f5husam&nbsp;mereallikatest&nbsp;saadud&nbsp;kaltsium&nbsp;&nbsp;<\/li><li>K\u00f5rge gl\u00fckoosamiini&nbsp;sisaldus&nbsp;<\/li><li>II t\u00fc\u00fcpi kollageen&nbsp;<\/li><li>Toetab liigesek\u00f5hre paindlikkust ja viib selleni toitaineid&nbsp;<\/li><li>C-vitamiin aitab luude&nbsp;normikohaseks&nbsp;toimimiseks kaasa kollageeni normaalsele moodustumisele&nbsp;<\/li><li>Mugava liikumise&nbsp;jaoks&nbsp;<\/li><\/ul>\n\n\n\n<p><\/p>\n<\/div>\n<\/div>\n<\/div><\/div>\n\n\n\n<div class=\"packshot-bg-wrapper\"><div class=\"full-width-inside-container packshot-bg packshot-bg-fm\"><\/div><\/div>\n\n\n\n<p>FlexiMed peamiste koostisosade toime inimorganismile on Euroopa Toiduohutusameti (EFSA) poolt hinnatud positiivseks:<\/p>\n\n\n\n<p>Kaltsium, magneesium, mangaan ja D-vitamiin aitavad&nbsp;kaasa normaalsete luude s\u00e4ilimisele.&nbsp;<br>C-vitamiin aitab&nbsp;kaasa&nbsp;k\u00f5hre normaalseks toimimiseks&nbsp;vajaliku&nbsp;kollageeni normaalsele moodustumisele.&nbsp;<br>C-vitamiin aitab&nbsp;kaasa&nbsp;luude normaalseks toimimiseks&nbsp;vajaliku&nbsp;kollageeni normaalsele moodustumisele.&nbsp;<br>Kaltsium, magneesium ja D-vitamiin aitavad s\u00e4ilitada lihaste normaalseid funktsioone.&nbsp;<\/p>\n\n\n<div role=\"tabpanel\" class=\"wp-block-ub-tabbed-content-tab-content-wrap ub-hide\"\n        id=\"ub-tabbed-content--panel-0\" aria-labelledby=\"ub-tabbed-content--tab-0\" tabindex=\"0\">\n\n<p><a href=\"https:\/\/nordicmed.natural.pl\/?page_id=326\">Preview in new tab(opens in a new tab)<\/a><\/p>\n\n\n\n<p>reviews<\/p>\n\n<\/div>\n\n<div role=\"tabpanel\" class=\"wp-block-ub-tabbed-content-tab-content-wrap ub-hide\"\n        id=\"ub-tabbed-content--panel-1\" aria-labelledby=\"ub-tabbed-content--tab-1\" tabindex=\"0\">\n\n<p><\/p>\n\n<\/div>\n\n<div role=\"tabpanel\" class=\"wp-block-ub-tabbed-content-tab-content-wrap ub-hide\"\n        id=\"ub-tabbed-content--panel-2\" aria-labelledby=\"ub-tabbed-content--tab-2\" tabindex=\"0\">\n\n<p><\/p>\n\n<\/div>\n\n<div class=\"wp-block-ub-tabbed-content-block wp-block-ub-tabbed-content wp-block-ub-tabbed-content-holder wp-block-ub-tabbed-content-horizontal-holder-mobile wp-block-ub-tabbed-content-horizontal-holder-tablet\" id=\"ub-tabbed-content-58229e89-ef76-4e00-9286-5a493079edeb\">\n\t\t\t<div class=\"wp-block-ub-tabbed-content-tab-holder horizontal-tab-width-mobile horizontal-tab-width-tablet\">\n\t\t\t\t<div role=\"tablist\" class=\"wp-block-ub-tabbed-content-tabs-title wp-block-ub-tabbed-content-tabs-title-mobile-horizontal-tab wp-block-ub-tabbed-content-tabs-title-tablet-horizontal-tab\"><div role=\"tab\" id=\"ub-tabbed-content-58229e89-ef76-4e00-9286-5a493079edeb-tab-0\" aria-controls=\"ub-tabbed-content-58229e89-ef76-4e00-9286-5a493079edeb-panel-0\" aria-selected=\"true\" class=\"wp-block-ub-tabbed-content-tab-title-wrap active\" style=\"\" tabindex=\"-1\">\n\t\t\t\t<div class=\"wp-block-ub-tabbed-content-tab-title\">Toitumisalane teave<\/div>\n\t\t\t<\/div><\/div>\n\t\t\t<\/div>\n\t\t\t<div class=\"wp-block-ub-tabbed-content-tabs-content\" style=\"\"><div role=\"tabpanel\" class=\"wp-block-ub-tabbed-content-tab-content-wrap active\"\n        id=\"ub-tabbed-content-58229e89-ef76-4e00-9286-5a493079edeb-panel-0\" aria-labelledby=\"ub-tabbed-content-58229e89-ef76-4e00-9286-5a493079edeb-tab-0\" tabindex=\"0\">\n\n<p>FlexiMed<\/p>\n\n\n\n<figure class=\"wp-block-table is-style-borders\"><table><tbody><tr><th>Koostis<\/th><th>3 tabletti<\/th><th>% NRV *<\/th><\/tr><tr><td>Gl\u00fckoosamiinsulfaat<\/td><td>800 mg<\/td><td>&#8211;<\/td><\/tr><tr><td>&nbsp;&nbsp;&nbsp;&nbsp;sh:<\/td><td><\/td><td><\/td><\/tr><tr><td>&nbsp;&nbsp;&nbsp;&nbsp;&nbsp;&nbsp;&nbsp;&nbsp;Gl\u00fckoosamiin<\/td><td>471 mg<\/td><td>&#8211;<\/td><\/tr><tr><td>&nbsp;&nbsp;&nbsp;&nbsp;&nbsp;&nbsp;&nbsp;&nbsp;L\u00f5hejahu<\/td><td>600 mg<\/td><td><\/td><\/tr><tr><td>&nbsp;&nbsp;&nbsp;&nbsp;&nbsp;&nbsp;&nbsp;&nbsp;&nbsp;&nbsp;&nbsp;&nbsp;kaltsiumi&nbsp;sisaldusega<\/td><td>120 mg<\/td><td>15<\/td><\/tr><tr><td>Magneesium<\/td><td>250 mg<\/td><td>67<\/td><\/tr><tr><td>C-vitamiin<\/td><td>80 mg<\/td><td>100<\/td><\/tr><tr><td>Ingveripulber<\/td><td>25 mg<\/td><td>&#8211;<\/td><\/tr><tr><td>H\u00fcdrol\u00fc\u00fcsitud&nbsp;II&nbsp;t\u00fc\u00fcpi&nbsp;kollageen<\/td><td>10 mg<\/td><td>&#8211;<\/td><\/tr><tr><td>Mangaan<\/td><td>2 mg<\/td><td>100<\/td><\/tr><tr><td>D-vitamiin<\/td><td>5 \u03bcg<\/td><td>100<\/td><\/tr><\/tbody><\/table><\/figure>\n\n\n\n<p><strong>*NRV \u2013&nbsp;P\u00e4evased&nbsp;v\u00f5rdluskogused<\/strong>&nbsp;<\/p>\n\n\n\n<p><strong>Koostisained:<\/strong>&nbsp;gl\u00fckoosamiinsulfaat,&nbsp;kalajahu&nbsp;(l\u00f5he),&nbsp;paksendajad&nbsp;(tselluloos,&nbsp;rasvhapete&nbsp;magneesiumsoolad),&nbsp;magneesiumoksiid,&nbsp;inuliin, L-askorbiinhape, paakumisvastased ained&nbsp;(kaltsiumfosfaadid,&nbsp;r\u00e4nidioksiid),&nbsp;ingverijuure&nbsp;pulber&nbsp;(Zingiber officinalis), h\u00fcdrol\u00fc\u00fcsitud&nbsp;II t\u00fc\u00fcpi&nbsp;kollageen, aroomiained,&nbsp;magnaansulfaat, kolekaltsiferool, h\u00fcdroks\u00fcprop\u00fc\u00fclmet\u00fc\u00fcltselluloos, v\u00e4rvained&nbsp;(klorof\u00fclli&nbsp;ja klorof\u00fclliini vasekompleksid, titaandioksiid).&nbsp;<\/p>\n\n\n\n<p>FlexiMed&nbsp;\u2013&nbsp;kolm&nbsp;tabletti&nbsp;p\u00e4evas&nbsp;<\/p>\n\n\n\n<p>Kuidas&nbsp;kasutada:&nbsp;FlexiMedi&nbsp;koostisosad&nbsp;aitavad&nbsp;toetada&nbsp;normaalset&nbsp;k\u00f5hre&nbsp;ja&nbsp;luude&nbsp;tervist, mis on&nbsp;olulised&nbsp;pikaajaliseks&nbsp;heaoluks&nbsp;ja&nbsp;aktiivse&nbsp;eluviisi&nbsp;s\u00e4ilitamiseks.&nbsp;<\/p>\n\n\n\n<p><strong>Toote&nbsp;soovitatav&nbsp;p\u00e4evane&nbsp;tarbimise&nbsp;kogus<\/strong>&nbsp;&#8211;&nbsp;&nbsp;3&nbsp;tabletti&nbsp;p\u00e4evas.&nbsp;<\/p>\n\n\n\n<p><strong>Netokogus:&nbsp;<\/strong>486 g (540&nbsp;tabletti&nbsp;a 900 mg)&nbsp;<\/p>\n\n\n\n<p>Toidulisandid ei asenda tasakaalustatud ja mitmekesist toitumist. Hoida lastele k\u00e4ttesaamatus kohas. \u00c4rge \u00fcletage soovitatud p\u00e4evast annust.<\/p>\n\n\n\n<p><strong>Kehtivus:<\/strong>&nbsp;kuni&nbsp;pakendile&nbsp;kirjutatud&nbsp;kuup\u00e4evani&nbsp;<\/p>\n\n\n\n<p><strong>Tootepartii:<\/strong>&nbsp;kirjutatud&nbsp;pakendile&nbsp;<\/p>\n\n\n\n<p><strong>M\u00e4rkused:<\/strong>&nbsp;Hoida&nbsp;kapsleid&nbsp;toatemperatuuril,&nbsp;umbes&nbsp;25\u00b0C&nbsp;kuivas&nbsp;ja&nbsp;p\u00e4ikesevarjulises&nbsp;kohas.&nbsp;<\/p>\n\n\n\n<p><strong>Toodetud&nbsp;Norras&nbsp;Pharmatech&nbsp;AS&nbsp;<\/strong>poolt&nbsp;<br>Natural Pharmaceuticals Sp. z&nbsp;o.o.&nbsp;<\/p>\n\n\n\n<p><strong>Edasim\u00fc\u00fcja:<\/strong>&nbsp;Natural Pharmaceuticals Sp. z&nbsp;o.o.&nbsp;<br>Domaniewska&nbsp;28, 02-672&nbsp;Varssavi, Poola<\/p>\n\n\n\n<p><\/p>\n\n<\/div><\/div>\n\t\t<\/div>\n\n\n<figure class=\"wp-block-image alignfull size-full\"><img loading=\"lazy\" decoding=\"async\" width=\"1520\" height=\"500\" src=\"https:\/\/naturalpharmaceuticals.eu\/wp-content\/uploads\/sites\/2\/2021\/03\/Natural_Pharmaceuticals_FlexiMed_IMG_8508_FM_a.jpg\" alt=\"\" class=\"wp-image-2681\" srcset=\"https:\/\/naturalpharmaceuticals.eu\/wp-content\/uploads\/sites\/2\/2021\/03\/Natural_Pharmaceuticals_FlexiMed_IMG_8508_FM_a.jpg 1520w, https:\/\/naturalpharmaceuticals.eu\/wp-content\/uploads\/sites\/2\/2021\/03\/Natural_Pharmaceuticals_FlexiMed_IMG_8508_FM_a-300x99.jpg 300w, https:\/\/naturalpharmaceuticals.eu\/wp-content\/uploads\/sites\/2\/2021\/03\/Natural_Pharmaceuticals_FlexiMed_IMG_8508_FM_a-1024x337.jpg 1024w, https:\/\/naturalpharmaceuticals.eu\/wp-content\/uploads\/sites\/2\/2021\/03\/Natural_Pharmaceuticals_FlexiMed_IMG_8508_FM_a-768x253.jpg 768w\" sizes=\"auto, (max-width: 1520px) 100vw, 1520px\" \/><\/figure>\n","protected":false},"excerpt":{"rendered":"<p>FlexiMed Ainulaadsed koostisosad, mis toetavad liigeste tervist&nbsp; Uuenduslik patenteeritud tootmismeetod (merekaltsium)&nbsp; K\u00f5ige t\u00f5husam&nbsp;mereallikatest&nbsp;saadud&nbsp;kaltsium&nbsp;&nbsp; K\u00f5rge gl\u00fckoosamiini&nbsp;sisaldus&nbsp; II t\u00fc\u00fcpi kollageen&nbsp; Toetab liigesek\u00f5hre paindlikkust ja viib selleni toitaineid&nbsp; C-vitamiin aitab luude&nbsp;normikohaseks&nbsp;toimimiseks kaasa kollageeni normaalsele moodustumisele&nbsp; Mugava liikumise&nbsp;jaoks&nbsp; FlexiMed peamiste koostisosade toime inimorganismile on&#x2026; <\/p>\n<p class=\"more-link-container th-uppercase\"><a href=\"https:\/\/naturalpharmaceuticals.eu\/et\/meie-tooted\/fleximed\/\" class=\"more-link\">Read More <span class=\"screen-reader-text\">FlexiMed<\/span><\/a><\/p>\n","protected":false},"author":1,"featured_media":5603,"parent":5592,"menu_order":0,"comment_status":"closed","ping_status":"closed","template":"templates\/grid-full-width-page.php","meta":{"ub_ctt_via":"","footnotes":""},"class_list":["post-5720","page","type-page","status-publish","has-post-thumbnail","hentry"],"featured_image_src":"https:\/\/naturalpharmaceuticals.eu\/wp-content\/uploads\/sites\/2\/2020\/12\/PL_banner_760x300_v2_4_Natural_Pharmaceuticals_FlexiMed.jpg","yoast_head":"<!-- This site is optimized with the Yoast SEO plugin v24.4 - https:\/\/yoast.com\/wordpress\/plugins\/seo\/ -->\n<title>FlexiMed - Natural Pharmaceuticals<\/title>\n<meta name=\"robots\" content=\"index, follow, max-snippet:-1, max-image-preview:large, max-video-preview:-1\" \/>\n<link rel=\"canonical\" href=\"https:\/\/naturalpharmaceuticals.eu\/et\/meie-tooted\/fleximed\/\" \/>\n<meta property=\"og:locale\" content=\"et_EE\" \/>\n<meta property=\"og:type\" content=\"article\" \/>\n<meta property=\"og:title\" content=\"FlexiMed - Natural Pharmaceuticals\" \/>\n<meta property=\"og:description\" content=\"FlexiMed Ainulaadsed koostisosad, mis toetavad liigeste tervist&nbsp; Uuenduslik patenteeritud tootmismeetod (merekaltsium)&nbsp; K\u00f5ige t\u00f5husam&nbsp;mereallikatest&nbsp;saadud&nbsp;kaltsium&nbsp;&nbsp; K\u00f5rge gl\u00fckoosamiini&nbsp;sisaldus&nbsp; II t\u00fc\u00fcpi kollageen&nbsp; Toetab liigesek\u00f5hre paindlikkust ja viib selleni toitaineid&nbsp; C-vitamiin aitab luude&nbsp;normikohaseks&nbsp;toimimiseks kaasa kollageeni normaalsele moodustumisele&nbsp; Mugava liikumise&nbsp;jaoks&nbsp; FlexiMed peamiste koostisosade toime inimorganismile on&#x2026; Read More FlexiMed\" \/>\n<meta property=\"og:url\" content=\"https:\/\/naturalpharmaceuticals.eu\/et\/meie-tooted\/fleximed\/\" \/>\n<meta property=\"og:site_name\" content=\"Natural Pharmaceuticals\" \/>\n<meta property=\"article:modified_time\" content=\"2021-10-11T08:44:51+00:00\" \/>\n<meta property=\"og:image\" content=\"https:\/\/naturalpharmaceuticals.eu\/wp-content\/uploads\/sites\/2\/2020\/12\/PL_banner_760x300_v2_4_Natural_Pharmaceuticals_FlexiMed.jpg\" \/>\n\t<meta property=\"og:image:width\" content=\"760\" \/>\n\t<meta property=\"og:image:height\" content=\"300\" \/>\n\t<meta property=\"og:image:type\" content=\"image\/jpeg\" \/>\n<meta name=\"twitter:card\" content=\"summary_large_image\" \/>\n<meta name=\"twitter:label1\" content=\"Est. reading time\" \/>\n\t<meta name=\"twitter:data1\" content=\"2 minutit\" \/>\n<script type=\"application\/ld+json\" class=\"yoast-schema-graph\">{\"@context\":\"https:\/\/schema.org\",\"@graph\":[{\"@type\":\"WebPage\",\"@id\":\"https:\/\/naturalpharmaceuticals.eu\/et\/meie-tooted\/fleximed\/\",\"url\":\"https:\/\/naturalpharmaceuticals.eu\/et\/meie-tooted\/fleximed\/\",\"name\":\"FlexiMed - Natural Pharmaceuticals\",\"isPartOf\":{\"@id\":\"https:\/\/naturalpharmaceuticals.eu\/et\/#website\"},\"primaryImageOfPage\":{\"@id\":\"https:\/\/naturalpharmaceuticals.eu\/et\/meie-tooted\/fleximed\/#primaryimage\"},\"image\":{\"@id\":\"https:\/\/naturalpharmaceuticals.eu\/et\/meie-tooted\/fleximed\/#primaryimage\"},\"thumbnailUrl\":\"https:\/\/naturalpharmaceuticals.eu\/wp-content\/uploads\/sites\/2\/2020\/12\/PL_banner_760x300_v2_4_Natural_Pharmaceuticals_FlexiMed.jpg\",\"datePublished\":\"2021-07-07T11:16:49+00:00\",\"dateModified\":\"2021-10-11T08:44:51+00:00\",\"breadcrumb\":{\"@id\":\"https:\/\/naturalpharmaceuticals.eu\/et\/meie-tooted\/fleximed\/#breadcrumb\"},\"inLanguage\":\"et\",\"potentialAction\":[{\"@type\":\"ReadAction\",\"target\":[\"https:\/\/naturalpharmaceuticals.eu\/et\/meie-tooted\/fleximed\/\"]}]},{\"@type\":\"ImageObject\",\"inLanguage\":\"et\",\"@id\":\"https:\/\/naturalpharmaceuticals.eu\/et\/meie-tooted\/fleximed\/#primaryimage\",\"url\":\"https:\/\/naturalpharmaceuticals.eu\/wp-content\/uploads\/sites\/2\/2020\/12\/PL_banner_760x300_v2_4_Natural_Pharmaceuticals_FlexiMed.jpg\",\"contentUrl\":\"https:\/\/naturalpharmaceuticals.eu\/wp-content\/uploads\/sites\/2\/2020\/12\/PL_banner_760x300_v2_4_Natural_Pharmaceuticals_FlexiMed.jpg\",\"width\":760,\"height\":300},{\"@type\":\"BreadcrumbList\",\"@id\":\"https:\/\/naturalpharmaceuticals.eu\/et\/meie-tooted\/fleximed\/#breadcrumb\",\"itemListElement\":[{\"@type\":\"ListItem\",\"position\":1,\"name\":\"Home\",\"item\":\"https:\/\/naturalpharmaceuticals.eu\/et\/\"},{\"@type\":\"ListItem\",\"position\":2,\"name\":\"Meie tooted\",\"item\":\"https:\/\/naturalpharmaceuticals.eu\/et\/meie-tooted\/\"},{\"@type\":\"ListItem\",\"position\":3,\"name\":\"FlexiMed\"}]},{\"@type\":\"WebSite\",\"@id\":\"https:\/\/naturalpharmaceuticals.eu\/et\/#website\",\"url\":\"https:\/\/naturalpharmaceuticals.eu\/et\/\",\"name\":\"Natural Pharmaceuticals\",\"description\":\"\",\"publisher\":{\"@id\":\"https:\/\/naturalpharmaceuticals.eu\/et\/#organization\"},\"potentialAction\":[{\"@type\":\"SearchAction\",\"target\":{\"@type\":\"EntryPoint\",\"urlTemplate\":\"https:\/\/naturalpharmaceuticals.eu\/et\/?s={search_term_string}\"},\"query-input\":{\"@type\":\"PropertyValueSpecification\",\"valueRequired\":true,\"valueName\":\"search_term_string\"}}],\"inLanguage\":\"et\"},{\"@type\":\"Organization\",\"@id\":\"https:\/\/naturalpharmaceuticals.eu\/et\/#organization\",\"name\":\"Natural Pharmaceuticals\",\"url\":\"https:\/\/naturalpharmaceuticals.eu\/et\/\",\"logo\":{\"@type\":\"ImageObject\",\"inLanguage\":\"et\",\"@id\":\"https:\/\/naturalpharmaceuticals.eu\/et\/#\/schema\/logo\/image\/\",\"url\":\"https:\/\/naturalpharmaceuticals.eu\/wp-content\/uploads\/sites\/2\/2020\/11\/cropped-natural-pharmaceuticals-logo.png\",\"contentUrl\":\"https:\/\/naturalpharmaceuticals.eu\/wp-content\/uploads\/sites\/2\/2020\/11\/cropped-natural-pharmaceuticals-logo.png\",\"width\":900,\"height\":323,\"caption\":\"Natural Pharmaceuticals\"},\"image\":{\"@id\":\"https:\/\/naturalpharmaceuticals.eu\/et\/#\/schema\/logo\/image\/\"}}]}<\/script>\n<!-- \/ Yoast SEO plugin. -->","yoast_head_json":{"title":"FlexiMed - Natural Pharmaceuticals","robots":{"index":"index","follow":"follow","max-snippet":"max-snippet:-1","max-image-preview":"max-image-preview:large","max-video-preview":"max-video-preview:-1"},"canonical":"https:\/\/naturalpharmaceuticals.eu\/et\/meie-tooted\/fleximed\/","og_locale":"et_EE","og_type":"article","og_title":"FlexiMed - Natural Pharmaceuticals","og_description":"FlexiMed Ainulaadsed koostisosad, mis toetavad liigeste tervist&nbsp; Uuenduslik patenteeritud tootmismeetod (merekaltsium)&nbsp; K\u00f5ige t\u00f5husam&nbsp;mereallikatest&nbsp;saadud&nbsp;kaltsium&nbsp;&nbsp; K\u00f5rge gl\u00fckoosamiini&nbsp;sisaldus&nbsp; II t\u00fc\u00fcpi kollageen&nbsp; Toetab liigesek\u00f5hre paindlikkust ja viib selleni toitaineid&nbsp; C-vitamiin aitab luude&nbsp;normikohaseks&nbsp;toimimiseks kaasa kollageeni normaalsele moodustumisele&nbsp; Mugava liikumise&nbsp;jaoks&nbsp; FlexiMed peamiste koostisosade toime inimorganismile on&#x2026; Read More FlexiMed","og_url":"https:\/\/naturalpharmaceuticals.eu\/et\/meie-tooted\/fleximed\/","og_site_name":"Natural Pharmaceuticals","article_modified_time":"2021-10-11T08:44:51+00:00","og_image":[{"width":760,"height":300,"url":"https:\/\/naturalpharmaceuticals.eu\/wp-content\/uploads\/sites\/2\/2020\/12\/PL_banner_760x300_v2_4_Natural_Pharmaceuticals_FlexiMed.jpg","type":"image\/jpeg"}],"twitter_card":"summary_large_image","twitter_misc":{"Est. reading time":"2 minutit"},"schema":{"@context":"https:\/\/schema.org","@graph":[{"@type":"WebPage","@id":"https:\/\/naturalpharmaceuticals.eu\/et\/meie-tooted\/fleximed\/","url":"https:\/\/naturalpharmaceuticals.eu\/et\/meie-tooted\/fleximed\/","name":"FlexiMed - Natural Pharmaceuticals","isPartOf":{"@id":"https:\/\/naturalpharmaceuticals.eu\/et\/#website"},"primaryImageOfPage":{"@id":"https:\/\/naturalpharmaceuticals.eu\/et\/meie-tooted\/fleximed\/#primaryimage"},"image":{"@id":"https:\/\/naturalpharmaceuticals.eu\/et\/meie-tooted\/fleximed\/#primaryimage"},"thumbnailUrl":"https:\/\/naturalpharmaceuticals.eu\/wp-content\/uploads\/sites\/2\/2020\/12\/PL_banner_760x300_v2_4_Natural_Pharmaceuticals_FlexiMed.jpg","datePublished":"2021-07-07T11:16:49+00:00","dateModified":"2021-10-11T08:44:51+00:00","breadcrumb":{"@id":"https:\/\/naturalpharmaceuticals.eu\/et\/meie-tooted\/fleximed\/#breadcrumb"},"inLanguage":"et","potentialAction":[{"@type":"ReadAction","target":["https:\/\/naturalpharmaceuticals.eu\/et\/meie-tooted\/fleximed\/"]}]},{"@type":"ImageObject","inLanguage":"et","@id":"https:\/\/naturalpharmaceuticals.eu\/et\/meie-tooted\/fleximed\/#primaryimage","url":"https:\/\/naturalpharmaceuticals.eu\/wp-content\/uploads\/sites\/2\/2020\/12\/PL_banner_760x300_v2_4_Natural_Pharmaceuticals_FlexiMed.jpg","contentUrl":"https:\/\/naturalpharmaceuticals.eu\/wp-content\/uploads\/sites\/2\/2020\/12\/PL_banner_760x300_v2_4_Natural_Pharmaceuticals_FlexiMed.jpg","width":760,"height":300},{"@type":"BreadcrumbList","@id":"https:\/\/naturalpharmaceuticals.eu\/et\/meie-tooted\/fleximed\/#breadcrumb","itemListElement":[{"@type":"ListItem","position":1,"name":"Home","item":"https:\/\/naturalpharmaceuticals.eu\/et\/"},{"@type":"ListItem","position":2,"name":"Meie tooted","item":"https:\/\/naturalpharmaceuticals.eu\/et\/meie-tooted\/"},{"@type":"ListItem","position":3,"name":"FlexiMed"}]},{"@type":"WebSite","@id":"https:\/\/naturalpharmaceuticals.eu\/et\/#website","url":"https:\/\/naturalpharmaceuticals.eu\/et\/","name":"Natural Pharmaceuticals","description":"","publisher":{"@id":"https:\/\/naturalpharmaceuticals.eu\/et\/#organization"},"potentialAction":[{"@type":"SearchAction","target":{"@type":"EntryPoint","urlTemplate":"https:\/\/naturalpharmaceuticals.eu\/et\/?s={search_term_string}"},"query-input":{"@type":"PropertyValueSpecification","valueRequired":true,"valueName":"search_term_string"}}],"inLanguage":"et"},{"@type":"Organization","@id":"https:\/\/naturalpharmaceuticals.eu\/et\/#organization","name":"Natural Pharmaceuticals","url":"https:\/\/naturalpharmaceuticals.eu\/et\/","logo":{"@type":"ImageObject","inLanguage":"et","@id":"https:\/\/naturalpharmaceuticals.eu\/et\/#\/schema\/logo\/image\/","url":"https:\/\/naturalpharmaceuticals.eu\/wp-content\/uploads\/sites\/2\/2020\/11\/cropped-natural-pharmaceuticals-logo.png","contentUrl":"https:\/\/naturalpharmaceuticals.eu\/wp-content\/uploads\/sites\/2\/2020\/11\/cropped-natural-pharmaceuticals-logo.png","width":900,"height":323,"caption":"Natural Pharmaceuticals"},"image":{"@id":"https:\/\/naturalpharmaceuticals.eu\/et\/#\/schema\/logo\/image\/"}}]}},"jetpack_sharing_enabled":true,"_links":{"self":[{"href":"https:\/\/naturalpharmaceuticals.eu\/et\/wp-json\/wp\/v2\/pages\/5720","targetHints":{"allow":["GET"]}}],"collection":[{"href":"https:\/\/naturalpharmaceuticals.eu\/et\/wp-json\/wp\/v2\/pages"}],"about":[{"href":"https:\/\/naturalpharmaceuticals.eu\/et\/wp-json\/wp\/v2\/types\/page"}],"author":[{"embeddable":true,"href":"https:\/\/naturalpharmaceuticals.eu\/et\/wp-json\/wp\/v2\/users\/1"}],"replies":[{"embeddable":true,"href":"https:\/\/naturalpharmaceuticals.eu\/et\/wp-json\/wp\/v2\/comments?post=5720"}],"version-history":[{"count":4,"href":"https:\/\/naturalpharmaceuticals.eu\/et\/wp-json\/wp\/v2\/pages\/5720\/revisions"}],"predecessor-version":[{"id":7394,"href":"https:\/\/naturalpharmaceuticals.eu\/et\/wp-json\/wp\/v2\/pages\/5720\/revisions\/7394"}],"up":[{"embeddable":true,"href":"https:\/\/naturalpharmaceuticals.eu\/et\/wp-json\/wp\/v2\/pages\/5592"}],"wp:featuredmedia":[{"embeddable":true,"href":"https:\/\/naturalpharmaceuticals.eu\/et\/wp-json\/wp\/v2\/media\/5603"}],"wp:attachment":[{"href":"https:\/\/naturalpharmaceuticals.eu\/et\/wp-json\/wp\/v2\/media?parent=5720"}],"curies":[{"name":"wp","href":"https:\/\/api.w.org\/{rel}","templated":true}]}}