{"id":5748,"date":"2021-07-07T11:57:21","date_gmt":"2021-07-07T11:57:21","guid":{"rendered":"https:\/\/naturalpharmaceuticals.eu\/?page_id=5748"},"modified":"2021-10-06T14:03:48","modified_gmt":"2021-10-06T14:03:48","slug":"proletto-plus","status":"publish","type":"page","link":"https:\/\/naturalpharmaceuticals.eu\/et\/meie-tooted\/proletto-plus\/","title":{"rendered":"ProLetto Plus"},"content":{"rendered":"\n<div class=\"wp-block-group\"><div class=\"wp-block-group__inner-container is-layout-flow wp-block-group-is-layout-flow\">\n<div class=\"wp-block-columns is-layout-flex wp-container-core-columns-is-layout-1 wp-block-columns-is-layout-flex\">\n<div class=\"wp-block-column is-layout-flow wp-block-column-is-layout-flow\">\n<figure class=\"wp-block-image size-large sticky\"><img loading=\"lazy\" decoding=\"async\" width=\"1024\" height=\"820\" src=\"https:\/\/naturalpharmaceuticals.eu\/wp-content\/uploads\/sites\/2\/2021\/05\/PT_30_HR-1024x820.png\" alt=\"\" class=\"wp-image-5754\" srcset=\"https:\/\/naturalpharmaceuticals.eu\/wp-content\/uploads\/sites\/2\/2021\/05\/PT_30_HR-1024x820.png 1024w, https:\/\/naturalpharmaceuticals.eu\/wp-content\/uploads\/sites\/2\/2021\/05\/PT_30_HR-300x240.png 300w, https:\/\/naturalpharmaceuticals.eu\/wp-content\/uploads\/sites\/2\/2021\/05\/PT_30_HR-768x615.png 768w, https:\/\/naturalpharmaceuticals.eu\/wp-content\/uploads\/sites\/2\/2021\/05\/PT_30_HR-1536x1230.png 1536w, https:\/\/naturalpharmaceuticals.eu\/wp-content\/uploads\/sites\/2\/2021\/05\/PT_30_HR.png 1772w\" sizes=\"auto, (max-width: 1024px) 100vw, 1024px\" \/><\/figure>\n<\/div>\n\n\n\n<div class=\"wp-block-column product-info-frame is-layout-flow wp-block-column-is-layout-flow\">\n<p style=\"font-size:18px\"><strong>ProLetto Plus<\/strong><\/p>\n\n\n\n<ul class=\"list-style-check-sign line-height-2 wp-block-list\"><li>Dokumenteeritud&nbsp;m\u00f5juga&nbsp;toimeained&nbsp;<\/li><li>S\u00e4ilitab&nbsp;eesn\u00e4\u00e4rme&nbsp;ja&nbsp;kuseteede&nbsp;tervislikku&nbsp;toimimist&nbsp;<\/li><li>\u00dcks&nbsp;tablett&nbsp;p\u00e4evas&nbsp;<\/li><li>Soovitatav&nbsp;k\u00f5igile&nbsp;\u00fcle&nbsp;viiek\u00fcmneaastastele&nbsp;meestele&nbsp;<\/li><\/ul>\n\n\n\n<p><\/p>\n<\/div>\n<\/div>\n<\/div><\/div>\n\n\n\n<div class=\"packshot-bg-wrapper\"><div class=\"full-width-inside-container packshot-bg packshot-bg-pr\"><\/div><\/div>\n\n\n\n<p>ProLetto Plus peamiste koostisosade toime inimorganismile on Euroopa Toiduohutusameti (EFSA) poolt hinnatud positiivseks:<\/p>\n\n\n\n<p>Seleen&nbsp;aitab&nbsp;kaasa&nbsp;normaalsele&nbsp;spermatogeneesile.&nbsp;<br>Tsink&nbsp;aitab&nbsp;kaasa&nbsp;normaalsele&nbsp;viljakusele&nbsp;ja&nbsp;paljunemisele.&nbsp;<br>Tsink&nbsp;aitab&nbsp;s\u00e4ilitada&nbsp;normaalset&nbsp;testosterooni&nbsp;taset&nbsp;veres.&nbsp;<br>Seleen&nbsp;ja&nbsp;tsink&nbsp;aitavad&nbsp;s\u00e4ilitada&nbsp;normaalset&nbsp;juuksekasvu.&nbsp;<br>Tsingil&nbsp;on&nbsp;oma&nbsp;roll&nbsp;rakkude&nbsp;jagunemise&nbsp;protsessis.&nbsp;<br>Seleen&nbsp;ja&nbsp;tsink&nbsp;aitavad&nbsp;rakke&nbsp;kaitsta&nbsp;oks\u00fcdatiivse&nbsp;stressi&nbsp;eest.&nbsp;<\/p>\n\n\n<div role=\"tabpanel\" class=\"wp-block-ub-tabbed-content-tab-content-wrap ub-hide\"\n        id=\"ub-tabbed-content--panel-0\" aria-labelledby=\"ub-tabbed-content--tab-0\" tabindex=\"0\">\n\n<p><a href=\"https:\/\/nordicmed.natural.pl\/?page_id=326\">Preview in new tab(opens in a new tab)<\/a><\/p>\n\n\n\n<p>reviews<\/p>\n\n<\/div>\n\n<div role=\"tabpanel\" class=\"wp-block-ub-tabbed-content-tab-content-wrap ub-hide\"\n        id=\"ub-tabbed-content--panel-1\" aria-labelledby=\"ub-tabbed-content--tab-1\" tabindex=\"0\">\n\n<p><\/p>\n\n<\/div>\n\n<div role=\"tabpanel\" class=\"wp-block-ub-tabbed-content-tab-content-wrap ub-hide\"\n        id=\"ub-tabbed-content--panel-2\" aria-labelledby=\"ub-tabbed-content--tab-2\" tabindex=\"0\">\n\n<p><\/p>\n\n<\/div>\n\n<div class=\"wp-block-ub-tabbed-content-block wp-block-ub-tabbed-content wp-block-ub-tabbed-content-holder wp-block-ub-tabbed-content-horizontal-holder-mobile wp-block-ub-tabbed-content-horizontal-holder-tablet\" id=\"ub-tabbed-content-16839411-9d2c-4ba7-9aca-4f0fde856e3b\">\n\t\t\t<div class=\"wp-block-ub-tabbed-content-tab-holder horizontal-tab-width-mobile horizontal-tab-width-tablet\">\n\t\t\t\t<div role=\"tablist\" class=\"wp-block-ub-tabbed-content-tabs-title wp-block-ub-tabbed-content-tabs-title-mobile-horizontal-tab wp-block-ub-tabbed-content-tabs-title-tablet-horizontal-tab\"><div role=\"tab\" id=\"ub-tabbed-content-16839411-9d2c-4ba7-9aca-4f0fde856e3b-tab-0\" aria-controls=\"ub-tabbed-content-16839411-9d2c-4ba7-9aca-4f0fde856e3b-panel-0\" aria-selected=\"true\" class=\"wp-block-ub-tabbed-content-tab-title-wrap active\" style=\"\" tabindex=\"-1\">\n\t\t\t\t<div class=\"wp-block-ub-tabbed-content-tab-title\">Toitumisalane teave<\/div>\n\t\t\t<\/div><\/div>\n\t\t\t<\/div>\n\t\t\t<div class=\"wp-block-ub-tabbed-content-tabs-content\" style=\"\"><div role=\"tabpanel\" class=\"wp-block-ub-tabbed-content-tab-content-wrap active\"\n        id=\"ub-tabbed-content-16839411-9d2c-4ba7-9aca-4f0fde856e3b-panel-0\" aria-labelledby=\"ub-tabbed-content-16839411-9d2c-4ba7-9aca-4f0fde856e3b-tab-0\" tabindex=\"0\">\n\n<p>ProLetto Plus<\/p>\n\n\n\n<figure class=\"wp-block-table is-style-borders\"><table><tbody><tr><th>Koostis<\/th><th>1 tablett<\/th><th>% PVK *<\/th><\/tr><tr><td>Saw&nbsp;Palmetto&nbsp;(Serenoa&nbsp;repens)&nbsp;ekstrakt<\/td><td>160.0 mg<\/td><td>&#8211;<\/td><\/tr><tr><td>Inuliin&nbsp;(Cichorium&nbsp;intybus&nbsp;L&nbsp;juurest)<\/td><td>112.0 mg<\/td><td>&#8211;<\/td><\/tr><tr><td>Tsink&nbsp;(Tsinktsitraat)<\/td><td>12.5 mg<\/td><td>125<\/td><\/tr><tr><td>L\u00fckopeen&nbsp;(Lycopersicon&nbsp;esculentum&nbsp;viljadest)<\/td><td>2.0 mg<\/td><td>&#8211;<\/td><\/tr><tr><td>Seleen&nbsp;(Naatriumseleniit)<\/td><td>50 \u03bcg<\/td><td>90<\/td><\/tr><\/tbody><\/table><\/figure>\n\n\n\n<p>*&nbsp;Soovitatavat&nbsp;p\u00e4evast&nbsp;tarbimiskogust&nbsp;ei&nbsp;ole&nbsp;m\u00e4\u00e4ratud.<br>P\u00e4evane&nbsp;v\u00f5rdluskogus.&nbsp;<\/p>\n\n\n\n<p><strong>Koostisosad:<\/strong>&nbsp;Saw&nbsp;Palmetto&nbsp;(Serenoa&nbsp;repens)&nbsp;ekstrakt, inuliin, mikrokristalliline&nbsp;tselluloos&nbsp;(paksendusaine), tsinktsitraat, tomativiljade (Lycopersicon&nbsp;esculentum) ekstrakt, r\u00e4nidioksiid (paakumisvastane&nbsp;aine), magneesiumstearaat (paksendusaine), naatriumseleniit, HPMC (h\u00fcdroks\u00fcprop\u00fc\u00fclmet\u00fc\u00fcltselluloos&nbsp;\u2013&nbsp;katteaine).&nbsp;<\/p>\n\n\n\n<p><strong>ProLetto&nbsp;Plus<\/strong>&nbsp;\u2013&nbsp;\u00fcks&nbsp;tablett&nbsp;p\u00e4evas&nbsp;<\/p>\n\n\n\n<p><strong>Kuidas&nbsp;kasutada:<\/strong>&nbsp;ProLetto&nbsp;Plus&nbsp;koostisosad&nbsp;aitavad&nbsp;kaasa&nbsp;normaalsele&nbsp;viljakusele&nbsp;ja&nbsp;paljunemisele&nbsp;(tsink),&nbsp;aitavad&nbsp;s\u00e4ilitada&nbsp;normaalset&nbsp;testosterooni&nbsp;taset&nbsp;veres&nbsp;(tsink)&nbsp;ja&nbsp;soodustavad&nbsp;normaalset&nbsp;spermatogeneesi&nbsp;(seleen).&nbsp;<\/p>\n\n\n\n<p>Kasutamine:&nbsp;1&nbsp;tablett&nbsp;p\u00e4evas.&nbsp;<\/p>\n\n\n\n<p><strong>Netokogus:<\/strong>&nbsp;27&nbsp;g&nbsp;(1&nbsp;tablett&nbsp;450&nbsp;mg).&nbsp;<\/p>\n\n\n\n<p>Toidulisandid ei asenda tasakaalustatud ja mitmekesist toitumist. Hoida lastele k\u00e4ttesaamatus kohas. \u00c4rge \u00fcletage soovitatud p\u00e4evast annust.<\/p>\n\n\n\n<p><strong>Kehtivus<\/strong>:&nbsp;kuni&nbsp;pakendile&nbsp;kirjutatud&nbsp;kuup\u00e4evani&nbsp;<\/p>\n\n\n\n<p><strong>Tootepartii<\/strong>:&nbsp;kirjutatud&nbsp;pakendile&nbsp;<\/p>\n\n\n\n<p><strong>M\u00e4rkused<\/strong>:&nbsp;Hoida&nbsp;kapsleid&nbsp;toatemperatuuril,&nbsp;umbes&nbsp;25\u00b0C&nbsp;kuivas&nbsp;ja&nbsp;p\u00e4ikesevarjulises&nbsp;kohas.&nbsp;<\/p>\n\n\n\n<p><strong>Toodetud&nbsp;Norras&nbsp;Pharmatech&nbsp;AS<\/strong>&nbsp;poolt&nbsp;<br>Natural&nbsp;Pharmaceuticals&nbsp;Sp.&nbsp;z&nbsp;o.o.&nbsp;<\/p>\n\n\n\n<p><strong>Edasim\u00fc\u00fcja<\/strong>:&nbsp;Natural&nbsp;Pharmaceuticals&nbsp;Sp.&nbsp;z&nbsp;o.o.&nbsp;<br>Domaniewska&nbsp;28,&nbsp;02-672&nbsp;Varssavi,&nbsp;Poola&nbsp;<\/p>\n\n\n\n<p><\/p>\n\n<\/div><\/div>\n\t\t<\/div>\n\n\n<figure class=\"wp-block-image alignfull size-large\"><img loading=\"lazy\" decoding=\"async\" width=\"1024\" height=\"337\" src=\"https:\/\/naturalpharmaceuticals.eu\/wp-content\/uploads\/sites\/2\/2021\/05\/IMG_1285_prostaxin_HR-1024x337.jpg\" alt=\"\" class=\"wp-image-5756\" srcset=\"https:\/\/naturalpharmaceuticals.eu\/wp-content\/uploads\/sites\/2\/2021\/05\/IMG_1285_prostaxin_HR-1024x337.jpg 1024w, https:\/\/naturalpharmaceuticals.eu\/wp-content\/uploads\/sites\/2\/2021\/05\/IMG_1285_prostaxin_HR-300x99.jpg 300w, https:\/\/naturalpharmaceuticals.eu\/wp-content\/uploads\/sites\/2\/2021\/05\/IMG_1285_prostaxin_HR-768x253.jpg 768w, https:\/\/naturalpharmaceuticals.eu\/wp-content\/uploads\/sites\/2\/2021\/05\/IMG_1285_prostaxin_HR.jpg 1520w\" sizes=\"auto, (max-width: 1024px) 100vw, 1024px\" \/><\/figure>\n","protected":false},"excerpt":{"rendered":"<p>ProLetto Plus Dokumenteeritud&nbsp;m\u00f5juga&nbsp;toimeained&nbsp; S\u00e4ilitab&nbsp;eesn\u00e4\u00e4rme&nbsp;ja&nbsp;kuseteede&nbsp;tervislikku&nbsp;toimimist&nbsp; \u00dcks&nbsp;tablett&nbsp;p\u00e4evas&nbsp; Soovitatav&nbsp;k\u00f5igile&nbsp;\u00fcle&nbsp;viiek\u00fcmneaastastele&nbsp;meestele&nbsp; ProLetto Plus peamiste koostisosade toime inimorganismile on Euroopa Toiduohutusameti (EFSA) poolt hinnatud positiivseks: Seleen&nbsp;aitab&nbsp;kaasa&nbsp;normaalsele&nbsp;spermatogeneesile.&nbsp;Tsink&nbsp;aitab&nbsp;kaasa&nbsp;normaalsele&nbsp;viljakusele&nbsp;ja&nbsp;paljunemisele.&nbsp;Tsink&nbsp;aitab&nbsp;s\u00e4ilitada&nbsp;normaalset&nbsp;testosterooni&nbsp;taset&nbsp;veres.&nbsp;Seleen&nbsp;ja&nbsp;tsink&nbsp;aitavad&nbsp;s\u00e4ilitada&nbsp;normaalset&nbsp;juuksekasvu.&nbsp;Tsingil&nbsp;on&nbsp;oma&nbsp;roll&nbsp;rakkude&nbsp;jagunemise&nbsp;protsessis.&nbsp;Seleen&nbsp;ja&nbsp;tsink&nbsp;aitavad&nbsp;rakke&nbsp;kaitsta&nbsp;oks\u00fcdatiivse&nbsp;stressi&nbsp;eest.&nbsp;<\/p>\n","protected":false},"author":1,"featured_media":5733,"parent":5592,"menu_order":0,"comment_status":"closed","ping_status":"closed","template":"templates\/grid-full-width-page.php","meta":{"ub_ctt_via":"","footnotes":""},"class_list":["post-5748","page","type-page","status-publish","has-post-thumbnail","hentry"],"featured_image_src":"https:\/\/naturalpharmaceuticals.eu\/wp-content\/uploads\/sites\/2\/2021\/05\/HR_banner_760x300_PT.jpg","yoast_head":"<!-- This site is optimized with the Yoast SEO plugin v24.4 - https:\/\/yoast.com\/wordpress\/plugins\/seo\/ -->\n<title>ProLetto Plus - Natural Pharmaceuticals<\/title>\n<meta name=\"robots\" content=\"index, follow, max-snippet:-1, max-image-preview:large, max-video-preview:-1\" \/>\n<link rel=\"canonical\" href=\"https:\/\/naturalpharmaceuticals.eu\/et\/meie-tooted\/proletto-plus\/\" \/>\n<meta property=\"og:locale\" content=\"et_EE\" \/>\n<meta property=\"og:type\" content=\"article\" \/>\n<meta property=\"og:title\" content=\"ProLetto Plus - Natural Pharmaceuticals\" \/>\n<meta property=\"og:description\" content=\"ProLetto Plus Dokumenteeritud&nbsp;m\u00f5juga&nbsp;toimeained&nbsp; S\u00e4ilitab&nbsp;eesn\u00e4\u00e4rme&nbsp;ja&nbsp;kuseteede&nbsp;tervislikku&nbsp;toimimist&nbsp; \u00dcks&nbsp;tablett&nbsp;p\u00e4evas&nbsp; Soovitatav&nbsp;k\u00f5igile&nbsp;\u00fcle&nbsp;viiek\u00fcmneaastastele&nbsp;meestele&nbsp; ProLetto Plus peamiste koostisosade toime inimorganismile on Euroopa Toiduohutusameti (EFSA) poolt hinnatud positiivseks: Seleen&nbsp;aitab&nbsp;kaasa&nbsp;normaalsele&nbsp;spermatogeneesile.&nbsp;Tsink&nbsp;aitab&nbsp;kaasa&nbsp;normaalsele&nbsp;viljakusele&nbsp;ja&nbsp;paljunemisele.&nbsp;Tsink&nbsp;aitab&nbsp;s\u00e4ilitada&nbsp;normaalset&nbsp;testosterooni&nbsp;taset&nbsp;veres.&nbsp;Seleen&nbsp;ja&nbsp;tsink&nbsp;aitavad&nbsp;s\u00e4ilitada&nbsp;normaalset&nbsp;juuksekasvu.&nbsp;Tsingil&nbsp;on&nbsp;oma&nbsp;roll&nbsp;rakkude&nbsp;jagunemise&nbsp;protsessis.&nbsp;Seleen&nbsp;ja&nbsp;tsink&nbsp;aitavad&nbsp;rakke&nbsp;kaitsta&nbsp;oks\u00fcdatiivse&nbsp;stressi&nbsp;eest.&nbsp;\" \/>\n<meta property=\"og:url\" content=\"https:\/\/naturalpharmaceuticals.eu\/et\/meie-tooted\/proletto-plus\/\" \/>\n<meta property=\"og:site_name\" content=\"Natural Pharmaceuticals\" \/>\n<meta property=\"article:modified_time\" content=\"2021-10-06T14:03:48+00:00\" \/>\n<meta property=\"og:image\" content=\"https:\/\/naturalpharmaceuticals.eu\/wp-content\/uploads\/sites\/2\/2021\/05\/HR_banner_760x300_PT.jpg\" \/>\n\t<meta property=\"og:image:width\" content=\"760\" \/>\n\t<meta property=\"og:image:height\" content=\"300\" \/>\n\t<meta property=\"og:image:type\" content=\"image\/jpeg\" \/>\n<meta name=\"twitter:card\" content=\"summary_large_image\" \/>\n<meta name=\"twitter:label1\" content=\"Est. reading time\" \/>\n\t<meta name=\"twitter:data1\" content=\"1 minut\" \/>\n<script type=\"application\/ld+json\" class=\"yoast-schema-graph\">{\"@context\":\"https:\/\/schema.org\",\"@graph\":[{\"@type\":\"WebPage\",\"@id\":\"https:\/\/naturalpharmaceuticals.eu\/et\/meie-tooted\/proletto-plus\/\",\"url\":\"https:\/\/naturalpharmaceuticals.eu\/et\/meie-tooted\/proletto-plus\/\",\"name\":\"ProLetto Plus - Natural Pharmaceuticals\",\"isPartOf\":{\"@id\":\"https:\/\/naturalpharmaceuticals.eu\/et\/#website\"},\"primaryImageOfPage\":{\"@id\":\"https:\/\/naturalpharmaceuticals.eu\/et\/meie-tooted\/proletto-plus\/#primaryimage\"},\"image\":{\"@id\":\"https:\/\/naturalpharmaceuticals.eu\/et\/meie-tooted\/proletto-plus\/#primaryimage\"},\"thumbnailUrl\":\"https:\/\/naturalpharmaceuticals.eu\/wp-content\/uploads\/sites\/2\/2021\/05\/HR_banner_760x300_PT.jpg\",\"datePublished\":\"2021-07-07T11:57:21+00:00\",\"dateModified\":\"2021-10-06T14:03:48+00:00\",\"breadcrumb\":{\"@id\":\"https:\/\/naturalpharmaceuticals.eu\/et\/meie-tooted\/proletto-plus\/#breadcrumb\"},\"inLanguage\":\"et\",\"potentialAction\":[{\"@type\":\"ReadAction\",\"target\":[\"https:\/\/naturalpharmaceuticals.eu\/et\/meie-tooted\/proletto-plus\/\"]}]},{\"@type\":\"ImageObject\",\"inLanguage\":\"et\",\"@id\":\"https:\/\/naturalpharmaceuticals.eu\/et\/meie-tooted\/proletto-plus\/#primaryimage\",\"url\":\"https:\/\/naturalpharmaceuticals.eu\/wp-content\/uploads\/sites\/2\/2021\/05\/HR_banner_760x300_PT.jpg\",\"contentUrl\":\"https:\/\/naturalpharmaceuticals.eu\/wp-content\/uploads\/sites\/2\/2021\/05\/HR_banner_760x300_PT.jpg\",\"width\":760,\"height\":300},{\"@type\":\"BreadcrumbList\",\"@id\":\"https:\/\/naturalpharmaceuticals.eu\/et\/meie-tooted\/proletto-plus\/#breadcrumb\",\"itemListElement\":[{\"@type\":\"ListItem\",\"position\":1,\"name\":\"Home\",\"item\":\"https:\/\/naturalpharmaceuticals.eu\/et\/\"},{\"@type\":\"ListItem\",\"position\":2,\"name\":\"Meie tooted\",\"item\":\"https:\/\/naturalpharmaceuticals.eu\/et\/meie-tooted\/\"},{\"@type\":\"ListItem\",\"position\":3,\"name\":\"ProLetto Plus\"}]},{\"@type\":\"WebSite\",\"@id\":\"https:\/\/naturalpharmaceuticals.eu\/et\/#website\",\"url\":\"https:\/\/naturalpharmaceuticals.eu\/et\/\",\"name\":\"Natural Pharmaceuticals\",\"description\":\"\",\"publisher\":{\"@id\":\"https:\/\/naturalpharmaceuticals.eu\/et\/#organization\"},\"potentialAction\":[{\"@type\":\"SearchAction\",\"target\":{\"@type\":\"EntryPoint\",\"urlTemplate\":\"https:\/\/naturalpharmaceuticals.eu\/et\/?s={search_term_string}\"},\"query-input\":{\"@type\":\"PropertyValueSpecification\",\"valueRequired\":true,\"valueName\":\"search_term_string\"}}],\"inLanguage\":\"et\"},{\"@type\":\"Organization\",\"@id\":\"https:\/\/naturalpharmaceuticals.eu\/et\/#organization\",\"name\":\"Natural Pharmaceuticals\",\"url\":\"https:\/\/naturalpharmaceuticals.eu\/et\/\",\"logo\":{\"@type\":\"ImageObject\",\"inLanguage\":\"et\",\"@id\":\"https:\/\/naturalpharmaceuticals.eu\/et\/#\/schema\/logo\/image\/\",\"url\":\"https:\/\/naturalpharmaceuticals.eu\/wp-content\/uploads\/sites\/2\/2020\/11\/cropped-natural-pharmaceuticals-logo.png\",\"contentUrl\":\"https:\/\/naturalpharmaceuticals.eu\/wp-content\/uploads\/sites\/2\/2020\/11\/cropped-natural-pharmaceuticals-logo.png\",\"width\":900,\"height\":323,\"caption\":\"Natural Pharmaceuticals\"},\"image\":{\"@id\":\"https:\/\/naturalpharmaceuticals.eu\/et\/#\/schema\/logo\/image\/\"}}]}<\/script>\n<!-- \/ Yoast SEO plugin. -->","yoast_head_json":{"title":"ProLetto Plus - Natural Pharmaceuticals","robots":{"index":"index","follow":"follow","max-snippet":"max-snippet:-1","max-image-preview":"max-image-preview:large","max-video-preview":"max-video-preview:-1"},"canonical":"https:\/\/naturalpharmaceuticals.eu\/et\/meie-tooted\/proletto-plus\/","og_locale":"et_EE","og_type":"article","og_title":"ProLetto Plus - Natural Pharmaceuticals","og_description":"ProLetto Plus Dokumenteeritud&nbsp;m\u00f5juga&nbsp;toimeained&nbsp; S\u00e4ilitab&nbsp;eesn\u00e4\u00e4rme&nbsp;ja&nbsp;kuseteede&nbsp;tervislikku&nbsp;toimimist&nbsp; \u00dcks&nbsp;tablett&nbsp;p\u00e4evas&nbsp; Soovitatav&nbsp;k\u00f5igile&nbsp;\u00fcle&nbsp;viiek\u00fcmneaastastele&nbsp;meestele&nbsp; ProLetto Plus peamiste koostisosade toime inimorganismile on Euroopa Toiduohutusameti (EFSA) poolt hinnatud positiivseks: Seleen&nbsp;aitab&nbsp;kaasa&nbsp;normaalsele&nbsp;spermatogeneesile.&nbsp;Tsink&nbsp;aitab&nbsp;kaasa&nbsp;normaalsele&nbsp;viljakusele&nbsp;ja&nbsp;paljunemisele.&nbsp;Tsink&nbsp;aitab&nbsp;s\u00e4ilitada&nbsp;normaalset&nbsp;testosterooni&nbsp;taset&nbsp;veres.&nbsp;Seleen&nbsp;ja&nbsp;tsink&nbsp;aitavad&nbsp;s\u00e4ilitada&nbsp;normaalset&nbsp;juuksekasvu.&nbsp;Tsingil&nbsp;on&nbsp;oma&nbsp;roll&nbsp;rakkude&nbsp;jagunemise&nbsp;protsessis.&nbsp;Seleen&nbsp;ja&nbsp;tsink&nbsp;aitavad&nbsp;rakke&nbsp;kaitsta&nbsp;oks\u00fcdatiivse&nbsp;stressi&nbsp;eest.&nbsp;","og_url":"https:\/\/naturalpharmaceuticals.eu\/et\/meie-tooted\/proletto-plus\/","og_site_name":"Natural Pharmaceuticals","article_modified_time":"2021-10-06T14:03:48+00:00","og_image":[{"width":760,"height":300,"url":"https:\/\/naturalpharmaceuticals.eu\/wp-content\/uploads\/sites\/2\/2021\/05\/HR_banner_760x300_PT.jpg","type":"image\/jpeg"}],"twitter_card":"summary_large_image","twitter_misc":{"Est. reading time":"1 minut"},"schema":{"@context":"https:\/\/schema.org","@graph":[{"@type":"WebPage","@id":"https:\/\/naturalpharmaceuticals.eu\/et\/meie-tooted\/proletto-plus\/","url":"https:\/\/naturalpharmaceuticals.eu\/et\/meie-tooted\/proletto-plus\/","name":"ProLetto Plus - Natural Pharmaceuticals","isPartOf":{"@id":"https:\/\/naturalpharmaceuticals.eu\/et\/#website"},"primaryImageOfPage":{"@id":"https:\/\/naturalpharmaceuticals.eu\/et\/meie-tooted\/proletto-plus\/#primaryimage"},"image":{"@id":"https:\/\/naturalpharmaceuticals.eu\/et\/meie-tooted\/proletto-plus\/#primaryimage"},"thumbnailUrl":"https:\/\/naturalpharmaceuticals.eu\/wp-content\/uploads\/sites\/2\/2021\/05\/HR_banner_760x300_PT.jpg","datePublished":"2021-07-07T11:57:21+00:00","dateModified":"2021-10-06T14:03:48+00:00","breadcrumb":{"@id":"https:\/\/naturalpharmaceuticals.eu\/et\/meie-tooted\/proletto-plus\/#breadcrumb"},"inLanguage":"et","potentialAction":[{"@type":"ReadAction","target":["https:\/\/naturalpharmaceuticals.eu\/et\/meie-tooted\/proletto-plus\/"]}]},{"@type":"ImageObject","inLanguage":"et","@id":"https:\/\/naturalpharmaceuticals.eu\/et\/meie-tooted\/proletto-plus\/#primaryimage","url":"https:\/\/naturalpharmaceuticals.eu\/wp-content\/uploads\/sites\/2\/2021\/05\/HR_banner_760x300_PT.jpg","contentUrl":"https:\/\/naturalpharmaceuticals.eu\/wp-content\/uploads\/sites\/2\/2021\/05\/HR_banner_760x300_PT.jpg","width":760,"height":300},{"@type":"BreadcrumbList","@id":"https:\/\/naturalpharmaceuticals.eu\/et\/meie-tooted\/proletto-plus\/#breadcrumb","itemListElement":[{"@type":"ListItem","position":1,"name":"Home","item":"https:\/\/naturalpharmaceuticals.eu\/et\/"},{"@type":"ListItem","position":2,"name":"Meie tooted","item":"https:\/\/naturalpharmaceuticals.eu\/et\/meie-tooted\/"},{"@type":"ListItem","position":3,"name":"ProLetto Plus"}]},{"@type":"WebSite","@id":"https:\/\/naturalpharmaceuticals.eu\/et\/#website","url":"https:\/\/naturalpharmaceuticals.eu\/et\/","name":"Natural Pharmaceuticals","description":"","publisher":{"@id":"https:\/\/naturalpharmaceuticals.eu\/et\/#organization"},"potentialAction":[{"@type":"SearchAction","target":{"@type":"EntryPoint","urlTemplate":"https:\/\/naturalpharmaceuticals.eu\/et\/?s={search_term_string}"},"query-input":{"@type":"PropertyValueSpecification","valueRequired":true,"valueName":"search_term_string"}}],"inLanguage":"et"},{"@type":"Organization","@id":"https:\/\/naturalpharmaceuticals.eu\/et\/#organization","name":"Natural Pharmaceuticals","url":"https:\/\/naturalpharmaceuticals.eu\/et\/","logo":{"@type":"ImageObject","inLanguage":"et","@id":"https:\/\/naturalpharmaceuticals.eu\/et\/#\/schema\/logo\/image\/","url":"https:\/\/naturalpharmaceuticals.eu\/wp-content\/uploads\/sites\/2\/2020\/11\/cropped-natural-pharmaceuticals-logo.png","contentUrl":"https:\/\/naturalpharmaceuticals.eu\/wp-content\/uploads\/sites\/2\/2020\/11\/cropped-natural-pharmaceuticals-logo.png","width":900,"height":323,"caption":"Natural Pharmaceuticals"},"image":{"@id":"https:\/\/naturalpharmaceuticals.eu\/et\/#\/schema\/logo\/image\/"}}]}},"jetpack_sharing_enabled":true,"_links":{"self":[{"href":"https:\/\/naturalpharmaceuticals.eu\/et\/wp-json\/wp\/v2\/pages\/5748","targetHints":{"allow":["GET"]}}],"collection":[{"href":"https:\/\/naturalpharmaceuticals.eu\/et\/wp-json\/wp\/v2\/pages"}],"about":[{"href":"https:\/\/naturalpharmaceuticals.eu\/et\/wp-json\/wp\/v2\/types\/page"}],"author":[{"embeddable":true,"href":"https:\/\/naturalpharmaceuticals.eu\/et\/wp-json\/wp\/v2\/users\/1"}],"replies":[{"embeddable":true,"href":"https:\/\/naturalpharmaceuticals.eu\/et\/wp-json\/wp\/v2\/comments?post=5748"}],"version-history":[{"count":6,"href":"https:\/\/naturalpharmaceuticals.eu\/et\/wp-json\/wp\/v2\/pages\/5748\/revisions"}],"predecessor-version":[{"id":35665,"href":"https:\/\/naturalpharmaceuticals.eu\/et\/wp-json\/wp\/v2\/pages\/5748\/revisions\/35665"}],"up":[{"embeddable":true,"href":"https:\/\/naturalpharmaceuticals.eu\/et\/wp-json\/wp\/v2\/pages\/5592"}],"wp:featuredmedia":[{"embeddable":true,"href":"https:\/\/naturalpharmaceuticals.eu\/et\/wp-json\/wp\/v2\/media\/5733"}],"wp:attachment":[{"href":"https:\/\/naturalpharmaceuticals.eu\/et\/wp-json\/wp\/v2\/media?parent=5748"}],"curies":[{"name":"wp","href":"https:\/\/api.w.org\/{rel}","templated":true}]}}