{"id":5760,"date":"2021-07-07T12:05:15","date_gmt":"2021-07-07T12:05:15","guid":{"rendered":"https:\/\/naturalpharmaceuticals.eu\/?page_id=5760"},"modified":"2025-10-08T14:11:23","modified_gmt":"2025-10-08T14:11:23","slug":"vistan","status":"publish","type":"page","link":"https:\/\/naturalpharmaceuticals.eu\/et\/meie-tooted\/vistan\/","title":{"rendered":"Vistan"},"content":{"rendered":"\n<div class=\"wp-block-group\"><div class=\"wp-block-group__inner-container is-layout-flow wp-block-group-is-layout-flow\">\n<div class=\"wp-block-columns is-layout-flex wp-container-core-columns-is-layout-1 wp-block-columns-is-layout-flex\">\n<div class=\"wp-block-column is-layout-flow wp-block-column-is-layout-flow\">\n<figure class=\"wp-block-image size-full sticky\"><img loading=\"lazy\" decoding=\"async\" width=\"768\" height=\"768\" src=\"https:\/\/naturalpharmaceuticals.eu\/wp-content\/uploads\/sites\/2\/2025\/10\/VI_www_768x768.png\" alt=\"\" class=\"wp-image-36579\" srcset=\"https:\/\/naturalpharmaceuticals.eu\/wp-content\/uploads\/sites\/2\/2025\/10\/VI_www_768x768.png 768w, https:\/\/naturalpharmaceuticals.eu\/wp-content\/uploads\/sites\/2\/2025\/10\/VI_www_768x768-300x300.png 300w, https:\/\/naturalpharmaceuticals.eu\/wp-content\/uploads\/sites\/2\/2025\/10\/VI_www_768x768-150x150.png 150w, https:\/\/naturalpharmaceuticals.eu\/wp-content\/uploads\/sites\/2\/2025\/10\/VI_www_768x768-200x200.png 200w\" sizes=\"auto, (max-width: 768px) 100vw, 768px\" \/><\/figure>\n<\/div>\n\n\n\n<div class=\"wp-block-column product-info-frame is-layout-flow wp-block-column-is-layout-flow\">\n<p style=\"font-size:18px\"><strong>Vistan<\/strong><\/p>\n\n\n\n<ul class=\"wp-block-list list-style-check-sign line-height-2\">\n<li>Toidulisand&nbsp;teie&nbsp;silmadele&nbsp;<\/li>\n\n\n\n<li>Kuivade&nbsp;ja&nbsp;v\u00e4sinud&nbsp;silmade&nbsp;toeks&nbsp;<\/li>\n\n\n\n<li>See&nbsp;aitab&nbsp;hoida&nbsp;silmi&nbsp;korralikult&nbsp;niisutatud&nbsp;<\/li>\n\n\n\n<li>Ideaalne&nbsp;k\u00f5igile,&nbsp;kes&nbsp;veedavad&nbsp;palju&nbsp;aega&nbsp;ekraanide&nbsp;ees&nbsp;<\/li>\n\n\n\n<li>Dokumenteeritud&nbsp;koostisosad&nbsp;toetavad&nbsp;hea&nbsp;n\u00e4gemise&nbsp;s\u00e4ilitamist&nbsp;<\/li>\n\n\n\n<li>Toodetud&nbsp;Norras&nbsp;<\/li>\n<\/ul>\n\n\n\n<p><\/p>\n<\/div>\n<\/div>\n<\/div><\/div>\n\n\n\n<div class=\"packshot-bg-wrapper\"><div class=\"full-width-inside-container packshot-bg packshot-bg-vi\"><\/div><\/div>\n\n\n\n<p>Vistan peamiste koostisosade toime inimorganismile on Euroopa Toiduohutusameti (EFSA) poolt hinnatud positiivseks:<\/p>\n\n\n\n<p>A-vitamiin,&nbsp;tsink&nbsp;aitab&nbsp;s\u00e4ilitada&nbsp;normaalset&nbsp;n\u00e4gemist.&nbsp;<br>Tsink&nbsp;aitab&nbsp;kaasa&nbsp;A-vitamiini&nbsp;normaalsele&nbsp;ainevahetusele.&nbsp;<br>Vask&nbsp;aitab&nbsp;kaasa&nbsp;normaalsete&nbsp;sidekudede&nbsp;s\u00e4ilitamisele.&nbsp;<\/p>\n\n\n<div role=\"tabpanel\" class=\"wp-block-ub-tabbed-content-tab-content-wrap ub-hide\"\n        id=\"ub-tabbed-content--panel-0\" aria-labelledby=\"ub-tabbed-content--tab-0\" tabindex=\"0\">\n\n<p><a href=\"https:\/\/nordicmed.natural.pl\/?page_id=326\">Preview in new tab(opens in a new tab)<\/a><\/p>\n\n\n\n<p>reviews<\/p>\n\n<\/div>\n\n<div role=\"tabpanel\" class=\"wp-block-ub-tabbed-content-tab-content-wrap ub-hide\"\n        id=\"ub-tabbed-content--panel-1\" aria-labelledby=\"ub-tabbed-content--tab-1\" tabindex=\"0\">\n\n<p><\/p>\n\n<\/div>\n\n<div role=\"tabpanel\" class=\"wp-block-ub-tabbed-content-tab-content-wrap ub-hide\"\n        id=\"ub-tabbed-content--panel-2\" aria-labelledby=\"ub-tabbed-content--tab-2\" tabindex=\"0\">\n\n<p><\/p>\n\n<\/div>\n\n<div class=\"wp-block-ub-tabbed-content-block wp-block-ub-tabbed-content wp-block-ub-tabbed-content-holder wp-block-ub-tabbed-content-horizontal-holder-mobile wp-block-ub-tabbed-content-horizontal-holder-tablet\" id=\"ub-tabbed-content-871b0416-ded7-4d96-9c89-0227097ffae6\">\n\t\t\t<div class=\"wp-block-ub-tabbed-content-tab-holder horizontal-tab-width-mobile horizontal-tab-width-tablet\">\n\t\t\t\t<div role=\"tablist\" class=\"wp-block-ub-tabbed-content-tabs-title wp-block-ub-tabbed-content-tabs-title-mobile-horizontal-tab wp-block-ub-tabbed-content-tabs-title-tablet-horizontal-tab\"><div role=\"tab\" id=\"ub-tabbed-content-871b0416-ded7-4d96-9c89-0227097ffae6-tab-0\" aria-controls=\"ub-tabbed-content-871b0416-ded7-4d96-9c89-0227097ffae6-panel-0\" aria-selected=\"true\" class=\"wp-block-ub-tabbed-content-tab-title-wrap active\" style=\"\" tabindex=\"-1\">\n\t\t\t\t<div class=\"wp-block-ub-tabbed-content-tab-title\">Toitumisalane teave<\/div>\n\t\t\t<\/div><\/div>\n\t\t\t<\/div>\n\t\t\t<div class=\"wp-block-ub-tabbed-content-tabs-content\" style=\"\"><div role=\"tabpanel\" class=\"wp-block-ub-tabbed-content-tab-content-wrap active\"\n        id=\"ub-tabbed-content-871b0416-ded7-4d96-9c89-0227097ffae6-panel-0\" aria-labelledby=\"ub-tabbed-content-871b0416-ded7-4d96-9c89-0227097ffae6-tab-0\" tabindex=\"0\">\n\n<p>Vistan<\/p>\n\n\n\n<figure class=\"wp-block-table is-style-borders\"><table><tbody><tr><th><strong>Koostis<\/strong><\/th><th>2 kapslit<\/th><th>% NRV *<\/th><\/tr><tr><td>Mustikavili,&nbsp;sealhulgas:<\/td><td>250 mg<\/td><td>&#8211;<\/td><\/tr><tr><td>&nbsp;&nbsp;&nbsp;&nbsp;antots\u00fcaniinid&nbsp;<\/td><td>2.50 mg<\/td><td>&#8211;<\/td><\/tr><tr><td>Saialille\u00f5iekstrakt,&nbsp;sealhulgas:<\/td><td>10 mg<\/td><td>&#8211;<\/td><\/tr><tr><td>&nbsp;&nbsp;&nbsp;&nbsp;luteiin<\/td><td>2.30 mg<\/td><td>&#8211;<\/td><\/tr><tr><td>&nbsp;&nbsp;&nbsp;&nbsp;zeaksantiin<\/td><td>50 \u03bcg<\/td><td>&#8211;<\/td><\/tr><tr><td>Tsink<\/td><td>15.5 mg<\/td><td>155<\/td><\/tr><tr><td>Salvei&nbsp;\u00fcrdiekstrakt<\/td><td>50 mg<\/td><td>&#8211;<\/td><\/tr><tr><td>A-vitamiin<\/td><td>750 \u03bcg RE<\/td><td>94<\/td><\/tr><tr><td>Vask&nbsp;<\/td><td>2 500 \u03bcg<\/td><td>250<\/td><\/tr><tr><td>Raud<\/td><td>13 mg<\/td><td>93<\/td><\/tr><tr><td>E-vitamiin<\/td><td>12 mg \u03b1TE<\/td><td>100<\/td><\/tr><tr><td>Seleen<\/td><td>55 \u03bcg<\/td><td>100<\/td><\/tr><\/tbody><\/table><\/figure>\n\n\n\n<p>*&nbsp;P\u00e4evane&nbsp;v\u00f5rdluskogus&nbsp;(%)&nbsp;<\/p>\n\n\n\n<p><strong>Koostis<\/strong>:&nbsp;maltodekstriin,&nbsp;mustikaviljaekstrakt&nbsp;(<em>Vaccinium&nbsp;myrtillus&nbsp;L.),<\/em>&nbsp;standardiseeritud&nbsp;1%&nbsp;antots\u00fcaniinisisalduse&nbsp;jaoks,&nbsp;veiseliha&nbsp;\u017eelatiin,&nbsp;raud&nbsp;[raud&nbsp;(II)&nbsp;bisgl\u00fctsinaat],&nbsp;tsink&nbsp;(tsinktsitraat),&nbsp;salvei&nbsp;\u00fcrdiekstrakt&nbsp;(Salvia&nbsp;officinalis&nbsp;L.),&nbsp;E-vitamiin&nbsp;(D-alfa-tokofer\u00fc\u00fclatsetaat), seleen&nbsp;(seleeniga&nbsp;rikastatud&nbsp;p\u00e4rm), saialille\u00f5ieekstrakt&nbsp;(Calendula&nbsp;officinalis&nbsp;L.) standardiseeritud&nbsp;20% luteiinisisalduse, 50&nbsp;\u00b5g&nbsp;zeaksantiini, paakumisvastaste&nbsp;ainete&nbsp;(r\u00e4nidioksiid, rasvhapete magneesiumisoolad, kaltsiumfosfaadid), vase&nbsp;(vask&nbsp;(II) sulfaat,&nbsp;A-vitamiini&nbsp;(retin\u00fc\u00fclatsetaat))&nbsp;jaoks.&nbsp;<\/p>\n\n\n\n<p><strong>Vistan&nbsp;\u2013&nbsp;kaks&nbsp;kapslit&nbsp;p\u00e4evas<\/strong>&nbsp;<\/p>\n\n\n\n<p><strong>Kasutusjuhis<\/strong>:&nbsp;Toote&nbsp;eesm\u00e4rk&nbsp;on&nbsp;t\u00e4iendada&nbsp;igap\u00e4evast&nbsp;men\u00fc\u00fcd&nbsp;normaalse&nbsp;n\u00e4gemise&nbsp;s\u00e4ilitamiseks&nbsp;vajalike&nbsp;toitainetega.&nbsp;<\/p>\n\n\n\n<p><strong>Soovitatav&nbsp;p\u00e4evane&nbsp;annus:<\/strong>&nbsp;2&nbsp;kapslit&nbsp;p\u00e4evas&nbsp;<\/p>\n\n\n\n<p><strong>Netokaal<\/strong>:&nbsp;36&nbsp;g&nbsp;(60&nbsp;kapslit&nbsp;konteineris,&nbsp;0,6&nbsp;g&nbsp;tk)&nbsp;<\/p>\n\n\n\n<p>Toidulisandid ei asenda tasakaalustatud ja mitmekesist toitumist. Hoida lastele k\u00e4ttesaamatus kohas. \u00c4rge \u00fcletage soovitatud p\u00e4evast annust. Inimesed, kes v\u00f5tavad ravimeid, ning rasedad ja imetavad naised peaksid enne selle toidulisandi tarbimist n\u00f5u pidama arstiga. \u00c4rge kasutage, kui olete m\u00f5ne koostisosa suhtes allergiline. Mitte anda alla 14 -aastastele lastele.<\/p>\n\n\n\n<p><strong>Kehtivus:<\/strong>&nbsp;kuni&nbsp;pakendile&nbsp;kirjutatud&nbsp;kuup\u00e4evani&nbsp;<\/p>\n\n\n\n<p><strong>Tootepartii:<\/strong>&nbsp;kirjutatud&nbsp;pakendile&nbsp;<\/p>\n\n\n\n<p><strong>Hoiustamine:<\/strong>&nbsp;max.&nbsp;25&nbsp;\u00b0&nbsp;C,&nbsp;valguse&nbsp;ja&nbsp;niiskuse&nbsp;eest&nbsp;kaitstud&nbsp;<\/p>\n\n\n\n<p><strong>Toodetud&nbsp;Norras<\/strong>&nbsp;Pharmatech&nbsp;AS&nbsp;poolt&nbsp;<br>Natural&nbsp;Pharmaceuticals&nbsp;Sp.&nbsp;z&nbsp;o.o.&nbsp;<\/p>\n\n\n\n<p><strong>Edasim\u00fc\u00fcja:<\/strong>&nbsp;Natural&nbsp;Pharmaceuticals&nbsp;Sp.&nbsp;z&nbsp;o.o.&nbsp;<br>Domaniewska&nbsp;28,&nbsp;02-672&nbsp;Varssavi,&nbsp;Poola&nbsp;<\/p>\n\n\n\n<p><\/p>\n\n<\/div><\/div>\n\t\t<\/div>\n\n\n<figure class=\"wp-block-image alignfull size-full\"><img loading=\"lazy\" decoding=\"async\" width=\"1520\" height=\"501\" src=\"https:\/\/naturalpharmaceuticals.eu\/wp-content\/uploads\/sites\/2\/2021\/04\/Natural_Pharmaceuticals_Vistan_IMG_0093_vistan_a.jpg\" alt=\"\" class=\"wp-image-3425\" srcset=\"https:\/\/naturalpharmaceuticals.eu\/wp-content\/uploads\/sites\/2\/2021\/04\/Natural_Pharmaceuticals_Vistan_IMG_0093_vistan_a.jpg 1520w, https:\/\/naturalpharmaceuticals.eu\/wp-content\/uploads\/sites\/2\/2021\/04\/Natural_Pharmaceuticals_Vistan_IMG_0093_vistan_a-300x99.jpg 300w, https:\/\/naturalpharmaceuticals.eu\/wp-content\/uploads\/sites\/2\/2021\/04\/Natural_Pharmaceuticals_Vistan_IMG_0093_vistan_a-1024x338.jpg 1024w, https:\/\/naturalpharmaceuticals.eu\/wp-content\/uploads\/sites\/2\/2021\/04\/Natural_Pharmaceuticals_Vistan_IMG_0093_vistan_a-768x253.jpg 768w\" sizes=\"auto, (max-width: 1520px) 100vw, 1520px\" \/><\/figure>\n","protected":false},"excerpt":{"rendered":"<p>Vistan Vistan peamiste koostisosade toime inimorganismile on Euroopa Toiduohutusameti (EFSA) poolt hinnatud positiivseks: A-vitamiin,&nbsp;tsink&nbsp;aitab&nbsp;s\u00e4ilitada&nbsp;normaalset&nbsp;n\u00e4gemist.&nbsp;Tsink&nbsp;aitab&nbsp;kaasa&nbsp;A-vitamiini&nbsp;normaalsele&nbsp;ainevahetusele.&nbsp;Vask&nbsp;aitab&nbsp;kaasa&nbsp;normaalsete&nbsp;sidekudede&nbsp;s\u00e4ilitamisele.&nbsp;<\/p>\n","protected":false},"author":1,"featured_media":36589,"parent":5592,"menu_order":0,"comment_status":"closed","ping_status":"closed","template":"templates\/grid-full-width-page.php","meta":{"ub_ctt_via":"","footnotes":""},"class_list":["post-5760","page","type-page","status-publish","has-post-thumbnail","hentry"],"featured_image_src":"https:\/\/naturalpharmaceuticals.eu\/wp-content\/uploads\/sites\/2\/2025\/10\/PL_banner_760x300_v3_12_Natural_Pharmaceuticals_Vistan.jpg","yoast_head":"<!-- This site is optimized with the Yoast SEO plugin v24.4 - https:\/\/yoast.com\/wordpress\/plugins\/seo\/ -->\n<title>Vistan - Natural Pharmaceuticals<\/title>\n<meta name=\"robots\" content=\"index, follow, max-snippet:-1, max-image-preview:large, max-video-preview:-1\" \/>\n<link rel=\"canonical\" href=\"https:\/\/naturalpharmaceuticals.eu\/et\/meie-tooted\/vistan\/\" \/>\n<meta property=\"og:locale\" content=\"et_EE\" \/>\n<meta property=\"og:type\" content=\"article\" \/>\n<meta property=\"og:title\" content=\"Vistan - Natural Pharmaceuticals\" \/>\n<meta property=\"og:description\" content=\"Vistan Vistan peamiste koostisosade toime inimorganismile on Euroopa Toiduohutusameti (EFSA) poolt hinnatud positiivseks: A-vitamiin,&nbsp;tsink&nbsp;aitab&nbsp;s\u00e4ilitada&nbsp;normaalset&nbsp;n\u00e4gemist.&nbsp;Tsink&nbsp;aitab&nbsp;kaasa&nbsp;A-vitamiini&nbsp;normaalsele&nbsp;ainevahetusele.&nbsp;Vask&nbsp;aitab&nbsp;kaasa&nbsp;normaalsete&nbsp;sidekudede&nbsp;s\u00e4ilitamisele.&nbsp;\" \/>\n<meta property=\"og:url\" content=\"https:\/\/naturalpharmaceuticals.eu\/et\/meie-tooted\/vistan\/\" \/>\n<meta property=\"og:site_name\" content=\"Natural Pharmaceuticals\" \/>\n<meta property=\"article:modified_time\" content=\"2025-10-08T14:11:23+00:00\" \/>\n<meta property=\"og:image\" content=\"https:\/\/naturalpharmaceuticals.eu\/wp-content\/uploads\/sites\/2\/2025\/10\/PL_banner_760x300_v3_12_Natural_Pharmaceuticals_Vistan.jpg\" \/>\n\t<meta property=\"og:image:width\" content=\"760\" \/>\n\t<meta property=\"og:image:height\" content=\"300\" \/>\n\t<meta property=\"og:image:type\" content=\"image\/jpeg\" \/>\n<meta name=\"twitter:card\" content=\"summary_large_image\" \/>\n<meta name=\"twitter:label1\" content=\"Est. reading time\" \/>\n\t<meta name=\"twitter:data1\" content=\"2 minutit\" \/>\n<script type=\"application\/ld+json\" class=\"yoast-schema-graph\">{\"@context\":\"https:\/\/schema.org\",\"@graph\":[{\"@type\":\"WebPage\",\"@id\":\"https:\/\/naturalpharmaceuticals.eu\/et\/meie-tooted\/vistan\/\",\"url\":\"https:\/\/naturalpharmaceuticals.eu\/et\/meie-tooted\/vistan\/\",\"name\":\"Vistan - Natural Pharmaceuticals\",\"isPartOf\":{\"@id\":\"https:\/\/naturalpharmaceuticals.eu\/et\/#website\"},\"primaryImageOfPage\":{\"@id\":\"https:\/\/naturalpharmaceuticals.eu\/et\/meie-tooted\/vistan\/#primaryimage\"},\"image\":{\"@id\":\"https:\/\/naturalpharmaceuticals.eu\/et\/meie-tooted\/vistan\/#primaryimage\"},\"thumbnailUrl\":\"https:\/\/naturalpharmaceuticals.eu\/wp-content\/uploads\/sites\/2\/2025\/10\/PL_banner_760x300_v3_12_Natural_Pharmaceuticals_Vistan.jpg\",\"datePublished\":\"2021-07-07T12:05:15+00:00\",\"dateModified\":\"2025-10-08T14:11:23+00:00\",\"breadcrumb\":{\"@id\":\"https:\/\/naturalpharmaceuticals.eu\/et\/meie-tooted\/vistan\/#breadcrumb\"},\"inLanguage\":\"et\",\"potentialAction\":[{\"@type\":\"ReadAction\",\"target\":[\"https:\/\/naturalpharmaceuticals.eu\/et\/meie-tooted\/vistan\/\"]}]},{\"@type\":\"ImageObject\",\"inLanguage\":\"et\",\"@id\":\"https:\/\/naturalpharmaceuticals.eu\/et\/meie-tooted\/vistan\/#primaryimage\",\"url\":\"https:\/\/naturalpharmaceuticals.eu\/wp-content\/uploads\/sites\/2\/2025\/10\/PL_banner_760x300_v3_12_Natural_Pharmaceuticals_Vistan.jpg\",\"contentUrl\":\"https:\/\/naturalpharmaceuticals.eu\/wp-content\/uploads\/sites\/2\/2025\/10\/PL_banner_760x300_v3_12_Natural_Pharmaceuticals_Vistan.jpg\",\"width\":760,\"height\":300},{\"@type\":\"BreadcrumbList\",\"@id\":\"https:\/\/naturalpharmaceuticals.eu\/et\/meie-tooted\/vistan\/#breadcrumb\",\"itemListElement\":[{\"@type\":\"ListItem\",\"position\":1,\"name\":\"Home\",\"item\":\"https:\/\/naturalpharmaceuticals.eu\/et\/\"},{\"@type\":\"ListItem\",\"position\":2,\"name\":\"Meie tooted\",\"item\":\"https:\/\/naturalpharmaceuticals.eu\/et\/meie-tooted\/\"},{\"@type\":\"ListItem\",\"position\":3,\"name\":\"Vistan\"}]},{\"@type\":\"WebSite\",\"@id\":\"https:\/\/naturalpharmaceuticals.eu\/et\/#website\",\"url\":\"https:\/\/naturalpharmaceuticals.eu\/et\/\",\"name\":\"Natural Pharmaceuticals\",\"description\":\"\",\"publisher\":{\"@id\":\"https:\/\/naturalpharmaceuticals.eu\/et\/#organization\"},\"potentialAction\":[{\"@type\":\"SearchAction\",\"target\":{\"@type\":\"EntryPoint\",\"urlTemplate\":\"https:\/\/naturalpharmaceuticals.eu\/et\/?s={search_term_string}\"},\"query-input\":{\"@type\":\"PropertyValueSpecification\",\"valueRequired\":true,\"valueName\":\"search_term_string\"}}],\"inLanguage\":\"et\"},{\"@type\":\"Organization\",\"@id\":\"https:\/\/naturalpharmaceuticals.eu\/et\/#organization\",\"name\":\"Natural Pharmaceuticals\",\"url\":\"https:\/\/naturalpharmaceuticals.eu\/et\/\",\"logo\":{\"@type\":\"ImageObject\",\"inLanguage\":\"et\",\"@id\":\"https:\/\/naturalpharmaceuticals.eu\/et\/#\/schema\/logo\/image\/\",\"url\":\"https:\/\/naturalpharmaceuticals.eu\/wp-content\/uploads\/sites\/2\/2020\/11\/cropped-natural-pharmaceuticals-logo.png\",\"contentUrl\":\"https:\/\/naturalpharmaceuticals.eu\/wp-content\/uploads\/sites\/2\/2020\/11\/cropped-natural-pharmaceuticals-logo.png\",\"width\":900,\"height\":323,\"caption\":\"Natural Pharmaceuticals\"},\"image\":{\"@id\":\"https:\/\/naturalpharmaceuticals.eu\/et\/#\/schema\/logo\/image\/\"}}]}<\/script>\n<!-- \/ Yoast SEO plugin. -->","yoast_head_json":{"title":"Vistan - Natural Pharmaceuticals","robots":{"index":"index","follow":"follow","max-snippet":"max-snippet:-1","max-image-preview":"max-image-preview:large","max-video-preview":"max-video-preview:-1"},"canonical":"https:\/\/naturalpharmaceuticals.eu\/et\/meie-tooted\/vistan\/","og_locale":"et_EE","og_type":"article","og_title":"Vistan - Natural Pharmaceuticals","og_description":"Vistan Vistan peamiste koostisosade toime inimorganismile on Euroopa Toiduohutusameti (EFSA) poolt hinnatud positiivseks: A-vitamiin,&nbsp;tsink&nbsp;aitab&nbsp;s\u00e4ilitada&nbsp;normaalset&nbsp;n\u00e4gemist.&nbsp;Tsink&nbsp;aitab&nbsp;kaasa&nbsp;A-vitamiini&nbsp;normaalsele&nbsp;ainevahetusele.&nbsp;Vask&nbsp;aitab&nbsp;kaasa&nbsp;normaalsete&nbsp;sidekudede&nbsp;s\u00e4ilitamisele.&nbsp;","og_url":"https:\/\/naturalpharmaceuticals.eu\/et\/meie-tooted\/vistan\/","og_site_name":"Natural Pharmaceuticals","article_modified_time":"2025-10-08T14:11:23+00:00","og_image":[{"width":760,"height":300,"url":"https:\/\/naturalpharmaceuticals.eu\/wp-content\/uploads\/sites\/2\/2025\/10\/PL_banner_760x300_v3_12_Natural_Pharmaceuticals_Vistan.jpg","type":"image\/jpeg"}],"twitter_card":"summary_large_image","twitter_misc":{"Est. reading time":"2 minutit"},"schema":{"@context":"https:\/\/schema.org","@graph":[{"@type":"WebPage","@id":"https:\/\/naturalpharmaceuticals.eu\/et\/meie-tooted\/vistan\/","url":"https:\/\/naturalpharmaceuticals.eu\/et\/meie-tooted\/vistan\/","name":"Vistan - Natural Pharmaceuticals","isPartOf":{"@id":"https:\/\/naturalpharmaceuticals.eu\/et\/#website"},"primaryImageOfPage":{"@id":"https:\/\/naturalpharmaceuticals.eu\/et\/meie-tooted\/vistan\/#primaryimage"},"image":{"@id":"https:\/\/naturalpharmaceuticals.eu\/et\/meie-tooted\/vistan\/#primaryimage"},"thumbnailUrl":"https:\/\/naturalpharmaceuticals.eu\/wp-content\/uploads\/sites\/2\/2025\/10\/PL_banner_760x300_v3_12_Natural_Pharmaceuticals_Vistan.jpg","datePublished":"2021-07-07T12:05:15+00:00","dateModified":"2025-10-08T14:11:23+00:00","breadcrumb":{"@id":"https:\/\/naturalpharmaceuticals.eu\/et\/meie-tooted\/vistan\/#breadcrumb"},"inLanguage":"et","potentialAction":[{"@type":"ReadAction","target":["https:\/\/naturalpharmaceuticals.eu\/et\/meie-tooted\/vistan\/"]}]},{"@type":"ImageObject","inLanguage":"et","@id":"https:\/\/naturalpharmaceuticals.eu\/et\/meie-tooted\/vistan\/#primaryimage","url":"https:\/\/naturalpharmaceuticals.eu\/wp-content\/uploads\/sites\/2\/2025\/10\/PL_banner_760x300_v3_12_Natural_Pharmaceuticals_Vistan.jpg","contentUrl":"https:\/\/naturalpharmaceuticals.eu\/wp-content\/uploads\/sites\/2\/2025\/10\/PL_banner_760x300_v3_12_Natural_Pharmaceuticals_Vistan.jpg","width":760,"height":300},{"@type":"BreadcrumbList","@id":"https:\/\/naturalpharmaceuticals.eu\/et\/meie-tooted\/vistan\/#breadcrumb","itemListElement":[{"@type":"ListItem","position":1,"name":"Home","item":"https:\/\/naturalpharmaceuticals.eu\/et\/"},{"@type":"ListItem","position":2,"name":"Meie tooted","item":"https:\/\/naturalpharmaceuticals.eu\/et\/meie-tooted\/"},{"@type":"ListItem","position":3,"name":"Vistan"}]},{"@type":"WebSite","@id":"https:\/\/naturalpharmaceuticals.eu\/et\/#website","url":"https:\/\/naturalpharmaceuticals.eu\/et\/","name":"Natural Pharmaceuticals","description":"","publisher":{"@id":"https:\/\/naturalpharmaceuticals.eu\/et\/#organization"},"potentialAction":[{"@type":"SearchAction","target":{"@type":"EntryPoint","urlTemplate":"https:\/\/naturalpharmaceuticals.eu\/et\/?s={search_term_string}"},"query-input":{"@type":"PropertyValueSpecification","valueRequired":true,"valueName":"search_term_string"}}],"inLanguage":"et"},{"@type":"Organization","@id":"https:\/\/naturalpharmaceuticals.eu\/et\/#organization","name":"Natural Pharmaceuticals","url":"https:\/\/naturalpharmaceuticals.eu\/et\/","logo":{"@type":"ImageObject","inLanguage":"et","@id":"https:\/\/naturalpharmaceuticals.eu\/et\/#\/schema\/logo\/image\/","url":"https:\/\/naturalpharmaceuticals.eu\/wp-content\/uploads\/sites\/2\/2020\/11\/cropped-natural-pharmaceuticals-logo.png","contentUrl":"https:\/\/naturalpharmaceuticals.eu\/wp-content\/uploads\/sites\/2\/2020\/11\/cropped-natural-pharmaceuticals-logo.png","width":900,"height":323,"caption":"Natural Pharmaceuticals"},"image":{"@id":"https:\/\/naturalpharmaceuticals.eu\/et\/#\/schema\/logo\/image\/"}}]}},"jetpack_sharing_enabled":true,"_links":{"self":[{"href":"https:\/\/naturalpharmaceuticals.eu\/et\/wp-json\/wp\/v2\/pages\/5760","targetHints":{"allow":["GET"]}}],"collection":[{"href":"https:\/\/naturalpharmaceuticals.eu\/et\/wp-json\/wp\/v2\/pages"}],"about":[{"href":"https:\/\/naturalpharmaceuticals.eu\/et\/wp-json\/wp\/v2\/types\/page"}],"author":[{"embeddable":true,"href":"https:\/\/naturalpharmaceuticals.eu\/et\/wp-json\/wp\/v2\/users\/1"}],"replies":[{"embeddable":true,"href":"https:\/\/naturalpharmaceuticals.eu\/et\/wp-json\/wp\/v2\/comments?post=5760"}],"version-history":[{"count":5,"href":"https:\/\/naturalpharmaceuticals.eu\/et\/wp-json\/wp\/v2\/pages\/5760\/revisions"}],"predecessor-version":[{"id":36623,"href":"https:\/\/naturalpharmaceuticals.eu\/et\/wp-json\/wp\/v2\/pages\/5760\/revisions\/36623"}],"up":[{"embeddable":true,"href":"https:\/\/naturalpharmaceuticals.eu\/et\/wp-json\/wp\/v2\/pages\/5592"}],"wp:featuredmedia":[{"embeddable":true,"href":"https:\/\/naturalpharmaceuticals.eu\/et\/wp-json\/wp\/v2\/media\/36589"}],"wp:attachment":[{"href":"https:\/\/naturalpharmaceuticals.eu\/et\/wp-json\/wp\/v2\/media?parent=5760"}],"curies":[{"name":"wp","href":"https:\/\/api.w.org\/{rel}","templated":true}]}}