{"id":5773,"date":"2021-07-07T12:18:18","date_gmt":"2021-07-07T12:18:18","guid":{"rendered":"https:\/\/naturalpharmaceuticals.eu\/?page_id=5773"},"modified":"2023-08-29T08:31:30","modified_gmt":"2023-08-29T08:31:30","slug":"vitamin-d","status":"publish","type":"page","link":"https:\/\/naturalpharmaceuticals.eu\/et\/meie-tooted\/vitamin-d\/","title":{"rendered":"Vitamin D+"},"content":{"rendered":"\n<div class=\"wp-block-group\"><div class=\"wp-block-group__inner-container is-layout-flow wp-block-group-is-layout-flow\">\n<div class=\"wp-block-columns is-layout-flex wp-container-core-columns-is-layout-1 wp-block-columns-is-layout-flex\">\n<div class=\"wp-block-column is-layout-flow wp-block-column-is-layout-flow\">\n<figure class=\"wp-block-image size-large sticky\"><img loading=\"lazy\" decoding=\"async\" width=\"768\" height=\"768\" src=\"https:\/\/naturalpharmaceuticals.eu\/wp-content\/uploads\/sites\/2\/2020\/12\/DV_www_768x768.png\" alt=\"\" class=\"wp-image-1041\" srcset=\"https:\/\/naturalpharmaceuticals.eu\/wp-content\/uploads\/sites\/2\/2020\/12\/DV_www_768x768.png 768w, https:\/\/naturalpharmaceuticals.eu\/wp-content\/uploads\/sites\/2\/2020\/12\/DV_www_768x768-300x300.png 300w, https:\/\/naturalpharmaceuticals.eu\/wp-content\/uploads\/sites\/2\/2020\/12\/DV_www_768x768-150x150.png 150w, https:\/\/naturalpharmaceuticals.eu\/wp-content\/uploads\/sites\/2\/2020\/12\/DV_www_768x768-200x200.png 200w\" sizes=\"auto, (max-width: 768px) 100vw, 768px\" \/><\/figure>\n<\/div>\n\n\n\n<div class=\"wp-block-column product-info-frame is-layout-flow wp-block-column-is-layout-flow\">\n<p style=\"font-size:18px\"><strong>Vitamin D+<\/strong><\/p>\n\n\n\n<ul class=\"wp-block-list\">\n<li>Dokumenteeritud&nbsp;m\u00f5ju&nbsp;immuuns\u00fcsteemile&nbsp;<\/li>\n\n\n\n<li>Terviseametkondade&nbsp;poolt&nbsp;soovitatud&nbsp;<\/li>\n\n\n\n<li>Aitab&nbsp;s\u00e4ilitada&nbsp;normaalset&nbsp;lihaste&nbsp;t\u00f6\u00f6d&nbsp;<\/li>\n\n\n\n<li>S\u00e4ilitab&nbsp;tugeva&nbsp;ja&nbsp;hea&nbsp;luustruktuuri&nbsp;<\/li>\n\n\n\n<li>Sisaldab&nbsp;D3-vitamiini,&nbsp;1000&nbsp;IU\/tablett&nbsp;<\/li>\n<\/ul>\n\n\n\n<p><\/p>\n<\/div>\n<\/div>\n<\/div><\/div>\n\n\n\n<div class=\"packshot-bg-wrapper\"><div class=\"full-width-inside-container packshot-bg packshot-bg-vd\"><\/div><\/div>\n\n\n\n<p>Vitamin&nbsp;D+&nbsp;peamiste koostisosade toime inimorganismile on Euroopa Toiduohutusameti (EFSA) poolt hinnatud positiivseks:<\/p>\n\n\n\n<p>D-vitamiin&nbsp;aitab&nbsp;kaasa&nbsp;immuuns\u00fcsteemi&nbsp;normaalsele&nbsp;toimimisele.&nbsp;<br>D-vitamiin&nbsp;aitab&nbsp;s\u00e4ilitada&nbsp;normaalseid&nbsp;luid.&nbsp;<br>D-vitamiin&nbsp;aitab&nbsp;s\u00e4ilitada&nbsp;lihaste&nbsp;normaalset&nbsp;funktsiooni.&nbsp;<br>D-vitamiin&nbsp;aitab&nbsp;s\u00e4ilitada&nbsp;normaalseid&nbsp;hambaid.&nbsp;<br>D-vitamiinil&nbsp;on&nbsp;oma&nbsp;roll&nbsp;rakkude&nbsp;jagunemise&nbsp;protsessis.&nbsp;<br>D-vitamiin&nbsp;aitab&nbsp;kaasa&nbsp;vere&nbsp;normaalsele&nbsp;kaltsiumisisaldusele.&nbsp;<br>D-vitamiin&nbsp;aitab&nbsp;kaasa&nbsp;kaltsiumi&nbsp;ja&nbsp;fosfori&nbsp;normaalsele&nbsp;imendumisele&nbsp;\/&nbsp;kasutamisele.<br><\/p>\n\n\n<div role=\"tabpanel\" class=\"wp-block-ub-tabbed-content-tab-content-wrap ub-hide\"\n        id=\"ub-tabbed-content--panel-0\" aria-labelledby=\"ub-tabbed-content--tab-0\" tabindex=\"0\">\n\n<p><a href=\"https:\/\/nordicmed.natural.pl\/?page_id=326\">Preview in new tab(opens in a new tab)<\/a><\/p>\n\n\n\n<p>reviews<\/p>\n\n<\/div>\n\n<div role=\"tabpanel\" class=\"wp-block-ub-tabbed-content-tab-content-wrap ub-hide\"\n        id=\"ub-tabbed-content--panel-1\" aria-labelledby=\"ub-tabbed-content--tab-1\" tabindex=\"0\">\n\n<p><\/p>\n\n<\/div>\n\n<div role=\"tabpanel\" class=\"wp-block-ub-tabbed-content-tab-content-wrap ub-hide\"\n        id=\"ub-tabbed-content--panel-2\" aria-labelledby=\"ub-tabbed-content--tab-2\" tabindex=\"0\">\n\n<p><\/p>\n\n<\/div>\n\n<div class=\"wp-block-ub-tabbed-content-block wp-block-ub-tabbed-content wp-block-ub-tabbed-content-holder wp-block-ub-tabbed-content-horizontal-holder-mobile wp-block-ub-tabbed-content-horizontal-holder-tablet\" id=\"ub-tabbed-content-d4483e77-44a8-4646-abea-5522c6b9ea10\">\n\t\t\t<div class=\"wp-block-ub-tabbed-content-tab-holder horizontal-tab-width-mobile horizontal-tab-width-tablet\">\n\t\t\t\t<div role=\"tablist\" class=\"wp-block-ub-tabbed-content-tabs-title wp-block-ub-tabbed-content-tabs-title-mobile-horizontal-tab wp-block-ub-tabbed-content-tabs-title-tablet-horizontal-tab\"><div role=\"tab\" id=\"ub-tabbed-content-d4483e77-44a8-4646-abea-5522c6b9ea10-tab-0\" aria-controls=\"ub-tabbed-content-d4483e77-44a8-4646-abea-5522c6b9ea10-panel-0\" aria-selected=\"true\" class=\"wp-block-ub-tabbed-content-tab-title-wrap active\" style=\"\" tabindex=\"-1\">\n\t\t\t\t<div class=\"wp-block-ub-tabbed-content-tab-title\">Toitumisalane teave<\/div>\n\t\t\t<\/div><\/div>\n\t\t\t<\/div>\n\t\t\t<div class=\"wp-block-ub-tabbed-content-tabs-content\" style=\"\"><div role=\"tabpanel\" class=\"wp-block-ub-tabbed-content-tab-content-wrap active\"\n        id=\"ub-tabbed-content-d4483e77-44a8-4646-abea-5522c6b9ea10-panel-0\" aria-labelledby=\"ub-tabbed-content-d4483e77-44a8-4646-abea-5522c6b9ea10-tab-0\" tabindex=\"0\">\n\n<p>Vitamin D+<\/p>\n\n\n\n<figure class=\"wp-block-table is-style-borders\"><table class=\"has-fixed-layout\"><thead><tr><th><strong>Koostis<\/strong><\/th><th><strong>1 tablet<\/strong>t<\/th><th>% PVK *<\/th><\/tr><\/thead><tbody><tr><td>Vitamiin D<\/td><td>25 \u03bcg <\/td><td>500<\/td><\/tr><\/tbody><\/table><\/figure>\n\n\n\n<p><strong>*&nbsp;\u2013&nbsp;%&nbsp;P\u00e4evasest&nbsp;v\u00f5rdluskogusest<\/strong>&nbsp;<\/p>\n\n\n\n<p><strong>Koostisosad:<\/strong>&nbsp;maltodekstriin,&nbsp;paksendusaine&nbsp;(tselluloos,&nbsp;rasvhapete&nbsp;magneesiumsoolad),&nbsp;paakumisvastane&nbsp;aine&nbsp;(kaltsiumfosfaat,&nbsp;r\u00e4nidioksiid),&nbsp;kolekaltsiferool,&nbsp;h\u00fcdroks\u00fcprop\u00fc\u00fclmet\u00fc\u00fcltselluloos.&nbsp;<\/p>\n\n\n\n<p><strong>Vitamin&nbsp;D+&nbsp;\u2013&nbsp;\u00fcks&nbsp;tablett&nbsp;p\u00e4evas<\/strong>&nbsp;<\/p>\n\n\n\n<p><strong>Kuidas&nbsp;kasutada:<\/strong>&nbsp;Toote&nbsp;eesm\u00e4rk&nbsp;on&nbsp;t\u00e4iendada&nbsp;igap\u00e4evast&nbsp;dieeti&nbsp;D-vitamiiniga.&nbsp;<\/p>\n\n\n\n<p><strong>P\u00e4eva&nbsp;jooksul&nbsp;manustamiseks&nbsp;soovitatav&nbsp;toote&nbsp;portsjon:<\/strong>&nbsp;1&nbsp;tablett&nbsp;p\u00e4evas&nbsp;<\/p>\n\n\n\n<p><strong>Netokogus:<\/strong>&nbsp;162&nbsp;g&nbsp;(360&nbsp;tabletti&nbsp;450&nbsp;mg)&nbsp;<\/p>\n\n\n\n<p>Toidulisandid ei asenda tasakaalustatud ja mitmekesist toitumist. Hoida lastele k\u00e4ttesaamatus kohas. \u00c4rge \u00fcletage soovitatud p\u00e4evast annust.<\/p>\n\n\n\n<p><strong>Kehtivus<\/strong>:&nbsp;kuni&nbsp;pakendile&nbsp;kirjutatud&nbsp;kuup\u00e4evani&nbsp;<\/p>\n\n\n\n<p><strong>Tootepartii<\/strong>:&nbsp;kirjutatud&nbsp;pakendile&nbsp;<\/p>\n\n\n\n<p><strong>M\u00e4rkused<\/strong>:&nbsp;Hoida&nbsp;kapsleid&nbsp;toatemperatuuril,&nbsp;umbes&nbsp;25\u00b0C&nbsp;kuivas&nbsp;ja&nbsp;p\u00e4ikesevarjulises&nbsp;kohas.&nbsp;<\/p>\n\n\n\n<p><strong>Toodetud&nbsp;Norras&nbsp;Pharmatech&nbsp;AS<\/strong>&nbsp;poolt&nbsp;<br>Natural&nbsp;Pharmaceuticals&nbsp;Sp.&nbsp;z&nbsp;o.o.&nbsp;<\/p>\n\n\n\n<p><strong>Edasim\u00fc\u00fcja<\/strong>:&nbsp;Natural&nbsp;Pharmaceuticals&nbsp;Sp.&nbsp;z&nbsp;o.o.&nbsp;<br>Domaniewska&nbsp;28,&nbsp;02-672&nbsp;Varssavi,&nbsp;Poola&nbsp;<\/p>\n\n\n\n<p><\/p>\n\n<\/div><\/div>\n\t\t<\/div>\n\n\n<figure class=\"wp-block-image alignfull size-full\"><img loading=\"lazy\" decoding=\"async\" width=\"2560\" height=\"843\" src=\"https:\/\/naturalpharmaceuticals.eu\/wp-content\/uploads\/sites\/2\/2021\/04\/Natural_Pharmaceuticals_-Witamina_D-scaled.jpg\" alt=\"\" class=\"wp-image-3557\" srcset=\"https:\/\/naturalpharmaceuticals.eu\/wp-content\/uploads\/sites\/2\/2021\/04\/Natural_Pharmaceuticals_-Witamina_D-scaled.jpg 2560w, https:\/\/naturalpharmaceuticals.eu\/wp-content\/uploads\/sites\/2\/2021\/04\/Natural_Pharmaceuticals_-Witamina_D-300x99.jpg 300w, https:\/\/naturalpharmaceuticals.eu\/wp-content\/uploads\/sites\/2\/2021\/04\/Natural_Pharmaceuticals_-Witamina_D-1024x337.jpg 1024w, https:\/\/naturalpharmaceuticals.eu\/wp-content\/uploads\/sites\/2\/2021\/04\/Natural_Pharmaceuticals_-Witamina_D-768x253.jpg 768w, https:\/\/naturalpharmaceuticals.eu\/wp-content\/uploads\/sites\/2\/2021\/04\/Natural_Pharmaceuticals_-Witamina_D-1536x506.jpg 1536w, https:\/\/naturalpharmaceuticals.eu\/wp-content\/uploads\/sites\/2\/2021\/04\/Natural_Pharmaceuticals_-Witamina_D-2048x674.jpg 2048w\" sizes=\"auto, (max-width: 2560px) 100vw, 2560px\" \/><\/figure>\n","protected":false},"excerpt":{"rendered":"<p>Vitamin D+ Vitamin&nbsp;D+&nbsp;peamiste koostisosade toime inimorganismile on Euroopa Toiduohutusameti (EFSA) poolt hinnatud positiivseks: D-vitamiin&nbsp;aitab&nbsp;kaasa&nbsp;immuuns\u00fcsteemi&nbsp;normaalsele&nbsp;toimimisele.&nbsp;D-vitamiin&nbsp;aitab&nbsp;s\u00e4ilitada&nbsp;normaalseid&nbsp;luid.&nbsp;D-vitamiin&nbsp;aitab&nbsp;s\u00e4ilitada&nbsp;lihaste&nbsp;normaalset&nbsp;funktsiooni.&nbsp;D-vitamiin&nbsp;aitab&nbsp;s\u00e4ilitada&nbsp;normaalseid&nbsp;hambaid.&nbsp;D-vitamiinil&nbsp;on&nbsp;oma&nbsp;roll&nbsp;rakkude&nbsp;jagunemise&nbsp;protsessis.&nbsp;D-vitamiin&nbsp;aitab&nbsp;kaasa&nbsp;vere&nbsp;normaalsele&nbsp;kaltsiumisisaldusele.&nbsp;D-vitamiin&nbsp;aitab&nbsp;kaasa&nbsp;kaltsiumi&nbsp;ja&nbsp;fosfori&nbsp;normaalsele&nbsp;imendumisele&nbsp;\/&nbsp;kasutamisele.<\/p>\n","protected":false},"author":1,"featured_media":5615,"parent":5592,"menu_order":0,"comment_status":"closed","ping_status":"closed","template":"templates\/grid-full-width-page.php","meta":{"ub_ctt_via":"","footnotes":""},"class_list":["post-5773","page","type-page","status-publish","has-post-thumbnail","hentry"],"featured_image_src":"https:\/\/naturalpharmaceuticals.eu\/wp-content\/uploads\/sites\/2\/2020\/12\/PL_banner_760x300_v2_15_Natural_Pharmaceuticals_Vitamin_D_plus.jpg","yoast_head":"<!-- This site is optimized with the Yoast SEO plugin v24.4 - https:\/\/yoast.com\/wordpress\/plugins\/seo\/ -->\n<title>Vitamin D+ - Natural Pharmaceuticals<\/title>\n<meta name=\"robots\" content=\"index, follow, max-snippet:-1, max-image-preview:large, max-video-preview:-1\" \/>\n<link rel=\"canonical\" href=\"https:\/\/naturalpharmaceuticals.eu\/et\/meie-tooted\/vitamin-d\/\" \/>\n<meta property=\"og:locale\" content=\"et_EE\" \/>\n<meta property=\"og:type\" content=\"article\" \/>\n<meta property=\"og:title\" content=\"Vitamin D+ - Natural Pharmaceuticals\" \/>\n<meta property=\"og:description\" content=\"Vitamin D+ Vitamin&nbsp;D+&nbsp;peamiste koostisosade toime inimorganismile on Euroopa Toiduohutusameti (EFSA) poolt hinnatud positiivseks: D-vitamiin&nbsp;aitab&nbsp;kaasa&nbsp;immuuns\u00fcsteemi&nbsp;normaalsele&nbsp;toimimisele.&nbsp;D-vitamiin&nbsp;aitab&nbsp;s\u00e4ilitada&nbsp;normaalseid&nbsp;luid.&nbsp;D-vitamiin&nbsp;aitab&nbsp;s\u00e4ilitada&nbsp;lihaste&nbsp;normaalset&nbsp;funktsiooni.&nbsp;D-vitamiin&nbsp;aitab&nbsp;s\u00e4ilitada&nbsp;normaalseid&nbsp;hambaid.&nbsp;D-vitamiinil&nbsp;on&nbsp;oma&nbsp;roll&nbsp;rakkude&nbsp;jagunemise&nbsp;protsessis.&nbsp;D-vitamiin&nbsp;aitab&nbsp;kaasa&nbsp;vere&nbsp;normaalsele&nbsp;kaltsiumisisaldusele.&nbsp;D-vitamiin&nbsp;aitab&nbsp;kaasa&nbsp;kaltsiumi&nbsp;ja&nbsp;fosfori&nbsp;normaalsele&nbsp;imendumisele&nbsp;\/&nbsp;kasutamisele.\" \/>\n<meta property=\"og:url\" content=\"https:\/\/naturalpharmaceuticals.eu\/et\/meie-tooted\/vitamin-d\/\" \/>\n<meta property=\"og:site_name\" content=\"Natural Pharmaceuticals\" \/>\n<meta property=\"article:modified_time\" content=\"2023-08-29T08:31:30+00:00\" \/>\n<meta property=\"og:image\" content=\"https:\/\/naturalpharmaceuticals.eu\/wp-content\/uploads\/sites\/2\/2020\/12\/PL_banner_760x300_v2_15_Natural_Pharmaceuticals_Vitamin_D_plus.jpg\" \/>\n\t<meta property=\"og:image:width\" content=\"760\" \/>\n\t<meta property=\"og:image:height\" content=\"300\" \/>\n\t<meta property=\"og:image:type\" content=\"image\/jpeg\" \/>\n<meta name=\"twitter:card\" content=\"summary_large_image\" \/>\n<meta name=\"twitter:label1\" content=\"Est. reading time\" \/>\n\t<meta name=\"twitter:data1\" content=\"2 minutit\" \/>\n<script type=\"application\/ld+json\" class=\"yoast-schema-graph\">{\"@context\":\"https:\/\/schema.org\",\"@graph\":[{\"@type\":\"WebPage\",\"@id\":\"https:\/\/naturalpharmaceuticals.eu\/et\/meie-tooted\/vitamin-d\/\",\"url\":\"https:\/\/naturalpharmaceuticals.eu\/et\/meie-tooted\/vitamin-d\/\",\"name\":\"Vitamin D+ - Natural Pharmaceuticals\",\"isPartOf\":{\"@id\":\"https:\/\/naturalpharmaceuticals.eu\/et\/#website\"},\"primaryImageOfPage\":{\"@id\":\"https:\/\/naturalpharmaceuticals.eu\/et\/meie-tooted\/vitamin-d\/#primaryimage\"},\"image\":{\"@id\":\"https:\/\/naturalpharmaceuticals.eu\/et\/meie-tooted\/vitamin-d\/#primaryimage\"},\"thumbnailUrl\":\"https:\/\/naturalpharmaceuticals.eu\/wp-content\/uploads\/sites\/2\/2020\/12\/PL_banner_760x300_v2_15_Natural_Pharmaceuticals_Vitamin_D_plus.jpg\",\"datePublished\":\"2021-07-07T12:18:18+00:00\",\"dateModified\":\"2023-08-29T08:31:30+00:00\",\"breadcrumb\":{\"@id\":\"https:\/\/naturalpharmaceuticals.eu\/et\/meie-tooted\/vitamin-d\/#breadcrumb\"},\"inLanguage\":\"et\",\"potentialAction\":[{\"@type\":\"ReadAction\",\"target\":[\"https:\/\/naturalpharmaceuticals.eu\/et\/meie-tooted\/vitamin-d\/\"]}]},{\"@type\":\"ImageObject\",\"inLanguage\":\"et\",\"@id\":\"https:\/\/naturalpharmaceuticals.eu\/et\/meie-tooted\/vitamin-d\/#primaryimage\",\"url\":\"https:\/\/naturalpharmaceuticals.eu\/wp-content\/uploads\/sites\/2\/2020\/12\/PL_banner_760x300_v2_15_Natural_Pharmaceuticals_Vitamin_D_plus.jpg\",\"contentUrl\":\"https:\/\/naturalpharmaceuticals.eu\/wp-content\/uploads\/sites\/2\/2020\/12\/PL_banner_760x300_v2_15_Natural_Pharmaceuticals_Vitamin_D_plus.jpg\",\"width\":760,\"height\":300},{\"@type\":\"BreadcrumbList\",\"@id\":\"https:\/\/naturalpharmaceuticals.eu\/et\/meie-tooted\/vitamin-d\/#breadcrumb\",\"itemListElement\":[{\"@type\":\"ListItem\",\"position\":1,\"name\":\"Home\",\"item\":\"https:\/\/naturalpharmaceuticals.eu\/et\/\"},{\"@type\":\"ListItem\",\"position\":2,\"name\":\"Meie tooted\",\"item\":\"https:\/\/naturalpharmaceuticals.eu\/et\/meie-tooted\/\"},{\"@type\":\"ListItem\",\"position\":3,\"name\":\"Vitamin D+\"}]},{\"@type\":\"WebSite\",\"@id\":\"https:\/\/naturalpharmaceuticals.eu\/et\/#website\",\"url\":\"https:\/\/naturalpharmaceuticals.eu\/et\/\",\"name\":\"Natural Pharmaceuticals\",\"description\":\"\",\"publisher\":{\"@id\":\"https:\/\/naturalpharmaceuticals.eu\/et\/#organization\"},\"potentialAction\":[{\"@type\":\"SearchAction\",\"target\":{\"@type\":\"EntryPoint\",\"urlTemplate\":\"https:\/\/naturalpharmaceuticals.eu\/et\/?s={search_term_string}\"},\"query-input\":{\"@type\":\"PropertyValueSpecification\",\"valueRequired\":true,\"valueName\":\"search_term_string\"}}],\"inLanguage\":\"et\"},{\"@type\":\"Organization\",\"@id\":\"https:\/\/naturalpharmaceuticals.eu\/et\/#organization\",\"name\":\"Natural Pharmaceuticals\",\"url\":\"https:\/\/naturalpharmaceuticals.eu\/et\/\",\"logo\":{\"@type\":\"ImageObject\",\"inLanguage\":\"et\",\"@id\":\"https:\/\/naturalpharmaceuticals.eu\/et\/#\/schema\/logo\/image\/\",\"url\":\"https:\/\/naturalpharmaceuticals.eu\/wp-content\/uploads\/sites\/2\/2020\/11\/cropped-natural-pharmaceuticals-logo.png\",\"contentUrl\":\"https:\/\/naturalpharmaceuticals.eu\/wp-content\/uploads\/sites\/2\/2020\/11\/cropped-natural-pharmaceuticals-logo.png\",\"width\":900,\"height\":323,\"caption\":\"Natural Pharmaceuticals\"},\"image\":{\"@id\":\"https:\/\/naturalpharmaceuticals.eu\/et\/#\/schema\/logo\/image\/\"}}]}<\/script>\n<!-- \/ Yoast SEO plugin. -->","yoast_head_json":{"title":"Vitamin D+ - Natural Pharmaceuticals","robots":{"index":"index","follow":"follow","max-snippet":"max-snippet:-1","max-image-preview":"max-image-preview:large","max-video-preview":"max-video-preview:-1"},"canonical":"https:\/\/naturalpharmaceuticals.eu\/et\/meie-tooted\/vitamin-d\/","og_locale":"et_EE","og_type":"article","og_title":"Vitamin D+ - Natural Pharmaceuticals","og_description":"Vitamin D+ Vitamin&nbsp;D+&nbsp;peamiste koostisosade toime inimorganismile on Euroopa Toiduohutusameti (EFSA) poolt hinnatud positiivseks: D-vitamiin&nbsp;aitab&nbsp;kaasa&nbsp;immuuns\u00fcsteemi&nbsp;normaalsele&nbsp;toimimisele.&nbsp;D-vitamiin&nbsp;aitab&nbsp;s\u00e4ilitada&nbsp;normaalseid&nbsp;luid.&nbsp;D-vitamiin&nbsp;aitab&nbsp;s\u00e4ilitada&nbsp;lihaste&nbsp;normaalset&nbsp;funktsiooni.&nbsp;D-vitamiin&nbsp;aitab&nbsp;s\u00e4ilitada&nbsp;normaalseid&nbsp;hambaid.&nbsp;D-vitamiinil&nbsp;on&nbsp;oma&nbsp;roll&nbsp;rakkude&nbsp;jagunemise&nbsp;protsessis.&nbsp;D-vitamiin&nbsp;aitab&nbsp;kaasa&nbsp;vere&nbsp;normaalsele&nbsp;kaltsiumisisaldusele.&nbsp;D-vitamiin&nbsp;aitab&nbsp;kaasa&nbsp;kaltsiumi&nbsp;ja&nbsp;fosfori&nbsp;normaalsele&nbsp;imendumisele&nbsp;\/&nbsp;kasutamisele.","og_url":"https:\/\/naturalpharmaceuticals.eu\/et\/meie-tooted\/vitamin-d\/","og_site_name":"Natural Pharmaceuticals","article_modified_time":"2023-08-29T08:31:30+00:00","og_image":[{"width":760,"height":300,"url":"https:\/\/naturalpharmaceuticals.eu\/wp-content\/uploads\/sites\/2\/2020\/12\/PL_banner_760x300_v2_15_Natural_Pharmaceuticals_Vitamin_D_plus.jpg","type":"image\/jpeg"}],"twitter_card":"summary_large_image","twitter_misc":{"Est. reading time":"2 minutit"},"schema":{"@context":"https:\/\/schema.org","@graph":[{"@type":"WebPage","@id":"https:\/\/naturalpharmaceuticals.eu\/et\/meie-tooted\/vitamin-d\/","url":"https:\/\/naturalpharmaceuticals.eu\/et\/meie-tooted\/vitamin-d\/","name":"Vitamin D+ - Natural Pharmaceuticals","isPartOf":{"@id":"https:\/\/naturalpharmaceuticals.eu\/et\/#website"},"primaryImageOfPage":{"@id":"https:\/\/naturalpharmaceuticals.eu\/et\/meie-tooted\/vitamin-d\/#primaryimage"},"image":{"@id":"https:\/\/naturalpharmaceuticals.eu\/et\/meie-tooted\/vitamin-d\/#primaryimage"},"thumbnailUrl":"https:\/\/naturalpharmaceuticals.eu\/wp-content\/uploads\/sites\/2\/2020\/12\/PL_banner_760x300_v2_15_Natural_Pharmaceuticals_Vitamin_D_plus.jpg","datePublished":"2021-07-07T12:18:18+00:00","dateModified":"2023-08-29T08:31:30+00:00","breadcrumb":{"@id":"https:\/\/naturalpharmaceuticals.eu\/et\/meie-tooted\/vitamin-d\/#breadcrumb"},"inLanguage":"et","potentialAction":[{"@type":"ReadAction","target":["https:\/\/naturalpharmaceuticals.eu\/et\/meie-tooted\/vitamin-d\/"]}]},{"@type":"ImageObject","inLanguage":"et","@id":"https:\/\/naturalpharmaceuticals.eu\/et\/meie-tooted\/vitamin-d\/#primaryimage","url":"https:\/\/naturalpharmaceuticals.eu\/wp-content\/uploads\/sites\/2\/2020\/12\/PL_banner_760x300_v2_15_Natural_Pharmaceuticals_Vitamin_D_plus.jpg","contentUrl":"https:\/\/naturalpharmaceuticals.eu\/wp-content\/uploads\/sites\/2\/2020\/12\/PL_banner_760x300_v2_15_Natural_Pharmaceuticals_Vitamin_D_plus.jpg","width":760,"height":300},{"@type":"BreadcrumbList","@id":"https:\/\/naturalpharmaceuticals.eu\/et\/meie-tooted\/vitamin-d\/#breadcrumb","itemListElement":[{"@type":"ListItem","position":1,"name":"Home","item":"https:\/\/naturalpharmaceuticals.eu\/et\/"},{"@type":"ListItem","position":2,"name":"Meie tooted","item":"https:\/\/naturalpharmaceuticals.eu\/et\/meie-tooted\/"},{"@type":"ListItem","position":3,"name":"Vitamin D+"}]},{"@type":"WebSite","@id":"https:\/\/naturalpharmaceuticals.eu\/et\/#website","url":"https:\/\/naturalpharmaceuticals.eu\/et\/","name":"Natural Pharmaceuticals","description":"","publisher":{"@id":"https:\/\/naturalpharmaceuticals.eu\/et\/#organization"},"potentialAction":[{"@type":"SearchAction","target":{"@type":"EntryPoint","urlTemplate":"https:\/\/naturalpharmaceuticals.eu\/et\/?s={search_term_string}"},"query-input":{"@type":"PropertyValueSpecification","valueRequired":true,"valueName":"search_term_string"}}],"inLanguage":"et"},{"@type":"Organization","@id":"https:\/\/naturalpharmaceuticals.eu\/et\/#organization","name":"Natural Pharmaceuticals","url":"https:\/\/naturalpharmaceuticals.eu\/et\/","logo":{"@type":"ImageObject","inLanguage":"et","@id":"https:\/\/naturalpharmaceuticals.eu\/et\/#\/schema\/logo\/image\/","url":"https:\/\/naturalpharmaceuticals.eu\/wp-content\/uploads\/sites\/2\/2020\/11\/cropped-natural-pharmaceuticals-logo.png","contentUrl":"https:\/\/naturalpharmaceuticals.eu\/wp-content\/uploads\/sites\/2\/2020\/11\/cropped-natural-pharmaceuticals-logo.png","width":900,"height":323,"caption":"Natural Pharmaceuticals"},"image":{"@id":"https:\/\/naturalpharmaceuticals.eu\/et\/#\/schema\/logo\/image\/"}}]}},"jetpack_sharing_enabled":true,"_links":{"self":[{"href":"https:\/\/naturalpharmaceuticals.eu\/et\/wp-json\/wp\/v2\/pages\/5773","targetHints":{"allow":["GET"]}}],"collection":[{"href":"https:\/\/naturalpharmaceuticals.eu\/et\/wp-json\/wp\/v2\/pages"}],"about":[{"href":"https:\/\/naturalpharmaceuticals.eu\/et\/wp-json\/wp\/v2\/types\/page"}],"author":[{"embeddable":true,"href":"https:\/\/naturalpharmaceuticals.eu\/et\/wp-json\/wp\/v2\/users\/1"}],"replies":[{"embeddable":true,"href":"https:\/\/naturalpharmaceuticals.eu\/et\/wp-json\/wp\/v2\/comments?post=5773"}],"version-history":[{"count":4,"href":"https:\/\/naturalpharmaceuticals.eu\/et\/wp-json\/wp\/v2\/pages\/5773\/revisions"}],"predecessor-version":[{"id":20203,"href":"https:\/\/naturalpharmaceuticals.eu\/et\/wp-json\/wp\/v2\/pages\/5773\/revisions\/20203"}],"up":[{"embeddable":true,"href":"https:\/\/naturalpharmaceuticals.eu\/et\/wp-json\/wp\/v2\/pages\/5592"}],"wp:featuredmedia":[{"embeddable":true,"href":"https:\/\/naturalpharmaceuticals.eu\/et\/wp-json\/wp\/v2\/media\/5615"}],"wp:attachment":[{"href":"https:\/\/naturalpharmaceuticals.eu\/et\/wp-json\/wp\/v2\/media?parent=5773"}],"curies":[{"name":"wp","href":"https:\/\/api.w.org\/{rel}","templated":true}]}}