{"id":5776,"date":"2021-07-07T12:21:17","date_gmt":"2021-07-07T12:21:17","guid":{"rendered":"https:\/\/naturalpharmaceuticals.eu\/?page_id=5776"},"modified":"2021-10-06T14:05:33","modified_gmt":"2021-10-06T14:05:33","slug":"vitamin-k2","status":"publish","type":"page","link":"https:\/\/naturalpharmaceuticals.eu\/et\/meie-tooted\/vitamin-k2\/","title":{"rendered":"Vitamin K2+"},"content":{"rendered":"\n<div class=\"wp-block-group\"><div class=\"wp-block-group__inner-container is-layout-flow wp-block-group-is-layout-flow\">\n<div class=\"wp-block-columns is-layout-flex wp-container-core-columns-is-layout-1 wp-block-columns-is-layout-flex\">\n<div class=\"wp-block-column is-layout-flow wp-block-column-is-layout-flow\">\n<figure class=\"wp-block-image size-large sticky\"><img loading=\"lazy\" decoding=\"async\" width=\"768\" height=\"768\" src=\"https:\/\/naturalpharmaceuticals.eu\/wp-content\/uploads\/sites\/2\/2020\/12\/KV_www_768x768.png\" alt=\"\" class=\"wp-image-1046\" srcset=\"https:\/\/naturalpharmaceuticals.eu\/wp-content\/uploads\/sites\/2\/2020\/12\/KV_www_768x768.png 768w, https:\/\/naturalpharmaceuticals.eu\/wp-content\/uploads\/sites\/2\/2020\/12\/KV_www_768x768-300x300.png 300w, https:\/\/naturalpharmaceuticals.eu\/wp-content\/uploads\/sites\/2\/2020\/12\/KV_www_768x768-150x150.png 150w, https:\/\/naturalpharmaceuticals.eu\/wp-content\/uploads\/sites\/2\/2020\/12\/KV_www_768x768-200x200.png 200w\" sizes=\"auto, (max-width: 768px) 100vw, 768px\" \/><\/figure>\n<\/div>\n\n\n\n<div class=\"wp-block-column product-info-frame is-layout-flow wp-block-column-is-layout-flow\">\n<p style=\"font-size:18px\"><strong>Vitamin K2+<\/strong><\/p>\n\n\n\n<ul class=\"list-style-check-sign line-height-2 wp-block-list\"><li>Sisaldab&nbsp;VitaMK-7\u2019t&nbsp;\u2013&nbsp;looduslikku, kergesti omastatavat vitamiini K2 vormi&nbsp;<\/li><li>Vitamiinid&nbsp;K&nbsp;&amp;&nbsp;D&nbsp;aitavad&nbsp;luid&nbsp;tervena&nbsp;hoida&nbsp;<\/li><li>Aitab&nbsp;kaasa&nbsp;normikohasele&nbsp;vere&nbsp;h\u00fc\u00fcbimisele&nbsp;<\/li><li>V\u00e4ike,&nbsp;kergesti&nbsp;neelatav&nbsp;kapsel&nbsp;<\/li><li>Vaid&nbsp;1&nbsp;p\u00e4evas&nbsp;<\/li><li>Toodetud&nbsp;Norras&nbsp;<\/li><\/ul>\n\n\n\n<p><\/p>\n<\/div>\n<\/div>\n<\/div><\/div>\n\n\n\n<div class=\"packshot-bg-wrapper\"><div class=\"full-width-inside-container packshot-bg packshot-bg-kv\"><\/div><\/div>\n\n\n\n<p>Vitamiin\u00a0K2+\u00a0peamiste koostisosade toime inimorganismile on Euroopa Toiduohutusameti (EFSA) poolt hinnatud positiivseks:<\/p>\n\n\n\n<p>K-vitamiin&nbsp;aitab&nbsp;kaasa&nbsp;vere&nbsp;normaalsele&nbsp;h\u00fc\u00fcbimisele.&nbsp;<br>K-vitamiin&nbsp;ja&nbsp;D-vitamiin&nbsp;aitavad&nbsp;s\u00e4ilitada&nbsp;normaalseid&nbsp;luid.&nbsp;<br>D-vitamiin&nbsp;aitab&nbsp;s\u00e4ilitada&nbsp;lihaste&nbsp;normaalset&nbsp;funktsiooni.&nbsp;<br>D-vitamiin&nbsp;aitab&nbsp;s\u00e4ilitada&nbsp;normaalseid&nbsp;hambaid.&nbsp;<br>D-vitamiin&nbsp;aitab&nbsp;kaasa&nbsp;vere&nbsp;normaalsele&nbsp;kaltsiumisisaldusele.&nbsp;<br>D-vitamiin&nbsp;aitab&nbsp;kaasa&nbsp;kaltsiumi&nbsp;ja&nbsp;fosfori&nbsp;normaalsele&nbsp;imendumisele&nbsp;\/&nbsp;kasutamisele.&nbsp;<\/p>\n\n\n<div role=\"tabpanel\" class=\"wp-block-ub-tabbed-content-tab-content-wrap ub-hide\"\n        id=\"ub-tabbed-content--panel-0\" aria-labelledby=\"ub-tabbed-content--tab-0\" tabindex=\"0\">\n\n<p><a href=\"https:\/\/nordicmed.natural.pl\/?page_id=326\">Preview in new tab(opens in a new tab)<\/a><\/p>\n\n\n\n<p>reviews<\/p>\n\n<\/div>\n\n<div role=\"tabpanel\" class=\"wp-block-ub-tabbed-content-tab-content-wrap ub-hide\"\n        id=\"ub-tabbed-content--panel-1\" aria-labelledby=\"ub-tabbed-content--tab-1\" tabindex=\"0\">\n\n<p><\/p>\n\n<\/div>\n\n<div role=\"tabpanel\" class=\"wp-block-ub-tabbed-content-tab-content-wrap ub-hide\"\n        id=\"ub-tabbed-content--panel-2\" aria-labelledby=\"ub-tabbed-content--tab-2\" tabindex=\"0\">\n\n<p><\/p>\n\n<\/div>\n\n<div class=\"wp-block-ub-tabbed-content-block wp-block-ub-tabbed-content wp-block-ub-tabbed-content-holder wp-block-ub-tabbed-content-horizontal-holder-mobile wp-block-ub-tabbed-content-horizontal-holder-tablet\" id=\"ub-tabbed-content-7cffc860-e931-42ba-921c-1d094de05f44\">\n\t\t\t<div class=\"wp-block-ub-tabbed-content-tab-holder horizontal-tab-width-mobile horizontal-tab-width-tablet\">\n\t\t\t\t<div role=\"tablist\" class=\"wp-block-ub-tabbed-content-tabs-title wp-block-ub-tabbed-content-tabs-title-mobile-horizontal-tab wp-block-ub-tabbed-content-tabs-title-tablet-horizontal-tab\"><div role=\"tab\" id=\"ub-tabbed-content-7cffc860-e931-42ba-921c-1d094de05f44-tab-0\" aria-controls=\"ub-tabbed-content-7cffc860-e931-42ba-921c-1d094de05f44-panel-0\" aria-selected=\"true\" class=\"wp-block-ub-tabbed-content-tab-title-wrap active\" style=\"\" tabindex=\"-1\">\n\t\t\t\t<div class=\"wp-block-ub-tabbed-content-tab-title\">Toitumisalane teave<\/div>\n\t\t\t<\/div><\/div>\n\t\t\t<\/div>\n\t\t\t<div class=\"wp-block-ub-tabbed-content-tabs-content\" style=\"\"><div role=\"tabpanel\" class=\"wp-block-ub-tabbed-content-tab-content-wrap active\"\n        id=\"ub-tabbed-content-7cffc860-e931-42ba-921c-1d094de05f44-panel-0\" aria-labelledby=\"ub-tabbed-content-7cffc860-e931-42ba-921c-1d094de05f44-tab-0\" tabindex=\"0\">\n\n<p>Vitamin K2+<\/p>\n\n\n\n<figure class=\"wp-block-table is-style-borders\"><table><tbody><tr><th>Koostis<\/th><th>1 kapslis<\/th><th>% PVK *<\/th><\/tr><tr><td>Vitamiin K<\/td><td>75 \u03bcg<\/td><td>100<\/td><\/tr><tr><td>Vitamiin D<\/td><td>5 \u03bcg<\/td><td>100<\/td><\/tr><\/tbody><\/table><\/figure>\n\n\n\n<p><strong>*&nbsp;PVK&nbsp;\u2013&nbsp;p\u00e4evane&nbsp;v\u00f5rdluskogus<\/strong>&nbsp;<\/p>\n\n\n\n<p><strong>Koostisosad:&nbsp;<\/strong>keskmise&nbsp;ahelaga&nbsp;trigl\u00fctseriidid&nbsp;(kookose\u00f5list),&nbsp;\u017eelatiin&nbsp;sealihast,&nbsp;stabilisaator-gl\u00fctserool,&nbsp;MK-7&nbsp;(menakinoon-7&nbsp;p\u00e4rit&nbsp;Bacillus&nbsp;subtilis&nbsp;nattost),&nbsp;v\u00e4rvaine-&nbsp;metalli&nbsp;oksiidid&nbsp;ja&nbsp;h\u00fcdroksiidid,&nbsp;kolekaltsiferool.&nbsp;<\/p>\n\n\n\n<p><strong>Vitamin&nbsp;K2+&nbsp;\u2013&nbsp;\u00fcks&nbsp;kapsel&nbsp;p\u00e4evas<\/strong>&nbsp;<\/p>\n\n\n\n<p><strong>Kuidas&nbsp;kasutada:<\/strong>&nbsp;Vitamin&nbsp;K2+&nbsp;koostisosad&nbsp;aitavad&nbsp;toetada&nbsp;luude&nbsp;tervist&nbsp;ja&nbsp;normaalset&nbsp;vere&nbsp;h\u00fc\u00fcbimist.&nbsp;<\/p>\n\n\n\n<p><strong>P\u00e4eva&nbsp;jooksul&nbsp;manustamiseks&nbsp;soovitatav&nbsp;toote&nbsp;portsjon:<\/strong>&nbsp;1&nbsp;kapsel&nbsp;p\u00e4evas&nbsp;<\/p>\n\n\n\n<p><strong>Netokogus:<\/strong>&nbsp;172,8&nbsp;g&nbsp;(360&nbsp;kapslit&nbsp;480&nbsp;mg)&nbsp;<\/p>\n\n\n\n<p>Toidulisandid ei asenda tasakaalustatud ja mitmekesist toitumist. Hoida lastele k\u00e4ttesaamatus kohas. \u00c4rge \u00fcletage soovitatud p\u00e4evast annust. Toodet ei tohi tarbida inimesed, kes v\u00f5tavad antikoagulante, rasedad ja imetavad naised. Inimesed, kes v\u00f5tavad ravimeid, peaksid enne selle toote kasutamist konsulteerima arstiga.<\/p>\n\n\n\n<p><strong>Kehtivus<\/strong>:&nbsp;kuni&nbsp;pakendile&nbsp;kirjutatud&nbsp;kuup\u00e4evani&nbsp;<\/p>\n\n\n\n<p><strong>Tootepartii<\/strong>:&nbsp;kirjutatud&nbsp;pakendile&nbsp;<\/p>\n\n\n\n<p><strong>M\u00e4rkused<\/strong>:&nbsp;Hoida&nbsp;kapsleid&nbsp;toatemperatuuril,&nbsp;umbes&nbsp;20\u00b0C&nbsp;kuivas&nbsp;ja&nbsp;p\u00e4ikesevarjulises&nbsp;kohas.&nbsp;<\/p>\n\n\n\n<p><strong>Toodetud&nbsp;Norras&nbsp;Pharmatech&nbsp;AS<\/strong>&nbsp;poolt&nbsp;<br>Natural&nbsp;Pharmaceuticals&nbsp;Sp.&nbsp;z&nbsp;o.o.&nbsp;<\/p>\n\n\n\n<p><strong>Edasim\u00fc\u00fcja<\/strong>:&nbsp;Natural&nbsp;Pharmaceuticals&nbsp;Sp.&nbsp;z&nbsp;o.o.&nbsp;<br>Domaniewska&nbsp;28,&nbsp;02-672&nbsp;Varssavi,&nbsp;Poola<\/p>\n\n\n\n<p><\/p>\n\n<\/div><\/div>\n\t\t<\/div>\n\n\n<figure class=\"wp-block-image alignfull size-full\"><img loading=\"lazy\" decoding=\"async\" width=\"1520\" height=\"500\" src=\"https:\/\/naturalpharmaceuticals.eu\/wp-content\/uploads\/sites\/2\/2021\/02\/Natural_Pharmaceuticals_Vitamin_K2_IMG_7535_K_a-min.jpg\" alt=\"\" class=\"wp-image-2562\" srcset=\"https:\/\/naturalpharmaceuticals.eu\/wp-content\/uploads\/sites\/2\/2021\/02\/Natural_Pharmaceuticals_Vitamin_K2_IMG_7535_K_a-min.jpg 1520w, https:\/\/naturalpharmaceuticals.eu\/wp-content\/uploads\/sites\/2\/2021\/02\/Natural_Pharmaceuticals_Vitamin_K2_IMG_7535_K_a-min-300x99.jpg 300w, https:\/\/naturalpharmaceuticals.eu\/wp-content\/uploads\/sites\/2\/2021\/02\/Natural_Pharmaceuticals_Vitamin_K2_IMG_7535_K_a-min-1024x337.jpg 1024w, https:\/\/naturalpharmaceuticals.eu\/wp-content\/uploads\/sites\/2\/2021\/02\/Natural_Pharmaceuticals_Vitamin_K2_IMG_7535_K_a-min-768x253.jpg 768w\" sizes=\"auto, (max-width: 1520px) 100vw, 1520px\" \/><\/figure>\n\n\n\n<p><\/p>\n","protected":false},"excerpt":{"rendered":"<p>Vitamin K2+ Sisaldab&nbsp;VitaMK-7\u2019t&nbsp;\u2013&nbsp;looduslikku, kergesti omastatavat vitamiini K2 vormi&nbsp; Vitamiinid&nbsp;K&nbsp;&amp;&nbsp;D&nbsp;aitavad&nbsp;luid&nbsp;tervena&nbsp;hoida&nbsp; Aitab&nbsp;kaasa&nbsp;normikohasele&nbsp;vere&nbsp;h\u00fc\u00fcbimisele&nbsp; V\u00e4ike,&nbsp;kergesti&nbsp;neelatav&nbsp;kapsel&nbsp; Vaid&nbsp;1&nbsp;p\u00e4evas&nbsp; Toodetud&nbsp;Norras&nbsp; Vitamiin\u00a0K2+\u00a0peamiste koostisosade toime inimorganismile on Euroopa Toiduohutusameti (EFSA) poolt hinnatud positiivseks: K-vitamiin&nbsp;aitab&nbsp;kaasa&nbsp;vere&nbsp;normaalsele&nbsp;h\u00fc\u00fcbimisele.&nbsp;K-vitamiin&nbsp;ja&nbsp;D-vitamiin&nbsp;aitavad&nbsp;s\u00e4ilitada&nbsp;normaalseid&nbsp;luid.&nbsp;D-vitamiin&nbsp;aitab&nbsp;s\u00e4ilitada&nbsp;lihaste&nbsp;normaalset&nbsp;funktsiooni.&nbsp;D-vitamiin&nbsp;aitab&nbsp;s\u00e4ilitada&nbsp;normaalseid&nbsp;hambaid.&nbsp;D-vitamiin&nbsp;aitab&nbsp;kaasa&nbsp;vere&nbsp;normaalsele&nbsp;kaltsiumisisaldusele.&nbsp;D-vitamiin&nbsp;aitab&nbsp;kaasa&nbsp;kaltsiumi&nbsp;ja&nbsp;fosfori&nbsp;normaalsele&nbsp;imendumisele&nbsp;\/&nbsp;kasutamisele.&nbsp;<\/p>\n","protected":false},"author":1,"featured_media":5607,"parent":5592,"menu_order":0,"comment_status":"closed","ping_status":"closed","template":"templates\/grid-full-width-page.php","meta":{"ub_ctt_via":"","footnotes":""},"class_list":["post-5776","page","type-page","status-publish","has-post-thumbnail","hentry"],"featured_image_src":"https:\/\/naturalpharmaceuticals.eu\/wp-content\/uploads\/sites\/2\/2020\/12\/PL_banner_760x300_v2_9_Natural_Pharmaceuticals_Vitamin_K2.jpg","yoast_head":"<!-- This site is optimized with the Yoast SEO plugin v24.4 - https:\/\/yoast.com\/wordpress\/plugins\/seo\/ -->\n<title>Vitamin K2+ - Natural Pharmaceuticals<\/title>\n<meta name=\"robots\" content=\"index, follow, max-snippet:-1, max-image-preview:large, max-video-preview:-1\" \/>\n<link rel=\"canonical\" href=\"https:\/\/naturalpharmaceuticals.eu\/et\/meie-tooted\/vitamin-k2\/\" \/>\n<meta property=\"og:locale\" content=\"et_EE\" \/>\n<meta property=\"og:type\" content=\"article\" \/>\n<meta property=\"og:title\" content=\"Vitamin K2+ - Natural Pharmaceuticals\" \/>\n<meta property=\"og:description\" content=\"Vitamin K2+ Sisaldab&nbsp;VitaMK-7\u2019t&nbsp;\u2013&nbsp;looduslikku, kergesti omastatavat vitamiini K2 vormi&nbsp; Vitamiinid&nbsp;K&nbsp;&amp;&nbsp;D&nbsp;aitavad&nbsp;luid&nbsp;tervena&nbsp;hoida&nbsp; Aitab&nbsp;kaasa&nbsp;normikohasele&nbsp;vere&nbsp;h\u00fc\u00fcbimisele&nbsp; V\u00e4ike,&nbsp;kergesti&nbsp;neelatav&nbsp;kapsel&nbsp; Vaid&nbsp;1&nbsp;p\u00e4evas&nbsp; Toodetud&nbsp;Norras&nbsp; Vitamiin\u00a0K2+\u00a0peamiste koostisosade toime inimorganismile on Euroopa Toiduohutusameti (EFSA) poolt hinnatud positiivseks: K-vitamiin&nbsp;aitab&nbsp;kaasa&nbsp;vere&nbsp;normaalsele&nbsp;h\u00fc\u00fcbimisele.&nbsp;K-vitamiin&nbsp;ja&nbsp;D-vitamiin&nbsp;aitavad&nbsp;s\u00e4ilitada&nbsp;normaalseid&nbsp;luid.&nbsp;D-vitamiin&nbsp;aitab&nbsp;s\u00e4ilitada&nbsp;lihaste&nbsp;normaalset&nbsp;funktsiooni.&nbsp;D-vitamiin&nbsp;aitab&nbsp;s\u00e4ilitada&nbsp;normaalseid&nbsp;hambaid.&nbsp;D-vitamiin&nbsp;aitab&nbsp;kaasa&nbsp;vere&nbsp;normaalsele&nbsp;kaltsiumisisaldusele.&nbsp;D-vitamiin&nbsp;aitab&nbsp;kaasa&nbsp;kaltsiumi&nbsp;ja&nbsp;fosfori&nbsp;normaalsele&nbsp;imendumisele&nbsp;\/&nbsp;kasutamisele.&nbsp;\" \/>\n<meta property=\"og:url\" content=\"https:\/\/naturalpharmaceuticals.eu\/et\/meie-tooted\/vitamin-k2\/\" \/>\n<meta property=\"og:site_name\" content=\"Natural Pharmaceuticals\" \/>\n<meta property=\"article:modified_time\" content=\"2021-10-06T14:05:33+00:00\" \/>\n<meta property=\"og:image\" content=\"https:\/\/naturalpharmaceuticals.eu\/wp-content\/uploads\/sites\/2\/2020\/12\/PL_banner_760x300_v2_9_Natural_Pharmaceuticals_Vitamin_K2.jpg\" \/>\n\t<meta property=\"og:image:width\" content=\"760\" \/>\n\t<meta property=\"og:image:height\" content=\"300\" \/>\n\t<meta property=\"og:image:type\" content=\"image\/jpeg\" \/>\n<meta name=\"twitter:card\" content=\"summary_large_image\" \/>\n<meta name=\"twitter:label1\" content=\"Est. reading time\" \/>\n\t<meta name=\"twitter:data1\" content=\"1 minut\" \/>\n<script type=\"application\/ld+json\" class=\"yoast-schema-graph\">{\"@context\":\"https:\/\/schema.org\",\"@graph\":[{\"@type\":\"WebPage\",\"@id\":\"https:\/\/naturalpharmaceuticals.eu\/et\/meie-tooted\/vitamin-k2\/\",\"url\":\"https:\/\/naturalpharmaceuticals.eu\/et\/meie-tooted\/vitamin-k2\/\",\"name\":\"Vitamin K2+ - Natural Pharmaceuticals\",\"isPartOf\":{\"@id\":\"https:\/\/naturalpharmaceuticals.eu\/et\/#website\"},\"primaryImageOfPage\":{\"@id\":\"https:\/\/naturalpharmaceuticals.eu\/et\/meie-tooted\/vitamin-k2\/#primaryimage\"},\"image\":{\"@id\":\"https:\/\/naturalpharmaceuticals.eu\/et\/meie-tooted\/vitamin-k2\/#primaryimage\"},\"thumbnailUrl\":\"https:\/\/naturalpharmaceuticals.eu\/wp-content\/uploads\/sites\/2\/2020\/12\/PL_banner_760x300_v2_9_Natural_Pharmaceuticals_Vitamin_K2.jpg\",\"datePublished\":\"2021-07-07T12:21:17+00:00\",\"dateModified\":\"2021-10-06T14:05:33+00:00\",\"breadcrumb\":{\"@id\":\"https:\/\/naturalpharmaceuticals.eu\/et\/meie-tooted\/vitamin-k2\/#breadcrumb\"},\"inLanguage\":\"et\",\"potentialAction\":[{\"@type\":\"ReadAction\",\"target\":[\"https:\/\/naturalpharmaceuticals.eu\/et\/meie-tooted\/vitamin-k2\/\"]}]},{\"@type\":\"ImageObject\",\"inLanguage\":\"et\",\"@id\":\"https:\/\/naturalpharmaceuticals.eu\/et\/meie-tooted\/vitamin-k2\/#primaryimage\",\"url\":\"https:\/\/naturalpharmaceuticals.eu\/wp-content\/uploads\/sites\/2\/2020\/12\/PL_banner_760x300_v2_9_Natural_Pharmaceuticals_Vitamin_K2.jpg\",\"contentUrl\":\"https:\/\/naturalpharmaceuticals.eu\/wp-content\/uploads\/sites\/2\/2020\/12\/PL_banner_760x300_v2_9_Natural_Pharmaceuticals_Vitamin_K2.jpg\",\"width\":760,\"height\":300},{\"@type\":\"BreadcrumbList\",\"@id\":\"https:\/\/naturalpharmaceuticals.eu\/et\/meie-tooted\/vitamin-k2\/#breadcrumb\",\"itemListElement\":[{\"@type\":\"ListItem\",\"position\":1,\"name\":\"Home\",\"item\":\"https:\/\/naturalpharmaceuticals.eu\/et\/\"},{\"@type\":\"ListItem\",\"position\":2,\"name\":\"Meie tooted\",\"item\":\"https:\/\/naturalpharmaceuticals.eu\/et\/meie-tooted\/\"},{\"@type\":\"ListItem\",\"position\":3,\"name\":\"Vitamin K2+\"}]},{\"@type\":\"WebSite\",\"@id\":\"https:\/\/naturalpharmaceuticals.eu\/et\/#website\",\"url\":\"https:\/\/naturalpharmaceuticals.eu\/et\/\",\"name\":\"Natural Pharmaceuticals\",\"description\":\"\",\"publisher\":{\"@id\":\"https:\/\/naturalpharmaceuticals.eu\/et\/#organization\"},\"potentialAction\":[{\"@type\":\"SearchAction\",\"target\":{\"@type\":\"EntryPoint\",\"urlTemplate\":\"https:\/\/naturalpharmaceuticals.eu\/et\/?s={search_term_string}\"},\"query-input\":{\"@type\":\"PropertyValueSpecification\",\"valueRequired\":true,\"valueName\":\"search_term_string\"}}],\"inLanguage\":\"et\"},{\"@type\":\"Organization\",\"@id\":\"https:\/\/naturalpharmaceuticals.eu\/et\/#organization\",\"name\":\"Natural Pharmaceuticals\",\"url\":\"https:\/\/naturalpharmaceuticals.eu\/et\/\",\"logo\":{\"@type\":\"ImageObject\",\"inLanguage\":\"et\",\"@id\":\"https:\/\/naturalpharmaceuticals.eu\/et\/#\/schema\/logo\/image\/\",\"url\":\"https:\/\/naturalpharmaceuticals.eu\/wp-content\/uploads\/sites\/2\/2020\/11\/cropped-natural-pharmaceuticals-logo.png\",\"contentUrl\":\"https:\/\/naturalpharmaceuticals.eu\/wp-content\/uploads\/sites\/2\/2020\/11\/cropped-natural-pharmaceuticals-logo.png\",\"width\":900,\"height\":323,\"caption\":\"Natural Pharmaceuticals\"},\"image\":{\"@id\":\"https:\/\/naturalpharmaceuticals.eu\/et\/#\/schema\/logo\/image\/\"}}]}<\/script>\n<!-- \/ Yoast SEO plugin. -->","yoast_head_json":{"title":"Vitamin K2+ - Natural Pharmaceuticals","robots":{"index":"index","follow":"follow","max-snippet":"max-snippet:-1","max-image-preview":"max-image-preview:large","max-video-preview":"max-video-preview:-1"},"canonical":"https:\/\/naturalpharmaceuticals.eu\/et\/meie-tooted\/vitamin-k2\/","og_locale":"et_EE","og_type":"article","og_title":"Vitamin K2+ - Natural Pharmaceuticals","og_description":"Vitamin K2+ Sisaldab&nbsp;VitaMK-7\u2019t&nbsp;\u2013&nbsp;looduslikku, kergesti omastatavat vitamiini K2 vormi&nbsp; Vitamiinid&nbsp;K&nbsp;&amp;&nbsp;D&nbsp;aitavad&nbsp;luid&nbsp;tervena&nbsp;hoida&nbsp; Aitab&nbsp;kaasa&nbsp;normikohasele&nbsp;vere&nbsp;h\u00fc\u00fcbimisele&nbsp; V\u00e4ike,&nbsp;kergesti&nbsp;neelatav&nbsp;kapsel&nbsp; Vaid&nbsp;1&nbsp;p\u00e4evas&nbsp; Toodetud&nbsp;Norras&nbsp; Vitamiin\u00a0K2+\u00a0peamiste koostisosade toime inimorganismile on Euroopa Toiduohutusameti (EFSA) poolt hinnatud positiivseks: K-vitamiin&nbsp;aitab&nbsp;kaasa&nbsp;vere&nbsp;normaalsele&nbsp;h\u00fc\u00fcbimisele.&nbsp;K-vitamiin&nbsp;ja&nbsp;D-vitamiin&nbsp;aitavad&nbsp;s\u00e4ilitada&nbsp;normaalseid&nbsp;luid.&nbsp;D-vitamiin&nbsp;aitab&nbsp;s\u00e4ilitada&nbsp;lihaste&nbsp;normaalset&nbsp;funktsiooni.&nbsp;D-vitamiin&nbsp;aitab&nbsp;s\u00e4ilitada&nbsp;normaalseid&nbsp;hambaid.&nbsp;D-vitamiin&nbsp;aitab&nbsp;kaasa&nbsp;vere&nbsp;normaalsele&nbsp;kaltsiumisisaldusele.&nbsp;D-vitamiin&nbsp;aitab&nbsp;kaasa&nbsp;kaltsiumi&nbsp;ja&nbsp;fosfori&nbsp;normaalsele&nbsp;imendumisele&nbsp;\/&nbsp;kasutamisele.&nbsp;","og_url":"https:\/\/naturalpharmaceuticals.eu\/et\/meie-tooted\/vitamin-k2\/","og_site_name":"Natural Pharmaceuticals","article_modified_time":"2021-10-06T14:05:33+00:00","og_image":[{"width":760,"height":300,"url":"https:\/\/naturalpharmaceuticals.eu\/wp-content\/uploads\/sites\/2\/2020\/12\/PL_banner_760x300_v2_9_Natural_Pharmaceuticals_Vitamin_K2.jpg","type":"image\/jpeg"}],"twitter_card":"summary_large_image","twitter_misc":{"Est. reading time":"1 minut"},"schema":{"@context":"https:\/\/schema.org","@graph":[{"@type":"WebPage","@id":"https:\/\/naturalpharmaceuticals.eu\/et\/meie-tooted\/vitamin-k2\/","url":"https:\/\/naturalpharmaceuticals.eu\/et\/meie-tooted\/vitamin-k2\/","name":"Vitamin K2+ - Natural Pharmaceuticals","isPartOf":{"@id":"https:\/\/naturalpharmaceuticals.eu\/et\/#website"},"primaryImageOfPage":{"@id":"https:\/\/naturalpharmaceuticals.eu\/et\/meie-tooted\/vitamin-k2\/#primaryimage"},"image":{"@id":"https:\/\/naturalpharmaceuticals.eu\/et\/meie-tooted\/vitamin-k2\/#primaryimage"},"thumbnailUrl":"https:\/\/naturalpharmaceuticals.eu\/wp-content\/uploads\/sites\/2\/2020\/12\/PL_banner_760x300_v2_9_Natural_Pharmaceuticals_Vitamin_K2.jpg","datePublished":"2021-07-07T12:21:17+00:00","dateModified":"2021-10-06T14:05:33+00:00","breadcrumb":{"@id":"https:\/\/naturalpharmaceuticals.eu\/et\/meie-tooted\/vitamin-k2\/#breadcrumb"},"inLanguage":"et","potentialAction":[{"@type":"ReadAction","target":["https:\/\/naturalpharmaceuticals.eu\/et\/meie-tooted\/vitamin-k2\/"]}]},{"@type":"ImageObject","inLanguage":"et","@id":"https:\/\/naturalpharmaceuticals.eu\/et\/meie-tooted\/vitamin-k2\/#primaryimage","url":"https:\/\/naturalpharmaceuticals.eu\/wp-content\/uploads\/sites\/2\/2020\/12\/PL_banner_760x300_v2_9_Natural_Pharmaceuticals_Vitamin_K2.jpg","contentUrl":"https:\/\/naturalpharmaceuticals.eu\/wp-content\/uploads\/sites\/2\/2020\/12\/PL_banner_760x300_v2_9_Natural_Pharmaceuticals_Vitamin_K2.jpg","width":760,"height":300},{"@type":"BreadcrumbList","@id":"https:\/\/naturalpharmaceuticals.eu\/et\/meie-tooted\/vitamin-k2\/#breadcrumb","itemListElement":[{"@type":"ListItem","position":1,"name":"Home","item":"https:\/\/naturalpharmaceuticals.eu\/et\/"},{"@type":"ListItem","position":2,"name":"Meie tooted","item":"https:\/\/naturalpharmaceuticals.eu\/et\/meie-tooted\/"},{"@type":"ListItem","position":3,"name":"Vitamin K2+"}]},{"@type":"WebSite","@id":"https:\/\/naturalpharmaceuticals.eu\/et\/#website","url":"https:\/\/naturalpharmaceuticals.eu\/et\/","name":"Natural Pharmaceuticals","description":"","publisher":{"@id":"https:\/\/naturalpharmaceuticals.eu\/et\/#organization"},"potentialAction":[{"@type":"SearchAction","target":{"@type":"EntryPoint","urlTemplate":"https:\/\/naturalpharmaceuticals.eu\/et\/?s={search_term_string}"},"query-input":{"@type":"PropertyValueSpecification","valueRequired":true,"valueName":"search_term_string"}}],"inLanguage":"et"},{"@type":"Organization","@id":"https:\/\/naturalpharmaceuticals.eu\/et\/#organization","name":"Natural Pharmaceuticals","url":"https:\/\/naturalpharmaceuticals.eu\/et\/","logo":{"@type":"ImageObject","inLanguage":"et","@id":"https:\/\/naturalpharmaceuticals.eu\/et\/#\/schema\/logo\/image\/","url":"https:\/\/naturalpharmaceuticals.eu\/wp-content\/uploads\/sites\/2\/2020\/11\/cropped-natural-pharmaceuticals-logo.png","contentUrl":"https:\/\/naturalpharmaceuticals.eu\/wp-content\/uploads\/sites\/2\/2020\/11\/cropped-natural-pharmaceuticals-logo.png","width":900,"height":323,"caption":"Natural Pharmaceuticals"},"image":{"@id":"https:\/\/naturalpharmaceuticals.eu\/et\/#\/schema\/logo\/image\/"}}]}},"jetpack_sharing_enabled":true,"_links":{"self":[{"href":"https:\/\/naturalpharmaceuticals.eu\/et\/wp-json\/wp\/v2\/pages\/5776","targetHints":{"allow":["GET"]}}],"collection":[{"href":"https:\/\/naturalpharmaceuticals.eu\/et\/wp-json\/wp\/v2\/pages"}],"about":[{"href":"https:\/\/naturalpharmaceuticals.eu\/et\/wp-json\/wp\/v2\/types\/page"}],"author":[{"embeddable":true,"href":"https:\/\/naturalpharmaceuticals.eu\/et\/wp-json\/wp\/v2\/users\/1"}],"replies":[{"embeddable":true,"href":"https:\/\/naturalpharmaceuticals.eu\/et\/wp-json\/wp\/v2\/comments?post=5776"}],"version-history":[{"count":3,"href":"https:\/\/naturalpharmaceuticals.eu\/et\/wp-json\/wp\/v2\/pages\/5776\/revisions"}],"predecessor-version":[{"id":7310,"href":"https:\/\/naturalpharmaceuticals.eu\/et\/wp-json\/wp\/v2\/pages\/5776\/revisions\/7310"}],"up":[{"embeddable":true,"href":"https:\/\/naturalpharmaceuticals.eu\/et\/wp-json\/wp\/v2\/pages\/5592"}],"wp:featuredmedia":[{"embeddable":true,"href":"https:\/\/naturalpharmaceuticals.eu\/et\/wp-json\/wp\/v2\/media\/5607"}],"wp:attachment":[{"href":"https:\/\/naturalpharmaceuticals.eu\/et\/wp-json\/wp\/v2\/media?parent=5776"}],"curies":[{"name":"wp","href":"https:\/\/api.w.org\/{rel}","templated":true}]}}