{"id":5057,"date":"2021-06-02T14:00:18","date_gmt":"2021-06-02T14:00:18","guid":{"rendered":"https:\/\/naturalpharmaceuticals.eu\/?page_id=5057"},"modified":"2023-06-13T09:01:34","modified_gmt":"2023-06-13T09:01:34","slug":"nasa-jamstva","status":"publish","type":"page","link":"https:\/\/naturalpharmaceuticals.eu\/hr\/nasa-jamstva\/","title":{"rendered":"Na\u0161a jamstva"},"content":{"rendered":"\n<h2 class=\"wp-block-heading\"><strong>Dobra proizvo\u0111a\u010dka praksa<\/strong><\/h2>\n\n\n\n<p>Na\u0161i dodaci&nbsp;prehrani&nbsp;proizvedeni su u skladu s dobrom proizvo\u0111a\u010dkom praksom (GMP), me\u0111unarodnim standardom koji koristi farmaceutska i prehrambena industrija. Ovi standardi jam\u010de visoku kvalitetu i \u010disto\u0107u na\u0161ih sastojaka, kao i potpunu kontrolu nad&nbsp;porijeklom&nbsp;i kvalitetom tih sastojaka.<\/p>\n\n\n<div class=\"wp-block-image\">\n<figure class=\"aligncenter size-large\"><a href=\"\/wp-content\/uploads\/sites\/2\/2020\/12\/Statement-GMP-26.09.2019.pdf\" target=\"_blank\" rel=\"noopener\"><img loading=\"lazy\" decoding=\"async\" width=\"724\" height=\"1024\" src=\"https:\/\/naturalpharmaceuticals.eu\/wp-content\/uploads\/sites\/2\/2020\/10\/Statement-GMP-26-724x1024.jpg\" alt=\"\" class=\"wp-image-513\" srcset=\"https:\/\/naturalpharmaceuticals.eu\/wp-content\/uploads\/sites\/2\/2020\/10\/Statement-GMP-26-724x1024.jpg 724w, https:\/\/naturalpharmaceuticals.eu\/wp-content\/uploads\/sites\/2\/2020\/10\/Statement-GMP-26-212x300.jpg 212w, https:\/\/naturalpharmaceuticals.eu\/wp-content\/uploads\/sites\/2\/2020\/10\/Statement-GMP-26-768x1086.jpg 768w, https:\/\/naturalpharmaceuticals.eu\/wp-content\/uploads\/sites\/2\/2020\/10\/Statement-GMP-26-1087x1536.jpg 1087w, https:\/\/naturalpharmaceuticals.eu\/wp-content\/uploads\/sites\/2\/2020\/10\/Statement-GMP-26-1449x2048.jpg 1449w, https:\/\/naturalpharmaceuticals.eu\/wp-content\/uploads\/sites\/2\/2020\/10\/Statement-GMP-26-scaled.jpg 1811w\" sizes=\"auto, (max-width: 724px) 100vw, 724px\" \/><\/a><\/figure><\/div>\n\n\n<h2 class=\"wp-block-heading\"><strong>Ponosni smo \u010dlan GOED-a.<\/strong><\/h2>\n\n\n\n<div class=\"wp-block-media-text has-media-on-the-right is-stacked-on-mobile pr-2em\" style=\"grid-template-columns:auto 15%\"><div class=\"wp-block-media-text__content\">\n<p>Globalna organizacija za EPA i DHA Omega-3 (GOED) osnovana je 2006. godine u SAD-u.&nbsp;Njezina&nbsp;je misija pove\u0107ati svijest o Omega-3 u cijelom svijetu i osigurati da&nbsp;njezini&nbsp;\u010dlanovi proizvode kvalitetne proizvode kojima potro\u0161a\u010di mogu vjerovati.<\/p>\n\n\n\n<p>Osnovna djelatnost GOED-a&nbsp;sastoji se od informiranja potro\u0161a\u010da o klju\u010dnoj ulozi DHA i EPA u ljudskom organizmu.<\/p>\n\n\n\n<p>Na\u0161u posjetnicu mo\u017eete pogledati na web stranici GOED <a href=\"https:\/\/goedomega3.com\/members\/member\/natural-pharmaceuticals\">ovdje<\/a>.<\/p>\n<\/div><figure class=\"wp-block-media-text__media\"><img loading=\"lazy\" decoding=\"async\" width=\"854\" height=\"1117\" src=\"https:\/\/naturalpharmaceuticals.eu\/wp-content\/uploads\/sites\/2\/2020\/10\/goed_member_logo-Hi-res.png\" alt=\"\" class=\"wp-image-517 size-full\" srcset=\"https:\/\/naturalpharmaceuticals.eu\/wp-content\/uploads\/sites\/2\/2020\/10\/goed_member_logo-Hi-res.png 854w, https:\/\/naturalpharmaceuticals.eu\/wp-content\/uploads\/sites\/2\/2020\/10\/goed_member_logo-Hi-res-229x300.png 229w, https:\/\/naturalpharmaceuticals.eu\/wp-content\/uploads\/sites\/2\/2020\/10\/goed_member_logo-Hi-res-783x1024.png 783w, https:\/\/naturalpharmaceuticals.eu\/wp-content\/uploads\/sites\/2\/2020\/10\/goed_member_logo-Hi-res-768x1005.png 768w\" sizes=\"auto, (max-width: 854px) 100vw, 854px\" \/><\/figure><\/div>\n\n\n\n<h2 class=\"wp-block-heading\"><strong>Prvi smo na svijetu dobili certifikat ORIVO.<\/strong><\/h2>\n\n\n\n<div class=\"wp-block-media-text has-media-on-the-right is-stacked-on-mobile pr-2em\" style=\"grid-template-columns:auto 15%\"><div class=\"wp-block-media-text__content\">\n<p>ORIVO testiranje bilo je prvo ispitivanje na svijetu&nbsp;koje je provjeravalo porijeklo&nbsp;ribljeg ulja koje se koristi u proizvodnji dodataka prehrani. Tako\u0111er potvr\u0111uje sastav ispitivanog dodatka&nbsp;prehrani. U osnovi, potro\u0161a\u010du djeluje kao jamstvo da odabire visokokvalitetni, dokazani proizvod.&nbsp;OmegaMarine&nbsp;Forte+ bio je prvi dodatak na svijetu koji je pro\u0161ao ovo testiranje i dobio ORIVO certifikat.<\/p>\n\n\n\n<blockquote class=\"wp-block-quote is-layout-flow wp-block-quote-is-layout-flow\">\n<p>Uvijek smo bili sigurni u svoje dobavlja\u010de, pa nas ne \u010dudi da je test ORIVO potvrdio i sastav i&nbsp;porijeklo&nbsp;na\u0161eg&nbsp;OmegaMarine&nbsp;Forte+. Na tr\u017ei\u0161tu postoji \u0161irok&nbsp;asortiman&nbsp;Omega-3 proizvoda, ali&nbsp;porijeklo&nbsp;ribljeg ulja te\u0161ko je&nbsp;utvrditi. Zbog toga smo odlu\u010dili za\u0161tititi svoj&nbsp;brend&nbsp;i koristiti ORIVO&nbsp;ispitivanje.<\/p>\n<cite><em>Jonas&nbsp;T\u00f6rquist,&nbsp;Generalni&nbsp;direktor<\/em><\/cite><\/blockquote>\n\n\n\n<p>Da biste saznali vi\u0161e, posjetite <a href=\"https:\/\/orivo.no\/\">ORIVO<\/a>.<\/p>\n<\/div><figure class=\"wp-block-media-text__media\"><img loading=\"lazy\" decoding=\"async\" width=\"600\" height=\"606\" src=\"https:\/\/naturalpharmaceuticals.eu\/wp-content\/uploads\/sites\/2\/2023\/06\/orivo-verified-origin-8-years.png\" alt=\"\" class=\"wp-image-19334 size-full\" srcset=\"https:\/\/naturalpharmaceuticals.eu\/wp-content\/uploads\/sites\/2\/2023\/06\/orivo-verified-origin-8-years.png 600w, https:\/\/naturalpharmaceuticals.eu\/wp-content\/uploads\/sites\/2\/2023\/06\/orivo-verified-origin-8-years-297x300.png 297w\" sizes=\"auto, (max-width: 600px) 100vw, 600px\" \/><\/figure><\/div>\n\n\n\n<h2 class=\"wp-block-heading\"><strong>Osiguranje kvalitete<\/strong><\/h2>\n\n\n\n<p>Pharmatech&nbsp;AS koji proizvodi sve na\u0161e dodatke&nbsp;prehrani&nbsp;pod strogim je nadzorom Norve\u0161kog instituta za sigurnost hrane &#8211;&nbsp;Mattilsynet. \u010citav se proizvodni postupak pridr\u017eava svih norve\u0161kih lokalnih propisa.<\/p>\n\n\n\n<div class=\"wp-block-columns is-layout-flex wp-container-core-columns-is-layout-1 wp-block-columns-is-layout-flex\">\n<div class=\"wp-block-column is-layout-flow wp-block-column-is-layout-flow\">\n<figure class=\"wp-block-image size-full\"><a href=\"https:\/\/naturalpharmaceuticals.eu\/wp-content\/uploads\/sites\/2\/2020\/10\/pharmatech-as-approval-of-establishment.jpg\" target=\"_blank\" rel=\"noopener\"><img loading=\"lazy\" decoding=\"async\" width=\"669\" height=\"932\" src=\"https:\/\/naturalpharmaceuticals.eu\/wp-content\/uploads\/sites\/2\/2020\/10\/pharmatech-as-approval-of-establishment.jpg\" alt=\"\" class=\"wp-image-526\" srcset=\"https:\/\/naturalpharmaceuticals.eu\/wp-content\/uploads\/sites\/2\/2020\/10\/pharmatech-as-approval-of-establishment.jpg 669w, https:\/\/naturalpharmaceuticals.eu\/wp-content\/uploads\/sites\/2\/2020\/10\/pharmatech-as-approval-of-establishment-215x300.jpg 215w\" sizes=\"auto, (max-width: 669px) 100vw, 669px\" \/><\/a><\/figure>\n<\/div>\n\n\n\n<div class=\"wp-block-column is-layout-flow wp-block-column-is-layout-flow\">\n<figure class=\"wp-block-image size-full\"><img loading=\"lazy\" decoding=\"async\" width=\"503\" height=\"645\" src=\"https:\/\/naturalpharmaceuticals.eu\/wp-content\/uploads\/sites\/2\/2020\/10\/pharmatech-as-registration-of-establishment.jpg\" alt=\"\" class=\"wp-image-527\" srcset=\"https:\/\/naturalpharmaceuticals.eu\/wp-content\/uploads\/sites\/2\/2020\/10\/pharmatech-as-registration-of-establishment.jpg 503w, https:\/\/naturalpharmaceuticals.eu\/wp-content\/uploads\/sites\/2\/2020\/10\/pharmatech-as-registration-of-establishment-234x300.jpg 234w\" sizes=\"auto, (max-width: 503px) 100vw, 503px\" \/><\/figure>\n<\/div>\n\n\n\n<div class=\"wp-block-column is-layout-flow wp-block-column-is-layout-flow\"><\/div>\n<\/div>\n\n\n\n<p>SALfresh<sup>TM<\/sup>, riblje ulje lososa koje se koristi u proizvodnji&nbsp;OmegaMarine&nbsp;Forte+ vjerojatno je najsvje\u017eije riblje ulje na svijetu. Potrebno je samo 75 minuta od&nbsp;hvatanja&nbsp;lososa u oceanu do va\u0111enja ribljeg ulja.<\/p>\n\n\n\n<p>Postupak je u skladu s najvi\u0161im standardima kvalitete u Norve\u0161koj i Europskoj uniji.<\/p>\n\n\n\n<div class=\"wp-block-columns is-layout-flex wp-container-core-columns-is-layout-2 wp-block-columns-is-layout-flex\">\n<div class=\"wp-block-column is-layout-flow wp-block-column-is-layout-flow\">\n<figure class=\"wp-block-image size-full\"><a href=\"\/wp-content\/uploads\/sites\/2\/2020\/12\/Product-Specification-SALfresh-Extra-Virgin-2017.pdf\" target=\"_blank\" rel=\"noopener\"><img loading=\"lazy\" decoding=\"async\" width=\"724\" height=\"1024\" src=\"https:\/\/naturalpharmaceuticals.eu\/wp-content\/uploads\/sites\/2\/2020\/10\/Product-Specification-SALfresh-Extra-Virgin-2017_Strona_1-724x1024-1.jpg\" alt=\"\" class=\"wp-image-523\" srcset=\"https:\/\/naturalpharmaceuticals.eu\/wp-content\/uploads\/sites\/2\/2020\/10\/Product-Specification-SALfresh-Extra-Virgin-2017_Strona_1-724x1024-1.jpg 724w, https:\/\/naturalpharmaceuticals.eu\/wp-content\/uploads\/sites\/2\/2020\/10\/Product-Specification-SALfresh-Extra-Virgin-2017_Strona_1-724x1024-1-212x300.jpg 212w\" sizes=\"auto, (max-width: 724px) 100vw, 724px\" \/><\/a><\/figure>\n<\/div>\n\n\n\n<div class=\"wp-block-column is-layout-flow wp-block-column-is-layout-flow\">\n<figure class=\"wp-block-image size-full\"><a href=\"\/wp-content\/uploads\/sites\/2\/2020\/12\/Product-Specification-SALfresh-Extra-Virgin-2017.pdf\" target=\"_blank\" rel=\"noopener\"><img loading=\"lazy\" decoding=\"async\" width=\"724\" height=\"1024\" src=\"https:\/\/naturalpharmaceuticals.eu\/wp-content\/uploads\/sites\/2\/2020\/10\/Product-Specification-SALfresh-Extra-Virgin-2017_Strona_2-724x1024-1.jpg\" alt=\"\" class=\"wp-image-524\" srcset=\"https:\/\/naturalpharmaceuticals.eu\/wp-content\/uploads\/sites\/2\/2020\/10\/Product-Specification-SALfresh-Extra-Virgin-2017_Strona_2-724x1024-1.jpg 724w, https:\/\/naturalpharmaceuticals.eu\/wp-content\/uploads\/sites\/2\/2020\/10\/Product-Specification-SALfresh-Extra-Virgin-2017_Strona_2-724x1024-1-212x300.jpg 212w\" sizes=\"auto, (max-width: 724px) 100vw, 724px\" \/><\/a><\/figure>\n<\/div>\n\n\n\n<div class=\"wp-block-column is-layout-flow wp-block-column-is-layout-flow\">\n<figure class=\"wp-block-image size-full\"><a href=\"\/wp-content\/uploads\/sites\/2\/2020\/12\/Product-Specification-SALfresh-Extra-Virgin-2017.pdf\" target=\"_blank\" rel=\"noopener\"><img loading=\"lazy\" decoding=\"async\" width=\"724\" height=\"1024\" src=\"https:\/\/naturalpharmaceuticals.eu\/wp-content\/uploads\/sites\/2\/2020\/10\/Product-Specification-SALfresh-Extra-Virgin-2017_Strona_3-724x1024-1.jpg\" alt=\"\" class=\"wp-image-525\" srcset=\"https:\/\/naturalpharmaceuticals.eu\/wp-content\/uploads\/sites\/2\/2020\/10\/Product-Specification-SALfresh-Extra-Virgin-2017_Strona_3-724x1024-1.jpg 724w, https:\/\/naturalpharmaceuticals.eu\/wp-content\/uploads\/sites\/2\/2020\/10\/Product-Specification-SALfresh-Extra-Virgin-2017_Strona_3-724x1024-1-212x300.jpg 212w\" sizes=\"auto, (max-width: 724px) 100vw, 724px\" \/><\/a><\/figure>\n\n\n\n<p><\/p>\n<\/div>\n<\/div>\n","protected":false},"excerpt":{"rendered":"<p>Dobra proizvo\u0111a\u010dka praksa Na\u0161i dodaci&nbsp;prehrani&nbsp;proizvedeni su u skladu s dobrom proizvo\u0111a\u010dkom praksom (GMP), me\u0111unarodnim standardom koji koristi farmaceutska i prehrambena industrija. Ovi standardi jam\u010de visoku kvalitetu i \u010disto\u0107u na\u0161ih sastojaka, kao i potpunu kontrolu nad&nbsp;porijeklom&nbsp;i kvalitetom tih sastojaka. Ponosni smo&#x2026; <\/p>\n<p class=\"more-link-container th-uppercase\"><a href=\"https:\/\/naturalpharmaceuticals.eu\/hr\/nasa-jamstva\/\" class=\"more-link\">Read More <span class=\"screen-reader-text\">Na\u0161a jamstva<\/span><\/a><\/p>\n","protected":false},"author":1,"featured_media":0,"parent":0,"menu_order":0,"comment_status":"closed","ping_status":"closed","template":"templates\/grid-full-width-page.php","meta":{"ub_ctt_via":"","footnotes":""},"class_list":["post-5057","page","type-page","status-publish","hentry"],"featured_image_src":null,"yoast_head":"<!-- This site is optimized with the Yoast SEO plugin v24.4 - https:\/\/yoast.com\/wordpress\/plugins\/seo\/ -->\n<title>Na\u0161a jamstva - Natural Pharmaceuticals<\/title>\n<meta name=\"robots\" content=\"index, follow, max-snippet:-1, max-image-preview:large, max-video-preview:-1\" \/>\n<link rel=\"canonical\" href=\"https:\/\/naturalpharmaceuticals.eu\/hr\/nasa-jamstva\/\" \/>\n<meta property=\"og:locale\" content=\"hr_HR\" \/>\n<meta property=\"og:type\" content=\"article\" \/>\n<meta property=\"og:title\" content=\"Na\u0161a jamstva - Natural Pharmaceuticals\" \/>\n<meta property=\"og:description\" content=\"Dobra proizvo\u0111a\u010dka praksa Na\u0161i dodaci&nbsp;prehrani&nbsp;proizvedeni su u skladu s dobrom proizvo\u0111a\u010dkom praksom (GMP), me\u0111unarodnim standardom koji koristi farmaceutska i prehrambena industrija. Ovi standardi jam\u010de visoku kvalitetu i \u010disto\u0107u na\u0161ih sastojaka, kao i potpunu kontrolu nad&nbsp;porijeklom&nbsp;i kvalitetom tih sastojaka. Ponosni smo&#x2026; Read More Na\u0161a jamstva\" \/>\n<meta property=\"og:url\" content=\"https:\/\/naturalpharmaceuticals.eu\/hr\/nasa-jamstva\/\" \/>\n<meta property=\"og:site_name\" content=\"Natural Pharmaceuticals\" \/>\n<meta property=\"article:modified_time\" content=\"2023-06-13T09:01:34+00:00\" \/>\n<meta property=\"og:image\" content=\"https:\/\/naturalpharmaceuticals.eu\/wp-content\/uploads\/sites\/2\/2020\/10\/Statement-GMP-26-724x1024.jpg\" \/>\n<meta name=\"twitter:card\" content=\"summary_large_image\" \/>\n<meta name=\"twitter:label1\" content=\"Procijenjeno vrijeme \u010ditanja\" \/>\n\t<meta name=\"twitter:data1\" content=\"3 minute\" \/>\n<script type=\"application\/ld+json\" class=\"yoast-schema-graph\">{\"@context\":\"https:\/\/schema.org\",\"@graph\":[{\"@type\":\"WebPage\",\"@id\":\"https:\/\/naturalpharmaceuticals.eu\/hr\/nasa-jamstva\/\",\"url\":\"https:\/\/naturalpharmaceuticals.eu\/hr\/nasa-jamstva\/\",\"name\":\"Na\u0161a jamstva - Natural Pharmaceuticals\",\"isPartOf\":{\"@id\":\"https:\/\/naturalpharmaceuticals.eu\/hr\/#website\"},\"primaryImageOfPage\":{\"@id\":\"https:\/\/naturalpharmaceuticals.eu\/hr\/nasa-jamstva\/#primaryimage\"},\"image\":{\"@id\":\"https:\/\/naturalpharmaceuticals.eu\/hr\/nasa-jamstva\/#primaryimage\"},\"thumbnailUrl\":\"https:\/\/naturalpharmaceuticals.eu\/wp-content\/uploads\/sites\/2\/2020\/10\/Statement-GMP-26-724x1024.jpg\",\"datePublished\":\"2021-06-02T14:00:18+00:00\",\"dateModified\":\"2023-06-13T09:01:34+00:00\",\"breadcrumb\":{\"@id\":\"https:\/\/naturalpharmaceuticals.eu\/hr\/nasa-jamstva\/#breadcrumb\"},\"inLanguage\":\"hr\",\"potentialAction\":[{\"@type\":\"ReadAction\",\"target\":[\"https:\/\/naturalpharmaceuticals.eu\/hr\/nasa-jamstva\/\"]}]},{\"@type\":\"ImageObject\",\"inLanguage\":\"hr\",\"@id\":\"https:\/\/naturalpharmaceuticals.eu\/hr\/nasa-jamstva\/#primaryimage\",\"url\":\"https:\/\/naturalpharmaceuticals.eu\/wp-content\/uploads\/sites\/2\/2020\/10\/Statement-GMP-26-724x1024.jpg\",\"contentUrl\":\"https:\/\/naturalpharmaceuticals.eu\/wp-content\/uploads\/sites\/2\/2020\/10\/Statement-GMP-26-724x1024.jpg\"},{\"@type\":\"BreadcrumbList\",\"@id\":\"https:\/\/naturalpharmaceuticals.eu\/hr\/nasa-jamstva\/#breadcrumb\",\"itemListElement\":[{\"@type\":\"ListItem\",\"position\":1,\"name\":\"Home\",\"item\":\"https:\/\/naturalpharmaceuticals.eu\/hr\/\"},{\"@type\":\"ListItem\",\"position\":2,\"name\":\"Na\u0161a jamstva\"}]},{\"@type\":\"WebSite\",\"@id\":\"https:\/\/naturalpharmaceuticals.eu\/hr\/#website\",\"url\":\"https:\/\/naturalpharmaceuticals.eu\/hr\/\",\"name\":\"Natural Pharmaceuticals\",\"description\":\"\",\"publisher\":{\"@id\":\"https:\/\/naturalpharmaceuticals.eu\/hr\/#organization\"},\"potentialAction\":[{\"@type\":\"SearchAction\",\"target\":{\"@type\":\"EntryPoint\",\"urlTemplate\":\"https:\/\/naturalpharmaceuticals.eu\/hr\/?s={search_term_string}\"},\"query-input\":{\"@type\":\"PropertyValueSpecification\",\"valueRequired\":true,\"valueName\":\"search_term_string\"}}],\"inLanguage\":\"hr\"},{\"@type\":\"Organization\",\"@id\":\"https:\/\/naturalpharmaceuticals.eu\/hr\/#organization\",\"name\":\"Natural Pharmaceuticals\",\"url\":\"https:\/\/naturalpharmaceuticals.eu\/hr\/\",\"logo\":{\"@type\":\"ImageObject\",\"inLanguage\":\"hr\",\"@id\":\"https:\/\/naturalpharmaceuticals.eu\/hr\/#\/schema\/logo\/image\/\",\"url\":\"https:\/\/naturalpharmaceuticals.eu\/wp-content\/uploads\/sites\/2\/2020\/11\/cropped-natural-pharmaceuticals-logo.png\",\"contentUrl\":\"https:\/\/naturalpharmaceuticals.eu\/wp-content\/uploads\/sites\/2\/2020\/11\/cropped-natural-pharmaceuticals-logo.png\",\"width\":900,\"height\":323,\"caption\":\"Natural Pharmaceuticals\"},\"image\":{\"@id\":\"https:\/\/naturalpharmaceuticals.eu\/hr\/#\/schema\/logo\/image\/\"}}]}<\/script>\n<!-- \/ Yoast SEO plugin. -->","yoast_head_json":{"title":"Na\u0161a jamstva - Natural Pharmaceuticals","robots":{"index":"index","follow":"follow","max-snippet":"max-snippet:-1","max-image-preview":"max-image-preview:large","max-video-preview":"max-video-preview:-1"},"canonical":"https:\/\/naturalpharmaceuticals.eu\/hr\/nasa-jamstva\/","og_locale":"hr_HR","og_type":"article","og_title":"Na\u0161a jamstva - Natural Pharmaceuticals","og_description":"Dobra proizvo\u0111a\u010dka praksa Na\u0161i dodaci&nbsp;prehrani&nbsp;proizvedeni su u skladu s dobrom proizvo\u0111a\u010dkom praksom (GMP), me\u0111unarodnim standardom koji koristi farmaceutska i prehrambena industrija. Ovi standardi jam\u010de visoku kvalitetu i \u010disto\u0107u na\u0161ih sastojaka, kao i potpunu kontrolu nad&nbsp;porijeklom&nbsp;i kvalitetom tih sastojaka. Ponosni smo&#x2026; Read More Na\u0161a jamstva","og_url":"https:\/\/naturalpharmaceuticals.eu\/hr\/nasa-jamstva\/","og_site_name":"Natural Pharmaceuticals","article_modified_time":"2023-06-13T09:01:34+00:00","og_image":[{"url":"https:\/\/naturalpharmaceuticals.eu\/wp-content\/uploads\/sites\/2\/2020\/10\/Statement-GMP-26-724x1024.jpg","type":"","width":"","height":""}],"twitter_card":"summary_large_image","twitter_misc":{"Procijenjeno vrijeme \u010ditanja":"3 minute"},"schema":{"@context":"https:\/\/schema.org","@graph":[{"@type":"WebPage","@id":"https:\/\/naturalpharmaceuticals.eu\/hr\/nasa-jamstva\/","url":"https:\/\/naturalpharmaceuticals.eu\/hr\/nasa-jamstva\/","name":"Na\u0161a jamstva - Natural Pharmaceuticals","isPartOf":{"@id":"https:\/\/naturalpharmaceuticals.eu\/hr\/#website"},"primaryImageOfPage":{"@id":"https:\/\/naturalpharmaceuticals.eu\/hr\/nasa-jamstva\/#primaryimage"},"image":{"@id":"https:\/\/naturalpharmaceuticals.eu\/hr\/nasa-jamstva\/#primaryimage"},"thumbnailUrl":"https:\/\/naturalpharmaceuticals.eu\/wp-content\/uploads\/sites\/2\/2020\/10\/Statement-GMP-26-724x1024.jpg","datePublished":"2021-06-02T14:00:18+00:00","dateModified":"2023-06-13T09:01:34+00:00","breadcrumb":{"@id":"https:\/\/naturalpharmaceuticals.eu\/hr\/nasa-jamstva\/#breadcrumb"},"inLanguage":"hr","potentialAction":[{"@type":"ReadAction","target":["https:\/\/naturalpharmaceuticals.eu\/hr\/nasa-jamstva\/"]}]},{"@type":"ImageObject","inLanguage":"hr","@id":"https:\/\/naturalpharmaceuticals.eu\/hr\/nasa-jamstva\/#primaryimage","url":"https:\/\/naturalpharmaceuticals.eu\/wp-content\/uploads\/sites\/2\/2020\/10\/Statement-GMP-26-724x1024.jpg","contentUrl":"https:\/\/naturalpharmaceuticals.eu\/wp-content\/uploads\/sites\/2\/2020\/10\/Statement-GMP-26-724x1024.jpg"},{"@type":"BreadcrumbList","@id":"https:\/\/naturalpharmaceuticals.eu\/hr\/nasa-jamstva\/#breadcrumb","itemListElement":[{"@type":"ListItem","position":1,"name":"Home","item":"https:\/\/naturalpharmaceuticals.eu\/hr\/"},{"@type":"ListItem","position":2,"name":"Na\u0161a jamstva"}]},{"@type":"WebSite","@id":"https:\/\/naturalpharmaceuticals.eu\/hr\/#website","url":"https:\/\/naturalpharmaceuticals.eu\/hr\/","name":"Natural Pharmaceuticals","description":"","publisher":{"@id":"https:\/\/naturalpharmaceuticals.eu\/hr\/#organization"},"potentialAction":[{"@type":"SearchAction","target":{"@type":"EntryPoint","urlTemplate":"https:\/\/naturalpharmaceuticals.eu\/hr\/?s={search_term_string}"},"query-input":{"@type":"PropertyValueSpecification","valueRequired":true,"valueName":"search_term_string"}}],"inLanguage":"hr"},{"@type":"Organization","@id":"https:\/\/naturalpharmaceuticals.eu\/hr\/#organization","name":"Natural Pharmaceuticals","url":"https:\/\/naturalpharmaceuticals.eu\/hr\/","logo":{"@type":"ImageObject","inLanguage":"hr","@id":"https:\/\/naturalpharmaceuticals.eu\/hr\/#\/schema\/logo\/image\/","url":"https:\/\/naturalpharmaceuticals.eu\/wp-content\/uploads\/sites\/2\/2020\/11\/cropped-natural-pharmaceuticals-logo.png","contentUrl":"https:\/\/naturalpharmaceuticals.eu\/wp-content\/uploads\/sites\/2\/2020\/11\/cropped-natural-pharmaceuticals-logo.png","width":900,"height":323,"caption":"Natural Pharmaceuticals"},"image":{"@id":"https:\/\/naturalpharmaceuticals.eu\/hr\/#\/schema\/logo\/image\/"}}]}},"jetpack_sharing_enabled":true,"_links":{"self":[{"href":"https:\/\/naturalpharmaceuticals.eu\/hr\/wp-json\/wp\/v2\/pages\/5057","targetHints":{"allow":["GET"]}}],"collection":[{"href":"https:\/\/naturalpharmaceuticals.eu\/hr\/wp-json\/wp\/v2\/pages"}],"about":[{"href":"https:\/\/naturalpharmaceuticals.eu\/hr\/wp-json\/wp\/v2\/types\/page"}],"author":[{"embeddable":true,"href":"https:\/\/naturalpharmaceuticals.eu\/hr\/wp-json\/wp\/v2\/users\/1"}],"replies":[{"embeddable":true,"href":"https:\/\/naturalpharmaceuticals.eu\/hr\/wp-json\/wp\/v2\/comments?post=5057"}],"version-history":[{"count":3,"href":"https:\/\/naturalpharmaceuticals.eu\/hr\/wp-json\/wp\/v2\/pages\/5057\/revisions"}],"predecessor-version":[{"id":19345,"href":"https:\/\/naturalpharmaceuticals.eu\/hr\/wp-json\/wp\/v2\/pages\/5057\/revisions\/19345"}],"wp:attachment":[{"href":"https:\/\/naturalpharmaceuticals.eu\/hr\/wp-json\/wp\/v2\/media?parent=5057"}],"curies":[{"name":"wp","href":"https:\/\/api.w.org\/{rel}","templated":true}]}}