{"id":5069,"date":"2021-06-02T14:06:33","date_gmt":"2021-06-02T14:06:33","guid":{"rendered":"https:\/\/naturalpharmaceuticals.eu\/?page_id=5069"},"modified":"2021-06-02T14:06:34","modified_gmt":"2021-06-02T14:06:34","slug":"pasi-partneri","status":"publish","type":"page","link":"https:\/\/naturalpharmaceuticals.eu\/hr\/pasi-partneri\/","title":{"rendered":"Pa\u0161i partneri"},"content":{"rendered":"\n<h2 class=\"wp-block-heading\"><strong><strong>Industrijski lideri u\u00a0svojim djelatnostima<\/strong><\/strong><\/h2>\n\n\n\n<p>Na\u0161i su norve\u0161ki partneri vode\u0107i u svom podru\u010dju djelovanja\u00a0s besprijekornom reputacijom integriteta, odr\u017eivosti i kvalitete.<\/p>\n\n\n\n<h2 class=\"wp-block-heading\"><strong><strong>Omega-3 s \u010distog, netaknutog arkti\u010dkog sjever<\/strong><\/strong><\/h2>\n\n\n\n<p>Ulje lososa u\u00a0OmegaMarine\u00a0Forte+ dolazi iz norve\u0161kih regija\u00a0Lofoten\u00a0i\u00a0Vester\u00e5len, smje\u0161tenih u arkti\u010dkom dijelu Norve\u0161ke, sjeverno od polarnog kruga. \u010ciste, netaknute, hladne vode idealne su za losos. Na\u0161 partner Nordlaks jedan je od svjetskih lidera u uzgoju lososa u akvakulturi i desetlje\u0107ima je tehnolo\u0161ki inovator u\u00a0pomorskom\u00a0sektoru Norve\u0161ke.<\/p>\n\n\n\n<p>Nordlaks je\u00a0bio\u00a0prva tvrtka u Norve\u0161koj koja je proizvodila ulje lososa za Omega-3. Tvrtka je dugo bila vode\u0107a u odr\u017eivom\u00a0iskori\u0161tavanju\u00a0morskih resursa i prva je elektrificirala svoju flotu brodova.<\/p>\n\n\n\n<p>Nordlaks proizvodi svje\u017ea, prirodna\u00a0Omega-3\u00a0\u00a0ulja s najni\u017eom mogu\u0107om razinom oksidacije. Potrebno je samo 75 minuta od\u00a0hvatanja\u00a0lososa iz mora\u00a0do va\u0111enja ulja.\u00a0Nordlaksov\u00a0brend je Salfresh<sup>TM<\/sup>.<\/p>\n\n\n\n<div class=\"wp-block-columns is-layout-flex wp-container-core-columns-is-layout-1 wp-block-columns-is-layout-flex\">\n<div class=\"wp-block-column is-layout-flow wp-block-column-is-layout-flow\">\n<figure class=\"wp-block-image size-full\"><img loading=\"lazy\" decoding=\"async\" width=\"450\" height=\"350\" src=\"https:\/\/naturalpharmaceuticals.eu\/wp-content\/uploads\/sites\/2\/2020\/12\/Natural_Pharmaceuticals_Nordlaks_operation_room_450x350.jpg\" alt=\"\" class=\"wp-image-831\" srcset=\"https:\/\/naturalpharmaceuticals.eu\/wp-content\/uploads\/sites\/2\/2020\/12\/Natural_Pharmaceuticals_Nordlaks_operation_room_450x350.jpg 450w, https:\/\/naturalpharmaceuticals.eu\/wp-content\/uploads\/sites\/2\/2020\/12\/Natural_Pharmaceuticals_Nordlaks_operation_room_450x350-300x233.jpg 300w\" sizes=\"auto, (max-width: 450px) 100vw, 450px\" \/><figcaption>Radni prostor\u00a0Nordlaksa u\u00a0kojem\u00a0vje\u0161t tim nadgleda akvakulturu lososa i preradu ulja lososa za OmegaMarine Forte+.<\/figcaption><\/figure>\n<\/div>\n\n\n\n<div class=\"wp-block-column is-layout-flow wp-block-column-is-layout-flow\">\n<figure class=\"wp-block-image size-full\"><img loading=\"lazy\" decoding=\"async\" width=\"450\" height=\"350\" src=\"https:\/\/naturalpharmaceuticals.eu\/wp-content\/uploads\/sites\/2\/2020\/12\/Natural_Pharmaceuticals_Nordlaks_factory_floor_450x350.jpg\" alt=\"\" class=\"wp-image-832\" srcset=\"https:\/\/naturalpharmaceuticals.eu\/wp-content\/uploads\/sites\/2\/2020\/12\/Natural_Pharmaceuticals_Nordlaks_factory_floor_450x350.jpg 450w, https:\/\/naturalpharmaceuticals.eu\/wp-content\/uploads\/sites\/2\/2020\/12\/Natural_Pharmaceuticals_Nordlaks_factory_floor_450x350-300x233.jpg 300w\" sizes=\"auto, (max-width: 450px) 100vw, 450px\" \/><figcaption>Postrojenje za preradu na\u0161eg svje\u017eeg, prirodnog, ekstra djevi\u010danskog ulja lososa.<\/figcaption><\/figure>\n<\/div>\n\n\n\n<div class=\"wp-block-column is-layout-flow wp-block-column-is-layout-flow\">\n<figure class=\"wp-block-image size-full\"><img loading=\"lazy\" decoding=\"async\" width=\"450\" height=\"350\" src=\"https:\/\/naturalpharmaceuticals.eu\/wp-content\/uploads\/sites\/2\/2020\/12\/Natural_Pharmaceuticals_Nordlaks_75minutes_450x350.jpg\" alt=\"\" class=\"wp-image-833\" srcset=\"https:\/\/naturalpharmaceuticals.eu\/wp-content\/uploads\/sites\/2\/2020\/12\/Natural_Pharmaceuticals_Nordlaks_75minutes_450x350.jpg 450w, https:\/\/naturalpharmaceuticals.eu\/wp-content\/uploads\/sites\/2\/2020\/12\/Natural_Pharmaceuticals_Nordlaks_75minutes_450x350-300x233.jpg 300w\" sizes=\"auto, (max-width: 450px) 100vw, 450px\" \/><figcaption>Potrebno je samo 75 minuta od\u00a0hvatanja\u00a0lososa do va\u0111enja ulja, \u0161to rezultira super svje\u017eim Omega-3 uljem.<\/figcaption><\/figure>\n<\/div>\n<\/div>\n\n\n\n<p>Visoko koncentrirana rafinirana riblja ulja koja se koriste za\u00a0OmegaMarine\u00a0Forte+ dolaze iz tvrtke GC\u00a0Rieber\u00a0VivoMega,\u00a0koja se nalazi\u00a0u\u00a0Kristiansundu\u00a0u Norve\u0161koj. Dio je vode\u0107eg\u00a0svjetskog\u00a0morskog klastera\u00a0za Omegu-3 koji\u00a0se prote\u017ee od \u00c5lesunda do Kristiansunda. Ovdje je smje\u0161tena ve\u0107ina svjetske\u00a0ekspertize\u00a0u\u00a0proizvodnji Omega-3.<\/p>\n\n\n\n<h2 class=\"wp-block-heading\"><strong><strong>Svje\u017ee, visokokvalitetno koncentrirano riblje ulje<\/strong><\/strong><\/h2>\n\n\n\n<p>GC Riber VivoMega proizvodi jedno od najkvalitetnijih ribljih ulja na svijetu pod\u00a0brendom\u00a0VivoMega. Kvaliteta ribljeg ulja mjeri se razinom oksidacije. \u010clanovi GOED-a, industrijskog tijela za proizvode Omega-3,\u00a0utvrdili su\u00a0dobrovoljni\u00a0nomogram\u00a0za riblje ulje, s gornjom\u00a0oksidacijskom\u00a0\u00a0razinom\u00a0ulja ili\u00a0Totox brojem\u00a026. Ovo je puno ambicioznije od standarda koji su postavile\u00a0vlade\u00a0EU-a\u00a0i druge vlade\u00a0diljem\u00a0svijeta. Ambiciozni proizvo\u0111a\u010di visokokvalitetnog ribljeg ulja \u010desto ciljaju na ulja koja imaju polovicu\u00a0gornje granice\u00a0oksidacije GOED-a,\u00a0odnosno\u00a0TOTOX\u00a013. GC Rieber VivoMega postavio je\u00a0kao svoje maksimalno ograni\u010denje\u00a0TOTOX\u00a010, ali dosljedno\u00a0su posljednje 4 godine radili na razini\u00a0od\u00a04 do 5, stvaraju\u0107i riblje ulje najbolje mogu\u0107e kvalitete.<\/p>\n\n\n\n<div class=\"wp-block-columns is-layout-flex wp-container-core-columns-is-layout-2 wp-block-columns-is-layout-flex\">\n<div class=\"wp-block-column is-layout-flow wp-block-column-is-layout-flow\">\n<figure class=\"wp-block-image size-full\"><img loading=\"lazy\" decoding=\"async\" width=\"450\" height=\"350\" src=\"https:\/\/naturalpharmaceuticals.eu\/wp-content\/uploads\/sites\/2\/2020\/12\/Natural_Pharmaceuticals_OmegaMarine_Forte_production_450x350.jpg\" alt=\"\" class=\"wp-image-834\" srcset=\"https:\/\/naturalpharmaceuticals.eu\/wp-content\/uploads\/sites\/2\/2020\/12\/Natural_Pharmaceuticals_OmegaMarine_Forte_production_450x350.jpg 450w, https:\/\/naturalpharmaceuticals.eu\/wp-content\/uploads\/sites\/2\/2020\/12\/Natural_Pharmaceuticals_OmegaMarine_Forte_production_450x350-300x233.jpg 300w\" sizes=\"auto, (max-width: 450px) 100vw, 450px\" \/><figcaption>Kapsule\u00a0OmegaMarine\u00a0Forte+ crvene su boje\u00a0budu\u0107i da\u00a0je losos prirodno bogat\u00a0astaksantinom,\u00a0antioksidansom crvene boje. To tako\u0111er obja\u0161njava crvenkastu boju mesa lososa. Kapsule proizvodi Pharmatech, visokotehnolo\u0161ki laboratorij i pogon za proizvodnju nutraceutika u Norve\u0161koj.<\/figcaption><\/figure>\n<\/div>\n\n\n\n<div class=\"wp-block-column is-layout-flow wp-block-column-is-layout-flow\">\n<figure class=\"wp-block-image size-full\"><img loading=\"lazy\" decoding=\"async\" width=\"450\" height=\"350\" src=\"https:\/\/naturalpharmaceuticals.eu\/wp-content\/uploads\/sites\/2\/2020\/12\/Natural_Pharmaceuticals_laboratory_450x350.jpg\" alt=\"\" class=\"wp-image-835\" srcset=\"https:\/\/naturalpharmaceuticals.eu\/wp-content\/uploads\/sites\/2\/2020\/12\/Natural_Pharmaceuticals_laboratory_450x350.jpg 450w, https:\/\/naturalpharmaceuticals.eu\/wp-content\/uploads\/sites\/2\/2020\/12\/Natural_Pharmaceuticals_laboratory_450x350-300x233.jpg 300w\" sizes=\"auto, (max-width: 450px) 100vw, 450px\" \/><figcaption>Neovisni laboratorij Multilab,\u00a0koji je akreditirao\u00a0Norve\u0161ki\u00a0institut za sigurnost hrane (Mattilsynet), analizira i certificira svaku seriju OmegaMarine Forte+.<\/figcaption><\/figure>\n<\/div>\n<\/div>\n\n\n\n<h2 class=\"wp-block-heading\"><strong><strong>GMP certificiran<\/strong><\/strong><\/h2>\n\n\n\n<div class=\"wp-block-columns is-layout-flex wp-container-core-columns-is-layout-3 wp-block-columns-is-layout-flex\">\n<div class=\"wp-block-column is-layout-flow wp-block-column-is-layout-flow\" style=\"flex-basis:66.66%\">\n<p>Na\u0161e kapsule i tablete proizvodi Pharmatech iz Fredrikstada u Norve\u0161koj. GMP certificiran i vode\u0107i sjevernoeuropski igra\u010d, Pharmatech upravlja pogonima\u00a0ve\u0107ima od\u00a0od 20.000 m<sup>2<\/sup>, a uskoro \u0107e se pro\u0161iriti na 32.000 m<sup>2<\/sup>.<\/p>\n\n\n\n<p><a href=\"https:\/\/naturalpharmaceuticals.eu\/hr\/nasa-jamstva\/\">Ovdje<\/a> pogledajte\u00a0sve vezane\u00a0certifikate..<\/p>\n<\/div>\n\n\n\n<div class=\"wp-block-column is-layout-flow wp-block-column-is-layout-flow\" style=\"flex-basis:33.33%\">\n<div class=\"wp-block-image\"><figure class=\"aligncenter size-large\"><img loading=\"lazy\" decoding=\"async\" width=\"195\" height=\"195\" src=\"https:\/\/naturalpharmaceuticals.eu\/wp-content\/uploads\/sites\/2\/2020\/12\/GoodManufacturingPractice_v2.png\" alt=\"\" class=\"wp-image-857\" srcset=\"https:\/\/naturalpharmaceuticals.eu\/wp-content\/uploads\/sites\/2\/2020\/12\/GoodManufacturingPractice_v2.png 195w, https:\/\/naturalpharmaceuticals.eu\/wp-content\/uploads\/sites\/2\/2020\/12\/GoodManufacturingPractice_v2-150x150.png 150w\" sizes=\"auto, (max-width: 195px) 100vw, 195px\" \/><\/figure><\/div>\n<\/div>\n<\/div>\n","protected":false},"excerpt":{"rendered":"<p>Industrijski lideri u\u00a0svojim djelatnostima Na\u0161i su norve\u0161ki partneri vode\u0107i u svom podru\u010dju djelovanja\u00a0s besprijekornom reputacijom integriteta, odr\u017eivosti i kvalitete. Omega-3 s \u010distog, netaknutog arkti\u010dkog sjever Ulje lososa u\u00a0OmegaMarine\u00a0Forte+ dolazi iz norve\u0161kih regija\u00a0Lofoten\u00a0i\u00a0Vester\u00e5len, smje\u0161tenih u arkti\u010dkom dijelu Norve\u0161ke, sjeverno od polarnog&#x2026; <\/p>\n<p class=\"more-link-container th-uppercase\"><a href=\"https:\/\/naturalpharmaceuticals.eu\/hr\/pasi-partneri\/\" class=\"more-link\">Read More <span class=\"screen-reader-text\">Pa\u0161i partneri<\/span><\/a><\/p>\n","protected":false},"author":1,"featured_media":5079,"parent":0,"menu_order":0,"comment_status":"closed","ping_status":"closed","template":"templates\/grid-full-width-page.php","meta":{"ub_ctt_via":"","footnotes":""},"class_list":["post-5069","page","type-page","status-publish","has-post-thumbnail","hentry"],"featured_image_src":"https:\/\/naturalpharmaceuticals.eu\/wp-content\/uploads\/sites\/2\/2020\/12\/Natural_Pharmaceutcials_Our-partners_1070x335.jpg","yoast_head":"<!-- This site is optimized with the Yoast SEO plugin v24.4 - https:\/\/yoast.com\/wordpress\/plugins\/seo\/ -->\n<title>Pa\u0161i partneri - Natural Pharmaceuticals<\/title>\n<meta name=\"robots\" content=\"index, follow, max-snippet:-1, max-image-preview:large, max-video-preview:-1\" \/>\n<link rel=\"canonical\" href=\"https:\/\/naturalpharmaceuticals.eu\/hr\/pasi-partneri\/\" \/>\n<meta property=\"og:locale\" content=\"hr_HR\" \/>\n<meta property=\"og:type\" content=\"article\" \/>\n<meta property=\"og:title\" content=\"Pa\u0161i partneri - Natural Pharmaceuticals\" \/>\n<meta property=\"og:description\" content=\"Industrijski lideri u\u00a0svojim djelatnostima Na\u0161i su norve\u0161ki partneri vode\u0107i u svom podru\u010dju djelovanja\u00a0s besprijekornom reputacijom integriteta, odr\u017eivosti i kvalitete. Omega-3 s \u010distog, netaknutog arkti\u010dkog sjever Ulje lososa u\u00a0OmegaMarine\u00a0Forte+ dolazi iz norve\u0161kih regija\u00a0Lofoten\u00a0i\u00a0Vester\u00e5len, smje\u0161tenih u arkti\u010dkom dijelu Norve\u0161ke, sjeverno od polarnog&#x2026; Read More Pa\u0161i partneri\" \/>\n<meta property=\"og:url\" content=\"https:\/\/naturalpharmaceuticals.eu\/hr\/pasi-partneri\/\" \/>\n<meta property=\"og:site_name\" content=\"Natural Pharmaceuticals\" \/>\n<meta property=\"article:modified_time\" content=\"2021-06-02T14:06:34+00:00\" \/>\n<meta property=\"og:image\" content=\"https:\/\/naturalpharmaceuticals.eu\/wp-content\/uploads\/sites\/2\/2020\/12\/Natural_Pharmaceutcials_Our-partners_1070x335.jpg\" \/>\n\t<meta property=\"og:image:width\" content=\"1070\" \/>\n\t<meta property=\"og:image:height\" content=\"335\" \/>\n\t<meta property=\"og:image:type\" content=\"image\/jpeg\" \/>\n<meta name=\"twitter:card\" content=\"summary_large_image\" \/>\n<meta name=\"twitter:label1\" content=\"Procijenjeno vrijeme \u010ditanja\" \/>\n\t<meta name=\"twitter:data1\" content=\"4 minute\" \/>\n<script type=\"application\/ld+json\" class=\"yoast-schema-graph\">{\"@context\":\"https:\/\/schema.org\",\"@graph\":[{\"@type\":\"WebPage\",\"@id\":\"https:\/\/naturalpharmaceuticals.eu\/hr\/pasi-partneri\/\",\"url\":\"https:\/\/naturalpharmaceuticals.eu\/hr\/pasi-partneri\/\",\"name\":\"Pa\u0161i partneri - Natural Pharmaceuticals\",\"isPartOf\":{\"@id\":\"https:\/\/naturalpharmaceuticals.eu\/hr\/#website\"},\"primaryImageOfPage\":{\"@id\":\"https:\/\/naturalpharmaceuticals.eu\/hr\/pasi-partneri\/#primaryimage\"},\"image\":{\"@id\":\"https:\/\/naturalpharmaceuticals.eu\/hr\/pasi-partneri\/#primaryimage\"},\"thumbnailUrl\":\"https:\/\/naturalpharmaceuticals.eu\/wp-content\/uploads\/sites\/2\/2020\/12\/Natural_Pharmaceutcials_Our-partners_1070x335.jpg\",\"datePublished\":\"2021-06-02T14:06:33+00:00\",\"dateModified\":\"2021-06-02T14:06:34+00:00\",\"breadcrumb\":{\"@id\":\"https:\/\/naturalpharmaceuticals.eu\/hr\/pasi-partneri\/#breadcrumb\"},\"inLanguage\":\"hr\",\"potentialAction\":[{\"@type\":\"ReadAction\",\"target\":[\"https:\/\/naturalpharmaceuticals.eu\/hr\/pasi-partneri\/\"]}]},{\"@type\":\"ImageObject\",\"inLanguage\":\"hr\",\"@id\":\"https:\/\/naturalpharmaceuticals.eu\/hr\/pasi-partneri\/#primaryimage\",\"url\":\"https:\/\/naturalpharmaceuticals.eu\/wp-content\/uploads\/sites\/2\/2020\/12\/Natural_Pharmaceutcials_Our-partners_1070x335.jpg\",\"contentUrl\":\"https:\/\/naturalpharmaceuticals.eu\/wp-content\/uploads\/sites\/2\/2020\/12\/Natural_Pharmaceutcials_Our-partners_1070x335.jpg\",\"width\":1070,\"height\":335},{\"@type\":\"BreadcrumbList\",\"@id\":\"https:\/\/naturalpharmaceuticals.eu\/hr\/pasi-partneri\/#breadcrumb\",\"itemListElement\":[{\"@type\":\"ListItem\",\"position\":1,\"name\":\"Home\",\"item\":\"https:\/\/naturalpharmaceuticals.eu\/hr\/\"},{\"@type\":\"ListItem\",\"position\":2,\"name\":\"Pa\u0161i partneri\"}]},{\"@type\":\"WebSite\",\"@id\":\"https:\/\/naturalpharmaceuticals.eu\/hr\/#website\",\"url\":\"https:\/\/naturalpharmaceuticals.eu\/hr\/\",\"name\":\"Natural Pharmaceuticals\",\"description\":\"\",\"publisher\":{\"@id\":\"https:\/\/naturalpharmaceuticals.eu\/hr\/#organization\"},\"potentialAction\":[{\"@type\":\"SearchAction\",\"target\":{\"@type\":\"EntryPoint\",\"urlTemplate\":\"https:\/\/naturalpharmaceuticals.eu\/hr\/?s={search_term_string}\"},\"query-input\":{\"@type\":\"PropertyValueSpecification\",\"valueRequired\":true,\"valueName\":\"search_term_string\"}}],\"inLanguage\":\"hr\"},{\"@type\":\"Organization\",\"@id\":\"https:\/\/naturalpharmaceuticals.eu\/hr\/#organization\",\"name\":\"Natural Pharmaceuticals\",\"url\":\"https:\/\/naturalpharmaceuticals.eu\/hr\/\",\"logo\":{\"@type\":\"ImageObject\",\"inLanguage\":\"hr\",\"@id\":\"https:\/\/naturalpharmaceuticals.eu\/hr\/#\/schema\/logo\/image\/\",\"url\":\"https:\/\/naturalpharmaceuticals.eu\/wp-content\/uploads\/sites\/2\/2020\/11\/cropped-natural-pharmaceuticals-logo.png\",\"contentUrl\":\"https:\/\/naturalpharmaceuticals.eu\/wp-content\/uploads\/sites\/2\/2020\/11\/cropped-natural-pharmaceuticals-logo.png\",\"width\":900,\"height\":323,\"caption\":\"Natural Pharmaceuticals\"},\"image\":{\"@id\":\"https:\/\/naturalpharmaceuticals.eu\/hr\/#\/schema\/logo\/image\/\"}}]}<\/script>\n<!-- \/ Yoast SEO plugin. -->","yoast_head_json":{"title":"Pa\u0161i partneri - Natural Pharmaceuticals","robots":{"index":"index","follow":"follow","max-snippet":"max-snippet:-1","max-image-preview":"max-image-preview:large","max-video-preview":"max-video-preview:-1"},"canonical":"https:\/\/naturalpharmaceuticals.eu\/hr\/pasi-partneri\/","og_locale":"hr_HR","og_type":"article","og_title":"Pa\u0161i partneri - Natural Pharmaceuticals","og_description":"Industrijski lideri u\u00a0svojim djelatnostima Na\u0161i su norve\u0161ki partneri vode\u0107i u svom podru\u010dju djelovanja\u00a0s besprijekornom reputacijom integriteta, odr\u017eivosti i kvalitete. Omega-3 s \u010distog, netaknutog arkti\u010dkog sjever Ulje lososa u\u00a0OmegaMarine\u00a0Forte+ dolazi iz norve\u0161kih regija\u00a0Lofoten\u00a0i\u00a0Vester\u00e5len, smje\u0161tenih u arkti\u010dkom dijelu Norve\u0161ke, sjeverno od polarnog&#x2026; Read More Pa\u0161i partneri","og_url":"https:\/\/naturalpharmaceuticals.eu\/hr\/pasi-partneri\/","og_site_name":"Natural Pharmaceuticals","article_modified_time":"2021-06-02T14:06:34+00:00","og_image":[{"width":1070,"height":335,"url":"https:\/\/naturalpharmaceuticals.eu\/wp-content\/uploads\/sites\/2\/2020\/12\/Natural_Pharmaceutcials_Our-partners_1070x335.jpg","type":"image\/jpeg"}],"twitter_card":"summary_large_image","twitter_misc":{"Procijenjeno vrijeme \u010ditanja":"4 minute"},"schema":{"@context":"https:\/\/schema.org","@graph":[{"@type":"WebPage","@id":"https:\/\/naturalpharmaceuticals.eu\/hr\/pasi-partneri\/","url":"https:\/\/naturalpharmaceuticals.eu\/hr\/pasi-partneri\/","name":"Pa\u0161i partneri - Natural Pharmaceuticals","isPartOf":{"@id":"https:\/\/naturalpharmaceuticals.eu\/hr\/#website"},"primaryImageOfPage":{"@id":"https:\/\/naturalpharmaceuticals.eu\/hr\/pasi-partneri\/#primaryimage"},"image":{"@id":"https:\/\/naturalpharmaceuticals.eu\/hr\/pasi-partneri\/#primaryimage"},"thumbnailUrl":"https:\/\/naturalpharmaceuticals.eu\/wp-content\/uploads\/sites\/2\/2020\/12\/Natural_Pharmaceutcials_Our-partners_1070x335.jpg","datePublished":"2021-06-02T14:06:33+00:00","dateModified":"2021-06-02T14:06:34+00:00","breadcrumb":{"@id":"https:\/\/naturalpharmaceuticals.eu\/hr\/pasi-partneri\/#breadcrumb"},"inLanguage":"hr","potentialAction":[{"@type":"ReadAction","target":["https:\/\/naturalpharmaceuticals.eu\/hr\/pasi-partneri\/"]}]},{"@type":"ImageObject","inLanguage":"hr","@id":"https:\/\/naturalpharmaceuticals.eu\/hr\/pasi-partneri\/#primaryimage","url":"https:\/\/naturalpharmaceuticals.eu\/wp-content\/uploads\/sites\/2\/2020\/12\/Natural_Pharmaceutcials_Our-partners_1070x335.jpg","contentUrl":"https:\/\/naturalpharmaceuticals.eu\/wp-content\/uploads\/sites\/2\/2020\/12\/Natural_Pharmaceutcials_Our-partners_1070x335.jpg","width":1070,"height":335},{"@type":"BreadcrumbList","@id":"https:\/\/naturalpharmaceuticals.eu\/hr\/pasi-partneri\/#breadcrumb","itemListElement":[{"@type":"ListItem","position":1,"name":"Home","item":"https:\/\/naturalpharmaceuticals.eu\/hr\/"},{"@type":"ListItem","position":2,"name":"Pa\u0161i partneri"}]},{"@type":"WebSite","@id":"https:\/\/naturalpharmaceuticals.eu\/hr\/#website","url":"https:\/\/naturalpharmaceuticals.eu\/hr\/","name":"Natural Pharmaceuticals","description":"","publisher":{"@id":"https:\/\/naturalpharmaceuticals.eu\/hr\/#organization"},"potentialAction":[{"@type":"SearchAction","target":{"@type":"EntryPoint","urlTemplate":"https:\/\/naturalpharmaceuticals.eu\/hr\/?s={search_term_string}"},"query-input":{"@type":"PropertyValueSpecification","valueRequired":true,"valueName":"search_term_string"}}],"inLanguage":"hr"},{"@type":"Organization","@id":"https:\/\/naturalpharmaceuticals.eu\/hr\/#organization","name":"Natural Pharmaceuticals","url":"https:\/\/naturalpharmaceuticals.eu\/hr\/","logo":{"@type":"ImageObject","inLanguage":"hr","@id":"https:\/\/naturalpharmaceuticals.eu\/hr\/#\/schema\/logo\/image\/","url":"https:\/\/naturalpharmaceuticals.eu\/wp-content\/uploads\/sites\/2\/2020\/11\/cropped-natural-pharmaceuticals-logo.png","contentUrl":"https:\/\/naturalpharmaceuticals.eu\/wp-content\/uploads\/sites\/2\/2020\/11\/cropped-natural-pharmaceuticals-logo.png","width":900,"height":323,"caption":"Natural Pharmaceuticals"},"image":{"@id":"https:\/\/naturalpharmaceuticals.eu\/hr\/#\/schema\/logo\/image\/"}}]}},"jetpack_sharing_enabled":true,"_links":{"self":[{"href":"https:\/\/naturalpharmaceuticals.eu\/hr\/wp-json\/wp\/v2\/pages\/5069","targetHints":{"allow":["GET"]}}],"collection":[{"href":"https:\/\/naturalpharmaceuticals.eu\/hr\/wp-json\/wp\/v2\/pages"}],"about":[{"href":"https:\/\/naturalpharmaceuticals.eu\/hr\/wp-json\/wp\/v2\/types\/page"}],"author":[{"embeddable":true,"href":"https:\/\/naturalpharmaceuticals.eu\/hr\/wp-json\/wp\/v2\/users\/1"}],"replies":[{"embeddable":true,"href":"https:\/\/naturalpharmaceuticals.eu\/hr\/wp-json\/wp\/v2\/comments?post=5069"}],"version-history":[{"count":1,"href":"https:\/\/naturalpharmaceuticals.eu\/hr\/wp-json\/wp\/v2\/pages\/5069\/revisions"}],"predecessor-version":[{"id":5070,"href":"https:\/\/naturalpharmaceuticals.eu\/hr\/wp-json\/wp\/v2\/pages\/5069\/revisions\/5070"}],"wp:featuredmedia":[{"embeddable":true,"href":"https:\/\/naturalpharmaceuticals.eu\/hr\/wp-json\/wp\/v2\/media\/5079"}],"wp:attachment":[{"href":"https:\/\/naturalpharmaceuticals.eu\/hr\/wp-json\/wp\/v2\/media?parent=5069"}],"curies":[{"name":"wp","href":"https:\/\/api.w.org\/{rel}","templated":true}]}}