{"id":5091,"date":"2021-06-02T14:19:41","date_gmt":"2021-06-02T14:19:41","guid":{"rendered":"https:\/\/naturalpharmaceuticals.eu\/?page_id=5091"},"modified":"2025-05-21T11:35:48","modified_gmt":"2025-05-21T11:35:48","slug":"odrzivost","status":"publish","type":"page","link":"https:\/\/naturalpharmaceuticals.eu\/hr\/odrzivost\/","title":{"rendered":"Odr\u017eivost"},"content":{"rendered":"\n<h2 class=\"wp-block-heading\"><strong><strong>Izgra\u0111eno na&nbsp;temeljima&nbsp;odr\u017eivosti i odgovornosti<\/strong><\/strong><\/h2>\n\n\n\n<p>Odr\u017eivost je klju\u010dni element svega \u0161to radimo. Na\u0161e se poslovanje temelji na prirodnim morskim resursima iz \u010distih, netaknutih, hladnih voda arkti\u010dke Norve\u0161ke. Ako se dobro ne brinemo o okoli\u0161u&nbsp;koje nam daje plodove,&nbsp;ugrozit&nbsp;\u0107emo na\u0161e poslovanje, morski sektor kojem pripadamo, i \u0161to je najva\u017enije, budu\u0107nost na\u0161eg ekosustava.<\/p>\n\n\n\n<p>Norve\u0161ko ribarstvo smatra se najuspje\u0161nijim ribarstvom na svijetu. Imamo stroge propise kako bismo sprije\u010dili pretjerani ribolov i minimalizirali u\u010dinak na okolni morski okoli\u0161.<\/p>\n\n\n\n<h2 class=\"wp-block-heading\"><strong><strong>Najvi\u0161i standardi certificiranja<\/strong><\/strong><\/h2>\n\n\n\n<div class=\"wp-block-columns is-layout-flex wp-container-core-columns-is-layout-1 wp-block-columns-is-layout-flex\">\n<div class=\"wp-block-column is-layout-flow wp-block-column-is-layout-flow\" style=\"flex-basis:66.66%\">\n<p>Postavljamo visoke standarde\u00a0svojim\u00a0dobavlja\u010dima.\u00a0Sektori ribarstva, kao i na\u0161i dobavlja\u010di i rafinerije, moraju\u00a0imati certifikat\u00a0odr\u017eivosti. Na\u0161e lososovo ulje odobrilo je\u00a0Vije\u0107e za nadzor u akvakulturi, najvi\u0161i certifikacijski standard za uzgoj lososa, a certificirali su ga Friend of Sea.\u00a0<\/p>\n<\/div>\n\n\n\n<div class=\"wp-block-column is-layout-flow wp-block-column-is-layout-flow\" style=\"flex-basis:33.33%\">\n<figure class=\"wp-block-image size-full\"><img loading=\"lazy\" decoding=\"async\" width=\"596\" height=\"288\" src=\"https:\/\/naturalpharmaceuticals.eu\/wp-content\/uploads\/sites\/2\/2020\/12\/Farmed_responsibly_asc_certified.jpg\" alt=\"\" class=\"wp-image-841\" srcset=\"https:\/\/naturalpharmaceuticals.eu\/wp-content\/uploads\/sites\/2\/2020\/12\/Farmed_responsibly_asc_certified.jpg 596w, https:\/\/naturalpharmaceuticals.eu\/wp-content\/uploads\/sites\/2\/2020\/12\/Farmed_responsibly_asc_certified-300x145.jpg 300w\" sizes=\"auto, (max-width: 596px) 100vw, 596px\" \/><figcaption class=\"wp-element-caption\"><em>Vije\u0107e za nadzor u akvakulturi certificiralo je&nbsp;odr\u017eivost na\u0161eg lososovog ulja.<\/em><\/figcaption><\/figure>\n<\/div>\n<\/div>\n\n\n\n<h2 class=\"wp-block-heading\"><strong><strong>Sljedivost od jaja\u0161aca&nbsp;do ulja<\/strong><\/strong><\/h2>\n\n\n\n<div class=\"wp-block-columns is-layout-flex wp-container-core-columns-is-layout-3 wp-block-columns-is-layout-flex\">\n<div class=\"wp-block-column is-layout-flow wp-block-column-is-layout-flow\" style=\"flex-basis:66.66%\">\n<p>Mo\u017eemo pratiti&nbsp;porijeklo&nbsp;svih ribljih ulja koja koristimo u na\u0161im proizvodima. Na\u0161e ulje lososa mo\u017ee se pratiti od si\u0107u\u0161nih jaja\u0161ca lososa&nbsp;preko rasta&nbsp;lososa do ulja lososa. Divlje ulovljeno riblje ulje mo\u017ee se pratiti do ulova na moru. Sljedivost kroz lanac vrijednosti presudna je za strogu kontrolu kvalitete.<\/p>\n<\/div>\n\n\n\n<div class=\"wp-block-column is-layout-flow wp-block-column-is-layout-flow\" style=\"flex-basis:33.33%\">\n<div class=\"wp-block-columns is-layout-flex wp-container-core-columns-is-layout-2 wp-block-columns-is-layout-flex\">\n<div class=\"wp-block-column is-vertically-aligned-center is-layout-flow wp-block-column-is-layout-flow\"><div class=\"wp-block-image\">\n<figure class=\"aligncenter size-large\"><img loading=\"lazy\" decoding=\"async\" width=\"436\" height=\"420\" src=\"https:\/\/naturalpharmaceuticals.eu\/wp-content\/uploads\/sites\/2\/2020\/12\/Friend_of_the_sea_logo.png\" alt=\"\" class=\"wp-image-842\" srcset=\"https:\/\/naturalpharmaceuticals.eu\/wp-content\/uploads\/sites\/2\/2020\/12\/Friend_of_the_sea_logo.png 436w, https:\/\/naturalpharmaceuticals.eu\/wp-content\/uploads\/sites\/2\/2020\/12\/Friend_of_the_sea_logo-300x289.png 300w\" sizes=\"auto, (max-width: 436px) 100vw, 436px\" \/><\/figure><\/div><\/div>\n<\/div>\n\n\n\n<p class=\"has-text-color\" style=\"color:#929394\"><em>Na\u0161e koncentrirano riblje ulje certificirano je prema programu Friend of Sea.<\/em><\/p>\n<\/div>\n<\/div>\n\n\n\n<div class=\"wp-block-columns is-layout-flex wp-container-core-columns-is-layout-4 wp-block-columns-is-layout-flex\">\n<div class=\"wp-block-column is-layout-flow wp-block-column-is-layout-flow\" style=\"flex-basis:66.66%\">\n<p>Lososovo ulje je bolje i stoga znatno skuplje od ostalih izvora Omega-3, mjereno cijenom po gramu Omega-3. Kako bi potro\u0161a\u010dima&nbsp;osigurao bezbri\u017enost, OmegaMarine Forte+ sastoji se od deklarirane koli\u010dine ulja lososa,&nbsp;a&nbsp;ORIVO certificira svaku seriju koju proizvedemo. Broj serije&nbsp;stavlja&nbsp;se na sve&nbsp;boce&nbsp;OmegaMarine Forte+, a potro\u0161a\u010d mo\u017ee provjeriti svaki broj serije putem web stranice ORIVO. Natural Pharmaceuticals je prvi dobavlja\u010d Omega-3&nbsp;masnih kiselina&nbsp;na svijetu koji je uz pomo\u0107 ORIVO neovisno certificirao&nbsp;sve&nbsp;vrste u na\u0161em Omega-3 proizvodu.<\/p>\n<\/div>\n\n\n\n<div class=\"wp-block-column is-layout-flow wp-block-column-is-layout-flow\" style=\"flex-basis:33.33%\">\n<figure class=\"wp-block-image size-large\"><img loading=\"lazy\" decoding=\"async\" width=\"701\" height=\"720\" src=\"https:\/\/naturalpharmaceuticals.eu\/wp-content\/uploads\/sites\/2\/2020\/12\/orivo.png\" alt=\"\" class=\"wp-image-844\" srcset=\"https:\/\/naturalpharmaceuticals.eu\/wp-content\/uploads\/sites\/2\/2020\/12\/orivo.png 701w, https:\/\/naturalpharmaceuticals.eu\/wp-content\/uploads\/sites\/2\/2020\/12\/orivo-292x300.png 292w\" sizes=\"auto, (max-width: 701px) 100vw, 701px\" \/><figcaption class=\"wp-element-caption\"><em>OmegaMarine&nbsp;Forte+ prvi je Omega-3 proizvod u svijetu koji je certificirao ORIVO. ORIVO potvr\u0111uje da&nbsp;OmegaMarine&nbsp;Forte+ potje\u010de iz norve\u0161kog lososa.<\/em><\/figcaption><\/figure>\n<\/div>\n<\/div>\n\n\n\n<h2 class=\"wp-block-heading\"><strong><strong>Ovjerena dobra proizvo\u0111a\u010dka praksa<\/strong><\/strong><\/h2>\n\n\n\n<div class=\"wp-block-columns is-layout-flex wp-container-core-columns-is-layout-5 wp-block-columns-is-layout-flex\">\n<div class=\"wp-block-column is-layout-flow wp-block-column-is-layout-flow\" style=\"flex-basis:66.66%\">\n<p>Na\u0161 proizvodni pogon za kapsule i tablete, Pharmatech u Norve\u0161koj, certificiran je za GMP (dobra proizvo\u0111a\u010dku&nbsp;praksu) i najve\u0107i&nbsp;je&nbsp;u svom&nbsp;polju rada&nbsp;u Norve\u0161koj.<\/p>\n\n\n\n<p>Svi na\u0161i proizvodi tako\u0111er su certificirani od strane Informed-Sporta, kako bi sporta\u0161i&nbsp;bili bezbri\u017eni&nbsp;da na\u0161i proizvodi ne sadr\u017ee sastojke zabranjene u sportu.<\/p>\n\n\n\n<p>Natural Pharmaceuticals \u010dlan je GOED-a, industrijskog tijela proizvo\u0111a\u010da i distributera Omega-3, te se pridr\u017eava eti\u010dkih standarda GOED-a za proizvode, prodaju i marketing.<\/p>\n<\/div>\n\n\n\n<div class=\"wp-block-column is-layout-flow wp-block-column-is-layout-flow\" style=\"flex-basis:33.33%\">\n<figure class=\"wp-block-image size-large\"><img loading=\"lazy\" decoding=\"async\" width=\"836\" height=\"1024\" src=\"https:\/\/naturalpharmaceuticals.eu\/wp-content\/uploads\/sites\/2\/2020\/12\/InformedSport_Logo_RGB_0-836x1024.png\" alt=\"\" class=\"wp-image-845\" srcset=\"https:\/\/naturalpharmaceuticals.eu\/wp-content\/uploads\/sites\/2\/2020\/12\/InformedSport_Logo_RGB_0-836x1024.png 836w, https:\/\/naturalpharmaceuticals.eu\/wp-content\/uploads\/sites\/2\/2020\/12\/InformedSport_Logo_RGB_0-245x300.png 245w, https:\/\/naturalpharmaceuticals.eu\/wp-content\/uploads\/sites\/2\/2020\/12\/InformedSport_Logo_RGB_0-768x941.png 768w, https:\/\/naturalpharmaceuticals.eu\/wp-content\/uploads\/sites\/2\/2020\/12\/InformedSport_Logo_RGB_0.png 960w\" sizes=\"auto, (max-width: 836px) 100vw, 836px\" \/><figcaption class=\"wp-element-caption\"><em>Svi na\u0161i proizvodi tako\u0111er su certificirani od strane Informed-Sporta, kako bi sporta\u0161i bili bezbri\u017eni da na\u0161i proizvodi ne sadr\u017ee sastojke zabranjene u sportu.<\/em><\/figcaption><\/figure>\n<\/div>\n<\/div>\n\n\n\n<h2 class=\"wp-block-heading\"><strong><strong>Zdrava marka godine 2020<\/strong><\/strong><\/h2>\n\n\n\n<p>Natural Pharmaceuticals dobio je nagradu \u201eZdrava marka godine 2020\u201c za na\u0161 vode\u0107i OmegaMarine Forte+ na tr\u017ei\u0161tu. Iz godine u godinu dobivamo nagrade koje prepoznaju na\u0161e visoke standarde&nbsp;kvalitete, mjerene korisni\u010dkim panelima u organizaciji neovisnih institucija.&nbsp;<\/p>\n\n\n\n<p>Program dru\u0161tvene odgovornosti Natural Pharmaceuticals uklju\u010duje potporu UNICEF-u.<\/p>\n\n\n\n<p><a href=\"https:\/\/naturalpharmaceuticals.eu\/hr\/nasa-jamstva\/\">Ovdje<\/a> pogledajte povezane certifikate i jamstva.<br><\/p>\n\n\n\n<p><\/p>\n","protected":false},"excerpt":{"rendered":"<p>Izgra\u0111eno na&nbsp;temeljima&nbsp;odr\u017eivosti i odgovornosti Odr\u017eivost je klju\u010dni element svega \u0161to radimo. Na\u0161e se poslovanje temelji na prirodnim morskim resursima iz \u010distih, netaknutih, hladnih voda arkti\u010dke Norve\u0161ke. Ako se dobro ne brinemo o okoli\u0161u&nbsp;koje nam daje plodove,&nbsp;ugrozit&nbsp;\u0107emo na\u0161e poslovanje, morski sektor&#x2026; <\/p>\n<p class=\"more-link-container th-uppercase\"><a href=\"https:\/\/naturalpharmaceuticals.eu\/hr\/odrzivost\/\" class=\"more-link\">Read More <span class=\"screen-reader-text\">Odr\u017eivost<\/span><\/a><\/p>\n","protected":false},"author":1,"featured_media":5093,"parent":0,"menu_order":0,"comment_status":"closed","ping_status":"closed","template":"templates\/grid-full-width-page.php","meta":{"ub_ctt_via":"","footnotes":""},"class_list":["post-5091","page","type-page","status-publish","has-post-thumbnail","hentry"],"featured_image_src":"https:\/\/naturalpharmaceuticals.eu\/wp-content\/uploads\/sites\/2\/2020\/12\/sustainability_1070x335.jpg","yoast_head":"<!-- This site is optimized with the Yoast SEO plugin v24.4 - https:\/\/yoast.com\/wordpress\/plugins\/seo\/ -->\n<title>Odr\u017eivost - Natural Pharmaceuticals<\/title>\n<meta name=\"robots\" content=\"index, follow, max-snippet:-1, max-image-preview:large, max-video-preview:-1\" \/>\n<link rel=\"canonical\" href=\"https:\/\/naturalpharmaceuticals.eu\/hr\/odrzivost\/\" \/>\n<meta property=\"og:locale\" content=\"hr_HR\" \/>\n<meta property=\"og:type\" content=\"article\" \/>\n<meta property=\"og:title\" content=\"Odr\u017eivost - Natural Pharmaceuticals\" \/>\n<meta property=\"og:description\" content=\"Izgra\u0111eno na&nbsp;temeljima&nbsp;odr\u017eivosti i odgovornosti Odr\u017eivost je klju\u010dni element svega \u0161to radimo. Na\u0161e se poslovanje temelji na prirodnim morskim resursima iz \u010distih, netaknutih, hladnih voda arkti\u010dke Norve\u0161ke. Ako se dobro ne brinemo o okoli\u0161u&nbsp;koje nam daje plodove,&nbsp;ugrozit&nbsp;\u0107emo na\u0161e poslovanje, morski sektor&#x2026; Read More Odr\u017eivost\" \/>\n<meta property=\"og:url\" content=\"https:\/\/naturalpharmaceuticals.eu\/hr\/odrzivost\/\" \/>\n<meta property=\"og:site_name\" content=\"Natural Pharmaceuticals\" \/>\n<meta property=\"article:modified_time\" content=\"2025-05-21T11:35:48+00:00\" \/>\n<meta property=\"og:image\" content=\"https:\/\/naturalpharmaceuticals.eu\/wp-content\/uploads\/sites\/2\/2020\/12\/sustainability_1070x335.jpg\" \/>\n\t<meta property=\"og:image:width\" content=\"1070\" \/>\n\t<meta property=\"og:image:height\" content=\"335\" \/>\n\t<meta property=\"og:image:type\" content=\"image\/jpeg\" \/>\n<meta name=\"twitter:card\" content=\"summary_large_image\" \/>\n<meta name=\"twitter:label1\" content=\"Procijenjeno vrijeme \u010ditanja\" \/>\n\t<meta name=\"twitter:data1\" content=\"4 minute\" \/>\n<script type=\"application\/ld+json\" class=\"yoast-schema-graph\">{\"@context\":\"https:\/\/schema.org\",\"@graph\":[{\"@type\":\"WebPage\",\"@id\":\"https:\/\/naturalpharmaceuticals.eu\/hr\/odrzivost\/\",\"url\":\"https:\/\/naturalpharmaceuticals.eu\/hr\/odrzivost\/\",\"name\":\"Odr\u017eivost - Natural Pharmaceuticals\",\"isPartOf\":{\"@id\":\"https:\/\/naturalpharmaceuticals.eu\/hr\/#website\"},\"primaryImageOfPage\":{\"@id\":\"https:\/\/naturalpharmaceuticals.eu\/hr\/odrzivost\/#primaryimage\"},\"image\":{\"@id\":\"https:\/\/naturalpharmaceuticals.eu\/hr\/odrzivost\/#primaryimage\"},\"thumbnailUrl\":\"https:\/\/naturalpharmaceuticals.eu\/wp-content\/uploads\/sites\/2\/2020\/12\/sustainability_1070x335.jpg\",\"datePublished\":\"2021-06-02T14:19:41+00:00\",\"dateModified\":\"2025-05-21T11:35:48+00:00\",\"breadcrumb\":{\"@id\":\"https:\/\/naturalpharmaceuticals.eu\/hr\/odrzivost\/#breadcrumb\"},\"inLanguage\":\"hr\",\"potentialAction\":[{\"@type\":\"ReadAction\",\"target\":[\"https:\/\/naturalpharmaceuticals.eu\/hr\/odrzivost\/\"]}]},{\"@type\":\"ImageObject\",\"inLanguage\":\"hr\",\"@id\":\"https:\/\/naturalpharmaceuticals.eu\/hr\/odrzivost\/#primaryimage\",\"url\":\"https:\/\/naturalpharmaceuticals.eu\/wp-content\/uploads\/sites\/2\/2020\/12\/sustainability_1070x335.jpg\",\"contentUrl\":\"https:\/\/naturalpharmaceuticals.eu\/wp-content\/uploads\/sites\/2\/2020\/12\/sustainability_1070x335.jpg\",\"width\":1070,\"height\":335},{\"@type\":\"BreadcrumbList\",\"@id\":\"https:\/\/naturalpharmaceuticals.eu\/hr\/odrzivost\/#breadcrumb\",\"itemListElement\":[{\"@type\":\"ListItem\",\"position\":1,\"name\":\"Home\",\"item\":\"https:\/\/naturalpharmaceuticals.eu\/hr\/\"},{\"@type\":\"ListItem\",\"position\":2,\"name\":\"Odr\u017eivost\"}]},{\"@type\":\"WebSite\",\"@id\":\"https:\/\/naturalpharmaceuticals.eu\/hr\/#website\",\"url\":\"https:\/\/naturalpharmaceuticals.eu\/hr\/\",\"name\":\"Natural Pharmaceuticals\",\"description\":\"\",\"publisher\":{\"@id\":\"https:\/\/naturalpharmaceuticals.eu\/hr\/#organization\"},\"potentialAction\":[{\"@type\":\"SearchAction\",\"target\":{\"@type\":\"EntryPoint\",\"urlTemplate\":\"https:\/\/naturalpharmaceuticals.eu\/hr\/?s={search_term_string}\"},\"query-input\":{\"@type\":\"PropertyValueSpecification\",\"valueRequired\":true,\"valueName\":\"search_term_string\"}}],\"inLanguage\":\"hr\"},{\"@type\":\"Organization\",\"@id\":\"https:\/\/naturalpharmaceuticals.eu\/hr\/#organization\",\"name\":\"Natural Pharmaceuticals\",\"url\":\"https:\/\/naturalpharmaceuticals.eu\/hr\/\",\"logo\":{\"@type\":\"ImageObject\",\"inLanguage\":\"hr\",\"@id\":\"https:\/\/naturalpharmaceuticals.eu\/hr\/#\/schema\/logo\/image\/\",\"url\":\"https:\/\/naturalpharmaceuticals.eu\/wp-content\/uploads\/sites\/2\/2020\/11\/cropped-natural-pharmaceuticals-logo.png\",\"contentUrl\":\"https:\/\/naturalpharmaceuticals.eu\/wp-content\/uploads\/sites\/2\/2020\/11\/cropped-natural-pharmaceuticals-logo.png\",\"width\":900,\"height\":323,\"caption\":\"Natural Pharmaceuticals\"},\"image\":{\"@id\":\"https:\/\/naturalpharmaceuticals.eu\/hr\/#\/schema\/logo\/image\/\"}}]}<\/script>\n<!-- \/ Yoast SEO plugin. -->","yoast_head_json":{"title":"Odr\u017eivost - Natural Pharmaceuticals","robots":{"index":"index","follow":"follow","max-snippet":"max-snippet:-1","max-image-preview":"max-image-preview:large","max-video-preview":"max-video-preview:-1"},"canonical":"https:\/\/naturalpharmaceuticals.eu\/hr\/odrzivost\/","og_locale":"hr_HR","og_type":"article","og_title":"Odr\u017eivost - Natural Pharmaceuticals","og_description":"Izgra\u0111eno na&nbsp;temeljima&nbsp;odr\u017eivosti i odgovornosti Odr\u017eivost je klju\u010dni element svega \u0161to radimo. Na\u0161e se poslovanje temelji na prirodnim morskim resursima iz \u010distih, netaknutih, hladnih voda arkti\u010dke Norve\u0161ke. Ako se dobro ne brinemo o okoli\u0161u&nbsp;koje nam daje plodove,&nbsp;ugrozit&nbsp;\u0107emo na\u0161e poslovanje, morski sektor&#x2026; Read More Odr\u017eivost","og_url":"https:\/\/naturalpharmaceuticals.eu\/hr\/odrzivost\/","og_site_name":"Natural Pharmaceuticals","article_modified_time":"2025-05-21T11:35:48+00:00","og_image":[{"width":1070,"height":335,"url":"https:\/\/naturalpharmaceuticals.eu\/wp-content\/uploads\/sites\/2\/2020\/12\/sustainability_1070x335.jpg","type":"image\/jpeg"}],"twitter_card":"summary_large_image","twitter_misc":{"Procijenjeno vrijeme \u010ditanja":"4 minute"},"schema":{"@context":"https:\/\/schema.org","@graph":[{"@type":"WebPage","@id":"https:\/\/naturalpharmaceuticals.eu\/hr\/odrzivost\/","url":"https:\/\/naturalpharmaceuticals.eu\/hr\/odrzivost\/","name":"Odr\u017eivost - Natural Pharmaceuticals","isPartOf":{"@id":"https:\/\/naturalpharmaceuticals.eu\/hr\/#website"},"primaryImageOfPage":{"@id":"https:\/\/naturalpharmaceuticals.eu\/hr\/odrzivost\/#primaryimage"},"image":{"@id":"https:\/\/naturalpharmaceuticals.eu\/hr\/odrzivost\/#primaryimage"},"thumbnailUrl":"https:\/\/naturalpharmaceuticals.eu\/wp-content\/uploads\/sites\/2\/2020\/12\/sustainability_1070x335.jpg","datePublished":"2021-06-02T14:19:41+00:00","dateModified":"2025-05-21T11:35:48+00:00","breadcrumb":{"@id":"https:\/\/naturalpharmaceuticals.eu\/hr\/odrzivost\/#breadcrumb"},"inLanguage":"hr","potentialAction":[{"@type":"ReadAction","target":["https:\/\/naturalpharmaceuticals.eu\/hr\/odrzivost\/"]}]},{"@type":"ImageObject","inLanguage":"hr","@id":"https:\/\/naturalpharmaceuticals.eu\/hr\/odrzivost\/#primaryimage","url":"https:\/\/naturalpharmaceuticals.eu\/wp-content\/uploads\/sites\/2\/2020\/12\/sustainability_1070x335.jpg","contentUrl":"https:\/\/naturalpharmaceuticals.eu\/wp-content\/uploads\/sites\/2\/2020\/12\/sustainability_1070x335.jpg","width":1070,"height":335},{"@type":"BreadcrumbList","@id":"https:\/\/naturalpharmaceuticals.eu\/hr\/odrzivost\/#breadcrumb","itemListElement":[{"@type":"ListItem","position":1,"name":"Home","item":"https:\/\/naturalpharmaceuticals.eu\/hr\/"},{"@type":"ListItem","position":2,"name":"Odr\u017eivost"}]},{"@type":"WebSite","@id":"https:\/\/naturalpharmaceuticals.eu\/hr\/#website","url":"https:\/\/naturalpharmaceuticals.eu\/hr\/","name":"Natural Pharmaceuticals","description":"","publisher":{"@id":"https:\/\/naturalpharmaceuticals.eu\/hr\/#organization"},"potentialAction":[{"@type":"SearchAction","target":{"@type":"EntryPoint","urlTemplate":"https:\/\/naturalpharmaceuticals.eu\/hr\/?s={search_term_string}"},"query-input":{"@type":"PropertyValueSpecification","valueRequired":true,"valueName":"search_term_string"}}],"inLanguage":"hr"},{"@type":"Organization","@id":"https:\/\/naturalpharmaceuticals.eu\/hr\/#organization","name":"Natural Pharmaceuticals","url":"https:\/\/naturalpharmaceuticals.eu\/hr\/","logo":{"@type":"ImageObject","inLanguage":"hr","@id":"https:\/\/naturalpharmaceuticals.eu\/hr\/#\/schema\/logo\/image\/","url":"https:\/\/naturalpharmaceuticals.eu\/wp-content\/uploads\/sites\/2\/2020\/11\/cropped-natural-pharmaceuticals-logo.png","contentUrl":"https:\/\/naturalpharmaceuticals.eu\/wp-content\/uploads\/sites\/2\/2020\/11\/cropped-natural-pharmaceuticals-logo.png","width":900,"height":323,"caption":"Natural Pharmaceuticals"},"image":{"@id":"https:\/\/naturalpharmaceuticals.eu\/hr\/#\/schema\/logo\/image\/"}}]}},"jetpack_sharing_enabled":true,"_links":{"self":[{"href":"https:\/\/naturalpharmaceuticals.eu\/hr\/wp-json\/wp\/v2\/pages\/5091","targetHints":{"allow":["GET"]}}],"collection":[{"href":"https:\/\/naturalpharmaceuticals.eu\/hr\/wp-json\/wp\/v2\/pages"}],"about":[{"href":"https:\/\/naturalpharmaceuticals.eu\/hr\/wp-json\/wp\/v2\/types\/page"}],"author":[{"embeddable":true,"href":"https:\/\/naturalpharmaceuticals.eu\/hr\/wp-json\/wp\/v2\/users\/1"}],"replies":[{"embeddable":true,"href":"https:\/\/naturalpharmaceuticals.eu\/hr\/wp-json\/wp\/v2\/comments?post=5091"}],"version-history":[{"count":3,"href":"https:\/\/naturalpharmaceuticals.eu\/hr\/wp-json\/wp\/v2\/pages\/5091\/revisions"}],"predecessor-version":[{"id":33928,"href":"https:\/\/naturalpharmaceuticals.eu\/hr\/wp-json\/wp\/v2\/pages\/5091\/revisions\/33928"}],"wp:featuredmedia":[{"embeddable":true,"href":"https:\/\/naturalpharmaceuticals.eu\/hr\/wp-json\/wp\/v2\/media\/5093"}],"wp:attachment":[{"href":"https:\/\/naturalpharmaceuticals.eu\/hr\/wp-json\/wp\/v2\/media?parent=5091"}],"curies":[{"name":"wp","href":"https:\/\/api.w.org\/{rel}","templated":true}]}}