{"id":5204,"date":"2021-06-04T09:49:08","date_gmt":"2021-06-04T09:49:08","guid":{"rendered":"https:\/\/naturalpharmaceuticals.eu\/?page_id=5204"},"modified":"2021-12-27T12:11:29","modified_gmt":"2021-12-27T12:11:29","slug":"magnezium-b6","status":"publish","type":"page","link":"https:\/\/naturalpharmaceuticals.eu\/hr\/nasi-proizvodi\/magnezium-b6\/","title":{"rendered":"Magnezium B6+"},"content":{"rendered":"\n<div class=\"wp-block-group\"><div class=\"wp-block-group__inner-container is-layout-flow wp-block-group-is-layout-flow\">\n<div class=\"wp-block-columns is-layout-flex wp-container-core-columns-is-layout-1 wp-block-columns-is-layout-flex\">\n<div class=\"wp-block-column is-layout-flow wp-block-column-is-layout-flow\">\n<figure class=\"wp-block-image size-large sticky\"><img loading=\"lazy\" decoding=\"async\" width=\"768\" height=\"768\" src=\"https:\/\/naturalpharmaceuticals.eu\/wp-content\/uploads\/sites\/2\/2020\/12\/MG_www_768x768.png\" alt=\"\" class=\"wp-image-1071\" srcset=\"https:\/\/naturalpharmaceuticals.eu\/wp-content\/uploads\/sites\/2\/2020\/12\/MG_www_768x768.png 768w, https:\/\/naturalpharmaceuticals.eu\/wp-content\/uploads\/sites\/2\/2020\/12\/MG_www_768x768-300x300.png 300w, https:\/\/naturalpharmaceuticals.eu\/wp-content\/uploads\/sites\/2\/2020\/12\/MG_www_768x768-150x150.png 150w, https:\/\/naturalpharmaceuticals.eu\/wp-content\/uploads\/sites\/2\/2020\/12\/MG_www_768x768-200x200.png 200w\" sizes=\"auto, (max-width: 768px) 100vw, 768px\" \/><\/figure>\n<\/div>\n\n\n\n<div class=\"wp-block-column product-info-frame is-layout-flow wp-block-column-is-layout-flow\">\n<p style=\"font-size:18px\"><strong>Magnezium B6+<\/strong><\/p>\n\n\n\n<ul class=\"list-style-check-sign line-height-2 wp-block-list\"><li>Doprinosi smanjenju umora i&nbsp;iscrpljenosti&nbsp;<\/li><li>Doprinosi normalnom funkcioniranju \u017eiv\u010danog sustava i normalnoj psiholo\u0161koj funkciji&nbsp;<\/li><li>Doprinosi normalnoj funkciji mi\u0161i\u0107a i ravnote\u017ei elektrolita&nbsp;<\/li><li>Oboga\u0107en vitaminom B6&nbsp;<\/li><li>Dva na dan<\/li><\/ul>\n\n\n\n<p><\/p>\n<\/div>\n<\/div>\n<\/div><\/div>\n\n\n\n<div class=\"packshot-bg-wrapper\"><div class=\"full-width-inside-container packshot-bg packshot-bg-mg\"><\/div><\/div>\n\n\n\n<p><meta charset=\"utf-8\">Uloga klju\u010dnih sastojaka Magnezium B6+ u ljudskom organizmu pozitivno je ocijenjena u zdravstvenim tvrdnjama koje je izdala Europska agencija za sigurnost hrane (EFSA):<\/p>\n\n\n\n<p>Magnezij i vitamin B6 doprinose smanjenju umora i&nbsp;iscrpljenosti.&nbsp;<br>Magnezij, bakar i vitamin B6 doprinose normalnom funkcioniranju \u017eiv\u010danog sustava.&nbsp;<br>Magnezij i vitamin B6 doprinose normalnoj psiholo\u0161koj funkciji.&nbsp;<br>Cink&nbsp;doprinosi&nbsp;normalnoj kognitivnoj funkciji.&nbsp;<br>Magnezij i vitamin D&nbsp;doprinosi&nbsp;normalnom radu mi\u0161i\u0107a.&nbsp;<br>Magnezij doprinosi ravnote\u017ei elektrolita.&nbsp;<\/p>\n\n\n<div role=\"tabpanel\" class=\"wp-block-ub-tabbed-content-tab-content-wrap ub-hide\"\n        id=\"ub-tabbed-content--panel-0\" aria-labelledby=\"ub-tabbed-content--tab-0\" tabindex=\"0\">\n\n<p><a href=\"https:\/\/nordicmed.natural.pl\/?page_id=326\">Preview in new tab(opens in a new tab)<\/a><\/p>\n\n\n\n<p>reviews<\/p>\n\n<\/div>\n\n<div role=\"tabpanel\" class=\"wp-block-ub-tabbed-content-tab-content-wrap ub-hide\"\n        id=\"ub-tabbed-content--panel-1\" aria-labelledby=\"ub-tabbed-content--tab-1\" tabindex=\"0\">\n\n<p><\/p>\n\n<\/div>\n\n<div role=\"tabpanel\" class=\"wp-block-ub-tabbed-content-tab-content-wrap ub-hide\"\n        id=\"ub-tabbed-content--panel-2\" aria-labelledby=\"ub-tabbed-content--tab-2\" tabindex=\"0\">\n\n<p><\/p>\n\n<\/div>\n\n<div class=\"wp-block-ub-tabbed-content-block wp-block-ub-tabbed-content wp-block-ub-tabbed-content-holder wp-block-ub-tabbed-content-horizontal-holder-mobile wp-block-ub-tabbed-content-horizontal-holder-tablet\" id=\"ub-tabbed-content-e09c7678-7d07-4ef9-b237-669b0fbfe9de\">\n\t\t\t<div class=\"wp-block-ub-tabbed-content-tab-holder horizontal-tab-width-mobile horizontal-tab-width-tablet\">\n\t\t\t\t<div role=\"tablist\" class=\"wp-block-ub-tabbed-content-tabs-title wp-block-ub-tabbed-content-tabs-title-mobile-horizontal-tab wp-block-ub-tabbed-content-tabs-title-tablet-horizontal-tab\"><div role=\"tab\" id=\"ub-tabbed-content-e09c7678-7d07-4ef9-b237-669b0fbfe9de-tab-0\" aria-controls=\"ub-tabbed-content-e09c7678-7d07-4ef9-b237-669b0fbfe9de-panel-0\" aria-selected=\"true\" class=\"wp-block-ub-tabbed-content-tab-title-wrap active\" style=\"\" tabindex=\"-1\">\n\t\t\t\t<div class=\"wp-block-ub-tabbed-content-tab-title\">Nutritivne informacije<\/div>\n\t\t\t<\/div><\/div>\n\t\t\t<\/div>\n\t\t\t<div class=\"wp-block-ub-tabbed-content-tabs-content\" style=\"\"><div role=\"tabpanel\" class=\"wp-block-ub-tabbed-content-tab-content-wrap active\"\n        id=\"ub-tabbed-content-e09c7678-7d07-4ef9-b237-669b0fbfe9de-panel-0\" aria-labelledby=\"ub-tabbed-content-e09c7678-7d07-4ef9-b237-669b0fbfe9de-tab-0\" tabindex=\"0\">\n\n<p>Magnezium B6+<\/p>\n\n\n\n<figure class=\"wp-block-table is-style-borders\"><table class=\"has-fixed-layout\"><thead><tr><th><strong><strong>Sastojci<\/strong><\/strong><\/th><th><strong>2 tablete<\/strong><\/th><th>PU *<\/th><\/tr><\/thead><tbody><tr><td>Magnezij<\/td><td>300 mg<\/td><td>80<\/td><\/tr><tr><td>Cink<\/td><td>10 mg<\/td><td>100<\/td><\/tr><tr><td>Vitamin D<\/td><td>10 \u03bcg <\/td><td>200<\/td><\/tr><tr><td>Bakar<\/td><td>1 mg<\/td><td>100<\/td><\/tr><tr><td>Vitamin B6<\/td><td>1.4 mg<\/td><td>100<\/td><\/tr><\/tbody><\/table><\/figure>\n\n\n\n<p>PU* = preporuceni dnevni unos&nbsp;<\/p>\n\n\n\n<p><strong>Sastojci:<\/strong>&nbsp;magnezijev hidroksid, inulin, zgu\u0161njivaci (celuloza,&nbsp;magnezijev stearat, umre\u017eena natrij karboksimetil celuloza), tvar&nbsp;za sprjecavanje zgrudnjavanja (trikalcijev fosfat), cinkov oksid,&nbsp;vitamin D (kolekalciferol), bakrov(II) sulfat, vitamin B6 (piridoksin&nbsp;hidroklorid), tvari za poliranje (HPMC)&nbsp;<\/p>\n\n\n\n<p><strong>Magnezij B6 +<\/strong>&nbsp;&#8211;&nbsp;<strong>dvije tablete dnevno<\/strong>&nbsp;<\/p>\n\n\n\n<p><strong>Kako koristiti<\/strong>: Svrha proizvoda je pomo\u0107i u smanjenju stresa i umora (magnezij) i pomo\u0107i u upravljanju stresom iz svakodnevnog \u017eivota.&nbsp;<\/p>\n\n\n\n<p><strong>Sastojci u preporucenoj dnevnoj dozi:&nbsp;<\/strong>2 tablete&nbsp;<\/p>\n\n\n\n<p><strong>Napomene<\/strong>:&nbsp;Preporucene&nbsp;dnevne&nbsp;doze&nbsp;ne&nbsp;smiju&nbsp;se&nbsp;prekoraciti.&nbsp;<\/p>\n\n\n\n<p>Dodaci prehrani ne zamjenjuju uravnote\u017eenu, raznoliku prehranu. \u010cuvati izvan dohvata djece. <\/p>\n\n\n\n<p><strong>Neto te\u017eina<\/strong>: 162 g (360 tableta po spremniku, po 450 mg)&nbsp;<\/p>\n\n\n\n<p><strong>Rok valjanosti<\/strong>: do datuma navedenog na&nbsp;pakiranju&nbsp;<\/p>\n\n\n\n<p><strong>Proizvodna serija<\/strong>: navedeno na pakiranju&nbsp;<\/p>\n\n\n\n<p><strong>Pohrana<\/strong>: na max. 25 \u00b0C, za\u0161ti\u0107eno od svjetlosti i vlage&nbsp;<\/p>\n\n\n\n<p><strong>Proizveo u Norve\u0161koj<\/strong>&nbsp;Pharmatech AS za&nbsp;<br>Natural Pharmaceuticals Sp. z o.o.&nbsp;<\/p>\n\n\n\n<p><strong>Distributer:<\/strong>&nbsp;Natural Pharmaceuticals Sp. z o.o.&nbsp;<br>Domaniewska 28, 02-672 Var\u0161ava, Poljska&nbsp;<\/p>\n\n\n\n<p><\/p>\n\n<\/div><\/div>\n\t\t<\/div>\n\n\n<figure class=\"wp-block-image alignfull size-full\"><img loading=\"lazy\" decoding=\"async\" width=\"1520\" height=\"500\" src=\"https:\/\/naturalpharmaceuticals.eu\/wp-content\/uploads\/sites\/2\/2021\/03\/Natural_Pharmaceuticals_MagneziumB6_IMG_9830_magnezium_a.jpg\" alt=\"\" class=\"wp-image-2678\" srcset=\"https:\/\/naturalpharmaceuticals.eu\/wp-content\/uploads\/sites\/2\/2021\/03\/Natural_Pharmaceuticals_MagneziumB6_IMG_9830_magnezium_a.jpg 1520w, https:\/\/naturalpharmaceuticals.eu\/wp-content\/uploads\/sites\/2\/2021\/03\/Natural_Pharmaceuticals_MagneziumB6_IMG_9830_magnezium_a-300x99.jpg 300w, https:\/\/naturalpharmaceuticals.eu\/wp-content\/uploads\/sites\/2\/2021\/03\/Natural_Pharmaceuticals_MagneziumB6_IMG_9830_magnezium_a-1024x337.jpg 1024w, https:\/\/naturalpharmaceuticals.eu\/wp-content\/uploads\/sites\/2\/2021\/03\/Natural_Pharmaceuticals_MagneziumB6_IMG_9830_magnezium_a-768x253.jpg 768w\" sizes=\"auto, (max-width: 1520px) 100vw, 1520px\" \/><\/figure>\n","protected":false},"excerpt":{"rendered":"<p>Magnezium B6+ Doprinosi smanjenju umora i&nbsp;iscrpljenosti&nbsp; Doprinosi normalnom funkcioniranju \u017eiv\u010danog sustava i normalnoj psiholo\u0161koj funkciji&nbsp; Doprinosi normalnoj funkciji mi\u0161i\u0107a i ravnote\u017ei elektrolita&nbsp; Oboga\u0107en vitaminom B6&nbsp; Dva na dan Uloga klju\u010dnih sastojaka Magnezium B6+ u ljudskom organizmu pozitivno je ocijenjena u&#x2026; <\/p>\n<p class=\"more-link-container th-uppercase\"><a href=\"https:\/\/naturalpharmaceuticals.eu\/hr\/nasi-proizvodi\/magnezium-b6\/\" class=\"more-link\">Read More <span class=\"screen-reader-text\">Magnezium B6+<\/span><\/a><\/p>\n","protected":false},"author":1,"featured_media":5172,"parent":5151,"menu_order":0,"comment_status":"closed","ping_status":"closed","template":"templates\/grid-full-width-page.php","meta":{"ub_ctt_via":"","footnotes":""},"class_list":["post-5204","page","type-page","status-publish","has-post-thumbnail","hentry"],"featured_image_src":"https:\/\/naturalpharmaceuticals.eu\/wp-content\/uploads\/sites\/2\/2020\/12\/PL_banner_760x300_v2_16_Natural_Pharmaceuticals_Magnezium_B6_plus.jpg","yoast_head":"<!-- This site is optimized with the Yoast SEO plugin v24.4 - https:\/\/yoast.com\/wordpress\/plugins\/seo\/ -->\n<title>Magnezium B6+ - Natural Pharmaceuticals<\/title>\n<meta name=\"robots\" content=\"index, follow, max-snippet:-1, max-image-preview:large, max-video-preview:-1\" \/>\n<link rel=\"canonical\" href=\"https:\/\/naturalpharmaceuticals.eu\/hr\/nasi-proizvodi\/magnezium-b6\/\" \/>\n<meta property=\"og:locale\" content=\"hr_HR\" \/>\n<meta property=\"og:type\" content=\"article\" \/>\n<meta property=\"og:title\" content=\"Magnezium B6+ - Natural Pharmaceuticals\" \/>\n<meta property=\"og:description\" content=\"Magnezium B6+ Doprinosi smanjenju umora i&nbsp;iscrpljenosti&nbsp; Doprinosi normalnom funkcioniranju \u017eiv\u010danog sustava i normalnoj psiholo\u0161koj funkciji&nbsp; Doprinosi normalnoj funkciji mi\u0161i\u0107a i ravnote\u017ei elektrolita&nbsp; Oboga\u0107en vitaminom B6&nbsp; Dva na dan Uloga klju\u010dnih sastojaka Magnezium B6+ u ljudskom organizmu pozitivno je ocijenjena u&#x2026; Read More Magnezium B6+\" \/>\n<meta property=\"og:url\" content=\"https:\/\/naturalpharmaceuticals.eu\/hr\/nasi-proizvodi\/magnezium-b6\/\" \/>\n<meta property=\"og:site_name\" content=\"Natural Pharmaceuticals\" \/>\n<meta property=\"article:modified_time\" content=\"2021-12-27T12:11:29+00:00\" \/>\n<meta property=\"og:image\" content=\"https:\/\/naturalpharmaceuticals.eu\/wp-content\/uploads\/sites\/2\/2020\/12\/PL_banner_760x300_v2_16_Natural_Pharmaceuticals_Magnezium_B6_plus.jpg\" \/>\n\t<meta property=\"og:image:width\" content=\"760\" \/>\n\t<meta property=\"og:image:height\" content=\"300\" \/>\n\t<meta property=\"og:image:type\" content=\"image\/jpeg\" \/>\n<meta name=\"twitter:card\" content=\"summary_large_image\" \/>\n<meta name=\"twitter:label1\" content=\"Procijenjeno vrijeme \u010ditanja\" \/>\n\t<meta name=\"twitter:data1\" content=\"2 minute\" \/>\n<script type=\"application\/ld+json\" class=\"yoast-schema-graph\">{\"@context\":\"https:\/\/schema.org\",\"@graph\":[{\"@type\":\"WebPage\",\"@id\":\"https:\/\/naturalpharmaceuticals.eu\/hr\/nasi-proizvodi\/magnezium-b6\/\",\"url\":\"https:\/\/naturalpharmaceuticals.eu\/hr\/nasi-proizvodi\/magnezium-b6\/\",\"name\":\"Magnezium B6+ - Natural Pharmaceuticals\",\"isPartOf\":{\"@id\":\"https:\/\/naturalpharmaceuticals.eu\/hr\/#website\"},\"primaryImageOfPage\":{\"@id\":\"https:\/\/naturalpharmaceuticals.eu\/hr\/nasi-proizvodi\/magnezium-b6\/#primaryimage\"},\"image\":{\"@id\":\"https:\/\/naturalpharmaceuticals.eu\/hr\/nasi-proizvodi\/magnezium-b6\/#primaryimage\"},\"thumbnailUrl\":\"https:\/\/naturalpharmaceuticals.eu\/wp-content\/uploads\/sites\/2\/2020\/12\/PL_banner_760x300_v2_16_Natural_Pharmaceuticals_Magnezium_B6_plus.jpg\",\"datePublished\":\"2021-06-04T09:49:08+00:00\",\"dateModified\":\"2021-12-27T12:11:29+00:00\",\"breadcrumb\":{\"@id\":\"https:\/\/naturalpharmaceuticals.eu\/hr\/nasi-proizvodi\/magnezium-b6\/#breadcrumb\"},\"inLanguage\":\"hr\",\"potentialAction\":[{\"@type\":\"ReadAction\",\"target\":[\"https:\/\/naturalpharmaceuticals.eu\/hr\/nasi-proizvodi\/magnezium-b6\/\"]}]},{\"@type\":\"ImageObject\",\"inLanguage\":\"hr\",\"@id\":\"https:\/\/naturalpharmaceuticals.eu\/hr\/nasi-proizvodi\/magnezium-b6\/#primaryimage\",\"url\":\"https:\/\/naturalpharmaceuticals.eu\/wp-content\/uploads\/sites\/2\/2020\/12\/PL_banner_760x300_v2_16_Natural_Pharmaceuticals_Magnezium_B6_plus.jpg\",\"contentUrl\":\"https:\/\/naturalpharmaceuticals.eu\/wp-content\/uploads\/sites\/2\/2020\/12\/PL_banner_760x300_v2_16_Natural_Pharmaceuticals_Magnezium_B6_plus.jpg\",\"width\":760,\"height\":300},{\"@type\":\"BreadcrumbList\",\"@id\":\"https:\/\/naturalpharmaceuticals.eu\/hr\/nasi-proizvodi\/magnezium-b6\/#breadcrumb\",\"itemListElement\":[{\"@type\":\"ListItem\",\"position\":1,\"name\":\"Home\",\"item\":\"https:\/\/naturalpharmaceuticals.eu\/hr\/\"},{\"@type\":\"ListItem\",\"position\":2,\"name\":\"Na\u0161i proizvodi\",\"item\":\"https:\/\/naturalpharmaceuticals.eu\/hr\/nasi-proizvodi\/\"},{\"@type\":\"ListItem\",\"position\":3,\"name\":\"Magnezium B6+\"}]},{\"@type\":\"WebSite\",\"@id\":\"https:\/\/naturalpharmaceuticals.eu\/hr\/#website\",\"url\":\"https:\/\/naturalpharmaceuticals.eu\/hr\/\",\"name\":\"Natural Pharmaceuticals\",\"description\":\"\",\"publisher\":{\"@id\":\"https:\/\/naturalpharmaceuticals.eu\/hr\/#organization\"},\"potentialAction\":[{\"@type\":\"SearchAction\",\"target\":{\"@type\":\"EntryPoint\",\"urlTemplate\":\"https:\/\/naturalpharmaceuticals.eu\/hr\/?s={search_term_string}\"},\"query-input\":{\"@type\":\"PropertyValueSpecification\",\"valueRequired\":true,\"valueName\":\"search_term_string\"}}],\"inLanguage\":\"hr\"},{\"@type\":\"Organization\",\"@id\":\"https:\/\/naturalpharmaceuticals.eu\/hr\/#organization\",\"name\":\"Natural Pharmaceuticals\",\"url\":\"https:\/\/naturalpharmaceuticals.eu\/hr\/\",\"logo\":{\"@type\":\"ImageObject\",\"inLanguage\":\"hr\",\"@id\":\"https:\/\/naturalpharmaceuticals.eu\/hr\/#\/schema\/logo\/image\/\",\"url\":\"https:\/\/naturalpharmaceuticals.eu\/wp-content\/uploads\/sites\/2\/2020\/11\/cropped-natural-pharmaceuticals-logo.png\",\"contentUrl\":\"https:\/\/naturalpharmaceuticals.eu\/wp-content\/uploads\/sites\/2\/2020\/11\/cropped-natural-pharmaceuticals-logo.png\",\"width\":900,\"height\":323,\"caption\":\"Natural Pharmaceuticals\"},\"image\":{\"@id\":\"https:\/\/naturalpharmaceuticals.eu\/hr\/#\/schema\/logo\/image\/\"}}]}<\/script>\n<!-- \/ Yoast SEO plugin. -->","yoast_head_json":{"title":"Magnezium B6+ - Natural Pharmaceuticals","robots":{"index":"index","follow":"follow","max-snippet":"max-snippet:-1","max-image-preview":"max-image-preview:large","max-video-preview":"max-video-preview:-1"},"canonical":"https:\/\/naturalpharmaceuticals.eu\/hr\/nasi-proizvodi\/magnezium-b6\/","og_locale":"hr_HR","og_type":"article","og_title":"Magnezium B6+ - Natural Pharmaceuticals","og_description":"Magnezium B6+ Doprinosi smanjenju umora i&nbsp;iscrpljenosti&nbsp; Doprinosi normalnom funkcioniranju \u017eiv\u010danog sustava i normalnoj psiholo\u0161koj funkciji&nbsp; Doprinosi normalnoj funkciji mi\u0161i\u0107a i ravnote\u017ei elektrolita&nbsp; Oboga\u0107en vitaminom B6&nbsp; Dva na dan Uloga klju\u010dnih sastojaka Magnezium B6+ u ljudskom organizmu pozitivno je ocijenjena u&#x2026; Read More Magnezium B6+","og_url":"https:\/\/naturalpharmaceuticals.eu\/hr\/nasi-proizvodi\/magnezium-b6\/","og_site_name":"Natural Pharmaceuticals","article_modified_time":"2021-12-27T12:11:29+00:00","og_image":[{"width":760,"height":300,"url":"https:\/\/naturalpharmaceuticals.eu\/wp-content\/uploads\/sites\/2\/2020\/12\/PL_banner_760x300_v2_16_Natural_Pharmaceuticals_Magnezium_B6_plus.jpg","type":"image\/jpeg"}],"twitter_card":"summary_large_image","twitter_misc":{"Procijenjeno vrijeme \u010ditanja":"2 minute"},"schema":{"@context":"https:\/\/schema.org","@graph":[{"@type":"WebPage","@id":"https:\/\/naturalpharmaceuticals.eu\/hr\/nasi-proizvodi\/magnezium-b6\/","url":"https:\/\/naturalpharmaceuticals.eu\/hr\/nasi-proizvodi\/magnezium-b6\/","name":"Magnezium B6+ - Natural Pharmaceuticals","isPartOf":{"@id":"https:\/\/naturalpharmaceuticals.eu\/hr\/#website"},"primaryImageOfPage":{"@id":"https:\/\/naturalpharmaceuticals.eu\/hr\/nasi-proizvodi\/magnezium-b6\/#primaryimage"},"image":{"@id":"https:\/\/naturalpharmaceuticals.eu\/hr\/nasi-proizvodi\/magnezium-b6\/#primaryimage"},"thumbnailUrl":"https:\/\/naturalpharmaceuticals.eu\/wp-content\/uploads\/sites\/2\/2020\/12\/PL_banner_760x300_v2_16_Natural_Pharmaceuticals_Magnezium_B6_plus.jpg","datePublished":"2021-06-04T09:49:08+00:00","dateModified":"2021-12-27T12:11:29+00:00","breadcrumb":{"@id":"https:\/\/naturalpharmaceuticals.eu\/hr\/nasi-proizvodi\/magnezium-b6\/#breadcrumb"},"inLanguage":"hr","potentialAction":[{"@type":"ReadAction","target":["https:\/\/naturalpharmaceuticals.eu\/hr\/nasi-proizvodi\/magnezium-b6\/"]}]},{"@type":"ImageObject","inLanguage":"hr","@id":"https:\/\/naturalpharmaceuticals.eu\/hr\/nasi-proizvodi\/magnezium-b6\/#primaryimage","url":"https:\/\/naturalpharmaceuticals.eu\/wp-content\/uploads\/sites\/2\/2020\/12\/PL_banner_760x300_v2_16_Natural_Pharmaceuticals_Magnezium_B6_plus.jpg","contentUrl":"https:\/\/naturalpharmaceuticals.eu\/wp-content\/uploads\/sites\/2\/2020\/12\/PL_banner_760x300_v2_16_Natural_Pharmaceuticals_Magnezium_B6_plus.jpg","width":760,"height":300},{"@type":"BreadcrumbList","@id":"https:\/\/naturalpharmaceuticals.eu\/hr\/nasi-proizvodi\/magnezium-b6\/#breadcrumb","itemListElement":[{"@type":"ListItem","position":1,"name":"Home","item":"https:\/\/naturalpharmaceuticals.eu\/hr\/"},{"@type":"ListItem","position":2,"name":"Na\u0161i proizvodi","item":"https:\/\/naturalpharmaceuticals.eu\/hr\/nasi-proizvodi\/"},{"@type":"ListItem","position":3,"name":"Magnezium B6+"}]},{"@type":"WebSite","@id":"https:\/\/naturalpharmaceuticals.eu\/hr\/#website","url":"https:\/\/naturalpharmaceuticals.eu\/hr\/","name":"Natural Pharmaceuticals","description":"","publisher":{"@id":"https:\/\/naturalpharmaceuticals.eu\/hr\/#organization"},"potentialAction":[{"@type":"SearchAction","target":{"@type":"EntryPoint","urlTemplate":"https:\/\/naturalpharmaceuticals.eu\/hr\/?s={search_term_string}"},"query-input":{"@type":"PropertyValueSpecification","valueRequired":true,"valueName":"search_term_string"}}],"inLanguage":"hr"},{"@type":"Organization","@id":"https:\/\/naturalpharmaceuticals.eu\/hr\/#organization","name":"Natural Pharmaceuticals","url":"https:\/\/naturalpharmaceuticals.eu\/hr\/","logo":{"@type":"ImageObject","inLanguage":"hr","@id":"https:\/\/naturalpharmaceuticals.eu\/hr\/#\/schema\/logo\/image\/","url":"https:\/\/naturalpharmaceuticals.eu\/wp-content\/uploads\/sites\/2\/2020\/11\/cropped-natural-pharmaceuticals-logo.png","contentUrl":"https:\/\/naturalpharmaceuticals.eu\/wp-content\/uploads\/sites\/2\/2020\/11\/cropped-natural-pharmaceuticals-logo.png","width":900,"height":323,"caption":"Natural Pharmaceuticals"},"image":{"@id":"https:\/\/naturalpharmaceuticals.eu\/hr\/#\/schema\/logo\/image\/"}}]}},"jetpack_sharing_enabled":true,"_links":{"self":[{"href":"https:\/\/naturalpharmaceuticals.eu\/hr\/wp-json\/wp\/v2\/pages\/5204","targetHints":{"allow":["GET"]}}],"collection":[{"href":"https:\/\/naturalpharmaceuticals.eu\/hr\/wp-json\/wp\/v2\/pages"}],"about":[{"href":"https:\/\/naturalpharmaceuticals.eu\/hr\/wp-json\/wp\/v2\/types\/page"}],"author":[{"embeddable":true,"href":"https:\/\/naturalpharmaceuticals.eu\/hr\/wp-json\/wp\/v2\/users\/1"}],"replies":[{"embeddable":true,"href":"https:\/\/naturalpharmaceuticals.eu\/hr\/wp-json\/wp\/v2\/comments?post=5204"}],"version-history":[{"count":2,"href":"https:\/\/naturalpharmaceuticals.eu\/hr\/wp-json\/wp\/v2\/pages\/5204\/revisions"}],"predecessor-version":[{"id":8591,"href":"https:\/\/naturalpharmaceuticals.eu\/hr\/wp-json\/wp\/v2\/pages\/5204\/revisions\/8591"}],"up":[{"embeddable":true,"href":"https:\/\/naturalpharmaceuticals.eu\/hr\/wp-json\/wp\/v2\/pages\/5151"}],"wp:featuredmedia":[{"embeddable":true,"href":"https:\/\/naturalpharmaceuticals.eu\/hr\/wp-json\/wp\/v2\/media\/5172"}],"wp:attachment":[{"href":"https:\/\/naturalpharmaceuticals.eu\/hr\/wp-json\/wp\/v2\/media?parent=5204"}],"curies":[{"name":"wp","href":"https:\/\/api.w.org\/{rel}","templated":true}]}}