{"id":5222,"date":"2021-06-04T10:15:13","date_gmt":"2021-06-04T10:15:13","guid":{"rendered":"https:\/\/naturalpharmaceuticals.eu\/?page_id=5222"},"modified":"2021-12-27T12:11:32","modified_gmt":"2021-12-27T12:11:32","slug":"omegamarine-junior","status":"publish","type":"page","link":"https:\/\/naturalpharmaceuticals.eu\/hr\/nasi-proizvodi\/omegamarine-junior\/","title":{"rendered":"OmegaMarine Junior+"},"content":{"rendered":"\n<div class=\"wp-block-group\"><div class=\"wp-block-group__inner-container is-layout-flow wp-block-group-is-layout-flow\">\n<div class=\"wp-block-columns is-layout-flex wp-container-core-columns-is-layout-1 wp-block-columns-is-layout-flex\">\n<div class=\"wp-block-column is-layout-flow wp-block-column-is-layout-flow\">\n<figure class=\"wp-block-image size-large sticky\"><img loading=\"lazy\" decoding=\"async\" width=\"768\" height=\"768\" src=\"https:\/\/naturalpharmaceuticals.eu\/wp-content\/uploads\/sites\/2\/2020\/12\/OMJ_www_768x768.png\" alt=\"\" class=\"wp-image-1056\" srcset=\"https:\/\/naturalpharmaceuticals.eu\/wp-content\/uploads\/sites\/2\/2020\/12\/OMJ_www_768x768.png 768w, https:\/\/naturalpharmaceuticals.eu\/wp-content\/uploads\/sites\/2\/2020\/12\/OMJ_www_768x768-300x300.png 300w, https:\/\/naturalpharmaceuticals.eu\/wp-content\/uploads\/sites\/2\/2020\/12\/OMJ_www_768x768-150x150.png 150w, https:\/\/naturalpharmaceuticals.eu\/wp-content\/uploads\/sites\/2\/2020\/12\/OMJ_www_768x768-200x200.png 200w\" sizes=\"auto, (max-width: 768px) 100vw, 768px\" \/><\/figure>\n<\/div>\n\n\n\n<div class=\"wp-block-column product-info-frame is-layout-flow wp-block-column-is-layout-flow\">\n<p style=\"font-size:18px\"><strong>OmegaMarine Junior+<\/strong><\/p>\n\n\n\n<ul class=\"list-style-check-sign line-height-2 wp-block-list\"><li>Dokumentirani u\u010dinak na razvoj i funkciju mozga&nbsp;<\/li><li>Visok sadr\u017eaj DHA&nbsp;<\/li><li>Pobolj\u0161an&nbsp;vitaminima D, A i E za imunolo\u0161ki sustav&nbsp;<\/li><li>\u017dvaka\u0107e kapsule u obliku ribe prilago\u0111ene djeci&nbsp;<\/li><li>Vo\u0107ni okus&nbsp;<\/li><li>Bolje od ulja jetre bakalara (tran), djeca \u0107e ga sama tra\u017eiti svako jutro&nbsp;<\/li><li>Prirodno zasla\u0111en (stevija)&nbsp;<\/li><li>Preporu\u010duje se za djecu stariju od 3 godine&nbsp;<\/li><\/ul>\n\n\n\n<p><\/p>\n<\/div>\n<\/div>\n<\/div><\/div>\n\n\n\n<div class=\"packshot-bg-wrapper\"><div class=\"full-width-inside-container packshot-bg packshot-bg-omj\"><\/div><\/div>\n\n\n\n<p><meta charset=\"utf-8\">Uloga klju\u010dnih sastojaka OmegaMarine Junior+ u ljudskom organizmu pozitivno je ocijenjena u zdravstvenim tvrdnjama koje je izdala Europska agencija za sigurnost hrane (EFSA):<\/p>\n\n\n\n<p>DHA poma\u017ee u odr\u017eavanju normalne funkcije vida<sup>1<\/sup>&nbsp;i mozga<sup>1<\/sup>. DHA i EPA doprinose normalnoj funkciji srca<sup>2<\/sup>.&nbsp;<br>Vitamin D&nbsp;doprinosi&nbsp;normalnoj funkciji imunolo\u0161kog sustava.&nbsp;<br>Vitamin D&nbsp;doprinosi&nbsp;odr\u017eavanju normalnih kostiju i zuba.&nbsp;<\/p>\n\n\n\n<p><sup>1&nbsp;<\/sup>Povoljan u\u010dinak posti\u017ee se dnevnim unosom 250 mg DHA.<br><sup>2&nbsp;<\/sup>Povoljan u\u010dinak posti\u017ee se dnevnim unosom 250 mg DHA i EPA.&nbsp;<\/p>\n\n\n<div role=\"tabpanel\" class=\"wp-block-ub-tabbed-content-tab-content-wrap ub-hide\"\n        id=\"ub-tabbed-content--panel-0\" aria-labelledby=\"ub-tabbed-content--tab-0\" tabindex=\"0\">\n\n<p><a href=\"https:\/\/nordicmed.natural.pl\/?page_id=326\">Preview in new tab(opens in a new tab)<\/a><\/p>\n\n\n\n<p>reviews<\/p>\n\n<\/div>\n\n<div role=\"tabpanel\" class=\"wp-block-ub-tabbed-content-tab-content-wrap ub-hide\"\n        id=\"ub-tabbed-content--panel-1\" aria-labelledby=\"ub-tabbed-content--tab-1\" tabindex=\"0\">\n\n<p><\/p>\n\n<\/div>\n\n<div role=\"tabpanel\" class=\"wp-block-ub-tabbed-content-tab-content-wrap ub-hide\"\n        id=\"ub-tabbed-content--panel-2\" aria-labelledby=\"ub-tabbed-content--tab-2\" tabindex=\"0\">\n\n<p><\/p>\n\n<\/div>\n\n<div class=\"wp-block-ub-tabbed-content-block wp-block-ub-tabbed-content wp-block-ub-tabbed-content-holder wp-block-ub-tabbed-content-horizontal-holder-mobile wp-block-ub-tabbed-content-horizontal-holder-tablet\" id=\"ub-tabbed-content-1c34a1ab-ae4a-48af-bdc8-c07adc4ff900\">\n\t\t\t<div class=\"wp-block-ub-tabbed-content-tab-holder horizontal-tab-width-mobile horizontal-tab-width-tablet\">\n\t\t\t\t<div role=\"tablist\" class=\"wp-block-ub-tabbed-content-tabs-title wp-block-ub-tabbed-content-tabs-title-mobile-horizontal-tab wp-block-ub-tabbed-content-tabs-title-tablet-horizontal-tab\"><div role=\"tab\" id=\"ub-tabbed-content-1c34a1ab-ae4a-48af-bdc8-c07adc4ff900-tab-0\" aria-controls=\"ub-tabbed-content-1c34a1ab-ae4a-48af-bdc8-c07adc4ff900-panel-0\" aria-selected=\"true\" class=\"wp-block-ub-tabbed-content-tab-title-wrap active\" style=\"\" tabindex=\"-1\">\n\t\t\t\t<div class=\"wp-block-ub-tabbed-content-tab-title\">Nutritivne informacije<\/div>\n\t\t\t<\/div><\/div>\n\t\t\t<\/div>\n\t\t\t<div class=\"wp-block-ub-tabbed-content-tabs-content\" style=\"\"><div role=\"tabpanel\" class=\"wp-block-ub-tabbed-content-tab-content-wrap active\"\n        id=\"ub-tabbed-content-1c34a1ab-ae4a-48af-bdc8-c07adc4ff900-panel-0\" aria-labelledby=\"ub-tabbed-content-1c34a1ab-ae4a-48af-bdc8-c07adc4ff900-tab-0\" tabindex=\"0\">\n\n<p>OmegaMarine Junior+<\/p>\n\n\n\n<figure class=\"wp-block-table is-style-borders\"><table><tbody><tr><th>Sastojci<\/th><th>2 kapsule<\/th><th>DRI *<\/th><\/tr><tr><td>Ulje tune, od \u010dega:<\/td><td>1 000 mg<\/td><td>&#8211;<\/td><\/tr><tr><td>&nbsp;&nbsp;&nbsp;&nbsp;Omega-3 kiseline:<\/td><td>363 mg<\/td><td>&#8211;<\/td><\/tr><tr><td>&nbsp;&nbsp;&nbsp;&nbsp;&nbsp;&nbsp;&nbsp;&nbsp;DHA (dokozaheksaenska kiselina)<\/td><td>281 mg<\/td><td>&#8211;<\/td><\/tr><tr><td>&nbsp;&nbsp;&nbsp;&nbsp;&nbsp;&nbsp;&nbsp;&nbsp;EPA (eikozapentaenska kiselina)<\/td><td>72 mg<\/td><td>&#8211;<\/td><\/tr><tr><td>Vitamin E<\/td><td>12 mg<\/td><td>100<\/td><\/tr><tr><td>Vitamin A<\/td><td>120 \u03bcg<\/td><td>15<\/td><\/tr><tr><td>Vitamin D<\/td><td>5 \u03bcg<\/td><td>100<\/td><\/tr><\/tbody><\/table><\/figure>\n\n\n\n<p>* DRI \u2013 Prehrambeni referentni unos&nbsp;<\/p>\n\n\n\n<p><strong>Sastojci<\/strong>: ulje tune, stabilizator (glicerol), svinjska \u017eelatina,&nbsp;modificirani krumpirov \u0161krob, aroma, vitamin E (Dl-alfa-tokoferol&nbsp;acetat), vitamin A (retinil palmitat), zasla\u0111iva\u010d (steviol glikozid),&nbsp;antioksidans (mje\u0161oviti tokoferoli), vitamin D3 (kolekalciferol).&nbsp;<\/p>\n\n\n\n<p><strong>OmegaMarine Junior+ &#8211; dvije kapsule dnevno<\/strong>&nbsp;<\/p>\n\n\n\n<p><strong>Kako koristiti<\/strong>: Svrha proizvoda je nadopuniti svakodnevnu dje\u010dju prehranu esencijalnim Omega-3 masnim kiselinama i vitaminom D3.&nbsp;<\/p>\n\n\n\n<p><strong>Preporu\u010dena dnevna doza<\/strong>: 2 kapsule dnevno&nbsp;<\/p>\n\n\n\n<p><strong>Neto te\u017eina<\/strong>: 320 g (360 kapsula po spremniku, 0,89 g svaka)&nbsp;<\/p>\n\n\n\n<p>Dodaci prehrani ne zamjenjuju uravnote\u017eenu, raznoliku prehranu. \u010cuvati izvan dohvata djece. Nemojte prekora\u010diti preporu\u010denu dnevnu dozu.\u00a0<\/p>\n\n\n\n<p><strong>Rok valjanosti<\/strong>: do datuma navedenog na pakiranju&nbsp;<\/p>\n\n\n\n<p><strong>Proizvodna serija<\/strong>: navedeno na pakiranju&nbsp;<\/p>\n\n\n\n<p><strong>Pohrana<\/strong>: na max. 25 \u00b0C, za\u0161ti\u0107eno od svjetlosti i vlage&nbsp;<\/p>\n\n\n\n<p><strong>Proizveo u Norve\u0161koj<\/strong>&nbsp;Pharmatech AS za&nbsp;<br>Natural Pharmaceuticals Sp. z o.o.&nbsp;<\/p>\n\n\n\n<p><strong>Distributer:<\/strong>&nbsp;Natural Pharmaceuticals Sp. z o.o.&nbsp;<br>Domaniewska 28, 02-672 Var\u0161ava, Poljska&nbsp;<\/p>\n\n\n\n<p><\/p>\n\n<\/div><\/div>\n\t\t<\/div>\n\n\n<div class=\"wp-block-group alignwide\"><div class=\"wp-block-group__inner-container is-layout-flow wp-block-group-is-layout-flow\"><\/div><\/div>\n\n\n\n<figure class=\"wp-block-image alignfull size-full\"><img loading=\"lazy\" decoding=\"async\" width=\"1520\" height=\"500\" src=\"https:\/\/naturalpharmaceuticals.eu\/wp-content\/uploads\/sites\/2\/2021\/03\/Natural_Pharmaceuticals_OmegaMarine_Junior_IMG_8734_OMJ_a.jpg\" alt=\"\" class=\"wp-image-3237\" srcset=\"https:\/\/naturalpharmaceuticals.eu\/wp-content\/uploads\/sites\/2\/2021\/03\/Natural_Pharmaceuticals_OmegaMarine_Junior_IMG_8734_OMJ_a.jpg 1520w, https:\/\/naturalpharmaceuticals.eu\/wp-content\/uploads\/sites\/2\/2021\/03\/Natural_Pharmaceuticals_OmegaMarine_Junior_IMG_8734_OMJ_a-300x99.jpg 300w, https:\/\/naturalpharmaceuticals.eu\/wp-content\/uploads\/sites\/2\/2021\/03\/Natural_Pharmaceuticals_OmegaMarine_Junior_IMG_8734_OMJ_a-1024x337.jpg 1024w, https:\/\/naturalpharmaceuticals.eu\/wp-content\/uploads\/sites\/2\/2021\/03\/Natural_Pharmaceuticals_OmegaMarine_Junior_IMG_8734_OMJ_a-768x253.jpg 768w\" sizes=\"auto, (max-width: 1520px) 100vw, 1520px\" \/><\/figure>\n\n\n\n<div class=\"wp-block-columns is-layout-flex wp-container-core-columns-is-layout-2 wp-block-columns-is-layout-flex\">\n<div class=\"wp-block-column is-vertically-aligned-center is-layout-flow wp-block-column-is-layout-flow\">\n<div class=\"wp-block-image\"><figure class=\"aligncenter size-full\"><img loading=\"lazy\" decoding=\"async\" width=\"220\" height=\"220\" src=\"https:\/\/naturalpharmaceuticals.eu\/wp-content\/uploads\/sites\/2\/2020\/09\/goed.png\" alt=\"\" class=\"wp-image-350\" srcset=\"https:\/\/naturalpharmaceuticals.eu\/wp-content\/uploads\/sites\/2\/2020\/09\/goed.png 220w, https:\/\/naturalpharmaceuticals.eu\/wp-content\/uploads\/sites\/2\/2020\/09\/goed-150x150.png 150w, https:\/\/naturalpharmaceuticals.eu\/wp-content\/uploads\/sites\/2\/2020\/09\/goed-200x200.png 200w\" sizes=\"auto, (max-width: 220px) 100vw, 220px\" \/><\/figure><\/div>\n\n\n\n<p><\/p>\n<\/div>\n\n\n\n<div class=\"wp-block-column is-vertically-aligned-center is-layout-flow wp-block-column-is-layout-flow\">\n<div class=\"wp-block-image\"><figure class=\"aligncenter size-full is-resized\"><img loading=\"lazy\" decoding=\"async\" src=\"https:\/\/naturalpharmaceuticals.eu\/wp-content\/uploads\/sites\/2\/2020\/12\/DMR-S-2020-LOGO.png\" alt=\"\" class=\"wp-image-968\" width=\"220\" height=\"220\" srcset=\"https:\/\/naturalpharmaceuticals.eu\/wp-content\/uploads\/sites\/2\/2020\/12\/DMR-S-2020-LOGO.png 977w, https:\/\/naturalpharmaceuticals.eu\/wp-content\/uploads\/sites\/2\/2020\/12\/DMR-S-2020-LOGO-300x300.png 300w, https:\/\/naturalpharmaceuticals.eu\/wp-content\/uploads\/sites\/2\/2020\/12\/DMR-S-2020-LOGO-150x150.png 150w, https:\/\/naturalpharmaceuticals.eu\/wp-content\/uploads\/sites\/2\/2020\/12\/DMR-S-2020-LOGO-768x767.png 768w, https:\/\/naturalpharmaceuticals.eu\/wp-content\/uploads\/sites\/2\/2020\/12\/DMR-S-2020-LOGO-200x200.png 200w\" sizes=\"auto, (max-width: 220px) 100vw, 220px\" \/><\/figure><\/div>\n<\/div>\n<\/div>\n","protected":false},"excerpt":{"rendered":"<p>OmegaMarine Junior+ Dokumentirani u\u010dinak na razvoj i funkciju mozga&nbsp; Visok sadr\u017eaj DHA&nbsp; Pobolj\u0161an&nbsp;vitaminima D, A i E za imunolo\u0161ki sustav&nbsp; \u017dvaka\u0107e kapsule u obliku ribe prilago\u0111ene djeci&nbsp; Vo\u0107ni okus&nbsp; Bolje od ulja jetre bakalara (tran), djeca \u0107e ga sama tra\u017eiti&#x2026; <\/p>\n<p class=\"more-link-container th-uppercase\"><a href=\"https:\/\/naturalpharmaceuticals.eu\/hr\/nasi-proizvodi\/omegamarine-junior\/\" class=\"more-link\">Read More <span class=\"screen-reader-text\">OmegaMarine Junior+<\/span><\/a><\/p>\n","protected":false},"author":1,"featured_media":5161,"parent":5151,"menu_order":0,"comment_status":"closed","ping_status":"closed","template":"templates\/grid-full-width-page.php","meta":{"ub_ctt_via":"","footnotes":""},"class_list":["post-5222","page","type-page","status-publish","has-post-thumbnail","hentry"],"featured_image_src":"https:\/\/naturalpharmaceuticals.eu\/wp-content\/uploads\/sites\/2\/2020\/12\/PL_banner_760x300_v3_3_Natural_Pharmaceuticals_OmegaMarine_Junior.jpg","yoast_head":"<!-- This site is optimized with the Yoast SEO plugin v24.4 - https:\/\/yoast.com\/wordpress\/plugins\/seo\/ -->\n<title>OmegaMarine Junior+ - Natural Pharmaceuticals<\/title>\n<meta name=\"robots\" content=\"index, follow, max-snippet:-1, max-image-preview:large, max-video-preview:-1\" \/>\n<link rel=\"canonical\" href=\"https:\/\/naturalpharmaceuticals.eu\/hr\/nasi-proizvodi\/omegamarine-junior\/\" \/>\n<meta property=\"og:locale\" content=\"hr_HR\" \/>\n<meta property=\"og:type\" content=\"article\" \/>\n<meta property=\"og:title\" content=\"OmegaMarine Junior+ - Natural Pharmaceuticals\" \/>\n<meta property=\"og:description\" content=\"OmegaMarine Junior+ Dokumentirani u\u010dinak na razvoj i funkciju mozga&nbsp; Visok sadr\u017eaj DHA&nbsp; Pobolj\u0161an&nbsp;vitaminima D, A i E za imunolo\u0161ki sustav&nbsp; \u017dvaka\u0107e kapsule u obliku ribe prilago\u0111ene djeci&nbsp; Vo\u0107ni okus&nbsp; Bolje od ulja jetre bakalara (tran), djeca \u0107e ga sama tra\u017eiti&#x2026; Read More OmegaMarine Junior+\" \/>\n<meta property=\"og:url\" content=\"https:\/\/naturalpharmaceuticals.eu\/hr\/nasi-proizvodi\/omegamarine-junior\/\" \/>\n<meta property=\"og:site_name\" content=\"Natural Pharmaceuticals\" \/>\n<meta property=\"article:modified_time\" content=\"2021-12-27T12:11:32+00:00\" \/>\n<meta property=\"og:image\" content=\"https:\/\/naturalpharmaceuticals.eu\/wp-content\/uploads\/sites\/2\/2020\/12\/PL_banner_760x300_v3_3_Natural_Pharmaceuticals_OmegaMarine_Junior.jpg\" \/>\n\t<meta property=\"og:image:width\" content=\"760\" \/>\n\t<meta property=\"og:image:height\" content=\"300\" \/>\n\t<meta property=\"og:image:type\" content=\"image\/jpeg\" \/>\n<meta name=\"twitter:card\" content=\"summary_large_image\" \/>\n<meta name=\"twitter:label1\" content=\"Procijenjeno vrijeme \u010ditanja\" \/>\n\t<meta name=\"twitter:data1\" content=\"3 minute\" \/>\n<script type=\"application\/ld+json\" class=\"yoast-schema-graph\">{\"@context\":\"https:\/\/schema.org\",\"@graph\":[{\"@type\":\"WebPage\",\"@id\":\"https:\/\/naturalpharmaceuticals.eu\/hr\/nasi-proizvodi\/omegamarine-junior\/\",\"url\":\"https:\/\/naturalpharmaceuticals.eu\/hr\/nasi-proizvodi\/omegamarine-junior\/\",\"name\":\"OmegaMarine Junior+ - Natural Pharmaceuticals\",\"isPartOf\":{\"@id\":\"https:\/\/naturalpharmaceuticals.eu\/hr\/#website\"},\"primaryImageOfPage\":{\"@id\":\"https:\/\/naturalpharmaceuticals.eu\/hr\/nasi-proizvodi\/omegamarine-junior\/#primaryimage\"},\"image\":{\"@id\":\"https:\/\/naturalpharmaceuticals.eu\/hr\/nasi-proizvodi\/omegamarine-junior\/#primaryimage\"},\"thumbnailUrl\":\"https:\/\/naturalpharmaceuticals.eu\/wp-content\/uploads\/sites\/2\/2020\/12\/PL_banner_760x300_v3_3_Natural_Pharmaceuticals_OmegaMarine_Junior.jpg\",\"datePublished\":\"2021-06-04T10:15:13+00:00\",\"dateModified\":\"2021-12-27T12:11:32+00:00\",\"breadcrumb\":{\"@id\":\"https:\/\/naturalpharmaceuticals.eu\/hr\/nasi-proizvodi\/omegamarine-junior\/#breadcrumb\"},\"inLanguage\":\"hr\",\"potentialAction\":[{\"@type\":\"ReadAction\",\"target\":[\"https:\/\/naturalpharmaceuticals.eu\/hr\/nasi-proizvodi\/omegamarine-junior\/\"]}]},{\"@type\":\"ImageObject\",\"inLanguage\":\"hr\",\"@id\":\"https:\/\/naturalpharmaceuticals.eu\/hr\/nasi-proizvodi\/omegamarine-junior\/#primaryimage\",\"url\":\"https:\/\/naturalpharmaceuticals.eu\/wp-content\/uploads\/sites\/2\/2020\/12\/PL_banner_760x300_v3_3_Natural_Pharmaceuticals_OmegaMarine_Junior.jpg\",\"contentUrl\":\"https:\/\/naturalpharmaceuticals.eu\/wp-content\/uploads\/sites\/2\/2020\/12\/PL_banner_760x300_v3_3_Natural_Pharmaceuticals_OmegaMarine_Junior.jpg\",\"width\":760,\"height\":300},{\"@type\":\"BreadcrumbList\",\"@id\":\"https:\/\/naturalpharmaceuticals.eu\/hr\/nasi-proizvodi\/omegamarine-junior\/#breadcrumb\",\"itemListElement\":[{\"@type\":\"ListItem\",\"position\":1,\"name\":\"Home\",\"item\":\"https:\/\/naturalpharmaceuticals.eu\/hr\/\"},{\"@type\":\"ListItem\",\"position\":2,\"name\":\"Na\u0161i proizvodi\",\"item\":\"https:\/\/naturalpharmaceuticals.eu\/hr\/nasi-proizvodi\/\"},{\"@type\":\"ListItem\",\"position\":3,\"name\":\"OmegaMarine Junior+\"}]},{\"@type\":\"WebSite\",\"@id\":\"https:\/\/naturalpharmaceuticals.eu\/hr\/#website\",\"url\":\"https:\/\/naturalpharmaceuticals.eu\/hr\/\",\"name\":\"Natural Pharmaceuticals\",\"description\":\"\",\"publisher\":{\"@id\":\"https:\/\/naturalpharmaceuticals.eu\/hr\/#organization\"},\"potentialAction\":[{\"@type\":\"SearchAction\",\"target\":{\"@type\":\"EntryPoint\",\"urlTemplate\":\"https:\/\/naturalpharmaceuticals.eu\/hr\/?s={search_term_string}\"},\"query-input\":{\"@type\":\"PropertyValueSpecification\",\"valueRequired\":true,\"valueName\":\"search_term_string\"}}],\"inLanguage\":\"hr\"},{\"@type\":\"Organization\",\"@id\":\"https:\/\/naturalpharmaceuticals.eu\/hr\/#organization\",\"name\":\"Natural Pharmaceuticals\",\"url\":\"https:\/\/naturalpharmaceuticals.eu\/hr\/\",\"logo\":{\"@type\":\"ImageObject\",\"inLanguage\":\"hr\",\"@id\":\"https:\/\/naturalpharmaceuticals.eu\/hr\/#\/schema\/logo\/image\/\",\"url\":\"https:\/\/naturalpharmaceuticals.eu\/wp-content\/uploads\/sites\/2\/2020\/11\/cropped-natural-pharmaceuticals-logo.png\",\"contentUrl\":\"https:\/\/naturalpharmaceuticals.eu\/wp-content\/uploads\/sites\/2\/2020\/11\/cropped-natural-pharmaceuticals-logo.png\",\"width\":900,\"height\":323,\"caption\":\"Natural Pharmaceuticals\"},\"image\":{\"@id\":\"https:\/\/naturalpharmaceuticals.eu\/hr\/#\/schema\/logo\/image\/\"}}]}<\/script>\n<!-- \/ Yoast SEO plugin. -->","yoast_head_json":{"title":"OmegaMarine Junior+ - Natural Pharmaceuticals","robots":{"index":"index","follow":"follow","max-snippet":"max-snippet:-1","max-image-preview":"max-image-preview:large","max-video-preview":"max-video-preview:-1"},"canonical":"https:\/\/naturalpharmaceuticals.eu\/hr\/nasi-proizvodi\/omegamarine-junior\/","og_locale":"hr_HR","og_type":"article","og_title":"OmegaMarine Junior+ - Natural Pharmaceuticals","og_description":"OmegaMarine Junior+ Dokumentirani u\u010dinak na razvoj i funkciju mozga&nbsp; Visok sadr\u017eaj DHA&nbsp; Pobolj\u0161an&nbsp;vitaminima D, A i E za imunolo\u0161ki sustav&nbsp; \u017dvaka\u0107e kapsule u obliku ribe prilago\u0111ene djeci&nbsp; Vo\u0107ni okus&nbsp; Bolje od ulja jetre bakalara (tran), djeca \u0107e ga sama tra\u017eiti&#x2026; Read More OmegaMarine Junior+","og_url":"https:\/\/naturalpharmaceuticals.eu\/hr\/nasi-proizvodi\/omegamarine-junior\/","og_site_name":"Natural Pharmaceuticals","article_modified_time":"2021-12-27T12:11:32+00:00","og_image":[{"width":760,"height":300,"url":"https:\/\/naturalpharmaceuticals.eu\/wp-content\/uploads\/sites\/2\/2020\/12\/PL_banner_760x300_v3_3_Natural_Pharmaceuticals_OmegaMarine_Junior.jpg","type":"image\/jpeg"}],"twitter_card":"summary_large_image","twitter_misc":{"Procijenjeno vrijeme \u010ditanja":"3 minute"},"schema":{"@context":"https:\/\/schema.org","@graph":[{"@type":"WebPage","@id":"https:\/\/naturalpharmaceuticals.eu\/hr\/nasi-proizvodi\/omegamarine-junior\/","url":"https:\/\/naturalpharmaceuticals.eu\/hr\/nasi-proizvodi\/omegamarine-junior\/","name":"OmegaMarine Junior+ - Natural Pharmaceuticals","isPartOf":{"@id":"https:\/\/naturalpharmaceuticals.eu\/hr\/#website"},"primaryImageOfPage":{"@id":"https:\/\/naturalpharmaceuticals.eu\/hr\/nasi-proizvodi\/omegamarine-junior\/#primaryimage"},"image":{"@id":"https:\/\/naturalpharmaceuticals.eu\/hr\/nasi-proizvodi\/omegamarine-junior\/#primaryimage"},"thumbnailUrl":"https:\/\/naturalpharmaceuticals.eu\/wp-content\/uploads\/sites\/2\/2020\/12\/PL_banner_760x300_v3_3_Natural_Pharmaceuticals_OmegaMarine_Junior.jpg","datePublished":"2021-06-04T10:15:13+00:00","dateModified":"2021-12-27T12:11:32+00:00","breadcrumb":{"@id":"https:\/\/naturalpharmaceuticals.eu\/hr\/nasi-proizvodi\/omegamarine-junior\/#breadcrumb"},"inLanguage":"hr","potentialAction":[{"@type":"ReadAction","target":["https:\/\/naturalpharmaceuticals.eu\/hr\/nasi-proizvodi\/omegamarine-junior\/"]}]},{"@type":"ImageObject","inLanguage":"hr","@id":"https:\/\/naturalpharmaceuticals.eu\/hr\/nasi-proizvodi\/omegamarine-junior\/#primaryimage","url":"https:\/\/naturalpharmaceuticals.eu\/wp-content\/uploads\/sites\/2\/2020\/12\/PL_banner_760x300_v3_3_Natural_Pharmaceuticals_OmegaMarine_Junior.jpg","contentUrl":"https:\/\/naturalpharmaceuticals.eu\/wp-content\/uploads\/sites\/2\/2020\/12\/PL_banner_760x300_v3_3_Natural_Pharmaceuticals_OmegaMarine_Junior.jpg","width":760,"height":300},{"@type":"BreadcrumbList","@id":"https:\/\/naturalpharmaceuticals.eu\/hr\/nasi-proizvodi\/omegamarine-junior\/#breadcrumb","itemListElement":[{"@type":"ListItem","position":1,"name":"Home","item":"https:\/\/naturalpharmaceuticals.eu\/hr\/"},{"@type":"ListItem","position":2,"name":"Na\u0161i proizvodi","item":"https:\/\/naturalpharmaceuticals.eu\/hr\/nasi-proizvodi\/"},{"@type":"ListItem","position":3,"name":"OmegaMarine Junior+"}]},{"@type":"WebSite","@id":"https:\/\/naturalpharmaceuticals.eu\/hr\/#website","url":"https:\/\/naturalpharmaceuticals.eu\/hr\/","name":"Natural Pharmaceuticals","description":"","publisher":{"@id":"https:\/\/naturalpharmaceuticals.eu\/hr\/#organization"},"potentialAction":[{"@type":"SearchAction","target":{"@type":"EntryPoint","urlTemplate":"https:\/\/naturalpharmaceuticals.eu\/hr\/?s={search_term_string}"},"query-input":{"@type":"PropertyValueSpecification","valueRequired":true,"valueName":"search_term_string"}}],"inLanguage":"hr"},{"@type":"Organization","@id":"https:\/\/naturalpharmaceuticals.eu\/hr\/#organization","name":"Natural Pharmaceuticals","url":"https:\/\/naturalpharmaceuticals.eu\/hr\/","logo":{"@type":"ImageObject","inLanguage":"hr","@id":"https:\/\/naturalpharmaceuticals.eu\/hr\/#\/schema\/logo\/image\/","url":"https:\/\/naturalpharmaceuticals.eu\/wp-content\/uploads\/sites\/2\/2020\/11\/cropped-natural-pharmaceuticals-logo.png","contentUrl":"https:\/\/naturalpharmaceuticals.eu\/wp-content\/uploads\/sites\/2\/2020\/11\/cropped-natural-pharmaceuticals-logo.png","width":900,"height":323,"caption":"Natural Pharmaceuticals"},"image":{"@id":"https:\/\/naturalpharmaceuticals.eu\/hr\/#\/schema\/logo\/image\/"}}]}},"jetpack_sharing_enabled":true,"_links":{"self":[{"href":"https:\/\/naturalpharmaceuticals.eu\/hr\/wp-json\/wp\/v2\/pages\/5222","targetHints":{"allow":["GET"]}}],"collection":[{"href":"https:\/\/naturalpharmaceuticals.eu\/hr\/wp-json\/wp\/v2\/pages"}],"about":[{"href":"https:\/\/naturalpharmaceuticals.eu\/hr\/wp-json\/wp\/v2\/types\/page"}],"author":[{"embeddable":true,"href":"https:\/\/naturalpharmaceuticals.eu\/hr\/wp-json\/wp\/v2\/users\/1"}],"replies":[{"embeddable":true,"href":"https:\/\/naturalpharmaceuticals.eu\/hr\/wp-json\/wp\/v2\/comments?post=5222"}],"version-history":[{"count":3,"href":"https:\/\/naturalpharmaceuticals.eu\/hr\/wp-json\/wp\/v2\/pages\/5222\/revisions"}],"predecessor-version":[{"id":8595,"href":"https:\/\/naturalpharmaceuticals.eu\/hr\/wp-json\/wp\/v2\/pages\/5222\/revisions\/8595"}],"up":[{"embeddable":true,"href":"https:\/\/naturalpharmaceuticals.eu\/hr\/wp-json\/wp\/v2\/pages\/5151"}],"wp:featuredmedia":[{"embeddable":true,"href":"https:\/\/naturalpharmaceuticals.eu\/hr\/wp-json\/wp\/v2\/media\/5161"}],"wp:attachment":[{"href":"https:\/\/naturalpharmaceuticals.eu\/hr\/wp-json\/wp\/v2\/media?parent=5222"}],"curies":[{"name":"wp","href":"https:\/\/api.w.org\/{rel}","templated":true}]}}