{"id":5245,"date":"2021-06-04T11:51:47","date_gmt":"2021-06-04T11:51:47","guid":{"rendered":"https:\/\/naturalpharmaceuticals.eu\/?page_id=5245"},"modified":"2025-10-08T14:11:01","modified_gmt":"2025-10-08T14:11:01","slug":"vistan","status":"publish","type":"page","link":"https:\/\/naturalpharmaceuticals.eu\/hr\/nasi-proizvodi\/vistan\/","title":{"rendered":"Vistan"},"content":{"rendered":"\n<div class=\"wp-block-group\"><div class=\"wp-block-group__inner-container is-layout-flow wp-block-group-is-layout-flow\">\n<div class=\"wp-block-columns is-layout-flex wp-container-core-columns-is-layout-1 wp-block-columns-is-layout-flex\">\n<div class=\"wp-block-column is-layout-flow wp-block-column-is-layout-flow\">\n<figure class=\"wp-block-image size-full sticky\"><img loading=\"lazy\" decoding=\"async\" width=\"768\" height=\"768\" src=\"https:\/\/naturalpharmaceuticals.eu\/wp-content\/uploads\/sites\/2\/2025\/10\/VI_www_768x768.png\" alt=\"\" class=\"wp-image-36577\" srcset=\"https:\/\/naturalpharmaceuticals.eu\/wp-content\/uploads\/sites\/2\/2025\/10\/VI_www_768x768.png 768w, https:\/\/naturalpharmaceuticals.eu\/wp-content\/uploads\/sites\/2\/2025\/10\/VI_www_768x768-300x300.png 300w, https:\/\/naturalpharmaceuticals.eu\/wp-content\/uploads\/sites\/2\/2025\/10\/VI_www_768x768-150x150.png 150w, https:\/\/naturalpharmaceuticals.eu\/wp-content\/uploads\/sites\/2\/2025\/10\/VI_www_768x768-200x200.png 200w\" sizes=\"auto, (max-width: 768px) 100vw, 768px\" \/><\/figure>\n<\/div>\n\n\n\n<div class=\"wp-block-column product-info-frame is-layout-flow wp-block-column-is-layout-flow\">\n<p style=\"font-size:18px\"><strong>Vistan<\/strong><\/p>\n\n\n\n<ul class=\"wp-block-list list-style-check-sign line-height-2\">\n<li>Dodatak prehrani za va\u0161e o\u010di&nbsp;<\/li>\n\n\n\n<li>Podr\u0161ka za suhe i umorne o\u010di&nbsp;<\/li>\n\n\n\n<li>Poma\u017ee odr\u017eavati o\u010di vla\u017enima&nbsp;<\/li>\n\n\n\n<li>Idealan&nbsp;za sve koji&nbsp;provode&nbsp;puno vremena&nbsp;pred ekranom&nbsp;<\/li>\n\n\n\n<li>Dokumentirani sastojci poma\u017eu u odr\u017eavanju dobrog vida&nbsp;<\/li>\n\n\n\n<li>Proizvedeno u Norve\u0161koj&nbsp;<\/li>\n<\/ul>\n\n\n\n<p><\/p>\n<\/div>\n<\/div>\n<\/div><\/div>\n\n\n\n<div class=\"packshot-bg-wrapper\"><div class=\"full-width-inside-container packshot-bg packshot-bg-vi\"><\/div><\/div>\n\n\n\n<p><meta charset=\"utf-8\">Uloga klju\u010dnih sastojaka Vistan u ljudskom organizmu pozitivno je ocijenjena u zdravstvenim tvrdnjama koje je izdala Europska agencija za sigurnost hrane (EFSA):<\/p>\n\n\n\n<p>Vitamin A&nbsp;i&nbsp;cink doprinose&nbsp;odr\u017eavanju normalnog vida.&nbsp;<br>Cink doprinosi normalnom metabolizmu vitamina A.&nbsp;<br>Bakar doprinosi odr\u017eavanju normalnih vezivnih tkiva.&nbsp;<\/p>\n\n\n<div role=\"tabpanel\" class=\"wp-block-ub-tabbed-content-tab-content-wrap ub-hide\"\n        id=\"ub-tabbed-content--panel-0\" aria-labelledby=\"ub-tabbed-content--tab-0\" tabindex=\"0\">\n\n<p><a href=\"https:\/\/nordicmed.natural.pl\/?page_id=326\">Preview in new tab(opens in a new tab)<\/a><\/p>\n\n\n\n<p>reviews<\/p>\n\n<\/div>\n\n<div role=\"tabpanel\" class=\"wp-block-ub-tabbed-content-tab-content-wrap ub-hide\"\n        id=\"ub-tabbed-content--panel-1\" aria-labelledby=\"ub-tabbed-content--tab-1\" tabindex=\"0\">\n\n<p><\/p>\n\n<\/div>\n\n<div role=\"tabpanel\" class=\"wp-block-ub-tabbed-content-tab-content-wrap ub-hide\"\n        id=\"ub-tabbed-content--panel-2\" aria-labelledby=\"ub-tabbed-content--tab-2\" tabindex=\"0\">\n\n<p><\/p>\n\n<\/div>\n\n<div class=\"wp-block-ub-tabbed-content-block wp-block-ub-tabbed-content wp-block-ub-tabbed-content-holder wp-block-ub-tabbed-content-horizontal-holder-mobile wp-block-ub-tabbed-content-horizontal-holder-tablet\" id=\"ub-tabbed-content-77618ef9-218f-4916-a8ad-f45074b5ef05\">\n\t\t\t<div class=\"wp-block-ub-tabbed-content-tab-holder horizontal-tab-width-mobile horizontal-tab-width-tablet\">\n\t\t\t\t<div role=\"tablist\" class=\"wp-block-ub-tabbed-content-tabs-title wp-block-ub-tabbed-content-tabs-title-mobile-horizontal-tab wp-block-ub-tabbed-content-tabs-title-tablet-horizontal-tab\"><div role=\"tab\" id=\"ub-tabbed-content-77618ef9-218f-4916-a8ad-f45074b5ef05-tab-0\" aria-controls=\"ub-tabbed-content-77618ef9-218f-4916-a8ad-f45074b5ef05-panel-0\" aria-selected=\"true\" class=\"wp-block-ub-tabbed-content-tab-title-wrap active\" style=\"\" tabindex=\"-1\">\n\t\t\t\t<div class=\"wp-block-ub-tabbed-content-tab-title\">Nutritivne informacije<\/div>\n\t\t\t<\/div><\/div>\n\t\t\t<\/div>\n\t\t\t<div class=\"wp-block-ub-tabbed-content-tabs-content\" style=\"\"><div role=\"tabpanel\" class=\"wp-block-ub-tabbed-content-tab-content-wrap active\"\n        id=\"ub-tabbed-content-77618ef9-218f-4916-a8ad-f45074b5ef05-panel-0\" aria-labelledby=\"ub-tabbed-content-77618ef9-218f-4916-a8ad-f45074b5ef05-tab-0\" tabindex=\"0\">\n\n<p>Vistan<\/p>\n\n\n\n<figure class=\"wp-block-table is-style-borders\"><table><tbody><tr><th><strong>Sastojci<\/strong><\/th><th>2 kapsule<\/th><th>PNV *<\/th><\/tr><tr><td>Plod borovnice, uklju\u010duju\u0107i:<\/td><td>250 mg<\/td><td>&#8211;<\/td><\/tr><tr><td>&nbsp;&nbsp;&nbsp;&nbsp;antocijani<\/td><td>2.50 mg<\/td><td>&#8211;<\/td><\/tr><tr><td>Ekstrakt cvijeta nevena, uklju\u010duju\u0107i:<\/td><td>10 mg<\/td><td>&#8211;<\/td><\/tr><tr><td>&nbsp;&nbsp;&nbsp;&nbsp;lutein<\/td><td>2.30 mg<\/td><td>&#8211;<\/td><\/tr><tr><td>&nbsp;&nbsp;&nbsp;&nbsp;zeaksantin<\/td><td>50 \u03bcg<\/td><td>&#8211;<\/td><\/tr><tr><td>Cink<\/td><td>15.5 mg<\/td><td>155<\/td><\/tr><tr><td>Ekstrakt kadulje<\/td><td>50 mg<\/td><td>&#8211;<\/td><\/tr><tr><td>Vitamin A<\/td><td>750 \u03bcg RE<\/td><td>94<\/td><\/tr><tr><td>Bakar<\/td><td>2 500 \u03bcg<\/td><td>250<\/td><\/tr><tr><td>\u017deljezo<\/td><td>13 mg<\/td><td>93<\/td><\/tr><tr><td>Vitamin E<\/td><td>12 mg \u03b1TE<\/td><td>100<\/td><\/tr><tr><td>Selen<\/td><td>55 \u03bcg<\/td><td>100<\/td><\/tr><\/tbody><\/table><\/figure>\n\n\n\n<p>*% Preporu\u010dene nutritivne vrijednosti (PNV)&nbsp;<\/p>\n\n\n\n<p><strong>Sastojci<\/strong>: maltodekstrin, ekstrakt ploda borovnice (Vaccinium myrtillus L.) standardiziran za 1% sadr\u017eaja antocijanina, gove\u0111a \u017eelatina, \u017eeljezo [\u017eeljezo (II) bisglicinat], cink (cink citrat), ekstrakt kadulje (Salvia officinalis L.), vitamin E (D-alfa-tokoferil acetat), selen (kvasac oboga\u0107en selenom), ekstrakt&nbsp;cvijeta nevena (Calendula officinalis L.) standardiziran za 20% sadr\u017eaja luteina, 50 \u00b5g zeaksantina, sredstvo&nbsp;protiv&nbsp;sljepljivanja&nbsp;(silicijev dioksid, magnezijeve soli masnih kiselina , kalcijevi fosfati), bakar (bakar (II) sulfat, vitamin A (retinil acetat).&nbsp;<\/p>\n\n\n\n<p><strong>Vistan &#8211; dvije kapsule dnevno<\/strong>&nbsp;<\/p>\n\n\n\n<p><strong>Kako koristiti<\/strong>: Svrha proizvoda je nadopuniti dnevnu prehranu hranjivim sastojcima neophodnim za odr\u017eavanje normalnog vida.&nbsp;<\/p>\n\n\n\n<p><strong>Preporu\u010dena dnevna doza<\/strong>: 2 kapsule dnevno&nbsp;<\/p>\n\n\n\n<p><strong>Neto te\u017eina<\/strong>: 36 g (60 kapsula po spremniku,&nbsp;svaka&nbsp;0,6 g)&nbsp;<\/p>\n\n\n\n<p>Dodaci prehrani ne zamjenjuju uravnote\u017eenu, raznoliku prehranu. \u010cuvati izvan dohvata djece. Ne prekora\u010dujte preporu\u010denu dnevnu dozu.&nbsp;Osobe koje uzimaju lijekove te trudnice i dojilje trebaju se prije konzumacije proizvoda savjetovati sa svojim lije\u010dnikom. Nemojte koristiti ako ste alergi\u010dni na neki od sastojaka. Ne davati djeci mla\u0111oj od 14 godina.<\/p>\n\n\n\n<p><strong>Rok valjanosti<\/strong>: do datuma navedenog na pakiranju&nbsp;<\/p>\n\n\n\n<p><strong>Proizvodna serija<\/strong>: napisano na pakiranju&nbsp;<\/p>\n\n\n\n<p><strong>Pohrana<\/strong>: na max. 25 \u00b0C, za\u0161ti\u0107eno od svjetlosti i vlage&nbsp;<\/p>\n\n\n\n<p><strong>Proizveo u Norve\u0161koj<\/strong>:&nbsp;Pharmatech&nbsp;AS&nbsp;za<br>Natural Pharmaceuticals Sp. z o.o.&nbsp;<\/p>\n\n\n\n<p><strong>Distributer<\/strong>: Natural Pharmaceuticals Sp. z o.o.<br>Domaniewska 28, 02-672 Warsaw, Poland&nbsp;<\/p>\n\n\n\n<p><\/p>\n\n<\/div><\/div>\n\t\t<\/div>\n\n\n<figure class=\"wp-block-image alignfull size-full\"><img loading=\"lazy\" decoding=\"async\" width=\"1520\" height=\"501\" src=\"https:\/\/naturalpharmaceuticals.eu\/wp-content\/uploads\/sites\/2\/2021\/04\/Natural_Pharmaceuticals_Vistan_IMG_0093_vistan_a.jpg\" alt=\"\" class=\"wp-image-3425\" srcset=\"https:\/\/naturalpharmaceuticals.eu\/wp-content\/uploads\/sites\/2\/2021\/04\/Natural_Pharmaceuticals_Vistan_IMG_0093_vistan_a.jpg 1520w, https:\/\/naturalpharmaceuticals.eu\/wp-content\/uploads\/sites\/2\/2021\/04\/Natural_Pharmaceuticals_Vistan_IMG_0093_vistan_a-300x99.jpg 300w, https:\/\/naturalpharmaceuticals.eu\/wp-content\/uploads\/sites\/2\/2021\/04\/Natural_Pharmaceuticals_Vistan_IMG_0093_vistan_a-1024x338.jpg 1024w, https:\/\/naturalpharmaceuticals.eu\/wp-content\/uploads\/sites\/2\/2021\/04\/Natural_Pharmaceuticals_Vistan_IMG_0093_vistan_a-768x253.jpg 768w\" sizes=\"auto, (max-width: 1520px) 100vw, 1520px\" \/><\/figure>\n","protected":false},"excerpt":{"rendered":"<p>Vistan Uloga klju\u010dnih sastojaka Vistan u ljudskom organizmu pozitivno je ocijenjena u zdravstvenim tvrdnjama koje je izdala Europska agencija za sigurnost hrane (EFSA): Vitamin A&nbsp;i&nbsp;cink doprinose&nbsp;odr\u017eavanju normalnog vida.&nbsp;Cink doprinosi normalnom metabolizmu vitamina A.&nbsp;Bakar doprinosi odr\u017eavanju normalnih vezivnih tkiva.&nbsp;<\/p>\n","protected":false},"author":1,"featured_media":36587,"parent":5151,"menu_order":0,"comment_status":"closed","ping_status":"closed","template":"templates\/grid-full-width-page.php","meta":{"ub_ctt_via":"","footnotes":""},"class_list":["post-5245","page","type-page","status-publish","has-post-thumbnail","hentry"],"featured_image_src":"https:\/\/naturalpharmaceuticals.eu\/wp-content\/uploads\/sites\/2\/2025\/10\/PL_banner_760x300_v3_12_Natural_Pharmaceuticals_Vistan.jpg","yoast_head":"<!-- This site is optimized with the Yoast SEO plugin v24.4 - https:\/\/yoast.com\/wordpress\/plugins\/seo\/ -->\n<title>Vistan - Natural Pharmaceuticals<\/title>\n<meta name=\"robots\" content=\"index, follow, max-snippet:-1, max-image-preview:large, max-video-preview:-1\" \/>\n<link rel=\"canonical\" href=\"https:\/\/naturalpharmaceuticals.eu\/hr\/nasi-proizvodi\/vistan\/\" \/>\n<meta property=\"og:locale\" content=\"hr_HR\" \/>\n<meta property=\"og:type\" content=\"article\" \/>\n<meta property=\"og:title\" content=\"Vistan - Natural Pharmaceuticals\" \/>\n<meta property=\"og:description\" content=\"Vistan Uloga klju\u010dnih sastojaka Vistan u ljudskom organizmu pozitivno je ocijenjena u zdravstvenim tvrdnjama koje je izdala Europska agencija za sigurnost hrane (EFSA): Vitamin A&nbsp;i&nbsp;cink doprinose&nbsp;odr\u017eavanju normalnog vida.&nbsp;Cink doprinosi normalnom metabolizmu vitamina A.&nbsp;Bakar doprinosi odr\u017eavanju normalnih vezivnih tkiva.&nbsp;\" \/>\n<meta property=\"og:url\" content=\"https:\/\/naturalpharmaceuticals.eu\/hr\/nasi-proizvodi\/vistan\/\" \/>\n<meta property=\"og:site_name\" content=\"Natural Pharmaceuticals\" \/>\n<meta property=\"article:modified_time\" content=\"2025-10-08T14:11:01+00:00\" \/>\n<meta property=\"og:image\" content=\"https:\/\/naturalpharmaceuticals.eu\/wp-content\/uploads\/sites\/2\/2025\/10\/PL_banner_760x300_v3_12_Natural_Pharmaceuticals_Vistan.jpg\" \/>\n\t<meta property=\"og:image:width\" content=\"760\" \/>\n\t<meta property=\"og:image:height\" content=\"300\" \/>\n\t<meta property=\"og:image:type\" content=\"image\/jpeg\" \/>\n<meta name=\"twitter:card\" content=\"summary_large_image\" \/>\n<meta name=\"twitter:label1\" content=\"Procijenjeno vrijeme \u010ditanja\" \/>\n\t<meta name=\"twitter:data1\" content=\"3 minute\" \/>\n<script type=\"application\/ld+json\" class=\"yoast-schema-graph\">{\"@context\":\"https:\/\/schema.org\",\"@graph\":[{\"@type\":\"WebPage\",\"@id\":\"https:\/\/naturalpharmaceuticals.eu\/hr\/nasi-proizvodi\/vistan\/\",\"url\":\"https:\/\/naturalpharmaceuticals.eu\/hr\/nasi-proizvodi\/vistan\/\",\"name\":\"Vistan - Natural Pharmaceuticals\",\"isPartOf\":{\"@id\":\"https:\/\/naturalpharmaceuticals.eu\/hr\/#website\"},\"primaryImageOfPage\":{\"@id\":\"https:\/\/naturalpharmaceuticals.eu\/hr\/nasi-proizvodi\/vistan\/#primaryimage\"},\"image\":{\"@id\":\"https:\/\/naturalpharmaceuticals.eu\/hr\/nasi-proizvodi\/vistan\/#primaryimage\"},\"thumbnailUrl\":\"https:\/\/naturalpharmaceuticals.eu\/wp-content\/uploads\/sites\/2\/2025\/10\/PL_banner_760x300_v3_12_Natural_Pharmaceuticals_Vistan.jpg\",\"datePublished\":\"2021-06-04T11:51:47+00:00\",\"dateModified\":\"2025-10-08T14:11:01+00:00\",\"breadcrumb\":{\"@id\":\"https:\/\/naturalpharmaceuticals.eu\/hr\/nasi-proizvodi\/vistan\/#breadcrumb\"},\"inLanguage\":\"hr\",\"potentialAction\":[{\"@type\":\"ReadAction\",\"target\":[\"https:\/\/naturalpharmaceuticals.eu\/hr\/nasi-proizvodi\/vistan\/\"]}]},{\"@type\":\"ImageObject\",\"inLanguage\":\"hr\",\"@id\":\"https:\/\/naturalpharmaceuticals.eu\/hr\/nasi-proizvodi\/vistan\/#primaryimage\",\"url\":\"https:\/\/naturalpharmaceuticals.eu\/wp-content\/uploads\/sites\/2\/2025\/10\/PL_banner_760x300_v3_12_Natural_Pharmaceuticals_Vistan.jpg\",\"contentUrl\":\"https:\/\/naturalpharmaceuticals.eu\/wp-content\/uploads\/sites\/2\/2025\/10\/PL_banner_760x300_v3_12_Natural_Pharmaceuticals_Vistan.jpg\",\"width\":760,\"height\":300},{\"@type\":\"BreadcrumbList\",\"@id\":\"https:\/\/naturalpharmaceuticals.eu\/hr\/nasi-proizvodi\/vistan\/#breadcrumb\",\"itemListElement\":[{\"@type\":\"ListItem\",\"position\":1,\"name\":\"Home\",\"item\":\"https:\/\/naturalpharmaceuticals.eu\/hr\/\"},{\"@type\":\"ListItem\",\"position\":2,\"name\":\"Na\u0161i proizvodi\",\"item\":\"https:\/\/naturalpharmaceuticals.eu\/hr\/nasi-proizvodi\/\"},{\"@type\":\"ListItem\",\"position\":3,\"name\":\"Vistan\"}]},{\"@type\":\"WebSite\",\"@id\":\"https:\/\/naturalpharmaceuticals.eu\/hr\/#website\",\"url\":\"https:\/\/naturalpharmaceuticals.eu\/hr\/\",\"name\":\"Natural Pharmaceuticals\",\"description\":\"\",\"publisher\":{\"@id\":\"https:\/\/naturalpharmaceuticals.eu\/hr\/#organization\"},\"potentialAction\":[{\"@type\":\"SearchAction\",\"target\":{\"@type\":\"EntryPoint\",\"urlTemplate\":\"https:\/\/naturalpharmaceuticals.eu\/hr\/?s={search_term_string}\"},\"query-input\":{\"@type\":\"PropertyValueSpecification\",\"valueRequired\":true,\"valueName\":\"search_term_string\"}}],\"inLanguage\":\"hr\"},{\"@type\":\"Organization\",\"@id\":\"https:\/\/naturalpharmaceuticals.eu\/hr\/#organization\",\"name\":\"Natural Pharmaceuticals\",\"url\":\"https:\/\/naturalpharmaceuticals.eu\/hr\/\",\"logo\":{\"@type\":\"ImageObject\",\"inLanguage\":\"hr\",\"@id\":\"https:\/\/naturalpharmaceuticals.eu\/hr\/#\/schema\/logo\/image\/\",\"url\":\"https:\/\/naturalpharmaceuticals.eu\/wp-content\/uploads\/sites\/2\/2020\/11\/cropped-natural-pharmaceuticals-logo.png\",\"contentUrl\":\"https:\/\/naturalpharmaceuticals.eu\/wp-content\/uploads\/sites\/2\/2020\/11\/cropped-natural-pharmaceuticals-logo.png\",\"width\":900,\"height\":323,\"caption\":\"Natural Pharmaceuticals\"},\"image\":{\"@id\":\"https:\/\/naturalpharmaceuticals.eu\/hr\/#\/schema\/logo\/image\/\"}}]}<\/script>\n<!-- \/ Yoast SEO plugin. -->","yoast_head_json":{"title":"Vistan - Natural Pharmaceuticals","robots":{"index":"index","follow":"follow","max-snippet":"max-snippet:-1","max-image-preview":"max-image-preview:large","max-video-preview":"max-video-preview:-1"},"canonical":"https:\/\/naturalpharmaceuticals.eu\/hr\/nasi-proizvodi\/vistan\/","og_locale":"hr_HR","og_type":"article","og_title":"Vistan - Natural Pharmaceuticals","og_description":"Vistan Uloga klju\u010dnih sastojaka Vistan u ljudskom organizmu pozitivno je ocijenjena u zdravstvenim tvrdnjama koje je izdala Europska agencija za sigurnost hrane (EFSA): Vitamin A&nbsp;i&nbsp;cink doprinose&nbsp;odr\u017eavanju normalnog vida.&nbsp;Cink doprinosi normalnom metabolizmu vitamina A.&nbsp;Bakar doprinosi odr\u017eavanju normalnih vezivnih tkiva.&nbsp;","og_url":"https:\/\/naturalpharmaceuticals.eu\/hr\/nasi-proizvodi\/vistan\/","og_site_name":"Natural Pharmaceuticals","article_modified_time":"2025-10-08T14:11:01+00:00","og_image":[{"width":760,"height":300,"url":"https:\/\/naturalpharmaceuticals.eu\/wp-content\/uploads\/sites\/2\/2025\/10\/PL_banner_760x300_v3_12_Natural_Pharmaceuticals_Vistan.jpg","type":"image\/jpeg"}],"twitter_card":"summary_large_image","twitter_misc":{"Procijenjeno vrijeme \u010ditanja":"3 minute"},"schema":{"@context":"https:\/\/schema.org","@graph":[{"@type":"WebPage","@id":"https:\/\/naturalpharmaceuticals.eu\/hr\/nasi-proizvodi\/vistan\/","url":"https:\/\/naturalpharmaceuticals.eu\/hr\/nasi-proizvodi\/vistan\/","name":"Vistan - Natural Pharmaceuticals","isPartOf":{"@id":"https:\/\/naturalpharmaceuticals.eu\/hr\/#website"},"primaryImageOfPage":{"@id":"https:\/\/naturalpharmaceuticals.eu\/hr\/nasi-proizvodi\/vistan\/#primaryimage"},"image":{"@id":"https:\/\/naturalpharmaceuticals.eu\/hr\/nasi-proizvodi\/vistan\/#primaryimage"},"thumbnailUrl":"https:\/\/naturalpharmaceuticals.eu\/wp-content\/uploads\/sites\/2\/2025\/10\/PL_banner_760x300_v3_12_Natural_Pharmaceuticals_Vistan.jpg","datePublished":"2021-06-04T11:51:47+00:00","dateModified":"2025-10-08T14:11:01+00:00","breadcrumb":{"@id":"https:\/\/naturalpharmaceuticals.eu\/hr\/nasi-proizvodi\/vistan\/#breadcrumb"},"inLanguage":"hr","potentialAction":[{"@type":"ReadAction","target":["https:\/\/naturalpharmaceuticals.eu\/hr\/nasi-proizvodi\/vistan\/"]}]},{"@type":"ImageObject","inLanguage":"hr","@id":"https:\/\/naturalpharmaceuticals.eu\/hr\/nasi-proizvodi\/vistan\/#primaryimage","url":"https:\/\/naturalpharmaceuticals.eu\/wp-content\/uploads\/sites\/2\/2025\/10\/PL_banner_760x300_v3_12_Natural_Pharmaceuticals_Vistan.jpg","contentUrl":"https:\/\/naturalpharmaceuticals.eu\/wp-content\/uploads\/sites\/2\/2025\/10\/PL_banner_760x300_v3_12_Natural_Pharmaceuticals_Vistan.jpg","width":760,"height":300},{"@type":"BreadcrumbList","@id":"https:\/\/naturalpharmaceuticals.eu\/hr\/nasi-proizvodi\/vistan\/#breadcrumb","itemListElement":[{"@type":"ListItem","position":1,"name":"Home","item":"https:\/\/naturalpharmaceuticals.eu\/hr\/"},{"@type":"ListItem","position":2,"name":"Na\u0161i proizvodi","item":"https:\/\/naturalpharmaceuticals.eu\/hr\/nasi-proizvodi\/"},{"@type":"ListItem","position":3,"name":"Vistan"}]},{"@type":"WebSite","@id":"https:\/\/naturalpharmaceuticals.eu\/hr\/#website","url":"https:\/\/naturalpharmaceuticals.eu\/hr\/","name":"Natural Pharmaceuticals","description":"","publisher":{"@id":"https:\/\/naturalpharmaceuticals.eu\/hr\/#organization"},"potentialAction":[{"@type":"SearchAction","target":{"@type":"EntryPoint","urlTemplate":"https:\/\/naturalpharmaceuticals.eu\/hr\/?s={search_term_string}"},"query-input":{"@type":"PropertyValueSpecification","valueRequired":true,"valueName":"search_term_string"}}],"inLanguage":"hr"},{"@type":"Organization","@id":"https:\/\/naturalpharmaceuticals.eu\/hr\/#organization","name":"Natural Pharmaceuticals","url":"https:\/\/naturalpharmaceuticals.eu\/hr\/","logo":{"@type":"ImageObject","inLanguage":"hr","@id":"https:\/\/naturalpharmaceuticals.eu\/hr\/#\/schema\/logo\/image\/","url":"https:\/\/naturalpharmaceuticals.eu\/wp-content\/uploads\/sites\/2\/2020\/11\/cropped-natural-pharmaceuticals-logo.png","contentUrl":"https:\/\/naturalpharmaceuticals.eu\/wp-content\/uploads\/sites\/2\/2020\/11\/cropped-natural-pharmaceuticals-logo.png","width":900,"height":323,"caption":"Natural Pharmaceuticals"},"image":{"@id":"https:\/\/naturalpharmaceuticals.eu\/hr\/#\/schema\/logo\/image\/"}}]}},"jetpack_sharing_enabled":true,"_links":{"self":[{"href":"https:\/\/naturalpharmaceuticals.eu\/hr\/wp-json\/wp\/v2\/pages\/5245","targetHints":{"allow":["GET"]}}],"collection":[{"href":"https:\/\/naturalpharmaceuticals.eu\/hr\/wp-json\/wp\/v2\/pages"}],"about":[{"href":"https:\/\/naturalpharmaceuticals.eu\/hr\/wp-json\/wp\/v2\/types\/page"}],"author":[{"embeddable":true,"href":"https:\/\/naturalpharmaceuticals.eu\/hr\/wp-json\/wp\/v2\/users\/1"}],"replies":[{"embeddable":true,"href":"https:\/\/naturalpharmaceuticals.eu\/hr\/wp-json\/wp\/v2\/comments?post=5245"}],"version-history":[{"count":4,"href":"https:\/\/naturalpharmaceuticals.eu\/hr\/wp-json\/wp\/v2\/pages\/5245\/revisions"}],"predecessor-version":[{"id":36622,"href":"https:\/\/naturalpharmaceuticals.eu\/hr\/wp-json\/wp\/v2\/pages\/5245\/revisions\/36622"}],"up":[{"embeddable":true,"href":"https:\/\/naturalpharmaceuticals.eu\/hr\/wp-json\/wp\/v2\/pages\/5151"}],"wp:featuredmedia":[{"embeddable":true,"href":"https:\/\/naturalpharmaceuticals.eu\/hr\/wp-json\/wp\/v2\/media\/36587"}],"wp:attachment":[{"href":"https:\/\/naturalpharmaceuticals.eu\/hr\/wp-json\/wp\/v2\/media?parent=5245"}],"curies":[{"name":"wp","href":"https:\/\/api.w.org\/{rel}","templated":true}]}}