{"id":5252,"date":"2021-06-04T11:56:02","date_gmt":"2021-06-04T11:56:02","guid":{"rendered":"https:\/\/naturalpharmaceuticals.eu\/?page_id=5252"},"modified":"2021-12-27T12:11:35","modified_gmt":"2021-12-27T12:11:35","slug":"vitamin-c","status":"publish","type":"page","link":"https:\/\/naturalpharmaceuticals.eu\/hr\/nasi-proizvodi\/vitamin-c\/","title":{"rendered":"Vitamin C+"},"content":{"rendered":"\n<div class=\"wp-block-group\"><div class=\"wp-block-group__inner-container is-layout-flow wp-block-group-is-layout-flow\">\n<div class=\"wp-block-columns is-layout-flex wp-container-core-columns-is-layout-1 wp-block-columns-is-layout-flex\">\n<div class=\"wp-block-column is-layout-flow wp-block-column-is-layout-flow\">\n<figure class=\"wp-block-image size-large sticky\"><img loading=\"lazy\" decoding=\"async\" width=\"768\" height=\"768\" src=\"https:\/\/naturalpharmaceuticals.eu\/wp-content\/uploads\/sites\/2\/2020\/12\/CV_www_768x768.png\" alt=\"\" class=\"wp-image-1037\" srcset=\"https:\/\/naturalpharmaceuticals.eu\/wp-content\/uploads\/sites\/2\/2020\/12\/CV_www_768x768.png 768w, https:\/\/naturalpharmaceuticals.eu\/wp-content\/uploads\/sites\/2\/2020\/12\/CV_www_768x768-300x300.png 300w, https:\/\/naturalpharmaceuticals.eu\/wp-content\/uploads\/sites\/2\/2020\/12\/CV_www_768x768-150x150.png 150w, https:\/\/naturalpharmaceuticals.eu\/wp-content\/uploads\/sites\/2\/2020\/12\/CV_www_768x768-200x200.png 200w\" sizes=\"auto, (max-width: 768px) 100vw, 768px\" \/><\/figure>\n<\/div>\n\n\n\n<div class=\"wp-block-column product-info-frame is-layout-flow wp-block-column-is-layout-flow\">\n<p style=\"font-size:18px\"><strong>Vitamin C+<\/strong><\/p>\n\n\n\n<ul class=\"list-style-check-sign line-height-2 wp-block-list\"><li>Najpoznatiji vitamin&nbsp;<\/li><li>Vi\u0161estruki pozitivni u\u010dinci na ljudsko tijelo&nbsp;<\/li><li>15 zdravstvenih tvrdnji koje je odobrila EU!&nbsp;<\/li><li>Vitamin C pridonosi normalnom stvaranju kolagena za normalnu funkciju krvnih \u017eila, kostiju, hrskavice, desni, ko\u017ee i zubi.&nbsp;<\/li><li>Ima antioksidativna svojstva&nbsp;<\/li><\/ul>\n\n\n\n<p><\/p>\n<\/div>\n<\/div>\n<\/div><\/div>\n\n\n\n<div class=\"packshot-bg-wrapper\"><div class=\"full-width-inside-container packshot-bg packshot-bg-cv\"><\/div><\/div>\n\n\n\n<p><meta charset=\"utf-8\">Uloga klju\u010dnih sastojaka Vitamin C+ u ljudskom organizmu pozitivno je ocijenjena u zdravstvenim tvrdnjama koje je izdala Europska agencija za sigurnost hrane (EFSA):<\/p>\n\n\n\n<p>Vitamin C&nbsp;doprinosi&nbsp;odr\u017eavanju normalne funkcije imunolo\u0161kog sustava tijekom i nakon intenzivnih tjelesnih vje\u017ebi.&nbsp;&nbsp;<br>Vitamin C&nbsp;doprinosi&nbsp;normalnom stvaranju kolagena za normalnu funkciju krvnih \u017eila.&nbsp;<br>Vitamin C&nbsp;doprinosi&nbsp;normalnom stvaranju kolagena za normalnu funkciju kostiju.&nbsp;<br>Vitamin C&nbsp;doprinosi&nbsp;normalnom stvaranju kolagena za normalnu funkciju hrskavice.&nbsp;<br>Vitamin C&nbsp;doprinosi&nbsp;normalnom stvaranju kolagena za normalnu funkciju zubnog mesa.&nbsp;<br>Vitamin C&nbsp;doprinosi&nbsp;normalnom stvaranju kolagena za normalnu funkciju ko\u017ee.&nbsp;<br>Vitamin C&nbsp;doprinosi&nbsp;normalnom stvaranju kolagena za normalnu funkciju zuba.&nbsp;<br>Vitamin C&nbsp;doprinosi&nbsp;normalnoj energetskoj ravnote\u017ei&nbsp;metabolizma.&nbsp;<br>Vitamin C&nbsp;doprinosi&nbsp;normalnom funkcioniranju \u017eiv\u010danog sustava.&nbsp;<br>Vitamin C&nbsp;doprinosi&nbsp;normalnoj psiholo\u0161koj funkciji.&nbsp;<br>Vitamin C&nbsp;doprinosi&nbsp;normalnoj funkciji imunolo\u0161kog sustava.&nbsp;<br>Vitamin C doprinosi za\u0161titi stanica od oksidativnog stresa.&nbsp;<br>Vitamin C doprinosi smanjenju umora i umora.&nbsp;<br>Vitamin C doprinosi regeneraciji smanjenog oblika vitamina E.&nbsp;<br>Vitamin C pove\u0107ava apsorpciju \u017eeljeza.&nbsp;<\/p>\n\n\n<div role=\"tabpanel\" class=\"wp-block-ub-tabbed-content-tab-content-wrap ub-hide\"\n        id=\"ub-tabbed-content--panel-0\" aria-labelledby=\"ub-tabbed-content--tab-0\" tabindex=\"0\">\n\n<p><a href=\"https:\/\/nordicmed.natural.pl\/?page_id=326\">Preview in new tab(opens in a new tab)<\/a><\/p>\n\n\n\n<p>reviews<\/p>\n\n<\/div>\n\n<div role=\"tabpanel\" class=\"wp-block-ub-tabbed-content-tab-content-wrap ub-hide\"\n        id=\"ub-tabbed-content--panel-1\" aria-labelledby=\"ub-tabbed-content--tab-1\" tabindex=\"0\">\n\n<p><\/p>\n\n<\/div>\n\n<div role=\"tabpanel\" class=\"wp-block-ub-tabbed-content-tab-content-wrap ub-hide\"\n        id=\"ub-tabbed-content--panel-2\" aria-labelledby=\"ub-tabbed-content--tab-2\" tabindex=\"0\">\n\n<p><\/p>\n\n<\/div>\n\n<div class=\"wp-block-ub-tabbed-content-block wp-block-ub-tabbed-content wp-block-ub-tabbed-content-holder wp-block-ub-tabbed-content-horizontal-holder-mobile wp-block-ub-tabbed-content-horizontal-holder-tablet\" id=\"ub-tabbed-content-6bd7b24d-14bf-4c26-8550-70313854e4e9\">\n\t\t\t<div class=\"wp-block-ub-tabbed-content-tab-holder horizontal-tab-width-mobile horizontal-tab-width-tablet\">\n\t\t\t\t<div role=\"tablist\" class=\"wp-block-ub-tabbed-content-tabs-title wp-block-ub-tabbed-content-tabs-title-mobile-horizontal-tab wp-block-ub-tabbed-content-tabs-title-tablet-horizontal-tab\"><div role=\"tab\" id=\"ub-tabbed-content-6bd7b24d-14bf-4c26-8550-70313854e4e9-tab-0\" aria-controls=\"ub-tabbed-content-6bd7b24d-14bf-4c26-8550-70313854e4e9-panel-0\" aria-selected=\"true\" class=\"wp-block-ub-tabbed-content-tab-title-wrap active\" style=\"\" tabindex=\"-1\">\n\t\t\t\t<div class=\"wp-block-ub-tabbed-content-tab-title\">Nutritivne informacije<\/div>\n\t\t\t<\/div><\/div>\n\t\t\t<\/div>\n\t\t\t<div class=\"wp-block-ub-tabbed-content-tabs-content\" style=\"\"><div role=\"tabpanel\" class=\"wp-block-ub-tabbed-content-tab-content-wrap active\"\n        id=\"ub-tabbed-content-6bd7b24d-14bf-4c26-8550-70313854e4e9-panel-0\" aria-labelledby=\"ub-tabbed-content-6bd7b24d-14bf-4c26-8550-70313854e4e9-tab-0\" tabindex=\"0\">\n\n<p>Vitamin C+<\/p>\n\n\n\n<figure class=\"wp-block-table is-style-borders\"><table class=\"has-fixed-layout\"><thead><tr><th><strong><strong>Sastojci<\/strong><\/strong><\/th><th><strong>1 tableta<\/strong><\/th><th>PU *<\/th><\/tr><\/thead><tbody><tr><td>Vitamin C<\/td><td>200 mg<\/td><td>250<\/td><\/tr><\/tbody><\/table><\/figure>\n\n\n\n<p>* PU = % preporuceni dnevni unos&nbsp;<\/p>\n\n\n\n<p><strong>Sastojci:<\/strong>&nbsp;maltodekstrin, zgu\u0161njivaci (celuloza, magnezijev&nbsp;stereat), tvari za sprjecavanje zgrudavanja (kalcijev fosfat,&nbsp;silicijev dioksid), kolekalciferol (vitamin D3), tvar za poliranje&nbsp;(HPMC).&nbsp;<\/p>\n\n\n\n<p><strong>Vitamin C + &#8211; jedna tableta dnevno<\/strong>&nbsp;<\/p>\n\n\n\n<p><strong>Kako koristiti<\/strong>: Svrha proizvoda je nadopuniti dnevnu prehranu vitaminom C.&nbsp;<\/p>\n\n\n\n<p><strong>Preporu\u010dena dnevna doza<\/strong>: 1 tableta dnevno&nbsp;<\/p>\n\n\n\n<p>Dodaci prehrani ne zamjenjuju uravnote\u017eenu, raznoliku prehranu. \u010cuvati izvan dohvata djece. Nemojte prekora\u010diti preporu\u010denu dnevnu dozu.\u00a0<\/p>\n\n\n\n<p><strong>Neto te\u017eina<\/strong>: 162 g (360 tableta po spremniku, po 450 mg)&nbsp;&nbsp;<\/p>\n\n\n\n<p><strong>Rok valjanosti<\/strong>: do datuma navedenog na pakiranju&nbsp;<\/p>\n\n\n\n<p><strong>Proizvodna serija<\/strong>: navedeno na pakiranju&nbsp;<\/p>\n\n\n\n<p><strong>Pohrana<\/strong>: na max. 25 \u00b0C, za\u0161ti\u0107eno od svjetlosti i vlage&nbsp;<\/p>\n\n\n\n<p><strong>Proizveo u Norve\u0161koj<\/strong>&nbsp;Pharmatech AS za&nbsp;<br>Natural Pharmaceuticals Sp. z o.o.&nbsp;<\/p>\n\n\n\n<p><strong>Distributer:<\/strong>&nbsp;Natural Pharmaceuticals Sp. z o.o.&nbsp;<br>Domaniewska 28, 02-672 Var\u0161ava, Poljska&nbsp;<\/p>\n\n\n\n<p><\/p>\n\n<\/div><\/div>\n\t\t<\/div>\n\n\n<figure class=\"wp-block-image alignfull size-full\"><img loading=\"lazy\" decoding=\"async\" width=\"1520\" height=\"500\" src=\"https:\/\/naturalpharmaceuticals.eu\/wp-content\/uploads\/sites\/2\/2021\/03\/Natural_Pharmaceuticals_Vitamin_C_IMG_7872.jpg\" alt=\"\" class=\"wp-image-2669\" srcset=\"https:\/\/naturalpharmaceuticals.eu\/wp-content\/uploads\/sites\/2\/2021\/03\/Natural_Pharmaceuticals_Vitamin_C_IMG_7872.jpg 1520w, https:\/\/naturalpharmaceuticals.eu\/wp-content\/uploads\/sites\/2\/2021\/03\/Natural_Pharmaceuticals_Vitamin_C_IMG_7872-300x99.jpg 300w, https:\/\/naturalpharmaceuticals.eu\/wp-content\/uploads\/sites\/2\/2021\/03\/Natural_Pharmaceuticals_Vitamin_C_IMG_7872-1024x337.jpg 1024w, https:\/\/naturalpharmaceuticals.eu\/wp-content\/uploads\/sites\/2\/2021\/03\/Natural_Pharmaceuticals_Vitamin_C_IMG_7872-768x253.jpg 768w\" sizes=\"auto, (max-width: 1520px) 100vw, 1520px\" \/><\/figure>\n","protected":false},"excerpt":{"rendered":"<p>Vitamin C+ Najpoznatiji vitamin&nbsp; Vi\u0161estruki pozitivni u\u010dinci na ljudsko tijelo&nbsp; 15 zdravstvenih tvrdnji koje je odobrila EU!&nbsp; Vitamin C pridonosi normalnom stvaranju kolagena za normalnu funkciju krvnih \u017eila, kostiju, hrskavice, desni, ko\u017ee i zubi.&nbsp; Ima antioksidativna svojstva&nbsp; Uloga klju\u010dnih sastojaka&#x2026; <\/p>\n<p class=\"more-link-container th-uppercase\"><a href=\"https:\/\/naturalpharmaceuticals.eu\/hr\/nasi-proizvodi\/vitamin-c\/\" class=\"more-link\">Read More <span class=\"screen-reader-text\">Vitamin C+<\/span><\/a><\/p>\n","protected":false},"author":1,"featured_media":5173,"parent":5151,"menu_order":0,"comment_status":"closed","ping_status":"closed","template":"templates\/grid-full-width-page.php","meta":{"ub_ctt_via":"","footnotes":""},"class_list":["post-5252","page","type-page","status-publish","has-post-thumbnail","hentry"],"featured_image_src":"https:\/\/naturalpharmaceuticals.eu\/wp-content\/uploads\/sites\/2\/2020\/12\/PL_banner_760x300_v2_14_Natural_Pharmaceuticals_Vitamin_C_plus.jpg","yoast_head":"<!-- This site is optimized with the Yoast SEO plugin v24.4 - https:\/\/yoast.com\/wordpress\/plugins\/seo\/ -->\n<title>Vitamin C+ - Natural Pharmaceuticals<\/title>\n<meta name=\"robots\" content=\"index, follow, max-snippet:-1, max-image-preview:large, max-video-preview:-1\" \/>\n<link rel=\"canonical\" href=\"https:\/\/naturalpharmaceuticals.eu\/hr\/nasi-proizvodi\/vitamin-c\/\" \/>\n<meta property=\"og:locale\" content=\"hr_HR\" \/>\n<meta property=\"og:type\" content=\"article\" \/>\n<meta property=\"og:title\" content=\"Vitamin C+ - Natural Pharmaceuticals\" \/>\n<meta property=\"og:description\" content=\"Vitamin C+ Najpoznatiji vitamin&nbsp; Vi\u0161estruki pozitivni u\u010dinci na ljudsko tijelo&nbsp; 15 zdravstvenih tvrdnji koje je odobrila EU!&nbsp; Vitamin C pridonosi normalnom stvaranju kolagena za normalnu funkciju krvnih \u017eila, kostiju, hrskavice, desni, ko\u017ee i zubi.&nbsp; Ima antioksidativna svojstva&nbsp; Uloga klju\u010dnih sastojaka&#x2026; Read More Vitamin C+\" \/>\n<meta property=\"og:url\" content=\"https:\/\/naturalpharmaceuticals.eu\/hr\/nasi-proizvodi\/vitamin-c\/\" \/>\n<meta property=\"og:site_name\" content=\"Natural Pharmaceuticals\" \/>\n<meta property=\"article:modified_time\" content=\"2021-12-27T12:11:35+00:00\" \/>\n<meta property=\"og:image\" content=\"https:\/\/naturalpharmaceuticals.eu\/wp-content\/uploads\/sites\/2\/2020\/12\/PL_banner_760x300_v2_14_Natural_Pharmaceuticals_Vitamin_C_plus.jpg\" \/>\n\t<meta property=\"og:image:width\" content=\"760\" \/>\n\t<meta property=\"og:image:height\" content=\"300\" \/>\n\t<meta property=\"og:image:type\" content=\"image\/jpeg\" \/>\n<meta name=\"twitter:card\" content=\"summary_large_image\" \/>\n<meta name=\"twitter:label1\" content=\"Procijenjeno vrijeme \u010ditanja\" \/>\n\t<meta name=\"twitter:data1\" content=\"2 minute\" \/>\n<script type=\"application\/ld+json\" class=\"yoast-schema-graph\">{\"@context\":\"https:\/\/schema.org\",\"@graph\":[{\"@type\":\"WebPage\",\"@id\":\"https:\/\/naturalpharmaceuticals.eu\/hr\/nasi-proizvodi\/vitamin-c\/\",\"url\":\"https:\/\/naturalpharmaceuticals.eu\/hr\/nasi-proizvodi\/vitamin-c\/\",\"name\":\"Vitamin C+ - Natural Pharmaceuticals\",\"isPartOf\":{\"@id\":\"https:\/\/naturalpharmaceuticals.eu\/hr\/#website\"},\"primaryImageOfPage\":{\"@id\":\"https:\/\/naturalpharmaceuticals.eu\/hr\/nasi-proizvodi\/vitamin-c\/#primaryimage\"},\"image\":{\"@id\":\"https:\/\/naturalpharmaceuticals.eu\/hr\/nasi-proizvodi\/vitamin-c\/#primaryimage\"},\"thumbnailUrl\":\"https:\/\/naturalpharmaceuticals.eu\/wp-content\/uploads\/sites\/2\/2020\/12\/PL_banner_760x300_v2_14_Natural_Pharmaceuticals_Vitamin_C_plus.jpg\",\"datePublished\":\"2021-06-04T11:56:02+00:00\",\"dateModified\":\"2021-12-27T12:11:35+00:00\",\"breadcrumb\":{\"@id\":\"https:\/\/naturalpharmaceuticals.eu\/hr\/nasi-proizvodi\/vitamin-c\/#breadcrumb\"},\"inLanguage\":\"hr\",\"potentialAction\":[{\"@type\":\"ReadAction\",\"target\":[\"https:\/\/naturalpharmaceuticals.eu\/hr\/nasi-proizvodi\/vitamin-c\/\"]}]},{\"@type\":\"ImageObject\",\"inLanguage\":\"hr\",\"@id\":\"https:\/\/naturalpharmaceuticals.eu\/hr\/nasi-proizvodi\/vitamin-c\/#primaryimage\",\"url\":\"https:\/\/naturalpharmaceuticals.eu\/wp-content\/uploads\/sites\/2\/2020\/12\/PL_banner_760x300_v2_14_Natural_Pharmaceuticals_Vitamin_C_plus.jpg\",\"contentUrl\":\"https:\/\/naturalpharmaceuticals.eu\/wp-content\/uploads\/sites\/2\/2020\/12\/PL_banner_760x300_v2_14_Natural_Pharmaceuticals_Vitamin_C_plus.jpg\",\"width\":760,\"height\":300},{\"@type\":\"BreadcrumbList\",\"@id\":\"https:\/\/naturalpharmaceuticals.eu\/hr\/nasi-proizvodi\/vitamin-c\/#breadcrumb\",\"itemListElement\":[{\"@type\":\"ListItem\",\"position\":1,\"name\":\"Home\",\"item\":\"https:\/\/naturalpharmaceuticals.eu\/hr\/\"},{\"@type\":\"ListItem\",\"position\":2,\"name\":\"Na\u0161i proizvodi\",\"item\":\"https:\/\/naturalpharmaceuticals.eu\/hr\/nasi-proizvodi\/\"},{\"@type\":\"ListItem\",\"position\":3,\"name\":\"Vitamin C+\"}]},{\"@type\":\"WebSite\",\"@id\":\"https:\/\/naturalpharmaceuticals.eu\/hr\/#website\",\"url\":\"https:\/\/naturalpharmaceuticals.eu\/hr\/\",\"name\":\"Natural Pharmaceuticals\",\"description\":\"\",\"publisher\":{\"@id\":\"https:\/\/naturalpharmaceuticals.eu\/hr\/#organization\"},\"potentialAction\":[{\"@type\":\"SearchAction\",\"target\":{\"@type\":\"EntryPoint\",\"urlTemplate\":\"https:\/\/naturalpharmaceuticals.eu\/hr\/?s={search_term_string}\"},\"query-input\":{\"@type\":\"PropertyValueSpecification\",\"valueRequired\":true,\"valueName\":\"search_term_string\"}}],\"inLanguage\":\"hr\"},{\"@type\":\"Organization\",\"@id\":\"https:\/\/naturalpharmaceuticals.eu\/hr\/#organization\",\"name\":\"Natural Pharmaceuticals\",\"url\":\"https:\/\/naturalpharmaceuticals.eu\/hr\/\",\"logo\":{\"@type\":\"ImageObject\",\"inLanguage\":\"hr\",\"@id\":\"https:\/\/naturalpharmaceuticals.eu\/hr\/#\/schema\/logo\/image\/\",\"url\":\"https:\/\/naturalpharmaceuticals.eu\/wp-content\/uploads\/sites\/2\/2020\/11\/cropped-natural-pharmaceuticals-logo.png\",\"contentUrl\":\"https:\/\/naturalpharmaceuticals.eu\/wp-content\/uploads\/sites\/2\/2020\/11\/cropped-natural-pharmaceuticals-logo.png\",\"width\":900,\"height\":323,\"caption\":\"Natural Pharmaceuticals\"},\"image\":{\"@id\":\"https:\/\/naturalpharmaceuticals.eu\/hr\/#\/schema\/logo\/image\/\"}}]}<\/script>\n<!-- \/ Yoast SEO plugin. -->","yoast_head_json":{"title":"Vitamin C+ - Natural Pharmaceuticals","robots":{"index":"index","follow":"follow","max-snippet":"max-snippet:-1","max-image-preview":"max-image-preview:large","max-video-preview":"max-video-preview:-1"},"canonical":"https:\/\/naturalpharmaceuticals.eu\/hr\/nasi-proizvodi\/vitamin-c\/","og_locale":"hr_HR","og_type":"article","og_title":"Vitamin C+ - Natural Pharmaceuticals","og_description":"Vitamin C+ Najpoznatiji vitamin&nbsp; Vi\u0161estruki pozitivni u\u010dinci na ljudsko tijelo&nbsp; 15 zdravstvenih tvrdnji koje je odobrila EU!&nbsp; Vitamin C pridonosi normalnom stvaranju kolagena za normalnu funkciju krvnih \u017eila, kostiju, hrskavice, desni, ko\u017ee i zubi.&nbsp; Ima antioksidativna svojstva&nbsp; Uloga klju\u010dnih sastojaka&#x2026; Read More Vitamin C+","og_url":"https:\/\/naturalpharmaceuticals.eu\/hr\/nasi-proizvodi\/vitamin-c\/","og_site_name":"Natural Pharmaceuticals","article_modified_time":"2021-12-27T12:11:35+00:00","og_image":[{"width":760,"height":300,"url":"https:\/\/naturalpharmaceuticals.eu\/wp-content\/uploads\/sites\/2\/2020\/12\/PL_banner_760x300_v2_14_Natural_Pharmaceuticals_Vitamin_C_plus.jpg","type":"image\/jpeg"}],"twitter_card":"summary_large_image","twitter_misc":{"Procijenjeno vrijeme \u010ditanja":"2 minute"},"schema":{"@context":"https:\/\/schema.org","@graph":[{"@type":"WebPage","@id":"https:\/\/naturalpharmaceuticals.eu\/hr\/nasi-proizvodi\/vitamin-c\/","url":"https:\/\/naturalpharmaceuticals.eu\/hr\/nasi-proizvodi\/vitamin-c\/","name":"Vitamin C+ - Natural Pharmaceuticals","isPartOf":{"@id":"https:\/\/naturalpharmaceuticals.eu\/hr\/#website"},"primaryImageOfPage":{"@id":"https:\/\/naturalpharmaceuticals.eu\/hr\/nasi-proizvodi\/vitamin-c\/#primaryimage"},"image":{"@id":"https:\/\/naturalpharmaceuticals.eu\/hr\/nasi-proizvodi\/vitamin-c\/#primaryimage"},"thumbnailUrl":"https:\/\/naturalpharmaceuticals.eu\/wp-content\/uploads\/sites\/2\/2020\/12\/PL_banner_760x300_v2_14_Natural_Pharmaceuticals_Vitamin_C_plus.jpg","datePublished":"2021-06-04T11:56:02+00:00","dateModified":"2021-12-27T12:11:35+00:00","breadcrumb":{"@id":"https:\/\/naturalpharmaceuticals.eu\/hr\/nasi-proizvodi\/vitamin-c\/#breadcrumb"},"inLanguage":"hr","potentialAction":[{"@type":"ReadAction","target":["https:\/\/naturalpharmaceuticals.eu\/hr\/nasi-proizvodi\/vitamin-c\/"]}]},{"@type":"ImageObject","inLanguage":"hr","@id":"https:\/\/naturalpharmaceuticals.eu\/hr\/nasi-proizvodi\/vitamin-c\/#primaryimage","url":"https:\/\/naturalpharmaceuticals.eu\/wp-content\/uploads\/sites\/2\/2020\/12\/PL_banner_760x300_v2_14_Natural_Pharmaceuticals_Vitamin_C_plus.jpg","contentUrl":"https:\/\/naturalpharmaceuticals.eu\/wp-content\/uploads\/sites\/2\/2020\/12\/PL_banner_760x300_v2_14_Natural_Pharmaceuticals_Vitamin_C_plus.jpg","width":760,"height":300},{"@type":"BreadcrumbList","@id":"https:\/\/naturalpharmaceuticals.eu\/hr\/nasi-proizvodi\/vitamin-c\/#breadcrumb","itemListElement":[{"@type":"ListItem","position":1,"name":"Home","item":"https:\/\/naturalpharmaceuticals.eu\/hr\/"},{"@type":"ListItem","position":2,"name":"Na\u0161i proizvodi","item":"https:\/\/naturalpharmaceuticals.eu\/hr\/nasi-proizvodi\/"},{"@type":"ListItem","position":3,"name":"Vitamin C+"}]},{"@type":"WebSite","@id":"https:\/\/naturalpharmaceuticals.eu\/hr\/#website","url":"https:\/\/naturalpharmaceuticals.eu\/hr\/","name":"Natural Pharmaceuticals","description":"","publisher":{"@id":"https:\/\/naturalpharmaceuticals.eu\/hr\/#organization"},"potentialAction":[{"@type":"SearchAction","target":{"@type":"EntryPoint","urlTemplate":"https:\/\/naturalpharmaceuticals.eu\/hr\/?s={search_term_string}"},"query-input":{"@type":"PropertyValueSpecification","valueRequired":true,"valueName":"search_term_string"}}],"inLanguage":"hr"},{"@type":"Organization","@id":"https:\/\/naturalpharmaceuticals.eu\/hr\/#organization","name":"Natural Pharmaceuticals","url":"https:\/\/naturalpharmaceuticals.eu\/hr\/","logo":{"@type":"ImageObject","inLanguage":"hr","@id":"https:\/\/naturalpharmaceuticals.eu\/hr\/#\/schema\/logo\/image\/","url":"https:\/\/naturalpharmaceuticals.eu\/wp-content\/uploads\/sites\/2\/2020\/11\/cropped-natural-pharmaceuticals-logo.png","contentUrl":"https:\/\/naturalpharmaceuticals.eu\/wp-content\/uploads\/sites\/2\/2020\/11\/cropped-natural-pharmaceuticals-logo.png","width":900,"height":323,"caption":"Natural Pharmaceuticals"},"image":{"@id":"https:\/\/naturalpharmaceuticals.eu\/hr\/#\/schema\/logo\/image\/"}}]}},"jetpack_sharing_enabled":true,"_links":{"self":[{"href":"https:\/\/naturalpharmaceuticals.eu\/hr\/wp-json\/wp\/v2\/pages\/5252","targetHints":{"allow":["GET"]}}],"collection":[{"href":"https:\/\/naturalpharmaceuticals.eu\/hr\/wp-json\/wp\/v2\/pages"}],"about":[{"href":"https:\/\/naturalpharmaceuticals.eu\/hr\/wp-json\/wp\/v2\/types\/page"}],"author":[{"embeddable":true,"href":"https:\/\/naturalpharmaceuticals.eu\/hr\/wp-json\/wp\/v2\/users\/1"}],"replies":[{"embeddable":true,"href":"https:\/\/naturalpharmaceuticals.eu\/hr\/wp-json\/wp\/v2\/comments?post=5252"}],"version-history":[{"count":3,"href":"https:\/\/naturalpharmaceuticals.eu\/hr\/wp-json\/wp\/v2\/pages\/5252\/revisions"}],"predecessor-version":[{"id":8600,"href":"https:\/\/naturalpharmaceuticals.eu\/hr\/wp-json\/wp\/v2\/pages\/5252\/revisions\/8600"}],"up":[{"embeddable":true,"href":"https:\/\/naturalpharmaceuticals.eu\/hr\/wp-json\/wp\/v2\/pages\/5151"}],"wp:featuredmedia":[{"embeddable":true,"href":"https:\/\/naturalpharmaceuticals.eu\/hr\/wp-json\/wp\/v2\/media\/5173"}],"wp:attachment":[{"href":"https:\/\/naturalpharmaceuticals.eu\/hr\/wp-json\/wp\/v2\/media?parent=5252"}],"curies":[{"name":"wp","href":"https:\/\/api.w.org\/{rel}","templated":true}]}}