{"id":13911,"date":"2024-01-23T12:48:37","date_gmt":"2024-01-23T12:48:37","guid":{"rendered":"https:\/\/naturalpharmaceuticals.eu\/?page_id=13911"},"modified":"2025-08-12T13:43:18","modified_gmt":"2025-08-12T13:43:18","slug":"omegamarine-premium","status":"publish","type":"page","link":"https:\/\/naturalpharmaceuticals.eu\/hu\/termekeink\/omegamarine-premium\/","title":{"rendered":"OmegaMarine\u2122 Premium"},"content":{"rendered":"\n<div class=\"wp-block-group\"><div class=\"wp-block-group__inner-container is-layout-flow wp-block-group-is-layout-flow\">\n<div class=\"wp-block-columns is-layout-flex wp-container-core-columns-is-layout-1 wp-block-columns-is-layout-flex\">\n<div class=\"wp-block-column is-layout-flow wp-block-column-is-layout-flow\">\n<figure class=\"wp-block-image size-large sticky\"><img loading=\"lazy\" decoding=\"async\" width=\"919\" height=\"1024\" src=\"https:\/\/naturalpharmaceuticals.eu\/wp-content\/uploads\/sites\/2\/2024\/01\/pakszot-OP-HU-bez-napisu-1-919x1024.png\" alt=\"\" class=\"wp-image-22803\" srcset=\"https:\/\/naturalpharmaceuticals.eu\/wp-content\/uploads\/sites\/2\/2024\/01\/pakszot-OP-HU-bez-napisu-1-919x1024.png 919w, https:\/\/naturalpharmaceuticals.eu\/wp-content\/uploads\/sites\/2\/2024\/01\/pakszot-OP-HU-bez-napisu-1-269x300.png 269w, https:\/\/naturalpharmaceuticals.eu\/wp-content\/uploads\/sites\/2\/2024\/01\/pakszot-OP-HU-bez-napisu-1-768x856.png 768w, https:\/\/naturalpharmaceuticals.eu\/wp-content\/uploads\/sites\/2\/2024\/01\/pakszot-OP-HU-bez-napisu-1-1379x1536.png 1379w, https:\/\/naturalpharmaceuticals.eu\/wp-content\/uploads\/sites\/2\/2024\/01\/pakszot-OP-HU-bez-napisu-1.png 1744w\" sizes=\"auto, (max-width: 919px) 100vw, 919px\" \/><\/figure>\n<\/div>\n\n\n\n<div class=\"wp-block-column product-info-frame is-layout-flow wp-block-column-is-layout-flow\">\n<p style=\"font-size:18px\"><strong>OmegaMarine\u2122 Premium<\/strong><\/p>\n\n\n\n<ul class=\"wp-block-list\">\n<li>Kiv\u00e1l\u00f3 min\u0151s\u00e9g\u0171 Omega-3 Norv\u00e9gi\u00e1b\u00f3l&nbsp;<\/li>\n\n\n\n<li>Az Omega-3 zs\u00edrsavak (DHA \u00e9s EPA) j\u00f3t tesznek a sz\u00edv\u00fcnknek, az agyunknak \u00e9s a szem\u00fcnknek.&nbsp;<\/li>\n\n\n\n<li>\u00c9szak-Norv\u00e9gia krist\u00e1lytiszta viz\u00e9ben \u00e9l\u0151 lazacb\u00f3l k\u00e9sz\u00fclt.&nbsp;<\/li>\n\n\n\n<li>Lazacb\u00f3l lazacolaj kevesebb mint 75 perc alatt &#8211; a frissess\u00e9g&nbsp; kulcsfontoss\u00e1g\u00fa!&nbsp;<\/li>\n\n\n\n<li>Kicsi, k\u00f6nnyen lenyelhet\u0151 kapszula&nbsp;<\/li>\n\n\n\n<li>Nincs halas ut\u00f3\u00edz&nbsp;<\/li>\n\n\n\n<li>Egyike a vil\u00e1gon csak nagyon kev\u00e9s norv\u00e9g ORIVO tan\u00fas\u00edtv\u00e1nnyal rendelkez\u0151 Omega-3 \u00e9trend-kieg\u00e9sz\u00edt\u0151nek.&nbsp;<\/li>\n\n\n\n<li>D3-vitaminnal d\u00fas\u00edtva, hogy fokozza az immunit\u00e1st&nbsp;<\/li>\n\n\n\n<li>Csak k\u00e9t kapszula naponta!&nbsp;<\/li>\n<\/ul>\n<\/div>\n<\/div>\n<\/div><\/div>\n\n\n\n<div class=\"packshot-bg-wrapper\"><div class=\"full-width-inside-container packshot-bg packshot-bg-omegamarine\"><\/div><\/div>\n\n\n<div role=\"tabpanel\" class=\"wp-block-ub-tabbed-content-tab-content-wrap ub-hide\"\n        id=\"ub-tabbed-content--panel-0\" aria-labelledby=\"ub-tabbed-content--tab-0\" tabindex=\"0\">\n\n<p><a href=\"https:\/\/nordicmed.natural.pl\/?page_id=326\">Preview in new tab(opens in a new tab)<\/a><\/p>\n\n\n\n<p>reviews<\/p>\n\n<\/div>\n\n<div role=\"tabpanel\" class=\"wp-block-ub-tabbed-content-tab-content-wrap ub-hide\"\n        id=\"ub-tabbed-content--panel-1\" aria-labelledby=\"ub-tabbed-content--tab-1\" tabindex=\"0\">\n\n<p><\/p>\n\n<\/div>\n\n<div role=\"tabpanel\" class=\"wp-block-ub-tabbed-content-tab-content-wrap ub-hide\"\n        id=\"ub-tabbed-content--panel-2\" aria-labelledby=\"ub-tabbed-content--tab-2\" tabindex=\"0\">\n\n<p><\/p>\n\n<\/div>\n\n<div role=\"tabpanel\" class=\"wp-block-ub-tabbed-content-tab-content-wrap active\"\n        id=\"ub-tabbed-content--panel-3\" aria-labelledby=\"ub-tabbed-content--tab-3\" tabindex=\"0\">\n\n<p><strong>Az OmegaMarine\u2122 Premium magas min\u0151s\u00e9ge a legfontosabb!<\/strong>&nbsp;<\/p>\n\n\n\n<p>A Natural Pharmaceuticals a leg\u00fajabb gy\u00e1rt\u00e1si technol\u00f3gi\u00e1kat alkalmazza, \u00e9s biztos\u00edtja az \u00f6sszetev\u0151k teljesk\u00f6r\u0171 min\u0151s\u00e9gellen\u0151rz\u00e9s\u00e9t. Azon kev\u00e9s omega-3 zs\u00edrsavakat gy\u00e1rt\u00f3 c\u00e9gek k\u00f6z\u00e9 tartozunk, amelyek ilyen szigor\u00faan ellen\u0151rzik a teljes gy\u00e1rt\u00e1si folyamatot &#8211; a lazac kifog\u00e1s\u00e1t\u00f3l kezdve a feldolgoz\u00e1s minden szakasz\u00e1n \u00e1t eg\u00e9szen az egyes omegaMarine\u2122 Premium csomagok \u00e9rt\u00e9kes\u00edt\u00e9s\u00e9ig.&nbsp;<\/p>\n\n\n\n<p>Csak tiszta, biztons\u00e1gos, friss \u00e9s term\u00e9szetes alapanyagokat haszn\u00e1lunk. Biztos\u00edtjuk a lazacolajunk teljes nyomon k\u00f6vethet\u0151s\u00e9g\u00e9t. Az OmegaMarine\u2122 Premium a norv\u00e9g ORIVO laborat\u00f3rium \u00e1ltal tan\u00fas\u00edtott.&nbsp;<\/p>\n\n\n\n<p>Az OmegaMarine\u2122 Premium a lazac mellett szardell\u00e1b\u00f3l, szard\u00edni\u00e1b\u00f3l \u00e9s makr\u00e9l\u00e1b\u00f3l k\u00e9sz\u00fclt, nagy koncentr\u00e1ci\u00f3j\u00fa csendes-\u00f3ce\u00e1ni halolajat tartalmaz. Ezt az olajat Norv\u00e9gia vezet\u0151 omega-3 finom\u00edt\u00f3ja, a GC Rieber VivoMega finom\u00edtja. Ez a v\u00e1llalat a legjobb min\u0151s\u00e9g\u0171 halolaj-koncentr\u00e1tumokat \u00e1ll\u00edtja el\u0151, amelyek a kiv\u00e1l\u00f3 frissess\u00e9g\u00fckr\u0151l \u00e9s \u00edz\u00fckr\u0151l ismertek.&nbsp;<\/p>\n\n\n\n<p>Az OmegaMarine\u2122 Premium gazdag forr\u00e1sa az esszenci\u00e1lis DHA (dokozahexa\u00e9nsav) \u00e9s EPA (eikozapenta\u00e9nsav) zs\u00edrsavaknak, amelyek hozz\u00e1j\u00e1rulnak az eg\u00e9szs\u00e9g \u00e9s a j\u00f3l\u00e9t fenntart\u00e1s\u00e1hoz. Az EPA \u00e9s a DHA az\u00e9rt min\u0151s\u00fcl esszenci\u00e1lis zs\u00edrsavnak, mert a szervezet nem tudja \u0151ket hat\u00e9konyan el\u0151\u00e1ll\u00edtani, ez\u00e9rt&nbsp; a t\u00e1pl\u00e1lkoz\u00e1son kereszt\u00fcl tudunk hozz\u00e1jutni.&nbsp;<\/p>\n\n\n\n<p>A DHA seg\u00edt fenntartani a norm\u00e1l l\u00e1t\u00e1st \u00e9s az agym\u0171k\u00f6d\u00e9st.<sup>1&nbsp;<\/sup><br>A DHA \u00e9s az EPA hozz\u00e1j\u00e1rul a sz\u00edv norm\u00e1lis m\u0171k\u00f6d\u00e9s\u00e9hez.<sup>2&nbsp;<\/sup><\/p>\n\n\n\n<p><sup>1<\/sup>A j\u00f3t\u00e9kony hat\u00e1s 250 mg DHA napi bevitel\u00e9vel \u00e9rhet\u0151 el.&nbsp;<br><sup>2<\/sup>A j\u00f3t\u00e9kony hat\u00e1s 250 mg DHA \u00e9s EPA napi bevitel\u00e9vel \u00e9rhet\u0151 el.&nbsp;<\/p>\n\n\n\n<p><\/p>\n\n\n\n<p>&nbsp;<\/p>\n\n<\/div>\n\n<div class=\"wp-block-ub-tabbed-content-block wp-block-ub-tabbed-content wp-block-ub-tabbed-content-holder wp-block-ub-tabbed-content-horizontal-holder-mobile wp-block-ub-tabbed-content-horizontal-holder-tablet\" id=\"ub-tabbed-content-86a787cb-1353-4b01-87a5-47e436d23daf\">\n\t\t\t<div class=\"wp-block-ub-tabbed-content-tab-holder horizontal-tab-width-mobile horizontal-tab-width-tablet\">\n\t\t\t\t<div role=\"tablist\" class=\"wp-block-ub-tabbed-content-tabs-title wp-block-ub-tabbed-content-tabs-title-mobile-horizontal-tab wp-block-ub-tabbed-content-tabs-title-tablet-horizontal-tab\"><div role=\"tab\" id=\"ub-tabbed-content-86a787cb-1353-4b01-87a5-47e436d23daf-tab-0\" aria-controls=\"ub-tabbed-content-86a787cb-1353-4b01-87a5-47e436d23daf-panel-0\" aria-selected=\"true\" class=\"wp-block-ub-tabbed-content-tab-title-wrap active\" style=\"\" tabindex=\"-1\">\n\t\t\t\t<div class=\"wp-block-ub-tabbed-content-tab-title\">T\u00e1pl\u00e1lkoz\u00e1si inform\u00e1ci\u00f3k<\/div>\n\t\t\t<\/div><\/div>\n\t\t\t<\/div>\n\t\t\t<div class=\"wp-block-ub-tabbed-content-tabs-content\" style=\"\"><div role=\"tabpanel\" class=\"wp-block-ub-tabbed-content-tab-content-wrap active\"\n        id=\"ub-tabbed-content-86a787cb-1353-4b01-87a5-47e436d23daf-panel-0\" aria-labelledby=\"ub-tabbed-content-86a787cb-1353-4b01-87a5-47e436d23daf-tab-0\" tabindex=\"0\">\n\n<p><strong>OmegaMarine\u2122 Premium<\/strong>&nbsp;<\/p>\n\n\n\n<figure class=\"wp-block-table is-style-borders\"><table><tbody><tr><td><strong>\u00d6sszetev\u0151k<\/strong>&nbsp;<\/td><td><strong>Mennyis\u00e9g k\u00e9t kapszul\u00e1ban<\/strong>&nbsp;<\/td><td><strong>% NRV*<\/strong>&nbsp;<\/td><\/tr><tr><td><strong><strong><strong>Halolaj <\/strong><\/strong><\/strong>(53,33% norv\u00e9g lazac TG olaj,&nbsp;<br>46,67% koncentr\u00e1lt hal EE olaj) &nbsp;<br>Bele\u00e9rtve: &nbsp;<strong><strong><br><strong>Omega-3 zs\u00edrsavak<\/strong>&nbsp;<br><strong>EPA (eikozapenta\u00e9nsav)<\/strong>&nbsp;<br><strong>DHA (dokozahexa\u00e9nsav)&nbsp;<\/strong>&nbsp;<br><strong>DPA (dokoszapenta\u00e9nsav)<\/strong>&nbsp;<\/strong><\/strong><\/td><td>1050 mg&nbsp;<br>&nbsp;<br>&nbsp;<br>380 mg&nbsp;<br>160 mg&nbsp;<br>115 mg&nbsp;<br>10 mg &nbsp;<\/td><td>&#8211;&nbsp;<br>&nbsp;<br>&nbsp;<br>&#8211;&nbsp;<br>&#8211;&nbsp;<br>&#8211;&nbsp;<br>&#8211;&nbsp;<\/td><\/tr><tr><td><strong><strong>Omega-6 zs\u00edrsavak&nbsp;<\/strong><\/strong><\/td><td>70 mg<\/td><td>&#8211;&nbsp;<\/td><\/tr><tr><td><strong><strong>Omega-7 zs\u00edrsavak&nbsp;<\/strong><\/strong><\/td><td>30 mg&nbsp;<\/td><td>&#8211;&nbsp;<\/td><\/tr><tr><td><strong><strong>Omega-9 zs\u00edrsavak<\/strong><\/strong><\/td><td>210 mg&nbsp;<\/td><td>&#8211;&nbsp;<\/td><\/tr><tr><td><strong>&nbsp;D-vitamin<\/strong>&nbsp;<\/td><td>5 \u00b5g&nbsp;<\/td><td>100%&nbsp;<\/td><\/tr><\/tbody><\/table><\/figure>\n\n\n\n<p>*&nbsp; NRV \u2013 T\u00e1pl\u00e1lkoz\u00e1si referencia\u00e9rt\u00e9k %-a&nbsp;<\/p>\n\n\n\n<p><strong>\u00d6sszetev\u0151k<\/strong>: <strong>halolaj (norv\u00e9g lazacolaj TG<\/strong>, koncentr\u00e1lt <strong>halolaj EE <\/strong>), zselatin, stabiliz\u00e1tor , (glicerin), antioxid\u00e1ns (kevert tokoferolok), asztaxantin (<em>Haematococcus pluvialis<\/em> mikroalg\u00e1b\u00f3l), kolekalciferol (D-vitamin).\u00a0<\/p>\n\n\n\n<p><strong>OmegaMarine\u2122 Premium &#8211; napi k\u00e9t kapszula<\/strong>&nbsp;<\/p>\n\n\n\n<p><strong>Hogyan kell haszn\u00e1lni<\/strong>: A term\u00e9k a napi \u00e9trend kieg\u00e9sz\u00edt\u00e9s\u00e9re szolg\u00e1l Omega-3 zs\u00edrsavakkal \u00e9s D3-vitaminnal.&nbsp;<\/p>\n\n\n\n<p><strong>Aj\u00e1nlott napi adag<\/strong>: 2 kapszula naponta&nbsp;<\/p>\n\n\n\n<p><strong>Nett\u00f3 t\u00f6meg:<\/strong> 208,8 g (360 kapszula&nbsp;0,58 g)&nbsp;<\/p>\n\n\n\n<p>Az \u00e9trend-kieg\u00e9sz\u00edt\u0151k nem helyettes\u00edtik a kiegyens\u00falyozott, v\u00e1ltozatos \u00e9trendet. Gyermekek el\u0151l elz\u00e1rva tartand\u00f3. Fullad\u00e1svesz\u00e9ly 3 \u00e9v alatti gyermekekn\u00e9l.&nbsp;<\/p>\n\n\n\n<p>Terhess\u00e9g alatt, orvosi tan\u00e1csra aj\u00e1nlott. Ne l\u00e9pje t\u00fal az aj\u00e1nlott napi adagot.&nbsp;<\/p>\n\n\n\n<p><strong>Szavatoss\u00e1g<\/strong>: A csomagol\u00e1son felt\u00fcntetett id\u0151pontig.&nbsp;<\/p>\n\n\n\n<p><strong>Gy\u00e1rt\u00e1si&nbsp; t\u00e9telsz\u00e1m<\/strong>: A csomagol\u00e1sra \u00edrva&nbsp;<\/p>\n\n\n\n<p><strong>T\u00e1rol\u00e1s<\/strong>: Max. 25 \u00b0C-on, f\u00e9nyt\u0151l \u00e9s nedvess\u00e9gt\u0151l v\u00e9dve&nbsp;<\/p>\n\n\n\n<p><strong>Norv\u00e9gi\u00e1ban gy\u00e1rtja <\/strong>a Pharmatech A.S.<\/p>\n\n\n\n<p><strong>Forgalmaz\u00f3<\/strong>: Natural Pharmaceuticals Sp. z o.o.&nbsp;<br>Domaniewska 28, 02-672 Vars\u00f3, Lengyelorsz\u00e1g&nbsp;<\/p>\n\n\n\n<p><\/p>\n\n<\/div><\/div>\n\t\t<\/div>\n\n\n<div class=\"wp-block-group alignwide\"><div class=\"wp-block-group__inner-container is-layout-flow wp-block-group-is-layout-flow\">\n<div class=\"wp-block-columns alignwide is-layout-flex wp-container-core-columns-is-layout-2 wp-block-columns-is-layout-flex\">\n<div class=\"wp-block-column is-vertically-aligned-center is-layout-flow wp-block-column-is-layout-flow\"><div class=\"wp-block-image\">\n<figure class=\"aligncenter size-large is-resized\"><img loading=\"lazy\" decoding=\"async\" width=\"220\" height=\"220\" src=\"https:\/\/nordicmed.natural.pl\/wp-content\/uploads\/sites\/2\/2020\/09\/goed.png\" alt=\"\" class=\"wp-image-350\" style=\"width:220px;height:220px\" srcset=\"https:\/\/naturalpharmaceuticals.eu\/wp-content\/uploads\/sites\/2\/2020\/09\/goed.png 220w, https:\/\/naturalpharmaceuticals.eu\/wp-content\/uploads\/sites\/2\/2020\/09\/goed-150x150.png 150w, https:\/\/naturalpharmaceuticals.eu\/wp-content\/uploads\/sites\/2\/2020\/09\/goed-200x200.png 200w\" sizes=\"auto, (max-width: 220px) 100vw, 220px\" \/><\/figure><\/div><\/div>\n\n\n\n<div class=\"wp-block-column is-vertically-aligned-center is-layout-flow wp-block-column-is-layout-flow\"><div class=\"wp-block-image\">\n<figure class=\"aligncenter size-large is-resized\"><img loading=\"lazy\" decoding=\"async\" width=\"300\" height=\"194\" src=\"https:\/\/nordicmed.natural.pl\/wp-content\/uploads\/sites\/2\/2020\/09\/salfresh.png\" alt=\"\" class=\"wp-image-351\" style=\"width:300px;height:194px\"\/><\/figure><\/div><\/div>\n\n\n\n<div class=\"wp-block-column is-vertically-aligned-center is-layout-flow wp-block-column-is-layout-flow\"><div class=\"wp-block-image\">\n<figure class=\"aligncenter size-full is-resized\"><img loading=\"lazy\" decoding=\"async\" width=\"600\" height=\"606\" src=\"https:\/\/naturalpharmaceuticals.eu\/wp-content\/uploads\/sites\/2\/2023\/06\/orivo-verified-origin-8-years.png\" alt=\"\" class=\"wp-image-19336\" style=\"width:220px;height:220px\" srcset=\"https:\/\/naturalpharmaceuticals.eu\/wp-content\/uploads\/sites\/2\/2023\/06\/orivo-verified-origin-8-years.png 600w, https:\/\/naturalpharmaceuticals.eu\/wp-content\/uploads\/sites\/2\/2023\/06\/orivo-verified-origin-8-years-297x300.png 297w\" sizes=\"auto, (max-width: 600px) 100vw, 600px\" \/><\/figure><\/div><\/div>\n\n\n\n<div class=\"wp-block-column is-vertically-aligned-center is-layout-flow wp-block-column-is-layout-flow\"><div class=\"wp-block-image\">\n<figure class=\"aligncenter size-large is-resized\"><img loading=\"lazy\" decoding=\"async\" width=\"721\" height=\"721\" src=\"https:\/\/naturalpharmaceuticals.eu\/wp-content\/uploads\/sites\/2\/2020\/12\/zdrowa-marka-roku-2020.png\" alt=\"\" class=\"wp-image-871\" style=\"width:220px;height:220px\" srcset=\"https:\/\/naturalpharmaceuticals.eu\/wp-content\/uploads\/sites\/2\/2020\/12\/zdrowa-marka-roku-2020.png 721w, https:\/\/naturalpharmaceuticals.eu\/wp-content\/uploads\/sites\/2\/2020\/12\/zdrowa-marka-roku-2020-300x300.png 300w, https:\/\/naturalpharmaceuticals.eu\/wp-content\/uploads\/sites\/2\/2020\/12\/zdrowa-marka-roku-2020-150x150.png 150w, https:\/\/naturalpharmaceuticals.eu\/wp-content\/uploads\/sites\/2\/2020\/12\/zdrowa-marka-roku-2020-200x200.png 200w\" sizes=\"auto, (max-width: 721px) 100vw, 721px\" \/><\/figure><\/div><\/div>\n<\/div>\n<\/div><\/div>\n","protected":false},"excerpt":{"rendered":"<p>OmegaMarine\u2122 Premium<\/p>\n","protected":false},"author":1,"featured_media":13902,"parent":4353,"menu_order":0,"comment_status":"closed","ping_status":"closed","template":"templates\/grid-full-width-page.php","meta":{"ub_ctt_via":"","footnotes":""},"class_list":["post-13911","page","type-page","status-publish","has-post-thumbnail","hentry"],"featured_image_src":"https:\/\/naturalpharmaceuticals.eu\/wp-content\/uploads\/sites\/2\/2022\/09\/PL_banner_760x300_OP_144dpi.jpg","yoast_head":"<!-- This site is optimized with the Yoast SEO plugin v24.4 - https:\/\/yoast.com\/wordpress\/plugins\/seo\/ -->\n<title>OmegaMarine\u2122 Premium - Natural Pharmaceuticals<\/title>\n<meta name=\"robots\" content=\"index, follow, max-snippet:-1, max-image-preview:large, max-video-preview:-1\" \/>\n<link rel=\"canonical\" href=\"https:\/\/naturalpharmaceuticals.eu\/hu\/termekeink\/omegamarine-premium\/\" \/>\n<meta property=\"og:locale\" content=\"hu_HU\" \/>\n<meta property=\"og:type\" content=\"article\" \/>\n<meta property=\"og:title\" content=\"OmegaMarine\u2122 Premium - Natural Pharmaceuticals\" \/>\n<meta property=\"og:description\" content=\"OmegaMarine\u2122 Premium\" \/>\n<meta property=\"og:url\" content=\"https:\/\/naturalpharmaceuticals.eu\/hu\/termekeink\/omegamarine-premium\/\" \/>\n<meta property=\"og:site_name\" content=\"Natural Pharmaceuticals\" \/>\n<meta property=\"article:modified_time\" content=\"2025-08-12T13:43:18+00:00\" \/>\n<meta property=\"og:image\" content=\"https:\/\/naturalpharmaceuticals.eu\/wp-content\/uploads\/sites\/2\/2022\/09\/PL_banner_760x300_OP_144dpi.jpg\" \/>\n\t<meta property=\"og:image:width\" content=\"1520\" \/>\n\t<meta property=\"og:image:height\" content=\"600\" \/>\n\t<meta property=\"og:image:type\" content=\"image\/jpeg\" \/>\n<meta name=\"twitter:card\" content=\"summary_large_image\" \/>\n<meta name=\"twitter:label1\" content=\"Becs\u00fclt olvas\u00e1si id\u0151\" \/>\n\t<meta name=\"twitter:data1\" content=\"4 perc\" \/>\n<script type=\"application\/ld+json\" class=\"yoast-schema-graph\">{\"@context\":\"https:\/\/schema.org\",\"@graph\":[{\"@type\":\"WebPage\",\"@id\":\"https:\/\/naturalpharmaceuticals.eu\/hu\/termekeink\/omegamarine-premium\/\",\"url\":\"https:\/\/naturalpharmaceuticals.eu\/hu\/termekeink\/omegamarine-premium\/\",\"name\":\"OmegaMarine\u2122 Premium - Natural Pharmaceuticals\",\"isPartOf\":{\"@id\":\"https:\/\/naturalpharmaceuticals.eu\/hu\/#website\"},\"primaryImageOfPage\":{\"@id\":\"https:\/\/naturalpharmaceuticals.eu\/hu\/termekeink\/omegamarine-premium\/#primaryimage\"},\"image\":{\"@id\":\"https:\/\/naturalpharmaceuticals.eu\/hu\/termekeink\/omegamarine-premium\/#primaryimage\"},\"thumbnailUrl\":\"https:\/\/naturalpharmaceuticals.eu\/wp-content\/uploads\/sites\/2\/2022\/09\/PL_banner_760x300_OP_144dpi.jpg\",\"datePublished\":\"2024-01-23T12:48:37+00:00\",\"dateModified\":\"2025-08-12T13:43:18+00:00\",\"breadcrumb\":{\"@id\":\"https:\/\/naturalpharmaceuticals.eu\/hu\/termekeink\/omegamarine-premium\/#breadcrumb\"},\"inLanguage\":\"hu\",\"potentialAction\":[{\"@type\":\"ReadAction\",\"target\":[\"https:\/\/naturalpharmaceuticals.eu\/hu\/termekeink\/omegamarine-premium\/\"]}]},{\"@type\":\"ImageObject\",\"inLanguage\":\"hu\",\"@id\":\"https:\/\/naturalpharmaceuticals.eu\/hu\/termekeink\/omegamarine-premium\/#primaryimage\",\"url\":\"https:\/\/naturalpharmaceuticals.eu\/wp-content\/uploads\/sites\/2\/2022\/09\/PL_banner_760x300_OP_144dpi.jpg\",\"contentUrl\":\"https:\/\/naturalpharmaceuticals.eu\/wp-content\/uploads\/sites\/2\/2022\/09\/PL_banner_760x300_OP_144dpi.jpg\",\"width\":1520,\"height\":600,\"caption\":\"Omega Marine Premium\"},{\"@type\":\"BreadcrumbList\",\"@id\":\"https:\/\/naturalpharmaceuticals.eu\/hu\/termekeink\/omegamarine-premium\/#breadcrumb\",\"itemListElement\":[{\"@type\":\"ListItem\",\"position\":1,\"name\":\"Home\",\"item\":\"https:\/\/naturalpharmaceuticals.eu\/hu\/\"},{\"@type\":\"ListItem\",\"position\":2,\"name\":\"Term\u00e9keink\",\"item\":\"https:\/\/naturalpharmaceuticals.eu\/hu\/termekeink\/\"},{\"@type\":\"ListItem\",\"position\":3,\"name\":\"OmegaMarine\u2122 Premium\"}]},{\"@type\":\"WebSite\",\"@id\":\"https:\/\/naturalpharmaceuticals.eu\/hu\/#website\",\"url\":\"https:\/\/naturalpharmaceuticals.eu\/hu\/\",\"name\":\"Natural Pharmaceuticals\",\"description\":\"\",\"publisher\":{\"@id\":\"https:\/\/naturalpharmaceuticals.eu\/hu\/#organization\"},\"potentialAction\":[{\"@type\":\"SearchAction\",\"target\":{\"@type\":\"EntryPoint\",\"urlTemplate\":\"https:\/\/naturalpharmaceuticals.eu\/hu\/?s={search_term_string}\"},\"query-input\":{\"@type\":\"PropertyValueSpecification\",\"valueRequired\":true,\"valueName\":\"search_term_string\"}}],\"inLanguage\":\"hu\"},{\"@type\":\"Organization\",\"@id\":\"https:\/\/naturalpharmaceuticals.eu\/hu\/#organization\",\"name\":\"Natural Pharmaceuticals\",\"url\":\"https:\/\/naturalpharmaceuticals.eu\/hu\/\",\"logo\":{\"@type\":\"ImageObject\",\"inLanguage\":\"hu\",\"@id\":\"https:\/\/naturalpharmaceuticals.eu\/hu\/#\/schema\/logo\/image\/\",\"url\":\"https:\/\/naturalpharmaceuticals.eu\/wp-content\/uploads\/sites\/2\/2020\/11\/cropped-natural-pharmaceuticals-logo.png\",\"contentUrl\":\"https:\/\/naturalpharmaceuticals.eu\/wp-content\/uploads\/sites\/2\/2020\/11\/cropped-natural-pharmaceuticals-logo.png\",\"width\":900,\"height\":323,\"caption\":\"Natural Pharmaceuticals\"},\"image\":{\"@id\":\"https:\/\/naturalpharmaceuticals.eu\/hu\/#\/schema\/logo\/image\/\"}}]}<\/script>\n<!-- \/ Yoast SEO plugin. -->","yoast_head_json":{"title":"OmegaMarine\u2122 Premium - Natural Pharmaceuticals","robots":{"index":"index","follow":"follow","max-snippet":"max-snippet:-1","max-image-preview":"max-image-preview:large","max-video-preview":"max-video-preview:-1"},"canonical":"https:\/\/naturalpharmaceuticals.eu\/hu\/termekeink\/omegamarine-premium\/","og_locale":"hu_HU","og_type":"article","og_title":"OmegaMarine\u2122 Premium - Natural Pharmaceuticals","og_description":"OmegaMarine\u2122 Premium","og_url":"https:\/\/naturalpharmaceuticals.eu\/hu\/termekeink\/omegamarine-premium\/","og_site_name":"Natural Pharmaceuticals","article_modified_time":"2025-08-12T13:43:18+00:00","og_image":[{"width":1520,"height":600,"url":"https:\/\/naturalpharmaceuticals.eu\/wp-content\/uploads\/sites\/2\/2022\/09\/PL_banner_760x300_OP_144dpi.jpg","type":"image\/jpeg"}],"twitter_card":"summary_large_image","twitter_misc":{"Becs\u00fclt olvas\u00e1si id\u0151":"4 perc"},"schema":{"@context":"https:\/\/schema.org","@graph":[{"@type":"WebPage","@id":"https:\/\/naturalpharmaceuticals.eu\/hu\/termekeink\/omegamarine-premium\/","url":"https:\/\/naturalpharmaceuticals.eu\/hu\/termekeink\/omegamarine-premium\/","name":"OmegaMarine\u2122 Premium - Natural Pharmaceuticals","isPartOf":{"@id":"https:\/\/naturalpharmaceuticals.eu\/hu\/#website"},"primaryImageOfPage":{"@id":"https:\/\/naturalpharmaceuticals.eu\/hu\/termekeink\/omegamarine-premium\/#primaryimage"},"image":{"@id":"https:\/\/naturalpharmaceuticals.eu\/hu\/termekeink\/omegamarine-premium\/#primaryimage"},"thumbnailUrl":"https:\/\/naturalpharmaceuticals.eu\/wp-content\/uploads\/sites\/2\/2022\/09\/PL_banner_760x300_OP_144dpi.jpg","datePublished":"2024-01-23T12:48:37+00:00","dateModified":"2025-08-12T13:43:18+00:00","breadcrumb":{"@id":"https:\/\/naturalpharmaceuticals.eu\/hu\/termekeink\/omegamarine-premium\/#breadcrumb"},"inLanguage":"hu","potentialAction":[{"@type":"ReadAction","target":["https:\/\/naturalpharmaceuticals.eu\/hu\/termekeink\/omegamarine-premium\/"]}]},{"@type":"ImageObject","inLanguage":"hu","@id":"https:\/\/naturalpharmaceuticals.eu\/hu\/termekeink\/omegamarine-premium\/#primaryimage","url":"https:\/\/naturalpharmaceuticals.eu\/wp-content\/uploads\/sites\/2\/2022\/09\/PL_banner_760x300_OP_144dpi.jpg","contentUrl":"https:\/\/naturalpharmaceuticals.eu\/wp-content\/uploads\/sites\/2\/2022\/09\/PL_banner_760x300_OP_144dpi.jpg","width":1520,"height":600,"caption":"Omega Marine Premium"},{"@type":"BreadcrumbList","@id":"https:\/\/naturalpharmaceuticals.eu\/hu\/termekeink\/omegamarine-premium\/#breadcrumb","itemListElement":[{"@type":"ListItem","position":1,"name":"Home","item":"https:\/\/naturalpharmaceuticals.eu\/hu\/"},{"@type":"ListItem","position":2,"name":"Term\u00e9keink","item":"https:\/\/naturalpharmaceuticals.eu\/hu\/termekeink\/"},{"@type":"ListItem","position":3,"name":"OmegaMarine\u2122 Premium"}]},{"@type":"WebSite","@id":"https:\/\/naturalpharmaceuticals.eu\/hu\/#website","url":"https:\/\/naturalpharmaceuticals.eu\/hu\/","name":"Natural Pharmaceuticals","description":"","publisher":{"@id":"https:\/\/naturalpharmaceuticals.eu\/hu\/#organization"},"potentialAction":[{"@type":"SearchAction","target":{"@type":"EntryPoint","urlTemplate":"https:\/\/naturalpharmaceuticals.eu\/hu\/?s={search_term_string}"},"query-input":{"@type":"PropertyValueSpecification","valueRequired":true,"valueName":"search_term_string"}}],"inLanguage":"hu"},{"@type":"Organization","@id":"https:\/\/naturalpharmaceuticals.eu\/hu\/#organization","name":"Natural Pharmaceuticals","url":"https:\/\/naturalpharmaceuticals.eu\/hu\/","logo":{"@type":"ImageObject","inLanguage":"hu","@id":"https:\/\/naturalpharmaceuticals.eu\/hu\/#\/schema\/logo\/image\/","url":"https:\/\/naturalpharmaceuticals.eu\/wp-content\/uploads\/sites\/2\/2020\/11\/cropped-natural-pharmaceuticals-logo.png","contentUrl":"https:\/\/naturalpharmaceuticals.eu\/wp-content\/uploads\/sites\/2\/2020\/11\/cropped-natural-pharmaceuticals-logo.png","width":900,"height":323,"caption":"Natural Pharmaceuticals"},"image":{"@id":"https:\/\/naturalpharmaceuticals.eu\/hu\/#\/schema\/logo\/image\/"}}]}},"jetpack_sharing_enabled":true,"_links":{"self":[{"href":"https:\/\/naturalpharmaceuticals.eu\/hu\/wp-json\/wp\/v2\/pages\/13911","targetHints":{"allow":["GET"]}}],"collection":[{"href":"https:\/\/naturalpharmaceuticals.eu\/hu\/wp-json\/wp\/v2\/pages"}],"about":[{"href":"https:\/\/naturalpharmaceuticals.eu\/hu\/wp-json\/wp\/v2\/types\/page"}],"author":[{"embeddable":true,"href":"https:\/\/naturalpharmaceuticals.eu\/hu\/wp-json\/wp\/v2\/users\/1"}],"replies":[{"embeddable":true,"href":"https:\/\/naturalpharmaceuticals.eu\/hu\/wp-json\/wp\/v2\/comments?post=13911"}],"version-history":[{"count":8,"href":"https:\/\/naturalpharmaceuticals.eu\/hu\/wp-json\/wp\/v2\/pages\/13911\/revisions"}],"predecessor-version":[{"id":35648,"href":"https:\/\/naturalpharmaceuticals.eu\/hu\/wp-json\/wp\/v2\/pages\/13911\/revisions\/35648"}],"up":[{"embeddable":true,"href":"https:\/\/naturalpharmaceuticals.eu\/hu\/wp-json\/wp\/v2\/pages\/4353"}],"wp:featuredmedia":[{"embeddable":true,"href":"https:\/\/naturalpharmaceuticals.eu\/hu\/wp-json\/wp\/v2\/media\/13902"}],"wp:attachment":[{"href":"https:\/\/naturalpharmaceuticals.eu\/hu\/wp-json\/wp\/v2\/media?parent=13911"}],"curies":[{"name":"wp","href":"https:\/\/api.w.org\/{rel}","templated":true}]}}