{"id":15727,"date":"2024-01-24T08:37:51","date_gmt":"2024-01-24T08:37:51","guid":{"rendered":"https:\/\/naturalpharmaceuticals.eu\/?page_id=15727"},"modified":"2025-08-12T13:49:51","modified_gmt":"2025-08-12T13:49:51","slug":"calciumcontrol","status":"publish","type":"page","link":"https:\/\/naturalpharmaceuticals.eu\/hu\/termekeink\/calciumcontrol\/","title":{"rendered":"CalciumControl\u2122"},"content":{"rendered":"\n<div class=\"wp-block-group\"><div class=\"wp-block-group__inner-container is-layout-flow wp-block-group-is-layout-flow\">\n<div class=\"wp-block-columns is-layout-flex wp-container-core-columns-is-layout-1 wp-block-columns-is-layout-flex\">\n<div class=\"wp-block-column is-layout-flow wp-block-column-is-layout-flow\">\n<figure class=\"wp-block-image size-large sticky\"><img loading=\"lazy\" decoding=\"async\" width=\"960\" height=\"1024\" src=\"https:\/\/naturalpharmaceuticals.eu\/wp-content\/uploads\/sites\/2\/2024\/01\/pakszot-HU-Calcium-2-butle-1-960x1024.png\" alt=\"\" class=\"wp-image-22926\" srcset=\"https:\/\/naturalpharmaceuticals.eu\/wp-content\/uploads\/sites\/2\/2024\/01\/pakszot-HU-Calcium-2-butle-1-960x1024.png 960w, https:\/\/naturalpharmaceuticals.eu\/wp-content\/uploads\/sites\/2\/2024\/01\/pakszot-HU-Calcium-2-butle-1-281x300.png 281w, https:\/\/naturalpharmaceuticals.eu\/wp-content\/uploads\/sites\/2\/2024\/01\/pakszot-HU-Calcium-2-butle-1-768x819.png 768w, https:\/\/naturalpharmaceuticals.eu\/wp-content\/uploads\/sites\/2\/2024\/01\/pakszot-HU-Calcium-2-butle-1-1440x1536.png 1440w, https:\/\/naturalpharmaceuticals.eu\/wp-content\/uploads\/sites\/2\/2024\/01\/pakszot-HU-Calcium-2-butle-1.png 1785w\" sizes=\"auto, (max-width: 960px) 100vw, 960px\" \/><\/figure>\n<\/div>\n\n\n\n<div class=\"wp-block-column product-info-frame is-layout-flow wp-block-column-is-layout-flow\">\n<p style=\"font-size:18px\"><strong>CalciumControl\u2122<\/strong><\/p>\n\n\n\n<ul class=\"wp-block-list\">\n<li>A csontjai megfelel\u0151 gondoskod\u00e1sban r\u00e9szes\u00fclnek<\/li>\n\n\n\n<li>Magas <a href=\"https:\/\/www.nature.com\/articles\/s41598-020-75575-8\">felsz\u00edv\u00f3d\u00e1s\u00fa<\/a> kalcium a tengeri alg\u00e1kb\u00f3l<\/li>\n\n\n\n<li>Kis adag, nagy hat\u00e9konys\u00e1g<\/li>\n\n\n\n<li>D-vitamin a kalcium jobb felsz\u00edv\u00f3d\u00e1s\u00e9rt<\/li>\n\n\n\n<li>70 mikroelem Izland krist\u00e1lytiszta vizeib\u0151l<\/li>\n\n\n\n<li>Csak k\u00e9t kapszula naponta<\/li>\n<\/ul>\n\n\n\n<p><\/p>\n<\/div>\n<\/div>\n<\/div><\/div>\n\n\n\n<div class=\"packshot-bg-wrapper\"><div class=\"full-width-inside-container packshot-bg packshot-bg-ca\"><\/div><\/div>\n\n\n\n<p>A CalciumControl\u2122 kulcsfontoss\u00e1g\u00fa \u00f6sszetev\u0151inek az emberi szervezetben bet\u00f6lt\u00f6tt szerep\u00e9t az Eur\u00f3pai \u00c9lelmiszerbiztons\u00e1gi Hat\u00f3s\u00e1g (EFSA) pozit\u00edvan \u00e9rt\u00e9kelte az eg\u00e9szs\u00e9gre vonatkoz\u00f3 \u00e1ll\u00edt\u00e1sokban:<\/p>\n\n\n\n<ul class=\"wp-block-list\">\n<li><strong>Kalcium<\/strong> \u2013 sz\u00fcks\u00e9ges a norm\u00e1l csontozat fenntart\u00e1s\u00e1hoz.<\/li>\n\n\n\n<li><strong>Mang\u00e1n <\/strong>\u2013 hozz\u00e1j\u00e1rul a norm\u00e1l csontozat fenntart\u00e1s\u00e1hoz.<\/li>\n\n\n\n<li><strong>D-vitamin <\/strong>&#8211; hozz\u00e1j\u00e1rul az eg\u00e9szs\u00e9ges csontozat fenntart\u00e1s\u00e1hoz.<\/li>\n\n\n\n<li><strong>C-vitamin <\/strong>&#8211; hozz\u00e1j\u00e1rul a norm\u00e1l kollag\u00e9nk\u00e9pz\u0151d\u00e9shez \u00e9s ezen kereszt\u00fcl a norm\u00e1l csontozat fenntart\u00e1s\u00e1hoz.<\/li>\n<\/ul>\n\n\n<div role=\"tabpanel\" class=\"wp-block-ub-tabbed-content-tab-content-wrap ub-hide\"\n        id=\"ub-tabbed-content--panel-0\" aria-labelledby=\"ub-tabbed-content--tab-0\" tabindex=\"0\">\n\n<p><a href=\"https:\/\/nordicmed.natural.pl\/?page_id=326\">Preview in new tab(opens in a new tab)<\/a><\/p>\n\n\n\n<p>reviews<\/p>\n\n<\/div>\n\n<div role=\"tabpanel\" class=\"wp-block-ub-tabbed-content-tab-content-wrap ub-hide\"\n        id=\"ub-tabbed-content--panel-1\" aria-labelledby=\"ub-tabbed-content--tab-1\" tabindex=\"0\">\n\n<p><\/p>\n\n<\/div>\n\n<div role=\"tabpanel\" class=\"wp-block-ub-tabbed-content-tab-content-wrap ub-hide\"\n        id=\"ub-tabbed-content--panel-2\" aria-labelledby=\"ub-tabbed-content--tab-2\" tabindex=\"0\">\n\n<p><\/p>\n\n<\/div>\n\n<div class=\"wp-block-ub-tabbed-content-block wp-block-ub-tabbed-content wp-block-ub-tabbed-content-holder wp-block-ub-tabbed-content-horizontal-holder-mobile wp-block-ub-tabbed-content-horizontal-holder-tablet\" id=\"ub-tabbed-content-0c16e203-37a5-4d10-990c-86ffbdebab26\">\n\t\t\t<div class=\"wp-block-ub-tabbed-content-tab-holder horizontal-tab-width-mobile horizontal-tab-width-tablet\">\n\t\t\t\t<div role=\"tablist\" class=\"wp-block-ub-tabbed-content-tabs-title wp-block-ub-tabbed-content-tabs-title-mobile-horizontal-tab wp-block-ub-tabbed-content-tabs-title-tablet-horizontal-tab\"><div role=\"tab\" id=\"ub-tabbed-content-0c16e203-37a5-4d10-990c-86ffbdebab26-tab-0\" aria-controls=\"ub-tabbed-content-0c16e203-37a5-4d10-990c-86ffbdebab26-panel-0\" aria-selected=\"true\" class=\"wp-block-ub-tabbed-content-tab-title-wrap active\" style=\"\" tabindex=\"-1\">\n\t\t\t\t<div class=\"wp-block-ub-tabbed-content-tab-title\">T\u00e1pl\u00e1lkoz\u00e1si inform\u00e1ci\u00f3k<\/div>\n\t\t\t<\/div><\/div>\n\t\t\t<\/div>\n\t\t\t<div class=\"wp-block-ub-tabbed-content-tabs-content\" style=\"\"><div role=\"tabpanel\" class=\"wp-block-ub-tabbed-content-tab-content-wrap active\"\n        id=\"ub-tabbed-content-0c16e203-37a5-4d10-990c-86ffbdebab26-panel-0\" aria-labelledby=\"ub-tabbed-content-0c16e203-37a5-4d10-990c-86ffbdebab26-tab-0\" tabindex=\"0\">\n\n<p>CalciumControl\u2122<\/p>\n\n\n\n<figure class=\"wp-block-table is-style-borders\"><table><tbody><tr><th><strong>\u00d6sszet\u00e9tel<\/strong><\/th><th><strong>2 <strong>kapszula<\/strong><\/strong><\/th><th><strong><strong>%NRV*<\/strong><\/strong><\/th><\/tr><tr><td>K\u00e1lcium (tengeri alg\u00e1b\u00f3l)<\/td><td>400 mg<\/td><td>50<\/td><\/tr><tr><td>C-vitamin<\/td><td>80 mg<\/td><td>100<\/td><\/tr><tr><td>Mang\u00e1n<\/td><td>1,8 mg<\/td><td>90<\/td><\/tr><tr><td>D-vitamin<\/td><td>15 \u00b5g<\/td><td>300<\/td><\/tr><\/tbody><\/table><\/figure>\n\n\n\n<p>*NRV \u2013 A t\u00e1pl\u00e1lkoz\u00e1si referencia\u00e9rt\u00e9k %-a<\/p>\n\n\n\n<p><strong>\u00d6sszetev\u0151k:\u00a0<\/strong>kalcium-karbon\u00e1t (Aquamin term\u00e9szetes tengeri alg\u00e1b\u00f3l \u2013 <em>Lithothamnion<\/em> sp.); zselatin; L-aszkorbinsav; inulin (Cichorium intybus gy\u00f6k\u00e9rb\u0151l); kolekalciferol; mang\u00e1n-szulf\u00e1t; s\u0171r\u00edt\u0151anyag: cellul\u00f3z; csom\u00f3sod\u00e1st g\u00e1tl\u00f3 anyag: szil\u00edcium-dioxid; s\u0171r\u00edt\u0151anyag: zs\u00edrsavak magn\u00e9ziums\u00f3i; sz\u00ednez\u00e9kek: vas-oxidok \u00e9s -hidroxidok, brill\u00e1nsk\u00e9k FCF, k\u00e1rminsav, k\u00e1rmin.<\/p>\n\n\n\n<p>Az Aquamin\u00ae a Marigot Limited bejegyzett v\u00e9djegye.<\/p>\n\n\n\n<p><strong>CalciumControl\u2122 \u2013 <strong>k\u00e9t kapszula naponta<\/strong><\/strong><\/p>\n\n\n\n<p><strong>Haszn\u00e1lata: <\/strong>A term\u00e9k c\u00e9lja a napi \u00e9trend kieg\u00e9sz\u00edt\u00e9se kalciummal, mang\u00e1nnal, valamint C- \u00e9s D-vitaminnal.<\/p>\n\n\n\n<p><strong>Aj\u00e1nlott napi adag: <\/strong>2 kapszula naponta.<\/p>\n\n\n\n<p><strong>Nett\u00f3 t\u00f6meg: <\/strong>&nbsp;50 g (60 db 0,84 g kapszula t\u00e9gelyenk\u00e9nt) \/ 302 g (360 db 0,84 g kapszula t\u00e9gelyenk\u00e9nt).<a><\/a><\/p>\n\n\n\n<p><strong>Figyelmeztet\u00e9s:<\/strong> Ne l\u00e9pje t\u00fal az aj\u00e1nlott napi adagot.<\/p>\n\n\n\n<p>Az \u00e9trend-kieg\u00e9sz\u00edt\u0151k nem haszn\u00e1lhat\u00f3k a kiegyens\u00falyozott \u00e9s v\u00e1ltozatos \u00e9trend helyettes\u00edt\u00e9s\u00e9re. A kiegyens\u00falyozott \u00e9trend \u00e9s az eg\u00e9szs\u00e9ges \u00e9letm\u00f3d nagyon fontos.<\/p>\n\n\n\n<p>Eg\u00e9szs\u00e9ges feln\u0151tteknek sz\u00e1nva. Ne haszn\u00e1lja b\u00e1rmely \u00f6sszetev\u0151re val\u00f3 allergia eset\u00e9n. A gy\u00f3gyszert szed\u0151 embereknek haszn\u00e1lat el\u0151tt konzult\u00e1lniuk kell orvosukkal.<\/p>\n\n\n\n<p><strong>Szavatoss\u00e1g:<\/strong> a csomagol\u00e1son felt\u00fcntetett id\u0151pontig<\/p>\n\n\n\n<p><strong>Gy\u00e1rt\u00e1si t\u00e9telsz\u00e1m:<\/strong> a csomagol\u00e1sra \u00edrva<\/p>\n\n\n\n<p><strong>T\u00e1rol\u00e1s:<\/strong> Sz\u00e1raz helyen, kisgyermekekt\u0151l elz\u00e1rva tartand\u00f3. &nbsp;<\/p>\n\n\n\n<p><strong>Norv\u00e9gi\u00e1ban gy\u00e1rtja:<\/strong> Pharmatech A.S.<\/p>\n\n\n\n<p><strong>Kiz\u00e1r\u00f3lagos forgalmaz\u00f3:<\/strong>&nbsp;Natural Pharmaceuticals Sp. z o.o.<\/p>\n\n\n\n<p><\/p>\n\n<\/div><\/div>\n\t\t<\/div>","protected":false},"excerpt":{"rendered":"<p>FlexiMed is an innovative Norwegian food supplement which provides articular cartilage and bones with proper care. It contains unique ingredients such as glucosamine, collagen and marine calcium from advanced patented production method.<\/p>\n","protected":false},"author":4,"featured_media":15959,"parent":4353,"menu_order":0,"comment_status":"closed","ping_status":"closed","template":"templates\/grid-full-width-page.php","meta":{"ub_ctt_via":"","footnotes":""},"class_list":["post-15727","page","type-page","status-publish","has-post-thumbnail","hentry"],"featured_image_src":"https:\/\/naturalpharmaceuticals.eu\/wp-content\/uploads\/sites\/2\/2022\/12\/Calcium_Control.jpg","yoast_head":"<!-- This site is optimized with the Yoast SEO plugin v24.4 - https:\/\/yoast.com\/wordpress\/plugins\/seo\/ -->\n<title>CalciumControl\u2122 - Natural Pharmaceuticals<\/title>\n<meta name=\"robots\" content=\"index, follow, max-snippet:-1, max-image-preview:large, max-video-preview:-1\" \/>\n<link rel=\"canonical\" href=\"https:\/\/naturalpharmaceuticals.eu\/hu\/termekeink\/calciumcontrol\/\" \/>\n<meta property=\"og:locale\" content=\"hu_HU\" \/>\n<meta property=\"og:type\" content=\"article\" \/>\n<meta property=\"og:title\" content=\"CalciumControl\u2122 - Natural Pharmaceuticals\" \/>\n<meta property=\"og:description\" content=\"FlexiMed is an innovative Norwegian food supplement which provides articular cartilage and bones with proper care. It contains unique ingredients such as glucosamine, collagen and marine calcium from advanced patented production method.\" \/>\n<meta property=\"og:url\" content=\"https:\/\/naturalpharmaceuticals.eu\/hu\/termekeink\/calciumcontrol\/\" \/>\n<meta property=\"og:site_name\" content=\"Natural Pharmaceuticals\" \/>\n<meta property=\"article:modified_time\" content=\"2025-08-12T13:49:51+00:00\" \/>\n<meta property=\"og:image\" content=\"https:\/\/naturalpharmaceuticals.eu\/wp-content\/uploads\/sites\/2\/2022\/12\/Calcium_Control.jpg\" \/>\n\t<meta property=\"og:image:width\" content=\"1520\" \/>\n\t<meta property=\"og:image:height\" content=\"600\" \/>\n\t<meta property=\"og:image:type\" content=\"image\/jpeg\" \/>\n<meta name=\"twitter:card\" content=\"summary_large_image\" \/>\n<meta name=\"twitter:label1\" content=\"Becs\u00fclt olvas\u00e1si id\u0151\" \/>\n\t<meta name=\"twitter:data1\" content=\"2 perc\" \/>\n<script type=\"application\/ld+json\" class=\"yoast-schema-graph\">{\"@context\":\"https:\/\/schema.org\",\"@graph\":[{\"@type\":\"WebPage\",\"@id\":\"https:\/\/naturalpharmaceuticals.eu\/hu\/termekeink\/calciumcontrol\/\",\"url\":\"https:\/\/naturalpharmaceuticals.eu\/hu\/termekeink\/calciumcontrol\/\",\"name\":\"CalciumControl\u2122 - Natural Pharmaceuticals\",\"isPartOf\":{\"@id\":\"https:\/\/naturalpharmaceuticals.eu\/hu\/#website\"},\"primaryImageOfPage\":{\"@id\":\"https:\/\/naturalpharmaceuticals.eu\/hu\/termekeink\/calciumcontrol\/#primaryimage\"},\"image\":{\"@id\":\"https:\/\/naturalpharmaceuticals.eu\/hu\/termekeink\/calciumcontrol\/#primaryimage\"},\"thumbnailUrl\":\"https:\/\/naturalpharmaceuticals.eu\/wp-content\/uploads\/sites\/2\/2022\/12\/Calcium_Control.jpg\",\"datePublished\":\"2024-01-24T08:37:51+00:00\",\"dateModified\":\"2025-08-12T13:49:51+00:00\",\"breadcrumb\":{\"@id\":\"https:\/\/naturalpharmaceuticals.eu\/hu\/termekeink\/calciumcontrol\/#breadcrumb\"},\"inLanguage\":\"hu\",\"potentialAction\":[{\"@type\":\"ReadAction\",\"target\":[\"https:\/\/naturalpharmaceuticals.eu\/hu\/termekeink\/calciumcontrol\/\"]}]},{\"@type\":\"ImageObject\",\"inLanguage\":\"hu\",\"@id\":\"https:\/\/naturalpharmaceuticals.eu\/hu\/termekeink\/calciumcontrol\/#primaryimage\",\"url\":\"https:\/\/naturalpharmaceuticals.eu\/wp-content\/uploads\/sites\/2\/2022\/12\/Calcium_Control.jpg\",\"contentUrl\":\"https:\/\/naturalpharmaceuticals.eu\/wp-content\/uploads\/sites\/2\/2022\/12\/Calcium_Control.jpg\",\"width\":1520,\"height\":600},{\"@type\":\"BreadcrumbList\",\"@id\":\"https:\/\/naturalpharmaceuticals.eu\/hu\/termekeink\/calciumcontrol\/#breadcrumb\",\"itemListElement\":[{\"@type\":\"ListItem\",\"position\":1,\"name\":\"Home\",\"item\":\"https:\/\/naturalpharmaceuticals.eu\/hu\/\"},{\"@type\":\"ListItem\",\"position\":2,\"name\":\"Term\u00e9keink\",\"item\":\"https:\/\/naturalpharmaceuticals.eu\/hu\/termekeink\/\"},{\"@type\":\"ListItem\",\"position\":3,\"name\":\"CalciumControl\u2122\"}]},{\"@type\":\"WebSite\",\"@id\":\"https:\/\/naturalpharmaceuticals.eu\/hu\/#website\",\"url\":\"https:\/\/naturalpharmaceuticals.eu\/hu\/\",\"name\":\"Natural Pharmaceuticals\",\"description\":\"\",\"publisher\":{\"@id\":\"https:\/\/naturalpharmaceuticals.eu\/hu\/#organization\"},\"potentialAction\":[{\"@type\":\"SearchAction\",\"target\":{\"@type\":\"EntryPoint\",\"urlTemplate\":\"https:\/\/naturalpharmaceuticals.eu\/hu\/?s={search_term_string}\"},\"query-input\":{\"@type\":\"PropertyValueSpecification\",\"valueRequired\":true,\"valueName\":\"search_term_string\"}}],\"inLanguage\":\"hu\"},{\"@type\":\"Organization\",\"@id\":\"https:\/\/naturalpharmaceuticals.eu\/hu\/#organization\",\"name\":\"Natural Pharmaceuticals\",\"url\":\"https:\/\/naturalpharmaceuticals.eu\/hu\/\",\"logo\":{\"@type\":\"ImageObject\",\"inLanguage\":\"hu\",\"@id\":\"https:\/\/naturalpharmaceuticals.eu\/hu\/#\/schema\/logo\/image\/\",\"url\":\"https:\/\/naturalpharmaceuticals.eu\/wp-content\/uploads\/sites\/2\/2020\/11\/cropped-natural-pharmaceuticals-logo.png\",\"contentUrl\":\"https:\/\/naturalpharmaceuticals.eu\/wp-content\/uploads\/sites\/2\/2020\/11\/cropped-natural-pharmaceuticals-logo.png\",\"width\":900,\"height\":323,\"caption\":\"Natural Pharmaceuticals\"},\"image\":{\"@id\":\"https:\/\/naturalpharmaceuticals.eu\/hu\/#\/schema\/logo\/image\/\"}}]}<\/script>\n<!-- \/ Yoast SEO plugin. -->","yoast_head_json":{"title":"CalciumControl\u2122 - Natural Pharmaceuticals","robots":{"index":"index","follow":"follow","max-snippet":"max-snippet:-1","max-image-preview":"max-image-preview:large","max-video-preview":"max-video-preview:-1"},"canonical":"https:\/\/naturalpharmaceuticals.eu\/hu\/termekeink\/calciumcontrol\/","og_locale":"hu_HU","og_type":"article","og_title":"CalciumControl\u2122 - Natural Pharmaceuticals","og_description":"FlexiMed is an innovative Norwegian food supplement which provides articular cartilage and bones with proper care. It contains unique ingredients such as glucosamine, collagen and marine calcium from advanced patented production method.","og_url":"https:\/\/naturalpharmaceuticals.eu\/hu\/termekeink\/calciumcontrol\/","og_site_name":"Natural Pharmaceuticals","article_modified_time":"2025-08-12T13:49:51+00:00","og_image":[{"width":1520,"height":600,"url":"https:\/\/naturalpharmaceuticals.eu\/wp-content\/uploads\/sites\/2\/2022\/12\/Calcium_Control.jpg","type":"image\/jpeg"}],"twitter_card":"summary_large_image","twitter_misc":{"Becs\u00fclt olvas\u00e1si id\u0151":"2 perc"},"schema":{"@context":"https:\/\/schema.org","@graph":[{"@type":"WebPage","@id":"https:\/\/naturalpharmaceuticals.eu\/hu\/termekeink\/calciumcontrol\/","url":"https:\/\/naturalpharmaceuticals.eu\/hu\/termekeink\/calciumcontrol\/","name":"CalciumControl\u2122 - Natural Pharmaceuticals","isPartOf":{"@id":"https:\/\/naturalpharmaceuticals.eu\/hu\/#website"},"primaryImageOfPage":{"@id":"https:\/\/naturalpharmaceuticals.eu\/hu\/termekeink\/calciumcontrol\/#primaryimage"},"image":{"@id":"https:\/\/naturalpharmaceuticals.eu\/hu\/termekeink\/calciumcontrol\/#primaryimage"},"thumbnailUrl":"https:\/\/naturalpharmaceuticals.eu\/wp-content\/uploads\/sites\/2\/2022\/12\/Calcium_Control.jpg","datePublished":"2024-01-24T08:37:51+00:00","dateModified":"2025-08-12T13:49:51+00:00","breadcrumb":{"@id":"https:\/\/naturalpharmaceuticals.eu\/hu\/termekeink\/calciumcontrol\/#breadcrumb"},"inLanguage":"hu","potentialAction":[{"@type":"ReadAction","target":["https:\/\/naturalpharmaceuticals.eu\/hu\/termekeink\/calciumcontrol\/"]}]},{"@type":"ImageObject","inLanguage":"hu","@id":"https:\/\/naturalpharmaceuticals.eu\/hu\/termekeink\/calciumcontrol\/#primaryimage","url":"https:\/\/naturalpharmaceuticals.eu\/wp-content\/uploads\/sites\/2\/2022\/12\/Calcium_Control.jpg","contentUrl":"https:\/\/naturalpharmaceuticals.eu\/wp-content\/uploads\/sites\/2\/2022\/12\/Calcium_Control.jpg","width":1520,"height":600},{"@type":"BreadcrumbList","@id":"https:\/\/naturalpharmaceuticals.eu\/hu\/termekeink\/calciumcontrol\/#breadcrumb","itemListElement":[{"@type":"ListItem","position":1,"name":"Home","item":"https:\/\/naturalpharmaceuticals.eu\/hu\/"},{"@type":"ListItem","position":2,"name":"Term\u00e9keink","item":"https:\/\/naturalpharmaceuticals.eu\/hu\/termekeink\/"},{"@type":"ListItem","position":3,"name":"CalciumControl\u2122"}]},{"@type":"WebSite","@id":"https:\/\/naturalpharmaceuticals.eu\/hu\/#website","url":"https:\/\/naturalpharmaceuticals.eu\/hu\/","name":"Natural Pharmaceuticals","description":"","publisher":{"@id":"https:\/\/naturalpharmaceuticals.eu\/hu\/#organization"},"potentialAction":[{"@type":"SearchAction","target":{"@type":"EntryPoint","urlTemplate":"https:\/\/naturalpharmaceuticals.eu\/hu\/?s={search_term_string}"},"query-input":{"@type":"PropertyValueSpecification","valueRequired":true,"valueName":"search_term_string"}}],"inLanguage":"hu"},{"@type":"Organization","@id":"https:\/\/naturalpharmaceuticals.eu\/hu\/#organization","name":"Natural Pharmaceuticals","url":"https:\/\/naturalpharmaceuticals.eu\/hu\/","logo":{"@type":"ImageObject","inLanguage":"hu","@id":"https:\/\/naturalpharmaceuticals.eu\/hu\/#\/schema\/logo\/image\/","url":"https:\/\/naturalpharmaceuticals.eu\/wp-content\/uploads\/sites\/2\/2020\/11\/cropped-natural-pharmaceuticals-logo.png","contentUrl":"https:\/\/naturalpharmaceuticals.eu\/wp-content\/uploads\/sites\/2\/2020\/11\/cropped-natural-pharmaceuticals-logo.png","width":900,"height":323,"caption":"Natural Pharmaceuticals"},"image":{"@id":"https:\/\/naturalpharmaceuticals.eu\/hu\/#\/schema\/logo\/image\/"}}]}},"jetpack_sharing_enabled":true,"_links":{"self":[{"href":"https:\/\/naturalpharmaceuticals.eu\/hu\/wp-json\/wp\/v2\/pages\/15727","targetHints":{"allow":["GET"]}}],"collection":[{"href":"https:\/\/naturalpharmaceuticals.eu\/hu\/wp-json\/wp\/v2\/pages"}],"about":[{"href":"https:\/\/naturalpharmaceuticals.eu\/hu\/wp-json\/wp\/v2\/types\/page"}],"author":[{"embeddable":true,"href":"https:\/\/naturalpharmaceuticals.eu\/hu\/wp-json\/wp\/v2\/users\/4"}],"replies":[{"embeddable":true,"href":"https:\/\/naturalpharmaceuticals.eu\/hu\/wp-json\/wp\/v2\/comments?post=15727"}],"version-history":[{"count":3,"href":"https:\/\/naturalpharmaceuticals.eu\/hu\/wp-json\/wp\/v2\/pages\/15727\/revisions"}],"predecessor-version":[{"id":35659,"href":"https:\/\/naturalpharmaceuticals.eu\/hu\/wp-json\/wp\/v2\/pages\/15727\/revisions\/35659"}],"up":[{"embeddable":true,"href":"https:\/\/naturalpharmaceuticals.eu\/hu\/wp-json\/wp\/v2\/pages\/4353"}],"wp:featuredmedia":[{"embeddable":true,"href":"https:\/\/naturalpharmaceuticals.eu\/hu\/wp-json\/wp\/v2\/media\/15959"}],"wp:attachment":[{"href":"https:\/\/naturalpharmaceuticals.eu\/hu\/wp-json\/wp\/v2\/media?parent=15727"}],"curies":[{"name":"wp","href":"https:\/\/api.w.org\/{rel}","templated":true}]}}