{"id":15803,"date":"2024-01-23T13:06:22","date_gmt":"2024-01-23T13:06:22","guid":{"rendered":"https:\/\/naturalpharmaceuticals.eu\/?page_id=15803"},"modified":"2025-01-29T09:47:21","modified_gmt":"2025-01-29T09:47:21","slug":"movisan-collagen-ii","status":"publish","type":"page","link":"https:\/\/naturalpharmaceuticals.eu\/hu\/termekeink\/movisan-collagen-ii\/","title":{"rendered":"Movisan\u2122 Collagen II"},"content":{"rendered":"\n<div class=\"wp-block-group\"><div class=\"wp-block-group__inner-container is-layout-flow wp-block-group-is-layout-flow\">\n<div class=\"wp-block-columns is-layout-flex wp-container-core-columns-is-layout-1 wp-block-columns-is-layout-flex\">\n<div class=\"wp-block-column is-layout-flow wp-block-column-is-layout-flow\">\n<figure class=\"wp-block-image size-large sticky\"><img loading=\"lazy\" decoding=\"async\" width=\"930\" height=\"1024\" src=\"https:\/\/naturalpharmaceuticals.eu\/wp-content\/uploads\/sites\/2\/2024\/01\/Movisan-dwie-butelki-lewe-930x1024.png\" alt=\"\" class=\"wp-image-22823\" srcset=\"https:\/\/naturalpharmaceuticals.eu\/wp-content\/uploads\/sites\/2\/2024\/01\/Movisan-dwie-butelki-lewe-930x1024.png 930w, https:\/\/naturalpharmaceuticals.eu\/wp-content\/uploads\/sites\/2\/2024\/01\/Movisan-dwie-butelki-lewe-272x300.png 272w, https:\/\/naturalpharmaceuticals.eu\/wp-content\/uploads\/sites\/2\/2024\/01\/Movisan-dwie-butelki-lewe-768x846.png 768w, https:\/\/naturalpharmaceuticals.eu\/wp-content\/uploads\/sites\/2\/2024\/01\/Movisan-dwie-butelki-lewe-1394x1536.png 1394w, https:\/\/naturalpharmaceuticals.eu\/wp-content\/uploads\/sites\/2\/2024\/01\/Movisan-dwie-butelki-lewe.png 1832w\" sizes=\"auto, (max-width: 930px) 100vw, 930px\" \/><\/figure>\n<\/div>\n\n\n\n<div class=\"wp-block-column product-info-frame is-layout-flow wp-block-column-is-layout-flow\">\n<p style=\"font-size:18px\"><strong><strong>Movisan\u2122 Collagen II<\/strong><\/strong><\/p>\n\n\n\n<ul class=\"wp-block-list\">\n<li>\u00d6sszetev\u0151k, amelyek seg\u00edtenek az \u00edz\u00fcletek <a href=\"https:\/\/www.tandfonline.com\/doi\/abs\/10.1080\/J157v04n03_06\">komfort\u00e9rzet\u00e9ben<\/a> (<em>Boswellia serrata<\/em>)<\/li>\n\n\n\n<li>Magas <a href=\"https:\/\/www.longdom.org\/open-access-pdfs\/an-emin-vitroem-study-on-the-effect-of-five-commercial-calcium-supplements-on-human-osteoblast-cell-proliferation-and-casup2sup-mi-2155-9600-1000738.pdf\">felsz\u00edv\u00f3d\u00e1s\u00fa<\/a> nem denatur\u00e1lt II. t\u00edpus\u00fa kollag\u00e9n<\/li>\n\n\n\n<li>Hialuronsav (HAPLEX\u00ae Plus)<\/li>\n\n\n\n<li>Kiv\u00e1l\u00f3 min\u0151s\u00e9g\u0171 \u00f6sszetev\u0151k egyedi \u00f6sszet\u00e9tele<\/li>\n\n\n\n<li>Norv\u00e9gi\u00e1ban k\u00e9sz\u00fclt<\/li>\n\n\n\n<li>Csak egy, kicsi, k\u00f6nnyen lenyelhet\u0151 kapszula naponta<\/li>\n\n\n\n<li>Aj\u00e1nlott id\u0151sebb feln\u0151tteknek \u00e9s fizikailag akt\u00edv embereknek<\/li>\n<\/ul>\n<\/div>\n<\/div>\n<\/div><\/div>\n\n\n\n<div class=\"packshot-bg-wrapper\"><div class=\"full-width-inside-container packshot-bg packshot-bg-ms\"><\/div><\/div>\n\n\n\n<p>A Movisan\u2122 Collagen II kulcsfontoss\u00e1g\u00fa \u00f6sszetev\u0151inek az emberi szervezetben bet\u00f6lt\u00f6tt szerep\u00e9t az Eur\u00f3pai \u00c9lelmiszerbiztons\u00e1gi Hat\u00f3s\u00e1g (EFSA) pozit\u00edvan \u00e9rt\u00e9kelte az eg\u00e9szs\u00e9gre vonatkoz\u00f3 \u00e1ll\u00edt\u00e1sokban:<\/p>\n\n\n\n<ul class=\"wp-block-list\">\n<li><strong>C-vitamin<\/strong> &#8211; hozz\u00e1j\u00e1rul a norm\u00e1l kollag\u00e9nk\u00e9pz\u0151d\u00e9shez \u00e9s ezen kereszt\u00fcl a porcok norm\u00e1l \u00e1llapot\u00e1nak, m\u0171k\u00f6d\u00e9s\u00e9nek fenntart\u00e1s\u00e1hoz.<\/li>\n\n\n\n<li><strong>Mang\u00e1n<\/strong> &#8211; A mang\u00e1n hozz\u00e1j\u00e1rul a norm\u00e1l k\u00f6t\u0151sz\u00f6vet-k\u00e9pz\u0151d\u00e9shez \u00e9s a norm\u00e1l csontozat fenntart\u00e1s\u00e1hoz.<\/li>\n\n\n\n<li><strong>Fol\u00e1t <\/strong>&#8211; A fol\u00e1t r\u00e9szt vesz a norm\u00e1l aminosav-szint\u00e9zisben (bele\u00e9rtve a glicint, a kollag\u00e9n f\u0151 aminosav\u00e1t).<\/li>\n<\/ul>\n\n\n\n<p><\/p>\n\n\n<div role=\"tabpanel\" class=\"wp-block-ub-tabbed-content-tab-content-wrap ub-hide\"\n        id=\"ub-tabbed-content--panel-0\" aria-labelledby=\"ub-tabbed-content--tab-0\" tabindex=\"0\">\n\n<p><a href=\"https:\/\/nordicmed.natural.pl\/?page_id=326\">Preview in new tab(opens in a new tab)<\/a><\/p>\n\n\n\n<p>reviews<\/p>\n\n<\/div>\n\n<div role=\"tabpanel\" class=\"wp-block-ub-tabbed-content-tab-content-wrap ub-hide\"\n        id=\"ub-tabbed-content--panel-1\" aria-labelledby=\"ub-tabbed-content--tab-1\" tabindex=\"0\">\n\n<p><\/p>\n\n<\/div>\n\n<div role=\"tabpanel\" class=\"wp-block-ub-tabbed-content-tab-content-wrap ub-hide\"\n        id=\"ub-tabbed-content--panel-2\" aria-labelledby=\"ub-tabbed-content--tab-2\" tabindex=\"0\">\n\n<p><\/p>\n\n<\/div>\n\n<div class=\"wp-block-ub-tabbed-content-block wp-block-ub-tabbed-content wp-block-ub-tabbed-content-holder wp-block-ub-tabbed-content-horizontal-holder-mobile wp-block-ub-tabbed-content-horizontal-holder-tablet\" id=\"ub-tabbed-content-23a53d21-50ed-439b-be9b-3d892350210c\">\n\t\t\t<div class=\"wp-block-ub-tabbed-content-tab-holder horizontal-tab-width-mobile horizontal-tab-width-tablet\">\n\t\t\t\t<div role=\"tablist\" class=\"wp-block-ub-tabbed-content-tabs-title wp-block-ub-tabbed-content-tabs-title-mobile-horizontal-tab wp-block-ub-tabbed-content-tabs-title-tablet-horizontal-tab\"><div role=\"tab\" id=\"ub-tabbed-content-23a53d21-50ed-439b-be9b-3d892350210c-tab-0\" aria-controls=\"ub-tabbed-content-23a53d21-50ed-439b-be9b-3d892350210c-panel-0\" aria-selected=\"true\" class=\"wp-block-ub-tabbed-content-tab-title-wrap active\" style=\"\" tabindex=\"-1\">\n\t\t\t\t<div class=\"wp-block-ub-tabbed-content-tab-title\">T\u00e1pl\u00e1lkoz\u00e1si inform\u00e1ci\u00f3k<\/div>\n\t\t\t<\/div><\/div>\n\t\t\t<\/div>\n\t\t\t<div class=\"wp-block-ub-tabbed-content-tabs-content\" style=\"\"><div role=\"tabpanel\" class=\"wp-block-ub-tabbed-content-tab-content-wrap active\"\n        id=\"ub-tabbed-content-23a53d21-50ed-439b-be9b-3d892350210c-panel-0\" aria-labelledby=\"ub-tabbed-content-23a53d21-50ed-439b-be9b-3d892350210c-tab-0\" tabindex=\"0\">\n\n<p>Movisan\u2122 Collagen II<\/p>\n\n\n\n<figure class=\"wp-block-table is-style-borders\"><table><tbody><tr><td><strong>\u00d6sszet\u00e9tel<\/strong><\/td><td><strong>1 <\/strong><strong>kapszula&nbsp; <\/strong><strong><\/strong><\/td><td><strong>%NRV*<\/strong><\/td><\/tr><tr><td><em>Boswellia serrata<\/em>&nbsp;gyanta kivonat <br>60%-os boswellsavra standardiz\u00e1lt<\/td><td>50 mg<br>30 mg<\/td><td>&#8211;<br>&#8211;<\/td><\/tr><tr><td>Halcsont por norv\u00e9g lazacb\u00f3l (CalGo\u00ae), ebb\u0151l: <br>nem denatur\u00e1lt kollag\u00e9n II<\/td><td>170 mg &nbsp; <br>42,5 mg<\/td><td>&#8211;<br>&#8211;<\/td><\/tr><tr><td>Hialuronsav (n\u00e1trium-hialuron\u00e1t) (HAPLEX\u00ae Plus)<\/td><td>10 mg<\/td><td>&#8211;<\/td><\/tr><tr><td>C-vitamin<\/td><td>80 mg<\/td><td>100<\/td><\/tr><tr><td>Mang\u00e1n<\/td><td>1,8 mg<\/td><td>90<\/td><\/tr><tr><td>Folsav<\/td><td>200 \u00b5g<\/td><td>100<\/td><\/tr><\/tbody><\/table><\/figure>\n\n\n\n<p>*NRV \u2013 A t\u00e1pl\u00e1lkoz\u00e1si referencia\u00e9rt\u00e9k %-a<\/p>\n\n\n\n<p><strong>\u00d6sszetev\u0151k: halcsont por norv\u00e9g lazacb\u00f3l<\/strong>&nbsp;(nem denatur\u00e1lt II-es t\u00edpus\u00fa kollag\u00e9n, kalcium), zselatin, inulin, L-aszkorbinsav, s\u0171r\u00edt\u0151anyag: cellul\u00f3z; Boswellia serrata Roxb. ex Colebr gyanta kivonat (60% boswellinsavra standardiz\u00e1lt DER 6:1), csom\u00f3sod\u00e1st g\u00e1tl\u00f3 anyag: trikalcium-foszf\u00e1t; n\u00e1trium-hialuron\u00e1t, mang\u00e1n-szulf\u00e1t, csom\u00f3sod\u00e1st g\u00e1tl\u00f3 anyag: szil\u00edcium-dioxid, s\u0171r\u00edt\u0151anyag: zs\u00edrsavak magn\u00e9zium s\u00f3i; folsav, sz\u00ednez\u00e9k: vas-oxidok \u00e9s -hidroxidok, k\u00e1rminsav, k\u00e1rmin, Sunset Yellow FCF (Narancss\u00e1rga S), brili\u00e1nsk\u00e9k FCF.<\/p>\n\n\n\n<p><strong>Movisan\u2122 Collagen II \u2013 egy kapszula naponta<\/strong><\/p>\n\n\n\n<p><strong>Haszn\u00e1lata: <\/strong>A Movisan\u2122 Collagen II \u00f6sszetev\u0151i seg\u00edtenek az \u00edz\u00fcletek komfort\u00e9rzet\u00e9nek meg\u0151rz\u00e9s\u00e9ben, ami fontos a hossz\u00fat\u00e1v\u00fa j\u00f3l\u00e9t \u00e9s az akt\u00edv \u00e9letm\u00f3d fenntart\u00e1sa szempontj\u00e1b\u00f3l.<\/p>\n\n\n\n<p><strong>Aj\u00e1nlott napi adag:<\/strong> 1 kapszula naponta.<\/p>\n\n\n\n<p><strong>Nett\u00f3 t\u00f6meg: <\/strong>&nbsp;108 g (180 db 0,6 g-os kapszula t\u00e9gelyenk\u00e9nt).<\/p>\n\n\n\n<p><strong>Figyelmeztet\u00e9s: <\/strong>Ezt az \u00e9trend-kieg\u00e9sz\u00edt\u0151t nem szabad terhes vagy szoptat\u00f3 n\u0151kn\u00e9l alkalmazni, vagy ha allergi\u00e1s b\u00e1rmely \u00f6sszetev\u0151re. A gy\u00f3gyszert szed\u0151 emberek eset\u00e9ben javasolt, hogy orvossal folytatott konzult\u00e1ci\u00f3t k\u00f6vet\u0151en haszn\u00e1lja. A Sunset Yellow FCF k\u00e1ros hat\u00e1ssal lehet a gyermekek aktivit\u00e1s\u00e1ra \u00e9s figyelm\u00e9re.<\/p>\n\n\n\n<p>Ne l\u00e9pje t\u00fal az aj\u00e1nlott napi adagot. Az \u00e9trend-kieg\u00e9sz\u00edt\u0151k nem haszn\u00e1lhat\u00f3k a kiegyens\u00falyozott \u00e9s v\u00e1ltozatos \u00e9trend helyettes\u00edt\u00e9s\u00e9re. A kiegyens\u00falyozott \u00e9trend \u00e9s az eg\u00e9szs\u00e9ges \u00e9letm\u00f3d nagyon fontos.&nbsp;<\/p>\n\n\n\n<p><strong>Szavatoss\u00e1g:<\/strong> a csomagol\u00e1son felt\u00fcntetett id\u0151pontig<\/p>\n\n\n\n<p><strong>Gy\u00e1rt\u00e1si t\u00e9telsz\u00e1m:<\/strong> a csomagol\u00e1sra \u00edrva<\/p>\n\n\n\n<p><strong>T\u00e1rol\u00e1s: <\/strong>Sz\u00e1raz helyen, kisgyermekekt\u0151l elz\u00e1rva tartand\u00f3.&nbsp;<\/p>\n\n\n\n<p><strong>Norv\u00e9gi\u00e1ban gy\u00e1rtja <\/strong>a Pharmatech A.S.<\/p>\n\n\n\n<p><strong>Forgalmaz\u00f3<\/strong>: Natural Pharmaceuticals Sp. z o.o.&nbsp;<br>Domaniewska 28, 02-672 Vars\u00f3, Lengyelorsz\u00e1g<\/p>\n\n\n\n<p><\/p>\n\n\n\n<p><\/p>\n\n<\/div><\/div>\n\t\t<\/div>\n\n\n<figure class=\"wp-block-image alignfull size-full\"><img loading=\"lazy\" decoding=\"async\" width=\"1520\" height=\"500\" src=\"https:\/\/naturalpharmaceuticals.eu\/wp-content\/uploads\/sites\/2\/2023\/02\/Movisan-Collagen-II.png\" alt=\"\" class=\"wp-image-17075\" srcset=\"https:\/\/naturalpharmaceuticals.eu\/wp-content\/uploads\/sites\/2\/2023\/02\/Movisan-Collagen-II.png 1520w, https:\/\/naturalpharmaceuticals.eu\/wp-content\/uploads\/sites\/2\/2023\/02\/Movisan-Collagen-II-300x99.png 300w, https:\/\/naturalpharmaceuticals.eu\/wp-content\/uploads\/sites\/2\/2023\/02\/Movisan-Collagen-II-1024x337.png 1024w, https:\/\/naturalpharmaceuticals.eu\/wp-content\/uploads\/sites\/2\/2023\/02\/Movisan-Collagen-II-768x253.png 768w\" sizes=\"auto, (max-width: 1520px) 100vw, 1520px\" \/><\/figure>\n","protected":false},"excerpt":{"rendered":"<p>Movisan\u2122 Collagen II A Movisan\u2122 Collagen II kulcsfontoss\u00e1g\u00fa \u00f6sszetev\u0151inek az emberi szervezetben bet\u00f6lt\u00f6tt szerep\u00e9t az Eur\u00f3pai \u00c9lelmiszerbiztons\u00e1gi Hat\u00f3s\u00e1g (EFSA) pozit\u00edvan \u00e9rt\u00e9kelte az eg\u00e9szs\u00e9gre vonatkoz\u00f3 \u00e1ll\u00edt\u00e1sokban:<\/p>\n","protected":false},"author":4,"featured_media":15825,"parent":4353,"menu_order":0,"comment_status":"closed","ping_status":"closed","template":"templates\/grid-full-width-page.php","meta":{"ub_ctt_via":"","footnotes":""},"class_list":["post-15803","page","type-page","status-publish","has-post-thumbnail","hentry"],"featured_image_src":"https:\/\/naturalpharmaceuticals.eu\/wp-content\/uploads\/sites\/2\/2022\/12\/Movisan_tyt.jpg","yoast_head":"<!-- This site is optimized with the Yoast SEO plugin v24.4 - https:\/\/yoast.com\/wordpress\/plugins\/seo\/ -->\n<title>Movisan\u2122 Collagen II - Natural Pharmaceuticals<\/title>\n<meta name=\"robots\" content=\"index, follow, max-snippet:-1, max-image-preview:large, max-video-preview:-1\" \/>\n<link rel=\"canonical\" href=\"https:\/\/naturalpharmaceuticals.eu\/hu\/termekeink\/movisan-collagen-ii\/\" \/>\n<meta property=\"og:locale\" content=\"hu_HU\" \/>\n<meta property=\"og:type\" content=\"article\" \/>\n<meta property=\"og:title\" content=\"Movisan\u2122 Collagen II - Natural Pharmaceuticals\" \/>\n<meta property=\"og:description\" content=\"Movisan\u2122 Collagen II A Movisan\u2122 Collagen II kulcsfontoss\u00e1g\u00fa \u00f6sszetev\u0151inek az emberi szervezetben bet\u00f6lt\u00f6tt szerep\u00e9t az Eur\u00f3pai \u00c9lelmiszerbiztons\u00e1gi Hat\u00f3s\u00e1g (EFSA) pozit\u00edvan \u00e9rt\u00e9kelte az eg\u00e9szs\u00e9gre vonatkoz\u00f3 \u00e1ll\u00edt\u00e1sokban:\" \/>\n<meta property=\"og:url\" content=\"https:\/\/naturalpharmaceuticals.eu\/hu\/termekeink\/movisan-collagen-ii\/\" \/>\n<meta property=\"og:site_name\" content=\"Natural Pharmaceuticals\" \/>\n<meta property=\"article:modified_time\" content=\"2025-01-29T09:47:21+00:00\" \/>\n<meta property=\"og:image\" content=\"https:\/\/naturalpharmaceuticals.eu\/wp-content\/uploads\/sites\/2\/2022\/12\/Movisan_tyt.jpg\" \/>\n\t<meta property=\"og:image:width\" content=\"1520\" \/>\n\t<meta property=\"og:image:height\" content=\"600\" \/>\n\t<meta property=\"og:image:type\" content=\"image\/jpeg\" \/>\n<meta name=\"twitter:card\" content=\"summary_large_image\" \/>\n<meta name=\"twitter:label1\" content=\"Becs\u00fclt olvas\u00e1si id\u0151\" \/>\n\t<meta name=\"twitter:data1\" content=\"3 perc\" \/>\n<script type=\"application\/ld+json\" class=\"yoast-schema-graph\">{\"@context\":\"https:\/\/schema.org\",\"@graph\":[{\"@type\":\"WebPage\",\"@id\":\"https:\/\/naturalpharmaceuticals.eu\/hu\/termekeink\/movisan-collagen-ii\/\",\"url\":\"https:\/\/naturalpharmaceuticals.eu\/hu\/termekeink\/movisan-collagen-ii\/\",\"name\":\"Movisan\u2122 Collagen II - Natural Pharmaceuticals\",\"isPartOf\":{\"@id\":\"https:\/\/naturalpharmaceuticals.eu\/hu\/#website\"},\"primaryImageOfPage\":{\"@id\":\"https:\/\/naturalpharmaceuticals.eu\/hu\/termekeink\/movisan-collagen-ii\/#primaryimage\"},\"image\":{\"@id\":\"https:\/\/naturalpharmaceuticals.eu\/hu\/termekeink\/movisan-collagen-ii\/#primaryimage\"},\"thumbnailUrl\":\"https:\/\/naturalpharmaceuticals.eu\/wp-content\/uploads\/sites\/2\/2022\/12\/Movisan_tyt.jpg\",\"datePublished\":\"2024-01-23T13:06:22+00:00\",\"dateModified\":\"2025-01-29T09:47:21+00:00\",\"breadcrumb\":{\"@id\":\"https:\/\/naturalpharmaceuticals.eu\/hu\/termekeink\/movisan-collagen-ii\/#breadcrumb\"},\"inLanguage\":\"hu\",\"potentialAction\":[{\"@type\":\"ReadAction\",\"target\":[\"https:\/\/naturalpharmaceuticals.eu\/hu\/termekeink\/movisan-collagen-ii\/\"]}]},{\"@type\":\"ImageObject\",\"inLanguage\":\"hu\",\"@id\":\"https:\/\/naturalpharmaceuticals.eu\/hu\/termekeink\/movisan-collagen-ii\/#primaryimage\",\"url\":\"https:\/\/naturalpharmaceuticals.eu\/wp-content\/uploads\/sites\/2\/2022\/12\/Movisan_tyt.jpg\",\"contentUrl\":\"https:\/\/naturalpharmaceuticals.eu\/wp-content\/uploads\/sites\/2\/2022\/12\/Movisan_tyt.jpg\",\"width\":1520,\"height\":600},{\"@type\":\"BreadcrumbList\",\"@id\":\"https:\/\/naturalpharmaceuticals.eu\/hu\/termekeink\/movisan-collagen-ii\/#breadcrumb\",\"itemListElement\":[{\"@type\":\"ListItem\",\"position\":1,\"name\":\"Home\",\"item\":\"https:\/\/naturalpharmaceuticals.eu\/hu\/\"},{\"@type\":\"ListItem\",\"position\":2,\"name\":\"Term\u00e9keink\",\"item\":\"https:\/\/naturalpharmaceuticals.eu\/hu\/termekeink\/\"},{\"@type\":\"ListItem\",\"position\":3,\"name\":\"Movisan\u2122 Collagen II\"}]},{\"@type\":\"WebSite\",\"@id\":\"https:\/\/naturalpharmaceuticals.eu\/hu\/#website\",\"url\":\"https:\/\/naturalpharmaceuticals.eu\/hu\/\",\"name\":\"Natural Pharmaceuticals\",\"description\":\"\",\"publisher\":{\"@id\":\"https:\/\/naturalpharmaceuticals.eu\/hu\/#organization\"},\"potentialAction\":[{\"@type\":\"SearchAction\",\"target\":{\"@type\":\"EntryPoint\",\"urlTemplate\":\"https:\/\/naturalpharmaceuticals.eu\/hu\/?s={search_term_string}\"},\"query-input\":{\"@type\":\"PropertyValueSpecification\",\"valueRequired\":true,\"valueName\":\"search_term_string\"}}],\"inLanguage\":\"hu\"},{\"@type\":\"Organization\",\"@id\":\"https:\/\/naturalpharmaceuticals.eu\/hu\/#organization\",\"name\":\"Natural Pharmaceuticals\",\"url\":\"https:\/\/naturalpharmaceuticals.eu\/hu\/\",\"logo\":{\"@type\":\"ImageObject\",\"inLanguage\":\"hu\",\"@id\":\"https:\/\/naturalpharmaceuticals.eu\/hu\/#\/schema\/logo\/image\/\",\"url\":\"https:\/\/naturalpharmaceuticals.eu\/wp-content\/uploads\/sites\/2\/2020\/11\/cropped-natural-pharmaceuticals-logo.png\",\"contentUrl\":\"https:\/\/naturalpharmaceuticals.eu\/wp-content\/uploads\/sites\/2\/2020\/11\/cropped-natural-pharmaceuticals-logo.png\",\"width\":900,\"height\":323,\"caption\":\"Natural Pharmaceuticals\"},\"image\":{\"@id\":\"https:\/\/naturalpharmaceuticals.eu\/hu\/#\/schema\/logo\/image\/\"}}]}<\/script>\n<!-- \/ Yoast SEO plugin. -->","yoast_head_json":{"title":"Movisan\u2122 Collagen II - Natural Pharmaceuticals","robots":{"index":"index","follow":"follow","max-snippet":"max-snippet:-1","max-image-preview":"max-image-preview:large","max-video-preview":"max-video-preview:-1"},"canonical":"https:\/\/naturalpharmaceuticals.eu\/hu\/termekeink\/movisan-collagen-ii\/","og_locale":"hu_HU","og_type":"article","og_title":"Movisan\u2122 Collagen II - Natural Pharmaceuticals","og_description":"Movisan\u2122 Collagen II A Movisan\u2122 Collagen II kulcsfontoss\u00e1g\u00fa \u00f6sszetev\u0151inek az emberi szervezetben bet\u00f6lt\u00f6tt szerep\u00e9t az Eur\u00f3pai \u00c9lelmiszerbiztons\u00e1gi Hat\u00f3s\u00e1g (EFSA) pozit\u00edvan \u00e9rt\u00e9kelte az eg\u00e9szs\u00e9gre vonatkoz\u00f3 \u00e1ll\u00edt\u00e1sokban:","og_url":"https:\/\/naturalpharmaceuticals.eu\/hu\/termekeink\/movisan-collagen-ii\/","og_site_name":"Natural Pharmaceuticals","article_modified_time":"2025-01-29T09:47:21+00:00","og_image":[{"width":1520,"height":600,"url":"https:\/\/naturalpharmaceuticals.eu\/wp-content\/uploads\/sites\/2\/2022\/12\/Movisan_tyt.jpg","type":"image\/jpeg"}],"twitter_card":"summary_large_image","twitter_misc":{"Becs\u00fclt olvas\u00e1si id\u0151":"3 perc"},"schema":{"@context":"https:\/\/schema.org","@graph":[{"@type":"WebPage","@id":"https:\/\/naturalpharmaceuticals.eu\/hu\/termekeink\/movisan-collagen-ii\/","url":"https:\/\/naturalpharmaceuticals.eu\/hu\/termekeink\/movisan-collagen-ii\/","name":"Movisan\u2122 Collagen II - Natural Pharmaceuticals","isPartOf":{"@id":"https:\/\/naturalpharmaceuticals.eu\/hu\/#website"},"primaryImageOfPage":{"@id":"https:\/\/naturalpharmaceuticals.eu\/hu\/termekeink\/movisan-collagen-ii\/#primaryimage"},"image":{"@id":"https:\/\/naturalpharmaceuticals.eu\/hu\/termekeink\/movisan-collagen-ii\/#primaryimage"},"thumbnailUrl":"https:\/\/naturalpharmaceuticals.eu\/wp-content\/uploads\/sites\/2\/2022\/12\/Movisan_tyt.jpg","datePublished":"2024-01-23T13:06:22+00:00","dateModified":"2025-01-29T09:47:21+00:00","breadcrumb":{"@id":"https:\/\/naturalpharmaceuticals.eu\/hu\/termekeink\/movisan-collagen-ii\/#breadcrumb"},"inLanguage":"hu","potentialAction":[{"@type":"ReadAction","target":["https:\/\/naturalpharmaceuticals.eu\/hu\/termekeink\/movisan-collagen-ii\/"]}]},{"@type":"ImageObject","inLanguage":"hu","@id":"https:\/\/naturalpharmaceuticals.eu\/hu\/termekeink\/movisan-collagen-ii\/#primaryimage","url":"https:\/\/naturalpharmaceuticals.eu\/wp-content\/uploads\/sites\/2\/2022\/12\/Movisan_tyt.jpg","contentUrl":"https:\/\/naturalpharmaceuticals.eu\/wp-content\/uploads\/sites\/2\/2022\/12\/Movisan_tyt.jpg","width":1520,"height":600},{"@type":"BreadcrumbList","@id":"https:\/\/naturalpharmaceuticals.eu\/hu\/termekeink\/movisan-collagen-ii\/#breadcrumb","itemListElement":[{"@type":"ListItem","position":1,"name":"Home","item":"https:\/\/naturalpharmaceuticals.eu\/hu\/"},{"@type":"ListItem","position":2,"name":"Term\u00e9keink","item":"https:\/\/naturalpharmaceuticals.eu\/hu\/termekeink\/"},{"@type":"ListItem","position":3,"name":"Movisan\u2122 Collagen II"}]},{"@type":"WebSite","@id":"https:\/\/naturalpharmaceuticals.eu\/hu\/#website","url":"https:\/\/naturalpharmaceuticals.eu\/hu\/","name":"Natural Pharmaceuticals","description":"","publisher":{"@id":"https:\/\/naturalpharmaceuticals.eu\/hu\/#organization"},"potentialAction":[{"@type":"SearchAction","target":{"@type":"EntryPoint","urlTemplate":"https:\/\/naturalpharmaceuticals.eu\/hu\/?s={search_term_string}"},"query-input":{"@type":"PropertyValueSpecification","valueRequired":true,"valueName":"search_term_string"}}],"inLanguage":"hu"},{"@type":"Organization","@id":"https:\/\/naturalpharmaceuticals.eu\/hu\/#organization","name":"Natural Pharmaceuticals","url":"https:\/\/naturalpharmaceuticals.eu\/hu\/","logo":{"@type":"ImageObject","inLanguage":"hu","@id":"https:\/\/naturalpharmaceuticals.eu\/hu\/#\/schema\/logo\/image\/","url":"https:\/\/naturalpharmaceuticals.eu\/wp-content\/uploads\/sites\/2\/2020\/11\/cropped-natural-pharmaceuticals-logo.png","contentUrl":"https:\/\/naturalpharmaceuticals.eu\/wp-content\/uploads\/sites\/2\/2020\/11\/cropped-natural-pharmaceuticals-logo.png","width":900,"height":323,"caption":"Natural Pharmaceuticals"},"image":{"@id":"https:\/\/naturalpharmaceuticals.eu\/hu\/#\/schema\/logo\/image\/"}}]}},"jetpack_sharing_enabled":true,"_links":{"self":[{"href":"https:\/\/naturalpharmaceuticals.eu\/hu\/wp-json\/wp\/v2\/pages\/15803","targetHints":{"allow":["GET"]}}],"collection":[{"href":"https:\/\/naturalpharmaceuticals.eu\/hu\/wp-json\/wp\/v2\/pages"}],"about":[{"href":"https:\/\/naturalpharmaceuticals.eu\/hu\/wp-json\/wp\/v2\/types\/page"}],"author":[{"embeddable":true,"href":"https:\/\/naturalpharmaceuticals.eu\/hu\/wp-json\/wp\/v2\/users\/4"}],"replies":[{"embeddable":true,"href":"https:\/\/naturalpharmaceuticals.eu\/hu\/wp-json\/wp\/v2\/comments?post=15803"}],"version-history":[{"count":6,"href":"https:\/\/naturalpharmaceuticals.eu\/hu\/wp-json\/wp\/v2\/pages\/15803\/revisions"}],"predecessor-version":[{"id":30722,"href":"https:\/\/naturalpharmaceuticals.eu\/hu\/wp-json\/wp\/v2\/pages\/15803\/revisions\/30722"}],"up":[{"embeddable":true,"href":"https:\/\/naturalpharmaceuticals.eu\/hu\/wp-json\/wp\/v2\/pages\/4353"}],"wp:featuredmedia":[{"embeddable":true,"href":"https:\/\/naturalpharmaceuticals.eu\/hu\/wp-json\/wp\/v2\/media\/15825"}],"wp:attachment":[{"href":"https:\/\/naturalpharmaceuticals.eu\/hu\/wp-json\/wp\/v2\/media?parent=15803"}],"curies":[{"name":"wp","href":"https:\/\/api.w.org\/{rel}","templated":true}]}}