{"id":39015,"date":"2026-04-13T13:14:58","date_gmt":"2026-04-13T13:14:58","guid":{"rendered":"https:\/\/naturalpharmaceuticals.eu\/?page_id=39015"},"modified":"2026-04-13T13:45:48","modified_gmt":"2026-04-13T13:45:48","slug":"menoactiv-balance","status":"publish","type":"page","link":"https:\/\/naturalpharmaceuticals.eu\/hu\/termekeink\/menoactiv-balance\/","title":{"rendered":"MenoActiv Balance\u00ae"},"content":{"rendered":"\n<div class=\"wp-block-group\"><div class=\"wp-block-group__inner-container is-layout-flow wp-block-group-is-layout-flow\">\n<div class=\"wp-block-columns is-layout-flex wp-container-core-columns-is-layout-1 wp-block-columns-is-layout-flex\">\n<div class=\"wp-block-column is-layout-flow wp-block-column-is-layout-flow\">\n<figure class=\"wp-block-image size-full sticky\"><img loading=\"lazy\" decoding=\"async\" width=\"768\" height=\"768\" src=\"https:\/\/naturalpharmaceuticals.eu\/wp-content\/uploads\/sites\/2\/2026\/03\/Natural_Pharmaceuticals_MenoActiv__768X768.png\" alt=\"\" class=\"wp-image-39024\" srcset=\"https:\/\/naturalpharmaceuticals.eu\/wp-content\/uploads\/sites\/2\/2026\/03\/Natural_Pharmaceuticals_MenoActiv__768X768.png 768w, https:\/\/naturalpharmaceuticals.eu\/wp-content\/uploads\/sites\/2\/2026\/03\/Natural_Pharmaceuticals_MenoActiv__768X768-300x300.png 300w, https:\/\/naturalpharmaceuticals.eu\/wp-content\/uploads\/sites\/2\/2026\/03\/Natural_Pharmaceuticals_MenoActiv__768X768-150x150.png 150w, https:\/\/naturalpharmaceuticals.eu\/wp-content\/uploads\/sites\/2\/2026\/03\/Natural_Pharmaceuticals_MenoActiv__768X768-200x200.png 200w\" sizes=\"auto, (max-width: 768px) 100vw, 768px\" \/><\/figure>\n<\/div>\n\n\n\n<div class=\"wp-block-column product-info-frame is-layout-flow wp-block-column-is-layout-flow\">\n<p style=\"font-size:18px\"><strong>MenoActiv Balance\u00ae<\/strong><\/p>\n\n\n\n<ul class=\"wp-block-list\">\n<li>8 \u00f6sszetev\u0151, amelyek t\u00e1mogatj\u00e1k a n\u0151i test egyens\u00faly\u00e1t a menopauza el\u0151tt, alatt \u00e9s ut\u00e1n<\/li>\n\n\n\n<li>3 \u00f6sztrog\u00e9nszer\u0171 hat\u00e1ssal rendelkez\u0151 n\u00f6v\u00e9nyi kivonat (sz\u00f3jababcs\u00edra, zs\u00e1lya \u00e9s koml\u00f3toboz)<\/li>\n\n\n\n<li>Seg\u00edt enyh\u00edteni a h\u0151hull\u00e1mokat \u00e9s a hangulatv\u00e1ltoz\u00e1sokat<\/li>\n\n\n\n<li>Term\u00e9szetes t\u00e1mogat\u00e1s a nyugalom \u00e9s a min\u0151s\u00e9gi alv\u00e1s \u00e9rdek\u00e9ben<\/li>\n\n\n\n<li>Naponta csak 1 kapszula<\/li>\n<\/ul>\n\n\n\n<p><\/p>\n<\/div>\n<\/div>\n<\/div><\/div>\n\n\n\n<div class=\"packshot-bg-wrapper\"><div class=\"full-width-inside-container packshot-bg packshot-bg-ma\"><\/div><\/div>\n\n\n\n<p>A MenoActiv Balance\u00ae egy \u00e9trend-kieg\u00e9sz\u00edt\u0151, amelyet a menopauza idej\u00e9n l\u00e9v\u0151 n\u0151k sz\u00e1m\u00e1ra fejlesztettek ki, t\u00e1mogatva az \u00e1ltal\u00e1nos egyens\u00falyt \u00e9s a mindennapi j\u00f3 k\u00f6z\u00e9rzetet.<\/p>\n\n\n\n<p>A k\u00e9sz\u00edtm\u00e9ny n\u00f6v\u00e9nyi kivonatokat, vitaminokat \u00e9s \u00e1sv\u00e1nyi anyagokat tartalmaz, amelyek seg\u00edtenek enyh\u00edteni a menopauza t\u00fcneteit, t\u00e1mogatj\u00e1k az idegrendszert \u00e9s a hormon\u00e1lis rendszert, valamint az \u00e1ltal\u00e1nos j\u00f3ll\u00e9tet.<\/p>\n\n\n\n<p>A MenoActiv Balance\u00ae \u00e9trend-kieg\u00e9sz\u00edt\u0151 \u00f6sszetev\u0151inek hat\u00e1sait eg\u00e9szs\u00e9gre vonatkoz\u00f3 \u00e1ll\u00edt\u00e1sok dokument\u00e1lj\u00e1k, amelyeket az Eur\u00f3pai \u00c9lelmiszerbiztons\u00e1gi Hat\u00f3s\u00e1g (EFSA) pozit\u00edvan \u00e9rt\u00e9kelt.<\/p>\n\n\n\n<p><strong>Niacin \u00e9s B6-vitamin: <\/strong>hozz\u00e1j\u00e1rulnak az idegrendszer norm\u00e1l m\u0171k\u00f6d\u00e9s\u00e9hez.<\/p>\n\n\n\n<p><strong>Niacin, B6-vitamin \u00e9s folsav: <\/strong>hozz\u00e1j\u00e1rulnak a norm\u00e1l pszichol\u00f3giai funkci\u00f3 fenntart\u00e1s\u00e1hoz.<\/p>\n\n\n\n<p><strong>Niacin, B6-vitamin \u00e9s folsav: <\/strong>hozz\u00e1j\u00e1rulnak a f\u00e1radts\u00e1g \u00e9s a kif\u00e1rad\u00e1s cs\u00f6kkent\u00e9s\u00e9hez.<\/p>\n\n\n\n<p><strong>Folsav \u00e9s B6-vitamin: <\/strong>hozz\u00e1j\u00e1rulnak a norm\u00e1l homocisztein-anyagcser\u00e9hez.<\/p>\n\n\n\n<p><strong>Cink: <\/strong>hozz\u00e1j\u00e1rul a norm\u00e1l szellemi m\u0171k\u00f6d\u00e9s fenntart\u00e1s\u00e1hoz.<\/p>\n\n\n\n<p><strong>Cink: <\/strong>hozz\u00e1j\u00e1rul a haj \u00e9s a k\u00f6r\u00f6m norm\u00e1l \u00e1llapot\u00e1nak fenntart\u00e1s\u00e1hoz.<\/p>\n\n\n\n<p><strong>Cink \u00e9s D-vitamin: <\/strong>hozz\u00e1j\u00e1rulnak a norm\u00e1l csontozat fenntart\u00e1s\u00e1hoz.<\/p>\n\n\n\n<p><strong>Niacin \u00e9s cink: <\/strong>hozz\u00e1j\u00e1rulnak a b\u0151r norm\u00e1l \u00e1llapot\u00e1nak fenntart\u00e1s\u00e1hoz.<\/p>\n\n\n\n<p><strong>D-vitamin: <\/strong>hozz\u00e1j\u00e1rul az eg\u00e9szs\u00e9ges izomfunkci\u00f3 fenntart\u00e1s\u00e1hoz.<\/p>\n\n\n<div role=\"tabpanel\" class=\"wp-block-ub-tabbed-content-tab-content-wrap ub-hide\"\n        id=\"ub-tabbed-content--panel-0\" aria-labelledby=\"ub-tabbed-content--tab-0\" tabindex=\"0\">\n\n<p><a href=\"https:\/\/nordicmed.natural.pl\/?page_id=326\">Preview in new tab(opens in a new tab)<\/a><\/p>\n\n\n\n<p>reviews<\/p>\n\n<\/div>\n\n<div role=\"tabpanel\" class=\"wp-block-ub-tabbed-content-tab-content-wrap ub-hide\"\n        id=\"ub-tabbed-content--panel-1\" aria-labelledby=\"ub-tabbed-content--tab-1\" tabindex=\"0\">\n\n<p><\/p>\n\n<\/div>\n\n<div role=\"tabpanel\" class=\"wp-block-ub-tabbed-content-tab-content-wrap ub-hide\"\n        id=\"ub-tabbed-content--panel-2\" aria-labelledby=\"ub-tabbed-content--tab-2\" tabindex=\"0\">\n\n<p><\/p>\n\n<\/div>\n\n<div class=\"wp-block-ub-tabbed-content-block wp-block-ub-tabbed-content wp-block-ub-tabbed-content-holder wp-block-ub-tabbed-content-horizontal-holder-mobile wp-block-ub-tabbed-content-horizontal-holder-tablet\" id=\"ub-tabbed-content-5fd3ac71-48cb-4b19-92f3-cd97b7967b66\">\n\t\t\t<div class=\"wp-block-ub-tabbed-content-tab-holder horizontal-tab-width-mobile horizontal-tab-width-tablet\">\n\t\t\t\t<div role=\"tablist\" class=\"wp-block-ub-tabbed-content-tabs-title wp-block-ub-tabbed-content-tabs-title-mobile-horizontal-tab wp-block-ub-tabbed-content-tabs-title-tablet-horizontal-tab\"><div role=\"tab\" id=\"ub-tabbed-content-5fd3ac71-48cb-4b19-92f3-cd97b7967b66-tab-0\" aria-controls=\"ub-tabbed-content-5fd3ac71-48cb-4b19-92f3-cd97b7967b66-panel-0\" aria-selected=\"true\" class=\"wp-block-ub-tabbed-content-tab-title-wrap active\" style=\"\" tabindex=\"-1\">\n\t\t\t\t<div class=\"wp-block-ub-tabbed-content-tab-title\">T\u00e1pl\u00e1lkoz\u00e1si inform\u00e1ci\u00f3k<\/div>\n\t\t\t<\/div><\/div>\n\t\t\t<\/div>\n\t\t\t<div class=\"wp-block-ub-tabbed-content-tabs-content\" style=\"\"><div role=\"tabpanel\" class=\"wp-block-ub-tabbed-content-tab-content-wrap active\"\n        id=\"ub-tabbed-content-5fd3ac71-48cb-4b19-92f3-cd97b7967b66-panel-0\" aria-labelledby=\"ub-tabbed-content-5fd3ac71-48cb-4b19-92f3-cd97b7967b66-tab-0\" tabindex=\"0\">\n\n<p><strong>MenoActiv Balance\u00ae<\/strong><\/p>\n\n\n\n<figure class=\"wp-block-table is-style-borders\"><table><tbody><tr><th><strong>\u00d6sszet\u00e9te<\/strong>l<\/th><th><strong>1 <\/strong>kapszula\u00a0<\/th><th>%NRV*<\/th><\/tr><tr><td>Sz\u00f3jacs\u00edra-kivonat<br>40% izoflavon-tartalomra <br>standardiz\u00e1lva<\/td><td>100 mg<br><br>40 mg<\/td><td>\u2013<\/td><\/tr><tr><td>Orvosi zs\u00e1lya kivonat<\/td><td>31 mg<\/td><td>\u2013<\/td><\/tr><tr><td>Koml\u00f3toboz kivonat<\/td><td>30 mg<\/td><td>\u2013<\/td><\/tr><tr><td>Niacin<\/td><td>16 mg<\/td><td>100%<\/td><\/tr><tr><td>Cink<\/td><td>10 mg<\/td><td>100%<\/td><\/tr><tr><td>B6-vitamin<\/td><td>1,4 mg<\/td><td>100%<\/td><\/tr><tr><td>Folsav<\/td><td>200 \u00b5g<\/td><td>100%<\/td><\/tr><tr><td>D-vitamin<\/td><td>5 \u00b5g<\/td><td>100%<\/td><\/tr><\/tbody><\/table><\/figure>\n\n\n\n<p>*NRV \u2013 napi beviteli referencia\u00e9rt\u00e9k %-a<\/p>\n\n\n\n<p><strong>\u00d6sszetev\u0151k:&nbsp;sz\u00f3jacs\u00edra (Glycine max (L.)Merr.)<\/strong>&nbsp;kivonat 40% izoflavon-tartalomra standardiz\u00e1lva (DER 50:1), hidroxipropilmetil-cellul\u00f3z, s\u0171r\u00edt\u0151anyag: cellul\u00f3z, cink-citr\u00e1t, orvosi zs\u00e1lya (Salvia officinalis L.) kivonat (DER 10:1), koml\u00f3toboz (Humulus lupulus L.) kivonat (DER 10:1), nikotinamid, csom\u00f3sod\u00e1st g\u00e1tl\u00f3 anyagok: trik\u00e1lcium-foszf\u00e1t, szil\u00edcium-dioxid; kolekalciferol, piridoxin-hidroklorid, pteroil-monoglutaminsav.<strong><\/strong><\/p>\n\n\n\n<p><strong>MenoActiv Balance\u00ae \u2013 naponta egy kapszula<\/strong><\/p>\n\n\n\n<p><strong>Alkalmaz\u00e1s: <\/strong>A MenoActiv Balance\u00ae egy \u00e9trend-kieg\u00e9sz\u00edt\u0151, amely t\u00e1mogatja a hormon\u00e1lis egyens\u00falyt, a j\u00f3 k\u00f6z\u00e9rzetet \u00e9s az eg\u00e9szs\u00e9get a n\u0151kn\u00e9l a menopauza alatt \u00e9s ut\u00e1n.<\/p>\n\n\n\n<p><strong>Napi adag:<\/strong> 1 kapszula<\/p>\n\n\n\n<p><strong>Tov\u00e1bbi inform\u00e1ci\u00f3<\/strong><\/p>\n\n\n\n<p><strong>Megjegyz\u00e9s: <\/strong>Az aj\u00e1nlott napi beviteli mennyis\u00e9get ne l\u00e9pje t\u00fal. Az \u00e9trend-kieg\u00e9sz\u00edt\u0151k fogyaszt\u00e1sa nem helyettes\u00edti a kiegyens\u00falyozott, v\u00e1ltozatos \u00e9trendet \u00e9s az eg\u00e9szs\u00e9ges \u00e9letm\u00f3dot. Nagyon fontos a kiegyens\u00falyozott t\u00e1pl\u00e1lkoz\u00e1s \u00e9s az eg\u00e9szs\u00e9ges \u00e9letm\u00f3d.<\/p>\n\n\n\n<p>Az izoflavonokban gazdag \u00e9trend (h\u00fcvelyesek, bele\u00e9rtve a sz\u00f3j\u00e1t is) nem ig\u00e9nyel kieg\u00e9sz\u00edt\u00e9st. R\u00e1kos n\u0151k eset\u00e9ben csak orvos\u00e1val val\u00f3 konzult\u00e1ci\u00f3t k\u00f6vet\u0151en alkalmazza. Ezt az \u00e9trend-kieg\u00e9sz\u00edt\u0151t nem szedhetik terhes \u00e9s szoptat\u00f3 n\u0151k. A gy\u00f3gyszert szed\u0151knek haszn\u00e1lat el\u0151tt konzult\u00e1lniuk kell orvosukkal.<\/p>\n\n\n\n<p><strong>Gy\u00e1rt\u00e1si t\u00e9tel sz\u00e1ma: <\/strong>a csomagol\u00e1son<\/p>\n\n\n\n<p><strong>Min\u0151s\u00e9gmeg\u0151rz\u00e9si id\u0151: <\/strong>a csomagol\u00e1son<\/p>\n\n\n\n<p><strong>T\u00e1rol\u00e1s: <\/strong>Sz\u00e1raz, s\u00f6t\u00e9t \u00e9s h\u0171v\u00f6s helyen, kisgyermekekt\u0151l elz\u00e1rva t\u00e1roland\u00f3.<\/p>\n\n\n\n<p><strong>Nett\u00f3 t\u00f6meg:<\/strong><del><br><\/del>&nbsp;72 g (180 kapszula, egyenk\u00e9nt 400 mg)<\/p>\n\n\n\n<p><strong>Gy\u00e1rt\u00f3:<\/strong><br>Pharmatech AS<\/p>\n\n\n\n<p>Vallehellene 4<\/p>\n\n\n\n<p>1664 Rolvs\u00f8y, Norv\u00e9gia<\/p>\n\n\n\n<p><strong>Forgalmaz\u00f3:<\/strong><br>Natural Pharmaceuticals Sp. z o.o.,<\/p>\n\n\n\n<p>ul. Domaniewska 28, 02-672 Vars\u00f3, Lengyelorsz\u00e1g<\/p>\n\n\n\n<p><\/p>\n\n<\/div><\/div>\n\t\t<\/div>\n\n\n<figure class=\"wp-block-image alignfull size-large\"><img loading=\"lazy\" decoding=\"async\" width=\"1024\" height=\"337\" src=\"https:\/\/naturalpharmaceuticals.eu\/wp-content\/uploads\/sites\/2\/2026\/03\/Natural_Pharmaceuticals_MenoActiv_1520X500-1024x337.jpg\" alt=\"\" class=\"wp-image-39035\" srcset=\"https:\/\/naturalpharmaceuticals.eu\/wp-content\/uploads\/sites\/2\/2026\/03\/Natural_Pharmaceuticals_MenoActiv_1520X500-1024x337.jpg 1024w, https:\/\/naturalpharmaceuticals.eu\/wp-content\/uploads\/sites\/2\/2026\/03\/Natural_Pharmaceuticals_MenoActiv_1520X500-300x99.jpg 300w, https:\/\/naturalpharmaceuticals.eu\/wp-content\/uploads\/sites\/2\/2026\/03\/Natural_Pharmaceuticals_MenoActiv_1520X500-768x253.jpg 768w, https:\/\/naturalpharmaceuticals.eu\/wp-content\/uploads\/sites\/2\/2026\/03\/Natural_Pharmaceuticals_MenoActiv_1520X500.jpg 1520w\" sizes=\"auto, (max-width: 1024px) 100vw, 1024px\" \/><\/figure>\n","protected":false},"excerpt":{"rendered":"<p>MenoActiv Balance\u00ae A MenoActiv Balance\u00ae egy \u00e9trend-kieg\u00e9sz\u00edt\u0151, amelyet a menopauza idej\u00e9n l\u00e9v\u0151 n\u0151k sz\u00e1m\u00e1ra fejlesztettek ki, t\u00e1mogatva az \u00e1ltal\u00e1nos egyens\u00falyt \u00e9s a mindennapi j\u00f3 k\u00f6z\u00e9rzetet. A k\u00e9sz\u00edtm\u00e9ny n\u00f6v\u00e9nyi kivonatokat, vitaminokat \u00e9s \u00e1sv\u00e1nyi anyagokat tartalmaz, amelyek seg\u00edtenek enyh\u00edteni a menopauza t\u00fcneteit,&#x2026; <\/p>\n<p class=\"more-link-container th-uppercase\"><a href=\"https:\/\/naturalpharmaceuticals.eu\/hu\/termekeink\/menoactiv-balance\/\" class=\"more-link\">Read More <span class=\"screen-reader-text\">MenoActiv Balance\u00ae<\/span><\/a><\/p>\n","protected":false},"author":9,"featured_media":39045,"parent":4353,"menu_order":0,"comment_status":"closed","ping_status":"closed","template":"templates\/grid-full-width-page.php","meta":{"ub_ctt_via":"","footnotes":""},"class_list":["post-39015","page","type-page","status-publish","has-post-thumbnail","hentry"],"featured_image_src":"https:\/\/naturalpharmaceuticals.eu\/wp-content\/uploads\/sites\/2\/2026\/03\/Natural_Pharmaceuticals_MenoActiv_1520X600.jpg","yoast_head":"<!-- This site is optimized with the Yoast SEO plugin v24.4 - https:\/\/yoast.com\/wordpress\/plugins\/seo\/ -->\n<title>MenoActiv Balance\u00ae - Natural Pharmaceuticals<\/title>\n<meta name=\"robots\" content=\"index, follow, max-snippet:-1, max-image-preview:large, max-video-preview:-1\" \/>\n<link rel=\"canonical\" href=\"https:\/\/naturalpharmaceuticals.eu\/hu\/termekeink\/menoactiv-balance\/\" \/>\n<meta property=\"og:locale\" content=\"hu_HU\" \/>\n<meta property=\"og:type\" content=\"article\" \/>\n<meta property=\"og:title\" content=\"MenoActiv Balance\u00ae - Natural Pharmaceuticals\" \/>\n<meta property=\"og:description\" content=\"MenoActiv Balance\u00ae A MenoActiv Balance\u00ae egy \u00e9trend-kieg\u00e9sz\u00edt\u0151, amelyet a menopauza idej\u00e9n l\u00e9v\u0151 n\u0151k sz\u00e1m\u00e1ra fejlesztettek ki, t\u00e1mogatva az \u00e1ltal\u00e1nos egyens\u00falyt \u00e9s a mindennapi j\u00f3 k\u00f6z\u00e9rzetet. A k\u00e9sz\u00edtm\u00e9ny n\u00f6v\u00e9nyi kivonatokat, vitaminokat \u00e9s \u00e1sv\u00e1nyi anyagokat tartalmaz, amelyek seg\u00edtenek enyh\u00edteni a menopauza t\u00fcneteit,&#x2026; Read More MenoActiv Balance\u00ae\" \/>\n<meta property=\"og:url\" content=\"https:\/\/naturalpharmaceuticals.eu\/hu\/termekeink\/menoactiv-balance\/\" \/>\n<meta property=\"og:site_name\" content=\"Natural Pharmaceuticals\" \/>\n<meta property=\"article:modified_time\" content=\"2026-04-13T13:45:48+00:00\" \/>\n<meta property=\"og:image\" content=\"https:\/\/naturalpharmaceuticals.eu\/wp-content\/uploads\/sites\/2\/2026\/03\/Natural_Pharmaceuticals_MenoActiv_1520X600.jpg\" \/>\n\t<meta property=\"og:image:width\" content=\"1520\" \/>\n\t<meta property=\"og:image:height\" content=\"600\" \/>\n\t<meta property=\"og:image:type\" content=\"image\/jpeg\" \/>\n<meta name=\"twitter:card\" content=\"summary_large_image\" \/>\n<meta name=\"twitter:label1\" content=\"Becs\u00fclt olvas\u00e1si id\u0151\" \/>\n\t<meta name=\"twitter:data1\" content=\"3 perc\" \/>\n<script type=\"application\/ld+json\" class=\"yoast-schema-graph\">{\"@context\":\"https:\/\/schema.org\",\"@graph\":[{\"@type\":\"WebPage\",\"@id\":\"https:\/\/naturalpharmaceuticals.eu\/hu\/termekeink\/menoactiv-balance\/\",\"url\":\"https:\/\/naturalpharmaceuticals.eu\/hu\/termekeink\/menoactiv-balance\/\",\"name\":\"MenoActiv Balance\u00ae - Natural Pharmaceuticals\",\"isPartOf\":{\"@id\":\"https:\/\/naturalpharmaceuticals.eu\/hu\/#website\"},\"primaryImageOfPage\":{\"@id\":\"https:\/\/naturalpharmaceuticals.eu\/hu\/termekeink\/menoactiv-balance\/#primaryimage\"},\"image\":{\"@id\":\"https:\/\/naturalpharmaceuticals.eu\/hu\/termekeink\/menoactiv-balance\/#primaryimage\"},\"thumbnailUrl\":\"https:\/\/naturalpharmaceuticals.eu\/wp-content\/uploads\/sites\/2\/2026\/03\/Natural_Pharmaceuticals_MenoActiv_1520X600.jpg\",\"datePublished\":\"2026-04-13T13:14:58+00:00\",\"dateModified\":\"2026-04-13T13:45:48+00:00\",\"breadcrumb\":{\"@id\":\"https:\/\/naturalpharmaceuticals.eu\/hu\/termekeink\/menoactiv-balance\/#breadcrumb\"},\"inLanguage\":\"hu\",\"potentialAction\":[{\"@type\":\"ReadAction\",\"target\":[\"https:\/\/naturalpharmaceuticals.eu\/hu\/termekeink\/menoactiv-balance\/\"]}]},{\"@type\":\"ImageObject\",\"inLanguage\":\"hu\",\"@id\":\"https:\/\/naturalpharmaceuticals.eu\/hu\/termekeink\/menoactiv-balance\/#primaryimage\",\"url\":\"https:\/\/naturalpharmaceuticals.eu\/wp-content\/uploads\/sites\/2\/2026\/03\/Natural_Pharmaceuticals_MenoActiv_1520X600.jpg\",\"contentUrl\":\"https:\/\/naturalpharmaceuticals.eu\/wp-content\/uploads\/sites\/2\/2026\/03\/Natural_Pharmaceuticals_MenoActiv_1520X600.jpg\",\"width\":1520,\"height\":600},{\"@type\":\"BreadcrumbList\",\"@id\":\"https:\/\/naturalpharmaceuticals.eu\/hu\/termekeink\/menoactiv-balance\/#breadcrumb\",\"itemListElement\":[{\"@type\":\"ListItem\",\"position\":1,\"name\":\"Home\",\"item\":\"https:\/\/naturalpharmaceuticals.eu\/hu\/\"},{\"@type\":\"ListItem\",\"position\":2,\"name\":\"Term\u00e9keink\",\"item\":\"https:\/\/naturalpharmaceuticals.eu\/hu\/termekeink\/\"},{\"@type\":\"ListItem\",\"position\":3,\"name\":\"MenoActiv Balance\u00ae\"}]},{\"@type\":\"WebSite\",\"@id\":\"https:\/\/naturalpharmaceuticals.eu\/hu\/#website\",\"url\":\"https:\/\/naturalpharmaceuticals.eu\/hu\/\",\"name\":\"Natural Pharmaceuticals\",\"description\":\"\",\"publisher\":{\"@id\":\"https:\/\/naturalpharmaceuticals.eu\/hu\/#organization\"},\"potentialAction\":[{\"@type\":\"SearchAction\",\"target\":{\"@type\":\"EntryPoint\",\"urlTemplate\":\"https:\/\/naturalpharmaceuticals.eu\/hu\/?s={search_term_string}\"},\"query-input\":{\"@type\":\"PropertyValueSpecification\",\"valueRequired\":true,\"valueName\":\"search_term_string\"}}],\"inLanguage\":\"hu\"},{\"@type\":\"Organization\",\"@id\":\"https:\/\/naturalpharmaceuticals.eu\/hu\/#organization\",\"name\":\"Natural Pharmaceuticals\",\"url\":\"https:\/\/naturalpharmaceuticals.eu\/hu\/\",\"logo\":{\"@type\":\"ImageObject\",\"inLanguage\":\"hu\",\"@id\":\"https:\/\/naturalpharmaceuticals.eu\/hu\/#\/schema\/logo\/image\/\",\"url\":\"https:\/\/naturalpharmaceuticals.eu\/wp-content\/uploads\/sites\/2\/2020\/11\/cropped-natural-pharmaceuticals-logo.png\",\"contentUrl\":\"https:\/\/naturalpharmaceuticals.eu\/wp-content\/uploads\/sites\/2\/2020\/11\/cropped-natural-pharmaceuticals-logo.png\",\"width\":900,\"height\":323,\"caption\":\"Natural Pharmaceuticals\"},\"image\":{\"@id\":\"https:\/\/naturalpharmaceuticals.eu\/hu\/#\/schema\/logo\/image\/\"}}]}<\/script>\n<!-- \/ Yoast SEO plugin. -->","yoast_head_json":{"title":"MenoActiv Balance\u00ae - Natural Pharmaceuticals","robots":{"index":"index","follow":"follow","max-snippet":"max-snippet:-1","max-image-preview":"max-image-preview:large","max-video-preview":"max-video-preview:-1"},"canonical":"https:\/\/naturalpharmaceuticals.eu\/hu\/termekeink\/menoactiv-balance\/","og_locale":"hu_HU","og_type":"article","og_title":"MenoActiv Balance\u00ae - Natural Pharmaceuticals","og_description":"MenoActiv Balance\u00ae A MenoActiv Balance\u00ae egy \u00e9trend-kieg\u00e9sz\u00edt\u0151, amelyet a menopauza idej\u00e9n l\u00e9v\u0151 n\u0151k sz\u00e1m\u00e1ra fejlesztettek ki, t\u00e1mogatva az \u00e1ltal\u00e1nos egyens\u00falyt \u00e9s a mindennapi j\u00f3 k\u00f6z\u00e9rzetet. A k\u00e9sz\u00edtm\u00e9ny n\u00f6v\u00e9nyi kivonatokat, vitaminokat \u00e9s \u00e1sv\u00e1nyi anyagokat tartalmaz, amelyek seg\u00edtenek enyh\u00edteni a menopauza t\u00fcneteit,&#x2026; Read More MenoActiv Balance\u00ae","og_url":"https:\/\/naturalpharmaceuticals.eu\/hu\/termekeink\/menoactiv-balance\/","og_site_name":"Natural Pharmaceuticals","article_modified_time":"2026-04-13T13:45:48+00:00","og_image":[{"width":1520,"height":600,"url":"https:\/\/naturalpharmaceuticals.eu\/wp-content\/uploads\/sites\/2\/2026\/03\/Natural_Pharmaceuticals_MenoActiv_1520X600.jpg","type":"image\/jpeg"}],"twitter_card":"summary_large_image","twitter_misc":{"Becs\u00fclt olvas\u00e1si id\u0151":"3 perc"},"schema":{"@context":"https:\/\/schema.org","@graph":[{"@type":"WebPage","@id":"https:\/\/naturalpharmaceuticals.eu\/hu\/termekeink\/menoactiv-balance\/","url":"https:\/\/naturalpharmaceuticals.eu\/hu\/termekeink\/menoactiv-balance\/","name":"MenoActiv Balance\u00ae - Natural Pharmaceuticals","isPartOf":{"@id":"https:\/\/naturalpharmaceuticals.eu\/hu\/#website"},"primaryImageOfPage":{"@id":"https:\/\/naturalpharmaceuticals.eu\/hu\/termekeink\/menoactiv-balance\/#primaryimage"},"image":{"@id":"https:\/\/naturalpharmaceuticals.eu\/hu\/termekeink\/menoactiv-balance\/#primaryimage"},"thumbnailUrl":"https:\/\/naturalpharmaceuticals.eu\/wp-content\/uploads\/sites\/2\/2026\/03\/Natural_Pharmaceuticals_MenoActiv_1520X600.jpg","datePublished":"2026-04-13T13:14:58+00:00","dateModified":"2026-04-13T13:45:48+00:00","breadcrumb":{"@id":"https:\/\/naturalpharmaceuticals.eu\/hu\/termekeink\/menoactiv-balance\/#breadcrumb"},"inLanguage":"hu","potentialAction":[{"@type":"ReadAction","target":["https:\/\/naturalpharmaceuticals.eu\/hu\/termekeink\/menoactiv-balance\/"]}]},{"@type":"ImageObject","inLanguage":"hu","@id":"https:\/\/naturalpharmaceuticals.eu\/hu\/termekeink\/menoactiv-balance\/#primaryimage","url":"https:\/\/naturalpharmaceuticals.eu\/wp-content\/uploads\/sites\/2\/2026\/03\/Natural_Pharmaceuticals_MenoActiv_1520X600.jpg","contentUrl":"https:\/\/naturalpharmaceuticals.eu\/wp-content\/uploads\/sites\/2\/2026\/03\/Natural_Pharmaceuticals_MenoActiv_1520X600.jpg","width":1520,"height":600},{"@type":"BreadcrumbList","@id":"https:\/\/naturalpharmaceuticals.eu\/hu\/termekeink\/menoactiv-balance\/#breadcrumb","itemListElement":[{"@type":"ListItem","position":1,"name":"Home","item":"https:\/\/naturalpharmaceuticals.eu\/hu\/"},{"@type":"ListItem","position":2,"name":"Term\u00e9keink","item":"https:\/\/naturalpharmaceuticals.eu\/hu\/termekeink\/"},{"@type":"ListItem","position":3,"name":"MenoActiv Balance\u00ae"}]},{"@type":"WebSite","@id":"https:\/\/naturalpharmaceuticals.eu\/hu\/#website","url":"https:\/\/naturalpharmaceuticals.eu\/hu\/","name":"Natural Pharmaceuticals","description":"","publisher":{"@id":"https:\/\/naturalpharmaceuticals.eu\/hu\/#organization"},"potentialAction":[{"@type":"SearchAction","target":{"@type":"EntryPoint","urlTemplate":"https:\/\/naturalpharmaceuticals.eu\/hu\/?s={search_term_string}"},"query-input":{"@type":"PropertyValueSpecification","valueRequired":true,"valueName":"search_term_string"}}],"inLanguage":"hu"},{"@type":"Organization","@id":"https:\/\/naturalpharmaceuticals.eu\/hu\/#organization","name":"Natural Pharmaceuticals","url":"https:\/\/naturalpharmaceuticals.eu\/hu\/","logo":{"@type":"ImageObject","inLanguage":"hu","@id":"https:\/\/naturalpharmaceuticals.eu\/hu\/#\/schema\/logo\/image\/","url":"https:\/\/naturalpharmaceuticals.eu\/wp-content\/uploads\/sites\/2\/2020\/11\/cropped-natural-pharmaceuticals-logo.png","contentUrl":"https:\/\/naturalpharmaceuticals.eu\/wp-content\/uploads\/sites\/2\/2020\/11\/cropped-natural-pharmaceuticals-logo.png","width":900,"height":323,"caption":"Natural Pharmaceuticals"},"image":{"@id":"https:\/\/naturalpharmaceuticals.eu\/hu\/#\/schema\/logo\/image\/"}}]}},"jetpack_sharing_enabled":true,"_links":{"self":[{"href":"https:\/\/naturalpharmaceuticals.eu\/hu\/wp-json\/wp\/v2\/pages\/39015","targetHints":{"allow":["GET"]}}],"collection":[{"href":"https:\/\/naturalpharmaceuticals.eu\/hu\/wp-json\/wp\/v2\/pages"}],"about":[{"href":"https:\/\/naturalpharmaceuticals.eu\/hu\/wp-json\/wp\/v2\/types\/page"}],"author":[{"embeddable":true,"href":"https:\/\/naturalpharmaceuticals.eu\/hu\/wp-json\/wp\/v2\/users\/9"}],"replies":[{"embeddable":true,"href":"https:\/\/naturalpharmaceuticals.eu\/hu\/wp-json\/wp\/v2\/comments?post=39015"}],"version-history":[{"count":3,"href":"https:\/\/naturalpharmaceuticals.eu\/hu\/wp-json\/wp\/v2\/pages\/39015\/revisions"}],"predecessor-version":[{"id":39215,"href":"https:\/\/naturalpharmaceuticals.eu\/hu\/wp-json\/wp\/v2\/pages\/39015\/revisions\/39215"}],"up":[{"embeddable":true,"href":"https:\/\/naturalpharmaceuticals.eu\/hu\/wp-json\/wp\/v2\/pages\/4353"}],"wp:featuredmedia":[{"embeddable":true,"href":"https:\/\/naturalpharmaceuticals.eu\/hu\/wp-json\/wp\/v2\/media\/39045"}],"wp:attachment":[{"href":"https:\/\/naturalpharmaceuticals.eu\/hu\/wp-json\/wp\/v2\/media?parent=39015"}],"curies":[{"name":"wp","href":"https:\/\/api.w.org\/{rel}","templated":true}]}}