{"id":4323,"date":"2021-05-18T13:13:25","date_gmt":"2021-05-18T13:13:25","guid":{"rendered":"https:\/\/naturalpharmaceuticals.eu\/?page_id=4323"},"modified":"2023-06-13T09:01:36","modified_gmt":"2023-06-13T09:01:36","slug":"garanciaink","status":"publish","type":"page","link":"https:\/\/naturalpharmaceuticals.eu\/hu\/garanciaink\/","title":{"rendered":"Garanci\u00e1ink"},"content":{"rendered":"\n<h2 class=\"wp-block-heading\"><strong>Helyes gy\u00e1rt\u00e1si gyakorlat<\/strong>&nbsp;<\/h2>\n\n\n\n<p>\u00c9trend-kieg\u00e9sz\u00edt\u0151inket a helyes gy\u00e1rt\u00e1si gyakorlat (GMP \u2013 Good&nbsp;Manufacturing&nbsp;Practice) szerint \u00e1ll\u00edtj\u00e1k el\u0151, amely egy a gy\u00f3gyszeripar \u00e9s az \u00e9lelmiszeripar \u00e1ltal haszn\u00e1lt nemzetk\u00f6zi szabv\u00e1ny. Ezek a szabv\u00e1nyok garant\u00e1lj\u00e1k \u00f6sszetev\u0151ink magas min\u0151s\u00e9g\u00e9t \u00e9s tisztas\u00e1g\u00e1t, valamint biztos\u00edtj\u00e1k ezen \u00f6sszetev\u0151k eredet\u00e9nek \u00e9s min\u0151s\u00e9g\u00e9nek teljes k\u00f6r\u0171 szab\u00e1lyoz\u00e1s\u00e1t.&nbsp;<\/p>\n\n\n<div class=\"wp-block-image\">\n<figure class=\"aligncenter size-large\"><a href=\"\/wp-content\/uploads\/sites\/2\/2020\/12\/Statement-GMP-26.09.2019.pdf\" target=\"_blank\" rel=\"noopener\"><img loading=\"lazy\" decoding=\"async\" width=\"724\" height=\"1024\" src=\"https:\/\/naturalpharmaceuticals.eu\/wp-content\/uploads\/sites\/2\/2020\/10\/Statement-GMP-26-724x1024.jpg\" alt=\"\" class=\"wp-image-513\" srcset=\"https:\/\/naturalpharmaceuticals.eu\/wp-content\/uploads\/sites\/2\/2020\/10\/Statement-GMP-26-724x1024.jpg 724w, https:\/\/naturalpharmaceuticals.eu\/wp-content\/uploads\/sites\/2\/2020\/10\/Statement-GMP-26-212x300.jpg 212w, https:\/\/naturalpharmaceuticals.eu\/wp-content\/uploads\/sites\/2\/2020\/10\/Statement-GMP-26-768x1086.jpg 768w, https:\/\/naturalpharmaceuticals.eu\/wp-content\/uploads\/sites\/2\/2020\/10\/Statement-GMP-26-1087x1536.jpg 1087w, https:\/\/naturalpharmaceuticals.eu\/wp-content\/uploads\/sites\/2\/2020\/10\/Statement-GMP-26-1449x2048.jpg 1449w, https:\/\/naturalpharmaceuticals.eu\/wp-content\/uploads\/sites\/2\/2020\/10\/Statement-GMP-26-scaled.jpg 1811w\" sizes=\"auto, (max-width: 724px) 100vw, 724px\" \/><\/a><\/figure><\/div>\n\n\n<h2 class=\"wp-block-heading\"><strong>B\u00fcszke tagjai vagyunk a GOED-nek.<\/strong>&nbsp;<\/h2>\n\n\n\n<div class=\"wp-block-media-text has-media-on-the-right is-stacked-on-mobile pr-2em\" style=\"grid-template-columns:auto 15%\"><div class=\"wp-block-media-text__content\">\n<p>A Global Organization&nbsp;for&nbsp;EPA \u00e9s DHA Omega-3 (GOED) 2006-ban alakult az USA-ban. K\u00fcldet\u00e9se, hogy vil\u00e1gszerte felh\u00edvja a figyelmet az Omega-3-ra, \u00e9s biztos\u00edtsa, hogy tagjai olyan min\u0151s\u00e9gi term\u00e9keket k\u00e9sz\u00edtsenek, amelyekben a fogyaszt\u00f3k megb\u00edzhatnak.&nbsp;<\/p>\n\n\n\n<p>A GOED alaptev\u00e9kenys\u00e9ge abb\u00f3l \u00e1ll, hogy t\u00e1j\u00e9koztatja a fogyaszt\u00f3kat a DHA \u00e9s az EPA emberi szervezetben j\u00e1tszott kritikus szerep\u00e9r\u0151l.&nbsp;<\/p>\n\n\n\n<p>N\u00e9vjegyk\u00e1rty\u00e1nkat megn\u00e9zheti a GOED honlapj\u00e1n, <a href=\"https:\/\/goedomega3.com\/members\/member\/natural-pharmaceuticals\">itt<\/a>.<\/p>\n<\/div><figure class=\"wp-block-media-text__media\"><img loading=\"lazy\" decoding=\"async\" width=\"854\" height=\"1117\" src=\"https:\/\/naturalpharmaceuticals.eu\/wp-content\/uploads\/sites\/2\/2020\/10\/goed_member_logo-Hi-res.png\" alt=\"\" class=\"wp-image-517 size-full\" srcset=\"https:\/\/naturalpharmaceuticals.eu\/wp-content\/uploads\/sites\/2\/2020\/10\/goed_member_logo-Hi-res.png 854w, https:\/\/naturalpharmaceuticals.eu\/wp-content\/uploads\/sites\/2\/2020\/10\/goed_member_logo-Hi-res-229x300.png 229w, https:\/\/naturalpharmaceuticals.eu\/wp-content\/uploads\/sites\/2\/2020\/10\/goed_member_logo-Hi-res-783x1024.png 783w, https:\/\/naturalpharmaceuticals.eu\/wp-content\/uploads\/sites\/2\/2020\/10\/goed_member_logo-Hi-res-768x1005.png 768w\" sizes=\"auto, (max-width: 854px) 100vw, 854px\" \/><\/figure><\/div>\n\n\n\n<h2 class=\"wp-block-heading\"><strong>Mi voltunk az els\u0151k a vil\u00e1gon, akik ORIVO tan\u00fas\u00edtv\u00e1nnyal rendelkeztek.&nbsp;<\/strong>&nbsp;<\/h2>\n\n\n\n<div class=\"wp-block-media-text has-media-on-the-right is-stacked-on-mobile pr-2em\" style=\"grid-template-columns:auto 15%\"><div class=\"wp-block-media-text__content\">\n<p>Az&nbsp;Orivo&nbsp;vizsg\u00e1lat volt az els\u0151 teszt a vil\u00e1gon, amely k\u00e9pes ellen\u0151rizni&nbsp;az&nbsp;\u00e9trend-kieg\u00e9sz\u00edt\u0151k&nbsp;el\u0151\u00e1ll\u00edt\u00e1s\u00e1hoz haszn\u00e1lt&nbsp;halolaj&nbsp;eredet\u00e9t. Meger\u0151s\u00edtik&nbsp;tov\u00e1bb\u00e1 a vizsg\u00e1lt \u00e9trend-kieg\u00e9sz\u00edt\u0151 \u00f6sszet\u00e9tel\u00e9t&nbsp;is. L\u00e9nyeg\u00e9ben garancia a fogyaszt\u00f3&nbsp;sz\u00e1m\u00e1ra, hogy kiv\u00e1l\u00f3 min\u0151s\u00e9g\u0171, bev\u00e1lt term\u00e9ket v\u00e1laszt.&nbsp;Az&nbsp;OmegaMarine&nbsp;Forte + volt az els\u0151&nbsp;\u00e9trend-kieg\u00e9sz\u00edt\u0151 a vil\u00e1gon,&nbsp;amit al\u00e1vetettek&nbsp;ennek a vizsg\u00e1latnak, \u00e9s&nbsp;ami megkapta az ORIVO tan\u00fas\u00edtv\u00e1nyt.&nbsp;<\/p>\n\n\n\n<blockquote class=\"wp-block-quote is-layout-flow wp-block-quote-is-layout-flow\">\n<p>Mindig is b\u00edztunk besz\u00e1ll\u00edt\u00f3inkban, \u00edgy nem lep\u0151dt\u00fcnk meg azon, hogy az ORIVO teszt meger\u0151s\u00edtette az&nbsp;OmegaMarine&nbsp;Forte+&nbsp;\u00f6sszet\u00e9tel\u00e9t \u00e9s eredet\u00e9t. Az Omega-3 term\u00e9kek sz\u00e9les sk\u00e1l\u00e1ja van a piacon, de a halolaj eredete szinte soha nem ismert. Ez\u00e9rt d\u00f6nt\u00f6tt\u00fcnk \u00fagy, hogy megv\u00e9dj\u00fck m\u00e1rk\u00e1nkat \u00e9s kihaszn\u00e1ljuk az ORIVO tesztel\u00e9s\u00e9t.&nbsp;<\/p>\n<cite><em>Jonas T\u00f6rnquist, CEO<\/em><\/cite><\/blockquote>\n\n\n\n<p>Ha t\u00f6bbet szeretne megtudni, l\u00e1togasson el az <a href=\"https:\/\/orivo.no\/\">ORIVO<\/a> honlapj\u00e1ra.<\/p>\n<\/div><figure class=\"wp-block-media-text__media\"><img loading=\"lazy\" decoding=\"async\" width=\"600\" height=\"606\" src=\"https:\/\/naturalpharmaceuticals.eu\/wp-content\/uploads\/sites\/2\/2023\/06\/orivo-verified-origin-8-years.png\" alt=\"\" class=\"wp-image-19336 size-full\" srcset=\"https:\/\/naturalpharmaceuticals.eu\/wp-content\/uploads\/sites\/2\/2023\/06\/orivo-verified-origin-8-years.png 600w, https:\/\/naturalpharmaceuticals.eu\/wp-content\/uploads\/sites\/2\/2023\/06\/orivo-verified-origin-8-years-297x300.png 297w\" sizes=\"auto, (max-width: 600px) 100vw, 600px\" \/><\/figure><\/div>\n\n\n\n<h2 class=\"wp-block-heading\"><strong>Min\u0151s\u00e9gbiztos\u00edt\u00e1s<\/strong><\/h2>\n\n\n\n<p>A&nbsp;Pharmatech&nbsp;AS, aki gy\u00e1rtja az \u00f6sszes&nbsp;\u00e9trend-kieg\u00e9sz\u00edt\u0151nket,&nbsp;a Norv\u00e9g \u00c9lelmiszer-biztons\u00e1gi Int\u00e9zet&nbsp;\u2013&nbsp;Mattilsynet&nbsp;szigor\u00fa fel\u00fcgyelete alatt \u00e1ll. A teljes gy\u00e1rt\u00e1si folyamat ez\u00e9rt megfelel az \u00f6sszes norv\u00e9g el\u0151\u00edr\u00e1snak.&nbsp;<\/p>\n\n\n\n<div class=\"wp-block-columns is-layout-flex wp-container-core-columns-is-layout-1 wp-block-columns-is-layout-flex\">\n<div class=\"wp-block-column is-layout-flow wp-block-column-is-layout-flow\">\n<figure class=\"wp-block-image size-full\"><a href=\"https:\/\/naturalpharmaceuticals.eu\/wp-content\/uploads\/sites\/2\/2020\/10\/pharmatech-as-approval-of-establishment.jpg\" target=\"_blank\" rel=\"noopener\"><img loading=\"lazy\" decoding=\"async\" width=\"669\" height=\"932\" src=\"https:\/\/naturalpharmaceuticals.eu\/wp-content\/uploads\/sites\/2\/2020\/10\/pharmatech-as-approval-of-establishment.jpg\" alt=\"\" class=\"wp-image-526\" srcset=\"https:\/\/naturalpharmaceuticals.eu\/wp-content\/uploads\/sites\/2\/2020\/10\/pharmatech-as-approval-of-establishment.jpg 669w, https:\/\/naturalpharmaceuticals.eu\/wp-content\/uploads\/sites\/2\/2020\/10\/pharmatech-as-approval-of-establishment-215x300.jpg 215w\" sizes=\"auto, (max-width: 669px) 100vw, 669px\" \/><\/a><\/figure>\n<\/div>\n\n\n\n<div class=\"wp-block-column is-layout-flow wp-block-column-is-layout-flow\">\n<figure class=\"wp-block-image size-full\"><img loading=\"lazy\" decoding=\"async\" width=\"503\" height=\"645\" src=\"https:\/\/naturalpharmaceuticals.eu\/wp-content\/uploads\/sites\/2\/2020\/10\/pharmatech-as-registration-of-establishment.jpg\" alt=\"\" class=\"wp-image-527\" srcset=\"https:\/\/naturalpharmaceuticals.eu\/wp-content\/uploads\/sites\/2\/2020\/10\/pharmatech-as-registration-of-establishment.jpg 503w, https:\/\/naturalpharmaceuticals.eu\/wp-content\/uploads\/sites\/2\/2020\/10\/pharmatech-as-registration-of-establishment-234x300.jpg 234w\" sizes=\"auto, (max-width: 503px) 100vw, 503px\" \/><\/figure>\n<\/div>\n\n\n\n<div class=\"wp-block-column is-layout-flow wp-block-column-is-layout-flow\"><\/div>\n<\/div>\n\n\n\n<p>A&nbsp;SALfresh<sup>TM<\/sup>, a lazac halolaj, amit az&nbsp;OmegaMarine&nbsp;Forte +&nbsp;el\u0151\u00e1ll\u00edt\u00e1s\u00e1hoz haszn\u00e1lunk tal\u00e1n a legfrissebb halolaj a vil\u00e1gon. Csak k\u00f6r\u00fclbel\u00fcl 75 perc telik el a lazac az \u00f3ce\u00e1nb\u00f3l val\u00f3 kifog\u00e1sa \u00e9s a halolaj kivon\u00e1sa k\u00f6z\u00f6tt.&nbsp;<\/p>\n\n\n\n<p>A folyamat megfelel a legszigor\u00fabb min\u0151s\u00e9gi el\u0151\u00edr\u00e1soknak Norv\u00e9gi\u00e1ban \u00e9s az Eur\u00f3pai Uni\u00f3ban.&nbsp;<\/p>\n\n\n\n<div class=\"wp-block-columns is-layout-flex wp-container-core-columns-is-layout-2 wp-block-columns-is-layout-flex\">\n<div class=\"wp-block-column is-layout-flow wp-block-column-is-layout-flow\">\n<figure class=\"wp-block-image size-full\"><a href=\"\/wp-content\/uploads\/sites\/2\/2020\/12\/Product-Specification-SALfresh-Extra-Virgin-2017.pdf\" target=\"_blank\" rel=\"noopener\"><img loading=\"lazy\" decoding=\"async\" width=\"724\" height=\"1024\" src=\"https:\/\/naturalpharmaceuticals.eu\/wp-content\/uploads\/sites\/2\/2020\/10\/Product-Specification-SALfresh-Extra-Virgin-2017_Strona_1-724x1024-1.jpg\" alt=\"\" class=\"wp-image-523\" srcset=\"https:\/\/naturalpharmaceuticals.eu\/wp-content\/uploads\/sites\/2\/2020\/10\/Product-Specification-SALfresh-Extra-Virgin-2017_Strona_1-724x1024-1.jpg 724w, https:\/\/naturalpharmaceuticals.eu\/wp-content\/uploads\/sites\/2\/2020\/10\/Product-Specification-SALfresh-Extra-Virgin-2017_Strona_1-724x1024-1-212x300.jpg 212w\" sizes=\"auto, (max-width: 724px) 100vw, 724px\" \/><\/a><\/figure>\n<\/div>\n\n\n\n<div class=\"wp-block-column is-layout-flow wp-block-column-is-layout-flow\">\n<figure class=\"wp-block-image size-full\"><a href=\"\/wp-content\/uploads\/sites\/2\/2020\/12\/Product-Specification-SALfresh-Extra-Virgin-2017.pdf\" target=\"_blank\" rel=\"noopener\"><img loading=\"lazy\" decoding=\"async\" width=\"724\" height=\"1024\" src=\"https:\/\/naturalpharmaceuticals.eu\/wp-content\/uploads\/sites\/2\/2020\/10\/Product-Specification-SALfresh-Extra-Virgin-2017_Strona_2-724x1024-1.jpg\" alt=\"\" class=\"wp-image-524\" srcset=\"https:\/\/naturalpharmaceuticals.eu\/wp-content\/uploads\/sites\/2\/2020\/10\/Product-Specification-SALfresh-Extra-Virgin-2017_Strona_2-724x1024-1.jpg 724w, https:\/\/naturalpharmaceuticals.eu\/wp-content\/uploads\/sites\/2\/2020\/10\/Product-Specification-SALfresh-Extra-Virgin-2017_Strona_2-724x1024-1-212x300.jpg 212w\" sizes=\"auto, (max-width: 724px) 100vw, 724px\" \/><\/a><\/figure>\n<\/div>\n\n\n\n<div class=\"wp-block-column is-layout-flow wp-block-column-is-layout-flow\">\n<figure class=\"wp-block-image size-full\"><a href=\"\/wp-content\/uploads\/sites\/2\/2020\/12\/Product-Specification-SALfresh-Extra-Virgin-2017.pdf\" target=\"_blank\" rel=\"noopener\"><img loading=\"lazy\" decoding=\"async\" width=\"724\" height=\"1024\" src=\"https:\/\/naturalpharmaceuticals.eu\/wp-content\/uploads\/sites\/2\/2020\/10\/Product-Specification-SALfresh-Extra-Virgin-2017_Strona_3-724x1024-1.jpg\" alt=\"\" class=\"wp-image-525\" srcset=\"https:\/\/naturalpharmaceuticals.eu\/wp-content\/uploads\/sites\/2\/2020\/10\/Product-Specification-SALfresh-Extra-Virgin-2017_Strona_3-724x1024-1.jpg 724w, https:\/\/naturalpharmaceuticals.eu\/wp-content\/uploads\/sites\/2\/2020\/10\/Product-Specification-SALfresh-Extra-Virgin-2017_Strona_3-724x1024-1-212x300.jpg 212w\" sizes=\"auto, (max-width: 724px) 100vw, 724px\" \/><\/a><\/figure>\n\n\n\n<p><\/p>\n<\/div>\n<\/div>\n","protected":false},"excerpt":{"rendered":"<p>Helyes gy\u00e1rt\u00e1si gyakorlat&nbsp; \u00c9trend-kieg\u00e9sz\u00edt\u0151inket a helyes gy\u00e1rt\u00e1si gyakorlat (GMP \u2013 Good&nbsp;Manufacturing&nbsp;Practice) szerint \u00e1ll\u00edtj\u00e1k el\u0151, amely egy a gy\u00f3gyszeripar \u00e9s az \u00e9lelmiszeripar \u00e1ltal haszn\u00e1lt nemzetk\u00f6zi szabv\u00e1ny. Ezek a szabv\u00e1nyok garant\u00e1lj\u00e1k \u00f6sszetev\u0151ink magas min\u0151s\u00e9g\u00e9t \u00e9s tisztas\u00e1g\u00e1t, valamint biztos\u00edtj\u00e1k ezen \u00f6sszetev\u0151k eredet\u00e9nek \u00e9s&#x2026; <\/p>\n<p class=\"more-link-container th-uppercase\"><a href=\"https:\/\/naturalpharmaceuticals.eu\/hu\/garanciaink\/\" class=\"more-link\">Read More <span class=\"screen-reader-text\">Garanci\u00e1ink<\/span><\/a><\/p>\n","protected":false},"author":1,"featured_media":0,"parent":0,"menu_order":0,"comment_status":"closed","ping_status":"closed","template":"templates\/grid-full-width-page.php","meta":{"ub_ctt_via":"","footnotes":""},"class_list":["post-4323","page","type-page","status-publish","hentry"],"featured_image_src":null,"yoast_head":"<!-- This site is optimized with the Yoast SEO plugin v24.4 - https:\/\/yoast.com\/wordpress\/plugins\/seo\/ -->\n<title>Garanci\u00e1ink - Natural Pharmaceuticals<\/title>\n<meta name=\"robots\" content=\"index, follow, max-snippet:-1, max-image-preview:large, max-video-preview:-1\" \/>\n<link rel=\"canonical\" href=\"https:\/\/naturalpharmaceuticals.eu\/hu\/garanciaink\/\" \/>\n<meta property=\"og:locale\" content=\"hu_HU\" \/>\n<meta property=\"og:type\" content=\"article\" \/>\n<meta property=\"og:title\" content=\"Garanci\u00e1ink - Natural Pharmaceuticals\" \/>\n<meta property=\"og:description\" content=\"Helyes gy\u00e1rt\u00e1si gyakorlat&nbsp; \u00c9trend-kieg\u00e9sz\u00edt\u0151inket a helyes gy\u00e1rt\u00e1si gyakorlat (GMP \u2013 Good&nbsp;Manufacturing&nbsp;Practice) szerint \u00e1ll\u00edtj\u00e1k el\u0151, amely egy a gy\u00f3gyszeripar \u00e9s az \u00e9lelmiszeripar \u00e1ltal haszn\u00e1lt nemzetk\u00f6zi szabv\u00e1ny. Ezek a szabv\u00e1nyok garant\u00e1lj\u00e1k \u00f6sszetev\u0151ink magas min\u0151s\u00e9g\u00e9t \u00e9s tisztas\u00e1g\u00e1t, valamint biztos\u00edtj\u00e1k ezen \u00f6sszetev\u0151k eredet\u00e9nek \u00e9s&#x2026; Read More Garanci\u00e1ink\" \/>\n<meta property=\"og:url\" content=\"https:\/\/naturalpharmaceuticals.eu\/hu\/garanciaink\/\" \/>\n<meta property=\"og:site_name\" content=\"Natural Pharmaceuticals\" \/>\n<meta property=\"article:modified_time\" content=\"2023-06-13T09:01:36+00:00\" \/>\n<meta property=\"og:image\" content=\"https:\/\/naturalpharmaceuticals.eu\/wp-content\/uploads\/sites\/2\/2020\/10\/Statement-GMP-26-724x1024.jpg\" \/>\n<meta name=\"twitter:card\" content=\"summary_large_image\" \/>\n<meta name=\"twitter:label1\" content=\"Becs\u00fclt olvas\u00e1si id\u0151\" \/>\n\t<meta name=\"twitter:data1\" content=\"3 perc\" \/>\n<script type=\"application\/ld+json\" class=\"yoast-schema-graph\">{\"@context\":\"https:\/\/schema.org\",\"@graph\":[{\"@type\":\"WebPage\",\"@id\":\"https:\/\/naturalpharmaceuticals.eu\/hu\/garanciaink\/\",\"url\":\"https:\/\/naturalpharmaceuticals.eu\/hu\/garanciaink\/\",\"name\":\"Garanci\u00e1ink - Natural Pharmaceuticals\",\"isPartOf\":{\"@id\":\"https:\/\/naturalpharmaceuticals.eu\/hu\/#website\"},\"primaryImageOfPage\":{\"@id\":\"https:\/\/naturalpharmaceuticals.eu\/hu\/garanciaink\/#primaryimage\"},\"image\":{\"@id\":\"https:\/\/naturalpharmaceuticals.eu\/hu\/garanciaink\/#primaryimage\"},\"thumbnailUrl\":\"https:\/\/naturalpharmaceuticals.eu\/wp-content\/uploads\/sites\/2\/2020\/10\/Statement-GMP-26-724x1024.jpg\",\"datePublished\":\"2021-05-18T13:13:25+00:00\",\"dateModified\":\"2023-06-13T09:01:36+00:00\",\"breadcrumb\":{\"@id\":\"https:\/\/naturalpharmaceuticals.eu\/hu\/garanciaink\/#breadcrumb\"},\"inLanguage\":\"hu\",\"potentialAction\":[{\"@type\":\"ReadAction\",\"target\":[\"https:\/\/naturalpharmaceuticals.eu\/hu\/garanciaink\/\"]}]},{\"@type\":\"ImageObject\",\"inLanguage\":\"hu\",\"@id\":\"https:\/\/naturalpharmaceuticals.eu\/hu\/garanciaink\/#primaryimage\",\"url\":\"https:\/\/naturalpharmaceuticals.eu\/wp-content\/uploads\/sites\/2\/2020\/10\/Statement-GMP-26-724x1024.jpg\",\"contentUrl\":\"https:\/\/naturalpharmaceuticals.eu\/wp-content\/uploads\/sites\/2\/2020\/10\/Statement-GMP-26-724x1024.jpg\"},{\"@type\":\"BreadcrumbList\",\"@id\":\"https:\/\/naturalpharmaceuticals.eu\/hu\/garanciaink\/#breadcrumb\",\"itemListElement\":[{\"@type\":\"ListItem\",\"position\":1,\"name\":\"Home\",\"item\":\"https:\/\/naturalpharmaceuticals.eu\/hu\/\"},{\"@type\":\"ListItem\",\"position\":2,\"name\":\"Garanci\u00e1ink\"}]},{\"@type\":\"WebSite\",\"@id\":\"https:\/\/naturalpharmaceuticals.eu\/hu\/#website\",\"url\":\"https:\/\/naturalpharmaceuticals.eu\/hu\/\",\"name\":\"Natural Pharmaceuticals\",\"description\":\"\",\"publisher\":{\"@id\":\"https:\/\/naturalpharmaceuticals.eu\/hu\/#organization\"},\"potentialAction\":[{\"@type\":\"SearchAction\",\"target\":{\"@type\":\"EntryPoint\",\"urlTemplate\":\"https:\/\/naturalpharmaceuticals.eu\/hu\/?s={search_term_string}\"},\"query-input\":{\"@type\":\"PropertyValueSpecification\",\"valueRequired\":true,\"valueName\":\"search_term_string\"}}],\"inLanguage\":\"hu\"},{\"@type\":\"Organization\",\"@id\":\"https:\/\/naturalpharmaceuticals.eu\/hu\/#organization\",\"name\":\"Natural Pharmaceuticals\",\"url\":\"https:\/\/naturalpharmaceuticals.eu\/hu\/\",\"logo\":{\"@type\":\"ImageObject\",\"inLanguage\":\"hu\",\"@id\":\"https:\/\/naturalpharmaceuticals.eu\/hu\/#\/schema\/logo\/image\/\",\"url\":\"https:\/\/naturalpharmaceuticals.eu\/wp-content\/uploads\/sites\/2\/2020\/11\/cropped-natural-pharmaceuticals-logo.png\",\"contentUrl\":\"https:\/\/naturalpharmaceuticals.eu\/wp-content\/uploads\/sites\/2\/2020\/11\/cropped-natural-pharmaceuticals-logo.png\",\"width\":900,\"height\":323,\"caption\":\"Natural Pharmaceuticals\"},\"image\":{\"@id\":\"https:\/\/naturalpharmaceuticals.eu\/hu\/#\/schema\/logo\/image\/\"}}]}<\/script>\n<!-- \/ Yoast SEO plugin. -->","yoast_head_json":{"title":"Garanci\u00e1ink - Natural Pharmaceuticals","robots":{"index":"index","follow":"follow","max-snippet":"max-snippet:-1","max-image-preview":"max-image-preview:large","max-video-preview":"max-video-preview:-1"},"canonical":"https:\/\/naturalpharmaceuticals.eu\/hu\/garanciaink\/","og_locale":"hu_HU","og_type":"article","og_title":"Garanci\u00e1ink - Natural Pharmaceuticals","og_description":"Helyes gy\u00e1rt\u00e1si gyakorlat&nbsp; \u00c9trend-kieg\u00e9sz\u00edt\u0151inket a helyes gy\u00e1rt\u00e1si gyakorlat (GMP \u2013 Good&nbsp;Manufacturing&nbsp;Practice) szerint \u00e1ll\u00edtj\u00e1k el\u0151, amely egy a gy\u00f3gyszeripar \u00e9s az \u00e9lelmiszeripar \u00e1ltal haszn\u00e1lt nemzetk\u00f6zi szabv\u00e1ny. Ezek a szabv\u00e1nyok garant\u00e1lj\u00e1k \u00f6sszetev\u0151ink magas min\u0151s\u00e9g\u00e9t \u00e9s tisztas\u00e1g\u00e1t, valamint biztos\u00edtj\u00e1k ezen \u00f6sszetev\u0151k eredet\u00e9nek \u00e9s&#x2026; Read More Garanci\u00e1ink","og_url":"https:\/\/naturalpharmaceuticals.eu\/hu\/garanciaink\/","og_site_name":"Natural Pharmaceuticals","article_modified_time":"2023-06-13T09:01:36+00:00","og_image":[{"url":"https:\/\/naturalpharmaceuticals.eu\/wp-content\/uploads\/sites\/2\/2020\/10\/Statement-GMP-26-724x1024.jpg","type":"","width":"","height":""}],"twitter_card":"summary_large_image","twitter_misc":{"Becs\u00fclt olvas\u00e1si id\u0151":"3 perc"},"schema":{"@context":"https:\/\/schema.org","@graph":[{"@type":"WebPage","@id":"https:\/\/naturalpharmaceuticals.eu\/hu\/garanciaink\/","url":"https:\/\/naturalpharmaceuticals.eu\/hu\/garanciaink\/","name":"Garanci\u00e1ink - Natural Pharmaceuticals","isPartOf":{"@id":"https:\/\/naturalpharmaceuticals.eu\/hu\/#website"},"primaryImageOfPage":{"@id":"https:\/\/naturalpharmaceuticals.eu\/hu\/garanciaink\/#primaryimage"},"image":{"@id":"https:\/\/naturalpharmaceuticals.eu\/hu\/garanciaink\/#primaryimage"},"thumbnailUrl":"https:\/\/naturalpharmaceuticals.eu\/wp-content\/uploads\/sites\/2\/2020\/10\/Statement-GMP-26-724x1024.jpg","datePublished":"2021-05-18T13:13:25+00:00","dateModified":"2023-06-13T09:01:36+00:00","breadcrumb":{"@id":"https:\/\/naturalpharmaceuticals.eu\/hu\/garanciaink\/#breadcrumb"},"inLanguage":"hu","potentialAction":[{"@type":"ReadAction","target":["https:\/\/naturalpharmaceuticals.eu\/hu\/garanciaink\/"]}]},{"@type":"ImageObject","inLanguage":"hu","@id":"https:\/\/naturalpharmaceuticals.eu\/hu\/garanciaink\/#primaryimage","url":"https:\/\/naturalpharmaceuticals.eu\/wp-content\/uploads\/sites\/2\/2020\/10\/Statement-GMP-26-724x1024.jpg","contentUrl":"https:\/\/naturalpharmaceuticals.eu\/wp-content\/uploads\/sites\/2\/2020\/10\/Statement-GMP-26-724x1024.jpg"},{"@type":"BreadcrumbList","@id":"https:\/\/naturalpharmaceuticals.eu\/hu\/garanciaink\/#breadcrumb","itemListElement":[{"@type":"ListItem","position":1,"name":"Home","item":"https:\/\/naturalpharmaceuticals.eu\/hu\/"},{"@type":"ListItem","position":2,"name":"Garanci\u00e1ink"}]},{"@type":"WebSite","@id":"https:\/\/naturalpharmaceuticals.eu\/hu\/#website","url":"https:\/\/naturalpharmaceuticals.eu\/hu\/","name":"Natural Pharmaceuticals","description":"","publisher":{"@id":"https:\/\/naturalpharmaceuticals.eu\/hu\/#organization"},"potentialAction":[{"@type":"SearchAction","target":{"@type":"EntryPoint","urlTemplate":"https:\/\/naturalpharmaceuticals.eu\/hu\/?s={search_term_string}"},"query-input":{"@type":"PropertyValueSpecification","valueRequired":true,"valueName":"search_term_string"}}],"inLanguage":"hu"},{"@type":"Organization","@id":"https:\/\/naturalpharmaceuticals.eu\/hu\/#organization","name":"Natural Pharmaceuticals","url":"https:\/\/naturalpharmaceuticals.eu\/hu\/","logo":{"@type":"ImageObject","inLanguage":"hu","@id":"https:\/\/naturalpharmaceuticals.eu\/hu\/#\/schema\/logo\/image\/","url":"https:\/\/naturalpharmaceuticals.eu\/wp-content\/uploads\/sites\/2\/2020\/11\/cropped-natural-pharmaceuticals-logo.png","contentUrl":"https:\/\/naturalpharmaceuticals.eu\/wp-content\/uploads\/sites\/2\/2020\/11\/cropped-natural-pharmaceuticals-logo.png","width":900,"height":323,"caption":"Natural Pharmaceuticals"},"image":{"@id":"https:\/\/naturalpharmaceuticals.eu\/hu\/#\/schema\/logo\/image\/"}}]}},"jetpack_sharing_enabled":true,"_links":{"self":[{"href":"https:\/\/naturalpharmaceuticals.eu\/hu\/wp-json\/wp\/v2\/pages\/4323","targetHints":{"allow":["GET"]}}],"collection":[{"href":"https:\/\/naturalpharmaceuticals.eu\/hu\/wp-json\/wp\/v2\/pages"}],"about":[{"href":"https:\/\/naturalpharmaceuticals.eu\/hu\/wp-json\/wp\/v2\/types\/page"}],"author":[{"embeddable":true,"href":"https:\/\/naturalpharmaceuticals.eu\/hu\/wp-json\/wp\/v2\/users\/1"}],"replies":[{"embeddable":true,"href":"https:\/\/naturalpharmaceuticals.eu\/hu\/wp-json\/wp\/v2\/comments?post=4323"}],"version-history":[{"count":3,"href":"https:\/\/naturalpharmaceuticals.eu\/hu\/wp-json\/wp\/v2\/pages\/4323\/revisions"}],"predecessor-version":[{"id":19347,"href":"https:\/\/naturalpharmaceuticals.eu\/hu\/wp-json\/wp\/v2\/pages\/4323\/revisions\/19347"}],"wp:attachment":[{"href":"https:\/\/naturalpharmaceuticals.eu\/hu\/wp-json\/wp\/v2\/media?parent=4323"}],"curies":[{"name":"wp","href":"https:\/\/api.w.org\/{rel}","templated":true}]}}