{"id":4492,"date":"2021-05-19T08:49:33","date_gmt":"2021-05-19T08:49:33","guid":{"rendered":"https:\/\/naturalpharmaceuticals.eu\/?page_id=4492"},"modified":"2021-11-16T09:00:05","modified_gmt":"2021-11-16T09:00:05","slug":"magnezium-b6","status":"publish","type":"page","link":"https:\/\/naturalpharmaceuticals.eu\/hu\/termekeink\/magnezium-b6\/","title":{"rendered":"Magnezium B6+"},"content":{"rendered":"\n<div class=\"wp-block-group\"><div class=\"wp-block-group__inner-container is-layout-flow wp-block-group-is-layout-flow\">\n<div class=\"wp-block-columns is-layout-flex wp-container-core-columns-is-layout-1 wp-block-columns-is-layout-flex\">\n<div class=\"wp-block-column is-layout-flow wp-block-column-is-layout-flow\">\n<figure class=\"wp-block-image size-large sticky\"><img loading=\"lazy\" decoding=\"async\" width=\"768\" height=\"768\" src=\"https:\/\/naturalpharmaceuticals.eu\/wp-content\/uploads\/sites\/2\/2020\/12\/MG_www_768x768.png\" alt=\"\" class=\"wp-image-1071\" srcset=\"https:\/\/naturalpharmaceuticals.eu\/wp-content\/uploads\/sites\/2\/2020\/12\/MG_www_768x768.png 768w, https:\/\/naturalpharmaceuticals.eu\/wp-content\/uploads\/sites\/2\/2020\/12\/MG_www_768x768-300x300.png 300w, https:\/\/naturalpharmaceuticals.eu\/wp-content\/uploads\/sites\/2\/2020\/12\/MG_www_768x768-150x150.png 150w, https:\/\/naturalpharmaceuticals.eu\/wp-content\/uploads\/sites\/2\/2020\/12\/MG_www_768x768-200x200.png 200w\" sizes=\"auto, (max-width: 768px) 100vw, 768px\" \/><\/figure>\n<\/div>\n\n\n\n<div class=\"wp-block-column product-info-frame is-layout-flow wp-block-column-is-layout-flow\">\n<p style=\"font-size:18px\"><strong>Magnezium B6+<\/strong><\/p>\n\n\n\n<ul class=\"list-style-check-sign line-height-2 wp-block-list\"><li>Hozz\u00e1j\u00e1rul a f\u00e1radts\u00e1g \u00e9s a kif\u00e1rad\u00e1s cs\u00f6kkent\u00e9s\u00e9hez&nbsp;&nbsp;<\/li><li>Hozz\u00e1j\u00e1rul az idegrendszer norm\u00e1l m\u0171k\u00f6d\u00e9s\u00e9hez \u00e9s a norm\u00e1l pszichol\u00f3giai funkci\u00f3k fenntart\u00e1s\u00e1hoz&nbsp;<\/li><li>Hozz\u00e1j\u00e1rul a norm\u00e1l izomm\u0171k\u00f6d\u00e9shez \u00e9s az elektrolit egyens\u00faly fenntart\u00e1s\u00e1hoz&nbsp;<\/li><li>B6-vitaminnal d\u00fas\u00edtva&nbsp;&nbsp;<\/li><li>K\u00e9t tabletta naponta&nbsp;<\/li><\/ul>\n\n\n\n<p><\/p>\n<\/div>\n<\/div>\n<\/div><\/div>\n\n\n\n<div class=\"packshot-bg-wrapper\"><div class=\"full-width-inside-container packshot-bg packshot-bg-mg\"><\/div><\/div>\n\n\n\n<p>A\u00a0Magnezium B6+\u00a0kulcsfontoss\u00e1g\u00fa \u00f6sszetev\u0151inek az emberi szervezetben bet\u00f6lt\u00f6tt szerep\u00e9t, eg\u00e9szs\u00e9gre vonatkoz\u00f3 \u00e1ll\u00edt\u00e1sait pozit\u00edvan \u00e9rt\u00e9kelte az Eur\u00f3pai \u00c9lelmiszerbiztons\u00e1gi Hat\u00f3s\u00e1g (EFSA):<\/p>\n\n\n\n<p>A magn\u00e9zium \u00e9s a B6-vitamin hozz\u00e1j\u00e1rulnak a f\u00e1radts\u00e1g \u00e9s a kif\u00e1rad\u00e1s cs\u00f6kkent\u00e9s\u00e9hez.&nbsp;<br>A magn\u00e9zium, a r\u00e9z \u00e9s a B6-vitamin hozz\u00e1j\u00e1rulnak az idegrendszer norm\u00e1l m\u0171k\u00f6d\u00e9s\u00e9hez.&nbsp;<br>A magn\u00e9zium \u00e9s a B6-vitamin hozz\u00e1j\u00e1rulnak a norm\u00e1l pszichol\u00f3giai funkci\u00f3k fenntart\u00e1s\u00e1hoz.&nbsp;<br>A cink hozz\u00e1j\u00e1rul a norm\u00e1l kognit\u00edv funkci\u00f3k fenntart\u00e1s\u00e1hoz.&nbsp;<br>A magn\u00e9zium \u00e9s a D-vitamin hozz\u00e1j\u00e1rulnak a norm\u00e1l izomm\u0171k\u00f6d\u00e9s fenntart\u00e1s\u00e1hoz.&nbsp;<br>A magn\u00e9zium hozz\u00e1j\u00e1rul az elektrolit egyens\u00faly fenntart\u00e1s\u00e1hoz.&nbsp;<\/p>\n\n\n<div role=\"tabpanel\" class=\"wp-block-ub-tabbed-content-tab-content-wrap ub-hide\"\n        id=\"ub-tabbed-content--panel-0\" aria-labelledby=\"ub-tabbed-content--tab-0\" tabindex=\"0\">\n\n<p><a href=\"https:\/\/nordicmed.natural.pl\/?page_id=326\">Preview in new tab(opens in a new tab)<\/a><\/p>\n\n\n\n<p>reviews<\/p>\n\n<\/div>\n\n<div role=\"tabpanel\" class=\"wp-block-ub-tabbed-content-tab-content-wrap ub-hide\"\n        id=\"ub-tabbed-content--panel-1\" aria-labelledby=\"ub-tabbed-content--tab-1\" tabindex=\"0\">\n\n<p><\/p>\n\n<\/div>\n\n<div role=\"tabpanel\" class=\"wp-block-ub-tabbed-content-tab-content-wrap ub-hide\"\n        id=\"ub-tabbed-content--panel-2\" aria-labelledby=\"ub-tabbed-content--tab-2\" tabindex=\"0\">\n\n<p><\/p>\n\n<\/div>\n\n<div class=\"wp-block-ub-tabbed-content-block wp-block-ub-tabbed-content wp-block-ub-tabbed-content-holder wp-block-ub-tabbed-content-horizontal-holder-mobile wp-block-ub-tabbed-content-horizontal-holder-tablet\" id=\"ub-tabbed-content-2f223cc0-eb56-4b11-8612-e419fe51b8b5\">\n\t\t\t<div class=\"wp-block-ub-tabbed-content-tab-holder horizontal-tab-width-mobile horizontal-tab-width-tablet\">\n\t\t\t\t<div role=\"tablist\" class=\"wp-block-ub-tabbed-content-tabs-title wp-block-ub-tabbed-content-tabs-title-mobile-horizontal-tab wp-block-ub-tabbed-content-tabs-title-tablet-horizontal-tab\"><div role=\"tab\" id=\"ub-tabbed-content-2f223cc0-eb56-4b11-8612-e419fe51b8b5-tab-0\" aria-controls=\"ub-tabbed-content-2f223cc0-eb56-4b11-8612-e419fe51b8b5-panel-0\" aria-selected=\"true\" class=\"wp-block-ub-tabbed-content-tab-title-wrap active\" style=\"\" tabindex=\"-1\">\n\t\t\t\t<div class=\"wp-block-ub-tabbed-content-tab-title\">T\u00e1pl\u00e1lkoz\u00e1si inform\u00e1ci\u00f3k<\/div>\n\t\t\t<\/div><\/div>\n\t\t\t<\/div>\n\t\t\t<div class=\"wp-block-ub-tabbed-content-tabs-content\" style=\"\"><div role=\"tabpanel\" class=\"wp-block-ub-tabbed-content-tab-content-wrap active\"\n        id=\"ub-tabbed-content-2f223cc0-eb56-4b11-8612-e419fe51b8b5-panel-0\" aria-labelledby=\"ub-tabbed-content-2f223cc0-eb56-4b11-8612-e419fe51b8b5-tab-0\" tabindex=\"0\">\n\n<p>Magnezium B6+<\/p>\n\n\n\n<figure class=\"wp-block-table is-style-borders\"><table class=\"has-fixed-layout\"><thead><tr><th><strong>\u00d6sszetev\u0151k<\/strong><\/th><th><strong>2 <strong>tabletta<\/strong><\/strong><\/th><th>NRV *<\/th><\/tr><\/thead><tbody><tr><td>Magn\u00e9zium<\/td><td>300 mg<\/td><td>80<\/td><\/tr><tr><td>Cink<\/td><td>10 mg<\/td><td>100<\/td><\/tr><tr><td>D3-Vitamin (kolekalciferol)<\/td><td>10 \u03bcg <\/td><td>200<\/td><\/tr><tr><td>R\u00e9z<\/td><td>1 mg<\/td><td>100<\/td><\/tr><tr><td>B6-Vitamin<\/td><td>1.4 mg<\/td><td>100<\/td><\/tr><\/tbody><\/table><\/figure>\n\n\n\n<p>* Aj\u00e1nlott Napi Bevitel (NRV) mennyis\u00e9g\u00e9nek %-a&nbsp;<\/p>\n\n\n\n<p><strong>\u00d6sszetev\u0151k:<\/strong>\u202fmagn\u00e9zium-hidroxid,&nbsp;inulin, s\u0171r\u00edt\u0151&nbsp;anyag (cellul\u00f3z, zs\u00edrsavak magn\u00e9zium s\u00f3i, keresztk\u00f6t\u00e9s\u0171&nbsp;n\u00e1trium-karboxi-metil-cellul\u00f3z), csom\u00f3sod\u00e1st g\u00e1tl\u00f3 anyag (trikalcium-foszf\u00e1t), cink-oxid,&nbsp;kolekalciferol, r\u00e9z-szulf\u00e1t (II),&nbsp;piridoxin-kl\u00f3rhidr\u00e1t, f\u00e9nyez\u0151anyag (hidroxipropil-metilcellul\u00f3z).&nbsp;<\/p>\n\n\n\n<p><strong>Magnezium&nbsp;B6+ \u2013 k\u00e9t tabletta naponta<\/strong>&nbsp;<\/p>\n\n\n\n<p><strong>Alkalmaz\u00e1sa:&nbsp;<\/strong>A term\u00e9k c\u00e9lja, hogy seg\u00edtsen cs\u00f6kkenteni a stresszt \u00e9s a f\u00e1radts\u00e1got (magn\u00e9zium), \u00e9s seg\u00edt kezelni a mindennapi stresszt.&nbsp;<\/p>\n\n\n\n<p><strong>Javasolt napi adag:<\/strong>&nbsp;2 tabletta&nbsp;<\/p>\n\n\n\n<p><strong>Nett\u00f3&nbsp;t\u00f6meg:&nbsp;<\/strong>162 g (360 db 450 mg-os tabletta t\u00e9gelyenk\u00e9nt)&nbsp;<\/p>\n\n\n\n<p>Az \u00e9trend-kieg\u00e9sz\u00edt\u0151k nem helyettes\u00edtik a kiegyens\u00falyozott, v\u00e1ltozatos \u00e9trendet. A term\u00e9k kisgyermekek el\u0151l elz\u00e1rva tartand\u00f3! Ne l\u00e9pje t\u00fal a napi aj\u00e1nlott mennyis\u00e9get!&nbsp;<\/p>\n\n\n\n<p><strong>Min\u0151s\u00e9g\u00e9t meg\u0151rzi:<\/strong>\u202fa csomagol\u00e1s alj\u00e1n jelzett id\u0151pontig.&nbsp;<\/p>\n\n\n\n<p><strong>Gy\u00e1rt\u00e1si sz\u00e1m:<\/strong>\u202fa csomagol\u00e1s alj\u00e1n tal\u00e1lhat\u00f3.&nbsp;&nbsp;<\/p>\n\n\n\n<p><strong>T\u00e1rol\u00e1s:<\/strong>\u202fLegfeljebb 25\u00b0C-on, f\u00e9nyt\u0151l \u00e9s nedvess\u00e9gt\u0151l v\u00e9dve t\u00e1roland\u00f3.&nbsp;<\/p>\n\n\n\n<p><strong>Gy\u00e1rt\u00f3:<\/strong>&nbsp;Pharmatech&nbsp;AS,&nbsp;Postboks&nbsp;85, 1664&nbsp;Rolvsoy, Norv\u00e9gia&nbsp;<\/p>\n\n\n\n<p><strong>Forgalmaz\u00f3<\/strong>:&nbsp;Natural&nbsp;Pharmaceuticals&nbsp;Sp.z.o.o&nbsp;Domaniewska&nbsp;28, 02-672 Vars\u00f3, Lengyelorsz\u00e1g<\/p>\n\n\n\n<p><\/p>\n\n<\/div><\/div>\n\t\t<\/div>\n\n\n<figure class=\"wp-block-image alignfull size-full\"><img loading=\"lazy\" decoding=\"async\" width=\"1520\" height=\"500\" src=\"https:\/\/naturalpharmaceuticals.eu\/wp-content\/uploads\/sites\/2\/2021\/03\/Natural_Pharmaceuticals_MagneziumB6_IMG_9830_magnezium_a.jpg\" alt=\"\" class=\"wp-image-2678\" srcset=\"https:\/\/naturalpharmaceuticals.eu\/wp-content\/uploads\/sites\/2\/2021\/03\/Natural_Pharmaceuticals_MagneziumB6_IMG_9830_magnezium_a.jpg 1520w, https:\/\/naturalpharmaceuticals.eu\/wp-content\/uploads\/sites\/2\/2021\/03\/Natural_Pharmaceuticals_MagneziumB6_IMG_9830_magnezium_a-300x99.jpg 300w, https:\/\/naturalpharmaceuticals.eu\/wp-content\/uploads\/sites\/2\/2021\/03\/Natural_Pharmaceuticals_MagneziumB6_IMG_9830_magnezium_a-1024x337.jpg 1024w, https:\/\/naturalpharmaceuticals.eu\/wp-content\/uploads\/sites\/2\/2021\/03\/Natural_Pharmaceuticals_MagneziumB6_IMG_9830_magnezium_a-768x253.jpg 768w\" sizes=\"auto, (max-width: 1520px) 100vw, 1520px\" \/><\/figure>\n","protected":false},"excerpt":{"rendered":"<p>Magnezium B6+ Hozz\u00e1j\u00e1rul a f\u00e1radts\u00e1g \u00e9s a kif\u00e1rad\u00e1s cs\u00f6kkent\u00e9s\u00e9hez&nbsp;&nbsp; Hozz\u00e1j\u00e1rul az idegrendszer norm\u00e1l m\u0171k\u00f6d\u00e9s\u00e9hez \u00e9s a norm\u00e1l pszichol\u00f3giai funkci\u00f3k fenntart\u00e1s\u00e1hoz&nbsp; Hozz\u00e1j\u00e1rul a norm\u00e1l izomm\u0171k\u00f6d\u00e9shez \u00e9s az elektrolit egyens\u00faly fenntart\u00e1s\u00e1hoz&nbsp; B6-vitaminnal d\u00fas\u00edtva&nbsp;&nbsp; K\u00e9t tabletta naponta&nbsp; A\u00a0Magnezium B6+\u00a0kulcsfontoss\u00e1g\u00fa \u00f6sszetev\u0151inek az emberi szervezetben&#x2026; <\/p>\n<p class=\"more-link-container th-uppercase\"><a href=\"https:\/\/naturalpharmaceuticals.eu\/hu\/termekeink\/magnezium-b6\/\" class=\"more-link\">Read More <span class=\"screen-reader-text\">Magnezium B6+<\/span><\/a><\/p>\n","protected":false},"author":1,"featured_media":4374,"parent":4353,"menu_order":0,"comment_status":"closed","ping_status":"closed","template":"templates\/grid-full-width-page.php","meta":{"ub_ctt_via":"","footnotes":""},"class_list":["post-4492","page","type-page","status-publish","has-post-thumbnail","hentry"],"featured_image_src":"https:\/\/naturalpharmaceuticals.eu\/wp-content\/uploads\/sites\/2\/2020\/12\/PL_banner_760x300_v2_16_Natural_Pharmaceuticals_Magnezium_B6_plus.jpg","yoast_head":"<!-- This site is optimized with the Yoast SEO plugin v24.4 - https:\/\/yoast.com\/wordpress\/plugins\/seo\/ -->\n<title>Magnezium B6+ - Natural Pharmaceuticals<\/title>\n<meta name=\"robots\" content=\"index, follow, max-snippet:-1, max-image-preview:large, max-video-preview:-1\" \/>\n<link rel=\"canonical\" href=\"https:\/\/naturalpharmaceuticals.eu\/hu\/termekeink\/magnezium-b6\/\" \/>\n<meta property=\"og:locale\" content=\"hu_HU\" \/>\n<meta property=\"og:type\" content=\"article\" \/>\n<meta property=\"og:title\" content=\"Magnezium B6+ - Natural Pharmaceuticals\" \/>\n<meta property=\"og:description\" content=\"Magnezium B6+ Hozz\u00e1j\u00e1rul a f\u00e1radts\u00e1g \u00e9s a kif\u00e1rad\u00e1s cs\u00f6kkent\u00e9s\u00e9hez&nbsp;&nbsp; Hozz\u00e1j\u00e1rul az idegrendszer norm\u00e1l m\u0171k\u00f6d\u00e9s\u00e9hez \u00e9s a norm\u00e1l pszichol\u00f3giai funkci\u00f3k fenntart\u00e1s\u00e1hoz&nbsp; Hozz\u00e1j\u00e1rul a norm\u00e1l izomm\u0171k\u00f6d\u00e9shez \u00e9s az elektrolit egyens\u00faly fenntart\u00e1s\u00e1hoz&nbsp; B6-vitaminnal d\u00fas\u00edtva&nbsp;&nbsp; K\u00e9t tabletta naponta&nbsp; A\u00a0Magnezium B6+\u00a0kulcsfontoss\u00e1g\u00fa \u00f6sszetev\u0151inek az emberi szervezetben&#x2026; Read More Magnezium B6+\" \/>\n<meta property=\"og:url\" content=\"https:\/\/naturalpharmaceuticals.eu\/hu\/termekeink\/magnezium-b6\/\" \/>\n<meta property=\"og:site_name\" content=\"Natural Pharmaceuticals\" \/>\n<meta property=\"article:modified_time\" content=\"2021-11-16T09:00:05+00:00\" \/>\n<meta property=\"og:image\" content=\"https:\/\/naturalpharmaceuticals.eu\/wp-content\/uploads\/sites\/2\/2020\/12\/PL_banner_760x300_v2_16_Natural_Pharmaceuticals_Magnezium_B6_plus.jpg\" \/>\n\t<meta property=\"og:image:width\" content=\"760\" \/>\n\t<meta property=\"og:image:height\" content=\"300\" \/>\n\t<meta property=\"og:image:type\" content=\"image\/jpeg\" \/>\n<meta name=\"twitter:card\" content=\"summary_large_image\" \/>\n<meta name=\"twitter:label1\" content=\"Becs\u00fclt olvas\u00e1si id\u0151\" \/>\n\t<meta name=\"twitter:data1\" content=\"2 perc\" \/>\n<script type=\"application\/ld+json\" class=\"yoast-schema-graph\">{\"@context\":\"https:\/\/schema.org\",\"@graph\":[{\"@type\":\"WebPage\",\"@id\":\"https:\/\/naturalpharmaceuticals.eu\/hu\/termekeink\/magnezium-b6\/\",\"url\":\"https:\/\/naturalpharmaceuticals.eu\/hu\/termekeink\/magnezium-b6\/\",\"name\":\"Magnezium B6+ - Natural Pharmaceuticals\",\"isPartOf\":{\"@id\":\"https:\/\/naturalpharmaceuticals.eu\/hu\/#website\"},\"primaryImageOfPage\":{\"@id\":\"https:\/\/naturalpharmaceuticals.eu\/hu\/termekeink\/magnezium-b6\/#primaryimage\"},\"image\":{\"@id\":\"https:\/\/naturalpharmaceuticals.eu\/hu\/termekeink\/magnezium-b6\/#primaryimage\"},\"thumbnailUrl\":\"https:\/\/naturalpharmaceuticals.eu\/wp-content\/uploads\/sites\/2\/2020\/12\/PL_banner_760x300_v2_16_Natural_Pharmaceuticals_Magnezium_B6_plus.jpg\",\"datePublished\":\"2021-05-19T08:49:33+00:00\",\"dateModified\":\"2021-11-16T09:00:05+00:00\",\"breadcrumb\":{\"@id\":\"https:\/\/naturalpharmaceuticals.eu\/hu\/termekeink\/magnezium-b6\/#breadcrumb\"},\"inLanguage\":\"hu\",\"potentialAction\":[{\"@type\":\"ReadAction\",\"target\":[\"https:\/\/naturalpharmaceuticals.eu\/hu\/termekeink\/magnezium-b6\/\"]}]},{\"@type\":\"ImageObject\",\"inLanguage\":\"hu\",\"@id\":\"https:\/\/naturalpharmaceuticals.eu\/hu\/termekeink\/magnezium-b6\/#primaryimage\",\"url\":\"https:\/\/naturalpharmaceuticals.eu\/wp-content\/uploads\/sites\/2\/2020\/12\/PL_banner_760x300_v2_16_Natural_Pharmaceuticals_Magnezium_B6_plus.jpg\",\"contentUrl\":\"https:\/\/naturalpharmaceuticals.eu\/wp-content\/uploads\/sites\/2\/2020\/12\/PL_banner_760x300_v2_16_Natural_Pharmaceuticals_Magnezium_B6_plus.jpg\",\"width\":760,\"height\":300},{\"@type\":\"BreadcrumbList\",\"@id\":\"https:\/\/naturalpharmaceuticals.eu\/hu\/termekeink\/magnezium-b6\/#breadcrumb\",\"itemListElement\":[{\"@type\":\"ListItem\",\"position\":1,\"name\":\"Home\",\"item\":\"https:\/\/naturalpharmaceuticals.eu\/hu\/\"},{\"@type\":\"ListItem\",\"position\":2,\"name\":\"Term\u00e9keink\",\"item\":\"https:\/\/naturalpharmaceuticals.eu\/hu\/termekeink\/\"},{\"@type\":\"ListItem\",\"position\":3,\"name\":\"Magnezium B6+\"}]},{\"@type\":\"WebSite\",\"@id\":\"https:\/\/naturalpharmaceuticals.eu\/hu\/#website\",\"url\":\"https:\/\/naturalpharmaceuticals.eu\/hu\/\",\"name\":\"Natural Pharmaceuticals\",\"description\":\"\",\"publisher\":{\"@id\":\"https:\/\/naturalpharmaceuticals.eu\/hu\/#organization\"},\"potentialAction\":[{\"@type\":\"SearchAction\",\"target\":{\"@type\":\"EntryPoint\",\"urlTemplate\":\"https:\/\/naturalpharmaceuticals.eu\/hu\/?s={search_term_string}\"},\"query-input\":{\"@type\":\"PropertyValueSpecification\",\"valueRequired\":true,\"valueName\":\"search_term_string\"}}],\"inLanguage\":\"hu\"},{\"@type\":\"Organization\",\"@id\":\"https:\/\/naturalpharmaceuticals.eu\/hu\/#organization\",\"name\":\"Natural Pharmaceuticals\",\"url\":\"https:\/\/naturalpharmaceuticals.eu\/hu\/\",\"logo\":{\"@type\":\"ImageObject\",\"inLanguage\":\"hu\",\"@id\":\"https:\/\/naturalpharmaceuticals.eu\/hu\/#\/schema\/logo\/image\/\",\"url\":\"https:\/\/naturalpharmaceuticals.eu\/wp-content\/uploads\/sites\/2\/2020\/11\/cropped-natural-pharmaceuticals-logo.png\",\"contentUrl\":\"https:\/\/naturalpharmaceuticals.eu\/wp-content\/uploads\/sites\/2\/2020\/11\/cropped-natural-pharmaceuticals-logo.png\",\"width\":900,\"height\":323,\"caption\":\"Natural Pharmaceuticals\"},\"image\":{\"@id\":\"https:\/\/naturalpharmaceuticals.eu\/hu\/#\/schema\/logo\/image\/\"}}]}<\/script>\n<!-- \/ Yoast SEO plugin. -->","yoast_head_json":{"title":"Magnezium B6+ - Natural Pharmaceuticals","robots":{"index":"index","follow":"follow","max-snippet":"max-snippet:-1","max-image-preview":"max-image-preview:large","max-video-preview":"max-video-preview:-1"},"canonical":"https:\/\/naturalpharmaceuticals.eu\/hu\/termekeink\/magnezium-b6\/","og_locale":"hu_HU","og_type":"article","og_title":"Magnezium B6+ - Natural Pharmaceuticals","og_description":"Magnezium B6+ Hozz\u00e1j\u00e1rul a f\u00e1radts\u00e1g \u00e9s a kif\u00e1rad\u00e1s cs\u00f6kkent\u00e9s\u00e9hez&nbsp;&nbsp; Hozz\u00e1j\u00e1rul az idegrendszer norm\u00e1l m\u0171k\u00f6d\u00e9s\u00e9hez \u00e9s a norm\u00e1l pszichol\u00f3giai funkci\u00f3k fenntart\u00e1s\u00e1hoz&nbsp; Hozz\u00e1j\u00e1rul a norm\u00e1l izomm\u0171k\u00f6d\u00e9shez \u00e9s az elektrolit egyens\u00faly fenntart\u00e1s\u00e1hoz&nbsp; B6-vitaminnal d\u00fas\u00edtva&nbsp;&nbsp; K\u00e9t tabletta naponta&nbsp; A\u00a0Magnezium B6+\u00a0kulcsfontoss\u00e1g\u00fa \u00f6sszetev\u0151inek az emberi szervezetben&#x2026; Read More Magnezium B6+","og_url":"https:\/\/naturalpharmaceuticals.eu\/hu\/termekeink\/magnezium-b6\/","og_site_name":"Natural Pharmaceuticals","article_modified_time":"2021-11-16T09:00:05+00:00","og_image":[{"width":760,"height":300,"url":"https:\/\/naturalpharmaceuticals.eu\/wp-content\/uploads\/sites\/2\/2020\/12\/PL_banner_760x300_v2_16_Natural_Pharmaceuticals_Magnezium_B6_plus.jpg","type":"image\/jpeg"}],"twitter_card":"summary_large_image","twitter_misc":{"Becs\u00fclt olvas\u00e1si id\u0151":"2 perc"},"schema":{"@context":"https:\/\/schema.org","@graph":[{"@type":"WebPage","@id":"https:\/\/naturalpharmaceuticals.eu\/hu\/termekeink\/magnezium-b6\/","url":"https:\/\/naturalpharmaceuticals.eu\/hu\/termekeink\/magnezium-b6\/","name":"Magnezium B6+ - Natural Pharmaceuticals","isPartOf":{"@id":"https:\/\/naturalpharmaceuticals.eu\/hu\/#website"},"primaryImageOfPage":{"@id":"https:\/\/naturalpharmaceuticals.eu\/hu\/termekeink\/magnezium-b6\/#primaryimage"},"image":{"@id":"https:\/\/naturalpharmaceuticals.eu\/hu\/termekeink\/magnezium-b6\/#primaryimage"},"thumbnailUrl":"https:\/\/naturalpharmaceuticals.eu\/wp-content\/uploads\/sites\/2\/2020\/12\/PL_banner_760x300_v2_16_Natural_Pharmaceuticals_Magnezium_B6_plus.jpg","datePublished":"2021-05-19T08:49:33+00:00","dateModified":"2021-11-16T09:00:05+00:00","breadcrumb":{"@id":"https:\/\/naturalpharmaceuticals.eu\/hu\/termekeink\/magnezium-b6\/#breadcrumb"},"inLanguage":"hu","potentialAction":[{"@type":"ReadAction","target":["https:\/\/naturalpharmaceuticals.eu\/hu\/termekeink\/magnezium-b6\/"]}]},{"@type":"ImageObject","inLanguage":"hu","@id":"https:\/\/naturalpharmaceuticals.eu\/hu\/termekeink\/magnezium-b6\/#primaryimage","url":"https:\/\/naturalpharmaceuticals.eu\/wp-content\/uploads\/sites\/2\/2020\/12\/PL_banner_760x300_v2_16_Natural_Pharmaceuticals_Magnezium_B6_plus.jpg","contentUrl":"https:\/\/naturalpharmaceuticals.eu\/wp-content\/uploads\/sites\/2\/2020\/12\/PL_banner_760x300_v2_16_Natural_Pharmaceuticals_Magnezium_B6_plus.jpg","width":760,"height":300},{"@type":"BreadcrumbList","@id":"https:\/\/naturalpharmaceuticals.eu\/hu\/termekeink\/magnezium-b6\/#breadcrumb","itemListElement":[{"@type":"ListItem","position":1,"name":"Home","item":"https:\/\/naturalpharmaceuticals.eu\/hu\/"},{"@type":"ListItem","position":2,"name":"Term\u00e9keink","item":"https:\/\/naturalpharmaceuticals.eu\/hu\/termekeink\/"},{"@type":"ListItem","position":3,"name":"Magnezium B6+"}]},{"@type":"WebSite","@id":"https:\/\/naturalpharmaceuticals.eu\/hu\/#website","url":"https:\/\/naturalpharmaceuticals.eu\/hu\/","name":"Natural Pharmaceuticals","description":"","publisher":{"@id":"https:\/\/naturalpharmaceuticals.eu\/hu\/#organization"},"potentialAction":[{"@type":"SearchAction","target":{"@type":"EntryPoint","urlTemplate":"https:\/\/naturalpharmaceuticals.eu\/hu\/?s={search_term_string}"},"query-input":{"@type":"PropertyValueSpecification","valueRequired":true,"valueName":"search_term_string"}}],"inLanguage":"hu"},{"@type":"Organization","@id":"https:\/\/naturalpharmaceuticals.eu\/hu\/#organization","name":"Natural Pharmaceuticals","url":"https:\/\/naturalpharmaceuticals.eu\/hu\/","logo":{"@type":"ImageObject","inLanguage":"hu","@id":"https:\/\/naturalpharmaceuticals.eu\/hu\/#\/schema\/logo\/image\/","url":"https:\/\/naturalpharmaceuticals.eu\/wp-content\/uploads\/sites\/2\/2020\/11\/cropped-natural-pharmaceuticals-logo.png","contentUrl":"https:\/\/naturalpharmaceuticals.eu\/wp-content\/uploads\/sites\/2\/2020\/11\/cropped-natural-pharmaceuticals-logo.png","width":900,"height":323,"caption":"Natural Pharmaceuticals"},"image":{"@id":"https:\/\/naturalpharmaceuticals.eu\/hu\/#\/schema\/logo\/image\/"}}]}},"jetpack_sharing_enabled":true,"_links":{"self":[{"href":"https:\/\/naturalpharmaceuticals.eu\/hu\/wp-json\/wp\/v2\/pages\/4492","targetHints":{"allow":["GET"]}}],"collection":[{"href":"https:\/\/naturalpharmaceuticals.eu\/hu\/wp-json\/wp\/v2\/pages"}],"about":[{"href":"https:\/\/naturalpharmaceuticals.eu\/hu\/wp-json\/wp\/v2\/types\/page"}],"author":[{"embeddable":true,"href":"https:\/\/naturalpharmaceuticals.eu\/hu\/wp-json\/wp\/v2\/users\/1"}],"replies":[{"embeddable":true,"href":"https:\/\/naturalpharmaceuticals.eu\/hu\/wp-json\/wp\/v2\/comments?post=4492"}],"version-history":[{"count":4,"href":"https:\/\/naturalpharmaceuticals.eu\/hu\/wp-json\/wp\/v2\/pages\/4492\/revisions"}],"predecessor-version":[{"id":7888,"href":"https:\/\/naturalpharmaceuticals.eu\/hu\/wp-json\/wp\/v2\/pages\/4492\/revisions\/7888"}],"up":[{"embeddable":true,"href":"https:\/\/naturalpharmaceuticals.eu\/hu\/wp-json\/wp\/v2\/pages\/4353"}],"wp:featuredmedia":[{"embeddable":true,"href":"https:\/\/naturalpharmaceuticals.eu\/hu\/wp-json\/wp\/v2\/media\/4374"}],"wp:attachment":[{"href":"https:\/\/naturalpharmaceuticals.eu\/hu\/wp-json\/wp\/v2\/media?parent=4492"}],"curies":[{"name":"wp","href":"https:\/\/api.w.org\/{rel}","templated":true}]}}