{"id":29094,"date":"2024-12-16T09:47:44","date_gmt":"2024-12-16T09:47:44","guid":{"rendered":"https:\/\/naturalpharmaceuticals.eu\/?page_id=29094"},"modified":"2024-12-17T08:40:52","modified_gmt":"2024-12-17T08:40:52","slug":"fleximed-active","status":"publish","type":"page","link":"https:\/\/naturalpharmaceuticals.eu\/lt\/musu-produktai\/fleximed-active\/","title":{"rendered":"FlexiMed\u00ae ACTIVE"},"content":{"rendered":"\n<div class=\"wp-block-group\"><div class=\"wp-block-group__inner-container is-layout-flow wp-block-group-is-layout-flow\">\n<div class=\"wp-block-columns is-layout-flex wp-container-core-columns-is-layout-1 wp-block-columns-is-layout-flex\">\n<div class=\"wp-block-column is-layout-flow wp-block-column-is-layout-flow\">\n<figure class=\"wp-block-image size-full sticky\"><img loading=\"lazy\" decoding=\"async\" width=\"768\" height=\"768\" src=\"https:\/\/naturalpharmaceuticals.eu\/wp-content\/uploads\/sites\/2\/2024\/11\/FA_www_768x768.png\" alt=\"\" class=\"wp-image-29116\" srcset=\"https:\/\/naturalpharmaceuticals.eu\/wp-content\/uploads\/sites\/2\/2024\/11\/FA_www_768x768.png 768w, https:\/\/naturalpharmaceuticals.eu\/wp-content\/uploads\/sites\/2\/2024\/11\/FA_www_768x768-300x300.png 300w, https:\/\/naturalpharmaceuticals.eu\/wp-content\/uploads\/sites\/2\/2024\/11\/FA_www_768x768-150x150.png 150w, https:\/\/naturalpharmaceuticals.eu\/wp-content\/uploads\/sites\/2\/2024\/11\/FA_www_768x768-200x200.png 200w\" sizes=\"auto, (max-width: 768px) 100vw, 768px\" \/><\/figure>\n<\/div>\n\n\n\n<div class=\"wp-block-column product-info-frame is-layout-flow wp-block-column-is-layout-flow\">\n<p style=\"font-size:18px\"><strong>FlexiMed\u00ae ACTIVE<\/strong><\/p>\n\n\n\n<ul class=\"wp-block-list\">\n<li>7 ingredient\u0173, skirt\u0173 s\u0105nari\u0173, kaul\u0173 ir raumen\u0173 b\u016bklei palaikyti, sud\u0117tis<\/li>\n\n\n\n<li>Padeda palaikyti jud\u0117jimo komfort\u0105<\/li>\n\n\n\n<li>Padeda palaikyti s\u0105nari\u0173 kremzli\u0173 lankstum\u0105 ir maitinim\u0105<\/li>\n\n\n\n<li>Augalin\u0117s kilm\u0117s gliukozamino sulfatas (GlucosaGreen\u00ae)<\/li>\n\n\n\n<li>Gerai \u012fsisavinamas kalcis i\u0161 j\u016bros \u0161altini\u0173 (Aquamin\u00ae)<\/li>\n\n\n\n<li>Imbieras, pasi\u017eymintis prie\u0161u\u017edegiminiu poveikiu<\/li>\n\n\n\n<li>Vitaminas C padeda palaikyti&nbsp;normal\u0173 kolageno, kuris reikalingas normaliai kremzli\u0173 funkcijai,&nbsp;susidarym\u0105.<\/li>\n\n\n\n<li>Kalcis, manganas ir vitaminas D padeda palaikyti normali\u0105 kaul\u0173 ir raumen\u0173 b\u016bkl\u0119.<\/li>\n<\/ul>\n\n\n\n<p><\/p>\n<\/div>\n<\/div>\n<\/div><\/div>\n\n\n\n<div class=\"packshot-bg-wrapper\"><div class=\"full-width-inside-container packshot-bg packshot-bg-fa\"><\/div><\/div>\n\n\n\n<p>Europos maisto saugos tarnyba (EFSA) teigiamai \u012fvertino pagrindini\u0173 FlexiMed\u00ae ACTIVE sudedam\u0173j\u0173 dali\u0173 poveik\u012f \u017emogaus organizmui. Teiginius apie sveikatingum\u0105:<\/p>\n\n\n\n<ul class=\"wp-block-list\">\n<li>Kalcis, manganas ir vitaminas D padeda palaikyti normali\u0105 kaul\u0173 b\u016bkl\u0119.<\/li>\n\n\n\n<li>Vitaminas C padeda palaikyti normal\u0173 kolageno, kuris reikalingas normaliai kremzli\u0173 funkcijai, susidarym\u0105.<\/li>\n\n\n\n<li>Vitaminas C padeda palaikyti normal\u0173 kolageno, kuris reikalingas normaliai kaul\u0173 funkcijai, susidarym\u0105.<\/li>\n\n\n\n<li>Kalcis ir vitaminas D padeda palaikyti normali\u0105 raumen\u0173 funkcij\u0105.<\/li>\n<\/ul>\n\n\n<div role=\"tabpanel\" class=\"wp-block-ub-tabbed-content-tab-content-wrap ub-hide\"\n        id=\"ub-tabbed-content--panel-0\" aria-labelledby=\"ub-tabbed-content--tab-0\" tabindex=\"0\">\n\n<p><a href=\"https:\/\/nordicmed.natural.pl\/?page_id=326\">Preview in new tab(opens in a new tab)<\/a><\/p>\n\n\n\n<p>reviews<\/p>\n\n<\/div>\n\n<div role=\"tabpanel\" class=\"wp-block-ub-tabbed-content-tab-content-wrap ub-hide\"\n        id=\"ub-tabbed-content--panel-1\" aria-labelledby=\"ub-tabbed-content--tab-1\" tabindex=\"0\">\n\n<p><\/p>\n\n<\/div>\n\n<div role=\"tabpanel\" class=\"wp-block-ub-tabbed-content-tab-content-wrap ub-hide\"\n        id=\"ub-tabbed-content--panel-2\" aria-labelledby=\"ub-tabbed-content--tab-2\" tabindex=\"0\">\n\n<p><\/p>\n\n<\/div>\n\n<div class=\"wp-block-ub-tabbed-content-block wp-block-ub-tabbed-content wp-block-ub-tabbed-content-holder wp-block-ub-tabbed-content-horizontal-holder-mobile wp-block-ub-tabbed-content-horizontal-holder-tablet\" id=\"ub-tabbed-content-ee3c8432-e1f3-4f95-959d-db1904170003\">\n\t\t\t<div class=\"wp-block-ub-tabbed-content-tab-holder horizontal-tab-width-mobile horizontal-tab-width-tablet\">\n\t\t\t\t<div role=\"tablist\" class=\"wp-block-ub-tabbed-content-tabs-title wp-block-ub-tabbed-content-tabs-title-mobile-horizontal-tab wp-block-ub-tabbed-content-tabs-title-tablet-horizontal-tab\"><div role=\"tab\" id=\"ub-tabbed-content-ee3c8432-e1f3-4f95-959d-db1904170003-tab-0\" aria-controls=\"ub-tabbed-content-ee3c8432-e1f3-4f95-959d-db1904170003-panel-0\" aria-selected=\"true\" class=\"wp-block-ub-tabbed-content-tab-title-wrap active\" style=\"\" tabindex=\"-1\">\n\t\t\t\t<div class=\"wp-block-ub-tabbed-content-tab-title\">Informacija apie maistingum\u0105<\/div>\n\t\t\t<\/div><\/div>\n\t\t\t<\/div>\n\t\t\t<div class=\"wp-block-ub-tabbed-content-tabs-content\" style=\"\"><div role=\"tabpanel\" class=\"wp-block-ub-tabbed-content-tab-content-wrap active\"\n        id=\"ub-tabbed-content-ee3c8432-e1f3-4f95-959d-db1904170003-panel-0\" aria-labelledby=\"ub-tabbed-content-ee3c8432-e1f3-4f95-959d-db1904170003-tab-0\" tabindex=\"0\">\n\n<p>FlexiMed\u00ae ACTIVE<\/p>\n\n\n\n<figure class=\"wp-block-table is-style-borders\"><table><tbody><tr><th><strong>Sud\u0117ti<\/strong>s<\/th><th><strong>2 <\/strong>kapsul\u0117s&nbsp;<\/th><th><strong>% RMV<\/strong>*<\/th><\/tr><tr><td>Gliukozamino sulfatas 2KCl <br><br>(<strong>GlucosaGreen), i\u0161 kurio <\/strong>gliukozaminas<\/td><td>848 mg<br><br>500 mg&nbsp;<\/td><td>\u2013<br><br>\u2013<\/td><\/tr><tr><td>Kalcis (i\u0161 j\u016bros dumbli\u0173)&nbsp;<\/td><td>120 mg&nbsp;<\/td><td>15%<\/td><\/tr><tr><td>Imbieras<\/td><td>100 mg&nbsp;<\/td><td>\u2013<\/td><\/tr><tr><td>Vitaminas C<\/td><td>80 mg<\/td><td>100%<\/td><\/tr><tr><td>Boras&nbsp;&nbsp;&nbsp;&nbsp;&nbsp;&nbsp;&nbsp;<\/td><td>3 mg<\/td><td>\u2013<\/td><\/tr><tr><td>Manganas<\/td><td>1,8 mg&nbsp;<\/td><td>90%<\/td><\/tr><tr><td>Vitaminas D<\/td><td>5 \u00b5g<\/td><td>100%<\/td><\/tr><\/tbody><\/table><\/figure>\n\n\n\n<p>*RMV \u2013 Referencin\u0117 maistin\u0117 vert\u0117<\/p>\n\n\n\n<p><strong>Sudedamosios dalys: <\/strong>Gliukozamino sulfatas 2KCI (GlucosaGreen i\u0161 kukur\u016bz\u0173), kalcio karbonatas (Aquamin i\u0161 j\u016bros dumbli\u0173 Lithothamnion sp.), hidroksipropilmetilceliulioz\u0117, vaistinio imbiero \u0161aknies milteliai (Zingiber officinale Rosc.), L- askorbo r\u016bg\u0161tis, lipnum\u0105 reguliuojanti med\u017eiaga: dikalcio fosfatas; boro r\u016bg\u0161tis, tir\u0161tiklis: riebal\u0173 r\u016bg\u0161\u010di\u0173 magnio druskos, lipnum\u0105 reguliuojan\u010dios med\u017eiagos: trikalcio fosfatas, silicio dioksidas; mangano sulfatas, cholekalciferolis.<\/p>\n\n\n\n<p><strong>FlexiMed\u00ae ACTIVE &#8211; dvi kapsul\u0117s per dien\u0105<\/strong><\/p>\n\n\n\n<p><strong>Naudojimas: <\/strong>FlexiMed\u00ae ACTIVE sud\u0117tyje esantys specialiai atrinkti ingredientai padeda palaikyti s\u0105nari\u0173, raumen\u0173 ir kaul\u0173 b\u016bkl\u0119 visi\u0161kam mobilumui bet kuriame am\u017eiuje.<\/p>\n\n\n\n<p><strong>Grynasis <\/strong>svoris: 322,9 g (360 kapsuli\u0173 po 897,05 mg)<\/p>\n\n\n\n<p><strong>\u012esp\u0117jimas: <\/strong>Nevir\u0161ykite rekomenduojamos paros doz\u0117s. Maisto papildas netur\u0117t\u0173 b\u016bti vartojamas kaip maisto pakaitalas. Labai svarbu yra subalansuota mityba ir sveikas gyvenimo b\u016bdas. Nevartoti n\u0117\u0161\u010dioms ir \u017eindan\u010dioms moterims.<\/p>\n\n\n\n<p><strong>Gamybos partijos numeris: <\/strong>ant pakuot\u0117s<\/p>\n\n\n\n<p><strong>Geriausias iki: <\/strong>ant pakuot\u0117s<\/p>\n\n\n\n<p><strong>Laikyti<\/strong>: sausoje vietoje, \u017eemesn\u0117je kaip 25\u00b0 C temperat\u016broje, ma\u017eiems vaikams nepasiekiamoje vietoje. Saugoti nuo \u0161viesos.<\/p>\n\n\n\n<p><strong>Pagaminta Norvegijoje, Pharmatech A.S. Vallehellene 4, 1664 Rolvs\u00f8y, Norvegija<\/strong><\/p>\n\n\n\n<p><strong>Platintojas:<\/strong><\/p>\n\n\n\n<p>UAB \u201eNatural Pharmaceuticals\u201d, V. Kr\u0117v\u0117s pr. 57B, LT-50358, Kaunas<\/p>\n\n\n\n<p><\/p>\n\n<\/div><\/div>\n\t\t<\/div>\n\n\n<figure class=\"wp-block-image alignfull size-large\"><img loading=\"lazy\" decoding=\"async\" width=\"1024\" height=\"337\" src=\"https:\/\/naturalpharmaceuticals.eu\/wp-content\/uploads\/sites\/2\/2024\/12\/2-1024x337.png\" alt=\"\" class=\"wp-image-29457\" srcset=\"https:\/\/naturalpharmaceuticals.eu\/wp-content\/uploads\/sites\/2\/2024\/12\/2-1024x337.png 1024w, https:\/\/naturalpharmaceuticals.eu\/wp-content\/uploads\/sites\/2\/2024\/12\/2-300x99.png 300w, https:\/\/naturalpharmaceuticals.eu\/wp-content\/uploads\/sites\/2\/2024\/12\/2-768x253.png 768w, https:\/\/naturalpharmaceuticals.eu\/wp-content\/uploads\/sites\/2\/2024\/12\/2.png 1520w\" sizes=\"auto, (max-width: 1024px) 100vw, 1024px\" \/><\/figure>\n","protected":false},"excerpt":{"rendered":"<p>FlexiMed\u00ae ACTIVE Europos maisto saugos tarnyba (EFSA) teigiamai \u012fvertino pagrindini\u0173 FlexiMed\u00ae ACTIVE sudedam\u0173j\u0173 dali\u0173 poveik\u012f \u017emogaus organizmui. Teiginius apie sveikatingum\u0105:<\/p>\n","protected":false},"author":9,"featured_media":29235,"parent":4036,"menu_order":0,"comment_status":"closed","ping_status":"closed","template":"templates\/grid-full-width-page.php","meta":{"ub_ctt_via":"","footnotes":""},"class_list":["post-29094","page","type-page","status-publish","has-post-thumbnail","hentry"],"featured_image_src":"https:\/\/naturalpharmaceuticals.eu\/wp-content\/uploads\/sites\/2\/2024\/11\/PL_banner_760x300_FA-1.jpg","yoast_head":"<!-- This site is optimized with the Yoast SEO plugin v24.4 - https:\/\/yoast.com\/wordpress\/plugins\/seo\/ -->\n<title>FlexiMed\u00ae ACTIVE - Natural Pharmaceuticals<\/title>\n<meta name=\"robots\" content=\"index, follow, max-snippet:-1, max-image-preview:large, max-video-preview:-1\" \/>\n<link rel=\"canonical\" href=\"https:\/\/naturalpharmaceuticals.eu\/lt\/musu-produktai\/fleximed-active\/\" \/>\n<meta property=\"og:locale\" content=\"lt_LT\" \/>\n<meta property=\"og:type\" content=\"article\" \/>\n<meta property=\"og:title\" content=\"FlexiMed\u00ae ACTIVE - Natural Pharmaceuticals\" \/>\n<meta property=\"og:description\" content=\"FlexiMed\u00ae ACTIVE Europos maisto saugos tarnyba (EFSA) teigiamai \u012fvertino pagrindini\u0173 FlexiMed\u00ae ACTIVE sudedam\u0173j\u0173 dali\u0173 poveik\u012f \u017emogaus organizmui. Teiginius apie sveikatingum\u0105:\" \/>\n<meta property=\"og:url\" content=\"https:\/\/naturalpharmaceuticals.eu\/lt\/musu-produktai\/fleximed-active\/\" \/>\n<meta property=\"og:site_name\" content=\"Natural Pharmaceuticals\" \/>\n<meta property=\"article:modified_time\" content=\"2024-12-17T08:40:52+00:00\" \/>\n<meta property=\"og:image\" content=\"https:\/\/naturalpharmaceuticals.eu\/wp-content\/uploads\/sites\/2\/2024\/11\/PL_banner_760x300_FA-1.jpg\" \/>\n\t<meta property=\"og:image:width\" content=\"1520\" \/>\n\t<meta property=\"og:image:height\" content=\"600\" \/>\n\t<meta property=\"og:image:type\" content=\"image\/jpeg\" \/>\n<meta name=\"twitter:card\" content=\"summary_large_image\" \/>\n<meta name=\"twitter:label1\" content=\"Est. reading time\" \/>\n\t<meta name=\"twitter:data1\" content=\"2 minut\u0117s\" \/>\n<script type=\"application\/ld+json\" class=\"yoast-schema-graph\">{\"@context\":\"https:\/\/schema.org\",\"@graph\":[{\"@type\":\"WebPage\",\"@id\":\"https:\/\/naturalpharmaceuticals.eu\/lt\/musu-produktai\/fleximed-active\/\",\"url\":\"https:\/\/naturalpharmaceuticals.eu\/lt\/musu-produktai\/fleximed-active\/\",\"name\":\"FlexiMed\u00ae ACTIVE - Natural Pharmaceuticals\",\"isPartOf\":{\"@id\":\"https:\/\/naturalpharmaceuticals.eu\/lt\/#website\"},\"primaryImageOfPage\":{\"@id\":\"https:\/\/naturalpharmaceuticals.eu\/lt\/musu-produktai\/fleximed-active\/#primaryimage\"},\"image\":{\"@id\":\"https:\/\/naturalpharmaceuticals.eu\/lt\/musu-produktai\/fleximed-active\/#primaryimage\"},\"thumbnailUrl\":\"https:\/\/naturalpharmaceuticals.eu\/wp-content\/uploads\/sites\/2\/2024\/11\/PL_banner_760x300_FA-1.jpg\",\"datePublished\":\"2024-12-16T09:47:44+00:00\",\"dateModified\":\"2024-12-17T08:40:52+00:00\",\"breadcrumb\":{\"@id\":\"https:\/\/naturalpharmaceuticals.eu\/lt\/musu-produktai\/fleximed-active\/#breadcrumb\"},\"inLanguage\":\"lt-LT\",\"potentialAction\":[{\"@type\":\"ReadAction\",\"target\":[\"https:\/\/naturalpharmaceuticals.eu\/lt\/musu-produktai\/fleximed-active\/\"]}]},{\"@type\":\"ImageObject\",\"inLanguage\":\"lt-LT\",\"@id\":\"https:\/\/naturalpharmaceuticals.eu\/lt\/musu-produktai\/fleximed-active\/#primaryimage\",\"url\":\"https:\/\/naturalpharmaceuticals.eu\/wp-content\/uploads\/sites\/2\/2024\/11\/PL_banner_760x300_FA-1.jpg\",\"contentUrl\":\"https:\/\/naturalpharmaceuticals.eu\/wp-content\/uploads\/sites\/2\/2024\/11\/PL_banner_760x300_FA-1.jpg\",\"width\":1520,\"height\":600},{\"@type\":\"BreadcrumbList\",\"@id\":\"https:\/\/naturalpharmaceuticals.eu\/lt\/musu-produktai\/fleximed-active\/#breadcrumb\",\"itemListElement\":[{\"@type\":\"ListItem\",\"position\":1,\"name\":\"Home\",\"item\":\"https:\/\/naturalpharmaceuticals.eu\/lt\/\"},{\"@type\":\"ListItem\",\"position\":2,\"name\":\"M\u016bs\u0173 produktai\",\"item\":\"https:\/\/naturalpharmaceuticals.eu\/lt\/musu-produktai\/\"},{\"@type\":\"ListItem\",\"position\":3,\"name\":\"FlexiMed\u00ae ACTIVE\"}]},{\"@type\":\"WebSite\",\"@id\":\"https:\/\/naturalpharmaceuticals.eu\/lt\/#website\",\"url\":\"https:\/\/naturalpharmaceuticals.eu\/lt\/\",\"name\":\"Natural Pharmaceuticals\",\"description\":\"\",\"publisher\":{\"@id\":\"https:\/\/naturalpharmaceuticals.eu\/lt\/#organization\"},\"potentialAction\":[{\"@type\":\"SearchAction\",\"target\":{\"@type\":\"EntryPoint\",\"urlTemplate\":\"https:\/\/naturalpharmaceuticals.eu\/lt\/?s={search_term_string}\"},\"query-input\":{\"@type\":\"PropertyValueSpecification\",\"valueRequired\":true,\"valueName\":\"search_term_string\"}}],\"inLanguage\":\"lt-LT\"},{\"@type\":\"Organization\",\"@id\":\"https:\/\/naturalpharmaceuticals.eu\/lt\/#organization\",\"name\":\"Natural Pharmaceuticals\",\"url\":\"https:\/\/naturalpharmaceuticals.eu\/lt\/\",\"logo\":{\"@type\":\"ImageObject\",\"inLanguage\":\"lt-LT\",\"@id\":\"https:\/\/naturalpharmaceuticals.eu\/lt\/#\/schema\/logo\/image\/\",\"url\":\"https:\/\/naturalpharmaceuticals.eu\/wp-content\/uploads\/sites\/2\/2020\/11\/cropped-natural-pharmaceuticals-logo.png\",\"contentUrl\":\"https:\/\/naturalpharmaceuticals.eu\/wp-content\/uploads\/sites\/2\/2020\/11\/cropped-natural-pharmaceuticals-logo.png\",\"width\":900,\"height\":323,\"caption\":\"Natural Pharmaceuticals\"},\"image\":{\"@id\":\"https:\/\/naturalpharmaceuticals.eu\/lt\/#\/schema\/logo\/image\/\"}}]}<\/script>\n<!-- \/ Yoast SEO plugin. -->","yoast_head_json":{"title":"FlexiMed\u00ae ACTIVE - Natural Pharmaceuticals","robots":{"index":"index","follow":"follow","max-snippet":"max-snippet:-1","max-image-preview":"max-image-preview:large","max-video-preview":"max-video-preview:-1"},"canonical":"https:\/\/naturalpharmaceuticals.eu\/lt\/musu-produktai\/fleximed-active\/","og_locale":"lt_LT","og_type":"article","og_title":"FlexiMed\u00ae ACTIVE - Natural Pharmaceuticals","og_description":"FlexiMed\u00ae ACTIVE Europos maisto saugos tarnyba (EFSA) teigiamai \u012fvertino pagrindini\u0173 FlexiMed\u00ae ACTIVE sudedam\u0173j\u0173 dali\u0173 poveik\u012f \u017emogaus organizmui. Teiginius apie sveikatingum\u0105:","og_url":"https:\/\/naturalpharmaceuticals.eu\/lt\/musu-produktai\/fleximed-active\/","og_site_name":"Natural Pharmaceuticals","article_modified_time":"2024-12-17T08:40:52+00:00","og_image":[{"width":1520,"height":600,"url":"https:\/\/naturalpharmaceuticals.eu\/wp-content\/uploads\/sites\/2\/2024\/11\/PL_banner_760x300_FA-1.jpg","type":"image\/jpeg"}],"twitter_card":"summary_large_image","twitter_misc":{"Est. reading time":"2 minut\u0117s"},"schema":{"@context":"https:\/\/schema.org","@graph":[{"@type":"WebPage","@id":"https:\/\/naturalpharmaceuticals.eu\/lt\/musu-produktai\/fleximed-active\/","url":"https:\/\/naturalpharmaceuticals.eu\/lt\/musu-produktai\/fleximed-active\/","name":"FlexiMed\u00ae ACTIVE - Natural Pharmaceuticals","isPartOf":{"@id":"https:\/\/naturalpharmaceuticals.eu\/lt\/#website"},"primaryImageOfPage":{"@id":"https:\/\/naturalpharmaceuticals.eu\/lt\/musu-produktai\/fleximed-active\/#primaryimage"},"image":{"@id":"https:\/\/naturalpharmaceuticals.eu\/lt\/musu-produktai\/fleximed-active\/#primaryimage"},"thumbnailUrl":"https:\/\/naturalpharmaceuticals.eu\/wp-content\/uploads\/sites\/2\/2024\/11\/PL_banner_760x300_FA-1.jpg","datePublished":"2024-12-16T09:47:44+00:00","dateModified":"2024-12-17T08:40:52+00:00","breadcrumb":{"@id":"https:\/\/naturalpharmaceuticals.eu\/lt\/musu-produktai\/fleximed-active\/#breadcrumb"},"inLanguage":"lt-LT","potentialAction":[{"@type":"ReadAction","target":["https:\/\/naturalpharmaceuticals.eu\/lt\/musu-produktai\/fleximed-active\/"]}]},{"@type":"ImageObject","inLanguage":"lt-LT","@id":"https:\/\/naturalpharmaceuticals.eu\/lt\/musu-produktai\/fleximed-active\/#primaryimage","url":"https:\/\/naturalpharmaceuticals.eu\/wp-content\/uploads\/sites\/2\/2024\/11\/PL_banner_760x300_FA-1.jpg","contentUrl":"https:\/\/naturalpharmaceuticals.eu\/wp-content\/uploads\/sites\/2\/2024\/11\/PL_banner_760x300_FA-1.jpg","width":1520,"height":600},{"@type":"BreadcrumbList","@id":"https:\/\/naturalpharmaceuticals.eu\/lt\/musu-produktai\/fleximed-active\/#breadcrumb","itemListElement":[{"@type":"ListItem","position":1,"name":"Home","item":"https:\/\/naturalpharmaceuticals.eu\/lt\/"},{"@type":"ListItem","position":2,"name":"M\u016bs\u0173 produktai","item":"https:\/\/naturalpharmaceuticals.eu\/lt\/musu-produktai\/"},{"@type":"ListItem","position":3,"name":"FlexiMed\u00ae ACTIVE"}]},{"@type":"WebSite","@id":"https:\/\/naturalpharmaceuticals.eu\/lt\/#website","url":"https:\/\/naturalpharmaceuticals.eu\/lt\/","name":"Natural Pharmaceuticals","description":"","publisher":{"@id":"https:\/\/naturalpharmaceuticals.eu\/lt\/#organization"},"potentialAction":[{"@type":"SearchAction","target":{"@type":"EntryPoint","urlTemplate":"https:\/\/naturalpharmaceuticals.eu\/lt\/?s={search_term_string}"},"query-input":{"@type":"PropertyValueSpecification","valueRequired":true,"valueName":"search_term_string"}}],"inLanguage":"lt-LT"},{"@type":"Organization","@id":"https:\/\/naturalpharmaceuticals.eu\/lt\/#organization","name":"Natural Pharmaceuticals","url":"https:\/\/naturalpharmaceuticals.eu\/lt\/","logo":{"@type":"ImageObject","inLanguage":"lt-LT","@id":"https:\/\/naturalpharmaceuticals.eu\/lt\/#\/schema\/logo\/image\/","url":"https:\/\/naturalpharmaceuticals.eu\/wp-content\/uploads\/sites\/2\/2020\/11\/cropped-natural-pharmaceuticals-logo.png","contentUrl":"https:\/\/naturalpharmaceuticals.eu\/wp-content\/uploads\/sites\/2\/2020\/11\/cropped-natural-pharmaceuticals-logo.png","width":900,"height":323,"caption":"Natural Pharmaceuticals"},"image":{"@id":"https:\/\/naturalpharmaceuticals.eu\/lt\/#\/schema\/logo\/image\/"}}]}},"jetpack_sharing_enabled":true,"_links":{"self":[{"href":"https:\/\/naturalpharmaceuticals.eu\/lt\/wp-json\/wp\/v2\/pages\/29094","targetHints":{"allow":["GET"]}}],"collection":[{"href":"https:\/\/naturalpharmaceuticals.eu\/lt\/wp-json\/wp\/v2\/pages"}],"about":[{"href":"https:\/\/naturalpharmaceuticals.eu\/lt\/wp-json\/wp\/v2\/types\/page"}],"author":[{"embeddable":true,"href":"https:\/\/naturalpharmaceuticals.eu\/lt\/wp-json\/wp\/v2\/users\/9"}],"replies":[{"embeddable":true,"href":"https:\/\/naturalpharmaceuticals.eu\/lt\/wp-json\/wp\/v2\/comments?post=29094"}],"version-history":[{"count":3,"href":"https:\/\/naturalpharmaceuticals.eu\/lt\/wp-json\/wp\/v2\/pages\/29094\/revisions"}],"predecessor-version":[{"id":29671,"href":"https:\/\/naturalpharmaceuticals.eu\/lt\/wp-json\/wp\/v2\/pages\/29094\/revisions\/29671"}],"up":[{"embeddable":true,"href":"https:\/\/naturalpharmaceuticals.eu\/lt\/wp-json\/wp\/v2\/pages\/4036"}],"wp:featuredmedia":[{"embeddable":true,"href":"https:\/\/naturalpharmaceuticals.eu\/lt\/wp-json\/wp\/v2\/media\/29235"}],"wp:attachment":[{"href":"https:\/\/naturalpharmaceuticals.eu\/lt\/wp-json\/wp\/v2\/media?parent=29094"}],"curies":[{"name":"wp","href":"https:\/\/api.w.org\/{rel}","templated":true}]}}