{"id":39016,"date":"2026-04-01T07:32:01","date_gmt":"2026-04-01T07:32:01","guid":{"rendered":"https:\/\/naturalpharmaceuticals.eu\/?page_id=39016"},"modified":"2026-04-01T11:24:22","modified_gmt":"2026-04-01T11:24:22","slug":"menoactiv-balance","status":"publish","type":"page","link":"https:\/\/naturalpharmaceuticals.eu\/lt\/musu-produktai\/menoactiv-balance\/","title":{"rendered":"MenoActiv Balance\u00ae"},"content":{"rendered":"\n<div class=\"wp-block-group\"><div class=\"wp-block-group__inner-container is-layout-flow wp-block-group-is-layout-flow\">\n<div class=\"wp-block-columns is-layout-flex wp-container-core-columns-is-layout-1 wp-block-columns-is-layout-flex\">\n<div class=\"wp-block-column is-layout-flow wp-block-column-is-layout-flow\">\n<figure class=\"wp-block-image size-full sticky\"><img loading=\"lazy\" decoding=\"async\" width=\"768\" height=\"768\" src=\"https:\/\/naturalpharmaceuticals.eu\/wp-content\/uploads\/sites\/2\/2026\/03\/Natural_Pharmaceuticals_MenoActiv__768X768.png\" alt=\"\" class=\"wp-image-39026\" srcset=\"https:\/\/naturalpharmaceuticals.eu\/wp-content\/uploads\/sites\/2\/2026\/03\/Natural_Pharmaceuticals_MenoActiv__768X768.png 768w, https:\/\/naturalpharmaceuticals.eu\/wp-content\/uploads\/sites\/2\/2026\/03\/Natural_Pharmaceuticals_MenoActiv__768X768-300x300.png 300w, https:\/\/naturalpharmaceuticals.eu\/wp-content\/uploads\/sites\/2\/2026\/03\/Natural_Pharmaceuticals_MenoActiv__768X768-150x150.png 150w, https:\/\/naturalpharmaceuticals.eu\/wp-content\/uploads\/sites\/2\/2026\/03\/Natural_Pharmaceuticals_MenoActiv__768X768-200x200.png 200w\" sizes=\"auto, (max-width: 768px) 100vw, 768px\" \/><\/figure>\n<\/div>\n\n\n\n<div class=\"wp-block-column product-info-frame is-layout-flow wp-block-column-is-layout-flow\">\n<p style=\"font-size:18px\"><strong>MenoActiv Balance\u00ae<\/strong><\/p>\n\n\n\n<ul class=\"wp-block-list\">\n<li>8 ingredientai, palaikantys moters organizmo pusiausvyr\u0105 prie\u0161 menopauz\u0119, jos metu ir po jos<\/li>\n\n\n\n<li>3 augal\u0173 ekstraktai, pasi\u017eymintys \u012f estrogenus pana\u0161iu poveikiu (soj\u0173 daigai, \u0161alavij\u0173 lapai ir apyni\u0173 spurgai)<\/li>\n\n\n\n<li>Padeda suma\u017einti kar\u0161\u010dio bangas ir nuotaikos svyravimus<\/li>\n\n\n\n<li>Nat\u016brali pagalba ramybei ir miego kokybei<\/li>\n\n\n\n<li>Tik 1 kapsul\u0117 per dien\u0105<\/li>\n<\/ul>\n\n\n\n<p><\/p>\n<\/div>\n<\/div>\n<\/div><\/div>\n\n\n\n<div class=\"packshot-bg-wrapper\"><div class=\"full-width-inside-container packshot-bg packshot-bg-ma\"><\/div><\/div>\n\n\n\n<p>\u201eMenoActiv Balance\u00ae\u201d yra maisto papildas, skirtas moterims menopauz\u0117s laikotarpiu, padedantis palaikyti bendr\u0105 organizmo pusiausvyr\u0105 ir kasdien\u0119 savijaut\u0105.<\/p>\n\n\n\n<p>Formul\u0117 sujungia augal\u0173 ekstraktus, vitaminus ir mineralus, kurie padeda palengvinti menopauz\u0117s simptomus bei palaikyti nerv\u0173 ir hormon\u0173 sistem\u0173 veikl\u0105, taip pat bendr\u0105 organizmo b\u016bkl\u0119.<\/p>\n\n\n\n<p>Maisto papildo \u201eMenoActiv Balance\u00ae\u201c ingredient\u0173 poveikis yra pagr\u012fstas sveikatingumo teiginiais, kuriuos teigiamai \u012fvertino Europos maisto saugos tarnyba (EMST):<\/p>\n\n\n\n<p><strong>Niacinas ir vitaminas B6: <\/strong>padeda palaikyti normali\u0105 nerv\u0173 sistemos veikl\u0105.<\/p>\n\n\n\n<p><strong>Niacinas, vitaminas B6 ir folatas: <\/strong>padeda palaikyti normali\u0105 psichologin\u0119 funkcij\u0105.<\/p>\n\n\n\n<p><strong>Niacinas, vitaminas B6 ir folatas: <\/strong>padeda ma\u017einti pavargimo jausm\u0105 ir nuovarg\u012f.<\/p>\n\n\n\n<p><strong>Folatas ir vitaminas B6: <\/strong>padeda palaikyti normali\u0105 homocisteino apykait\u0105.<\/p>\n\n\n\n<p><strong>Cinkas: <\/strong>padeda palaikyti normali\u0105 pa\u017einimo funkcij\u0105.<\/p>\n\n\n\n<p><strong>Cinkas: <\/strong>padeda palaikyti normali\u0105 plauk\u0173 ir nag\u0173 b\u016bkl\u0119.<\/p>\n\n\n\n<p><strong>Cinkas ir vitaminas D: <\/strong>padeda palaikyti normali\u0105 kaul\u0173 b\u016bkl\u0119.<\/p>\n\n\n\n<p><strong>Niacinas ir cinkas: <\/strong>padeda palaikyti normali\u0105 odos b\u016bkl\u0119.<\/p>\n\n\n\n<p><strong>Vitaminas D: <\/strong>padeda palaikyti normali\u0105 raumen\u0173 funkcij\u0105.<\/p>\n\n\n<div role=\"tabpanel\" class=\"wp-block-ub-tabbed-content-tab-content-wrap ub-hide\"\n        id=\"ub-tabbed-content--panel-0\" aria-labelledby=\"ub-tabbed-content--tab-0\" tabindex=\"0\">\n\n<p><a href=\"https:\/\/nordicmed.natural.pl\/?page_id=326\">Preview in new tab(opens in a new tab)<\/a><\/p>\n\n\n\n<p>reviews<\/p>\n\n<\/div>\n\n<div role=\"tabpanel\" class=\"wp-block-ub-tabbed-content-tab-content-wrap ub-hide\"\n        id=\"ub-tabbed-content--panel-1\" aria-labelledby=\"ub-tabbed-content--tab-1\" tabindex=\"0\">\n\n<p><\/p>\n\n<\/div>\n\n<div role=\"tabpanel\" class=\"wp-block-ub-tabbed-content-tab-content-wrap ub-hide\"\n        id=\"ub-tabbed-content--panel-2\" aria-labelledby=\"ub-tabbed-content--tab-2\" tabindex=\"0\">\n\n<p><\/p>\n\n<\/div>\n\n<div class=\"wp-block-ub-tabbed-content-block wp-block-ub-tabbed-content wp-block-ub-tabbed-content-holder wp-block-ub-tabbed-content-horizontal-holder-mobile wp-block-ub-tabbed-content-horizontal-holder-tablet\" id=\"ub-tabbed-content-f48b7776-042c-418b-a96b-62ac4b9ca946\">\n\t\t\t<div class=\"wp-block-ub-tabbed-content-tab-holder horizontal-tab-width-mobile horizontal-tab-width-tablet\">\n\t\t\t\t<div role=\"tablist\" class=\"wp-block-ub-tabbed-content-tabs-title wp-block-ub-tabbed-content-tabs-title-mobile-horizontal-tab wp-block-ub-tabbed-content-tabs-title-tablet-horizontal-tab\"><div role=\"tab\" id=\"ub-tabbed-content-f48b7776-042c-418b-a96b-62ac4b9ca946-tab-0\" aria-controls=\"ub-tabbed-content-f48b7776-042c-418b-a96b-62ac4b9ca946-panel-0\" aria-selected=\"true\" class=\"wp-block-ub-tabbed-content-tab-title-wrap active\" style=\"\" tabindex=\"-1\">\n\t\t\t\t<div class=\"wp-block-ub-tabbed-content-tab-title\">Informacija apie maistingum\u0105<\/div>\n\t\t\t<\/div><\/div>\n\t\t\t<\/div>\n\t\t\t<div class=\"wp-block-ub-tabbed-content-tabs-content\" style=\"\"><div role=\"tabpanel\" class=\"wp-block-ub-tabbed-content-tab-content-wrap active\"\n        id=\"ub-tabbed-content-f48b7776-042c-418b-a96b-62ac4b9ca946-panel-0\" aria-labelledby=\"ub-tabbed-content-f48b7776-042c-418b-a96b-62ac4b9ca946-tab-0\" tabindex=\"0\">\n\n<p><strong>MenoActiv Balance\u00ae<\/strong><\/p>\n\n\n\n<figure class=\"wp-block-table is-style-borders\"><table><tbody><tr><th><strong>Sud\u0117ti<\/strong>s<\/th><th><strong>1 <\/strong>kapsul\u0117<\/th><th><strong>% RMV<\/strong>*<\/th><\/tr><tr><td>Soj\u0173 gemal\u0173 ekstraktas,<br>standartizuotas iki<br>40 % izoflavon\u0173<\/td><td>100 mg<br><br>40 mg<\/td><td>\u2013<\/td><\/tr><tr><td>\u0160alavij\u0173 lap\u0173 ekstraktas<\/td><td>31 mg <\/td><td>\u2013<\/td><\/tr><tr><td>Apyni\u0173 spurg\u0173 ekstraktas<\/td><td>30 mg<\/td><td>\u2013<\/td><\/tr><tr><td>Niacinas<\/td><td>16 mg<\/td><td>100%<\/td><\/tr><tr><td>Cinkas<\/td><td>10 mg<\/td><td>100%<\/td><\/tr><tr><td>Vitaminas B6<\/td><td>1,4 mg<\/td><td>100%<\/td><\/tr><tr><td>Folio r\u016bg\u0161tis<\/td><td>200 \u00b5g<\/td><td>100%<\/td><\/tr><tr><td>Vitaminas D<\/td><td>5 \u00b5g<\/td><td>100%<\/td><\/tr><\/tbody><\/table><\/figure>\n\n\n\n<p>*RMV \u2013 Referencin\u0117 maistin\u0117 vert\u0117<\/p>\n\n\n\n<p><strong>Sudedamosios dalys: soj\u0173 gemal\u0173 ekstraktas (Glycine max (L.) Merr.<\/strong>) standartizuotas iki 40 % izoflavon\u0173 DER 50:1, hidroksipropilmetilceliulioz\u0117, tir\u0161tiklis: celiulioz\u0117, cinko citratas,&nbsp; \u0161alavij\u0173 lap\u0173 ekstraktas (<em>Salvia officinalis<\/em> L.) DER 10:1, apyni\u0173 spurg\u0173 ekstraktas (<em> Humulus lupulus<\/em> L.) DER 10:1, nikotinamidas, lipnum\u0105 reguliuojan\u010dios med\u017eiagos: trikalcio fosfatas, silicio dioksidas; cholekalciferolis, piridoksino hidrochloridas, pteroilmonoglutamo r\u016bg\u0161tis.<\/p>\n\n\n\n<p><strong>MenoActiv Balance\u00ae \u2013 viena kapsul\u0117 per dien\u0105<\/strong><\/p>\n\n\n\n<p><strong>Vartojimas: <\/strong>\u201eMenoActiv Balance\u00ae\u201d yra maisto papildas, kuris padeda palaikyti moter\u0173 hormon\u0173 pusiausvyr\u0105, ger\u0105 savijaut\u0105 ir bendr\u0105 b\u016bkl\u0119 menopauz\u0117s metu ir po jos.<\/p>\n\n\n\n<p><strong>Paros doz\u0117:<\/strong> 1 kapsul\u0117<\/p>\n\n\n\n<p><strong>Papildoma informacija<\/strong><\/p>\n\n\n\n<p><strong>\u012esp\u0117jimas: <\/strong>Nevir\u0161ykite rekomenduojamos paros doz\u0117s. Maisto papildas netur\u0117t\u0173 b\u016bti vartojamas kaip maisto pakaitalas. Labai svarbu yra subalansuota mityba ir sveikas gyvenimo b\u016bdas.<\/p>\n\n\n\n<p>Nevartoti n\u0117\u0161\u010dioms ir kr\u016btimi maitinan\u010dioms moterims. \u017dmon\u0117s, vartojantys vaistus, prie\u0161 naudojant produkt\u0105, turi pasikonsultuoti su gydytoju.<\/p>\n\n\n\n<p><strong>Gamybos partijos numeris: <\/strong>nurodyta ant pakuot\u0117s<\/p>\n\n\n\n<p><strong>Geriausias iki: <\/strong>nurodyta ant pakuot\u0117s<\/p>\n\n\n\n<p><strong>Laikymas: <\/strong>Laikyti sausoje, tamsioje ir v\u0117sioje, ma\u017eiems vaikams nepasiekiamoje vietoje<strong>.<\/strong><\/p>\n\n\n\n<p><strong>Grynasis svoris:<\/strong><\/p>\n\n\n\n<p><strong>&nbsp;<\/strong>72 g (180 kapsuli\u0173 po 400 mg)<\/p>\n\n\n\n<p><strong>Gamintojas:<\/strong><br>Pharmatech AS<\/p>\n\n\n\n<p>Vallehellene 4<\/p>\n\n\n\n<p>1664 Rolvs\u00f8y, Norvegija<\/p>\n\n\n\n<p><strong>Platintojas:<\/strong><br>Natural Pharmaceuticals Sp. z o.o.<\/p>\n\n\n\n<p>ul. Domaniewska 28, 02-672 Var\u0161uva, Lenkija<\/p>\n\n\n\n<p><\/p>\n\n<\/div><\/div>\n\t\t<\/div>\n\n\n<figure class=\"wp-block-image alignfull size-large\"><img loading=\"lazy\" decoding=\"async\" width=\"1024\" height=\"337\" src=\"https:\/\/naturalpharmaceuticals.eu\/wp-content\/uploads\/sites\/2\/2026\/03\/Natural_Pharmaceuticals_MenoActiv_1520X500-1024x337.jpg\" alt=\"\" class=\"wp-image-39037\" srcset=\"https:\/\/naturalpharmaceuticals.eu\/wp-content\/uploads\/sites\/2\/2026\/03\/Natural_Pharmaceuticals_MenoActiv_1520X500-1024x337.jpg 1024w, https:\/\/naturalpharmaceuticals.eu\/wp-content\/uploads\/sites\/2\/2026\/03\/Natural_Pharmaceuticals_MenoActiv_1520X500-300x99.jpg 300w, https:\/\/naturalpharmaceuticals.eu\/wp-content\/uploads\/sites\/2\/2026\/03\/Natural_Pharmaceuticals_MenoActiv_1520X500-768x253.jpg 768w, https:\/\/naturalpharmaceuticals.eu\/wp-content\/uploads\/sites\/2\/2026\/03\/Natural_Pharmaceuticals_MenoActiv_1520X500.jpg 1520w\" sizes=\"auto, (max-width: 1024px) 100vw, 1024px\" \/><\/figure>\n","protected":false},"excerpt":{"rendered":"<p>MenoActiv Balance\u00ae \u201eMenoActiv Balance\u00ae\u201d yra maisto papildas, skirtas moterims menopauz\u0117s laikotarpiu, padedantis palaikyti bendr\u0105 organizmo pusiausvyr\u0105 ir kasdien\u0119 savijaut\u0105. Formul\u0117 sujungia augal\u0173 ekstraktus, vitaminus ir mineralus, kurie padeda palengvinti menopauz\u0117s simptomus bei palaikyti nerv\u0173 ir hormon\u0173 sistem\u0173 veikl\u0105, taip pat&#x2026; <\/p>\n<p class=\"more-link-container th-uppercase\"><a href=\"https:\/\/naturalpharmaceuticals.eu\/lt\/musu-produktai\/menoactiv-balance\/\" class=\"more-link\">Read More <span class=\"screen-reader-text\">MenoActiv Balance\u00ae<\/span><\/a><\/p>\n","protected":false},"author":9,"featured_media":39047,"parent":4036,"menu_order":0,"comment_status":"closed","ping_status":"closed","template":"templates\/grid-full-width-page.php","meta":{"ub_ctt_via":"","footnotes":""},"class_list":["post-39016","page","type-page","status-publish","has-post-thumbnail","hentry"],"featured_image_src":"https:\/\/naturalpharmaceuticals.eu\/wp-content\/uploads\/sites\/2\/2026\/03\/Natural_Pharmaceuticals_MenoActiv_1520X600.jpg","yoast_head":"<!-- This site is optimized with the Yoast SEO plugin v24.4 - https:\/\/yoast.com\/wordpress\/plugins\/seo\/ -->\n<title>MenoActiv Balance\u00ae - Natural Pharmaceuticals<\/title>\n<meta name=\"robots\" content=\"index, follow, max-snippet:-1, max-image-preview:large, max-video-preview:-1\" \/>\n<link rel=\"canonical\" href=\"https:\/\/naturalpharmaceuticals.eu\/lt\/musu-produktai\/menoactiv-balance\/\" \/>\n<meta property=\"og:locale\" content=\"lt_LT\" \/>\n<meta property=\"og:type\" content=\"article\" \/>\n<meta property=\"og:title\" content=\"MenoActiv Balance\u00ae - Natural Pharmaceuticals\" \/>\n<meta property=\"og:description\" content=\"MenoActiv Balance\u00ae \u201eMenoActiv Balance\u00ae\u201d yra maisto papildas, skirtas moterims menopauz\u0117s laikotarpiu, padedantis palaikyti bendr\u0105 organizmo pusiausvyr\u0105 ir kasdien\u0119 savijaut\u0105. Formul\u0117 sujungia augal\u0173 ekstraktus, vitaminus ir mineralus, kurie padeda palengvinti menopauz\u0117s simptomus bei palaikyti nerv\u0173 ir hormon\u0173 sistem\u0173 veikl\u0105, taip pat&#x2026; Read More MenoActiv Balance\u00ae\" \/>\n<meta property=\"og:url\" content=\"https:\/\/naturalpharmaceuticals.eu\/lt\/musu-produktai\/menoactiv-balance\/\" \/>\n<meta property=\"og:site_name\" content=\"Natural Pharmaceuticals\" \/>\n<meta property=\"article:modified_time\" content=\"2026-04-01T11:24:22+00:00\" \/>\n<meta property=\"og:image\" content=\"https:\/\/naturalpharmaceuticals.eu\/wp-content\/uploads\/sites\/2\/2026\/03\/Natural_Pharmaceuticals_MenoActiv_1520X600.jpg\" \/>\n\t<meta property=\"og:image:width\" content=\"1520\" \/>\n\t<meta property=\"og:image:height\" content=\"600\" \/>\n\t<meta property=\"og:image:type\" content=\"image\/jpeg\" \/>\n<meta name=\"twitter:card\" content=\"summary_large_image\" \/>\n<meta name=\"twitter:label1\" content=\"Est. reading time\" \/>\n\t<meta name=\"twitter:data1\" content=\"3 minut\u0117s\" \/>\n<script type=\"application\/ld+json\" class=\"yoast-schema-graph\">{\"@context\":\"https:\/\/schema.org\",\"@graph\":[{\"@type\":\"WebPage\",\"@id\":\"https:\/\/naturalpharmaceuticals.eu\/lt\/musu-produktai\/menoactiv-balance\/\",\"url\":\"https:\/\/naturalpharmaceuticals.eu\/lt\/musu-produktai\/menoactiv-balance\/\",\"name\":\"MenoActiv Balance\u00ae - Natural Pharmaceuticals\",\"isPartOf\":{\"@id\":\"https:\/\/naturalpharmaceuticals.eu\/lt\/#website\"},\"primaryImageOfPage\":{\"@id\":\"https:\/\/naturalpharmaceuticals.eu\/lt\/musu-produktai\/menoactiv-balance\/#primaryimage\"},\"image\":{\"@id\":\"https:\/\/naturalpharmaceuticals.eu\/lt\/musu-produktai\/menoactiv-balance\/#primaryimage\"},\"thumbnailUrl\":\"https:\/\/naturalpharmaceuticals.eu\/wp-content\/uploads\/sites\/2\/2026\/03\/Natural_Pharmaceuticals_MenoActiv_1520X600.jpg\",\"datePublished\":\"2026-04-01T07:32:01+00:00\",\"dateModified\":\"2026-04-01T11:24:22+00:00\",\"breadcrumb\":{\"@id\":\"https:\/\/naturalpharmaceuticals.eu\/lt\/musu-produktai\/menoactiv-balance\/#breadcrumb\"},\"inLanguage\":\"lt-LT\",\"potentialAction\":[{\"@type\":\"ReadAction\",\"target\":[\"https:\/\/naturalpharmaceuticals.eu\/lt\/musu-produktai\/menoactiv-balance\/\"]}]},{\"@type\":\"ImageObject\",\"inLanguage\":\"lt-LT\",\"@id\":\"https:\/\/naturalpharmaceuticals.eu\/lt\/musu-produktai\/menoactiv-balance\/#primaryimage\",\"url\":\"https:\/\/naturalpharmaceuticals.eu\/wp-content\/uploads\/sites\/2\/2026\/03\/Natural_Pharmaceuticals_MenoActiv_1520X600.jpg\",\"contentUrl\":\"https:\/\/naturalpharmaceuticals.eu\/wp-content\/uploads\/sites\/2\/2026\/03\/Natural_Pharmaceuticals_MenoActiv_1520X600.jpg\",\"width\":1520,\"height\":600},{\"@type\":\"BreadcrumbList\",\"@id\":\"https:\/\/naturalpharmaceuticals.eu\/lt\/musu-produktai\/menoactiv-balance\/#breadcrumb\",\"itemListElement\":[{\"@type\":\"ListItem\",\"position\":1,\"name\":\"Home\",\"item\":\"https:\/\/naturalpharmaceuticals.eu\/lt\/\"},{\"@type\":\"ListItem\",\"position\":2,\"name\":\"M\u016bs\u0173 produktai\",\"item\":\"https:\/\/naturalpharmaceuticals.eu\/lt\/musu-produktai\/\"},{\"@type\":\"ListItem\",\"position\":3,\"name\":\"MenoActiv Balance\u00ae\"}]},{\"@type\":\"WebSite\",\"@id\":\"https:\/\/naturalpharmaceuticals.eu\/lt\/#website\",\"url\":\"https:\/\/naturalpharmaceuticals.eu\/lt\/\",\"name\":\"Natural Pharmaceuticals\",\"description\":\"\",\"publisher\":{\"@id\":\"https:\/\/naturalpharmaceuticals.eu\/lt\/#organization\"},\"potentialAction\":[{\"@type\":\"SearchAction\",\"target\":{\"@type\":\"EntryPoint\",\"urlTemplate\":\"https:\/\/naturalpharmaceuticals.eu\/lt\/?s={search_term_string}\"},\"query-input\":{\"@type\":\"PropertyValueSpecification\",\"valueRequired\":true,\"valueName\":\"search_term_string\"}}],\"inLanguage\":\"lt-LT\"},{\"@type\":\"Organization\",\"@id\":\"https:\/\/naturalpharmaceuticals.eu\/lt\/#organization\",\"name\":\"Natural Pharmaceuticals\",\"url\":\"https:\/\/naturalpharmaceuticals.eu\/lt\/\",\"logo\":{\"@type\":\"ImageObject\",\"inLanguage\":\"lt-LT\",\"@id\":\"https:\/\/naturalpharmaceuticals.eu\/lt\/#\/schema\/logo\/image\/\",\"url\":\"https:\/\/naturalpharmaceuticals.eu\/wp-content\/uploads\/sites\/2\/2020\/11\/cropped-natural-pharmaceuticals-logo.png\",\"contentUrl\":\"https:\/\/naturalpharmaceuticals.eu\/wp-content\/uploads\/sites\/2\/2020\/11\/cropped-natural-pharmaceuticals-logo.png\",\"width\":900,\"height\":323,\"caption\":\"Natural Pharmaceuticals\"},\"image\":{\"@id\":\"https:\/\/naturalpharmaceuticals.eu\/lt\/#\/schema\/logo\/image\/\"}}]}<\/script>\n<!-- \/ Yoast SEO plugin. -->","yoast_head_json":{"title":"MenoActiv Balance\u00ae - Natural Pharmaceuticals","robots":{"index":"index","follow":"follow","max-snippet":"max-snippet:-1","max-image-preview":"max-image-preview:large","max-video-preview":"max-video-preview:-1"},"canonical":"https:\/\/naturalpharmaceuticals.eu\/lt\/musu-produktai\/menoactiv-balance\/","og_locale":"lt_LT","og_type":"article","og_title":"MenoActiv Balance\u00ae - Natural Pharmaceuticals","og_description":"MenoActiv Balance\u00ae \u201eMenoActiv Balance\u00ae\u201d yra maisto papildas, skirtas moterims menopauz\u0117s laikotarpiu, padedantis palaikyti bendr\u0105 organizmo pusiausvyr\u0105 ir kasdien\u0119 savijaut\u0105. Formul\u0117 sujungia augal\u0173 ekstraktus, vitaminus ir mineralus, kurie padeda palengvinti menopauz\u0117s simptomus bei palaikyti nerv\u0173 ir hormon\u0173 sistem\u0173 veikl\u0105, taip pat&#x2026; Read More MenoActiv Balance\u00ae","og_url":"https:\/\/naturalpharmaceuticals.eu\/lt\/musu-produktai\/menoactiv-balance\/","og_site_name":"Natural Pharmaceuticals","article_modified_time":"2026-04-01T11:24:22+00:00","og_image":[{"width":1520,"height":600,"url":"https:\/\/naturalpharmaceuticals.eu\/wp-content\/uploads\/sites\/2\/2026\/03\/Natural_Pharmaceuticals_MenoActiv_1520X600.jpg","type":"image\/jpeg"}],"twitter_card":"summary_large_image","twitter_misc":{"Est. reading time":"3 minut\u0117s"},"schema":{"@context":"https:\/\/schema.org","@graph":[{"@type":"WebPage","@id":"https:\/\/naturalpharmaceuticals.eu\/lt\/musu-produktai\/menoactiv-balance\/","url":"https:\/\/naturalpharmaceuticals.eu\/lt\/musu-produktai\/menoactiv-balance\/","name":"MenoActiv Balance\u00ae - Natural Pharmaceuticals","isPartOf":{"@id":"https:\/\/naturalpharmaceuticals.eu\/lt\/#website"},"primaryImageOfPage":{"@id":"https:\/\/naturalpharmaceuticals.eu\/lt\/musu-produktai\/menoactiv-balance\/#primaryimage"},"image":{"@id":"https:\/\/naturalpharmaceuticals.eu\/lt\/musu-produktai\/menoactiv-balance\/#primaryimage"},"thumbnailUrl":"https:\/\/naturalpharmaceuticals.eu\/wp-content\/uploads\/sites\/2\/2026\/03\/Natural_Pharmaceuticals_MenoActiv_1520X600.jpg","datePublished":"2026-04-01T07:32:01+00:00","dateModified":"2026-04-01T11:24:22+00:00","breadcrumb":{"@id":"https:\/\/naturalpharmaceuticals.eu\/lt\/musu-produktai\/menoactiv-balance\/#breadcrumb"},"inLanguage":"lt-LT","potentialAction":[{"@type":"ReadAction","target":["https:\/\/naturalpharmaceuticals.eu\/lt\/musu-produktai\/menoactiv-balance\/"]}]},{"@type":"ImageObject","inLanguage":"lt-LT","@id":"https:\/\/naturalpharmaceuticals.eu\/lt\/musu-produktai\/menoactiv-balance\/#primaryimage","url":"https:\/\/naturalpharmaceuticals.eu\/wp-content\/uploads\/sites\/2\/2026\/03\/Natural_Pharmaceuticals_MenoActiv_1520X600.jpg","contentUrl":"https:\/\/naturalpharmaceuticals.eu\/wp-content\/uploads\/sites\/2\/2026\/03\/Natural_Pharmaceuticals_MenoActiv_1520X600.jpg","width":1520,"height":600},{"@type":"BreadcrumbList","@id":"https:\/\/naturalpharmaceuticals.eu\/lt\/musu-produktai\/menoactiv-balance\/#breadcrumb","itemListElement":[{"@type":"ListItem","position":1,"name":"Home","item":"https:\/\/naturalpharmaceuticals.eu\/lt\/"},{"@type":"ListItem","position":2,"name":"M\u016bs\u0173 produktai","item":"https:\/\/naturalpharmaceuticals.eu\/lt\/musu-produktai\/"},{"@type":"ListItem","position":3,"name":"MenoActiv Balance\u00ae"}]},{"@type":"WebSite","@id":"https:\/\/naturalpharmaceuticals.eu\/lt\/#website","url":"https:\/\/naturalpharmaceuticals.eu\/lt\/","name":"Natural Pharmaceuticals","description":"","publisher":{"@id":"https:\/\/naturalpharmaceuticals.eu\/lt\/#organization"},"potentialAction":[{"@type":"SearchAction","target":{"@type":"EntryPoint","urlTemplate":"https:\/\/naturalpharmaceuticals.eu\/lt\/?s={search_term_string}"},"query-input":{"@type":"PropertyValueSpecification","valueRequired":true,"valueName":"search_term_string"}}],"inLanguage":"lt-LT"},{"@type":"Organization","@id":"https:\/\/naturalpharmaceuticals.eu\/lt\/#organization","name":"Natural Pharmaceuticals","url":"https:\/\/naturalpharmaceuticals.eu\/lt\/","logo":{"@type":"ImageObject","inLanguage":"lt-LT","@id":"https:\/\/naturalpharmaceuticals.eu\/lt\/#\/schema\/logo\/image\/","url":"https:\/\/naturalpharmaceuticals.eu\/wp-content\/uploads\/sites\/2\/2020\/11\/cropped-natural-pharmaceuticals-logo.png","contentUrl":"https:\/\/naturalpharmaceuticals.eu\/wp-content\/uploads\/sites\/2\/2020\/11\/cropped-natural-pharmaceuticals-logo.png","width":900,"height":323,"caption":"Natural Pharmaceuticals"},"image":{"@id":"https:\/\/naturalpharmaceuticals.eu\/lt\/#\/schema\/logo\/image\/"}}]}},"jetpack_sharing_enabled":true,"_links":{"self":[{"href":"https:\/\/naturalpharmaceuticals.eu\/lt\/wp-json\/wp\/v2\/pages\/39016","targetHints":{"allow":["GET"]}}],"collection":[{"href":"https:\/\/naturalpharmaceuticals.eu\/lt\/wp-json\/wp\/v2\/pages"}],"about":[{"href":"https:\/\/naturalpharmaceuticals.eu\/lt\/wp-json\/wp\/v2\/types\/page"}],"author":[{"embeddable":true,"href":"https:\/\/naturalpharmaceuticals.eu\/lt\/wp-json\/wp\/v2\/users\/9"}],"replies":[{"embeddable":true,"href":"https:\/\/naturalpharmaceuticals.eu\/lt\/wp-json\/wp\/v2\/comments?post=39016"}],"version-history":[{"count":3,"href":"https:\/\/naturalpharmaceuticals.eu\/lt\/wp-json\/wp\/v2\/pages\/39016\/revisions"}],"predecessor-version":[{"id":39111,"href":"https:\/\/naturalpharmaceuticals.eu\/lt\/wp-json\/wp\/v2\/pages\/39016\/revisions\/39111"}],"up":[{"embeddable":true,"href":"https:\/\/naturalpharmaceuticals.eu\/lt\/wp-json\/wp\/v2\/pages\/4036"}],"wp:featuredmedia":[{"embeddable":true,"href":"https:\/\/naturalpharmaceuticals.eu\/lt\/wp-json\/wp\/v2\/media\/39047"}],"wp:attachment":[{"href":"https:\/\/naturalpharmaceuticals.eu\/lt\/wp-json\/wp\/v2\/media?parent=39016"}],"curies":[{"name":"wp","href":"https:\/\/api.w.org\/{rel}","templated":true}]}}