{"id":3979,"date":"2021-05-12T08:26:22","date_gmt":"2021-05-12T08:26:22","guid":{"rendered":"https:\/\/naturalpharmaceuticals.eu\/?page_id=3979"},"modified":"2023-04-18T11:23:17","modified_gmt":"2023-04-18T11:23:17","slug":"ilgesniam-geresniam-gyvenimui","status":"publish","type":"page","link":"https:\/\/naturalpharmaceuticals.eu\/lt\/","title":{"rendered":"Ilgesniam, geresniam gyvenimui"},"content":{"rendered":"\n<p>Mes esame spar\u010diai auganti Norvegijos sveikatos \u012fmon\u0117, daug d\u0117mesio skirianti mokslui ir technologijoms bei rinkos lyder\u0117 Omega-3 segmente. M\u016bs\u0173 produktai gaunami tiesiai i\u0161 kri\u0161tolo skaidrumo \u0160iaur\u0117s Arkties. M\u016bs\u0173 misija yra didinti Vidurio Europos vartotoj\u0173 supratim\u0105 apie didel\u0119 naud\u0105 sveikatai, susijusi\u0105 su mityba, kurioje gausu \u017euvies ir j\u016brini\u0173 riebal\u0173 r\u016bg\u0161\u010di\u0173. \u201eOmegaMarine\u2122 Premium\u201c yra rinkos lyder\u0117 daugelyje Europos \u0161ali\u0173.<\/p>\n","protected":false},"excerpt":{"rendered":"<p>Mes esame spar\u010diai auganti Norvegijos sveikatos \u012fmon\u0117, daug d\u0117mesio skirianti mokslui ir technologijoms bei rinkos lyder\u0117 Omega-3 segmente. M\u016bs\u0173 produktai gaunami tiesiai i\u0161 kri\u0161tolo skaidrumo \u0160iaur\u0117s Arkties. M\u016bs\u0173 misija yra didinti Vidurio Europos vartotoj\u0173 supratim\u0105 apie didel\u0119 naud\u0105 sveikatai, susijusi\u0105&#x2026; <\/p>\n<p class=\"more-link-container th-uppercase\"><a href=\"https:\/\/naturalpharmaceuticals.eu\/lt\/\" class=\"more-link\">Read More <span class=\"screen-reader-text\">Ilgesniam, geresniam gyvenimui<\/span><\/a><\/p>\n","protected":false},"author":1,"featured_media":3981,"parent":0,"menu_order":0,"comment_status":"closed","ping_status":"closed","template":"templates\/front-page.php","meta":{"ub_ctt_via":"","footnotes":""},"class_list":["post-3979","page","type-page","status-publish","has-post-thumbnail","hentry"],"featured_image_src":"https:\/\/naturalpharmaceuticals.eu\/wp-content\/uploads\/sites\/2\/2020\/12\/Natural_Pharmaceuticals_Norway_1518x435.jpg","yoast_head":"<!-- This site is optimized with the Yoast SEO plugin v24.4 - https:\/\/yoast.com\/wordpress\/plugins\/seo\/ -->\n<title>Ilgesniam, geresniam gyvenimui - Natural Pharmaceuticals<\/title>\n<meta name=\"robots\" content=\"index, follow, max-snippet:-1, max-image-preview:large, max-video-preview:-1\" \/>\n<link rel=\"canonical\" href=\"https:\/\/naturalpharmaceuticals.eu\/lt\/\" \/>\n<meta property=\"og:locale\" content=\"lt_LT\" \/>\n<meta property=\"og:type\" content=\"article\" \/>\n<meta property=\"og:title\" content=\"Ilgesniam, geresniam gyvenimui - Natural Pharmaceuticals\" \/>\n<meta property=\"og:description\" content=\"Mes esame spar\u010diai auganti Norvegijos sveikatos \u012fmon\u0117, daug d\u0117mesio skirianti mokslui ir technologijoms bei rinkos lyder\u0117 Omega-3 segmente. M\u016bs\u0173 produktai gaunami tiesiai i\u0161 kri\u0161tolo skaidrumo \u0160iaur\u0117s Arkties. M\u016bs\u0173 misija yra didinti Vidurio Europos vartotoj\u0173 supratim\u0105 apie didel\u0119 naud\u0105 sveikatai, susijusi\u0105&#x2026; Read More Ilgesniam, geresniam gyvenimui\" \/>\n<meta property=\"og:url\" content=\"https:\/\/naturalpharmaceuticals.eu\/lt\/\" \/>\n<meta property=\"og:site_name\" content=\"Natural Pharmaceuticals\" \/>\n<meta property=\"article:modified_time\" content=\"2023-04-18T11:23:17+00:00\" \/>\n<meta property=\"og:image\" content=\"https:\/\/naturalpharmaceuticals.eu\/wp-content\/uploads\/sites\/2\/2020\/12\/Natural_Pharmaceuticals_Norway_1518x435.jpg\" \/>\n\t<meta property=\"og:image:width\" content=\"1518\" \/>\n\t<meta property=\"og:image:height\" content=\"435\" \/>\n\t<meta property=\"og:image:type\" content=\"image\/jpeg\" \/>\n<meta name=\"twitter:card\" content=\"summary_large_image\" \/>\n<meta name=\"twitter:label1\" content=\"Est. reading time\" \/>\n\t<meta name=\"twitter:data1\" content=\"1 minut\u0117\" \/>\n<script type=\"application\/ld+json\" class=\"yoast-schema-graph\">{\"@context\":\"https:\/\/schema.org\",\"@graph\":[{\"@type\":\"WebPage\",\"@id\":\"https:\/\/naturalpharmaceuticals.eu\/lt\/\",\"url\":\"https:\/\/naturalpharmaceuticals.eu\/lt\/\",\"name\":\"Ilgesniam, geresniam gyvenimui - Natural Pharmaceuticals\",\"isPartOf\":{\"@id\":\"https:\/\/naturalpharmaceuticals.eu\/lt\/#website\"},\"primaryImageOfPage\":{\"@id\":\"https:\/\/naturalpharmaceuticals.eu\/lt\/#primaryimage\"},\"image\":{\"@id\":\"https:\/\/naturalpharmaceuticals.eu\/lt\/#primaryimage\"},\"thumbnailUrl\":\"https:\/\/naturalpharmaceuticals.eu\/wp-content\/uploads\/sites\/2\/2020\/12\/Natural_Pharmaceuticals_Norway_1518x435.jpg\",\"datePublished\":\"2021-05-12T08:26:22+00:00\",\"dateModified\":\"2023-04-18T11:23:17+00:00\",\"breadcrumb\":{\"@id\":\"https:\/\/naturalpharmaceuticals.eu\/lt\/#breadcrumb\"},\"inLanguage\":\"lt-LT\",\"potentialAction\":[{\"@type\":\"ReadAction\",\"target\":[\"https:\/\/naturalpharmaceuticals.eu\/lt\/\"]}]},{\"@type\":\"ImageObject\",\"inLanguage\":\"lt-LT\",\"@id\":\"https:\/\/naturalpharmaceuticals.eu\/lt\/#primaryimage\",\"url\":\"https:\/\/naturalpharmaceuticals.eu\/wp-content\/uploads\/sites\/2\/2020\/12\/Natural_Pharmaceuticals_Norway_1518x435.jpg\",\"contentUrl\":\"https:\/\/naturalpharmaceuticals.eu\/wp-content\/uploads\/sites\/2\/2020\/12\/Natural_Pharmaceuticals_Norway_1518x435.jpg\",\"width\":1518,\"height\":435},{\"@type\":\"BreadcrumbList\",\"@id\":\"https:\/\/naturalpharmaceuticals.eu\/lt\/#breadcrumb\",\"itemListElement\":[{\"@type\":\"ListItem\",\"position\":1,\"name\":\"Home\",\"item\":\"https:\/\/naturalpharmaceuticals.eu\/lt\/\"},{\"@type\":\"ListItem\",\"position\":2,\"name\":\"Ilgesniam, geresniam gyvenimui\"}]},{\"@type\":\"WebSite\",\"@id\":\"https:\/\/naturalpharmaceuticals.eu\/lt\/#website\",\"url\":\"https:\/\/naturalpharmaceuticals.eu\/lt\/\",\"name\":\"Natural Pharmaceuticals\",\"description\":\"\",\"publisher\":{\"@id\":\"https:\/\/naturalpharmaceuticals.eu\/lt\/#organization\"},\"potentialAction\":[{\"@type\":\"SearchAction\",\"target\":{\"@type\":\"EntryPoint\",\"urlTemplate\":\"https:\/\/naturalpharmaceuticals.eu\/lt\/?s={search_term_string}\"},\"query-input\":{\"@type\":\"PropertyValueSpecification\",\"valueRequired\":true,\"valueName\":\"search_term_string\"}}],\"inLanguage\":\"lt-LT\"},{\"@type\":\"Organization\",\"@id\":\"https:\/\/naturalpharmaceuticals.eu\/lt\/#organization\",\"name\":\"Natural Pharmaceuticals\",\"url\":\"https:\/\/naturalpharmaceuticals.eu\/lt\/\",\"logo\":{\"@type\":\"ImageObject\",\"inLanguage\":\"lt-LT\",\"@id\":\"https:\/\/naturalpharmaceuticals.eu\/lt\/#\/schema\/logo\/image\/\",\"url\":\"https:\/\/naturalpharmaceuticals.eu\/wp-content\/uploads\/sites\/2\/2020\/11\/cropped-natural-pharmaceuticals-logo.png\",\"contentUrl\":\"https:\/\/naturalpharmaceuticals.eu\/wp-content\/uploads\/sites\/2\/2020\/11\/cropped-natural-pharmaceuticals-logo.png\",\"width\":900,\"height\":323,\"caption\":\"Natural Pharmaceuticals\"},\"image\":{\"@id\":\"https:\/\/naturalpharmaceuticals.eu\/lt\/#\/schema\/logo\/image\/\"}}]}<\/script>\n<!-- \/ Yoast SEO plugin. -->","yoast_head_json":{"title":"Ilgesniam, geresniam gyvenimui - Natural Pharmaceuticals","robots":{"index":"index","follow":"follow","max-snippet":"max-snippet:-1","max-image-preview":"max-image-preview:large","max-video-preview":"max-video-preview:-1"},"canonical":"https:\/\/naturalpharmaceuticals.eu\/lt\/","og_locale":"lt_LT","og_type":"article","og_title":"Ilgesniam, geresniam gyvenimui - Natural Pharmaceuticals","og_description":"Mes esame spar\u010diai auganti Norvegijos sveikatos \u012fmon\u0117, daug d\u0117mesio skirianti mokslui ir technologijoms bei rinkos lyder\u0117 Omega-3 segmente. M\u016bs\u0173 produktai gaunami tiesiai i\u0161 kri\u0161tolo skaidrumo \u0160iaur\u0117s Arkties. M\u016bs\u0173 misija yra didinti Vidurio Europos vartotoj\u0173 supratim\u0105 apie didel\u0119 naud\u0105 sveikatai, susijusi\u0105&#x2026; Read More Ilgesniam, geresniam gyvenimui","og_url":"https:\/\/naturalpharmaceuticals.eu\/lt\/","og_site_name":"Natural Pharmaceuticals","article_modified_time":"2023-04-18T11:23:17+00:00","og_image":[{"width":1518,"height":435,"url":"https:\/\/naturalpharmaceuticals.eu\/wp-content\/uploads\/sites\/2\/2020\/12\/Natural_Pharmaceuticals_Norway_1518x435.jpg","type":"image\/jpeg"}],"twitter_card":"summary_large_image","twitter_misc":{"Est. reading time":"1 minut\u0117"},"schema":{"@context":"https:\/\/schema.org","@graph":[{"@type":"WebPage","@id":"https:\/\/naturalpharmaceuticals.eu\/lt\/","url":"https:\/\/naturalpharmaceuticals.eu\/lt\/","name":"Ilgesniam, geresniam gyvenimui - Natural Pharmaceuticals","isPartOf":{"@id":"https:\/\/naturalpharmaceuticals.eu\/lt\/#website"},"primaryImageOfPage":{"@id":"https:\/\/naturalpharmaceuticals.eu\/lt\/#primaryimage"},"image":{"@id":"https:\/\/naturalpharmaceuticals.eu\/lt\/#primaryimage"},"thumbnailUrl":"https:\/\/naturalpharmaceuticals.eu\/wp-content\/uploads\/sites\/2\/2020\/12\/Natural_Pharmaceuticals_Norway_1518x435.jpg","datePublished":"2021-05-12T08:26:22+00:00","dateModified":"2023-04-18T11:23:17+00:00","breadcrumb":{"@id":"https:\/\/naturalpharmaceuticals.eu\/lt\/#breadcrumb"},"inLanguage":"lt-LT","potentialAction":[{"@type":"ReadAction","target":["https:\/\/naturalpharmaceuticals.eu\/lt\/"]}]},{"@type":"ImageObject","inLanguage":"lt-LT","@id":"https:\/\/naturalpharmaceuticals.eu\/lt\/#primaryimage","url":"https:\/\/naturalpharmaceuticals.eu\/wp-content\/uploads\/sites\/2\/2020\/12\/Natural_Pharmaceuticals_Norway_1518x435.jpg","contentUrl":"https:\/\/naturalpharmaceuticals.eu\/wp-content\/uploads\/sites\/2\/2020\/12\/Natural_Pharmaceuticals_Norway_1518x435.jpg","width":1518,"height":435},{"@type":"BreadcrumbList","@id":"https:\/\/naturalpharmaceuticals.eu\/lt\/#breadcrumb","itemListElement":[{"@type":"ListItem","position":1,"name":"Home","item":"https:\/\/naturalpharmaceuticals.eu\/lt\/"},{"@type":"ListItem","position":2,"name":"Ilgesniam, geresniam gyvenimui"}]},{"@type":"WebSite","@id":"https:\/\/naturalpharmaceuticals.eu\/lt\/#website","url":"https:\/\/naturalpharmaceuticals.eu\/lt\/","name":"Natural Pharmaceuticals","description":"","publisher":{"@id":"https:\/\/naturalpharmaceuticals.eu\/lt\/#organization"},"potentialAction":[{"@type":"SearchAction","target":{"@type":"EntryPoint","urlTemplate":"https:\/\/naturalpharmaceuticals.eu\/lt\/?s={search_term_string}"},"query-input":{"@type":"PropertyValueSpecification","valueRequired":true,"valueName":"search_term_string"}}],"inLanguage":"lt-LT"},{"@type":"Organization","@id":"https:\/\/naturalpharmaceuticals.eu\/lt\/#organization","name":"Natural Pharmaceuticals","url":"https:\/\/naturalpharmaceuticals.eu\/lt\/","logo":{"@type":"ImageObject","inLanguage":"lt-LT","@id":"https:\/\/naturalpharmaceuticals.eu\/lt\/#\/schema\/logo\/image\/","url":"https:\/\/naturalpharmaceuticals.eu\/wp-content\/uploads\/sites\/2\/2020\/11\/cropped-natural-pharmaceuticals-logo.png","contentUrl":"https:\/\/naturalpharmaceuticals.eu\/wp-content\/uploads\/sites\/2\/2020\/11\/cropped-natural-pharmaceuticals-logo.png","width":900,"height":323,"caption":"Natural Pharmaceuticals"},"image":{"@id":"https:\/\/naturalpharmaceuticals.eu\/lt\/#\/schema\/logo\/image\/"}}]}},"jetpack_sharing_enabled":true,"_links":{"self":[{"href":"https:\/\/naturalpharmaceuticals.eu\/lt\/wp-json\/wp\/v2\/pages\/3979","targetHints":{"allow":["GET"]}}],"collection":[{"href":"https:\/\/naturalpharmaceuticals.eu\/lt\/wp-json\/wp\/v2\/pages"}],"about":[{"href":"https:\/\/naturalpharmaceuticals.eu\/lt\/wp-json\/wp\/v2\/types\/page"}],"author":[{"embeddable":true,"href":"https:\/\/naturalpharmaceuticals.eu\/lt\/wp-json\/wp\/v2\/users\/1"}],"replies":[{"embeddable":true,"href":"https:\/\/naturalpharmaceuticals.eu\/lt\/wp-json\/wp\/v2\/comments?post=3979"}],"version-history":[{"count":2,"href":"https:\/\/naturalpharmaceuticals.eu\/lt\/wp-json\/wp\/v2\/pages\/3979\/revisions"}],"predecessor-version":[{"id":18470,"href":"https:\/\/naturalpharmaceuticals.eu\/lt\/wp-json\/wp\/v2\/pages\/3979\/revisions\/18470"}],"wp:featuredmedia":[{"embeddable":true,"href":"https:\/\/naturalpharmaceuticals.eu\/lt\/wp-json\/wp\/v2\/media\/3981"}],"wp:attachment":[{"href":"https:\/\/naturalpharmaceuticals.eu\/lt\/wp-json\/wp\/v2\/media?parent=3979"}],"curies":[{"name":"wp","href":"https:\/\/api.w.org\/{rel}","templated":true}]}}