{"id":4094,"date":"2021-05-14T09:33:34","date_gmt":"2021-05-14T09:33:34","guid":{"rendered":"https:\/\/naturalpharmaceuticals.eu\/?page_id=4094"},"modified":"2025-12-11T17:44:29","modified_gmt":"2025-12-11T17:44:29","slug":"kontaktiniai","status":"publish","type":"page","link":"https:\/\/naturalpharmaceuticals.eu\/lt\/kontaktiniai\/","title":{"rendered":"Kontaktiniai"},"content":{"rendered":"\n<div class=\"wp-block-group\"><div class=\"wp-block-group__inner-container is-layout-flow wp-block-group-is-layout-flow\">\n<div class=\"wp-block-columns is-layout-flex wp-container-core-columns-is-layout-1 wp-block-columns-is-layout-flex\">\n<div class=\"wp-block-column contact-info is-layout-flow wp-block-column-is-layout-flow\">\n<h2 class=\"wp-block-heading\">Klient\u0173 aptarnavimas<\/h2>\n\n\n\n<dl class=\"contact-info-list\">\n    <dt>El. Pa\u0161tas:<\/dt>\n    <dd><a href=\"mailto:info@naturalpharmaceuticals.eu\">info@naturalpharmaceuticals.eu<\/a><\/dd>\n\n    <dt>Oficialus biuro adresas:<\/dt>\n    <dd>\nNatural Pharmaceuticals Sp. z o.o.<br>\nul. Domaniewska 28<br>\n02-672 Var\u0161uva<br>\nLenkija\n    <\/dd>\n\n    <dt>Klient\u0173 aptarnavimas Natural Pharmaceuticals:<\/dt>\n    <dd>\n        El. Pa\u0161tas: <a href=\"mailto:info@naturalpharmaceuticals.eu\">info@naturalpharmaceuticals.eu<\/a><br>\n        M\u016bs\u0173 klient\u0173 aptarnavimo skyrius dirba \u0161iomis valandomis: Pirmadieniais &#8211; Penktadieniais, nuo 9:00 iki 15:00\n    <\/dd>\n<\/dl>\n<\/div>\n\n\n\n<div class=\"wp-block-column is-layout-flow wp-block-column-is-layout-flow\">\n<h2 class=\"wp-block-heading\">Kontaktin\u0117 forma<\/h2>\n\n\n<div class=\"wp-block-jetpack-contact-form contact-form\"><a href=\"https:\/\/naturalpharmaceuticals.eu\/lt\/kontaktiniai\/\" target=\"_blank\" rel=\"noopener noreferrer\">Submit a form.<\/a><\/div><\/div>\n<\/div>\n<\/div><\/div>\n","protected":false},"excerpt":{"rendered":"<p>Klient\u0173 aptarnavimas El. Pa\u0161tas: info@naturalpharmaceuticals.eu Oficialus biuro adresas: Natural Pharmaceuticals Sp. z o.o. ul. Domaniewska 28 02-672 Var\u0161uva Lenkija Klient\u0173 aptarnavimas Natural Pharmaceuticals: El. Pa\u0161tas: info@naturalpharmaceuticals.eu M\u016bs\u0173 klient\u0173 aptarnavimo skyrius dirba \u0161iomis valandomis: Pirmadieniais &#8211; Penktadieniais, nuo 9:00 iki 15:00&#x2026; <\/p>\n<p class=\"more-link-container th-uppercase\"><a href=\"https:\/\/naturalpharmaceuticals.eu\/lt\/kontaktiniai\/\" class=\"more-link\">Read More <span class=\"screen-reader-text\">Kontaktiniai<\/span><\/a><\/p>\n","protected":false},"author":1,"featured_media":0,"parent":0,"menu_order":0,"comment_status":"closed","ping_status":"closed","template":"templates\/grid-full-width-page.php","meta":{"ub_ctt_via":"","footnotes":""},"class_list":["post-4094","page","type-page","status-publish","hentry"],"featured_image_src":null,"yoast_head":"<!-- This site is optimized with the Yoast SEO plugin v24.4 - https:\/\/yoast.com\/wordpress\/plugins\/seo\/ -->\n<title>Kontaktiniai - Natural Pharmaceuticals<\/title>\n<meta name=\"robots\" content=\"index, follow, max-snippet:-1, max-image-preview:large, max-video-preview:-1\" \/>\n<link rel=\"canonical\" href=\"https:\/\/naturalpharmaceuticals.eu\/lt\/kontaktiniai\/\" \/>\n<meta property=\"og:locale\" content=\"lt_LT\" \/>\n<meta property=\"og:type\" content=\"article\" \/>\n<meta property=\"og:title\" content=\"Kontaktiniai - Natural Pharmaceuticals\" \/>\n<meta property=\"og:description\" content=\"Klient\u0173 aptarnavimas El. Pa\u0161tas: info@naturalpharmaceuticals.eu Oficialus biuro adresas: Natural Pharmaceuticals Sp. z o.o. ul. Domaniewska 28 02-672 Var\u0161uva Lenkija Klient\u0173 aptarnavimas Natural Pharmaceuticals: El. Pa\u0161tas: info@naturalpharmaceuticals.eu M\u016bs\u0173 klient\u0173 aptarnavimo skyrius dirba \u0161iomis valandomis: Pirmadieniais &#8211; Penktadieniais, nuo 9:00 iki 15:00&#x2026; Read More Kontaktiniai\" \/>\n<meta property=\"og:url\" content=\"https:\/\/naturalpharmaceuticals.eu\/lt\/kontaktiniai\/\" \/>\n<meta property=\"og:site_name\" content=\"Natural Pharmaceuticals\" \/>\n<meta property=\"article:modified_time\" content=\"2025-12-11T17:44:29+00:00\" \/>\n<meta name=\"twitter:card\" content=\"summary_large_image\" \/>\n<meta name=\"twitter:label1\" content=\"Est. reading time\" \/>\n\t<meta name=\"twitter:data1\" content=\"1 minut\u0117\" \/>\n<script type=\"application\/ld+json\" class=\"yoast-schema-graph\">{\"@context\":\"https:\/\/schema.org\",\"@graph\":[{\"@type\":\"WebPage\",\"@id\":\"https:\/\/naturalpharmaceuticals.eu\/lt\/kontaktiniai\/\",\"url\":\"https:\/\/naturalpharmaceuticals.eu\/lt\/kontaktiniai\/\",\"name\":\"Kontaktiniai - Natural Pharmaceuticals\",\"isPartOf\":{\"@id\":\"https:\/\/naturalpharmaceuticals.eu\/lt\/#website\"},\"datePublished\":\"2021-05-14T09:33:34+00:00\",\"dateModified\":\"2025-12-11T17:44:29+00:00\",\"breadcrumb\":{\"@id\":\"https:\/\/naturalpharmaceuticals.eu\/lt\/kontaktiniai\/#breadcrumb\"},\"inLanguage\":\"lt-LT\",\"potentialAction\":[{\"@type\":\"ReadAction\",\"target\":[\"https:\/\/naturalpharmaceuticals.eu\/lt\/kontaktiniai\/\"]}]},{\"@type\":\"BreadcrumbList\",\"@id\":\"https:\/\/naturalpharmaceuticals.eu\/lt\/kontaktiniai\/#breadcrumb\",\"itemListElement\":[{\"@type\":\"ListItem\",\"position\":1,\"name\":\"Home\",\"item\":\"https:\/\/naturalpharmaceuticals.eu\/lt\/\"},{\"@type\":\"ListItem\",\"position\":2,\"name\":\"Kontaktiniai\"}]},{\"@type\":\"WebSite\",\"@id\":\"https:\/\/naturalpharmaceuticals.eu\/lt\/#website\",\"url\":\"https:\/\/naturalpharmaceuticals.eu\/lt\/\",\"name\":\"Natural Pharmaceuticals\",\"description\":\"\",\"publisher\":{\"@id\":\"https:\/\/naturalpharmaceuticals.eu\/lt\/#organization\"},\"potentialAction\":[{\"@type\":\"SearchAction\",\"target\":{\"@type\":\"EntryPoint\",\"urlTemplate\":\"https:\/\/naturalpharmaceuticals.eu\/lt\/?s={search_term_string}\"},\"query-input\":{\"@type\":\"PropertyValueSpecification\",\"valueRequired\":true,\"valueName\":\"search_term_string\"}}],\"inLanguage\":\"lt-LT\"},{\"@type\":\"Organization\",\"@id\":\"https:\/\/naturalpharmaceuticals.eu\/lt\/#organization\",\"name\":\"Natural Pharmaceuticals\",\"url\":\"https:\/\/naturalpharmaceuticals.eu\/lt\/\",\"logo\":{\"@type\":\"ImageObject\",\"inLanguage\":\"lt-LT\",\"@id\":\"https:\/\/naturalpharmaceuticals.eu\/lt\/#\/schema\/logo\/image\/\",\"url\":\"https:\/\/naturalpharmaceuticals.eu\/wp-content\/uploads\/sites\/2\/2020\/11\/cropped-natural-pharmaceuticals-logo.png\",\"contentUrl\":\"https:\/\/naturalpharmaceuticals.eu\/wp-content\/uploads\/sites\/2\/2020\/11\/cropped-natural-pharmaceuticals-logo.png\",\"width\":900,\"height\":323,\"caption\":\"Natural Pharmaceuticals\"},\"image\":{\"@id\":\"https:\/\/naturalpharmaceuticals.eu\/lt\/#\/schema\/logo\/image\/\"}}]}<\/script>\n<!-- \/ Yoast SEO plugin. -->","yoast_head_json":{"title":"Kontaktiniai - Natural Pharmaceuticals","robots":{"index":"index","follow":"follow","max-snippet":"max-snippet:-1","max-image-preview":"max-image-preview:large","max-video-preview":"max-video-preview:-1"},"canonical":"https:\/\/naturalpharmaceuticals.eu\/lt\/kontaktiniai\/","og_locale":"lt_LT","og_type":"article","og_title":"Kontaktiniai - Natural Pharmaceuticals","og_description":"Klient\u0173 aptarnavimas El. Pa\u0161tas: info@naturalpharmaceuticals.eu Oficialus biuro adresas: Natural Pharmaceuticals Sp. z o.o. ul. Domaniewska 28 02-672 Var\u0161uva Lenkija Klient\u0173 aptarnavimas Natural Pharmaceuticals: El. Pa\u0161tas: info@naturalpharmaceuticals.eu M\u016bs\u0173 klient\u0173 aptarnavimo skyrius dirba \u0161iomis valandomis: Pirmadieniais &#8211; Penktadieniais, nuo 9:00 iki 15:00&#x2026; Read More Kontaktiniai","og_url":"https:\/\/naturalpharmaceuticals.eu\/lt\/kontaktiniai\/","og_site_name":"Natural Pharmaceuticals","article_modified_time":"2025-12-11T17:44:29+00:00","twitter_card":"summary_large_image","twitter_misc":{"Est. reading time":"1 minut\u0117"},"schema":{"@context":"https:\/\/schema.org","@graph":[{"@type":"WebPage","@id":"https:\/\/naturalpharmaceuticals.eu\/lt\/kontaktiniai\/","url":"https:\/\/naturalpharmaceuticals.eu\/lt\/kontaktiniai\/","name":"Kontaktiniai - Natural Pharmaceuticals","isPartOf":{"@id":"https:\/\/naturalpharmaceuticals.eu\/lt\/#website"},"datePublished":"2021-05-14T09:33:34+00:00","dateModified":"2025-12-11T17:44:29+00:00","breadcrumb":{"@id":"https:\/\/naturalpharmaceuticals.eu\/lt\/kontaktiniai\/#breadcrumb"},"inLanguage":"lt-LT","potentialAction":[{"@type":"ReadAction","target":["https:\/\/naturalpharmaceuticals.eu\/lt\/kontaktiniai\/"]}]},{"@type":"BreadcrumbList","@id":"https:\/\/naturalpharmaceuticals.eu\/lt\/kontaktiniai\/#breadcrumb","itemListElement":[{"@type":"ListItem","position":1,"name":"Home","item":"https:\/\/naturalpharmaceuticals.eu\/lt\/"},{"@type":"ListItem","position":2,"name":"Kontaktiniai"}]},{"@type":"WebSite","@id":"https:\/\/naturalpharmaceuticals.eu\/lt\/#website","url":"https:\/\/naturalpharmaceuticals.eu\/lt\/","name":"Natural Pharmaceuticals","description":"","publisher":{"@id":"https:\/\/naturalpharmaceuticals.eu\/lt\/#organization"},"potentialAction":[{"@type":"SearchAction","target":{"@type":"EntryPoint","urlTemplate":"https:\/\/naturalpharmaceuticals.eu\/lt\/?s={search_term_string}"},"query-input":{"@type":"PropertyValueSpecification","valueRequired":true,"valueName":"search_term_string"}}],"inLanguage":"lt-LT"},{"@type":"Organization","@id":"https:\/\/naturalpharmaceuticals.eu\/lt\/#organization","name":"Natural Pharmaceuticals","url":"https:\/\/naturalpharmaceuticals.eu\/lt\/","logo":{"@type":"ImageObject","inLanguage":"lt-LT","@id":"https:\/\/naturalpharmaceuticals.eu\/lt\/#\/schema\/logo\/image\/","url":"https:\/\/naturalpharmaceuticals.eu\/wp-content\/uploads\/sites\/2\/2020\/11\/cropped-natural-pharmaceuticals-logo.png","contentUrl":"https:\/\/naturalpharmaceuticals.eu\/wp-content\/uploads\/sites\/2\/2020\/11\/cropped-natural-pharmaceuticals-logo.png","width":900,"height":323,"caption":"Natural Pharmaceuticals"},"image":{"@id":"https:\/\/naturalpharmaceuticals.eu\/lt\/#\/schema\/logo\/image\/"}}]}},"jetpack_sharing_enabled":true,"_links":{"self":[{"href":"https:\/\/naturalpharmaceuticals.eu\/lt\/wp-json\/wp\/v2\/pages\/4094","targetHints":{"allow":["GET"]}}],"collection":[{"href":"https:\/\/naturalpharmaceuticals.eu\/lt\/wp-json\/wp\/v2\/pages"}],"about":[{"href":"https:\/\/naturalpharmaceuticals.eu\/lt\/wp-json\/wp\/v2\/types\/page"}],"author":[{"embeddable":true,"href":"https:\/\/naturalpharmaceuticals.eu\/lt\/wp-json\/wp\/v2\/users\/1"}],"replies":[{"embeddable":true,"href":"https:\/\/naturalpharmaceuticals.eu\/lt\/wp-json\/wp\/v2\/comments?post=4094"}],"version-history":[{"count":4,"href":"https:\/\/naturalpharmaceuticals.eu\/lt\/wp-json\/wp\/v2\/pages\/4094\/revisions"}],"predecessor-version":[{"id":37636,"href":"https:\/\/naturalpharmaceuticals.eu\/lt\/wp-json\/wp\/v2\/pages\/4094\/revisions\/37636"}],"wp:attachment":[{"href":"https:\/\/naturalpharmaceuticals.eu\/lt\/wp-json\/wp\/v2\/media?parent=4094"}],"curies":[{"name":"wp","href":"https:\/\/api.w.org\/{rel}","templated":true}]}}