{"id":4171,"date":"2021-05-14T10:21:52","date_gmt":"2021-05-14T10:21:52","guid":{"rendered":"https:\/\/naturalpharmaceuticals.eu\/?page_id=4171"},"modified":"2021-10-05T08:57:34","modified_gmt":"2021-10-05T08:57:34","slug":"memocomplex","status":"publish","type":"page","link":"https:\/\/naturalpharmaceuticals.eu\/lt\/musu-produktai\/memocomplex\/","title":{"rendered":"MemoComplex"},"content":{"rendered":"\n<div class=\"wp-block-group\"><div class=\"wp-block-group__inner-container is-layout-flow wp-block-group-is-layout-flow\">\n<div class=\"wp-block-columns is-layout-flex wp-container-core-columns-is-layout-1 wp-block-columns-is-layout-flex\">\n<div class=\"wp-block-column is-layout-flow wp-block-column-is-layout-flow\">\n<figure class=\"wp-block-image size-large sticky\"><img loading=\"lazy\" decoding=\"async\" width=\"768\" height=\"768\" src=\"https:\/\/naturalpharmaceuticals.eu\/wp-content\/uploads\/sites\/2\/2021\/05\/MX_www_768x768_HR.png\" alt=\"\" class=\"wp-image-4499\" srcset=\"https:\/\/naturalpharmaceuticals.eu\/wp-content\/uploads\/sites\/2\/2021\/05\/MX_www_768x768_HR.png 768w, https:\/\/naturalpharmaceuticals.eu\/wp-content\/uploads\/sites\/2\/2021\/05\/MX_www_768x768_HR-300x300.png 300w, https:\/\/naturalpharmaceuticals.eu\/wp-content\/uploads\/sites\/2\/2021\/05\/MX_www_768x768_HR-150x150.png 150w, https:\/\/naturalpharmaceuticals.eu\/wp-content\/uploads\/sites\/2\/2021\/05\/MX_www_768x768_HR-200x200.png 200w\" sizes=\"auto, (max-width: 768px) 100vw, 768px\" \/><\/figure>\n<\/div>\n\n\n\n<div class=\"wp-block-column product-info-frame is-layout-flow wp-block-column-is-layout-flow\">\n<p style=\"font-size:18px\"><strong>MemoComplex<\/strong><\/p>\n\n\n\n<ul class=\"list-style-check-sign line-height-2 wp-block-list\"><li>Patentuoti ir dokumentais pagr\u012fsti ingredientai<\/li><li>Ingredientai su daugiau nei 65 atliktais klinikiniais tyrimais<\/li><li>Normalios pa\u017eintin\u0117s funkcijos palaikymas<\/li><li>Palaiko normali\u0105 fiziologin\u0119 funkcij\u0105<\/li><li>D\u0117l atminties ir susikaupimo<\/li><li>Tinkama mityba j\u016bs\u0173 smegenims<\/li><li>Palaiko j\u016bs\u0173 smegen\u0173 veikl\u0105<\/li><\/ul>\n\n\n\n<p><\/p>\n<\/div>\n<\/div>\n<\/div><\/div>\n\n\n\n<div class=\"packshot-bg-wrapper\"><div class=\"full-width-inside-container packshot-bg packshot-bg-mx\"><\/div><\/div>\n\n\n\n<p>Pagrindini\u0173 \u201eMemoComplex\u201c sudedam\u0173j\u0173 dali\u0173 vaidmuo \u017emogaus organizme buvo teigiamai \u012fvertintas Europos maisto saugos tarnybos (EMST) teiginiuose apie sveikatingum\u0105:<\/p>\n\n\n\n<p>DHR padeda palaikyti normali\u0105 smegen\u0173 funkcij\u0105. Teigiamas poveikis pasirei\u0161kia per par\u0105 suvartojant 250 mg DHR.<br>Vitaminas B1, niacinas, B12 ir jodas padeda palaikyti normali\u0105 nerv\u0173 sistemos veikl\u0105.<br>Vitaminas B1, niacinas, B12 ir jodas padeda palaikyti normali\u0105 psichologin\u0119 funkcij\u0105. Jodas padeda palaikyti normali\u0105 pa\u017einimo funkcij\u0105.<\/p>\n\n\n<div role=\"tabpanel\" class=\"wp-block-ub-tabbed-content-tab-content-wrap ub-hide\"\n        id=\"ub-tabbed-content--panel-0\" aria-labelledby=\"ub-tabbed-content--tab-0\" tabindex=\"0\">\n\n<p><a href=\"https:\/\/nordicmed.natural.pl\/?page_id=326\">Preview in new tab(opens in a new tab)<\/a><\/p>\n\n\n\n<p>reviews<\/p>\n\n<\/div>\n\n<div role=\"tabpanel\" class=\"wp-block-ub-tabbed-content-tab-content-wrap ub-hide\"\n        id=\"ub-tabbed-content--panel-1\" aria-labelledby=\"ub-tabbed-content--tab-1\" tabindex=\"0\">\n\n<p><\/p>\n\n<\/div>\n\n<div role=\"tabpanel\" class=\"wp-block-ub-tabbed-content-tab-content-wrap ub-hide\"\n        id=\"ub-tabbed-content--panel-2\" aria-labelledby=\"ub-tabbed-content--tab-2\" tabindex=\"0\">\n\n<p><\/p>\n\n<\/div>\n\n<div class=\"wp-block-ub-tabbed-content-block wp-block-ub-tabbed-content wp-block-ub-tabbed-content-holder wp-block-ub-tabbed-content-horizontal-holder-mobile wp-block-ub-tabbed-content-horizontal-holder-tablet\" id=\"ub-tabbed-content-1f5cfdd5-5a67-49d5-912e-d2b5b4cadf38\">\n\t\t\t<div class=\"wp-block-ub-tabbed-content-tab-holder horizontal-tab-width-mobile horizontal-tab-width-tablet\">\n\t\t\t\t<div role=\"tablist\" class=\"wp-block-ub-tabbed-content-tabs-title wp-block-ub-tabbed-content-tabs-title-mobile-horizontal-tab wp-block-ub-tabbed-content-tabs-title-tablet-horizontal-tab\"><div role=\"tab\" id=\"ub-tabbed-content-1f5cfdd5-5a67-49d5-912e-d2b5b4cadf38-tab-0\" aria-controls=\"ub-tabbed-content-1f5cfdd5-5a67-49d5-912e-d2b5b4cadf38-panel-0\" aria-selected=\"true\" class=\"wp-block-ub-tabbed-content-tab-title-wrap active\" style=\"\" tabindex=\"-1\">\n\t\t\t\t<div class=\"wp-block-ub-tabbed-content-tab-title\">Informacija apie maistingum\u0105<\/div>\n\t\t\t<\/div><\/div>\n\t\t\t<\/div>\n\t\t\t<div class=\"wp-block-ub-tabbed-content-tabs-content\" style=\"\"><div role=\"tabpanel\" class=\"wp-block-ub-tabbed-content-tab-content-wrap active\"\n        id=\"ub-tabbed-content-1f5cfdd5-5a67-49d5-912e-d2b5b4cadf38-panel-0\" aria-labelledby=\"ub-tabbed-content-1f5cfdd5-5a67-49d5-912e-d2b5b4cadf38-tab-0\" tabindex=\"0\">\n\n<p>MemoComplex<\/p>\n\n\n\n<figure class=\"wp-block-table is-style-borders\"><table><tbody><tr><th>Ingridientai<\/th><th>2 kapsul\u0117se<\/th><th>%RMV *<\/th><\/tr><tr><td>\u017duv\u0173 taukai<\/td><td>500 mg<\/td><td>&#8211;<\/td><\/tr><tr><td>&nbsp;&nbsp;&nbsp;&nbsp;\u012eskaitant omega-3 riebal\u0173 r\u016bg\u0161tis, \u012eskaitant:<\/td><td>380 mg<\/td><td>&#8211;<\/td><\/tr><tr><td>&nbsp;&nbsp;&nbsp;&nbsp;&nbsp;&nbsp;&nbsp;&nbsp;DHR (dokozaheksaeno r\u016bg\u0161tis)<\/td><td>260 mg<\/td><td>&#8211;<\/td><\/tr><tr><td>&nbsp;&nbsp;&nbsp;&nbsp;&nbsp;&nbsp;&nbsp;&nbsp;EPR (eikozapentaeno r\u016bg\u0161tis)<\/td><td>70 mg<\/td><td>&#8211;<\/td><\/tr><tr><td>Sojos pupeli\u0173 fosfolipidai<\/td><td>90 mg<\/td><td>&#8211;<\/td><\/tr><tr><td>Cholinas<\/td><td>82.5 mg<\/td><td>&#8211;<\/td><\/tr><tr><td>Fosfatidilcholinas<\/td><td>26 mg<\/td><td>&#8211;<\/td><\/tr><tr><td>&nbsp;&nbsp;&nbsp;&nbsp;\u012fskaitant Cholino<\/td><td>4 mg<\/td><td>&#8211;<\/td><\/tr><tr><td>Fosfatidiletanolaminas<\/td><td>19 mg<\/td><td>&#8211;<\/td><\/tr><tr><td>Fosfatidilinozitolis<\/td><td>22 mg<\/td><td>&#8211;<\/td><\/tr><tr><td>&nbsp;jskaitant Inozitolio<\/td><td>5 mg<\/td><td>&#8211;<\/td><\/tr><tr><td>Fosfatido r\u016bg\u0161tis<\/td><td>11 mg<\/td><td>&#8211;<\/td><\/tr><tr><td>Sojos fosfatidilserinas<\/td><td>1 mg<\/td><td>&#8211;<\/td><\/tr><tr><td>Curcumin C3 Complex\u00ae (ilgosios ciber\u017eol\u0117s \u0161akniastiebi\u0173 ekstraktas)<\/td><td>50 mg<\/td><td>&#8211;<\/td><\/tr><tr><td>&nbsp;&nbsp;&nbsp;&nbsp;\u012fskaitant kurkuminoid\u0173<\/td><td>46 mg<\/td><td>&#8211;<\/td><\/tr><tr><td>Bioperine\u00ae (juod\u0173j\u0173 pipir\u0173 vaisi\u0173 ekstraktas)<\/td><td>2.5 mg<\/td><td>&#8211;<\/td><\/tr><tr><td>&nbsp;\u012fskaitant piperino<\/td><td>2.38 mg<\/td><td>&#8211;<\/td><\/tr><tr><td>Vitaminas B1 (Tiaminas)<\/td><td>1.1 mg<\/td><td>100<\/td><\/tr><tr><td>Vitaminas B3 (Niacinas)<\/td><td>16 mg<\/td><td>100<\/td><\/tr><tr><td>Vitaminas B12<\/td><td>2.5 \u03bcg<\/td><td>100<\/td><\/tr><tr><td>Jodas<\/td><td>150 \u03bcg<\/td><td>100<\/td><\/tr><\/tbody><\/table><\/figure>\n\n\n\n<p>*RMV \u2013 Referencin\u0117 maistin\u0117 vert\u0117<\/p>\n\n\n\n<p><strong>Sudedamosios dalys:<\/strong> \u017euv\u0173 taukai, kiaulienos \u017eelatina, stabilizatorius (glicerolis), sojos pupeli\u0173 fosfolipidai, sojos pupeli\u0173 cholinas, Curcumin C3 Complex\u00ae (ilgosios ciber\u017eol\u0117s \u0161akniastiebi\u0173 ekstraktas (Curcuma Longa)), sojos pupeli\u0173 fosfatidilcholinas, sojos pupeli\u0173 fosfatidilinozitolis, sojos pupeli\u0173 fosfatidiletanilaminas, nikotinamidas, sojos pupeli\u0173 fosfatidilo r\u016bg\u0161tis, da\u017eiklis (Paprastoji karamel\u0117), Bioperine\u00ae (juod\u0173j\u0173 pipir\u0173 vaisi\u0173 ekstraktas (Piper nigrum)), i\u0161grynintas vanduo, tiamino hidrochloridas, sojos fosfatidilserinas, kalio jodidas, cianokobalaminas.<\/p>\n\n\n\n<p><strong>MemoComplex \u2013 dvi kapsul\u0117s per dien\u0105<\/strong><\/p>\n\n\n\n<p><strong>Naudojimas: <\/strong>\u0160io produkto paskirtis yra papildyti kasdien\u0119 maistini\u0173 med\u017eiag\u0173 mityb\u0105, padedan\u010di\u0105 palaikyti normali\u0105 smegen\u0173 veikl\u0105, normalias psichologines ir pa\u017einimo funkcijas bei normali\u0105 nerv\u0173 sistemos veikl\u0105.<\/p>\n\n\n\n<p><strong>Maisto papildo rekomenduojama doz\u0117 vartoti per dien\u0105:<\/strong> 2 kapsul\u0117s per dien\u0105.<\/p>\n\n\n\n<p><strong>Grynasis kiekis:<\/strong> 304 g (360 kapsuli\u0173 po 845 mg)<\/p>\n\n\n\n<p><strong>Pastaba:<\/strong> Maisto papildas neturi b\u016bti vartojamas kaip maisto pakaitalas. Labai svarbi yra \u012fvairi ir subalansuota mityba ir sveikas gyvenimo b\u016bdas. Nevir\u0161yti rekomenduojamos paros normos.<\/p>\n\n\n\n<p><strong>Galiojimas:<\/strong> iki datos nurodytos ant pakuot\u0117s<\/p>\n\n\n\n<p><strong>Gamybos serija:<\/strong> nurodyta ant pakuot\u0117s<\/p>\n\n\n\n<p><strong>Laikymas: <\/strong>Laikyti sausoje vietoje, \u017eemesn\u0117je kaip 25\u00b0C temperat\u016broje, vaikams nepasiekiamoje vietoje. Saugoti nuo \u0161viesos.<\/p>\n\n\n\n<p><strong>Pagaminta Norvegijoje<\/strong> Pharmatech A.S. \u012fmon\u0117s, d\u0117l Natural Pharmaceuticals Sp. z o.o.<br><strong>Platintojas:<\/strong> Natural Pharmaceuticals Sp. z o.o. Domaniewska 28, 02-672 Var\u0161uva, Lenkija<\/p>\n\n\n\n<p><\/p>\n\n<\/div><\/div>\n\t\t<\/div>\n\n\n<div class=\"wp-block-group alignwide\"><div class=\"wp-block-group__inner-container is-layout-flow wp-block-group-is-layout-flow\"><\/div><\/div>\n\n\n\n<figure class=\"wp-block-image alignfull size-full\"><img loading=\"lazy\" decoding=\"async\" width=\"1520\" height=\"500\" src=\"https:\/\/naturalpharmaceuticals.eu\/wp-content\/uploads\/sites\/2\/2021\/05\/IMG_8834memo_HR.jpg\" alt=\"\" class=\"wp-image-4174\" srcset=\"https:\/\/naturalpharmaceuticals.eu\/wp-content\/uploads\/sites\/2\/2021\/05\/IMG_8834memo_HR.jpg 1520w, https:\/\/naturalpharmaceuticals.eu\/wp-content\/uploads\/sites\/2\/2021\/05\/IMG_8834memo_HR-300x99.jpg 300w, https:\/\/naturalpharmaceuticals.eu\/wp-content\/uploads\/sites\/2\/2021\/05\/IMG_8834memo_HR-1024x337.jpg 1024w, https:\/\/naturalpharmaceuticals.eu\/wp-content\/uploads\/sites\/2\/2021\/05\/IMG_8834memo_HR-768x253.jpg 768w\" sizes=\"auto, (max-width: 1520px) 100vw, 1520px\" \/><figcaption>c<\/figcaption><\/figure>\n","protected":false},"excerpt":{"rendered":"<p>MemoComplex Patentuoti ir dokumentais pagr\u012fsti ingredientai Ingredientai su daugiau nei 65 atliktais klinikiniais tyrimais Normalios pa\u017eintin\u0117s funkcijos palaikymas Palaiko normali\u0105 fiziologin\u0119 funkcij\u0105 D\u0117l atminties ir susikaupimo Tinkama mityba j\u016bs\u0173 smegenims Palaiko j\u016bs\u0173 smegen\u0173 veikl\u0105 Pagrindini\u0173 \u201eMemoComplex\u201c sudedam\u0173j\u0173 dali\u0173 vaidmuo \u017emogaus&#x2026; <\/p>\n<p class=\"more-link-container th-uppercase\"><a href=\"https:\/\/naturalpharmaceuticals.eu\/lt\/musu-produktai\/memocomplex\/\" class=\"more-link\">Read More <span class=\"screen-reader-text\">MemoComplex<\/span><\/a><\/p>\n","protected":false},"author":1,"featured_media":4507,"parent":4036,"menu_order":0,"comment_status":"closed","ping_status":"closed","template":"templates\/grid-full-width-page.php","meta":{"ub_ctt_via":"","footnotes":""},"class_list":["post-4171","page","type-page","status-publish","has-post-thumbnail","hentry"],"featured_image_src":"https:\/\/naturalpharmaceuticals.eu\/wp-content\/uploads\/sites\/2\/2021\/05\/HR_banner_760x300_MX.jpg","yoast_head":"<!-- This site is optimized with the Yoast SEO plugin v24.4 - https:\/\/yoast.com\/wordpress\/plugins\/seo\/ -->\n<title>MemoComplex - Natural Pharmaceuticals<\/title>\n<meta name=\"robots\" content=\"index, follow, max-snippet:-1, max-image-preview:large, max-video-preview:-1\" \/>\n<link rel=\"canonical\" href=\"https:\/\/naturalpharmaceuticals.eu\/lt\/musu-produktai\/memocomplex\/\" \/>\n<meta property=\"og:locale\" content=\"lt_LT\" \/>\n<meta property=\"og:type\" content=\"article\" \/>\n<meta property=\"og:title\" content=\"MemoComplex - Natural Pharmaceuticals\" \/>\n<meta property=\"og:description\" content=\"MemoComplex Patentuoti ir dokumentais pagr\u012fsti ingredientai Ingredientai su daugiau nei 65 atliktais klinikiniais tyrimais Normalios pa\u017eintin\u0117s funkcijos palaikymas Palaiko normali\u0105 fiziologin\u0119 funkcij\u0105 D\u0117l atminties ir susikaupimo Tinkama mityba j\u016bs\u0173 smegenims Palaiko j\u016bs\u0173 smegen\u0173 veikl\u0105 Pagrindini\u0173 \u201eMemoComplex\u201c sudedam\u0173j\u0173 dali\u0173 vaidmuo \u017emogaus&#x2026; Read More MemoComplex\" \/>\n<meta property=\"og:url\" content=\"https:\/\/naturalpharmaceuticals.eu\/lt\/musu-produktai\/memocomplex\/\" \/>\n<meta property=\"og:site_name\" content=\"Natural Pharmaceuticals\" \/>\n<meta property=\"article:modified_time\" content=\"2021-10-05T08:57:34+00:00\" \/>\n<meta property=\"og:image\" content=\"https:\/\/naturalpharmaceuticals.eu\/wp-content\/uploads\/sites\/2\/2021\/05\/HR_banner_760x300_MX.jpg\" \/>\n\t<meta property=\"og:image:width\" content=\"760\" \/>\n\t<meta property=\"og:image:height\" content=\"300\" \/>\n\t<meta property=\"og:image:type\" content=\"image\/jpeg\" \/>\n<meta name=\"twitter:card\" content=\"summary_large_image\" \/>\n<meta name=\"twitter:label1\" content=\"Est. reading time\" \/>\n\t<meta name=\"twitter:data1\" content=\"3 minut\u0117s\" \/>\n<script type=\"application\/ld+json\" class=\"yoast-schema-graph\">{\"@context\":\"https:\/\/schema.org\",\"@graph\":[{\"@type\":\"WebPage\",\"@id\":\"https:\/\/naturalpharmaceuticals.eu\/lt\/musu-produktai\/memocomplex\/\",\"url\":\"https:\/\/naturalpharmaceuticals.eu\/lt\/musu-produktai\/memocomplex\/\",\"name\":\"MemoComplex - Natural Pharmaceuticals\",\"isPartOf\":{\"@id\":\"https:\/\/naturalpharmaceuticals.eu\/lt\/#website\"},\"primaryImageOfPage\":{\"@id\":\"https:\/\/naturalpharmaceuticals.eu\/lt\/musu-produktai\/memocomplex\/#primaryimage\"},\"image\":{\"@id\":\"https:\/\/naturalpharmaceuticals.eu\/lt\/musu-produktai\/memocomplex\/#primaryimage\"},\"thumbnailUrl\":\"https:\/\/naturalpharmaceuticals.eu\/wp-content\/uploads\/sites\/2\/2021\/05\/HR_banner_760x300_MX.jpg\",\"datePublished\":\"2021-05-14T10:21:52+00:00\",\"dateModified\":\"2021-10-05T08:57:34+00:00\",\"breadcrumb\":{\"@id\":\"https:\/\/naturalpharmaceuticals.eu\/lt\/musu-produktai\/memocomplex\/#breadcrumb\"},\"inLanguage\":\"lt-LT\",\"potentialAction\":[{\"@type\":\"ReadAction\",\"target\":[\"https:\/\/naturalpharmaceuticals.eu\/lt\/musu-produktai\/memocomplex\/\"]}]},{\"@type\":\"ImageObject\",\"inLanguage\":\"lt-LT\",\"@id\":\"https:\/\/naturalpharmaceuticals.eu\/lt\/musu-produktai\/memocomplex\/#primaryimage\",\"url\":\"https:\/\/naturalpharmaceuticals.eu\/wp-content\/uploads\/sites\/2\/2021\/05\/HR_banner_760x300_MX.jpg\",\"contentUrl\":\"https:\/\/naturalpharmaceuticals.eu\/wp-content\/uploads\/sites\/2\/2021\/05\/HR_banner_760x300_MX.jpg\",\"width\":760,\"height\":300},{\"@type\":\"BreadcrumbList\",\"@id\":\"https:\/\/naturalpharmaceuticals.eu\/lt\/musu-produktai\/memocomplex\/#breadcrumb\",\"itemListElement\":[{\"@type\":\"ListItem\",\"position\":1,\"name\":\"Home\",\"item\":\"https:\/\/naturalpharmaceuticals.eu\/lt\/\"},{\"@type\":\"ListItem\",\"position\":2,\"name\":\"M\u016bs\u0173 produktai\",\"item\":\"https:\/\/naturalpharmaceuticals.eu\/lt\/musu-produktai\/\"},{\"@type\":\"ListItem\",\"position\":3,\"name\":\"MemoComplex\"}]},{\"@type\":\"WebSite\",\"@id\":\"https:\/\/naturalpharmaceuticals.eu\/lt\/#website\",\"url\":\"https:\/\/naturalpharmaceuticals.eu\/lt\/\",\"name\":\"Natural Pharmaceuticals\",\"description\":\"\",\"publisher\":{\"@id\":\"https:\/\/naturalpharmaceuticals.eu\/lt\/#organization\"},\"potentialAction\":[{\"@type\":\"SearchAction\",\"target\":{\"@type\":\"EntryPoint\",\"urlTemplate\":\"https:\/\/naturalpharmaceuticals.eu\/lt\/?s={search_term_string}\"},\"query-input\":{\"@type\":\"PropertyValueSpecification\",\"valueRequired\":true,\"valueName\":\"search_term_string\"}}],\"inLanguage\":\"lt-LT\"},{\"@type\":\"Organization\",\"@id\":\"https:\/\/naturalpharmaceuticals.eu\/lt\/#organization\",\"name\":\"Natural Pharmaceuticals\",\"url\":\"https:\/\/naturalpharmaceuticals.eu\/lt\/\",\"logo\":{\"@type\":\"ImageObject\",\"inLanguage\":\"lt-LT\",\"@id\":\"https:\/\/naturalpharmaceuticals.eu\/lt\/#\/schema\/logo\/image\/\",\"url\":\"https:\/\/naturalpharmaceuticals.eu\/wp-content\/uploads\/sites\/2\/2020\/11\/cropped-natural-pharmaceuticals-logo.png\",\"contentUrl\":\"https:\/\/naturalpharmaceuticals.eu\/wp-content\/uploads\/sites\/2\/2020\/11\/cropped-natural-pharmaceuticals-logo.png\",\"width\":900,\"height\":323,\"caption\":\"Natural Pharmaceuticals\"},\"image\":{\"@id\":\"https:\/\/naturalpharmaceuticals.eu\/lt\/#\/schema\/logo\/image\/\"}}]}<\/script>\n<!-- \/ Yoast SEO plugin. -->","yoast_head_json":{"title":"MemoComplex - Natural Pharmaceuticals","robots":{"index":"index","follow":"follow","max-snippet":"max-snippet:-1","max-image-preview":"max-image-preview:large","max-video-preview":"max-video-preview:-1"},"canonical":"https:\/\/naturalpharmaceuticals.eu\/lt\/musu-produktai\/memocomplex\/","og_locale":"lt_LT","og_type":"article","og_title":"MemoComplex - Natural Pharmaceuticals","og_description":"MemoComplex Patentuoti ir dokumentais pagr\u012fsti ingredientai Ingredientai su daugiau nei 65 atliktais klinikiniais tyrimais Normalios pa\u017eintin\u0117s funkcijos palaikymas Palaiko normali\u0105 fiziologin\u0119 funkcij\u0105 D\u0117l atminties ir susikaupimo Tinkama mityba j\u016bs\u0173 smegenims Palaiko j\u016bs\u0173 smegen\u0173 veikl\u0105 Pagrindini\u0173 \u201eMemoComplex\u201c sudedam\u0173j\u0173 dali\u0173 vaidmuo \u017emogaus&#x2026; Read More MemoComplex","og_url":"https:\/\/naturalpharmaceuticals.eu\/lt\/musu-produktai\/memocomplex\/","og_site_name":"Natural Pharmaceuticals","article_modified_time":"2021-10-05T08:57:34+00:00","og_image":[{"width":760,"height":300,"url":"https:\/\/naturalpharmaceuticals.eu\/wp-content\/uploads\/sites\/2\/2021\/05\/HR_banner_760x300_MX.jpg","type":"image\/jpeg"}],"twitter_card":"summary_large_image","twitter_misc":{"Est. reading time":"3 minut\u0117s"},"schema":{"@context":"https:\/\/schema.org","@graph":[{"@type":"WebPage","@id":"https:\/\/naturalpharmaceuticals.eu\/lt\/musu-produktai\/memocomplex\/","url":"https:\/\/naturalpharmaceuticals.eu\/lt\/musu-produktai\/memocomplex\/","name":"MemoComplex - Natural Pharmaceuticals","isPartOf":{"@id":"https:\/\/naturalpharmaceuticals.eu\/lt\/#website"},"primaryImageOfPage":{"@id":"https:\/\/naturalpharmaceuticals.eu\/lt\/musu-produktai\/memocomplex\/#primaryimage"},"image":{"@id":"https:\/\/naturalpharmaceuticals.eu\/lt\/musu-produktai\/memocomplex\/#primaryimage"},"thumbnailUrl":"https:\/\/naturalpharmaceuticals.eu\/wp-content\/uploads\/sites\/2\/2021\/05\/HR_banner_760x300_MX.jpg","datePublished":"2021-05-14T10:21:52+00:00","dateModified":"2021-10-05T08:57:34+00:00","breadcrumb":{"@id":"https:\/\/naturalpharmaceuticals.eu\/lt\/musu-produktai\/memocomplex\/#breadcrumb"},"inLanguage":"lt-LT","potentialAction":[{"@type":"ReadAction","target":["https:\/\/naturalpharmaceuticals.eu\/lt\/musu-produktai\/memocomplex\/"]}]},{"@type":"ImageObject","inLanguage":"lt-LT","@id":"https:\/\/naturalpharmaceuticals.eu\/lt\/musu-produktai\/memocomplex\/#primaryimage","url":"https:\/\/naturalpharmaceuticals.eu\/wp-content\/uploads\/sites\/2\/2021\/05\/HR_banner_760x300_MX.jpg","contentUrl":"https:\/\/naturalpharmaceuticals.eu\/wp-content\/uploads\/sites\/2\/2021\/05\/HR_banner_760x300_MX.jpg","width":760,"height":300},{"@type":"BreadcrumbList","@id":"https:\/\/naturalpharmaceuticals.eu\/lt\/musu-produktai\/memocomplex\/#breadcrumb","itemListElement":[{"@type":"ListItem","position":1,"name":"Home","item":"https:\/\/naturalpharmaceuticals.eu\/lt\/"},{"@type":"ListItem","position":2,"name":"M\u016bs\u0173 produktai","item":"https:\/\/naturalpharmaceuticals.eu\/lt\/musu-produktai\/"},{"@type":"ListItem","position":3,"name":"MemoComplex"}]},{"@type":"WebSite","@id":"https:\/\/naturalpharmaceuticals.eu\/lt\/#website","url":"https:\/\/naturalpharmaceuticals.eu\/lt\/","name":"Natural Pharmaceuticals","description":"","publisher":{"@id":"https:\/\/naturalpharmaceuticals.eu\/lt\/#organization"},"potentialAction":[{"@type":"SearchAction","target":{"@type":"EntryPoint","urlTemplate":"https:\/\/naturalpharmaceuticals.eu\/lt\/?s={search_term_string}"},"query-input":{"@type":"PropertyValueSpecification","valueRequired":true,"valueName":"search_term_string"}}],"inLanguage":"lt-LT"},{"@type":"Organization","@id":"https:\/\/naturalpharmaceuticals.eu\/lt\/#organization","name":"Natural Pharmaceuticals","url":"https:\/\/naturalpharmaceuticals.eu\/lt\/","logo":{"@type":"ImageObject","inLanguage":"lt-LT","@id":"https:\/\/naturalpharmaceuticals.eu\/lt\/#\/schema\/logo\/image\/","url":"https:\/\/naturalpharmaceuticals.eu\/wp-content\/uploads\/sites\/2\/2020\/11\/cropped-natural-pharmaceuticals-logo.png","contentUrl":"https:\/\/naturalpharmaceuticals.eu\/wp-content\/uploads\/sites\/2\/2020\/11\/cropped-natural-pharmaceuticals-logo.png","width":900,"height":323,"caption":"Natural Pharmaceuticals"},"image":{"@id":"https:\/\/naturalpharmaceuticals.eu\/lt\/#\/schema\/logo\/image\/"}}]}},"jetpack_sharing_enabled":true,"_links":{"self":[{"href":"https:\/\/naturalpharmaceuticals.eu\/lt\/wp-json\/wp\/v2\/pages\/4171","targetHints":{"allow":["GET"]}}],"collection":[{"href":"https:\/\/naturalpharmaceuticals.eu\/lt\/wp-json\/wp\/v2\/pages"}],"about":[{"href":"https:\/\/naturalpharmaceuticals.eu\/lt\/wp-json\/wp\/v2\/types\/page"}],"author":[{"embeddable":true,"href":"https:\/\/naturalpharmaceuticals.eu\/lt\/wp-json\/wp\/v2\/users\/1"}],"replies":[{"embeddable":true,"href":"https:\/\/naturalpharmaceuticals.eu\/lt\/wp-json\/wp\/v2\/comments?post=4171"}],"version-history":[{"count":6,"href":"https:\/\/naturalpharmaceuticals.eu\/lt\/wp-json\/wp\/v2\/pages\/4171\/revisions"}],"predecessor-version":[{"id":7250,"href":"https:\/\/naturalpharmaceuticals.eu\/lt\/wp-json\/wp\/v2\/pages\/4171\/revisions\/7250"}],"up":[{"embeddable":true,"href":"https:\/\/naturalpharmaceuticals.eu\/lt\/wp-json\/wp\/v2\/pages\/4036"}],"wp:featuredmedia":[{"embeddable":true,"href":"https:\/\/naturalpharmaceuticals.eu\/lt\/wp-json\/wp\/v2\/media\/4507"}],"wp:attachment":[{"href":"https:\/\/naturalpharmaceuticals.eu\/lt\/wp-json\/wp\/v2\/media?parent=4171"}],"curies":[{"name":"wp","href":"https:\/\/api.w.org\/{rel}","templated":true}]}}