{"id":4216,"date":"2021-05-14T11:00:39","date_gmt":"2021-05-14T11:00:39","guid":{"rendered":"https:\/\/naturalpharmaceuticals.eu\/?page_id=4216"},"modified":"2021-10-05T08:58:57","modified_gmt":"2021-10-05T08:58:57","slug":"vitamin-c","status":"publish","type":"page","link":"https:\/\/naturalpharmaceuticals.eu\/lt\/musu-produktai\/vitamin-c\/","title":{"rendered":"Vitamin C+"},"content":{"rendered":"\n<div class=\"wp-block-group\"><div class=\"wp-block-group__inner-container is-layout-flow wp-block-group-is-layout-flow\">\n<div class=\"wp-block-columns is-layout-flex wp-container-core-columns-is-layout-1 wp-block-columns-is-layout-flex\">\n<div class=\"wp-block-column is-layout-flow wp-block-column-is-layout-flow\">\n<figure class=\"wp-block-image size-large sticky\"><img loading=\"lazy\" decoding=\"async\" width=\"768\" height=\"768\" src=\"https:\/\/naturalpharmaceuticals.eu\/wp-content\/uploads\/sites\/2\/2020\/12\/CV_www_768x768.png\" alt=\"\" class=\"wp-image-1037\" srcset=\"https:\/\/naturalpharmaceuticals.eu\/wp-content\/uploads\/sites\/2\/2020\/12\/CV_www_768x768.png 768w, https:\/\/naturalpharmaceuticals.eu\/wp-content\/uploads\/sites\/2\/2020\/12\/CV_www_768x768-300x300.png 300w, https:\/\/naturalpharmaceuticals.eu\/wp-content\/uploads\/sites\/2\/2020\/12\/CV_www_768x768-150x150.png 150w, https:\/\/naturalpharmaceuticals.eu\/wp-content\/uploads\/sites\/2\/2020\/12\/CV_www_768x768-200x200.png 200w\" sizes=\"auto, (max-width: 768px) 100vw, 768px\" \/><\/figure>\n<\/div>\n\n\n\n<div class=\"wp-block-column product-info-frame is-layout-flow wp-block-column-is-layout-flow\">\n<p style=\"font-size:18px\"><strong>Vitamin C+<\/strong><\/p>\n\n\n\n<ul class=\"list-style-check-sign line-height-2 wp-block-list\"><li>Pla\u010diausiai \u017einomas vitaminas<\/li><li>Daugyb\u0117 teigiam\u0173 efekt\u0173 \u017emogaus organizmui<\/li><li>15 ES patvirtint\u0173 teigini\u0173 apie sveikatingum\u0105!<\/li><li>Vitaminas C prisideda prie normalaus kolageno susidarymo normaliai &nbsp;kraujagysli\u0173, kaul\u0173, kremzli\u0173, danten\u0173, odos ir dant\u0173 funkcijai.<\/li><li>Turi antioksidacini\u0173 savybi\u0173<\/li><\/ul>\n\n\n\n<p><\/p>\n<\/div>\n<\/div>\n<\/div><\/div>\n\n\n\n<div class=\"packshot-bg-wrapper\"><div class=\"full-width-inside-container packshot-bg packshot-bg-cv\"><\/div><\/div>\n\n\n\n<p>Pagrindini\u0173 \u201eVitamin C+\u201c sudedam\u0173j\u0173 dali\u0173 vaidmuo \u017emogaus organizme buvo teigiamai \u012fvertintas Europos maisto saugos tarnybos (EMST) teiginiuose apie sveikatingum\u0105:<\/p>\n\n\n\n<p>Vitaminas C padeda palaikyti normali\u0105 imunin\u0117s sistemos veikl\u0105 intensyvaus fizinio kr\u016bvio metu ir po jo.<br>Vitaminas C padeda palaikyti normal\u0173 kolageno, kuris reikalingas normaliai kraujagysli\u0173 funkcijai, susidarym\u0105.<br>Vitaminas C padeda palaikyti normal\u0173 kolageno, kuris reikalingas normaliai kaul\u0173 funkcijai, susidarym\u0105.<br>Vitaminas C padeda palaikyti normal\u0173 kolageno, kuris reikalingas normaliai kremzli\u0173 funkcijai, susidarym\u0105.<br>Vitaminas C padeda palaikyti normal\u0173 kolageno, kuris reikalingas normaliai danten\u0173 funkcijai, susidarym\u0105.<br>Vitaminas C padeda palaikyti normal\u0173 kolageno, kuris reikalingas normaliai odos funkcijai, susidarym\u0105.<br>Vitaminas C padeda palaikyti normal\u0173 kolageno, kuris reikalingas normaliai dant\u0173 funkcijai, susidarym\u0105.<br>Vitaminas C padeda palaikyti normali\u0105 energijos apykait\u0105.<br>Vitaminas C padeda palaikyti normali\u0105 nerv\u0173 sistemos veikl\u0105.<br>Vitaminas C padeda palaikyti normali\u0105 psichologin\u0119 funkcij\u0105.<br>Vitaminas C padeda palaikyti normali\u0105 imunin\u0117s sistemos veikl\u0105.<br>Vitaminas C padeda apsaugoti l\u0105steles nuo oksidacin\u0117s pa\u017eaidos.<br>Vitaminas C padeda ma\u017einti pavargimo jausm\u0105 ir nuovarg\u012f.<br>Vitaminas C padeda atstatyti redukuoto pavidalo vitamin\u0105 E. Vitaminas C gerina gele\u017eies absorbcij\u0105.<\/p>\n\n\n<div role=\"tabpanel\" class=\"wp-block-ub-tabbed-content-tab-content-wrap ub-hide\"\n        id=\"ub-tabbed-content--panel-0\" aria-labelledby=\"ub-tabbed-content--tab-0\" tabindex=\"0\">\n\n<p><a href=\"https:\/\/nordicmed.natural.pl\/?page_id=326\">Preview in new tab(opens in a new tab)<\/a><\/p>\n\n\n\n<p>reviews<\/p>\n\n<\/div>\n\n<div role=\"tabpanel\" class=\"wp-block-ub-tabbed-content-tab-content-wrap ub-hide\"\n        id=\"ub-tabbed-content--panel-1\" aria-labelledby=\"ub-tabbed-content--tab-1\" tabindex=\"0\">\n\n<p><\/p>\n\n<\/div>\n\n<div role=\"tabpanel\" class=\"wp-block-ub-tabbed-content-tab-content-wrap ub-hide\"\n        id=\"ub-tabbed-content--panel-2\" aria-labelledby=\"ub-tabbed-content--tab-2\" tabindex=\"0\">\n\n<p><\/p>\n\n<\/div>\n\n<div class=\"wp-block-ub-tabbed-content-block wp-block-ub-tabbed-content wp-block-ub-tabbed-content-holder wp-block-ub-tabbed-content-horizontal-holder-mobile wp-block-ub-tabbed-content-horizontal-holder-tablet\" id=\"ub-tabbed-content-024e0a49-b095-4b32-9902-615e56959713\">\n\t\t\t<div class=\"wp-block-ub-tabbed-content-tab-holder horizontal-tab-width-mobile horizontal-tab-width-tablet\">\n\t\t\t\t<div role=\"tablist\" class=\"wp-block-ub-tabbed-content-tabs-title wp-block-ub-tabbed-content-tabs-title-mobile-horizontal-tab wp-block-ub-tabbed-content-tabs-title-tablet-horizontal-tab\"><div role=\"tab\" id=\"ub-tabbed-content-024e0a49-b095-4b32-9902-615e56959713-tab-0\" aria-controls=\"ub-tabbed-content-024e0a49-b095-4b32-9902-615e56959713-panel-0\" aria-selected=\"true\" class=\"wp-block-ub-tabbed-content-tab-title-wrap active\" style=\"\" tabindex=\"-1\">\n\t\t\t\t<div class=\"wp-block-ub-tabbed-content-tab-title\">Informacija apie maistingum\u0105<\/div>\n\t\t\t<\/div><\/div>\n\t\t\t<\/div>\n\t\t\t<div class=\"wp-block-ub-tabbed-content-tabs-content\" style=\"\"><div role=\"tabpanel\" class=\"wp-block-ub-tabbed-content-tab-content-wrap active\"\n        id=\"ub-tabbed-content-024e0a49-b095-4b32-9902-615e56959713-panel-0\" aria-labelledby=\"ub-tabbed-content-024e0a49-b095-4b32-9902-615e56959713-tab-0\" tabindex=\"0\">\n\n<p>Vitamin C+<\/p>\n\n\n\n<figure class=\"wp-block-table is-style-borders\"><table class=\"has-fixed-layout\"><thead><tr><th><strong>Ingridientai<\/strong><\/th><th><strong>1 tablet\u0117je<\/strong><\/th><th>%RMV *<\/th><\/tr><\/thead><tbody><tr><td>Vitamin C<\/td><td>200 mg<\/td><td>250<\/td><\/tr><\/tbody><\/table><\/figure>\n\n\n\n<p>*RMV \u2013 Referencin\u0117 maistin\u0117 vert\u0117<\/p>\n\n\n\n<p><strong>Sudedamosios dalys: <\/strong>maltodekstrinas, L-askorbo r\u016bg\u0161tis, er\u0161k\u0117tro\u017ei\u0173 vaisi\u0173 ekstraktas, lipnum\u0105 reguliuojanti med\u017eiaga (kalcio fosfatai, silicio dioksidas), tir\u0161tiklis (celiulioz\u0117, riebal\u0173 r\u016bg\u0161\u010di\u0173 magnio druskos), glajin\u0117 med\u017eiaga (hidroksipropilmetilceliulioz\u0117).<\/p>\n\n\n\n<p><strong>Vitamin C+ <\/strong><strong>&#8211; viena tablet\u0117 per dien\u0105<\/strong><\/p>\n\n\n\n<p><strong>Naudojimas:<\/strong> Produkto paskirtis &#8211; papildyti dienos racion\u0105 vitaminu C.<\/p>\n\n\n\n<p><strong>Maisto papildo rekomenduojama doz\u0117 vartoti per dien\u0105:<\/strong> 1 tablet\u0117 per dien\u0105.<\/p>\n\n\n\n<p><strong>Grynasis kiekis: <\/strong>162 g (360 table\u010di\u0173 po 450 mg)<\/p>\n\n\n\n<p><strong>Pastaba:<\/strong> Maisto papildas neturi b\u016bti vartojamas kaip maisto pakaitalas. Labai svarbi yra \u012fvairi ir subalansuota mityba ir sveikas gyvenimo b\u016bdas. Nevir\u0161yti rekomenduojamos paros normos.<\/p>\n\n\n\n<p><strong>Galiojimas:<\/strong> iki datos nurodytos ant pakuot\u0117s<\/p>\n\n\n\n<p><strong>Gamybos serija:<\/strong> nurodyta ant pakuot\u0117s<\/p>\n\n\n\n<p><strong>Laikymas: <\/strong>Laikyti sausoje vietoje, \u017eemesn\u0117je kaip 25\u00b0C temperat\u016broje, vaikams nepasiekiamoje vietoje. Saugoti nuo \u0161viesos.<\/p>\n\n\n\n<p><strong>Pagaminta Norvegijoje<\/strong> Pharmatech A.S. \u012fmon\u0117s, d\u0117l Natural Pharmaceuticals Sp. z o.o.<\/p>\n\n\n\n<p><strong>Platintojas:<\/strong> Natural Pharmaceuticals Sp. z o.o. Domaniewska 28, 02-672 Var\u0161uva, Lenkija<\/p>\n\n\n\n<p><\/p>\n\n<\/div><\/div>\n\t\t<\/div>\n\n\n<figure class=\"wp-block-image alignfull size-full\"><img loading=\"lazy\" decoding=\"async\" width=\"1520\" height=\"500\" src=\"https:\/\/naturalpharmaceuticals.eu\/wp-content\/uploads\/sites\/2\/2021\/03\/Natural_Pharmaceuticals_Vitamin_C_IMG_7872.jpg\" alt=\"\" class=\"wp-image-2669\" srcset=\"https:\/\/naturalpharmaceuticals.eu\/wp-content\/uploads\/sites\/2\/2021\/03\/Natural_Pharmaceuticals_Vitamin_C_IMG_7872.jpg 1520w, https:\/\/naturalpharmaceuticals.eu\/wp-content\/uploads\/sites\/2\/2021\/03\/Natural_Pharmaceuticals_Vitamin_C_IMG_7872-300x99.jpg 300w, https:\/\/naturalpharmaceuticals.eu\/wp-content\/uploads\/sites\/2\/2021\/03\/Natural_Pharmaceuticals_Vitamin_C_IMG_7872-1024x337.jpg 1024w, https:\/\/naturalpharmaceuticals.eu\/wp-content\/uploads\/sites\/2\/2021\/03\/Natural_Pharmaceuticals_Vitamin_C_IMG_7872-768x253.jpg 768w\" sizes=\"auto, (max-width: 1520px) 100vw, 1520px\" \/><\/figure>\n","protected":false},"excerpt":{"rendered":"<p>Vitamin C+ Pla\u010diausiai \u017einomas vitaminas Daugyb\u0117 teigiam\u0173 efekt\u0173 \u017emogaus organizmui 15 ES patvirtint\u0173 teigini\u0173 apie sveikatingum\u0105! Vitaminas C prisideda prie normalaus kolageno susidarymo normaliai &nbsp;kraujagysli\u0173, kaul\u0173, kremzli\u0173, danten\u0173, odos ir dant\u0173 funkcijai. Turi antioksidacini\u0173 savybi\u0173 Pagrindini\u0173 \u201eVitamin C+\u201c sudedam\u0173j\u0173 dali\u0173&#x2026; <\/p>\n<p class=\"more-link-container th-uppercase\"><a href=\"https:\/\/naturalpharmaceuticals.eu\/lt\/musu-produktai\/vitamin-c\/\" class=\"more-link\">Read More <span class=\"screen-reader-text\">Vitamin C+<\/span><\/a><\/p>\n","protected":false},"author":1,"featured_media":4058,"parent":4036,"menu_order":0,"comment_status":"closed","ping_status":"closed","template":"templates\/grid-full-width-page.php","meta":{"ub_ctt_via":"","footnotes":""},"class_list":["post-4216","page","type-page","status-publish","has-post-thumbnail","hentry"],"featured_image_src":"https:\/\/naturalpharmaceuticals.eu\/wp-content\/uploads\/sites\/2\/2020\/12\/PL_banner_760x300_v2_14_Natural_Pharmaceuticals_Vitamin_C_plus.jpg","yoast_head":"<!-- This site is optimized with the Yoast SEO plugin v24.4 - https:\/\/yoast.com\/wordpress\/plugins\/seo\/ -->\n<title>Vitamin C+ - Natural Pharmaceuticals<\/title>\n<meta name=\"robots\" content=\"index, follow, max-snippet:-1, max-image-preview:large, max-video-preview:-1\" \/>\n<link rel=\"canonical\" href=\"https:\/\/naturalpharmaceuticals.eu\/lt\/musu-produktai\/vitamin-c\/\" \/>\n<meta property=\"og:locale\" content=\"lt_LT\" \/>\n<meta property=\"og:type\" content=\"article\" \/>\n<meta property=\"og:title\" content=\"Vitamin C+ - Natural Pharmaceuticals\" \/>\n<meta property=\"og:description\" content=\"Vitamin C+ Pla\u010diausiai \u017einomas vitaminas Daugyb\u0117 teigiam\u0173 efekt\u0173 \u017emogaus organizmui 15 ES patvirtint\u0173 teigini\u0173 apie sveikatingum\u0105! Vitaminas C prisideda prie normalaus kolageno susidarymo normaliai &nbsp;kraujagysli\u0173, kaul\u0173, kremzli\u0173, danten\u0173, odos ir dant\u0173 funkcijai. Turi antioksidacini\u0173 savybi\u0173 Pagrindini\u0173 \u201eVitamin C+\u201c sudedam\u0173j\u0173 dali\u0173&#x2026; Read More Vitamin C+\" \/>\n<meta property=\"og:url\" content=\"https:\/\/naturalpharmaceuticals.eu\/lt\/musu-produktai\/vitamin-c\/\" \/>\n<meta property=\"og:site_name\" content=\"Natural Pharmaceuticals\" \/>\n<meta property=\"article:modified_time\" content=\"2021-10-05T08:58:57+00:00\" \/>\n<meta property=\"og:image\" content=\"https:\/\/naturalpharmaceuticals.eu\/wp-content\/uploads\/sites\/2\/2020\/12\/PL_banner_760x300_v2_14_Natural_Pharmaceuticals_Vitamin_C_plus.jpg\" \/>\n\t<meta property=\"og:image:width\" content=\"760\" \/>\n\t<meta property=\"og:image:height\" content=\"300\" \/>\n\t<meta property=\"og:image:type\" content=\"image\/jpeg\" \/>\n<meta name=\"twitter:card\" content=\"summary_large_image\" \/>\n<meta name=\"twitter:label1\" content=\"Est. reading time\" \/>\n\t<meta name=\"twitter:data1\" content=\"2 minut\u0117s\" \/>\n<script type=\"application\/ld+json\" class=\"yoast-schema-graph\">{\"@context\":\"https:\/\/schema.org\",\"@graph\":[{\"@type\":\"WebPage\",\"@id\":\"https:\/\/naturalpharmaceuticals.eu\/lt\/musu-produktai\/vitamin-c\/\",\"url\":\"https:\/\/naturalpharmaceuticals.eu\/lt\/musu-produktai\/vitamin-c\/\",\"name\":\"Vitamin C+ - Natural Pharmaceuticals\",\"isPartOf\":{\"@id\":\"https:\/\/naturalpharmaceuticals.eu\/lt\/#website\"},\"primaryImageOfPage\":{\"@id\":\"https:\/\/naturalpharmaceuticals.eu\/lt\/musu-produktai\/vitamin-c\/#primaryimage\"},\"image\":{\"@id\":\"https:\/\/naturalpharmaceuticals.eu\/lt\/musu-produktai\/vitamin-c\/#primaryimage\"},\"thumbnailUrl\":\"https:\/\/naturalpharmaceuticals.eu\/wp-content\/uploads\/sites\/2\/2020\/12\/PL_banner_760x300_v2_14_Natural_Pharmaceuticals_Vitamin_C_plus.jpg\",\"datePublished\":\"2021-05-14T11:00:39+00:00\",\"dateModified\":\"2021-10-05T08:58:57+00:00\",\"breadcrumb\":{\"@id\":\"https:\/\/naturalpharmaceuticals.eu\/lt\/musu-produktai\/vitamin-c\/#breadcrumb\"},\"inLanguage\":\"lt-LT\",\"potentialAction\":[{\"@type\":\"ReadAction\",\"target\":[\"https:\/\/naturalpharmaceuticals.eu\/lt\/musu-produktai\/vitamin-c\/\"]}]},{\"@type\":\"ImageObject\",\"inLanguage\":\"lt-LT\",\"@id\":\"https:\/\/naturalpharmaceuticals.eu\/lt\/musu-produktai\/vitamin-c\/#primaryimage\",\"url\":\"https:\/\/naturalpharmaceuticals.eu\/wp-content\/uploads\/sites\/2\/2020\/12\/PL_banner_760x300_v2_14_Natural_Pharmaceuticals_Vitamin_C_plus.jpg\",\"contentUrl\":\"https:\/\/naturalpharmaceuticals.eu\/wp-content\/uploads\/sites\/2\/2020\/12\/PL_banner_760x300_v2_14_Natural_Pharmaceuticals_Vitamin_C_plus.jpg\",\"width\":760,\"height\":300},{\"@type\":\"BreadcrumbList\",\"@id\":\"https:\/\/naturalpharmaceuticals.eu\/lt\/musu-produktai\/vitamin-c\/#breadcrumb\",\"itemListElement\":[{\"@type\":\"ListItem\",\"position\":1,\"name\":\"Home\",\"item\":\"https:\/\/naturalpharmaceuticals.eu\/lt\/\"},{\"@type\":\"ListItem\",\"position\":2,\"name\":\"M\u016bs\u0173 produktai\",\"item\":\"https:\/\/naturalpharmaceuticals.eu\/lt\/musu-produktai\/\"},{\"@type\":\"ListItem\",\"position\":3,\"name\":\"Vitamin C+\"}]},{\"@type\":\"WebSite\",\"@id\":\"https:\/\/naturalpharmaceuticals.eu\/lt\/#website\",\"url\":\"https:\/\/naturalpharmaceuticals.eu\/lt\/\",\"name\":\"Natural Pharmaceuticals\",\"description\":\"\",\"publisher\":{\"@id\":\"https:\/\/naturalpharmaceuticals.eu\/lt\/#organization\"},\"potentialAction\":[{\"@type\":\"SearchAction\",\"target\":{\"@type\":\"EntryPoint\",\"urlTemplate\":\"https:\/\/naturalpharmaceuticals.eu\/lt\/?s={search_term_string}\"},\"query-input\":{\"@type\":\"PropertyValueSpecification\",\"valueRequired\":true,\"valueName\":\"search_term_string\"}}],\"inLanguage\":\"lt-LT\"},{\"@type\":\"Organization\",\"@id\":\"https:\/\/naturalpharmaceuticals.eu\/lt\/#organization\",\"name\":\"Natural Pharmaceuticals\",\"url\":\"https:\/\/naturalpharmaceuticals.eu\/lt\/\",\"logo\":{\"@type\":\"ImageObject\",\"inLanguage\":\"lt-LT\",\"@id\":\"https:\/\/naturalpharmaceuticals.eu\/lt\/#\/schema\/logo\/image\/\",\"url\":\"https:\/\/naturalpharmaceuticals.eu\/wp-content\/uploads\/sites\/2\/2020\/11\/cropped-natural-pharmaceuticals-logo.png\",\"contentUrl\":\"https:\/\/naturalpharmaceuticals.eu\/wp-content\/uploads\/sites\/2\/2020\/11\/cropped-natural-pharmaceuticals-logo.png\",\"width\":900,\"height\":323,\"caption\":\"Natural Pharmaceuticals\"},\"image\":{\"@id\":\"https:\/\/naturalpharmaceuticals.eu\/lt\/#\/schema\/logo\/image\/\"}}]}<\/script>\n<!-- \/ Yoast SEO plugin. -->","yoast_head_json":{"title":"Vitamin C+ - Natural Pharmaceuticals","robots":{"index":"index","follow":"follow","max-snippet":"max-snippet:-1","max-image-preview":"max-image-preview:large","max-video-preview":"max-video-preview:-1"},"canonical":"https:\/\/naturalpharmaceuticals.eu\/lt\/musu-produktai\/vitamin-c\/","og_locale":"lt_LT","og_type":"article","og_title":"Vitamin C+ - Natural Pharmaceuticals","og_description":"Vitamin C+ Pla\u010diausiai \u017einomas vitaminas Daugyb\u0117 teigiam\u0173 efekt\u0173 \u017emogaus organizmui 15 ES patvirtint\u0173 teigini\u0173 apie sveikatingum\u0105! Vitaminas C prisideda prie normalaus kolageno susidarymo normaliai &nbsp;kraujagysli\u0173, kaul\u0173, kremzli\u0173, danten\u0173, odos ir dant\u0173 funkcijai. Turi antioksidacini\u0173 savybi\u0173 Pagrindini\u0173 \u201eVitamin C+\u201c sudedam\u0173j\u0173 dali\u0173&#x2026; Read More Vitamin C+","og_url":"https:\/\/naturalpharmaceuticals.eu\/lt\/musu-produktai\/vitamin-c\/","og_site_name":"Natural Pharmaceuticals","article_modified_time":"2021-10-05T08:58:57+00:00","og_image":[{"width":760,"height":300,"url":"https:\/\/naturalpharmaceuticals.eu\/wp-content\/uploads\/sites\/2\/2020\/12\/PL_banner_760x300_v2_14_Natural_Pharmaceuticals_Vitamin_C_plus.jpg","type":"image\/jpeg"}],"twitter_card":"summary_large_image","twitter_misc":{"Est. reading time":"2 minut\u0117s"},"schema":{"@context":"https:\/\/schema.org","@graph":[{"@type":"WebPage","@id":"https:\/\/naturalpharmaceuticals.eu\/lt\/musu-produktai\/vitamin-c\/","url":"https:\/\/naturalpharmaceuticals.eu\/lt\/musu-produktai\/vitamin-c\/","name":"Vitamin C+ - Natural Pharmaceuticals","isPartOf":{"@id":"https:\/\/naturalpharmaceuticals.eu\/lt\/#website"},"primaryImageOfPage":{"@id":"https:\/\/naturalpharmaceuticals.eu\/lt\/musu-produktai\/vitamin-c\/#primaryimage"},"image":{"@id":"https:\/\/naturalpharmaceuticals.eu\/lt\/musu-produktai\/vitamin-c\/#primaryimage"},"thumbnailUrl":"https:\/\/naturalpharmaceuticals.eu\/wp-content\/uploads\/sites\/2\/2020\/12\/PL_banner_760x300_v2_14_Natural_Pharmaceuticals_Vitamin_C_plus.jpg","datePublished":"2021-05-14T11:00:39+00:00","dateModified":"2021-10-05T08:58:57+00:00","breadcrumb":{"@id":"https:\/\/naturalpharmaceuticals.eu\/lt\/musu-produktai\/vitamin-c\/#breadcrumb"},"inLanguage":"lt-LT","potentialAction":[{"@type":"ReadAction","target":["https:\/\/naturalpharmaceuticals.eu\/lt\/musu-produktai\/vitamin-c\/"]}]},{"@type":"ImageObject","inLanguage":"lt-LT","@id":"https:\/\/naturalpharmaceuticals.eu\/lt\/musu-produktai\/vitamin-c\/#primaryimage","url":"https:\/\/naturalpharmaceuticals.eu\/wp-content\/uploads\/sites\/2\/2020\/12\/PL_banner_760x300_v2_14_Natural_Pharmaceuticals_Vitamin_C_plus.jpg","contentUrl":"https:\/\/naturalpharmaceuticals.eu\/wp-content\/uploads\/sites\/2\/2020\/12\/PL_banner_760x300_v2_14_Natural_Pharmaceuticals_Vitamin_C_plus.jpg","width":760,"height":300},{"@type":"BreadcrumbList","@id":"https:\/\/naturalpharmaceuticals.eu\/lt\/musu-produktai\/vitamin-c\/#breadcrumb","itemListElement":[{"@type":"ListItem","position":1,"name":"Home","item":"https:\/\/naturalpharmaceuticals.eu\/lt\/"},{"@type":"ListItem","position":2,"name":"M\u016bs\u0173 produktai","item":"https:\/\/naturalpharmaceuticals.eu\/lt\/musu-produktai\/"},{"@type":"ListItem","position":3,"name":"Vitamin C+"}]},{"@type":"WebSite","@id":"https:\/\/naturalpharmaceuticals.eu\/lt\/#website","url":"https:\/\/naturalpharmaceuticals.eu\/lt\/","name":"Natural Pharmaceuticals","description":"","publisher":{"@id":"https:\/\/naturalpharmaceuticals.eu\/lt\/#organization"},"potentialAction":[{"@type":"SearchAction","target":{"@type":"EntryPoint","urlTemplate":"https:\/\/naturalpharmaceuticals.eu\/lt\/?s={search_term_string}"},"query-input":{"@type":"PropertyValueSpecification","valueRequired":true,"valueName":"search_term_string"}}],"inLanguage":"lt-LT"},{"@type":"Organization","@id":"https:\/\/naturalpharmaceuticals.eu\/lt\/#organization","name":"Natural Pharmaceuticals","url":"https:\/\/naturalpharmaceuticals.eu\/lt\/","logo":{"@type":"ImageObject","inLanguage":"lt-LT","@id":"https:\/\/naturalpharmaceuticals.eu\/lt\/#\/schema\/logo\/image\/","url":"https:\/\/naturalpharmaceuticals.eu\/wp-content\/uploads\/sites\/2\/2020\/11\/cropped-natural-pharmaceuticals-logo.png","contentUrl":"https:\/\/naturalpharmaceuticals.eu\/wp-content\/uploads\/sites\/2\/2020\/11\/cropped-natural-pharmaceuticals-logo.png","width":900,"height":323,"caption":"Natural Pharmaceuticals"},"image":{"@id":"https:\/\/naturalpharmaceuticals.eu\/lt\/#\/schema\/logo\/image\/"}}]}},"jetpack_sharing_enabled":true,"_links":{"self":[{"href":"https:\/\/naturalpharmaceuticals.eu\/lt\/wp-json\/wp\/v2\/pages\/4216","targetHints":{"allow":["GET"]}}],"collection":[{"href":"https:\/\/naturalpharmaceuticals.eu\/lt\/wp-json\/wp\/v2\/pages"}],"about":[{"href":"https:\/\/naturalpharmaceuticals.eu\/lt\/wp-json\/wp\/v2\/types\/page"}],"author":[{"embeddable":true,"href":"https:\/\/naturalpharmaceuticals.eu\/lt\/wp-json\/wp\/v2\/users\/1"}],"replies":[{"embeddable":true,"href":"https:\/\/naturalpharmaceuticals.eu\/lt\/wp-json\/wp\/v2\/comments?post=4216"}],"version-history":[{"count":3,"href":"https:\/\/naturalpharmaceuticals.eu\/lt\/wp-json\/wp\/v2\/pages\/4216\/revisions"}],"predecessor-version":[{"id":7266,"href":"https:\/\/naturalpharmaceuticals.eu\/lt\/wp-json\/wp\/v2\/pages\/4216\/revisions\/7266"}],"up":[{"embeddable":true,"href":"https:\/\/naturalpharmaceuticals.eu\/lt\/wp-json\/wp\/v2\/pages\/4036"}],"wp:featuredmedia":[{"embeddable":true,"href":"https:\/\/naturalpharmaceuticals.eu\/lt\/wp-json\/wp\/v2\/media\/4058"}],"wp:attachment":[{"href":"https:\/\/naturalpharmaceuticals.eu\/lt\/wp-json\/wp\/v2\/media?parent=4216"}],"curies":[{"name":"wp","href":"https:\/\/api.w.org\/{rel}","templated":true}]}}