{"id":4220,"date":"2021-05-14T11:02:55","date_gmt":"2021-05-14T11:02:55","guid":{"rendered":"https:\/\/naturalpharmaceuticals.eu\/?page_id=4220"},"modified":"2023-08-29T08:45:09","modified_gmt":"2023-08-29T08:45:09","slug":"vitamin-d","status":"publish","type":"page","link":"https:\/\/naturalpharmaceuticals.eu\/lt\/musu-produktai\/vitamin-d\/","title":{"rendered":"Vitamin D+"},"content":{"rendered":"\n<div class=\"wp-block-group\"><div class=\"wp-block-group__inner-container is-layout-flow wp-block-group-is-layout-flow\">\n<div class=\"wp-block-columns is-layout-flex wp-container-core-columns-is-layout-1 wp-block-columns-is-layout-flex\">\n<div class=\"wp-block-column is-layout-flow wp-block-column-is-layout-flow\">\n<figure class=\"wp-block-image size-large sticky\"><img loading=\"lazy\" decoding=\"async\" width=\"768\" height=\"768\" src=\"https:\/\/naturalpharmaceuticals.eu\/wp-content\/uploads\/sites\/2\/2020\/12\/DV_www_768x768.png\" alt=\"\" class=\"wp-image-1041\" srcset=\"https:\/\/naturalpharmaceuticals.eu\/wp-content\/uploads\/sites\/2\/2020\/12\/DV_www_768x768.png 768w, https:\/\/naturalpharmaceuticals.eu\/wp-content\/uploads\/sites\/2\/2020\/12\/DV_www_768x768-300x300.png 300w, https:\/\/naturalpharmaceuticals.eu\/wp-content\/uploads\/sites\/2\/2020\/12\/DV_www_768x768-150x150.png 150w, https:\/\/naturalpharmaceuticals.eu\/wp-content\/uploads\/sites\/2\/2020\/12\/DV_www_768x768-200x200.png 200w\" sizes=\"auto, (max-width: 768px) 100vw, 768px\" \/><\/figure>\n<\/div>\n\n\n\n<div class=\"wp-block-column product-info-frame is-layout-flow wp-block-column-is-layout-flow\">\n<p style=\"font-size:18px\"><strong>Vitamin D+<\/strong><\/p>\n\n\n\n<ul class=\"wp-block-list\">\n<li>Dokumentuotas poveikis imuninei sistemai<\/li>\n\n\n\n<li>Rekomenduoja sveikatos prie\u017ei\u016bros institucijos<\/li>\n\n\n\n<li>Padeda palaikyti normali\u0105 raumen\u0173 funkcij\u0105<\/li>\n\n\n\n<li>Palaiko tvirt\u0105 ir ger\u0105 kaul\u0173 strukt\u016br\u0105<\/li>\n\n\n\n<li>Sud\u0117tyje yra vitamino D3, 1000 IU\/tablet\u0117je<\/li>\n<\/ul>\n\n\n\n<p><\/p>\n<\/div>\n<\/div>\n<\/div><\/div>\n\n\n\n<div class=\"packshot-bg-wrapper\"><div class=\"full-width-inside-container packshot-bg packshot-bg-vd\"><\/div><\/div>\n\n\n\n<p>Pagrindini\u0173 \u201eVitamin D+\u201c sudedam\u0173j\u0173 dali\u0173 vaidmuo \u017emogaus organizme buvo teigiamai \u012fvertintas Europos maisto saugos tarnybos (EMST) teiginiuose apie sveikatingum\u0105:<\/p>\n\n\n\n<p>Vitaminas D padeda palaikyti normali\u0105 imunin\u0117s sistemos veikl\u0105.<br>Vitaminas D padeda palaikyti normali\u0105 kaul\u0173 b\u016bkl\u0119.<br>Vitaminas D padeda palaikyti normali\u0105 raumen\u0173 funkcij\u0105.<br>Vitaminas D padeda palaikyti normali\u0105 dant\u0173 b\u016bkl\u0119.<br>Vitaminas D atlieka tam tikr\u0105 funkcij\u0105 l\u0105steli\u0173 dalijimosi procese.<br>Vitaminas D padeda palaikyti normali\u0105 kalcio koncentracij\u0105 kraujyje. Vitaminas D padeda palaikyti normali\u0105 kalcio ir fosforo absorbcij\u0105 ir (arba) \u012fsisavinim\u0105.<\/p>\n\n\n<div role=\"tabpanel\" class=\"wp-block-ub-tabbed-content-tab-content-wrap ub-hide\"\n        id=\"ub-tabbed-content--panel-0\" aria-labelledby=\"ub-tabbed-content--tab-0\" tabindex=\"0\">\n\n<p><a href=\"https:\/\/nordicmed.natural.pl\/?page_id=326\">Preview in new tab(opens in a new tab)<\/a><\/p>\n\n\n\n<p>reviews<\/p>\n\n<\/div>\n\n<div role=\"tabpanel\" class=\"wp-block-ub-tabbed-content-tab-content-wrap ub-hide\"\n        id=\"ub-tabbed-content--panel-1\" aria-labelledby=\"ub-tabbed-content--tab-1\" tabindex=\"0\">\n\n<p><\/p>\n\n<\/div>\n\n<div role=\"tabpanel\" class=\"wp-block-ub-tabbed-content-tab-content-wrap ub-hide\"\n        id=\"ub-tabbed-content--panel-2\" aria-labelledby=\"ub-tabbed-content--tab-2\" tabindex=\"0\">\n\n<p><\/p>\n\n<\/div>\n\n<div class=\"wp-block-ub-tabbed-content-block wp-block-ub-tabbed-content wp-block-ub-tabbed-content-holder wp-block-ub-tabbed-content-horizontal-holder-mobile wp-block-ub-tabbed-content-horizontal-holder-tablet\" id=\"ub-tabbed-content-d4b24de1-f6b2-4622-82b9-6907407eb8db\">\n\t\t\t<div class=\"wp-block-ub-tabbed-content-tab-holder horizontal-tab-width-mobile horizontal-tab-width-tablet\">\n\t\t\t\t<div role=\"tablist\" class=\"wp-block-ub-tabbed-content-tabs-title wp-block-ub-tabbed-content-tabs-title-mobile-horizontal-tab wp-block-ub-tabbed-content-tabs-title-tablet-horizontal-tab\"><div role=\"tab\" id=\"ub-tabbed-content-d4b24de1-f6b2-4622-82b9-6907407eb8db-tab-0\" aria-controls=\"ub-tabbed-content-d4b24de1-f6b2-4622-82b9-6907407eb8db-panel-0\" aria-selected=\"true\" class=\"wp-block-ub-tabbed-content-tab-title-wrap active\" style=\"\" tabindex=\"-1\">\n\t\t\t\t<div class=\"wp-block-ub-tabbed-content-tab-title\">Informacija apie maistingum\u0105<\/div>\n\t\t\t<\/div><\/div>\n\t\t\t<\/div>\n\t\t\t<div class=\"wp-block-ub-tabbed-content-tabs-content\" style=\"\"><div role=\"tabpanel\" class=\"wp-block-ub-tabbed-content-tab-content-wrap active\"\n        id=\"ub-tabbed-content-d4b24de1-f6b2-4622-82b9-6907407eb8db-panel-0\" aria-labelledby=\"ub-tabbed-content-d4b24de1-f6b2-4622-82b9-6907407eb8db-tab-0\" tabindex=\"0\">\n\n<p>Vitamin D+<\/p>\n\n\n\n<figure class=\"wp-block-table is-style-borders\"><table class=\"has-fixed-layout\"><thead><tr><th><strong>Ingridientai<\/strong><\/th><th><strong>1 tablet\u0117je<\/strong><\/th><th>%RMV *<\/th><\/tr><\/thead><tbody><tr><td>Vitamin D<\/td><td>25 \u03bcg <\/td><td>500<\/td><\/tr><\/tbody><\/table><\/figure>\n\n\n\n<p>*RMV \u2013 Referencin\u0117 maistin\u0117 vert\u0117<\/p>\n\n\n\n<p><strong>Sudedamosios dalys:<\/strong> maltodekstrinas, tir\u0161tikliai (celiulioz\u0117, riebal\u0173 r\u016bg\u0161\u010di\u0173 magnio druskos), lipnum\u0105 reguliuojan\u010dios med\u017eiagos (trikalcio fosfatas, silicio dioksidas), cholekalciferolis, stabilizatorius (hidroksipropilmetilceliulioz\u0117).<\/p>\n\n\n\n<p><strong>Vitamin D+ &#8211; viena tablet\u0117 per dien\u0105<\/strong><\/p>\n\n\n\n<p><strong>Naudojimas:<\/strong> Produkto paskirtis &#8211; papildyti dienos mityb\u0105 vitaminu D.<\/p>\n\n\n\n<p><strong>Maisto papildo rekomenduojama doz\u0117 vartoti per dien\u0105:<\/strong> 1 tablet\u0117 per dien\u0105.<\/p>\n\n\n\n<p><strong>Grynasis kiekis: <\/strong>162 g (360 table\u010di\u0173 po 450 mg)<\/p>\n\n\n\n<p><strong>Pastaba:<\/strong> Maisto papildas neturi b\u016bti vartojamas kaip maisto pakaitalas. Labai svarbi yra \u012fvairi ir subalansuota mityba ir sveikas gyvenimo b\u016bdas. Nevir\u0161yti rekomenduojamos paros normos.<\/p>\n\n\n\n<p><strong>Galiojimas:<\/strong> iki datos nurodytos ant pakuot\u0117s<\/p>\n\n\n\n<p><strong>Gamybos serija:<\/strong> nurodyta ant pakuot\u0117s<\/p>\n\n\n\n<p><strong>Laikymas: <\/strong>Laikyti sausoje vietoje, \u017eemesn\u0117je kaip 25\u00b0C temperat\u016broje, vaikams nepasiekiamoje vietoje. Saugoti nuo \u0161viesos.<\/p>\n\n\n\n<p><strong>Pagaminta Norvegijoje<\/strong> Pharmatech A.S. \u012fmon\u0117s, d\u0117l Natural Pharmaceuticals Sp. z o.o.<\/p>\n\n\n\n<p><strong>Platintojas:<\/strong> Natural Pharmaceuticals Sp. z o.o. Domaniewska 28, 02-672 Var\u0161uva, Lenkija<\/p>\n\n<\/div><\/div>\n\t\t<\/div>\n\n\n<figure class=\"wp-block-image alignfull size-full\"><img loading=\"lazy\" decoding=\"async\" width=\"2560\" height=\"843\" src=\"https:\/\/naturalpharmaceuticals.eu\/wp-content\/uploads\/sites\/2\/2021\/04\/Natural_Pharmaceuticals_-Witamina_D-scaled.jpg\" alt=\"\" class=\"wp-image-3557\" srcset=\"https:\/\/naturalpharmaceuticals.eu\/wp-content\/uploads\/sites\/2\/2021\/04\/Natural_Pharmaceuticals_-Witamina_D-scaled.jpg 2560w, https:\/\/naturalpharmaceuticals.eu\/wp-content\/uploads\/sites\/2\/2021\/04\/Natural_Pharmaceuticals_-Witamina_D-300x99.jpg 300w, https:\/\/naturalpharmaceuticals.eu\/wp-content\/uploads\/sites\/2\/2021\/04\/Natural_Pharmaceuticals_-Witamina_D-1024x337.jpg 1024w, https:\/\/naturalpharmaceuticals.eu\/wp-content\/uploads\/sites\/2\/2021\/04\/Natural_Pharmaceuticals_-Witamina_D-768x253.jpg 768w, https:\/\/naturalpharmaceuticals.eu\/wp-content\/uploads\/sites\/2\/2021\/04\/Natural_Pharmaceuticals_-Witamina_D-1536x506.jpg 1536w, https:\/\/naturalpharmaceuticals.eu\/wp-content\/uploads\/sites\/2\/2021\/04\/Natural_Pharmaceuticals_-Witamina_D-2048x674.jpg 2048w\" sizes=\"auto, (max-width: 2560px) 100vw, 2560px\" \/><\/figure>\n","protected":false},"excerpt":{"rendered":"<p>Vitamin D+ Pagrindini\u0173 \u201eVitamin D+\u201c sudedam\u0173j\u0173 dali\u0173 vaidmuo \u017emogaus organizme buvo teigiamai \u012fvertintas Europos maisto saugos tarnybos (EMST) teiginiuose apie sveikatingum\u0105: Vitaminas D padeda palaikyti normali\u0105 imunin\u0117s sistemos veikl\u0105.Vitaminas D padeda palaikyti normali\u0105 kaul\u0173 b\u016bkl\u0119.Vitaminas D padeda palaikyti normali\u0105 raumen\u0173&#x2026; <\/p>\n<p class=\"more-link-container th-uppercase\"><a href=\"https:\/\/naturalpharmaceuticals.eu\/lt\/musu-produktai\/vitamin-d\/\" class=\"more-link\">Read More <span class=\"screen-reader-text\">Vitamin D+<\/span><\/a><\/p>\n","protected":false},"author":1,"featured_media":4059,"parent":4036,"menu_order":0,"comment_status":"closed","ping_status":"closed","template":"templates\/grid-full-width-page.php","meta":{"ub_ctt_via":"","footnotes":""},"class_list":["post-4220","page","type-page","status-publish","has-post-thumbnail","hentry"],"featured_image_src":"https:\/\/naturalpharmaceuticals.eu\/wp-content\/uploads\/sites\/2\/2020\/12\/PL_banner_760x300_v2_15_Natural_Pharmaceuticals_Vitamin_D_plus.jpg","yoast_head":"<!-- This site is optimized with the Yoast SEO plugin v24.4 - https:\/\/yoast.com\/wordpress\/plugins\/seo\/ -->\n<title>Vitamin D+ - Natural Pharmaceuticals<\/title>\n<meta name=\"robots\" content=\"index, follow, max-snippet:-1, max-image-preview:large, max-video-preview:-1\" \/>\n<link rel=\"canonical\" href=\"https:\/\/naturalpharmaceuticals.eu\/lt\/musu-produktai\/vitamin-d\/\" \/>\n<meta property=\"og:locale\" content=\"lt_LT\" \/>\n<meta property=\"og:type\" content=\"article\" \/>\n<meta property=\"og:title\" content=\"Vitamin D+ - Natural Pharmaceuticals\" \/>\n<meta property=\"og:description\" content=\"Vitamin D+ Pagrindini\u0173 \u201eVitamin D+\u201c sudedam\u0173j\u0173 dali\u0173 vaidmuo \u017emogaus organizme buvo teigiamai \u012fvertintas Europos maisto saugos tarnybos (EMST) teiginiuose apie sveikatingum\u0105: Vitaminas D padeda palaikyti normali\u0105 imunin\u0117s sistemos veikl\u0105.Vitaminas D padeda palaikyti normali\u0105 kaul\u0173 b\u016bkl\u0119.Vitaminas D padeda palaikyti normali\u0105 raumen\u0173&#x2026; Read More Vitamin D+\" \/>\n<meta property=\"og:url\" content=\"https:\/\/naturalpharmaceuticals.eu\/lt\/musu-produktai\/vitamin-d\/\" \/>\n<meta property=\"og:site_name\" content=\"Natural Pharmaceuticals\" \/>\n<meta property=\"article:modified_time\" content=\"2023-08-29T08:45:09+00:00\" \/>\n<meta property=\"og:image\" content=\"https:\/\/naturalpharmaceuticals.eu\/wp-content\/uploads\/sites\/2\/2020\/12\/PL_banner_760x300_v2_15_Natural_Pharmaceuticals_Vitamin_D_plus.jpg\" \/>\n\t<meta property=\"og:image:width\" content=\"760\" \/>\n\t<meta property=\"og:image:height\" content=\"300\" \/>\n\t<meta property=\"og:image:type\" content=\"image\/jpeg\" \/>\n<meta name=\"twitter:card\" content=\"summary_large_image\" \/>\n<meta name=\"twitter:label1\" content=\"Est. reading time\" \/>\n\t<meta name=\"twitter:data1\" content=\"2 minut\u0117s\" \/>\n<script type=\"application\/ld+json\" class=\"yoast-schema-graph\">{\"@context\":\"https:\/\/schema.org\",\"@graph\":[{\"@type\":\"WebPage\",\"@id\":\"https:\/\/naturalpharmaceuticals.eu\/lt\/musu-produktai\/vitamin-d\/\",\"url\":\"https:\/\/naturalpharmaceuticals.eu\/lt\/musu-produktai\/vitamin-d\/\",\"name\":\"Vitamin D+ - Natural Pharmaceuticals\",\"isPartOf\":{\"@id\":\"https:\/\/naturalpharmaceuticals.eu\/lt\/#website\"},\"primaryImageOfPage\":{\"@id\":\"https:\/\/naturalpharmaceuticals.eu\/lt\/musu-produktai\/vitamin-d\/#primaryimage\"},\"image\":{\"@id\":\"https:\/\/naturalpharmaceuticals.eu\/lt\/musu-produktai\/vitamin-d\/#primaryimage\"},\"thumbnailUrl\":\"https:\/\/naturalpharmaceuticals.eu\/wp-content\/uploads\/sites\/2\/2020\/12\/PL_banner_760x300_v2_15_Natural_Pharmaceuticals_Vitamin_D_plus.jpg\",\"datePublished\":\"2021-05-14T11:02:55+00:00\",\"dateModified\":\"2023-08-29T08:45:09+00:00\",\"breadcrumb\":{\"@id\":\"https:\/\/naturalpharmaceuticals.eu\/lt\/musu-produktai\/vitamin-d\/#breadcrumb\"},\"inLanguage\":\"lt-LT\",\"potentialAction\":[{\"@type\":\"ReadAction\",\"target\":[\"https:\/\/naturalpharmaceuticals.eu\/lt\/musu-produktai\/vitamin-d\/\"]}]},{\"@type\":\"ImageObject\",\"inLanguage\":\"lt-LT\",\"@id\":\"https:\/\/naturalpharmaceuticals.eu\/lt\/musu-produktai\/vitamin-d\/#primaryimage\",\"url\":\"https:\/\/naturalpharmaceuticals.eu\/wp-content\/uploads\/sites\/2\/2020\/12\/PL_banner_760x300_v2_15_Natural_Pharmaceuticals_Vitamin_D_plus.jpg\",\"contentUrl\":\"https:\/\/naturalpharmaceuticals.eu\/wp-content\/uploads\/sites\/2\/2020\/12\/PL_banner_760x300_v2_15_Natural_Pharmaceuticals_Vitamin_D_plus.jpg\",\"width\":760,\"height\":300},{\"@type\":\"BreadcrumbList\",\"@id\":\"https:\/\/naturalpharmaceuticals.eu\/lt\/musu-produktai\/vitamin-d\/#breadcrumb\",\"itemListElement\":[{\"@type\":\"ListItem\",\"position\":1,\"name\":\"Home\",\"item\":\"https:\/\/naturalpharmaceuticals.eu\/lt\/\"},{\"@type\":\"ListItem\",\"position\":2,\"name\":\"M\u016bs\u0173 produktai\",\"item\":\"https:\/\/naturalpharmaceuticals.eu\/lt\/musu-produktai\/\"},{\"@type\":\"ListItem\",\"position\":3,\"name\":\"Vitamin D+\"}]},{\"@type\":\"WebSite\",\"@id\":\"https:\/\/naturalpharmaceuticals.eu\/lt\/#website\",\"url\":\"https:\/\/naturalpharmaceuticals.eu\/lt\/\",\"name\":\"Natural Pharmaceuticals\",\"description\":\"\",\"publisher\":{\"@id\":\"https:\/\/naturalpharmaceuticals.eu\/lt\/#organization\"},\"potentialAction\":[{\"@type\":\"SearchAction\",\"target\":{\"@type\":\"EntryPoint\",\"urlTemplate\":\"https:\/\/naturalpharmaceuticals.eu\/lt\/?s={search_term_string}\"},\"query-input\":{\"@type\":\"PropertyValueSpecification\",\"valueRequired\":true,\"valueName\":\"search_term_string\"}}],\"inLanguage\":\"lt-LT\"},{\"@type\":\"Organization\",\"@id\":\"https:\/\/naturalpharmaceuticals.eu\/lt\/#organization\",\"name\":\"Natural Pharmaceuticals\",\"url\":\"https:\/\/naturalpharmaceuticals.eu\/lt\/\",\"logo\":{\"@type\":\"ImageObject\",\"inLanguage\":\"lt-LT\",\"@id\":\"https:\/\/naturalpharmaceuticals.eu\/lt\/#\/schema\/logo\/image\/\",\"url\":\"https:\/\/naturalpharmaceuticals.eu\/wp-content\/uploads\/sites\/2\/2020\/11\/cropped-natural-pharmaceuticals-logo.png\",\"contentUrl\":\"https:\/\/naturalpharmaceuticals.eu\/wp-content\/uploads\/sites\/2\/2020\/11\/cropped-natural-pharmaceuticals-logo.png\",\"width\":900,\"height\":323,\"caption\":\"Natural Pharmaceuticals\"},\"image\":{\"@id\":\"https:\/\/naturalpharmaceuticals.eu\/lt\/#\/schema\/logo\/image\/\"}}]}<\/script>\n<!-- \/ Yoast SEO plugin. -->","yoast_head_json":{"title":"Vitamin D+ - Natural Pharmaceuticals","robots":{"index":"index","follow":"follow","max-snippet":"max-snippet:-1","max-image-preview":"max-image-preview:large","max-video-preview":"max-video-preview:-1"},"canonical":"https:\/\/naturalpharmaceuticals.eu\/lt\/musu-produktai\/vitamin-d\/","og_locale":"lt_LT","og_type":"article","og_title":"Vitamin D+ - Natural Pharmaceuticals","og_description":"Vitamin D+ Pagrindini\u0173 \u201eVitamin D+\u201c sudedam\u0173j\u0173 dali\u0173 vaidmuo \u017emogaus organizme buvo teigiamai \u012fvertintas Europos maisto saugos tarnybos (EMST) teiginiuose apie sveikatingum\u0105: Vitaminas D padeda palaikyti normali\u0105 imunin\u0117s sistemos veikl\u0105.Vitaminas D padeda palaikyti normali\u0105 kaul\u0173 b\u016bkl\u0119.Vitaminas D padeda palaikyti normali\u0105 raumen\u0173&#x2026; Read More Vitamin D+","og_url":"https:\/\/naturalpharmaceuticals.eu\/lt\/musu-produktai\/vitamin-d\/","og_site_name":"Natural Pharmaceuticals","article_modified_time":"2023-08-29T08:45:09+00:00","og_image":[{"width":760,"height":300,"url":"https:\/\/naturalpharmaceuticals.eu\/wp-content\/uploads\/sites\/2\/2020\/12\/PL_banner_760x300_v2_15_Natural_Pharmaceuticals_Vitamin_D_plus.jpg","type":"image\/jpeg"}],"twitter_card":"summary_large_image","twitter_misc":{"Est. reading time":"2 minut\u0117s"},"schema":{"@context":"https:\/\/schema.org","@graph":[{"@type":"WebPage","@id":"https:\/\/naturalpharmaceuticals.eu\/lt\/musu-produktai\/vitamin-d\/","url":"https:\/\/naturalpharmaceuticals.eu\/lt\/musu-produktai\/vitamin-d\/","name":"Vitamin D+ - Natural Pharmaceuticals","isPartOf":{"@id":"https:\/\/naturalpharmaceuticals.eu\/lt\/#website"},"primaryImageOfPage":{"@id":"https:\/\/naturalpharmaceuticals.eu\/lt\/musu-produktai\/vitamin-d\/#primaryimage"},"image":{"@id":"https:\/\/naturalpharmaceuticals.eu\/lt\/musu-produktai\/vitamin-d\/#primaryimage"},"thumbnailUrl":"https:\/\/naturalpharmaceuticals.eu\/wp-content\/uploads\/sites\/2\/2020\/12\/PL_banner_760x300_v2_15_Natural_Pharmaceuticals_Vitamin_D_plus.jpg","datePublished":"2021-05-14T11:02:55+00:00","dateModified":"2023-08-29T08:45:09+00:00","breadcrumb":{"@id":"https:\/\/naturalpharmaceuticals.eu\/lt\/musu-produktai\/vitamin-d\/#breadcrumb"},"inLanguage":"lt-LT","potentialAction":[{"@type":"ReadAction","target":["https:\/\/naturalpharmaceuticals.eu\/lt\/musu-produktai\/vitamin-d\/"]}]},{"@type":"ImageObject","inLanguage":"lt-LT","@id":"https:\/\/naturalpharmaceuticals.eu\/lt\/musu-produktai\/vitamin-d\/#primaryimage","url":"https:\/\/naturalpharmaceuticals.eu\/wp-content\/uploads\/sites\/2\/2020\/12\/PL_banner_760x300_v2_15_Natural_Pharmaceuticals_Vitamin_D_plus.jpg","contentUrl":"https:\/\/naturalpharmaceuticals.eu\/wp-content\/uploads\/sites\/2\/2020\/12\/PL_banner_760x300_v2_15_Natural_Pharmaceuticals_Vitamin_D_plus.jpg","width":760,"height":300},{"@type":"BreadcrumbList","@id":"https:\/\/naturalpharmaceuticals.eu\/lt\/musu-produktai\/vitamin-d\/#breadcrumb","itemListElement":[{"@type":"ListItem","position":1,"name":"Home","item":"https:\/\/naturalpharmaceuticals.eu\/lt\/"},{"@type":"ListItem","position":2,"name":"M\u016bs\u0173 produktai","item":"https:\/\/naturalpharmaceuticals.eu\/lt\/musu-produktai\/"},{"@type":"ListItem","position":3,"name":"Vitamin D+"}]},{"@type":"WebSite","@id":"https:\/\/naturalpharmaceuticals.eu\/lt\/#website","url":"https:\/\/naturalpharmaceuticals.eu\/lt\/","name":"Natural Pharmaceuticals","description":"","publisher":{"@id":"https:\/\/naturalpharmaceuticals.eu\/lt\/#organization"},"potentialAction":[{"@type":"SearchAction","target":{"@type":"EntryPoint","urlTemplate":"https:\/\/naturalpharmaceuticals.eu\/lt\/?s={search_term_string}"},"query-input":{"@type":"PropertyValueSpecification","valueRequired":true,"valueName":"search_term_string"}}],"inLanguage":"lt-LT"},{"@type":"Organization","@id":"https:\/\/naturalpharmaceuticals.eu\/lt\/#organization","name":"Natural Pharmaceuticals","url":"https:\/\/naturalpharmaceuticals.eu\/lt\/","logo":{"@type":"ImageObject","inLanguage":"lt-LT","@id":"https:\/\/naturalpharmaceuticals.eu\/lt\/#\/schema\/logo\/image\/","url":"https:\/\/naturalpharmaceuticals.eu\/wp-content\/uploads\/sites\/2\/2020\/11\/cropped-natural-pharmaceuticals-logo.png","contentUrl":"https:\/\/naturalpharmaceuticals.eu\/wp-content\/uploads\/sites\/2\/2020\/11\/cropped-natural-pharmaceuticals-logo.png","width":900,"height":323,"caption":"Natural Pharmaceuticals"},"image":{"@id":"https:\/\/naturalpharmaceuticals.eu\/lt\/#\/schema\/logo\/image\/"}}]}},"jetpack_sharing_enabled":true,"_links":{"self":[{"href":"https:\/\/naturalpharmaceuticals.eu\/lt\/wp-json\/wp\/v2\/pages\/4220","targetHints":{"allow":["GET"]}}],"collection":[{"href":"https:\/\/naturalpharmaceuticals.eu\/lt\/wp-json\/wp\/v2\/pages"}],"about":[{"href":"https:\/\/naturalpharmaceuticals.eu\/lt\/wp-json\/wp\/v2\/types\/page"}],"author":[{"embeddable":true,"href":"https:\/\/naturalpharmaceuticals.eu\/lt\/wp-json\/wp\/v2\/users\/1"}],"replies":[{"embeddable":true,"href":"https:\/\/naturalpharmaceuticals.eu\/lt\/wp-json\/wp\/v2\/comments?post=4220"}],"version-history":[{"count":4,"href":"https:\/\/naturalpharmaceuticals.eu\/lt\/wp-json\/wp\/v2\/pages\/4220\/revisions"}],"predecessor-version":[{"id":20218,"href":"https:\/\/naturalpharmaceuticals.eu\/lt\/wp-json\/wp\/v2\/pages\/4220\/revisions\/20218"}],"up":[{"embeddable":true,"href":"https:\/\/naturalpharmaceuticals.eu\/lt\/wp-json\/wp\/v2\/pages\/4036"}],"wp:featuredmedia":[{"embeddable":true,"href":"https:\/\/naturalpharmaceuticals.eu\/lt\/wp-json\/wp\/v2\/media\/4059"}],"wp:attachment":[{"href":"https:\/\/naturalpharmaceuticals.eu\/lt\/wp-json\/wp\/v2\/media?parent=4220"}],"curies":[{"name":"wp","href":"https:\/\/api.w.org\/{rel}","templated":true}]}}