{"id":13913,"date":"2024-04-08T13:00:37","date_gmt":"2024-04-08T13:00:37","guid":{"rendered":"https:\/\/naturalpharmaceuticals.eu\/?page_id=13913"},"modified":"2025-08-12T13:44:13","modified_gmt":"2025-08-12T13:44:13","slug":"omegamarine-premium","status":"publish","type":"page","link":"https:\/\/naturalpharmaceuticals.eu\/lv\/musu-produkti\/omegamarine-premium\/","title":{"rendered":"OmegaMarine\u2122 Premium"},"content":{"rendered":"\n<div class=\"wp-block-group\"><div class=\"wp-block-group__inner-container is-layout-flow wp-block-group-is-layout-flow\">\n<div class=\"wp-block-columns is-layout-flex wp-container-core-columns-is-layout-1 wp-block-columns-is-layout-flex\">\n<div class=\"wp-block-column is-layout-flow wp-block-column-is-layout-flow\">\n<figure class=\"wp-block-image size-full sticky\"><img loading=\"lazy\" decoding=\"async\" width=\"827\" height=\"860\" src=\"https:\/\/naturalpharmaceuticals.eu\/wp-content\/uploads\/sites\/2\/2022\/09\/omegamarine-premium-360-kapsulek.png\" alt=\"\" class=\"wp-image-13917\" srcset=\"https:\/\/naturalpharmaceuticals.eu\/wp-content\/uploads\/sites\/2\/2022\/09\/omegamarine-premium-360-kapsulek.png 827w, https:\/\/naturalpharmaceuticals.eu\/wp-content\/uploads\/sites\/2\/2022\/09\/omegamarine-premium-360-kapsulek-288x300.png 288w, https:\/\/naturalpharmaceuticals.eu\/wp-content\/uploads\/sites\/2\/2022\/09\/omegamarine-premium-360-kapsulek-768x799.png 768w\" sizes=\"auto, (max-width: 827px) 100vw, 827px\" \/><\/figure>\n<\/div>\n\n\n\n<div class=\"wp-block-column product-info-frame is-layout-flow wp-block-column-is-layout-flow\">\n<p style=\"font-size:18px\"><strong>OmegaMarine\u2122 Premium<\/strong><\/p>\n\n\n\n<ul class=\"wp-block-list\">\n<li>Augstas kvalit\u0101tes Omega-3 no Norv\u0113\u0123ijas<\/li>\n\n\n\n<li>Omega-3 tauksk\u0101bes (DHA un EPA) labv\u0113l\u012bgi ietekm\u0113 m\u016bsu sirdi, smadzenes un acis<\/li>\n\n\n\n<li>Izgatavots no la\u0161iem, kas dz\u012bvo krist\u0101ldzidros Zieme\u013cnorv\u0113\u0123ijas \u016bde\u0146os<\/li>\n\n\n\n<li>No la\u0161a l\u012bdz la\u0161a e\u013c\u013cai maz\u0101k nek\u0101 75 min\u016bt\u0113s \u2013 svaigums ir atsl\u0113ga!<\/li>\n\n\n\n<li>Mazas, viegli norijamas kapsulas<\/li>\n\n\n\n<li>Neatst\u0101j zivs p\u0113cgar\u0161u<\/li>\n\n\n\n<li>Viens no retajiem Omega-3 uztura bag\u0101tin\u0101t\u0101jiem pasaul\u0113 ar Norv\u0113\u0123ijas ORIVO sertifik\u0101tu<\/li>\n\n\n\n<li>Papildin\u0101ts ar D3 vitam\u012bnu, lai uzlabotu imunit\u0101ti<\/li>\n\n\n\n<li>Tikai divas kapsulas dien\u0101!<\/li>\n<\/ul>\n\n\n\n<p><\/p>\n<\/div>\n<\/div>\n<\/div><\/div>\n\n\n\n<div class=\"packshot-bg-wrapper\"><div class=\"full-width-inside-container packshot-bg packshot-bg-omegamarine\"><\/div><\/div>\n\n\n<div role=\"tabpanel\" class=\"wp-block-ub-tabbed-content-tab-content-wrap ub-hide\"\n        id=\"ub-tabbed-content--panel-0\" aria-labelledby=\"ub-tabbed-content--tab-0\" tabindex=\"0\">\n\n<p><a href=\"https:\/\/nordicmed.natural.pl\/?page_id=326\">Preview in new tab(opens in a new tab)<\/a><\/p>\n\n\n\n<p>reviews<\/p>\n\n<\/div>\n\n<div role=\"tabpanel\" class=\"wp-block-ub-tabbed-content-tab-content-wrap ub-hide\"\n        id=\"ub-tabbed-content--panel-1\" aria-labelledby=\"ub-tabbed-content--tab-1\" tabindex=\"0\">\n\n<p><\/p>\n\n<\/div>\n\n<div role=\"tabpanel\" class=\"wp-block-ub-tabbed-content-tab-content-wrap ub-hide\"\n        id=\"ub-tabbed-content--panel-2\" aria-labelledby=\"ub-tabbed-content--tab-2\" tabindex=\"0\">\n\n<p><\/p>\n\n<\/div>\n\n<div role=\"tabpanel\" class=\"wp-block-ub-tabbed-content-tab-content-wrap active\"\n        id=\"ub-tabbed-content--panel-3\" aria-labelledby=\"ub-tabbed-content--tab-3\" tabindex=\"0\">\n\n<p><strong>Augst\u0101k\u0101 OmegaMarine\u2122 Premium priorit\u0101te ir t\u0101 augst\u0101 kvalit\u0101te!<\/strong><\/p>\n\n\n\n<p>Natural Pharmaceuticals izmanto jaun\u0101k\u0101s ra\u017eo\u0161anas tehnolo\u0123ijas un nodro\u0161ina piln\u012bgu sast\u0101vda\u013cu kvalit\u0101tes kontroli. M\u0113s esam viens no retajiem uz\u0146\u0113mumiem, kas ra\u017eo omega-3 tauksk\u0101bes ar tik stingru kontroli p\u0101r visu ra\u017eo\u0161anas procesu \u2013 no la\u0161a zvejas l\u012bdz visiem apstr\u0101des posmiem l\u012bdz katra OmegaMarine \u2122 Premium iepakojuma p\u0101rdo\u0161anai .<\/p>\n\n\n\n<p>M\u0113s izmantojam tikai t\u012bras, dro\u0161as, svaigas un dab\u012bgas izejvielas. M\u0113s nodro\u0161in\u0101m piln\u012bgu m\u016bsu la\u0161u e\u013c\u013cas izsekojam\u012bbu. OmegaMarine\u2122 Premium ir sertific\u0113jusi Norv\u0113\u0123ijas laboratorija, ORIVO.<\/p>\n\n\n\n<p>Papildus la\u0161a e\u013c\u013cai, OmegaMarine\u2122 Premium satur \u013coti koncentr\u0113tu Klus\u0101 oke\u0101na zivju e\u013c\u013cu, kas izgatavota no an\u0161oviem, sard\u012bn\u0113m un makreles. \u0160o e\u013c\u013cu rafin\u0113 vado\u0161\u0101 omega-3 p\u0101rstr\u0101des r\u016bpn\u012bca Norv\u0113\u0123ij\u0101 GC Rieber VivoMega . \u0160is uz\u0146\u0113mums ra\u017eo vislab\u0101k\u0101s kvalit\u0101tes zivju e\u013c\u013cas koncentr\u0101tus, kas ir atpaz\u012bstami ar savu izcil\u012bbu svaiguma un gar\u0161as zi\u0146\u0101.<\/p>\n\n\n\n<p>OmegaMarine\u2122 Premium nodro\u0161ina bag\u0101t\u012bgu neaizst\u0101jamo tauksk\u0101bju DHA (dokozaheksa\u0113nsk\u0101bes) un EPA ( eikozapenta\u0113nsk\u0101bes ) avotu, lai pal\u012bdz\u0113tu uztur\u0113t vesel\u012bbu un labsaj\u016btu. EPA un DHA tiek klasific\u0113tas k\u0101 neaizst\u0101jam\u0101s tauksk\u0101bes, jo organisms t\u0101s nevar efekt\u012bvi ra\u017eot pats un t\u0101s ir j\u0101uz\u0146em ar uzturu.<\/p>\n\n\n\n<p>DHA pal\u012bdz uztur\u0113t norm\u0101lu redzi un smadze\u0146u darb\u012bbu.<sup>1<\/sup><br>DHA un EPA veicina norm\u0101lu sirds darb\u012bbu.<sup>2<\/sup><br>1 Labv\u0113l\u012bgu efektu ieg\u016bst, katru dienu uz\u0146emot 250 mg DHA.<br>2Labv\u0113l\u012bgu efektu ieg\u016bst, katru dienu uz\u0146emot 250 mg DHA un EPA.<\/p>\n\n\n\n<p>EPA un DHA veicina norm\u0101lu sirds darb\u012bbu.1 Labv\u0113l\u012bgo ietekmi pan\u0101k, katru dienu uz\u0146emot 250 mg EPA un DHA.<\/p>\n\n\n\n<p>DHA pal\u012bdz uztur\u0113t norm\u0101lu smadze\u0146u darb\u012bbu. Labv\u0113l\u012bgo ietekmi pan\u0101k, katru dienu uz\u0146emot 250 mg DHA.<\/p>\n\n\n\n<p>DHA pal\u012bdz uztur\u0113t norm\u0101lu redzi. Labv\u0113l\u012bgo ietekmi pan\u0101k, katru dienu uz\u0146emot 250 mg DHA.<\/p>\n\n\n\n<p>D vitam\u012bns veicina norm\u0101lu im\u016bnsist\u0113mas darb\u012bbu<\/p>\n\n\n\n<p><\/p>\n\n<\/div>\n\n<div class=\"wp-block-ub-tabbed-content-block wp-block-ub-tabbed-content wp-block-ub-tabbed-content-holder wp-block-ub-tabbed-content-horizontal-holder-mobile wp-block-ub-tabbed-content-horizontal-holder-tablet\" id=\"ub-tabbed-content-c7eab609-a686-405a-b810-1f1472469289\">\n\t\t\t<div class=\"wp-block-ub-tabbed-content-tab-holder horizontal-tab-width-mobile horizontal-tab-width-tablet\">\n\t\t\t\t<div role=\"tablist\" class=\"wp-block-ub-tabbed-content-tabs-title wp-block-ub-tabbed-content-tabs-title-mobile-horizontal-tab wp-block-ub-tabbed-content-tabs-title-tablet-horizontal-tab\"><div role=\"tab\" id=\"ub-tabbed-content-c7eab609-a686-405a-b810-1f1472469289-tab-0\" aria-controls=\"ub-tabbed-content-c7eab609-a686-405a-b810-1f1472469289-panel-0\" aria-selected=\"true\" class=\"wp-block-ub-tabbed-content-tab-title-wrap active\" style=\"\" tabindex=\"-1\">\n\t\t\t\t<div class=\"wp-block-ub-tabbed-content-tab-title\">Uztura bag\u0101tin\u0101t\u0101ja inform\u0101cija<\/div>\n\t\t\t<\/div><\/div>\n\t\t\t<\/div>\n\t\t\t<div class=\"wp-block-ub-tabbed-content-tabs-content\" style=\"\"><div role=\"tabpanel\" class=\"wp-block-ub-tabbed-content-tab-content-wrap active\"\n        id=\"ub-tabbed-content-c7eab609-a686-405a-b810-1f1472469289-panel-0\" aria-labelledby=\"ub-tabbed-content-c7eab609-a686-405a-b810-1f1472469289-tab-0\" tabindex=\"0\">\n\n<p><strong>OmegaMarine\u2122 Premium<\/strong><\/p>\n\n\n\n<figure class=\"wp-block-table is-style-borders\"><table><tbody><tr><td><strong><strong>Ieteicam\u0101 diennakts deva satur:<\/strong><\/strong><\/td><td><strong><strong>2 kapsulas<\/strong><\/strong><\/td><td><strong><strong>%NRV*<\/strong><\/strong><\/td><\/tr><tr><td><strong><strong>Zivju e\u013c\u013ca (53,33% Norv\u0113\u0123ijas la\u0161a e\u013c\u013ca<\/strong><br><strong>(triglicer\u012bdi), 46,67% koncentr\u0113ta<\/strong><br><strong>zivju e\u013c\u013ca (etilesteri))<\/strong><\/strong><\/td><td>&nbsp;1050 mg<\/td><td>&nbsp;&#8211;<\/td><\/tr><tr><td><strong>tostarp:<\/strong><\/td><td><\/td><td><\/td><\/tr><tr><td><strong><strong>Omega-3 tauksk\u0101bes<\/strong><\/strong><\/td><td>380 mg<\/td><td>&#8211;<\/td><\/tr><tr><td><strong><strong>EPA (eikozapenta\u0113nsk\u0101be)<\/strong><\/strong><\/td><td>160 mg<\/td><td>&nbsp;<\/td><\/tr><tr><td><strong><strong>DHA (dokozaheksa\u0113nsk\u0101be)<\/strong><\/strong><\/td><td>115 mg<\/td><td>&#8211;<\/td><\/tr><tr><td><strong><strong>DPA (dokozapenta\u0113nsk\u0101be)<\/strong><\/strong><\/td><td>10 mg<\/td><td>&#8211;<\/td><\/tr><tr><td><strong><strong>Omega-6 tauksk\u0101bes<\/strong><\/strong><\/td><td>70 mg<\/td><td>&#8211;<\/td><\/tr><tr><td><strong><strong>Omega-7 tauksk\u0101bes<\/strong><\/strong><\/td><td>30 mg<\/td><td>&#8211;<\/td><\/tr><tr><td><strong><strong>Omega-9 tauksk\u0101bes<\/strong><\/strong><\/td><td>210 mg<\/td><td>&#8211;<\/td><\/tr><tr><td><strong><strong>D3 vitam\u012bns<\/strong><\/strong><\/td><td>5 \u00b5g<\/td><td>100<\/td><\/tr><\/tbody><\/table><\/figure>\n\n\n\n<p>*NRV \u2013 Uzturvielu atsauces v\u0113rt\u012bba<\/p>\n\n\n\n<p><strong>Sast\u0101vda\u013cas: <\/strong>zivju <strong>e\u013c\u013ca<\/strong> (<strong>Norv\u0113\u0123ijas la\u0161a e\u013c\u013ca<\/strong> (triglicer\u012bdi), <strong>koncentr\u0113ta zivju e\u013c\u013ca<\/strong> (etilesteri)), \u017eelat\u012bns, stabiliz\u0113t\u0101js (glicer\u012bns), antioksidants (tokoferola ekstrakts), astaksant\u012bns (no mikroa\u013c\u0123\u0113m <em>Haematococcus pluvialis<\/em>), holekalciferols (D3 vitam\u012bns).<\/p>\n\n\n\n<p><strong>OmegaMarine\u2122 Premium \u2013 divas kapsulas dien\u0101<\/strong><\/p>\n\n\n\n<p><strong>K\u0101 lietot <\/strong>: Produkts kalpo ikdienas uztura papildin\u0101\u0161anai ar Omega-3 tauksk\u0101b\u0113m un D3 vitam\u012bnu.<\/p>\n\n\n\n<p><strong>leteicam\u0101 diennakts deva: 2 kapsulas diennakt\u012b.<\/strong><\/p>\n\n\n\n<p>Neizmantot uztura bag\u0101tin\u0101t\u0101ju pilnv\u0113rt\u012bga un sabalans\u0113ta uztura aizvieto\u0161anai.<\/p>\n\n\n\n<p><strong>Uzman\u012bbu<\/strong>: Uztura bag\u0101tin\u0101t\u0101js neaizst\u0101j sabalans\u0113tu, daudzveid\u012bgu uzturu. Sarg\u0101t no b\u0113rniem. Nosmak\u0161anas risks b\u0113rniem l\u012bdz 3 gadu vecumam.<br>Gr\u016btniec\u012bbas laik\u0101 ieteicams p\u0113c \u0101rsta ieteikuma. Nep\u0101rsniegt ieteicamo diennakts devu.<\/p>\n\n\n\n<p>Paredz\u0113ts pieaugu\u0161ajiem<\/p>\n\n\n\n<p><strong>Ieteicams l\u012bdz<\/strong>: l\u012bdz datumam, kas nor\u0101d\u012bts uz iepakojuma<\/p>\n\n\n\n<p><strong>Ra\u017eo\u0161anas partijas numurs<\/strong>: nor\u0101d\u012bts uz iepakojuma<\/p>\n\n\n\n<p><strong>Neto masa<\/strong>: 270 g (360 kapsulas, pa 750 mg)<\/p>\n\n\n\n<p><strong>Uzglab\u0101\u0161ana: <\/strong>Uzglab\u0101t saus\u0101, v\u0113s\u0101, tum\u0161\u0101 un maziem b\u0113rniem nepieejam\u0101 viet\u0101, temperat\u016br\u0101 zem 25\u00b0C.<\/p>\n\n\n\n<p><strong>Ra\u017eot\u0101js<\/strong>:<br>Pharmatech AS<br>Vallehellene 4<br>1664 Rolvsoj, Norv\u0113\u0123ija<\/p>\n\n\n\n<p><strong>Izplat\u012bt\u0101js<\/strong>:<br>Natural Pharmaceuticals Sp. z o.o.<br>ul. Domaniewska 28<br>02 -672 Var\u0161ava, Polija<\/p>\n\n\n\n<p><\/p>\n\n<\/div><\/div>\n\t\t<\/div>\n\n\n<div class=\"wp-block-group alignwide\"><div class=\"wp-block-group__inner-container is-layout-flow wp-block-group-is-layout-flow\">\n<div class=\"wp-block-columns alignwide is-layout-flex wp-container-core-columns-is-layout-2 wp-block-columns-is-layout-flex\">\n<div class=\"wp-block-column is-vertically-aligned-center is-layout-flow wp-block-column-is-layout-flow\"><div class=\"wp-block-image\">\n<figure class=\"aligncenter size-large is-resized\"><img loading=\"lazy\" decoding=\"async\" width=\"220\" height=\"220\" src=\"https:\/\/nordicmed.natural.pl\/wp-content\/uploads\/sites\/2\/2020\/09\/goed.png\" alt=\"\" class=\"wp-image-350\" style=\"width:220px;height:220px\" srcset=\"https:\/\/naturalpharmaceuticals.eu\/wp-content\/uploads\/sites\/2\/2020\/09\/goed.png 220w, https:\/\/naturalpharmaceuticals.eu\/wp-content\/uploads\/sites\/2\/2020\/09\/goed-150x150.png 150w, https:\/\/naturalpharmaceuticals.eu\/wp-content\/uploads\/sites\/2\/2020\/09\/goed-200x200.png 200w\" sizes=\"auto, (max-width: 220px) 100vw, 220px\" \/><\/figure><\/div><\/div>\n\n\n\n<div class=\"wp-block-column is-vertically-aligned-center is-layout-flow wp-block-column-is-layout-flow\"><div class=\"wp-block-image\">\n<figure class=\"aligncenter size-large is-resized\"><img loading=\"lazy\" decoding=\"async\" width=\"300\" height=\"194\" src=\"https:\/\/nordicmed.natural.pl\/wp-content\/uploads\/sites\/2\/2020\/09\/salfresh.png\" alt=\"\" class=\"wp-image-351\" style=\"width:300px;height:194px\"\/><\/figure><\/div><\/div>\n\n\n\n<div class=\"wp-block-column is-vertically-aligned-center is-layout-flow wp-block-column-is-layout-flow\"><div class=\"wp-block-image\">\n<figure class=\"aligncenter size-full is-resized\"><img loading=\"lazy\" decoding=\"async\" width=\"600\" height=\"606\" src=\"https:\/\/naturalpharmaceuticals.eu\/wp-content\/uploads\/sites\/2\/2023\/06\/orivo-verified-origin-8-years.png\" alt=\"\" class=\"wp-image-19333\" style=\"width:220px;height:220px\" srcset=\"https:\/\/naturalpharmaceuticals.eu\/wp-content\/uploads\/sites\/2\/2023\/06\/orivo-verified-origin-8-years.png 600w, https:\/\/naturalpharmaceuticals.eu\/wp-content\/uploads\/sites\/2\/2023\/06\/orivo-verified-origin-8-years-297x300.png 297w\" sizes=\"auto, (max-width: 600px) 100vw, 600px\" \/><\/figure><\/div><\/div>\n\n\n\n<div class=\"wp-block-column is-vertically-aligned-center is-layout-flow wp-block-column-is-layout-flow\"><div class=\"wp-block-image\">\n<figure class=\"aligncenter size-large is-resized\"><img loading=\"lazy\" decoding=\"async\" width=\"721\" height=\"721\" src=\"https:\/\/naturalpharmaceuticals.eu\/wp-content\/uploads\/sites\/2\/2020\/12\/zdrowa-marka-roku-2020.png\" alt=\"\" class=\"wp-image-871\" style=\"width:220px;height:220px\" srcset=\"https:\/\/naturalpharmaceuticals.eu\/wp-content\/uploads\/sites\/2\/2020\/12\/zdrowa-marka-roku-2020.png 721w, https:\/\/naturalpharmaceuticals.eu\/wp-content\/uploads\/sites\/2\/2020\/12\/zdrowa-marka-roku-2020-300x300.png 300w, https:\/\/naturalpharmaceuticals.eu\/wp-content\/uploads\/sites\/2\/2020\/12\/zdrowa-marka-roku-2020-150x150.png 150w, https:\/\/naturalpharmaceuticals.eu\/wp-content\/uploads\/sites\/2\/2020\/12\/zdrowa-marka-roku-2020-200x200.png 200w\" sizes=\"auto, (max-width: 721px) 100vw, 721px\" \/><\/figure><\/div><\/div>\n<\/div>\n<\/div><\/div>\n","protected":false},"excerpt":{"rendered":"<p>Omega Marine Forte+ is a Norwegian made dietary supplement with a unique formula containing salmon oil from the pure, pristine arctic part of Norway. It is rich in the omega 3 fatty acids EPA, DHA and DPA and naturally rich in one of nature\u2019s strongest antioxidants, astaxanthin. It is fortified with vitamin D3.<\/p>\n","protected":false},"author":1,"featured_media":13903,"parent":4735,"menu_order":0,"comment_status":"closed","ping_status":"closed","template":"templates\/grid-full-width-page.php","meta":{"ub_ctt_via":"","footnotes":""},"class_list":["post-13913","page","type-page","status-publish","has-post-thumbnail","hentry"],"featured_image_src":"https:\/\/naturalpharmaceuticals.eu\/wp-content\/uploads\/sites\/2\/2022\/09\/PL_banner_760x300_OP_144dpi.jpg","yoast_head":"<!-- This site is optimized with the Yoast SEO plugin v24.4 - https:\/\/yoast.com\/wordpress\/plugins\/seo\/ -->\n<title>OmegaMarine\u2122 Premium - Natural Pharmaceuticals<\/title>\n<meta name=\"robots\" content=\"index, follow, max-snippet:-1, max-image-preview:large, max-video-preview:-1\" \/>\n<link rel=\"canonical\" href=\"https:\/\/naturalpharmaceuticals.eu\/lv\/musu-produkti\/omegamarine-premium\/\" \/>\n<meta property=\"og:locale\" content=\"lv_LV\" \/>\n<meta property=\"og:type\" content=\"article\" \/>\n<meta property=\"og:title\" content=\"OmegaMarine\u2122 Premium - Natural Pharmaceuticals\" \/>\n<meta property=\"og:description\" content=\"Omega Marine Forte+ is a Norwegian made dietary supplement with a unique formula containing salmon oil from the pure, pristine arctic part of Norway. It is rich in the omega 3 fatty acids EPA, DHA and DPA and naturally rich in one of nature\u2019s strongest antioxidants, astaxanthin. It is fortified with vitamin D3.\" \/>\n<meta property=\"og:url\" content=\"https:\/\/naturalpharmaceuticals.eu\/lv\/musu-produkti\/omegamarine-premium\/\" \/>\n<meta property=\"og:site_name\" content=\"Natural Pharmaceuticals\" \/>\n<meta property=\"article:modified_time\" content=\"2025-08-12T13:44:13+00:00\" \/>\n<meta property=\"og:image\" content=\"https:\/\/naturalpharmaceuticals.eu\/wp-content\/uploads\/sites\/2\/2022\/09\/PL_banner_760x300_OP_144dpi.jpg\" \/>\n\t<meta property=\"og:image:width\" content=\"1520\" \/>\n\t<meta property=\"og:image:height\" content=\"600\" \/>\n\t<meta property=\"og:image:type\" content=\"image\/jpeg\" \/>\n<meta name=\"twitter:card\" content=\"summary_large_image\" \/>\n<meta name=\"twitter:label1\" content=\"Est. reading time\" \/>\n\t<meta name=\"twitter:data1\" content=\"4 minutes\" \/>\n<script type=\"application\/ld+json\" class=\"yoast-schema-graph\">{\"@context\":\"https:\/\/schema.org\",\"@graph\":[{\"@type\":\"WebPage\",\"@id\":\"https:\/\/naturalpharmaceuticals.eu\/lv\/musu-produkti\/omegamarine-premium\/\",\"url\":\"https:\/\/naturalpharmaceuticals.eu\/lv\/musu-produkti\/omegamarine-premium\/\",\"name\":\"OmegaMarine\u2122 Premium - Natural Pharmaceuticals\",\"isPartOf\":{\"@id\":\"https:\/\/naturalpharmaceuticals.eu\/lv\/#website\"},\"primaryImageOfPage\":{\"@id\":\"https:\/\/naturalpharmaceuticals.eu\/lv\/musu-produkti\/omegamarine-premium\/#primaryimage\"},\"image\":{\"@id\":\"https:\/\/naturalpharmaceuticals.eu\/lv\/musu-produkti\/omegamarine-premium\/#primaryimage\"},\"thumbnailUrl\":\"https:\/\/naturalpharmaceuticals.eu\/wp-content\/uploads\/sites\/2\/2022\/09\/PL_banner_760x300_OP_144dpi.jpg\",\"datePublished\":\"2024-04-08T13:00:37+00:00\",\"dateModified\":\"2025-08-12T13:44:13+00:00\",\"breadcrumb\":{\"@id\":\"https:\/\/naturalpharmaceuticals.eu\/lv\/musu-produkti\/omegamarine-premium\/#breadcrumb\"},\"inLanguage\":\"lv-LV\",\"potentialAction\":[{\"@type\":\"ReadAction\",\"target\":[\"https:\/\/naturalpharmaceuticals.eu\/lv\/musu-produkti\/omegamarine-premium\/\"]}]},{\"@type\":\"ImageObject\",\"inLanguage\":\"lv-LV\",\"@id\":\"https:\/\/naturalpharmaceuticals.eu\/lv\/musu-produkti\/omegamarine-premium\/#primaryimage\",\"url\":\"https:\/\/naturalpharmaceuticals.eu\/wp-content\/uploads\/sites\/2\/2022\/09\/PL_banner_760x300_OP_144dpi.jpg\",\"contentUrl\":\"https:\/\/naturalpharmaceuticals.eu\/wp-content\/uploads\/sites\/2\/2022\/09\/PL_banner_760x300_OP_144dpi.jpg\",\"width\":1520,\"height\":600,\"caption\":\"Omega Marine Premium\"},{\"@type\":\"BreadcrumbList\",\"@id\":\"https:\/\/naturalpharmaceuticals.eu\/lv\/musu-produkti\/omegamarine-premium\/#breadcrumb\",\"itemListElement\":[{\"@type\":\"ListItem\",\"position\":1,\"name\":\"Home\",\"item\":\"https:\/\/naturalpharmaceuticals.eu\/lv\/\"},{\"@type\":\"ListItem\",\"position\":2,\"name\":\"M\u016bsu produkti\",\"item\":\"https:\/\/naturalpharmaceuticals.eu\/lv\/musu-produkti\/\"},{\"@type\":\"ListItem\",\"position\":3,\"name\":\"OmegaMarine\u2122 Premium\"}]},{\"@type\":\"WebSite\",\"@id\":\"https:\/\/naturalpharmaceuticals.eu\/lv\/#website\",\"url\":\"https:\/\/naturalpharmaceuticals.eu\/lv\/\",\"name\":\"Natural Pharmaceuticals\",\"description\":\"\",\"publisher\":{\"@id\":\"https:\/\/naturalpharmaceuticals.eu\/lv\/#organization\"},\"potentialAction\":[{\"@type\":\"SearchAction\",\"target\":{\"@type\":\"EntryPoint\",\"urlTemplate\":\"https:\/\/naturalpharmaceuticals.eu\/lv\/?s={search_term_string}\"},\"query-input\":{\"@type\":\"PropertyValueSpecification\",\"valueRequired\":true,\"valueName\":\"search_term_string\"}}],\"inLanguage\":\"lv-LV\"},{\"@type\":\"Organization\",\"@id\":\"https:\/\/naturalpharmaceuticals.eu\/lv\/#organization\",\"name\":\"Natural Pharmaceuticals\",\"url\":\"https:\/\/naturalpharmaceuticals.eu\/lv\/\",\"logo\":{\"@type\":\"ImageObject\",\"inLanguage\":\"lv-LV\",\"@id\":\"https:\/\/naturalpharmaceuticals.eu\/lv\/#\/schema\/logo\/image\/\",\"url\":\"https:\/\/naturalpharmaceuticals.eu\/wp-content\/uploads\/sites\/2\/2020\/11\/cropped-natural-pharmaceuticals-logo.png\",\"contentUrl\":\"https:\/\/naturalpharmaceuticals.eu\/wp-content\/uploads\/sites\/2\/2020\/11\/cropped-natural-pharmaceuticals-logo.png\",\"width\":900,\"height\":323,\"caption\":\"Natural Pharmaceuticals\"},\"image\":{\"@id\":\"https:\/\/naturalpharmaceuticals.eu\/lv\/#\/schema\/logo\/image\/\"}}]}<\/script>\n<!-- \/ Yoast SEO plugin. -->","yoast_head_json":{"title":"OmegaMarine\u2122 Premium - Natural Pharmaceuticals","robots":{"index":"index","follow":"follow","max-snippet":"max-snippet:-1","max-image-preview":"max-image-preview:large","max-video-preview":"max-video-preview:-1"},"canonical":"https:\/\/naturalpharmaceuticals.eu\/lv\/musu-produkti\/omegamarine-premium\/","og_locale":"lv_LV","og_type":"article","og_title":"OmegaMarine\u2122 Premium - Natural Pharmaceuticals","og_description":"Omega Marine Forte+ is a Norwegian made dietary supplement with a unique formula containing salmon oil from the pure, pristine arctic part of Norway. It is rich in the omega 3 fatty acids EPA, DHA and DPA and naturally rich in one of nature\u2019s strongest antioxidants, astaxanthin. It is fortified with vitamin D3.","og_url":"https:\/\/naturalpharmaceuticals.eu\/lv\/musu-produkti\/omegamarine-premium\/","og_site_name":"Natural Pharmaceuticals","article_modified_time":"2025-08-12T13:44:13+00:00","og_image":[{"width":1520,"height":600,"url":"https:\/\/naturalpharmaceuticals.eu\/wp-content\/uploads\/sites\/2\/2022\/09\/PL_banner_760x300_OP_144dpi.jpg","type":"image\/jpeg"}],"twitter_card":"summary_large_image","twitter_misc":{"Est. reading time":"4 minutes"},"schema":{"@context":"https:\/\/schema.org","@graph":[{"@type":"WebPage","@id":"https:\/\/naturalpharmaceuticals.eu\/lv\/musu-produkti\/omegamarine-premium\/","url":"https:\/\/naturalpharmaceuticals.eu\/lv\/musu-produkti\/omegamarine-premium\/","name":"OmegaMarine\u2122 Premium - Natural Pharmaceuticals","isPartOf":{"@id":"https:\/\/naturalpharmaceuticals.eu\/lv\/#website"},"primaryImageOfPage":{"@id":"https:\/\/naturalpharmaceuticals.eu\/lv\/musu-produkti\/omegamarine-premium\/#primaryimage"},"image":{"@id":"https:\/\/naturalpharmaceuticals.eu\/lv\/musu-produkti\/omegamarine-premium\/#primaryimage"},"thumbnailUrl":"https:\/\/naturalpharmaceuticals.eu\/wp-content\/uploads\/sites\/2\/2022\/09\/PL_banner_760x300_OP_144dpi.jpg","datePublished":"2024-04-08T13:00:37+00:00","dateModified":"2025-08-12T13:44:13+00:00","breadcrumb":{"@id":"https:\/\/naturalpharmaceuticals.eu\/lv\/musu-produkti\/omegamarine-premium\/#breadcrumb"},"inLanguage":"lv-LV","potentialAction":[{"@type":"ReadAction","target":["https:\/\/naturalpharmaceuticals.eu\/lv\/musu-produkti\/omegamarine-premium\/"]}]},{"@type":"ImageObject","inLanguage":"lv-LV","@id":"https:\/\/naturalpharmaceuticals.eu\/lv\/musu-produkti\/omegamarine-premium\/#primaryimage","url":"https:\/\/naturalpharmaceuticals.eu\/wp-content\/uploads\/sites\/2\/2022\/09\/PL_banner_760x300_OP_144dpi.jpg","contentUrl":"https:\/\/naturalpharmaceuticals.eu\/wp-content\/uploads\/sites\/2\/2022\/09\/PL_banner_760x300_OP_144dpi.jpg","width":1520,"height":600,"caption":"Omega Marine Premium"},{"@type":"BreadcrumbList","@id":"https:\/\/naturalpharmaceuticals.eu\/lv\/musu-produkti\/omegamarine-premium\/#breadcrumb","itemListElement":[{"@type":"ListItem","position":1,"name":"Home","item":"https:\/\/naturalpharmaceuticals.eu\/lv\/"},{"@type":"ListItem","position":2,"name":"M\u016bsu produkti","item":"https:\/\/naturalpharmaceuticals.eu\/lv\/musu-produkti\/"},{"@type":"ListItem","position":3,"name":"OmegaMarine\u2122 Premium"}]},{"@type":"WebSite","@id":"https:\/\/naturalpharmaceuticals.eu\/lv\/#website","url":"https:\/\/naturalpharmaceuticals.eu\/lv\/","name":"Natural Pharmaceuticals","description":"","publisher":{"@id":"https:\/\/naturalpharmaceuticals.eu\/lv\/#organization"},"potentialAction":[{"@type":"SearchAction","target":{"@type":"EntryPoint","urlTemplate":"https:\/\/naturalpharmaceuticals.eu\/lv\/?s={search_term_string}"},"query-input":{"@type":"PropertyValueSpecification","valueRequired":true,"valueName":"search_term_string"}}],"inLanguage":"lv-LV"},{"@type":"Organization","@id":"https:\/\/naturalpharmaceuticals.eu\/lv\/#organization","name":"Natural Pharmaceuticals","url":"https:\/\/naturalpharmaceuticals.eu\/lv\/","logo":{"@type":"ImageObject","inLanguage":"lv-LV","@id":"https:\/\/naturalpharmaceuticals.eu\/lv\/#\/schema\/logo\/image\/","url":"https:\/\/naturalpharmaceuticals.eu\/wp-content\/uploads\/sites\/2\/2020\/11\/cropped-natural-pharmaceuticals-logo.png","contentUrl":"https:\/\/naturalpharmaceuticals.eu\/wp-content\/uploads\/sites\/2\/2020\/11\/cropped-natural-pharmaceuticals-logo.png","width":900,"height":323,"caption":"Natural Pharmaceuticals"},"image":{"@id":"https:\/\/naturalpharmaceuticals.eu\/lv\/#\/schema\/logo\/image\/"}}]}},"jetpack_sharing_enabled":true,"_links":{"self":[{"href":"https:\/\/naturalpharmaceuticals.eu\/lv\/wp-json\/wp\/v2\/pages\/13913","targetHints":{"allow":["GET"]}}],"collection":[{"href":"https:\/\/naturalpharmaceuticals.eu\/lv\/wp-json\/wp\/v2\/pages"}],"about":[{"href":"https:\/\/naturalpharmaceuticals.eu\/lv\/wp-json\/wp\/v2\/types\/page"}],"author":[{"embeddable":true,"href":"https:\/\/naturalpharmaceuticals.eu\/lv\/wp-json\/wp\/v2\/users\/1"}],"replies":[{"embeddable":true,"href":"https:\/\/naturalpharmaceuticals.eu\/lv\/wp-json\/wp\/v2\/comments?post=13913"}],"version-history":[{"count":4,"href":"https:\/\/naturalpharmaceuticals.eu\/lv\/wp-json\/wp\/v2\/pages\/13913\/revisions"}],"predecessor-version":[{"id":35649,"href":"https:\/\/naturalpharmaceuticals.eu\/lv\/wp-json\/wp\/v2\/pages\/13913\/revisions\/35649"}],"up":[{"embeddable":true,"href":"https:\/\/naturalpharmaceuticals.eu\/lv\/wp-json\/wp\/v2\/pages\/4735"}],"wp:featuredmedia":[{"embeddable":true,"href":"https:\/\/naturalpharmaceuticals.eu\/lv\/wp-json\/wp\/v2\/media\/13903"}],"wp:attachment":[{"href":"https:\/\/naturalpharmaceuticals.eu\/lv\/wp-json\/wp\/v2\/media?parent=13913"}],"curies":[{"name":"wp","href":"https:\/\/api.w.org\/{rel}","templated":true}]}}