{"id":4673,"date":"2021-05-24T11:29:23","date_gmt":"2021-05-24T11:29:23","guid":{"rendered":"https:\/\/naturalpharmaceuticals.eu\/?page_id=4673"},"modified":"2023-04-18T11:23:12","modified_gmt":"2023-04-18T11:23:12","slug":"ilgakai-un-labakai-dzivei","status":"publish","type":"page","link":"https:\/\/naturalpharmaceuticals.eu\/lv\/","title":{"rendered":"Ilg\u0101kai un lab\u0101kai dz\u012bvei"},"content":{"rendered":"\n<p>M\u0113s esam strauji augo\u0161s Norv\u0113\u0123ijas vesel\u012bbas uz\u0146\u0113mums ar pastiprin\u0101tu fokusu uz zin\u0101tni un tehnolo\u0123ij\u0101m, un tirgus l\u012bderis Omega-3 segment\u0101. M\u016bsu produkti n\u0101k tie\u0161i no t\u012briem, neskartiem, Arktikas Zieme\u013ciem. M\u016bsu misija ir palielin\u0101t Centr\u0101leiropas pat\u0113r\u0113t\u0101ju izpratni par daudzajiem vesel\u012bbas ieguvumiem, kas saist\u012bti ar di\u0113tu, kur\u0101 ir daudz zivju un j\u016bras tauksk\u0101bju. OmegaMarine\u2122 Premium ir tirgus l\u012bderis daudz\u0101s Eiropas valst\u012bs.<\/p>\n","protected":false},"excerpt":{"rendered":"<p>M\u0113s esam strauji augo\u0161s Norv\u0113\u0123ijas vesel\u012bbas uz\u0146\u0113mums ar pastiprin\u0101tu fokusu uz zin\u0101tni un tehnolo\u0123ij\u0101m, un tirgus l\u012bderis Omega-3 segment\u0101. M\u016bsu produkti n\u0101k tie\u0161i no t\u012briem, neskartiem, Arktikas Zieme\u013ciem. M\u016bsu misija ir palielin\u0101t Centr\u0101leiropas pat\u0113r\u0113t\u0101ju izpratni par daudzajiem vesel\u012bbas ieguvumiem, kas&#x2026; <\/p>\n<p class=\"more-link-container th-uppercase\"><a href=\"https:\/\/naturalpharmaceuticals.eu\/lv\/\" class=\"more-link\">Read More <span class=\"screen-reader-text\">Ilg\u0101kai un lab\u0101kai dz\u012bvei<\/span><\/a><\/p>\n","protected":false},"author":1,"featured_media":4675,"parent":0,"menu_order":0,"comment_status":"closed","ping_status":"closed","template":"templates\/front-page.php","meta":{"ub_ctt_via":"","footnotes":""},"class_list":["post-4673","page","type-page","status-publish","has-post-thumbnail","hentry"],"featured_image_src":"https:\/\/naturalpharmaceuticals.eu\/wp-content\/uploads\/sites\/2\/2020\/12\/Natural_Pharmaceuticals_Norway_1518x435.jpg","yoast_head":"<!-- This site is optimized with the Yoast SEO plugin v24.4 - https:\/\/yoast.com\/wordpress\/plugins\/seo\/ -->\n<title>Ilg\u0101kai un lab\u0101kai dz\u012bvei - Natural Pharmaceuticals<\/title>\n<meta name=\"robots\" content=\"index, follow, max-snippet:-1, max-image-preview:large, max-video-preview:-1\" \/>\n<link rel=\"canonical\" href=\"https:\/\/naturalpharmaceuticals.eu\/lv\/\" \/>\n<meta property=\"og:locale\" content=\"lv_LV\" \/>\n<meta property=\"og:type\" content=\"article\" \/>\n<meta property=\"og:title\" content=\"Ilg\u0101kai un lab\u0101kai dz\u012bvei - Natural Pharmaceuticals\" \/>\n<meta property=\"og:description\" content=\"M\u0113s esam strauji augo\u0161s Norv\u0113\u0123ijas vesel\u012bbas uz\u0146\u0113mums ar pastiprin\u0101tu fokusu uz zin\u0101tni un tehnolo\u0123ij\u0101m, un tirgus l\u012bderis Omega-3 segment\u0101. M\u016bsu produkti n\u0101k tie\u0161i no t\u012briem, neskartiem, Arktikas Zieme\u013ciem. M\u016bsu misija ir palielin\u0101t Centr\u0101leiropas pat\u0113r\u0113t\u0101ju izpratni par daudzajiem vesel\u012bbas ieguvumiem, kas&#x2026; Read More Ilg\u0101kai un lab\u0101kai dz\u012bvei\" \/>\n<meta property=\"og:url\" content=\"https:\/\/naturalpharmaceuticals.eu\/lv\/\" \/>\n<meta property=\"og:site_name\" content=\"Natural Pharmaceuticals\" \/>\n<meta property=\"article:modified_time\" content=\"2023-04-18T11:23:12+00:00\" \/>\n<meta property=\"og:image\" content=\"https:\/\/naturalpharmaceuticals.eu\/wp-content\/uploads\/sites\/2\/2020\/12\/Natural_Pharmaceuticals_Norway_1518x435.jpg\" \/>\n\t<meta property=\"og:image:width\" content=\"1518\" \/>\n\t<meta property=\"og:image:height\" content=\"435\" \/>\n\t<meta property=\"og:image:type\" content=\"image\/jpeg\" \/>\n<meta name=\"twitter:card\" content=\"summary_large_image\" \/>\n<meta name=\"twitter:label1\" content=\"Est. reading time\" \/>\n\t<meta name=\"twitter:data1\" content=\"1 minute\" \/>\n<script type=\"application\/ld+json\" class=\"yoast-schema-graph\">{\"@context\":\"https:\/\/schema.org\",\"@graph\":[{\"@type\":\"WebPage\",\"@id\":\"https:\/\/naturalpharmaceuticals.eu\/lv\/\",\"url\":\"https:\/\/naturalpharmaceuticals.eu\/lv\/\",\"name\":\"Ilg\u0101kai un lab\u0101kai dz\u012bvei - Natural Pharmaceuticals\",\"isPartOf\":{\"@id\":\"https:\/\/naturalpharmaceuticals.eu\/lv\/#website\"},\"primaryImageOfPage\":{\"@id\":\"https:\/\/naturalpharmaceuticals.eu\/lv\/#primaryimage\"},\"image\":{\"@id\":\"https:\/\/naturalpharmaceuticals.eu\/lv\/#primaryimage\"},\"thumbnailUrl\":\"https:\/\/naturalpharmaceuticals.eu\/wp-content\/uploads\/sites\/2\/2020\/12\/Natural_Pharmaceuticals_Norway_1518x435.jpg\",\"datePublished\":\"2021-05-24T11:29:23+00:00\",\"dateModified\":\"2023-04-18T11:23:12+00:00\",\"breadcrumb\":{\"@id\":\"https:\/\/naturalpharmaceuticals.eu\/lv\/#breadcrumb\"},\"inLanguage\":\"lv-LV\",\"potentialAction\":[{\"@type\":\"ReadAction\",\"target\":[\"https:\/\/naturalpharmaceuticals.eu\/lv\/\"]}]},{\"@type\":\"ImageObject\",\"inLanguage\":\"lv-LV\",\"@id\":\"https:\/\/naturalpharmaceuticals.eu\/lv\/#primaryimage\",\"url\":\"https:\/\/naturalpharmaceuticals.eu\/wp-content\/uploads\/sites\/2\/2020\/12\/Natural_Pharmaceuticals_Norway_1518x435.jpg\",\"contentUrl\":\"https:\/\/naturalpharmaceuticals.eu\/wp-content\/uploads\/sites\/2\/2020\/12\/Natural_Pharmaceuticals_Norway_1518x435.jpg\",\"width\":1518,\"height\":435},{\"@type\":\"BreadcrumbList\",\"@id\":\"https:\/\/naturalpharmaceuticals.eu\/lv\/#breadcrumb\",\"itemListElement\":[{\"@type\":\"ListItem\",\"position\":1,\"name\":\"Home\",\"item\":\"https:\/\/naturalpharmaceuticals.eu\/lv\/\"},{\"@type\":\"ListItem\",\"position\":2,\"name\":\"Ilg\u0101kai un lab\u0101kai dz\u012bvei\"}]},{\"@type\":\"WebSite\",\"@id\":\"https:\/\/naturalpharmaceuticals.eu\/lv\/#website\",\"url\":\"https:\/\/naturalpharmaceuticals.eu\/lv\/\",\"name\":\"Natural Pharmaceuticals\",\"description\":\"\",\"publisher\":{\"@id\":\"https:\/\/naturalpharmaceuticals.eu\/lv\/#organization\"},\"potentialAction\":[{\"@type\":\"SearchAction\",\"target\":{\"@type\":\"EntryPoint\",\"urlTemplate\":\"https:\/\/naturalpharmaceuticals.eu\/lv\/?s={search_term_string}\"},\"query-input\":{\"@type\":\"PropertyValueSpecification\",\"valueRequired\":true,\"valueName\":\"search_term_string\"}}],\"inLanguage\":\"lv-LV\"},{\"@type\":\"Organization\",\"@id\":\"https:\/\/naturalpharmaceuticals.eu\/lv\/#organization\",\"name\":\"Natural Pharmaceuticals\",\"url\":\"https:\/\/naturalpharmaceuticals.eu\/lv\/\",\"logo\":{\"@type\":\"ImageObject\",\"inLanguage\":\"lv-LV\",\"@id\":\"https:\/\/naturalpharmaceuticals.eu\/lv\/#\/schema\/logo\/image\/\",\"url\":\"https:\/\/naturalpharmaceuticals.eu\/wp-content\/uploads\/sites\/2\/2020\/11\/cropped-natural-pharmaceuticals-logo.png\",\"contentUrl\":\"https:\/\/naturalpharmaceuticals.eu\/wp-content\/uploads\/sites\/2\/2020\/11\/cropped-natural-pharmaceuticals-logo.png\",\"width\":900,\"height\":323,\"caption\":\"Natural Pharmaceuticals\"},\"image\":{\"@id\":\"https:\/\/naturalpharmaceuticals.eu\/lv\/#\/schema\/logo\/image\/\"}}]}<\/script>\n<!-- \/ Yoast SEO plugin. -->","yoast_head_json":{"title":"Ilg\u0101kai un lab\u0101kai dz\u012bvei - Natural Pharmaceuticals","robots":{"index":"index","follow":"follow","max-snippet":"max-snippet:-1","max-image-preview":"max-image-preview:large","max-video-preview":"max-video-preview:-1"},"canonical":"https:\/\/naturalpharmaceuticals.eu\/lv\/","og_locale":"lv_LV","og_type":"article","og_title":"Ilg\u0101kai un lab\u0101kai dz\u012bvei - Natural Pharmaceuticals","og_description":"M\u0113s esam strauji augo\u0161s Norv\u0113\u0123ijas vesel\u012bbas uz\u0146\u0113mums ar pastiprin\u0101tu fokusu uz zin\u0101tni un tehnolo\u0123ij\u0101m, un tirgus l\u012bderis Omega-3 segment\u0101. M\u016bsu produkti n\u0101k tie\u0161i no t\u012briem, neskartiem, Arktikas Zieme\u013ciem. M\u016bsu misija ir palielin\u0101t Centr\u0101leiropas pat\u0113r\u0113t\u0101ju izpratni par daudzajiem vesel\u012bbas ieguvumiem, kas&#x2026; Read More Ilg\u0101kai un lab\u0101kai dz\u012bvei","og_url":"https:\/\/naturalpharmaceuticals.eu\/lv\/","og_site_name":"Natural Pharmaceuticals","article_modified_time":"2023-04-18T11:23:12+00:00","og_image":[{"width":1518,"height":435,"url":"https:\/\/naturalpharmaceuticals.eu\/wp-content\/uploads\/sites\/2\/2020\/12\/Natural_Pharmaceuticals_Norway_1518x435.jpg","type":"image\/jpeg"}],"twitter_card":"summary_large_image","twitter_misc":{"Est. reading time":"1 minute"},"schema":{"@context":"https:\/\/schema.org","@graph":[{"@type":"WebPage","@id":"https:\/\/naturalpharmaceuticals.eu\/lv\/","url":"https:\/\/naturalpharmaceuticals.eu\/lv\/","name":"Ilg\u0101kai un lab\u0101kai dz\u012bvei - Natural Pharmaceuticals","isPartOf":{"@id":"https:\/\/naturalpharmaceuticals.eu\/lv\/#website"},"primaryImageOfPage":{"@id":"https:\/\/naturalpharmaceuticals.eu\/lv\/#primaryimage"},"image":{"@id":"https:\/\/naturalpharmaceuticals.eu\/lv\/#primaryimage"},"thumbnailUrl":"https:\/\/naturalpharmaceuticals.eu\/wp-content\/uploads\/sites\/2\/2020\/12\/Natural_Pharmaceuticals_Norway_1518x435.jpg","datePublished":"2021-05-24T11:29:23+00:00","dateModified":"2023-04-18T11:23:12+00:00","breadcrumb":{"@id":"https:\/\/naturalpharmaceuticals.eu\/lv\/#breadcrumb"},"inLanguage":"lv-LV","potentialAction":[{"@type":"ReadAction","target":["https:\/\/naturalpharmaceuticals.eu\/lv\/"]}]},{"@type":"ImageObject","inLanguage":"lv-LV","@id":"https:\/\/naturalpharmaceuticals.eu\/lv\/#primaryimage","url":"https:\/\/naturalpharmaceuticals.eu\/wp-content\/uploads\/sites\/2\/2020\/12\/Natural_Pharmaceuticals_Norway_1518x435.jpg","contentUrl":"https:\/\/naturalpharmaceuticals.eu\/wp-content\/uploads\/sites\/2\/2020\/12\/Natural_Pharmaceuticals_Norway_1518x435.jpg","width":1518,"height":435},{"@type":"BreadcrumbList","@id":"https:\/\/naturalpharmaceuticals.eu\/lv\/#breadcrumb","itemListElement":[{"@type":"ListItem","position":1,"name":"Home","item":"https:\/\/naturalpharmaceuticals.eu\/lv\/"},{"@type":"ListItem","position":2,"name":"Ilg\u0101kai un lab\u0101kai dz\u012bvei"}]},{"@type":"WebSite","@id":"https:\/\/naturalpharmaceuticals.eu\/lv\/#website","url":"https:\/\/naturalpharmaceuticals.eu\/lv\/","name":"Natural Pharmaceuticals","description":"","publisher":{"@id":"https:\/\/naturalpharmaceuticals.eu\/lv\/#organization"},"potentialAction":[{"@type":"SearchAction","target":{"@type":"EntryPoint","urlTemplate":"https:\/\/naturalpharmaceuticals.eu\/lv\/?s={search_term_string}"},"query-input":{"@type":"PropertyValueSpecification","valueRequired":true,"valueName":"search_term_string"}}],"inLanguage":"lv-LV"},{"@type":"Organization","@id":"https:\/\/naturalpharmaceuticals.eu\/lv\/#organization","name":"Natural Pharmaceuticals","url":"https:\/\/naturalpharmaceuticals.eu\/lv\/","logo":{"@type":"ImageObject","inLanguage":"lv-LV","@id":"https:\/\/naturalpharmaceuticals.eu\/lv\/#\/schema\/logo\/image\/","url":"https:\/\/naturalpharmaceuticals.eu\/wp-content\/uploads\/sites\/2\/2020\/11\/cropped-natural-pharmaceuticals-logo.png","contentUrl":"https:\/\/naturalpharmaceuticals.eu\/wp-content\/uploads\/sites\/2\/2020\/11\/cropped-natural-pharmaceuticals-logo.png","width":900,"height":323,"caption":"Natural Pharmaceuticals"},"image":{"@id":"https:\/\/naturalpharmaceuticals.eu\/lv\/#\/schema\/logo\/image\/"}}]}},"jetpack_sharing_enabled":true,"_links":{"self":[{"href":"https:\/\/naturalpharmaceuticals.eu\/lv\/wp-json\/wp\/v2\/pages\/4673","targetHints":{"allow":["GET"]}}],"collection":[{"href":"https:\/\/naturalpharmaceuticals.eu\/lv\/wp-json\/wp\/v2\/pages"}],"about":[{"href":"https:\/\/naturalpharmaceuticals.eu\/lv\/wp-json\/wp\/v2\/types\/page"}],"author":[{"embeddable":true,"href":"https:\/\/naturalpharmaceuticals.eu\/lv\/wp-json\/wp\/v2\/users\/1"}],"replies":[{"embeddable":true,"href":"https:\/\/naturalpharmaceuticals.eu\/lv\/wp-json\/wp\/v2\/comments?post=4673"}],"version-history":[{"count":3,"href":"https:\/\/naturalpharmaceuticals.eu\/lv\/wp-json\/wp\/v2\/pages\/4673\/revisions"}],"predecessor-version":[{"id":18469,"href":"https:\/\/naturalpharmaceuticals.eu\/lv\/wp-json\/wp\/v2\/pages\/4673\/revisions\/18469"}],"wp:featuredmedia":[{"embeddable":true,"href":"https:\/\/naturalpharmaceuticals.eu\/lv\/wp-json\/wp\/v2\/media\/4675"}],"wp:attachment":[{"href":"https:\/\/naturalpharmaceuticals.eu\/lv\/wp-json\/wp\/v2\/media?parent=4673"}],"curies":[{"name":"wp","href":"https:\/\/api.w.org\/{rel}","templated":true}]}}