{"id":4863,"date":"2021-05-25T14:37:40","date_gmt":"2021-05-25T14:37:40","guid":{"rendered":"https:\/\/naturalpharmaceuticals.eu\/?page_id=4863"},"modified":"2024-04-10T10:22:44","modified_gmt":"2024-04-10T10:22:44","slug":"magnezium-b6","status":"publish","type":"page","link":"https:\/\/naturalpharmaceuticals.eu\/lv\/musu-produkti\/magnezium-b6\/","title":{"rendered":"Magnezium B6+"},"content":{"rendered":"\n<div class=\"wp-block-group\"><div class=\"wp-block-group__inner-container is-layout-flow wp-block-group-is-layout-flow\">\n<div class=\"wp-block-columns is-layout-flex wp-container-core-columns-is-layout-1 wp-block-columns-is-layout-flex\">\n<div class=\"wp-block-column is-layout-flow wp-block-column-is-layout-flow\">\n<figure class=\"wp-block-image size-large sticky\"><img loading=\"lazy\" decoding=\"async\" width=\"768\" height=\"768\" src=\"https:\/\/naturalpharmaceuticals.eu\/wp-content\/uploads\/sites\/2\/2020\/12\/MG_www_768x768.png\" alt=\"\" class=\"wp-image-1071\" srcset=\"https:\/\/naturalpharmaceuticals.eu\/wp-content\/uploads\/sites\/2\/2020\/12\/MG_www_768x768.png 768w, https:\/\/naturalpharmaceuticals.eu\/wp-content\/uploads\/sites\/2\/2020\/12\/MG_www_768x768-300x300.png 300w, https:\/\/naturalpharmaceuticals.eu\/wp-content\/uploads\/sites\/2\/2020\/12\/MG_www_768x768-150x150.png 150w, https:\/\/naturalpharmaceuticals.eu\/wp-content\/uploads\/sites\/2\/2020\/12\/MG_www_768x768-200x200.png 200w\" sizes=\"auto, (max-width: 768px) 100vw, 768px\" \/><\/figure>\n<\/div>\n\n\n\n<div class=\"wp-block-column product-info-frame is-layout-flow wp-block-column-is-layout-flow\">\n<p style=\"font-size:18px\"><strong>Magnezium B6+<\/strong><\/p>\n\n\n\n<ul class=\"wp-block-list\">\n<li>Pal\u012bdz samazin\u0101t nogurumu un nesp\u0113ku<\/li>\n\n\n\n<li>Veicina norm\u0101lu nervu sist\u0113mas darb\u012bbu un psiholo\u0123isko funkciju&nbsp;<\/li>\n\n\n\n<li>Veicina norm\u0101lu musku\u013cu darb\u012bbu un elektrol\u012btu l\u012bdzsvaru&nbsp;<\/li>\n\n\n\n<li>Bag\u0101tin\u0101ts ar B6 vitam\u012bnu&nbsp;<\/li>\n\n\n\n<li>Divas tabletes dien\u0101<\/li>\n<\/ul>\n\n\n\n<p><\/p>\n<\/div>\n<\/div>\n<\/div><\/div>\n\n\n\n<div class=\"packshot-bg-wrapper\"><div class=\"full-width-inside-container packshot-bg packshot-bg-mg\"><\/div><\/div>\n\n\n\n<p>Magnezium B6+\u00a0 galveno sast\u0101vda\u013cu loma cilv\u0113ka organism\u0101 ir pozit\u012bvi nov\u0113rt\u0113ta Eiropas P\u0101rtikas nekait\u012bguma iest\u0101des (EFSA) izdotaj\u0101s vesel\u012bguma nor\u0101d\u0113s:<\/p>\n\n\n\n<p>Magnijs&nbsp;un B6&nbsp;vitam\u012bns&nbsp;pal\u012bdz samazin\u0101t nogurumu un nesp\u0113ku.<br>Magnijs,&nbsp;var\u0161&nbsp;un B6&nbsp;vitam\u012bns&nbsp;veicina&nbsp;norm\u0101lu&nbsp;nervu&nbsp;sist\u0113mas&nbsp;darb\u012bbu.&nbsp;<br>Magnijs&nbsp;un B6&nbsp;vitam\u012bns&nbsp;veicina&nbsp;norm\u0101lu&nbsp;psiholo\u0123isko&nbsp;funkciju.&nbsp;<br>Cinks&nbsp;veicina&nbsp;norm\u0101lu&nbsp;kognit\u012bvo&nbsp;funkciju.&nbsp;<br>Magnijs un D vitam\u012bns veicina norm\u0101lu musku\u013cu darb\u012bbu.&nbsp;<br>Magnijs veicina elektrol\u012btu l\u012bdzsvaru.&nbsp;<\/p>\n\n\n<div role=\"tabpanel\" class=\"wp-block-ub-tabbed-content-tab-content-wrap ub-hide\"\n        id=\"ub-tabbed-content--panel-0\" aria-labelledby=\"ub-tabbed-content--tab-0\" tabindex=\"0\">\n\n<p><a href=\"https:\/\/nordicmed.natural.pl\/?page_id=326\">Preview in new tab(opens in a new tab)<\/a><\/p>\n\n\n\n<p>reviews<\/p>\n\n<\/div>\n\n<div role=\"tabpanel\" class=\"wp-block-ub-tabbed-content-tab-content-wrap ub-hide\"\n        id=\"ub-tabbed-content--panel-1\" aria-labelledby=\"ub-tabbed-content--tab-1\" tabindex=\"0\">\n\n<p><\/p>\n\n<\/div>\n\n<div role=\"tabpanel\" class=\"wp-block-ub-tabbed-content-tab-content-wrap ub-hide\"\n        id=\"ub-tabbed-content--panel-2\" aria-labelledby=\"ub-tabbed-content--tab-2\" tabindex=\"0\">\n\n<p><\/p>\n\n<\/div>\n\n<div class=\"wp-block-ub-tabbed-content-block wp-block-ub-tabbed-content wp-block-ub-tabbed-content-holder wp-block-ub-tabbed-content-horizontal-holder-mobile wp-block-ub-tabbed-content-horizontal-holder-tablet\" id=\"ub-tabbed-content-90ba2973-9c96-4e54-a29a-2c73d96ddb3c\">\n\t\t\t<div class=\"wp-block-ub-tabbed-content-tab-holder horizontal-tab-width-mobile horizontal-tab-width-tablet\">\n\t\t\t\t<div role=\"tablist\" class=\"wp-block-ub-tabbed-content-tabs-title wp-block-ub-tabbed-content-tabs-title-mobile-horizontal-tab wp-block-ub-tabbed-content-tabs-title-tablet-horizontal-tab\"><div role=\"tab\" id=\"ub-tabbed-content-90ba2973-9c96-4e54-a29a-2c73d96ddb3c-tab-0\" aria-controls=\"ub-tabbed-content-90ba2973-9c96-4e54-a29a-2c73d96ddb3c-panel-0\" aria-selected=\"true\" class=\"wp-block-ub-tabbed-content-tab-title-wrap active\" style=\"\" tabindex=\"-1\">\n\t\t\t\t<div class=\"wp-block-ub-tabbed-content-tab-title\">Inform\u0101cija par uzturviel\u0101m<\/div>\n\t\t\t<\/div><\/div>\n\t\t\t<\/div>\n\t\t\t<div class=\"wp-block-ub-tabbed-content-tabs-content\" style=\"\"><div role=\"tabpanel\" class=\"wp-block-ub-tabbed-content-tab-content-wrap active\"\n        id=\"ub-tabbed-content-90ba2973-9c96-4e54-a29a-2c73d96ddb3c-panel-0\" aria-labelledby=\"ub-tabbed-content-90ba2973-9c96-4e54-a29a-2c73d96ddb3c-tab-0\" tabindex=\"0\">\n\n<p>Magnezium&nbsp;B6+&nbsp;<\/p>\n\n\n\n<p>Ieteicam\u0101&nbsp;diennakts&nbsp;deva&nbsp;satur:&nbsp;<\/p>\n\n\n\n<figure class=\"wp-block-table is-style-borders\"><table class=\"has-fixed-layout\"><thead><tr><th><strong>Sast\u0101vs<\/strong><\/th><th><strong>2 tablete<\/strong>s<\/th><th>NRV *<\/th><\/tr><\/thead><tbody><tr><td>Magnijs<\/td><td>300 mg<\/td><td>80<\/td><\/tr><tr><td>Cinks<\/td><td>10 mg<\/td><td>100<\/td><\/tr><tr><td>D vitamins<\/td><td>10 \u03bcg <\/td><td>200<\/td><\/tr><tr><td>Var\u0161<\/td><td>1 mg<\/td><td>100<\/td><\/tr><tr><td>B6 vitamins<\/td><td>1.4 mg<\/td><td>100<\/td><\/tr><\/tbody><\/table><\/figure>\n\n\n\n<p>* Ieteicam\u0101 uzturv\u0113rt\u012bba % (NRV)<\/p>\n\n\n\n<p><strong>Sast\u0101vs<\/strong>:&nbsp;magnija&nbsp;hidroks\u012bds,&nbsp;inul\u012bns,&nbsp;biezin\u0101t\u0101ji&nbsp;(celuloze,&nbsp;tauksk\u0101bju&nbsp;magnija&nbsp;s\u0101\u013ci,&nbsp;\u0161\u0137\u0113rs\u0161\u016bt\u0101s&nbsp;karboksimetilcelulozes&nbsp;n\u0101trija&nbsp;s\u0101ls),&nbsp;pretsalipes&nbsp;viela&nbsp;(kalcija&nbsp;fosf\u0101ti),&nbsp;cinka&nbsp;oks\u012bds,&nbsp;holekalciferols,&nbsp;vara&nbsp;sulf\u0101ts,&nbsp;piridoks\u012bna&nbsp;hidrohlor\u012bds,&nbsp;glaz\u0113t\u0101jviela, (hidroksipropilmetilceluloze).&nbsp;<\/p>\n\n\n\n<p><strong>Ieteicama&nbsp;produkta&nbsp;diennakts&nbsp;deva<\/strong>:&nbsp;2&nbsp;tabletes&nbsp;dien\u0101.&nbsp;<\/p>\n\n\n\n<p><strong>Neto&nbsp;daudzums<\/strong>: 162 g&nbsp;(360&nbsp;tabletes&nbsp;450 mg&nbsp;katra)&nbsp;<\/p>\n\n\n\n<p><strong>Uzman\u012bbu:<\/strong>&nbsp;nep\u0101rsniegt ieteicamo diennakts devu. Uztura bag\u0101tin\u0101t\u0101js neizst\u0101j pilnv\u0113rt\u012bgu un sabalans\u0113tu uzturu.&nbsp;Neizmantot uztura bag\u0101tin\u0101t\u0101ju pilnv\u0113rt\u012bga un sabalans\u0113ta uztura aizvieto\u0161anai.&nbsp;<\/p>\n\n\n\n<p><strong>Lieto\u0161ana:<\/strong>&nbsp;Produkta m\u0113r\u0137is ir pal\u012bdz\u0113t mazin\u0101t stresu un nogurumu (magnijs) un p\u0101rvald\u012bt ikdienas stresu.&nbsp;<\/p>\n\n\n\n<p><strong>Der\u012bguma termi\u0146\u0161<\/strong>: l\u012bdz datumam, kas nor\u0101d\u012bts uz iepakojuma&nbsp;<\/p>\n\n\n\n<p><strong>Ra\u017eo\u0161anas s\u0113rija<\/strong>: nor\u0101d\u012bta uz iepakojuma&nbsp;<\/p>\n\n\n\n<p><strong>Uzglab\u0101\u0161ana:<\/strong>&nbsp;maks. 25\u00b0C, sarg\u0101t no gaismas un mitruma&nbsp;<\/p>\n\n\n\n<p><strong>Ra\u017eots Norv\u0113\u0123ij\u0101, Pharmatech AS priek\u0161<\/strong>&nbsp;<br>Natural Pharmaceuticals Sp. z o.o.&nbsp;<\/p>\n\n\n\n<p><strong>Izplat\u012bt\u0101js:<\/strong>&nbsp;Natural Pharmaceuticals Sp. z o.o.&nbsp;<br>Domaniewska 28, 02-672 Var\u0161ava, Polija&nbsp;<\/p>\n\n\n\n<p><\/p>\n\n<\/div><\/div>\n\t\t<\/div>\n\n\n<figure class=\"wp-block-image alignfull size-full\"><img loading=\"lazy\" decoding=\"async\" width=\"1520\" height=\"500\" src=\"https:\/\/naturalpharmaceuticals.eu\/wp-content\/uploads\/sites\/2\/2021\/03\/Natural_Pharmaceuticals_MagneziumB6_IMG_9830_magnezium_a.jpg\" alt=\"\" class=\"wp-image-2678\" srcset=\"https:\/\/naturalpharmaceuticals.eu\/wp-content\/uploads\/sites\/2\/2021\/03\/Natural_Pharmaceuticals_MagneziumB6_IMG_9830_magnezium_a.jpg 1520w, https:\/\/naturalpharmaceuticals.eu\/wp-content\/uploads\/sites\/2\/2021\/03\/Natural_Pharmaceuticals_MagneziumB6_IMG_9830_magnezium_a-300x99.jpg 300w, https:\/\/naturalpharmaceuticals.eu\/wp-content\/uploads\/sites\/2\/2021\/03\/Natural_Pharmaceuticals_MagneziumB6_IMG_9830_magnezium_a-1024x337.jpg 1024w, https:\/\/naturalpharmaceuticals.eu\/wp-content\/uploads\/sites\/2\/2021\/03\/Natural_Pharmaceuticals_MagneziumB6_IMG_9830_magnezium_a-768x253.jpg 768w\" sizes=\"auto, (max-width: 1520px) 100vw, 1520px\" \/><\/figure>\n","protected":false},"excerpt":{"rendered":"<p>Magnezium B6+ Magnezium B6+\u00a0 galveno sast\u0101vda\u013cu loma cilv\u0113ka organism\u0101 ir pozit\u012bvi nov\u0113rt\u0113ta Eiropas P\u0101rtikas nekait\u012bguma iest\u0101des (EFSA) izdotaj\u0101s vesel\u012bguma nor\u0101d\u0113s: Magnijs&nbsp;un B6&nbsp;vitam\u012bns&nbsp;pal\u012bdz samazin\u0101t nogurumu un nesp\u0113ku.Magnijs,&nbsp;var\u0161&nbsp;un B6&nbsp;vitam\u012bns&nbsp;veicina&nbsp;norm\u0101lu&nbsp;nervu&nbsp;sist\u0113mas&nbsp;darb\u012bbu.&nbsp;Magnijs&nbsp;un B6&nbsp;vitam\u012bns&nbsp;veicina&nbsp;norm\u0101lu&nbsp;psiholo\u0123isko&nbsp;funkciju.&nbsp;Cinks&nbsp;veicina&nbsp;norm\u0101lu&nbsp;kognit\u012bvo&nbsp;funkciju.&nbsp;Magnijs un D vitam\u012bns veicina norm\u0101lu musku\u013cu darb\u012bbu.&nbsp;Magnijs veicina elektrol\u012btu l\u012bdzsvaru.&nbsp;<\/p>\n","protected":false},"author":1,"featured_media":4757,"parent":4735,"menu_order":0,"comment_status":"closed","ping_status":"closed","template":"templates\/grid-full-width-page.php","meta":{"ub_ctt_via":"","footnotes":""},"class_list":["post-4863","page","type-page","status-publish","has-post-thumbnail","hentry"],"featured_image_src":"https:\/\/naturalpharmaceuticals.eu\/wp-content\/uploads\/sites\/2\/2020\/12\/PL_banner_760x300_v2_16_Natural_Pharmaceuticals_Magnezium_B6_plus.jpg","yoast_head":"<!-- This site is optimized with the Yoast SEO plugin v24.4 - https:\/\/yoast.com\/wordpress\/plugins\/seo\/ -->\n<title>Magnezium B6+ - Natural Pharmaceuticals<\/title>\n<meta name=\"robots\" content=\"index, follow, max-snippet:-1, max-image-preview:large, max-video-preview:-1\" \/>\n<link rel=\"canonical\" href=\"https:\/\/naturalpharmaceuticals.eu\/lv\/musu-produkti\/magnezium-b6\/\" \/>\n<meta property=\"og:locale\" content=\"lv_LV\" \/>\n<meta property=\"og:type\" content=\"article\" \/>\n<meta property=\"og:title\" content=\"Magnezium B6+ - Natural Pharmaceuticals\" \/>\n<meta property=\"og:description\" content=\"Magnezium B6+ Magnezium B6+\u00a0 galveno sast\u0101vda\u013cu loma cilv\u0113ka organism\u0101 ir pozit\u012bvi nov\u0113rt\u0113ta Eiropas P\u0101rtikas nekait\u012bguma iest\u0101des (EFSA) izdotaj\u0101s vesel\u012bguma nor\u0101d\u0113s: Magnijs&nbsp;un B6&nbsp;vitam\u012bns&nbsp;pal\u012bdz samazin\u0101t nogurumu un nesp\u0113ku.Magnijs,&nbsp;var\u0161&nbsp;un B6&nbsp;vitam\u012bns&nbsp;veicina&nbsp;norm\u0101lu&nbsp;nervu&nbsp;sist\u0113mas&nbsp;darb\u012bbu.&nbsp;Magnijs&nbsp;un B6&nbsp;vitam\u012bns&nbsp;veicina&nbsp;norm\u0101lu&nbsp;psiholo\u0123isko&nbsp;funkciju.&nbsp;Cinks&nbsp;veicina&nbsp;norm\u0101lu&nbsp;kognit\u012bvo&nbsp;funkciju.&nbsp;Magnijs un D vitam\u012bns veicina norm\u0101lu musku\u013cu darb\u012bbu.&nbsp;Magnijs veicina elektrol\u012btu l\u012bdzsvaru.&nbsp;\" \/>\n<meta property=\"og:url\" content=\"https:\/\/naturalpharmaceuticals.eu\/lv\/musu-produkti\/magnezium-b6\/\" \/>\n<meta property=\"og:site_name\" content=\"Natural Pharmaceuticals\" \/>\n<meta property=\"article:modified_time\" content=\"2024-04-10T10:22:44+00:00\" \/>\n<meta property=\"og:image\" content=\"https:\/\/naturalpharmaceuticals.eu\/wp-content\/uploads\/sites\/2\/2020\/12\/PL_banner_760x300_v2_16_Natural_Pharmaceuticals_Magnezium_B6_plus.jpg\" \/>\n\t<meta property=\"og:image:width\" content=\"760\" \/>\n\t<meta property=\"og:image:height\" content=\"300\" \/>\n\t<meta property=\"og:image:type\" content=\"image\/jpeg\" \/>\n<meta name=\"twitter:card\" content=\"summary_large_image\" \/>\n<meta name=\"twitter:label1\" content=\"Est. reading time\" \/>\n\t<meta name=\"twitter:data1\" content=\"2 minutes\" \/>\n<script type=\"application\/ld+json\" class=\"yoast-schema-graph\">{\"@context\":\"https:\/\/schema.org\",\"@graph\":[{\"@type\":\"WebPage\",\"@id\":\"https:\/\/naturalpharmaceuticals.eu\/lv\/musu-produkti\/magnezium-b6\/\",\"url\":\"https:\/\/naturalpharmaceuticals.eu\/lv\/musu-produkti\/magnezium-b6\/\",\"name\":\"Magnezium B6+ - Natural Pharmaceuticals\",\"isPartOf\":{\"@id\":\"https:\/\/naturalpharmaceuticals.eu\/lv\/#website\"},\"primaryImageOfPage\":{\"@id\":\"https:\/\/naturalpharmaceuticals.eu\/lv\/musu-produkti\/magnezium-b6\/#primaryimage\"},\"image\":{\"@id\":\"https:\/\/naturalpharmaceuticals.eu\/lv\/musu-produkti\/magnezium-b6\/#primaryimage\"},\"thumbnailUrl\":\"https:\/\/naturalpharmaceuticals.eu\/wp-content\/uploads\/sites\/2\/2020\/12\/PL_banner_760x300_v2_16_Natural_Pharmaceuticals_Magnezium_B6_plus.jpg\",\"datePublished\":\"2021-05-25T14:37:40+00:00\",\"dateModified\":\"2024-04-10T10:22:44+00:00\",\"breadcrumb\":{\"@id\":\"https:\/\/naturalpharmaceuticals.eu\/lv\/musu-produkti\/magnezium-b6\/#breadcrumb\"},\"inLanguage\":\"lv-LV\",\"potentialAction\":[{\"@type\":\"ReadAction\",\"target\":[\"https:\/\/naturalpharmaceuticals.eu\/lv\/musu-produkti\/magnezium-b6\/\"]}]},{\"@type\":\"ImageObject\",\"inLanguage\":\"lv-LV\",\"@id\":\"https:\/\/naturalpharmaceuticals.eu\/lv\/musu-produkti\/magnezium-b6\/#primaryimage\",\"url\":\"https:\/\/naturalpharmaceuticals.eu\/wp-content\/uploads\/sites\/2\/2020\/12\/PL_banner_760x300_v2_16_Natural_Pharmaceuticals_Magnezium_B6_plus.jpg\",\"contentUrl\":\"https:\/\/naturalpharmaceuticals.eu\/wp-content\/uploads\/sites\/2\/2020\/12\/PL_banner_760x300_v2_16_Natural_Pharmaceuticals_Magnezium_B6_plus.jpg\",\"width\":760,\"height\":300},{\"@type\":\"BreadcrumbList\",\"@id\":\"https:\/\/naturalpharmaceuticals.eu\/lv\/musu-produkti\/magnezium-b6\/#breadcrumb\",\"itemListElement\":[{\"@type\":\"ListItem\",\"position\":1,\"name\":\"Home\",\"item\":\"https:\/\/naturalpharmaceuticals.eu\/lv\/\"},{\"@type\":\"ListItem\",\"position\":2,\"name\":\"M\u016bsu produkti\",\"item\":\"https:\/\/naturalpharmaceuticals.eu\/lv\/musu-produkti\/\"},{\"@type\":\"ListItem\",\"position\":3,\"name\":\"Magnezium B6+\"}]},{\"@type\":\"WebSite\",\"@id\":\"https:\/\/naturalpharmaceuticals.eu\/lv\/#website\",\"url\":\"https:\/\/naturalpharmaceuticals.eu\/lv\/\",\"name\":\"Natural Pharmaceuticals\",\"description\":\"\",\"publisher\":{\"@id\":\"https:\/\/naturalpharmaceuticals.eu\/lv\/#organization\"},\"potentialAction\":[{\"@type\":\"SearchAction\",\"target\":{\"@type\":\"EntryPoint\",\"urlTemplate\":\"https:\/\/naturalpharmaceuticals.eu\/lv\/?s={search_term_string}\"},\"query-input\":{\"@type\":\"PropertyValueSpecification\",\"valueRequired\":true,\"valueName\":\"search_term_string\"}}],\"inLanguage\":\"lv-LV\"},{\"@type\":\"Organization\",\"@id\":\"https:\/\/naturalpharmaceuticals.eu\/lv\/#organization\",\"name\":\"Natural Pharmaceuticals\",\"url\":\"https:\/\/naturalpharmaceuticals.eu\/lv\/\",\"logo\":{\"@type\":\"ImageObject\",\"inLanguage\":\"lv-LV\",\"@id\":\"https:\/\/naturalpharmaceuticals.eu\/lv\/#\/schema\/logo\/image\/\",\"url\":\"https:\/\/naturalpharmaceuticals.eu\/wp-content\/uploads\/sites\/2\/2020\/11\/cropped-natural-pharmaceuticals-logo.png\",\"contentUrl\":\"https:\/\/naturalpharmaceuticals.eu\/wp-content\/uploads\/sites\/2\/2020\/11\/cropped-natural-pharmaceuticals-logo.png\",\"width\":900,\"height\":323,\"caption\":\"Natural Pharmaceuticals\"},\"image\":{\"@id\":\"https:\/\/naturalpharmaceuticals.eu\/lv\/#\/schema\/logo\/image\/\"}}]}<\/script>\n<!-- \/ Yoast SEO plugin. -->","yoast_head_json":{"title":"Magnezium B6+ - Natural Pharmaceuticals","robots":{"index":"index","follow":"follow","max-snippet":"max-snippet:-1","max-image-preview":"max-image-preview:large","max-video-preview":"max-video-preview:-1"},"canonical":"https:\/\/naturalpharmaceuticals.eu\/lv\/musu-produkti\/magnezium-b6\/","og_locale":"lv_LV","og_type":"article","og_title":"Magnezium B6+ - Natural Pharmaceuticals","og_description":"Magnezium B6+ Magnezium B6+\u00a0 galveno sast\u0101vda\u013cu loma cilv\u0113ka organism\u0101 ir pozit\u012bvi nov\u0113rt\u0113ta Eiropas P\u0101rtikas nekait\u012bguma iest\u0101des (EFSA) izdotaj\u0101s vesel\u012bguma nor\u0101d\u0113s: Magnijs&nbsp;un B6&nbsp;vitam\u012bns&nbsp;pal\u012bdz samazin\u0101t nogurumu un nesp\u0113ku.Magnijs,&nbsp;var\u0161&nbsp;un B6&nbsp;vitam\u012bns&nbsp;veicina&nbsp;norm\u0101lu&nbsp;nervu&nbsp;sist\u0113mas&nbsp;darb\u012bbu.&nbsp;Magnijs&nbsp;un B6&nbsp;vitam\u012bns&nbsp;veicina&nbsp;norm\u0101lu&nbsp;psiholo\u0123isko&nbsp;funkciju.&nbsp;Cinks&nbsp;veicina&nbsp;norm\u0101lu&nbsp;kognit\u012bvo&nbsp;funkciju.&nbsp;Magnijs un D vitam\u012bns veicina norm\u0101lu musku\u013cu darb\u012bbu.&nbsp;Magnijs veicina elektrol\u012btu l\u012bdzsvaru.&nbsp;","og_url":"https:\/\/naturalpharmaceuticals.eu\/lv\/musu-produkti\/magnezium-b6\/","og_site_name":"Natural Pharmaceuticals","article_modified_time":"2024-04-10T10:22:44+00:00","og_image":[{"width":760,"height":300,"url":"https:\/\/naturalpharmaceuticals.eu\/wp-content\/uploads\/sites\/2\/2020\/12\/PL_banner_760x300_v2_16_Natural_Pharmaceuticals_Magnezium_B6_plus.jpg","type":"image\/jpeg"}],"twitter_card":"summary_large_image","twitter_misc":{"Est. reading time":"2 minutes"},"schema":{"@context":"https:\/\/schema.org","@graph":[{"@type":"WebPage","@id":"https:\/\/naturalpharmaceuticals.eu\/lv\/musu-produkti\/magnezium-b6\/","url":"https:\/\/naturalpharmaceuticals.eu\/lv\/musu-produkti\/magnezium-b6\/","name":"Magnezium B6+ - Natural Pharmaceuticals","isPartOf":{"@id":"https:\/\/naturalpharmaceuticals.eu\/lv\/#website"},"primaryImageOfPage":{"@id":"https:\/\/naturalpharmaceuticals.eu\/lv\/musu-produkti\/magnezium-b6\/#primaryimage"},"image":{"@id":"https:\/\/naturalpharmaceuticals.eu\/lv\/musu-produkti\/magnezium-b6\/#primaryimage"},"thumbnailUrl":"https:\/\/naturalpharmaceuticals.eu\/wp-content\/uploads\/sites\/2\/2020\/12\/PL_banner_760x300_v2_16_Natural_Pharmaceuticals_Magnezium_B6_plus.jpg","datePublished":"2021-05-25T14:37:40+00:00","dateModified":"2024-04-10T10:22:44+00:00","breadcrumb":{"@id":"https:\/\/naturalpharmaceuticals.eu\/lv\/musu-produkti\/magnezium-b6\/#breadcrumb"},"inLanguage":"lv-LV","potentialAction":[{"@type":"ReadAction","target":["https:\/\/naturalpharmaceuticals.eu\/lv\/musu-produkti\/magnezium-b6\/"]}]},{"@type":"ImageObject","inLanguage":"lv-LV","@id":"https:\/\/naturalpharmaceuticals.eu\/lv\/musu-produkti\/magnezium-b6\/#primaryimage","url":"https:\/\/naturalpharmaceuticals.eu\/wp-content\/uploads\/sites\/2\/2020\/12\/PL_banner_760x300_v2_16_Natural_Pharmaceuticals_Magnezium_B6_plus.jpg","contentUrl":"https:\/\/naturalpharmaceuticals.eu\/wp-content\/uploads\/sites\/2\/2020\/12\/PL_banner_760x300_v2_16_Natural_Pharmaceuticals_Magnezium_B6_plus.jpg","width":760,"height":300},{"@type":"BreadcrumbList","@id":"https:\/\/naturalpharmaceuticals.eu\/lv\/musu-produkti\/magnezium-b6\/#breadcrumb","itemListElement":[{"@type":"ListItem","position":1,"name":"Home","item":"https:\/\/naturalpharmaceuticals.eu\/lv\/"},{"@type":"ListItem","position":2,"name":"M\u016bsu produkti","item":"https:\/\/naturalpharmaceuticals.eu\/lv\/musu-produkti\/"},{"@type":"ListItem","position":3,"name":"Magnezium B6+"}]},{"@type":"WebSite","@id":"https:\/\/naturalpharmaceuticals.eu\/lv\/#website","url":"https:\/\/naturalpharmaceuticals.eu\/lv\/","name":"Natural Pharmaceuticals","description":"","publisher":{"@id":"https:\/\/naturalpharmaceuticals.eu\/lv\/#organization"},"potentialAction":[{"@type":"SearchAction","target":{"@type":"EntryPoint","urlTemplate":"https:\/\/naturalpharmaceuticals.eu\/lv\/?s={search_term_string}"},"query-input":{"@type":"PropertyValueSpecification","valueRequired":true,"valueName":"search_term_string"}}],"inLanguage":"lv-LV"},{"@type":"Organization","@id":"https:\/\/naturalpharmaceuticals.eu\/lv\/#organization","name":"Natural Pharmaceuticals","url":"https:\/\/naturalpharmaceuticals.eu\/lv\/","logo":{"@type":"ImageObject","inLanguage":"lv-LV","@id":"https:\/\/naturalpharmaceuticals.eu\/lv\/#\/schema\/logo\/image\/","url":"https:\/\/naturalpharmaceuticals.eu\/wp-content\/uploads\/sites\/2\/2020\/11\/cropped-natural-pharmaceuticals-logo.png","contentUrl":"https:\/\/naturalpharmaceuticals.eu\/wp-content\/uploads\/sites\/2\/2020\/11\/cropped-natural-pharmaceuticals-logo.png","width":900,"height":323,"caption":"Natural Pharmaceuticals"},"image":{"@id":"https:\/\/naturalpharmaceuticals.eu\/lv\/#\/schema\/logo\/image\/"}}]}},"jetpack_sharing_enabled":true,"_links":{"self":[{"href":"https:\/\/naturalpharmaceuticals.eu\/lv\/wp-json\/wp\/v2\/pages\/4863","targetHints":{"allow":["GET"]}}],"collection":[{"href":"https:\/\/naturalpharmaceuticals.eu\/lv\/wp-json\/wp\/v2\/pages"}],"about":[{"href":"https:\/\/naturalpharmaceuticals.eu\/lv\/wp-json\/wp\/v2\/types\/page"}],"author":[{"embeddable":true,"href":"https:\/\/naturalpharmaceuticals.eu\/lv\/wp-json\/wp\/v2\/users\/1"}],"replies":[{"embeddable":true,"href":"https:\/\/naturalpharmaceuticals.eu\/lv\/wp-json\/wp\/v2\/comments?post=4863"}],"version-history":[{"count":4,"href":"https:\/\/naturalpharmaceuticals.eu\/lv\/wp-json\/wp\/v2\/pages\/4863\/revisions"}],"predecessor-version":[{"id":24716,"href":"https:\/\/naturalpharmaceuticals.eu\/lv\/wp-json\/wp\/v2\/pages\/4863\/revisions\/24716"}],"up":[{"embeddable":true,"href":"https:\/\/naturalpharmaceuticals.eu\/lv\/wp-json\/wp\/v2\/pages\/4735"}],"wp:featuredmedia":[{"embeddable":true,"href":"https:\/\/naturalpharmaceuticals.eu\/lv\/wp-json\/wp\/v2\/media\/4757"}],"wp:attachment":[{"href":"https:\/\/naturalpharmaceuticals.eu\/lv\/wp-json\/wp\/v2\/media?parent=4863"}],"curies":[{"name":"wp","href":"https:\/\/api.w.org\/{rel}","templated":true}]}}