{"id":4894,"date":"2021-05-26T10:21:06","date_gmt":"2021-05-26T10:21:06","guid":{"rendered":"https:\/\/naturalpharmaceuticals.eu\/?page_id=4894"},"modified":"2024-04-10T10:17:51","modified_gmt":"2024-04-10T10:17:51","slug":"proletto-plus","status":"publish","type":"page","link":"https:\/\/naturalpharmaceuticals.eu\/lv\/musu-produkti\/proletto-plus\/","title":{"rendered":"ProLetto Plus"},"content":{"rendered":"\n<div class=\"wp-block-group\"><div class=\"wp-block-group__inner-container is-layout-flow wp-block-group-is-layout-flow\">\n<div class=\"wp-block-columns is-layout-flex wp-container-core-columns-is-layout-1 wp-block-columns-is-layout-flex\">\n<div class=\"wp-block-column is-layout-flow wp-block-column-is-layout-flow\">\n<figure class=\"wp-block-image size-large sticky\"><img loading=\"lazy\" decoding=\"async\" width=\"1024\" height=\"820\" src=\"https:\/\/naturalpharmaceuticals.eu\/wp-content\/uploads\/sites\/2\/2021\/05\/PT_30_HR-1024x820.png\" alt=\"\" class=\"wp-image-4900\" srcset=\"https:\/\/naturalpharmaceuticals.eu\/wp-content\/uploads\/sites\/2\/2021\/05\/PT_30_HR-1024x820.png 1024w, https:\/\/naturalpharmaceuticals.eu\/wp-content\/uploads\/sites\/2\/2021\/05\/PT_30_HR-300x240.png 300w, https:\/\/naturalpharmaceuticals.eu\/wp-content\/uploads\/sites\/2\/2021\/05\/PT_30_HR-768x615.png 768w, https:\/\/naturalpharmaceuticals.eu\/wp-content\/uploads\/sites\/2\/2021\/05\/PT_30_HR-1536x1230.png 1536w, https:\/\/naturalpharmaceuticals.eu\/wp-content\/uploads\/sites\/2\/2021\/05\/PT_30_HR.png 1772w\" sizes=\"auto, (max-width: 1024px) 100vw, 1024px\" \/><\/figure>\n<\/div>\n\n\n\n<div class=\"wp-block-column product-info-frame is-layout-flow wp-block-column-is-layout-flow\">\n<p style=\"font-size:18px\"><strong>ProLetto Plus<\/strong><\/p>\n\n\n\n<ul class=\"wp-block-list\">\n<li>Akt\u012bv\u0101s sast\u0101vda\u013cas ar dokument\u0113tu efektu&nbsp;<\/li>\n\n\n\n<li>Uzturiet vesel\u012bgu prostatas un ur\u012bnce\u013cu darb\u012bbu&nbsp;<\/li>\n\n\n\n<li>1 tablete dien\u0101&nbsp;<\/li>\n\n\n\n<li>Ieteicams v\u012brie\u0161iem virs piecdesmit&nbsp;<\/li>\n<\/ul>\n\n\n\n<p><\/p>\n<\/div>\n<\/div>\n<\/div><\/div>\n\n\n\n<div class=\"packshot-bg-wrapper\"><div class=\"full-width-inside-container packshot-bg packshot-bg-pr\"><\/div><\/div>\n\n\n\n<p>Proletto Plus\u00a0 galveno sast\u0101vda\u013cu loma cilv\u0113ka organism\u0101 ir pozit\u012bvi nov\u0113rt\u0113ta Eiropas P\u0101rtikas nekait\u012bguma iest\u0101des (EFSA) izdotaj\u0101s vesel\u012bguma nor\u0101d\u0113s:<\/p>\n\n\n\n<p>Sel\u0113ns veicina norm\u0101lu&nbsp;spermato\u0123en\u0113zi.&nbsp;<br>Sel\u0113ns veicina norm\u0101lu im\u016bnsist\u0113mas darb\u012bbu.&nbsp;<br>Sel\u0113ns veicina norm\u0101lu vairogdziedzera darb\u012bbu.&nbsp;<br>Cinks veicina norm\u0101lu augl\u012bbu un reprodukciju;&nbsp;<br>Cinks pal\u012bdz nodro\u0161in\u0101t norm\u0101lu tauksk\u0101bju vielmai\u0146u, kas pal\u012bdz&nbsp;uztur\u0113t norm\u0101lu testosterona l\u012bmeni asin\u012bs.&nbsp;<\/p>\n\n\n<div role=\"tabpanel\" class=\"wp-block-ub-tabbed-content-tab-content-wrap ub-hide\"\n        id=\"ub-tabbed-content--panel-0\" aria-labelledby=\"ub-tabbed-content--tab-0\" tabindex=\"0\">\n\n<p><a href=\"https:\/\/nordicmed.natural.pl\/?page_id=326\">Preview in new tab(opens in a new tab)<\/a><\/p>\n\n\n\n<p>reviews<\/p>\n\n<\/div>\n\n<div role=\"tabpanel\" class=\"wp-block-ub-tabbed-content-tab-content-wrap ub-hide\"\n        id=\"ub-tabbed-content--panel-1\" aria-labelledby=\"ub-tabbed-content--tab-1\" tabindex=\"0\">\n\n<p><\/p>\n\n<\/div>\n\n<div role=\"tabpanel\" class=\"wp-block-ub-tabbed-content-tab-content-wrap ub-hide\"\n        id=\"ub-tabbed-content--panel-2\" aria-labelledby=\"ub-tabbed-content--tab-2\" tabindex=\"0\">\n\n<p><\/p>\n\n<\/div>\n\n<div class=\"wp-block-ub-tabbed-content-block wp-block-ub-tabbed-content wp-block-ub-tabbed-content-holder wp-block-ub-tabbed-content-horizontal-holder-mobile wp-block-ub-tabbed-content-horizontal-holder-tablet\" id=\"ub-tabbed-content-78852c1c-a798-4dbd-8623-61a88ad3370a\">\n\t\t\t<div class=\"wp-block-ub-tabbed-content-tab-holder horizontal-tab-width-mobile horizontal-tab-width-tablet\">\n\t\t\t\t<div role=\"tablist\" class=\"wp-block-ub-tabbed-content-tabs-title wp-block-ub-tabbed-content-tabs-title-mobile-horizontal-tab wp-block-ub-tabbed-content-tabs-title-tablet-horizontal-tab\"><div role=\"tab\" id=\"ub-tabbed-content-78852c1c-a798-4dbd-8623-61a88ad3370a-tab-0\" aria-controls=\"ub-tabbed-content-78852c1c-a798-4dbd-8623-61a88ad3370a-panel-0\" aria-selected=\"true\" class=\"wp-block-ub-tabbed-content-tab-title-wrap active\" style=\"\" tabindex=\"-1\">\n\t\t\t\t<div class=\"wp-block-ub-tabbed-content-tab-title\">Inform\u0101cija par uzturviel\u0101m<\/div>\n\t\t\t<\/div><\/div>\n\t\t\t<\/div>\n\t\t\t<div class=\"wp-block-ub-tabbed-content-tabs-content\" style=\"\"><div role=\"tabpanel\" class=\"wp-block-ub-tabbed-content-tab-content-wrap active\"\n        id=\"ub-tabbed-content-78852c1c-a798-4dbd-8623-61a88ad3370a-panel-0\" aria-labelledby=\"ub-tabbed-content-78852c1c-a798-4dbd-8623-61a88ad3370a-tab-0\" tabindex=\"0\">\n\n<p>ProLetto Plus<\/p>\n\n\n\n<p>Ieteicam\u0101&nbsp;diennakts&nbsp;deva&nbsp;satur:&nbsp;<\/p>\n\n\n\n<figure class=\"wp-block-table is-style-borders\"><table><tbody><tr><th>Sast\u0101vs<\/th><th>1 tabletes saturs<\/th><th>NRV *<\/th><\/tr><tr><td>Z\u0101\u0123zobain\u0101s&nbsp;sabalpalmas&nbsp;(Serenoa&nbsp;repens)&nbsp;aug\u013cu&nbsp;ekstrakts&nbsp;4:1<\/td><td>160,0 mg<\/td><td>&#8211;<\/td><\/tr><tr><td>Inul\u012bns&nbsp;(ieg\u016bts&nbsp;no&nbsp;parast\u0101&nbsp;cigori\u0146a&nbsp;(Cichorium intybus L.)&nbsp;saknes)&nbsp;<\/td><td>112,0 mg<\/td><td>&#8211;<\/td><\/tr><tr><td>Cinks&nbsp;(cinka&nbsp;citr\u0101ts)<\/td><td>12,5 mg<\/td><td>125<\/td><\/tr><tr><td>Likop\u0113ns&nbsp;(ieg\u016bts&nbsp;no&nbsp;tom\u0101ta&nbsp;(Lycopersicon esculentum)&nbsp;aug\u013ciem)<\/td><td>2,0 mg<\/td><td>&#8211;<\/td><\/tr><tr><td>Sel\u0113ns&nbsp;(n\u0101trija&nbsp;selen\u012bts)<\/td><td>50,0 \u03bcg<\/td><td>90<\/td><\/tr><\/tbody><\/table><\/figure>\n\n\n\n<p>* Ieteicam\u0101 uzturv\u0113rt\u012bba % (NRV)<\/p>\n\n\n\n<p><strong>Sast\u0101vs:<\/strong>&nbsp;z\u0101\u0123zobain\u0101s sabalpalmas (Serenoa repens) aug\u013cu ekstrakts 4:1, inul\u012bns, mikrokrist\u0101lisk\u0101 celuloze (biezin\u0101t\u0101js (E 460)), cinka citr\u0101ts, tom\u0101tu aug\u013ca (Lycopersicon esculentum) ekstrakts, sil\u012bcija dioks\u012bds (pretsalipes viela (E 551)), tauksk\u0101bju magnija s\u0101\u013ci (stabiliz\u0113t\u0101js (E 470b)), n\u0101trija selen\u012bts, trikalcija fosf\u0101ts (stabiliz\u0113t\u0101js (E 341)), HPMC (hidroksipropilmetilceluloze \u2013 stabiliz\u0113t\u0101js (E 464)).&nbsp;<\/p>\n\n\n\n<p>Ieteicam\u0101 diennakts deva: 1 tablete dien\u0101.&nbsp;<\/p>\n\n\n\n<p><strong>Neto<\/strong>: 27 g (60 tabletes pa 450 mg).&nbsp;<\/p>\n\n\n\n<p><strong>Uzman\u012bbu:<\/strong>&nbsp;nep\u0101rsniegt&nbsp;ieteicamo&nbsp;diennakts&nbsp;devu.&nbsp;Uztura&nbsp;bag\u0101tin\u0101t\u0101js&nbsp;neizst\u0101j&nbsp;pilnv\u0113rt\u012bgu&nbsp;un&nbsp;sabalans\u0113tu&nbsp;uzturu.&nbsp;Neizmantot&nbsp;uztura&nbsp;bag\u0101tin\u0101t\u0101ju&nbsp;pilnv\u0113rt\u012bga&nbsp;un&nbsp;sabalans\u0113ta&nbsp;uztura&nbsp;aizvieto\u0161anai.&nbsp;<\/p>\n\n\n\n<p><strong>Lieto\u0161ana:<\/strong>&nbsp;ProLetto&nbsp;Plus&nbsp;sast\u0101vda\u013cas&nbsp;veicina&nbsp;norm\u0101lu&nbsp;augl\u012bbu&nbsp;un&nbsp;reprodukciju&nbsp;(cinks),&nbsp;pal\u012bdz&nbsp;uztur\u0113t&nbsp;norm\u0101lu&nbsp;testosterona&nbsp;l\u012bmeni&nbsp;asin\u012bs&nbsp;(cinks) un&nbsp;veicina&nbsp;norm\u0101lu&nbsp;spermato\u0123en\u0113zi&nbsp;(sel\u0113ns).&nbsp;<\/p>\n\n\n\n<p><strong>Der\u012bguma termi\u0146\u0161<\/strong>: l\u012bdz datumam, kas nor\u0101d\u012bts uz iepakojuma&nbsp;<\/p>\n\n\n\n<p><strong>Ra\u017eo\u0161anas s\u0113rija<\/strong>: nor\u0101d\u012bta uz iepakojuma&nbsp;<\/p>\n\n\n\n<p><strong>Uzglab\u0101\u0161ana:<\/strong>&nbsp;maks. 25\u00b0C, sarg\u0101t no gaismas un mitruma&nbsp;<\/p>\n\n\n\n<p><strong>Ra\u017eots Norv\u0113\u0123ij\u0101, Pharmatech AS priek\u0161<\/strong>&nbsp;<br>Natural Pharmaceuticals Sp. z o.o.&nbsp;<\/p>\n\n\n\n<p><strong>Izplat\u012bt\u0101js:<\/strong>&nbsp;Natural Pharmaceuticals Sp. z o.o.&nbsp;<br>Domaniewska 28, 02-672 Var\u0161ava, Polija&nbsp;<\/p>\n\n\n\n<p><\/p>\n\n<\/div><\/div>\n\t\t<\/div>\n\n\n<figure class=\"wp-block-image alignfull size-full\"><img loading=\"lazy\" decoding=\"async\" width=\"1520\" height=\"500\" src=\"https:\/\/naturalpharmaceuticals.eu\/wp-content\/uploads\/sites\/2\/2021\/05\/IMG_1285_prostaxin_HR.jpg\" alt=\"\" class=\"wp-image-4902\" srcset=\"https:\/\/naturalpharmaceuticals.eu\/wp-content\/uploads\/sites\/2\/2021\/05\/IMG_1285_prostaxin_HR.jpg 1520w, https:\/\/naturalpharmaceuticals.eu\/wp-content\/uploads\/sites\/2\/2021\/05\/IMG_1285_prostaxin_HR-300x99.jpg 300w, https:\/\/naturalpharmaceuticals.eu\/wp-content\/uploads\/sites\/2\/2021\/05\/IMG_1285_prostaxin_HR-1024x337.jpg 1024w, https:\/\/naturalpharmaceuticals.eu\/wp-content\/uploads\/sites\/2\/2021\/05\/IMG_1285_prostaxin_HR-768x253.jpg 768w\" sizes=\"auto, (max-width: 1520px) 100vw, 1520px\" \/><\/figure>\n","protected":false},"excerpt":{"rendered":"<p>ProLetto Plus Proletto Plus\u00a0 galveno sast\u0101vda\u013cu loma cilv\u0113ka organism\u0101 ir pozit\u012bvi nov\u0113rt\u0113ta Eiropas P\u0101rtikas nekait\u012bguma iest\u0101des (EFSA) izdotaj\u0101s vesel\u012bguma nor\u0101d\u0113s: Sel\u0113ns veicina norm\u0101lu&nbsp;spermato\u0123en\u0113zi.&nbsp;Sel\u0113ns veicina norm\u0101lu im\u016bnsist\u0113mas darb\u012bbu.&nbsp;Sel\u0113ns veicina norm\u0101lu vairogdziedzera darb\u012bbu.&nbsp;Cinks veicina norm\u0101lu augl\u012bbu un reprodukciju;&nbsp;Cinks pal\u012bdz nodro\u0161in\u0101t norm\u0101lu tauksk\u0101bju&#x2026; <\/p>\n<p class=\"more-link-container th-uppercase\"><a href=\"https:\/\/naturalpharmaceuticals.eu\/lv\/musu-produkti\/proletto-plus\/\" class=\"more-link\">Read More <span class=\"screen-reader-text\">ProLetto Plus<\/span><\/a><\/p>\n","protected":false},"author":1,"featured_media":4879,"parent":4735,"menu_order":0,"comment_status":"closed","ping_status":"closed","template":"templates\/grid-full-width-page.php","meta":{"ub_ctt_via":"","footnotes":""},"class_list":["post-4894","page","type-page","status-publish","has-post-thumbnail","hentry"],"featured_image_src":"https:\/\/naturalpharmaceuticals.eu\/wp-content\/uploads\/sites\/2\/2021\/05\/HR_banner_760x300_PT.jpg","yoast_head":"<!-- This site is optimized with the Yoast SEO plugin v24.4 - https:\/\/yoast.com\/wordpress\/plugins\/seo\/ -->\n<title>ProLetto Plus - Natural Pharmaceuticals<\/title>\n<meta name=\"robots\" content=\"index, follow, max-snippet:-1, max-image-preview:large, max-video-preview:-1\" \/>\n<link rel=\"canonical\" href=\"https:\/\/naturalpharmaceuticals.eu\/lv\/musu-produkti\/proletto-plus\/\" \/>\n<meta property=\"og:locale\" content=\"lv_LV\" \/>\n<meta property=\"og:type\" content=\"article\" \/>\n<meta property=\"og:title\" content=\"ProLetto Plus - Natural Pharmaceuticals\" \/>\n<meta property=\"og:description\" content=\"ProLetto Plus Proletto Plus\u00a0 galveno sast\u0101vda\u013cu loma cilv\u0113ka organism\u0101 ir pozit\u012bvi nov\u0113rt\u0113ta Eiropas P\u0101rtikas nekait\u012bguma iest\u0101des (EFSA) izdotaj\u0101s vesel\u012bguma nor\u0101d\u0113s: Sel\u0113ns veicina norm\u0101lu&nbsp;spermato\u0123en\u0113zi.&nbsp;Sel\u0113ns veicina norm\u0101lu im\u016bnsist\u0113mas darb\u012bbu.&nbsp;Sel\u0113ns veicina norm\u0101lu vairogdziedzera darb\u012bbu.&nbsp;Cinks veicina norm\u0101lu augl\u012bbu un reprodukciju;&nbsp;Cinks pal\u012bdz nodro\u0161in\u0101t norm\u0101lu tauksk\u0101bju&#x2026; Read More ProLetto Plus\" \/>\n<meta property=\"og:url\" content=\"https:\/\/naturalpharmaceuticals.eu\/lv\/musu-produkti\/proletto-plus\/\" \/>\n<meta property=\"og:site_name\" content=\"Natural Pharmaceuticals\" \/>\n<meta property=\"article:modified_time\" content=\"2024-04-10T10:17:51+00:00\" \/>\n<meta property=\"og:image\" content=\"https:\/\/naturalpharmaceuticals.eu\/wp-content\/uploads\/sites\/2\/2021\/05\/HR_banner_760x300_PT.jpg\" \/>\n\t<meta property=\"og:image:width\" content=\"760\" \/>\n\t<meta property=\"og:image:height\" content=\"300\" \/>\n\t<meta property=\"og:image:type\" content=\"image\/jpeg\" \/>\n<meta name=\"twitter:card\" content=\"summary_large_image\" \/>\n<meta name=\"twitter:label1\" content=\"Est. reading time\" \/>\n\t<meta name=\"twitter:data1\" content=\"2 minutes\" \/>\n<script type=\"application\/ld+json\" class=\"yoast-schema-graph\">{\"@context\":\"https:\/\/schema.org\",\"@graph\":[{\"@type\":\"WebPage\",\"@id\":\"https:\/\/naturalpharmaceuticals.eu\/lv\/musu-produkti\/proletto-plus\/\",\"url\":\"https:\/\/naturalpharmaceuticals.eu\/lv\/musu-produkti\/proletto-plus\/\",\"name\":\"ProLetto Plus - Natural Pharmaceuticals\",\"isPartOf\":{\"@id\":\"https:\/\/naturalpharmaceuticals.eu\/lv\/#website\"},\"primaryImageOfPage\":{\"@id\":\"https:\/\/naturalpharmaceuticals.eu\/lv\/musu-produkti\/proletto-plus\/#primaryimage\"},\"image\":{\"@id\":\"https:\/\/naturalpharmaceuticals.eu\/lv\/musu-produkti\/proletto-plus\/#primaryimage\"},\"thumbnailUrl\":\"https:\/\/naturalpharmaceuticals.eu\/wp-content\/uploads\/sites\/2\/2021\/05\/HR_banner_760x300_PT.jpg\",\"datePublished\":\"2021-05-26T10:21:06+00:00\",\"dateModified\":\"2024-04-10T10:17:51+00:00\",\"breadcrumb\":{\"@id\":\"https:\/\/naturalpharmaceuticals.eu\/lv\/musu-produkti\/proletto-plus\/#breadcrumb\"},\"inLanguage\":\"lv-LV\",\"potentialAction\":[{\"@type\":\"ReadAction\",\"target\":[\"https:\/\/naturalpharmaceuticals.eu\/lv\/musu-produkti\/proletto-plus\/\"]}]},{\"@type\":\"ImageObject\",\"inLanguage\":\"lv-LV\",\"@id\":\"https:\/\/naturalpharmaceuticals.eu\/lv\/musu-produkti\/proletto-plus\/#primaryimage\",\"url\":\"https:\/\/naturalpharmaceuticals.eu\/wp-content\/uploads\/sites\/2\/2021\/05\/HR_banner_760x300_PT.jpg\",\"contentUrl\":\"https:\/\/naturalpharmaceuticals.eu\/wp-content\/uploads\/sites\/2\/2021\/05\/HR_banner_760x300_PT.jpg\",\"width\":760,\"height\":300},{\"@type\":\"BreadcrumbList\",\"@id\":\"https:\/\/naturalpharmaceuticals.eu\/lv\/musu-produkti\/proletto-plus\/#breadcrumb\",\"itemListElement\":[{\"@type\":\"ListItem\",\"position\":1,\"name\":\"Home\",\"item\":\"https:\/\/naturalpharmaceuticals.eu\/lv\/\"},{\"@type\":\"ListItem\",\"position\":2,\"name\":\"M\u016bsu produkti\",\"item\":\"https:\/\/naturalpharmaceuticals.eu\/lv\/musu-produkti\/\"},{\"@type\":\"ListItem\",\"position\":3,\"name\":\"ProLetto Plus\"}]},{\"@type\":\"WebSite\",\"@id\":\"https:\/\/naturalpharmaceuticals.eu\/lv\/#website\",\"url\":\"https:\/\/naturalpharmaceuticals.eu\/lv\/\",\"name\":\"Natural Pharmaceuticals\",\"description\":\"\",\"publisher\":{\"@id\":\"https:\/\/naturalpharmaceuticals.eu\/lv\/#organization\"},\"potentialAction\":[{\"@type\":\"SearchAction\",\"target\":{\"@type\":\"EntryPoint\",\"urlTemplate\":\"https:\/\/naturalpharmaceuticals.eu\/lv\/?s={search_term_string}\"},\"query-input\":{\"@type\":\"PropertyValueSpecification\",\"valueRequired\":true,\"valueName\":\"search_term_string\"}}],\"inLanguage\":\"lv-LV\"},{\"@type\":\"Organization\",\"@id\":\"https:\/\/naturalpharmaceuticals.eu\/lv\/#organization\",\"name\":\"Natural Pharmaceuticals\",\"url\":\"https:\/\/naturalpharmaceuticals.eu\/lv\/\",\"logo\":{\"@type\":\"ImageObject\",\"inLanguage\":\"lv-LV\",\"@id\":\"https:\/\/naturalpharmaceuticals.eu\/lv\/#\/schema\/logo\/image\/\",\"url\":\"https:\/\/naturalpharmaceuticals.eu\/wp-content\/uploads\/sites\/2\/2020\/11\/cropped-natural-pharmaceuticals-logo.png\",\"contentUrl\":\"https:\/\/naturalpharmaceuticals.eu\/wp-content\/uploads\/sites\/2\/2020\/11\/cropped-natural-pharmaceuticals-logo.png\",\"width\":900,\"height\":323,\"caption\":\"Natural Pharmaceuticals\"},\"image\":{\"@id\":\"https:\/\/naturalpharmaceuticals.eu\/lv\/#\/schema\/logo\/image\/\"}}]}<\/script>\n<!-- \/ Yoast SEO plugin. -->","yoast_head_json":{"title":"ProLetto Plus - Natural Pharmaceuticals","robots":{"index":"index","follow":"follow","max-snippet":"max-snippet:-1","max-image-preview":"max-image-preview:large","max-video-preview":"max-video-preview:-1"},"canonical":"https:\/\/naturalpharmaceuticals.eu\/lv\/musu-produkti\/proletto-plus\/","og_locale":"lv_LV","og_type":"article","og_title":"ProLetto Plus - Natural Pharmaceuticals","og_description":"ProLetto Plus Proletto Plus\u00a0 galveno sast\u0101vda\u013cu loma cilv\u0113ka organism\u0101 ir pozit\u012bvi nov\u0113rt\u0113ta Eiropas P\u0101rtikas nekait\u012bguma iest\u0101des (EFSA) izdotaj\u0101s vesel\u012bguma nor\u0101d\u0113s: Sel\u0113ns veicina norm\u0101lu&nbsp;spermato\u0123en\u0113zi.&nbsp;Sel\u0113ns veicina norm\u0101lu im\u016bnsist\u0113mas darb\u012bbu.&nbsp;Sel\u0113ns veicina norm\u0101lu vairogdziedzera darb\u012bbu.&nbsp;Cinks veicina norm\u0101lu augl\u012bbu un reprodukciju;&nbsp;Cinks pal\u012bdz nodro\u0161in\u0101t norm\u0101lu tauksk\u0101bju&#x2026; Read More ProLetto Plus","og_url":"https:\/\/naturalpharmaceuticals.eu\/lv\/musu-produkti\/proletto-plus\/","og_site_name":"Natural Pharmaceuticals","article_modified_time":"2024-04-10T10:17:51+00:00","og_image":[{"width":760,"height":300,"url":"https:\/\/naturalpharmaceuticals.eu\/wp-content\/uploads\/sites\/2\/2021\/05\/HR_banner_760x300_PT.jpg","type":"image\/jpeg"}],"twitter_card":"summary_large_image","twitter_misc":{"Est. reading time":"2 minutes"},"schema":{"@context":"https:\/\/schema.org","@graph":[{"@type":"WebPage","@id":"https:\/\/naturalpharmaceuticals.eu\/lv\/musu-produkti\/proletto-plus\/","url":"https:\/\/naturalpharmaceuticals.eu\/lv\/musu-produkti\/proletto-plus\/","name":"ProLetto Plus - Natural Pharmaceuticals","isPartOf":{"@id":"https:\/\/naturalpharmaceuticals.eu\/lv\/#website"},"primaryImageOfPage":{"@id":"https:\/\/naturalpharmaceuticals.eu\/lv\/musu-produkti\/proletto-plus\/#primaryimage"},"image":{"@id":"https:\/\/naturalpharmaceuticals.eu\/lv\/musu-produkti\/proletto-plus\/#primaryimage"},"thumbnailUrl":"https:\/\/naturalpharmaceuticals.eu\/wp-content\/uploads\/sites\/2\/2021\/05\/HR_banner_760x300_PT.jpg","datePublished":"2021-05-26T10:21:06+00:00","dateModified":"2024-04-10T10:17:51+00:00","breadcrumb":{"@id":"https:\/\/naturalpharmaceuticals.eu\/lv\/musu-produkti\/proletto-plus\/#breadcrumb"},"inLanguage":"lv-LV","potentialAction":[{"@type":"ReadAction","target":["https:\/\/naturalpharmaceuticals.eu\/lv\/musu-produkti\/proletto-plus\/"]}]},{"@type":"ImageObject","inLanguage":"lv-LV","@id":"https:\/\/naturalpharmaceuticals.eu\/lv\/musu-produkti\/proletto-plus\/#primaryimage","url":"https:\/\/naturalpharmaceuticals.eu\/wp-content\/uploads\/sites\/2\/2021\/05\/HR_banner_760x300_PT.jpg","contentUrl":"https:\/\/naturalpharmaceuticals.eu\/wp-content\/uploads\/sites\/2\/2021\/05\/HR_banner_760x300_PT.jpg","width":760,"height":300},{"@type":"BreadcrumbList","@id":"https:\/\/naturalpharmaceuticals.eu\/lv\/musu-produkti\/proletto-plus\/#breadcrumb","itemListElement":[{"@type":"ListItem","position":1,"name":"Home","item":"https:\/\/naturalpharmaceuticals.eu\/lv\/"},{"@type":"ListItem","position":2,"name":"M\u016bsu produkti","item":"https:\/\/naturalpharmaceuticals.eu\/lv\/musu-produkti\/"},{"@type":"ListItem","position":3,"name":"ProLetto Plus"}]},{"@type":"WebSite","@id":"https:\/\/naturalpharmaceuticals.eu\/lv\/#website","url":"https:\/\/naturalpharmaceuticals.eu\/lv\/","name":"Natural Pharmaceuticals","description":"","publisher":{"@id":"https:\/\/naturalpharmaceuticals.eu\/lv\/#organization"},"potentialAction":[{"@type":"SearchAction","target":{"@type":"EntryPoint","urlTemplate":"https:\/\/naturalpharmaceuticals.eu\/lv\/?s={search_term_string}"},"query-input":{"@type":"PropertyValueSpecification","valueRequired":true,"valueName":"search_term_string"}}],"inLanguage":"lv-LV"},{"@type":"Organization","@id":"https:\/\/naturalpharmaceuticals.eu\/lv\/#organization","name":"Natural Pharmaceuticals","url":"https:\/\/naturalpharmaceuticals.eu\/lv\/","logo":{"@type":"ImageObject","inLanguage":"lv-LV","@id":"https:\/\/naturalpharmaceuticals.eu\/lv\/#\/schema\/logo\/image\/","url":"https:\/\/naturalpharmaceuticals.eu\/wp-content\/uploads\/sites\/2\/2020\/11\/cropped-natural-pharmaceuticals-logo.png","contentUrl":"https:\/\/naturalpharmaceuticals.eu\/wp-content\/uploads\/sites\/2\/2020\/11\/cropped-natural-pharmaceuticals-logo.png","width":900,"height":323,"caption":"Natural Pharmaceuticals"},"image":{"@id":"https:\/\/naturalpharmaceuticals.eu\/lv\/#\/schema\/logo\/image\/"}}]}},"jetpack_sharing_enabled":true,"_links":{"self":[{"href":"https:\/\/naturalpharmaceuticals.eu\/lv\/wp-json\/wp\/v2\/pages\/4894","targetHints":{"allow":["GET"]}}],"collection":[{"href":"https:\/\/naturalpharmaceuticals.eu\/lv\/wp-json\/wp\/v2\/pages"}],"about":[{"href":"https:\/\/naturalpharmaceuticals.eu\/lv\/wp-json\/wp\/v2\/types\/page"}],"author":[{"embeddable":true,"href":"https:\/\/naturalpharmaceuticals.eu\/lv\/wp-json\/wp\/v2\/users\/1"}],"replies":[{"embeddable":true,"href":"https:\/\/naturalpharmaceuticals.eu\/lv\/wp-json\/wp\/v2\/comments?post=4894"}],"version-history":[{"count":6,"href":"https:\/\/naturalpharmaceuticals.eu\/lv\/wp-json\/wp\/v2\/pages\/4894\/revisions"}],"predecessor-version":[{"id":35667,"href":"https:\/\/naturalpharmaceuticals.eu\/lv\/wp-json\/wp\/v2\/pages\/4894\/revisions\/35667"}],"up":[{"embeddable":true,"href":"https:\/\/naturalpharmaceuticals.eu\/lv\/wp-json\/wp\/v2\/pages\/4735"}],"wp:featuredmedia":[{"embeddable":true,"href":"https:\/\/naturalpharmaceuticals.eu\/lv\/wp-json\/wp\/v2\/media\/4879"}],"wp:attachment":[{"href":"https:\/\/naturalpharmaceuticals.eu\/lv\/wp-json\/wp\/v2\/media?parent=4894"}],"curies":[{"name":"wp","href":"https:\/\/api.w.org\/{rel}","templated":true}]}}