{"id":4906,"date":"2021-05-26T10:26:15","date_gmt":"2021-05-26T10:26:15","guid":{"rendered":"https:\/\/naturalpharmaceuticals.eu\/?page_id=4906"},"modified":"2025-10-08T12:09:57","modified_gmt":"2025-10-08T12:09:57","slug":"vistan","status":"publish","type":"page","link":"https:\/\/naturalpharmaceuticals.eu\/lv\/musu-produkti\/vistan\/","title":{"rendered":"Vistan"},"content":{"rendered":"\n<div class=\"wp-block-group\"><div class=\"wp-block-group__inner-container is-layout-flow wp-block-group-is-layout-flow\">\n<div class=\"wp-block-columns is-layout-flex wp-container-core-columns-is-layout-1 wp-block-columns-is-layout-flex\">\n<div class=\"wp-block-column is-layout-flow wp-block-column-is-layout-flow\">\n<figure class=\"wp-block-image size-full sticky\"><img loading=\"lazy\" decoding=\"async\" width=\"768\" height=\"768\" src=\"https:\/\/naturalpharmaceuticals.eu\/wp-content\/uploads\/sites\/2\/2025\/10\/VI_www_768x768.png\" alt=\"\" class=\"wp-image-36581\" srcset=\"https:\/\/naturalpharmaceuticals.eu\/wp-content\/uploads\/sites\/2\/2025\/10\/VI_www_768x768.png 768w, https:\/\/naturalpharmaceuticals.eu\/wp-content\/uploads\/sites\/2\/2025\/10\/VI_www_768x768-300x300.png 300w, https:\/\/naturalpharmaceuticals.eu\/wp-content\/uploads\/sites\/2\/2025\/10\/VI_www_768x768-150x150.png 150w, https:\/\/naturalpharmaceuticals.eu\/wp-content\/uploads\/sites\/2\/2025\/10\/VI_www_768x768-200x200.png 200w\" sizes=\"auto, (max-width: 768px) 100vw, 768px\" \/><\/figure>\n<\/div>\n\n\n\n<div class=\"wp-block-column product-info-frame is-layout-flow wp-block-column-is-layout-flow\">\n<p style=\"font-size:18px\"><strong>Vistan<\/strong><\/p>\n\n\n\n<ul class=\"wp-block-list list-style-check-sign line-height-2\">\n<li>Uztura bag\u0101tin\u0101t\u0101js j\u016bsu ac\u012bm\u00a0<\/li>\n\n\n\n<li>Atbalsts saus\u0101m un noguru\u0161\u0101m ac\u012bm\u00a0<\/li>\n\n\n\n<li>Tas pal\u012bdz uztur\u0113t acis pien\u0101c\u012bgi mitrin\u0101tas\u00a0<\/li>\n\n\n\n<li>Ide\u0101li piem\u0113rots tiem, kas daudz laika pavada pie ekr\u0101na\u00a0<\/li>\n\n\n\n<li>Dokument\u0113tas sast\u0101vda\u013cas atbalsta labas redzes uztur\u0113\u0161anu\u00a0<\/li>\n\n\n\n<li>Ra\u017eots Norv\u0113\u0123ij\u0101\u00a0<\/li>\n<\/ul>\n\n\n\n<p><\/p>\n<\/div>\n<\/div>\n<\/div><\/div>\n\n\n\n<div class=\"packshot-bg-wrapper\"><div class=\"full-width-inside-container packshot-bg packshot-bg-vi\"><\/div><\/div>\n\n\n\n<p>Vistan&nbsp;galveno sast\u0101vda\u013cu loma cilv\u0113ka organism\u0101 ir pozit\u012bvi p\u0101rskat\u012bta Eiropas P\u0101rtikas nekait\u012bguma iest\u0101des (EFSA) izdotaj\u0101s vesel\u012bguma nor\u0101d\u0113s:<\/p>\n\n\n\n<p>A vitam\u012bns, cinks pal\u012bdz uztur\u0113t norm\u0101lu redzi.&nbsp;<br>Cinks pal\u012bdz nodro\u0161in\u0101t norm\u0101lu A vitam\u012bna vielmai\u0146u.<br>Var\u0161 pal\u012bdz uztur\u0113t saistaudu vesel\u012bbu.<\/p>\n\n\n<div role=\"tabpanel\" class=\"wp-block-ub-tabbed-content-tab-content-wrap ub-hide\"\n        id=\"ub-tabbed-content--panel-0\" aria-labelledby=\"ub-tabbed-content--tab-0\" tabindex=\"0\">\n\n<p><a href=\"https:\/\/nordicmed.natural.pl\/?page_id=326\">Preview in new tab(opens in a new tab)<\/a><\/p>\n\n\n\n<p>reviews<\/p>\n\n<\/div>\n\n<div role=\"tabpanel\" class=\"wp-block-ub-tabbed-content-tab-content-wrap ub-hide\"\n        id=\"ub-tabbed-content--panel-1\" aria-labelledby=\"ub-tabbed-content--tab-1\" tabindex=\"0\">\n\n<p><\/p>\n\n<\/div>\n\n<div role=\"tabpanel\" class=\"wp-block-ub-tabbed-content-tab-content-wrap ub-hide\"\n        id=\"ub-tabbed-content--panel-2\" aria-labelledby=\"ub-tabbed-content--tab-2\" tabindex=\"0\">\n\n<p><\/p>\n\n<\/div>\n\n<div class=\"wp-block-ub-tabbed-content-block wp-block-ub-tabbed-content wp-block-ub-tabbed-content-holder wp-block-ub-tabbed-content-horizontal-holder-mobile wp-block-ub-tabbed-content-horizontal-holder-tablet\" id=\"ub-tabbed-content-01f9484a-ce38-4ddc-b57a-7499bddf85c9\">\n\t\t\t<div class=\"wp-block-ub-tabbed-content-tab-holder horizontal-tab-width-mobile horizontal-tab-width-tablet\">\n\t\t\t\t<div role=\"tablist\" class=\"wp-block-ub-tabbed-content-tabs-title wp-block-ub-tabbed-content-tabs-title-mobile-horizontal-tab wp-block-ub-tabbed-content-tabs-title-tablet-horizontal-tab\"><div role=\"tab\" id=\"ub-tabbed-content-01f9484a-ce38-4ddc-b57a-7499bddf85c9-tab-0\" aria-controls=\"ub-tabbed-content-01f9484a-ce38-4ddc-b57a-7499bddf85c9-panel-0\" aria-selected=\"true\" class=\"wp-block-ub-tabbed-content-tab-title-wrap active\" style=\"\" tabindex=\"-1\">\n\t\t\t\t<div class=\"wp-block-ub-tabbed-content-tab-title\">Inform\u0101cija par uzturviel\u0101m<\/div>\n\t\t\t<\/div><\/div>\n\t\t\t<\/div>\n\t\t\t<div class=\"wp-block-ub-tabbed-content-tabs-content\" style=\"\"><div role=\"tabpanel\" class=\"wp-block-ub-tabbed-content-tab-content-wrap active\"\n        id=\"ub-tabbed-content-01f9484a-ce38-4ddc-b57a-7499bddf85c9-panel-0\" aria-labelledby=\"ub-tabbed-content-01f9484a-ce38-4ddc-b57a-7499bddf85c9-tab-0\" tabindex=\"0\">\n\n<p>Vistan<\/p>\n\n\n\n<figure class=\"wp-block-table is-style-borders\"><table><tbody><tr><th>Sast\u0101vs<\/th><th>2 kapsulas<\/th><th>NRV *<\/th><\/tr><tr><td>Mellenes, ieskaitot:<\/td><td>250 mg<\/td><td>&#8211;<\/td><\/tr><tr><td>&nbsp;&nbsp;&nbsp;&nbsp;antocian\u012bni<\/td><td>2.50 mg<\/td><td>&#8211;<\/td><\/tr><tr><td>Kli\u0146\u0123er\u012b\u0161u ziedu ekstrakts, ieskaitot:<\/td><td>10 mg<\/td><td>&#8211;<\/td><\/tr><tr><td>&nbsp;&nbsp;&nbsp;&nbsp;lute\u012bns<\/td><td>2.30 mg<\/td><td>&#8211;<\/td><\/tr><tr><td>&nbsp;&nbsp;&nbsp;&nbsp;zeaksant\u012bns<\/td><td>50 \u03bcg<\/td><td>&#8211;<\/td><\/tr><tr><td>Cinks<\/td><td>15.5 mg<\/td><td>155<\/td><\/tr><tr><td>Salvijas z\u0101\u013cu ekstrakts<\/td><td>50 mg<\/td><td>&#8211;<\/td><\/tr><tr><td>A vitam\u012bns (RE &#8211;&nbsp;retinola&nbsp;ekvivalents)<\/td><td>750 \u03bcg RE<\/td><td>94<\/td><\/tr><tr><td>Var\u0161<\/td><td>2 500 \u03bcg<\/td><td>250<\/td><\/tr><tr><td>Dzelzs<\/td><td>13 mg<\/td><td>93<\/td><\/tr><tr><td>E vitam\u012bns (\u03b1TE-alfa-tokoferola&nbsp;ekvivalents)<\/td><td>12 mg \u03b1TE<\/td><td>100<\/td><\/tr><tr><td>Sel\u0113ns<\/td><td>55 \u03bcg<\/td><td>100<\/td><\/tr><\/tbody><\/table><\/figure>\n\n\n\n<p>* Ieteicam\u0101 uzturv\u0113rt\u012bba % (NRV)&nbsp;<\/p>\n\n\n\n<p><strong>Sast\u0101vs:<\/strong>&nbsp;maltodekstr\u012bns, melle\u0146u aug\u013cu ekstrakts (Vaccinium&nbsp;myrtillus&nbsp;L.), kas standartiz\u0113ts 1%&nbsp;antocian\u012bna&nbsp;saturam, liellopa ga\u013cas \u017eelat\u012bns, dzelzs [dzelzs (II)&nbsp;bisglicin\u0101ts], cinks (cinka&nbsp;citr\u0101ts), salvijas z\u0101\u013cu ekstrakts (Salvia&nbsp;officinalis&nbsp;L.), E vitam\u012bns (D-alfa-tokoferilacet\u0101ts), sel\u0113ns (ar sel\u0113nu bag\u0101tin\u0101ts&nbsp;raugs), kli\u0146\u0123er\u012b\u0161u ziedu ekstrakts (Calendula&nbsp;officinalis&nbsp;L.), kas standartiz\u0113ts 20%&nbsp;lute\u012bna&nbsp;saturam, 50&nbsp;\u00b5g&nbsp;zeaksant\u012bna,&nbsp;pretsalipes&nbsp;l\u012bdzek\u013ci (sil\u012bcija dioks\u012bds, tauksk\u0101bju magnija s\u0101\u013ci) , kalcija fosf\u0101ti), var\u0161 (vara (II) sulf\u0101ts, A vitam\u012bns (retinilacet\u0101ts).&nbsp;<\/p>\n\n\n\n<p><strong>Vistan&nbsp;\u2013 divas kapsulas dien\u0101<\/strong>&nbsp;<\/p>\n\n\n\n<p><strong>Lieto\u0161ana:<\/strong>&nbsp;Produkta m\u0113r\u0137is ir bag\u0101tin\u0101t ikdienas uzturu ar uzturviel\u0101m, kas nepiecie\u0161amas norm\u0101las redzes uztur\u0113\u0161anai.<\/p>\n\n\n\n<p><strong>Ieteicam\u0101 dienas deva:<\/strong>&nbsp;2 kapsulas dien\u0101&nbsp;<\/p>\n\n\n\n<p><strong>Neto svars:<\/strong>&nbsp;36 g (60 kapsulas, 0,6 g katr\u0101)&nbsp;<\/p>\n\n\n\n<p>Uztura bag\u0101tin\u0101t\u0101ji neaizst\u0101j sabalans\u0113tu, daudzveid\u012bgu uzturu. Sarg\u0101t no b\u0113rniem. Nep\u0101rsniedziet ieteicamo dienas devu.&nbsp;Cilv\u0113kiem, kas lieto medikamentus, k\u0101 ar\u012b gr\u016btniec\u0113m un sieviet\u0113m, kas baro b\u0113rnu ar kr\u016bti, pirms \u0161\u012b uztura bag\u0101tin\u0101t\u0101ja lieto\u0161anas j\u0101konsult\u0113jas ar \u0101rstu. Nelietot, ja Jums ir aler\u0123ija pret k\u0101du no sast\u0101vda\u013c\u0101m. Nedot b\u0113rniem l\u012bdz 14 gadu vecumam.<\/p>\n\n\n\n<p><strong>Der\u012bguma termi\u0146\u0161<\/strong>: l\u012bdz datumam, kas nor\u0101d\u012bts uz iepakojuma&nbsp;<\/p>\n\n\n\n<p><strong>Ra\u017eo\u0161anas s\u0113rija<\/strong>: nor\u0101d\u012bta uz iepakojuma&nbsp;<\/p>\n\n\n\n<p><strong>Uzglab\u0101\u0161ana:<\/strong>&nbsp;maks. 25\u00b0C, sarg\u0101t no gaismas un mitruma&nbsp;<\/p>\n\n\n\n<p><strong>Ra\u017eots Norv\u0113\u0123ij\u0101,&nbsp;Pharmatech&nbsp;AS priek\u0161<\/strong>&nbsp;<br>Natural&nbsp;Pharmaceuticals&nbsp;Sp. z&nbsp;o.o.&nbsp;<\/p>\n\n\n\n<p><strong>Izplat\u012bt\u0101js:<\/strong>&nbsp;Natural&nbsp;Pharmaceuticals&nbsp;Sp. z&nbsp;o.o.&nbsp;<br>Domaniewska&nbsp;28, 02-672 Var\u0161ava, Polija&nbsp;<\/p>\n\n\n\n<p><\/p>\n\n<\/div><\/div>\n\t\t<\/div>\n\n\n<figure class=\"wp-block-image alignfull size-full\"><img loading=\"lazy\" decoding=\"async\" width=\"1520\" height=\"501\" src=\"https:\/\/naturalpharmaceuticals.eu\/wp-content\/uploads\/sites\/2\/2021\/04\/Natural_Pharmaceuticals_Vistan_IMG_0093_vistan_a.jpg\" alt=\"\" class=\"wp-image-3425\" srcset=\"https:\/\/naturalpharmaceuticals.eu\/wp-content\/uploads\/sites\/2\/2021\/04\/Natural_Pharmaceuticals_Vistan_IMG_0093_vistan_a.jpg 1520w, https:\/\/naturalpharmaceuticals.eu\/wp-content\/uploads\/sites\/2\/2021\/04\/Natural_Pharmaceuticals_Vistan_IMG_0093_vistan_a-300x99.jpg 300w, https:\/\/naturalpharmaceuticals.eu\/wp-content\/uploads\/sites\/2\/2021\/04\/Natural_Pharmaceuticals_Vistan_IMG_0093_vistan_a-1024x338.jpg 1024w, https:\/\/naturalpharmaceuticals.eu\/wp-content\/uploads\/sites\/2\/2021\/04\/Natural_Pharmaceuticals_Vistan_IMG_0093_vistan_a-768x253.jpg 768w\" sizes=\"auto, (max-width: 1520px) 100vw, 1520px\" \/><\/figure>\n","protected":false},"excerpt":{"rendered":"<p>Vistan Vistan&nbsp;galveno sast\u0101vda\u013cu loma cilv\u0113ka organism\u0101 ir pozit\u012bvi p\u0101rskat\u012bta Eiropas P\u0101rtikas nekait\u012bguma iest\u0101des (EFSA) izdotaj\u0101s vesel\u012bguma nor\u0101d\u0113s: A vitam\u012bns, cinks pal\u012bdz uztur\u0113t norm\u0101lu redzi.&nbsp;Cinks pal\u012bdz nodro\u0161in\u0101t norm\u0101lu A vitam\u012bna vielmai\u0146u.Var\u0161 pal\u012bdz uztur\u0113t saistaudu vesel\u012bbu.<\/p>\n","protected":false},"author":1,"featured_media":36591,"parent":4735,"menu_order":0,"comment_status":"closed","ping_status":"closed","template":"templates\/grid-full-width-page.php","meta":{"ub_ctt_via":"","footnotes":""},"class_list":["post-4906","page","type-page","status-publish","has-post-thumbnail","hentry"],"featured_image_src":"https:\/\/naturalpharmaceuticals.eu\/wp-content\/uploads\/sites\/2\/2025\/10\/PL_banner_760x300_v3_12_Natural_Pharmaceuticals_Vistan.jpg","yoast_head":"<!-- This site is optimized with the Yoast SEO plugin v24.4 - https:\/\/yoast.com\/wordpress\/plugins\/seo\/ -->\n<title>Vistan - Natural Pharmaceuticals<\/title>\n<meta name=\"robots\" content=\"index, follow, max-snippet:-1, max-image-preview:large, max-video-preview:-1\" \/>\n<link rel=\"canonical\" href=\"https:\/\/naturalpharmaceuticals.eu\/lv\/musu-produkti\/vistan\/\" \/>\n<meta property=\"og:locale\" content=\"lv_LV\" \/>\n<meta property=\"og:type\" content=\"article\" \/>\n<meta property=\"og:title\" content=\"Vistan - Natural Pharmaceuticals\" \/>\n<meta property=\"og:description\" content=\"Vistan Vistan&nbsp;galveno sast\u0101vda\u013cu loma cilv\u0113ka organism\u0101 ir pozit\u012bvi p\u0101rskat\u012bta Eiropas P\u0101rtikas nekait\u012bguma iest\u0101des (EFSA) izdotaj\u0101s vesel\u012bguma nor\u0101d\u0113s: A vitam\u012bns, cinks pal\u012bdz uztur\u0113t norm\u0101lu redzi.&nbsp;Cinks pal\u012bdz nodro\u0161in\u0101t norm\u0101lu A vitam\u012bna vielmai\u0146u.Var\u0161 pal\u012bdz uztur\u0113t saistaudu vesel\u012bbu.\" \/>\n<meta property=\"og:url\" content=\"https:\/\/naturalpharmaceuticals.eu\/lv\/musu-produkti\/vistan\/\" \/>\n<meta property=\"og:site_name\" content=\"Natural Pharmaceuticals\" \/>\n<meta property=\"article:modified_time\" content=\"2025-10-08T12:09:57+00:00\" \/>\n<meta property=\"og:image\" content=\"https:\/\/naturalpharmaceuticals.eu\/wp-content\/uploads\/sites\/2\/2025\/10\/PL_banner_760x300_v3_12_Natural_Pharmaceuticals_Vistan.jpg\" \/>\n\t<meta property=\"og:image:width\" content=\"760\" \/>\n\t<meta property=\"og:image:height\" content=\"300\" \/>\n\t<meta property=\"og:image:type\" content=\"image\/jpeg\" \/>\n<meta name=\"twitter:card\" content=\"summary_large_image\" \/>\n<meta name=\"twitter:label1\" content=\"Est. reading time\" \/>\n\t<meta name=\"twitter:data1\" content=\"3 minutes\" \/>\n<script type=\"application\/ld+json\" class=\"yoast-schema-graph\">{\"@context\":\"https:\/\/schema.org\",\"@graph\":[{\"@type\":\"WebPage\",\"@id\":\"https:\/\/naturalpharmaceuticals.eu\/lv\/musu-produkti\/vistan\/\",\"url\":\"https:\/\/naturalpharmaceuticals.eu\/lv\/musu-produkti\/vistan\/\",\"name\":\"Vistan - Natural Pharmaceuticals\",\"isPartOf\":{\"@id\":\"https:\/\/naturalpharmaceuticals.eu\/lv\/#website\"},\"primaryImageOfPage\":{\"@id\":\"https:\/\/naturalpharmaceuticals.eu\/lv\/musu-produkti\/vistan\/#primaryimage\"},\"image\":{\"@id\":\"https:\/\/naturalpharmaceuticals.eu\/lv\/musu-produkti\/vistan\/#primaryimage\"},\"thumbnailUrl\":\"https:\/\/naturalpharmaceuticals.eu\/wp-content\/uploads\/sites\/2\/2025\/10\/PL_banner_760x300_v3_12_Natural_Pharmaceuticals_Vistan.jpg\",\"datePublished\":\"2021-05-26T10:26:15+00:00\",\"dateModified\":\"2025-10-08T12:09:57+00:00\",\"breadcrumb\":{\"@id\":\"https:\/\/naturalpharmaceuticals.eu\/lv\/musu-produkti\/vistan\/#breadcrumb\"},\"inLanguage\":\"lv-LV\",\"potentialAction\":[{\"@type\":\"ReadAction\",\"target\":[\"https:\/\/naturalpharmaceuticals.eu\/lv\/musu-produkti\/vistan\/\"]}]},{\"@type\":\"ImageObject\",\"inLanguage\":\"lv-LV\",\"@id\":\"https:\/\/naturalpharmaceuticals.eu\/lv\/musu-produkti\/vistan\/#primaryimage\",\"url\":\"https:\/\/naturalpharmaceuticals.eu\/wp-content\/uploads\/sites\/2\/2025\/10\/PL_banner_760x300_v3_12_Natural_Pharmaceuticals_Vistan.jpg\",\"contentUrl\":\"https:\/\/naturalpharmaceuticals.eu\/wp-content\/uploads\/sites\/2\/2025\/10\/PL_banner_760x300_v3_12_Natural_Pharmaceuticals_Vistan.jpg\",\"width\":760,\"height\":300},{\"@type\":\"BreadcrumbList\",\"@id\":\"https:\/\/naturalpharmaceuticals.eu\/lv\/musu-produkti\/vistan\/#breadcrumb\",\"itemListElement\":[{\"@type\":\"ListItem\",\"position\":1,\"name\":\"Home\",\"item\":\"https:\/\/naturalpharmaceuticals.eu\/lv\/\"},{\"@type\":\"ListItem\",\"position\":2,\"name\":\"M\u016bsu produkti\",\"item\":\"https:\/\/naturalpharmaceuticals.eu\/lv\/musu-produkti\/\"},{\"@type\":\"ListItem\",\"position\":3,\"name\":\"Vistan\"}]},{\"@type\":\"WebSite\",\"@id\":\"https:\/\/naturalpharmaceuticals.eu\/lv\/#website\",\"url\":\"https:\/\/naturalpharmaceuticals.eu\/lv\/\",\"name\":\"Natural Pharmaceuticals\",\"description\":\"\",\"publisher\":{\"@id\":\"https:\/\/naturalpharmaceuticals.eu\/lv\/#organization\"},\"potentialAction\":[{\"@type\":\"SearchAction\",\"target\":{\"@type\":\"EntryPoint\",\"urlTemplate\":\"https:\/\/naturalpharmaceuticals.eu\/lv\/?s={search_term_string}\"},\"query-input\":{\"@type\":\"PropertyValueSpecification\",\"valueRequired\":true,\"valueName\":\"search_term_string\"}}],\"inLanguage\":\"lv-LV\"},{\"@type\":\"Organization\",\"@id\":\"https:\/\/naturalpharmaceuticals.eu\/lv\/#organization\",\"name\":\"Natural Pharmaceuticals\",\"url\":\"https:\/\/naturalpharmaceuticals.eu\/lv\/\",\"logo\":{\"@type\":\"ImageObject\",\"inLanguage\":\"lv-LV\",\"@id\":\"https:\/\/naturalpharmaceuticals.eu\/lv\/#\/schema\/logo\/image\/\",\"url\":\"https:\/\/naturalpharmaceuticals.eu\/wp-content\/uploads\/sites\/2\/2020\/11\/cropped-natural-pharmaceuticals-logo.png\",\"contentUrl\":\"https:\/\/naturalpharmaceuticals.eu\/wp-content\/uploads\/sites\/2\/2020\/11\/cropped-natural-pharmaceuticals-logo.png\",\"width\":900,\"height\":323,\"caption\":\"Natural Pharmaceuticals\"},\"image\":{\"@id\":\"https:\/\/naturalpharmaceuticals.eu\/lv\/#\/schema\/logo\/image\/\"}}]}<\/script>\n<!-- \/ Yoast SEO plugin. -->","yoast_head_json":{"title":"Vistan - Natural Pharmaceuticals","robots":{"index":"index","follow":"follow","max-snippet":"max-snippet:-1","max-image-preview":"max-image-preview:large","max-video-preview":"max-video-preview:-1"},"canonical":"https:\/\/naturalpharmaceuticals.eu\/lv\/musu-produkti\/vistan\/","og_locale":"lv_LV","og_type":"article","og_title":"Vistan - Natural Pharmaceuticals","og_description":"Vistan Vistan&nbsp;galveno sast\u0101vda\u013cu loma cilv\u0113ka organism\u0101 ir pozit\u012bvi p\u0101rskat\u012bta Eiropas P\u0101rtikas nekait\u012bguma iest\u0101des (EFSA) izdotaj\u0101s vesel\u012bguma nor\u0101d\u0113s: A vitam\u012bns, cinks pal\u012bdz uztur\u0113t norm\u0101lu redzi.&nbsp;Cinks pal\u012bdz nodro\u0161in\u0101t norm\u0101lu A vitam\u012bna vielmai\u0146u.Var\u0161 pal\u012bdz uztur\u0113t saistaudu vesel\u012bbu.","og_url":"https:\/\/naturalpharmaceuticals.eu\/lv\/musu-produkti\/vistan\/","og_site_name":"Natural Pharmaceuticals","article_modified_time":"2025-10-08T12:09:57+00:00","og_image":[{"width":760,"height":300,"url":"https:\/\/naturalpharmaceuticals.eu\/wp-content\/uploads\/sites\/2\/2025\/10\/PL_banner_760x300_v3_12_Natural_Pharmaceuticals_Vistan.jpg","type":"image\/jpeg"}],"twitter_card":"summary_large_image","twitter_misc":{"Est. reading time":"3 minutes"},"schema":{"@context":"https:\/\/schema.org","@graph":[{"@type":"WebPage","@id":"https:\/\/naturalpharmaceuticals.eu\/lv\/musu-produkti\/vistan\/","url":"https:\/\/naturalpharmaceuticals.eu\/lv\/musu-produkti\/vistan\/","name":"Vistan - Natural Pharmaceuticals","isPartOf":{"@id":"https:\/\/naturalpharmaceuticals.eu\/lv\/#website"},"primaryImageOfPage":{"@id":"https:\/\/naturalpharmaceuticals.eu\/lv\/musu-produkti\/vistan\/#primaryimage"},"image":{"@id":"https:\/\/naturalpharmaceuticals.eu\/lv\/musu-produkti\/vistan\/#primaryimage"},"thumbnailUrl":"https:\/\/naturalpharmaceuticals.eu\/wp-content\/uploads\/sites\/2\/2025\/10\/PL_banner_760x300_v3_12_Natural_Pharmaceuticals_Vistan.jpg","datePublished":"2021-05-26T10:26:15+00:00","dateModified":"2025-10-08T12:09:57+00:00","breadcrumb":{"@id":"https:\/\/naturalpharmaceuticals.eu\/lv\/musu-produkti\/vistan\/#breadcrumb"},"inLanguage":"lv-LV","potentialAction":[{"@type":"ReadAction","target":["https:\/\/naturalpharmaceuticals.eu\/lv\/musu-produkti\/vistan\/"]}]},{"@type":"ImageObject","inLanguage":"lv-LV","@id":"https:\/\/naturalpharmaceuticals.eu\/lv\/musu-produkti\/vistan\/#primaryimage","url":"https:\/\/naturalpharmaceuticals.eu\/wp-content\/uploads\/sites\/2\/2025\/10\/PL_banner_760x300_v3_12_Natural_Pharmaceuticals_Vistan.jpg","contentUrl":"https:\/\/naturalpharmaceuticals.eu\/wp-content\/uploads\/sites\/2\/2025\/10\/PL_banner_760x300_v3_12_Natural_Pharmaceuticals_Vistan.jpg","width":760,"height":300},{"@type":"BreadcrumbList","@id":"https:\/\/naturalpharmaceuticals.eu\/lv\/musu-produkti\/vistan\/#breadcrumb","itemListElement":[{"@type":"ListItem","position":1,"name":"Home","item":"https:\/\/naturalpharmaceuticals.eu\/lv\/"},{"@type":"ListItem","position":2,"name":"M\u016bsu produkti","item":"https:\/\/naturalpharmaceuticals.eu\/lv\/musu-produkti\/"},{"@type":"ListItem","position":3,"name":"Vistan"}]},{"@type":"WebSite","@id":"https:\/\/naturalpharmaceuticals.eu\/lv\/#website","url":"https:\/\/naturalpharmaceuticals.eu\/lv\/","name":"Natural Pharmaceuticals","description":"","publisher":{"@id":"https:\/\/naturalpharmaceuticals.eu\/lv\/#organization"},"potentialAction":[{"@type":"SearchAction","target":{"@type":"EntryPoint","urlTemplate":"https:\/\/naturalpharmaceuticals.eu\/lv\/?s={search_term_string}"},"query-input":{"@type":"PropertyValueSpecification","valueRequired":true,"valueName":"search_term_string"}}],"inLanguage":"lv-LV"},{"@type":"Organization","@id":"https:\/\/naturalpharmaceuticals.eu\/lv\/#organization","name":"Natural Pharmaceuticals","url":"https:\/\/naturalpharmaceuticals.eu\/lv\/","logo":{"@type":"ImageObject","inLanguage":"lv-LV","@id":"https:\/\/naturalpharmaceuticals.eu\/lv\/#\/schema\/logo\/image\/","url":"https:\/\/naturalpharmaceuticals.eu\/wp-content\/uploads\/sites\/2\/2020\/11\/cropped-natural-pharmaceuticals-logo.png","contentUrl":"https:\/\/naturalpharmaceuticals.eu\/wp-content\/uploads\/sites\/2\/2020\/11\/cropped-natural-pharmaceuticals-logo.png","width":900,"height":323,"caption":"Natural Pharmaceuticals"},"image":{"@id":"https:\/\/naturalpharmaceuticals.eu\/lv\/#\/schema\/logo\/image\/"}}]}},"jetpack_sharing_enabled":true,"_links":{"self":[{"href":"https:\/\/naturalpharmaceuticals.eu\/lv\/wp-json\/wp\/v2\/pages\/4906","targetHints":{"allow":["GET"]}}],"collection":[{"href":"https:\/\/naturalpharmaceuticals.eu\/lv\/wp-json\/wp\/v2\/pages"}],"about":[{"href":"https:\/\/naturalpharmaceuticals.eu\/lv\/wp-json\/wp\/v2\/types\/page"}],"author":[{"embeddable":true,"href":"https:\/\/naturalpharmaceuticals.eu\/lv\/wp-json\/wp\/v2\/users\/1"}],"replies":[{"embeddable":true,"href":"https:\/\/naturalpharmaceuticals.eu\/lv\/wp-json\/wp\/v2\/comments?post=4906"}],"version-history":[{"count":5,"href":"https:\/\/naturalpharmaceuticals.eu\/lv\/wp-json\/wp\/v2\/pages\/4906\/revisions"}],"predecessor-version":[{"id":36612,"href":"https:\/\/naturalpharmaceuticals.eu\/lv\/wp-json\/wp\/v2\/pages\/4906\/revisions\/36612"}],"up":[{"embeddable":true,"href":"https:\/\/naturalpharmaceuticals.eu\/lv\/wp-json\/wp\/v2\/pages\/4735"}],"wp:featuredmedia":[{"embeddable":true,"href":"https:\/\/naturalpharmaceuticals.eu\/lv\/wp-json\/wp\/v2\/media\/36591"}],"wp:attachment":[{"href":"https:\/\/naturalpharmaceuticals.eu\/lv\/wp-json\/wp\/v2\/media?parent=4906"}],"curies":[{"name":"wp","href":"https:\/\/api.w.org\/{rel}","templated":true}]}}