{"id":4913,"date":"2021-05-26T10:31:12","date_gmt":"2021-05-26T10:31:12","guid":{"rendered":"https:\/\/naturalpharmaceuticals.eu\/?page_id=4913"},"modified":"2024-04-10T10:23:28","modified_gmt":"2024-04-10T10:23:28","slug":"vitamin-c","status":"publish","type":"page","link":"https:\/\/naturalpharmaceuticals.eu\/lv\/musu-produkti\/vitamin-c\/","title":{"rendered":"Vitamin C+"},"content":{"rendered":"\n<div class=\"wp-block-group\"><div class=\"wp-block-group__inner-container is-layout-flow wp-block-group-is-layout-flow\">\n<div class=\"wp-block-columns is-layout-flex wp-container-core-columns-is-layout-1 wp-block-columns-is-layout-flex\">\n<div class=\"wp-block-column is-layout-flow wp-block-column-is-layout-flow\">\n<figure class=\"wp-block-image size-large sticky\"><img loading=\"lazy\" decoding=\"async\" width=\"768\" height=\"768\" src=\"https:\/\/naturalpharmaceuticals.eu\/wp-content\/uploads\/sites\/2\/2020\/12\/CV_www_768x768.png\" alt=\"\" class=\"wp-image-1037\" srcset=\"https:\/\/naturalpharmaceuticals.eu\/wp-content\/uploads\/sites\/2\/2020\/12\/CV_www_768x768.png 768w, https:\/\/naturalpharmaceuticals.eu\/wp-content\/uploads\/sites\/2\/2020\/12\/CV_www_768x768-300x300.png 300w, https:\/\/naturalpharmaceuticals.eu\/wp-content\/uploads\/sites\/2\/2020\/12\/CV_www_768x768-150x150.png 150w, https:\/\/naturalpharmaceuticals.eu\/wp-content\/uploads\/sites\/2\/2020\/12\/CV_www_768x768-200x200.png 200w\" sizes=\"auto, (max-width: 768px) 100vw, 768px\" \/><\/figure>\n<\/div>\n\n\n\n<div class=\"wp-block-column product-info-frame is-layout-flow wp-block-column-is-layout-flow\">\n<p style=\"font-size:18px\"><strong>Vitamin C+<\/strong><\/p>\n\n\n\n<ul class=\"wp-block-list\">\n<li>Vispla\u0161\u0101k paz\u012bstamais vitam\u012bns&nbsp;<\/li>\n\n\n\n<li>Daudzk\u0101rt\u0113ja pozit\u012bva ietekme uz cilv\u0113ka \u0137ermeni&nbsp;<\/li>\n\n\n\n<li>15 ES apstiprin\u0101tas vesel\u012bguma nor\u0101des!&nbsp;<\/li>\n\n\n\n<li>C vitam\u012bns veicina norm\u0101lu kolag\u0113na veido\u0161anos, kas nodro\u0161ina asinsvadu, kaulu, skrim\u0161\u013cu, smaganu, \u0101das un zobu norm\u0101lu darb\u012bbu.&nbsp;<\/li>\n\n\n\n<li>Piem\u012bt antioksidanta \u012bpa\u0161\u012bbas&nbsp;<\/li>\n<\/ul>\n\n\n\n<p><\/p>\n<\/div>\n<\/div>\n<\/div><\/div>\n\n\n\n<div class=\"packshot-bg-wrapper\"><div class=\"full-width-inside-container packshot-bg packshot-bg-cv\"><\/div><\/div>\n\n\n\n<p><strong>Vitamin C+\u00a0 <\/strong>galveno sast\u0101vda\u013cu loma cilv\u0113ka organism\u0101 ir pozit\u012bvi nov\u0113rt\u0113ta Eiropas P\u0101rtikas nekait\u012bguma iest\u0101des (EFSA) izdotaj\u0101s vesel\u012bguma nor\u0101d\u0113s:<\/p>\n\n\n\n<p>C vitam\u012bns pal\u012bdz uztur\u0113t norm\u0101lu im\u016bnsist\u0113mas darb\u012bbu intens\u012bvas fiziskas slodzes laik\u0101 un p\u0113c t\u0101s.&nbsp;<br>C vitam\u012bns veicina norm\u0101lu kolag\u0113na veido\u0161anos, kas nodro\u0161ina asinsvadu norm\u0101lo darb\u012bbu.&nbsp;<br>C vitam\u012bns veicina norm\u0101lu kolag\u0113na veido\u0161anos, kas nodro\u0161ina kaulu norm\u0101lo darb\u012bbu.&nbsp;<br>C vitam\u012bns veicina norm\u0101lu kolag\u0113na veido\u0161anos, no k\u0101 ir atkar\u012bga norm\u0101l\u0101 skrim\u0161\u013ca darb\u012bba&nbsp;<br>C vitam\u012bns veicina norm\u0101lu kolag\u0113na veido\u0161anos, kas nodro\u0161ina smaganu norm\u0101lo darb\u012bbu.&nbsp;<br>C vitam\u012bns veicina norm\u0101lu kolag\u0113na veido\u0161anos, kas nodro\u0161ina \u0101das norm\u0101lo darb\u012bbu.&nbsp;<br>C vitam\u012bns veicina norm\u0101lu kolag\u0113na veido\u0161anos, kas nodro\u0161ina zobu norm\u0101lo darb\u012bbu.&nbsp;<br>C vitam\u012bns veicina norm\u0101lu ener\u0123ijas metabolismu.&nbsp;<br>C vitam\u012bns veicina norm\u0101lu nervu sist\u0113mas darb\u012bbu.&nbsp;<br>C vitam\u012bns veicina norm\u0101lu psiholo\u0123isko funkciju.&nbsp;<br>C vitam\u012bns veicina norm\u0101lu im\u016bnsist\u0113mas darb\u012bbu.&nbsp;<br>C vitam\u012bns veicina \u0161\u016bnu aizsardz\u012bbu no oksidat\u012bv\u0101 stresa.&nbsp;<br>C vitam\u012bns veicina noguruma un ap\u0101tijas mazin\u0101\u0161anu.&nbsp;<br>C vitam\u012bns veicina reduc\u0113t\u0101s E vitam\u012bna formas atjauno\u0161anos.&nbsp;<br>C vitam\u012bns palielina dzelzs uzs\u016bk\u0161anos.&nbsp;<\/p>\n\n\n<div role=\"tabpanel\" class=\"wp-block-ub-tabbed-content-tab-content-wrap ub-hide\"\n        id=\"ub-tabbed-content--panel-0\" aria-labelledby=\"ub-tabbed-content--tab-0\" tabindex=\"0\">\n\n<p><a href=\"https:\/\/nordicmed.natural.pl\/?page_id=326\">Preview in new tab(opens in a new tab)<\/a><\/p>\n\n\n\n<p>reviews<\/p>\n\n<\/div>\n\n<div role=\"tabpanel\" class=\"wp-block-ub-tabbed-content-tab-content-wrap ub-hide\"\n        id=\"ub-tabbed-content--panel-1\" aria-labelledby=\"ub-tabbed-content--tab-1\" tabindex=\"0\">\n\n<p><\/p>\n\n<\/div>\n\n<div role=\"tabpanel\" class=\"wp-block-ub-tabbed-content-tab-content-wrap ub-hide\"\n        id=\"ub-tabbed-content--panel-2\" aria-labelledby=\"ub-tabbed-content--tab-2\" tabindex=\"0\">\n\n<p><\/p>\n\n<\/div>\n\n<div class=\"wp-block-ub-tabbed-content-block wp-block-ub-tabbed-content wp-block-ub-tabbed-content-holder wp-block-ub-tabbed-content-horizontal-holder-mobile wp-block-ub-tabbed-content-horizontal-holder-tablet\" id=\"ub-tabbed-content-b488f646-f19c-476c-9408-5e60a87e5036\">\n\t\t\t<div class=\"wp-block-ub-tabbed-content-tab-holder horizontal-tab-width-mobile horizontal-tab-width-tablet\">\n\t\t\t\t<div role=\"tablist\" class=\"wp-block-ub-tabbed-content-tabs-title wp-block-ub-tabbed-content-tabs-title-mobile-horizontal-tab wp-block-ub-tabbed-content-tabs-title-tablet-horizontal-tab\"><div role=\"tab\" id=\"ub-tabbed-content-b488f646-f19c-476c-9408-5e60a87e5036-tab-0\" aria-controls=\"ub-tabbed-content-b488f646-f19c-476c-9408-5e60a87e5036-panel-0\" aria-selected=\"true\" class=\"wp-block-ub-tabbed-content-tab-title-wrap active\" style=\"\" tabindex=\"-1\">\n\t\t\t\t<div class=\"wp-block-ub-tabbed-content-tab-title\">Inform\u0101cija par uzturviel\u0101m<\/div>\n\t\t\t<\/div><\/div>\n\t\t\t<\/div>\n\t\t\t<div class=\"wp-block-ub-tabbed-content-tabs-content\" style=\"\"><div role=\"tabpanel\" class=\"wp-block-ub-tabbed-content-tab-content-wrap active\"\n        id=\"ub-tabbed-content-b488f646-f19c-476c-9408-5e60a87e5036-panel-0\" aria-labelledby=\"ub-tabbed-content-b488f646-f19c-476c-9408-5e60a87e5036-tab-0\" tabindex=\"0\">\n\n<p>Vitamin C+<\/p>\n\n\n\n<p>Ieteicam\u0101 diennakts deva satur:&nbsp;<\/p>\n\n\n\n<figure class=\"wp-block-table is-style-borders\"><table class=\"has-fixed-layout\"><thead><tr><th><strong><strong>Sast\u0101vda\u013cas<\/strong><\/strong><\/th><th><strong>1 tablet<\/strong> saturs<\/th><th>NRV *<\/th><\/tr><\/thead><tbody><tr><td>Vitam\u012bns C<\/td><td>200 mg<\/td><td>250<\/td><\/tr><\/tbody><\/table><\/figure>\n\n\n\n<p>*&nbsp; NRV \u2013 uzturvielu atsauces v\u0113rt\u012bba&nbsp;<\/p>\n\n\n\n<p><strong>Sast\u0101vs:&nbsp;<\/strong>maltodekstr\u012bns, L-askorb\u012bnsk\u0101be, me\u017eroz\u012btes aug\u013cu pulveris,&nbsp;pretsalipes vielas (kalcija fosf\u0101ts, sil\u012bcija dioks\u012bds), biezin\u0101t\u0101ji (celuloze,&nbsp;tauksk\u0101bju magnija s\u0101\u013ci) glaz\u0113t\u0101jviela,&nbsp;(hidroksipropilmetilceluloze).&nbsp;<\/p>\n\n\n\n<p><strong>Lieto\u0161ana:<\/strong>&nbsp;Produkta m\u0113r\u0137is ir papildin\u0101t ikdienas uzturu ar vitam\u012bnu C.&nbsp;<\/p>\n\n\n\n<p>Ieteicam\u0101 produkta pat\u0113ri\u0146a diennakts deva: 1 tablete dien\u0101&nbsp;<\/p>\n\n\n\n<p><strong>Neto daudzums:<\/strong>&nbsp;162 g (360 tabletes, 450 mg katra)&nbsp;<\/p>\n\n\n\n<p><strong>Uzman\u012bbu<\/strong>:&nbsp;nep\u0101rsniegt ieteicamo diennakts&nbsp;devu. Uztura bag\u0101tin\u0101t\u0101js neizst\u0101j pilnv\u0113rt\u012bgu un sabalans\u0113tu uzturu.&nbsp;Neizmantot uztura bag\u0101tin\u0101t\u0101ju pilnv\u0113rt\u012bga un sabalans\u0113ta uztura aizvieto\u0161anai<\/p>\n\n\n\n<p><strong>Der\u012bguma termi\u0146\u0161:&nbsp;<\/strong>l\u012bdz datumam, kas nor\u0101d\u012bts uz iepakojuma&nbsp;<\/p>\n\n\n\n<p><strong>Ra\u017eo\u0161anas s\u0113rija:<\/strong>&nbsp;nor\u0101d\u012bta uz iepakojuma&nbsp;<\/p>\n\n\n\n<p><strong>Uzglab\u0101\u0161ana:<\/strong>&nbsp;maks. 25\u00b0C, sarg\u0101t no gaismas un mitruma&nbsp;<\/p>\n\n\n\n<p><strong>Ra\u017eots Norv\u0113\u0123ij\u0101<\/strong>, Pharmatech AS priek\u0161&nbsp;<br>Natural Pharmaceuticals Sp. z o.o.&nbsp;<\/p>\n\n\n\n<p><strong>Izplat\u012bt\u0101js:&nbsp;<\/strong>Natural Pharmaceuticals Sp. z o.o.&nbsp;<br>Domaniewska 28, 02-672 Var\u0161ava, Polija&nbsp;<\/p>\n\n\n\n<p><\/p>\n\n<\/div><\/div>\n\t\t<\/div>\n\n\n<figure class=\"wp-block-image alignfull size-full\"><img loading=\"lazy\" decoding=\"async\" width=\"1520\" height=\"500\" src=\"https:\/\/naturalpharmaceuticals.eu\/wp-content\/uploads\/sites\/2\/2021\/03\/Natural_Pharmaceuticals_Vitamin_C_IMG_7872.jpg\" alt=\"\" class=\"wp-image-2669\" srcset=\"https:\/\/naturalpharmaceuticals.eu\/wp-content\/uploads\/sites\/2\/2021\/03\/Natural_Pharmaceuticals_Vitamin_C_IMG_7872.jpg 1520w, https:\/\/naturalpharmaceuticals.eu\/wp-content\/uploads\/sites\/2\/2021\/03\/Natural_Pharmaceuticals_Vitamin_C_IMG_7872-300x99.jpg 300w, https:\/\/naturalpharmaceuticals.eu\/wp-content\/uploads\/sites\/2\/2021\/03\/Natural_Pharmaceuticals_Vitamin_C_IMG_7872-1024x337.jpg 1024w, https:\/\/naturalpharmaceuticals.eu\/wp-content\/uploads\/sites\/2\/2021\/03\/Natural_Pharmaceuticals_Vitamin_C_IMG_7872-768x253.jpg 768w\" sizes=\"auto, (max-width: 1520px) 100vw, 1520px\" \/><\/figure>\n","protected":false},"excerpt":{"rendered":"<p>Vitamin C+ Vitamin C+\u00a0 galveno sast\u0101vda\u013cu loma cilv\u0113ka organism\u0101 ir pozit\u012bvi nov\u0113rt\u0113ta Eiropas P\u0101rtikas nekait\u012bguma iest\u0101des (EFSA) izdotaj\u0101s vesel\u012bguma nor\u0101d\u0113s: C vitam\u012bns pal\u012bdz uztur\u0113t norm\u0101lu im\u016bnsist\u0113mas darb\u012bbu intens\u012bvas fiziskas slodzes laik\u0101 un p\u0113c t\u0101s.&nbsp;C vitam\u012bns veicina norm\u0101lu kolag\u0113na veido\u0161anos, kas&#x2026; <\/p>\n<p class=\"more-link-container th-uppercase\"><a href=\"https:\/\/naturalpharmaceuticals.eu\/lv\/musu-produkti\/vitamin-c\/\" class=\"more-link\">Read More <span class=\"screen-reader-text\">Vitamin C+<\/span><\/a><\/p>\n","protected":false},"author":1,"featured_media":4758,"parent":4735,"menu_order":0,"comment_status":"closed","ping_status":"closed","template":"templates\/grid-full-width-page.php","meta":{"ub_ctt_via":"","footnotes":""},"class_list":["post-4913","page","type-page","status-publish","has-post-thumbnail","hentry"],"featured_image_src":"https:\/\/naturalpharmaceuticals.eu\/wp-content\/uploads\/sites\/2\/2020\/12\/PL_banner_760x300_v2_14_Natural_Pharmaceuticals_Vitamin_C_plus.jpg","yoast_head":"<!-- This site is optimized with the Yoast SEO plugin v24.4 - https:\/\/yoast.com\/wordpress\/plugins\/seo\/ -->\n<title>Vitamin C+ - Natural Pharmaceuticals<\/title>\n<meta name=\"robots\" content=\"index, follow, max-snippet:-1, max-image-preview:large, max-video-preview:-1\" \/>\n<link rel=\"canonical\" href=\"https:\/\/naturalpharmaceuticals.eu\/lv\/musu-produkti\/vitamin-c\/\" \/>\n<meta property=\"og:locale\" content=\"lv_LV\" \/>\n<meta property=\"og:type\" content=\"article\" \/>\n<meta property=\"og:title\" content=\"Vitamin C+ - Natural Pharmaceuticals\" \/>\n<meta property=\"og:description\" content=\"Vitamin C+ Vitamin C+\u00a0 galveno sast\u0101vda\u013cu loma cilv\u0113ka organism\u0101 ir pozit\u012bvi nov\u0113rt\u0113ta Eiropas P\u0101rtikas nekait\u012bguma iest\u0101des (EFSA) izdotaj\u0101s vesel\u012bguma nor\u0101d\u0113s: C vitam\u012bns pal\u012bdz uztur\u0113t norm\u0101lu im\u016bnsist\u0113mas darb\u012bbu intens\u012bvas fiziskas slodzes laik\u0101 un p\u0113c t\u0101s.&nbsp;C vitam\u012bns veicina norm\u0101lu kolag\u0113na veido\u0161anos, kas&#x2026; Read More Vitamin C+\" \/>\n<meta property=\"og:url\" content=\"https:\/\/naturalpharmaceuticals.eu\/lv\/musu-produkti\/vitamin-c\/\" \/>\n<meta property=\"og:site_name\" content=\"Natural Pharmaceuticals\" \/>\n<meta property=\"article:modified_time\" content=\"2024-04-10T10:23:28+00:00\" \/>\n<meta property=\"og:image\" content=\"https:\/\/naturalpharmaceuticals.eu\/wp-content\/uploads\/sites\/2\/2020\/12\/PL_banner_760x300_v2_14_Natural_Pharmaceuticals_Vitamin_C_plus.jpg\" \/>\n\t<meta property=\"og:image:width\" content=\"760\" \/>\n\t<meta property=\"og:image:height\" content=\"300\" \/>\n\t<meta property=\"og:image:type\" content=\"image\/jpeg\" \/>\n<meta name=\"twitter:card\" content=\"summary_large_image\" \/>\n<meta name=\"twitter:label1\" content=\"Est. reading time\" \/>\n\t<meta name=\"twitter:data1\" content=\"2 minutes\" \/>\n<script type=\"application\/ld+json\" class=\"yoast-schema-graph\">{\"@context\":\"https:\/\/schema.org\",\"@graph\":[{\"@type\":\"WebPage\",\"@id\":\"https:\/\/naturalpharmaceuticals.eu\/lv\/musu-produkti\/vitamin-c\/\",\"url\":\"https:\/\/naturalpharmaceuticals.eu\/lv\/musu-produkti\/vitamin-c\/\",\"name\":\"Vitamin C+ - Natural Pharmaceuticals\",\"isPartOf\":{\"@id\":\"https:\/\/naturalpharmaceuticals.eu\/lv\/#website\"},\"primaryImageOfPage\":{\"@id\":\"https:\/\/naturalpharmaceuticals.eu\/lv\/musu-produkti\/vitamin-c\/#primaryimage\"},\"image\":{\"@id\":\"https:\/\/naturalpharmaceuticals.eu\/lv\/musu-produkti\/vitamin-c\/#primaryimage\"},\"thumbnailUrl\":\"https:\/\/naturalpharmaceuticals.eu\/wp-content\/uploads\/sites\/2\/2020\/12\/PL_banner_760x300_v2_14_Natural_Pharmaceuticals_Vitamin_C_plus.jpg\",\"datePublished\":\"2021-05-26T10:31:12+00:00\",\"dateModified\":\"2024-04-10T10:23:28+00:00\",\"breadcrumb\":{\"@id\":\"https:\/\/naturalpharmaceuticals.eu\/lv\/musu-produkti\/vitamin-c\/#breadcrumb\"},\"inLanguage\":\"lv-LV\",\"potentialAction\":[{\"@type\":\"ReadAction\",\"target\":[\"https:\/\/naturalpharmaceuticals.eu\/lv\/musu-produkti\/vitamin-c\/\"]}]},{\"@type\":\"ImageObject\",\"inLanguage\":\"lv-LV\",\"@id\":\"https:\/\/naturalpharmaceuticals.eu\/lv\/musu-produkti\/vitamin-c\/#primaryimage\",\"url\":\"https:\/\/naturalpharmaceuticals.eu\/wp-content\/uploads\/sites\/2\/2020\/12\/PL_banner_760x300_v2_14_Natural_Pharmaceuticals_Vitamin_C_plus.jpg\",\"contentUrl\":\"https:\/\/naturalpharmaceuticals.eu\/wp-content\/uploads\/sites\/2\/2020\/12\/PL_banner_760x300_v2_14_Natural_Pharmaceuticals_Vitamin_C_plus.jpg\",\"width\":760,\"height\":300},{\"@type\":\"BreadcrumbList\",\"@id\":\"https:\/\/naturalpharmaceuticals.eu\/lv\/musu-produkti\/vitamin-c\/#breadcrumb\",\"itemListElement\":[{\"@type\":\"ListItem\",\"position\":1,\"name\":\"Home\",\"item\":\"https:\/\/naturalpharmaceuticals.eu\/lv\/\"},{\"@type\":\"ListItem\",\"position\":2,\"name\":\"M\u016bsu produkti\",\"item\":\"https:\/\/naturalpharmaceuticals.eu\/lv\/musu-produkti\/\"},{\"@type\":\"ListItem\",\"position\":3,\"name\":\"Vitamin C+\"}]},{\"@type\":\"WebSite\",\"@id\":\"https:\/\/naturalpharmaceuticals.eu\/lv\/#website\",\"url\":\"https:\/\/naturalpharmaceuticals.eu\/lv\/\",\"name\":\"Natural Pharmaceuticals\",\"description\":\"\",\"publisher\":{\"@id\":\"https:\/\/naturalpharmaceuticals.eu\/lv\/#organization\"},\"potentialAction\":[{\"@type\":\"SearchAction\",\"target\":{\"@type\":\"EntryPoint\",\"urlTemplate\":\"https:\/\/naturalpharmaceuticals.eu\/lv\/?s={search_term_string}\"},\"query-input\":{\"@type\":\"PropertyValueSpecification\",\"valueRequired\":true,\"valueName\":\"search_term_string\"}}],\"inLanguage\":\"lv-LV\"},{\"@type\":\"Organization\",\"@id\":\"https:\/\/naturalpharmaceuticals.eu\/lv\/#organization\",\"name\":\"Natural Pharmaceuticals\",\"url\":\"https:\/\/naturalpharmaceuticals.eu\/lv\/\",\"logo\":{\"@type\":\"ImageObject\",\"inLanguage\":\"lv-LV\",\"@id\":\"https:\/\/naturalpharmaceuticals.eu\/lv\/#\/schema\/logo\/image\/\",\"url\":\"https:\/\/naturalpharmaceuticals.eu\/wp-content\/uploads\/sites\/2\/2020\/11\/cropped-natural-pharmaceuticals-logo.png\",\"contentUrl\":\"https:\/\/naturalpharmaceuticals.eu\/wp-content\/uploads\/sites\/2\/2020\/11\/cropped-natural-pharmaceuticals-logo.png\",\"width\":900,\"height\":323,\"caption\":\"Natural Pharmaceuticals\"},\"image\":{\"@id\":\"https:\/\/naturalpharmaceuticals.eu\/lv\/#\/schema\/logo\/image\/\"}}]}<\/script>\n<!-- \/ Yoast SEO plugin. -->","yoast_head_json":{"title":"Vitamin C+ - Natural Pharmaceuticals","robots":{"index":"index","follow":"follow","max-snippet":"max-snippet:-1","max-image-preview":"max-image-preview:large","max-video-preview":"max-video-preview:-1"},"canonical":"https:\/\/naturalpharmaceuticals.eu\/lv\/musu-produkti\/vitamin-c\/","og_locale":"lv_LV","og_type":"article","og_title":"Vitamin C+ - Natural Pharmaceuticals","og_description":"Vitamin C+ Vitamin C+\u00a0 galveno sast\u0101vda\u013cu loma cilv\u0113ka organism\u0101 ir pozit\u012bvi nov\u0113rt\u0113ta Eiropas P\u0101rtikas nekait\u012bguma iest\u0101des (EFSA) izdotaj\u0101s vesel\u012bguma nor\u0101d\u0113s: C vitam\u012bns pal\u012bdz uztur\u0113t norm\u0101lu im\u016bnsist\u0113mas darb\u012bbu intens\u012bvas fiziskas slodzes laik\u0101 un p\u0113c t\u0101s.&nbsp;C vitam\u012bns veicina norm\u0101lu kolag\u0113na veido\u0161anos, kas&#x2026; Read More Vitamin C+","og_url":"https:\/\/naturalpharmaceuticals.eu\/lv\/musu-produkti\/vitamin-c\/","og_site_name":"Natural Pharmaceuticals","article_modified_time":"2024-04-10T10:23:28+00:00","og_image":[{"width":760,"height":300,"url":"https:\/\/naturalpharmaceuticals.eu\/wp-content\/uploads\/sites\/2\/2020\/12\/PL_banner_760x300_v2_14_Natural_Pharmaceuticals_Vitamin_C_plus.jpg","type":"image\/jpeg"}],"twitter_card":"summary_large_image","twitter_misc":{"Est. reading time":"2 minutes"},"schema":{"@context":"https:\/\/schema.org","@graph":[{"@type":"WebPage","@id":"https:\/\/naturalpharmaceuticals.eu\/lv\/musu-produkti\/vitamin-c\/","url":"https:\/\/naturalpharmaceuticals.eu\/lv\/musu-produkti\/vitamin-c\/","name":"Vitamin C+ - Natural Pharmaceuticals","isPartOf":{"@id":"https:\/\/naturalpharmaceuticals.eu\/lv\/#website"},"primaryImageOfPage":{"@id":"https:\/\/naturalpharmaceuticals.eu\/lv\/musu-produkti\/vitamin-c\/#primaryimage"},"image":{"@id":"https:\/\/naturalpharmaceuticals.eu\/lv\/musu-produkti\/vitamin-c\/#primaryimage"},"thumbnailUrl":"https:\/\/naturalpharmaceuticals.eu\/wp-content\/uploads\/sites\/2\/2020\/12\/PL_banner_760x300_v2_14_Natural_Pharmaceuticals_Vitamin_C_plus.jpg","datePublished":"2021-05-26T10:31:12+00:00","dateModified":"2024-04-10T10:23:28+00:00","breadcrumb":{"@id":"https:\/\/naturalpharmaceuticals.eu\/lv\/musu-produkti\/vitamin-c\/#breadcrumb"},"inLanguage":"lv-LV","potentialAction":[{"@type":"ReadAction","target":["https:\/\/naturalpharmaceuticals.eu\/lv\/musu-produkti\/vitamin-c\/"]}]},{"@type":"ImageObject","inLanguage":"lv-LV","@id":"https:\/\/naturalpharmaceuticals.eu\/lv\/musu-produkti\/vitamin-c\/#primaryimage","url":"https:\/\/naturalpharmaceuticals.eu\/wp-content\/uploads\/sites\/2\/2020\/12\/PL_banner_760x300_v2_14_Natural_Pharmaceuticals_Vitamin_C_plus.jpg","contentUrl":"https:\/\/naturalpharmaceuticals.eu\/wp-content\/uploads\/sites\/2\/2020\/12\/PL_banner_760x300_v2_14_Natural_Pharmaceuticals_Vitamin_C_plus.jpg","width":760,"height":300},{"@type":"BreadcrumbList","@id":"https:\/\/naturalpharmaceuticals.eu\/lv\/musu-produkti\/vitamin-c\/#breadcrumb","itemListElement":[{"@type":"ListItem","position":1,"name":"Home","item":"https:\/\/naturalpharmaceuticals.eu\/lv\/"},{"@type":"ListItem","position":2,"name":"M\u016bsu produkti","item":"https:\/\/naturalpharmaceuticals.eu\/lv\/musu-produkti\/"},{"@type":"ListItem","position":3,"name":"Vitamin C+"}]},{"@type":"WebSite","@id":"https:\/\/naturalpharmaceuticals.eu\/lv\/#website","url":"https:\/\/naturalpharmaceuticals.eu\/lv\/","name":"Natural Pharmaceuticals","description":"","publisher":{"@id":"https:\/\/naturalpharmaceuticals.eu\/lv\/#organization"},"potentialAction":[{"@type":"SearchAction","target":{"@type":"EntryPoint","urlTemplate":"https:\/\/naturalpharmaceuticals.eu\/lv\/?s={search_term_string}"},"query-input":{"@type":"PropertyValueSpecification","valueRequired":true,"valueName":"search_term_string"}}],"inLanguage":"lv-LV"},{"@type":"Organization","@id":"https:\/\/naturalpharmaceuticals.eu\/lv\/#organization","name":"Natural Pharmaceuticals","url":"https:\/\/naturalpharmaceuticals.eu\/lv\/","logo":{"@type":"ImageObject","inLanguage":"lv-LV","@id":"https:\/\/naturalpharmaceuticals.eu\/lv\/#\/schema\/logo\/image\/","url":"https:\/\/naturalpharmaceuticals.eu\/wp-content\/uploads\/sites\/2\/2020\/11\/cropped-natural-pharmaceuticals-logo.png","contentUrl":"https:\/\/naturalpharmaceuticals.eu\/wp-content\/uploads\/sites\/2\/2020\/11\/cropped-natural-pharmaceuticals-logo.png","width":900,"height":323,"caption":"Natural Pharmaceuticals"},"image":{"@id":"https:\/\/naturalpharmaceuticals.eu\/lv\/#\/schema\/logo\/image\/"}}]}},"jetpack_sharing_enabled":true,"_links":{"self":[{"href":"https:\/\/naturalpharmaceuticals.eu\/lv\/wp-json\/wp\/v2\/pages\/4913","targetHints":{"allow":["GET"]}}],"collection":[{"href":"https:\/\/naturalpharmaceuticals.eu\/lv\/wp-json\/wp\/v2\/pages"}],"about":[{"href":"https:\/\/naturalpharmaceuticals.eu\/lv\/wp-json\/wp\/v2\/types\/page"}],"author":[{"embeddable":true,"href":"https:\/\/naturalpharmaceuticals.eu\/lv\/wp-json\/wp\/v2\/users\/1"}],"replies":[{"embeddable":true,"href":"https:\/\/naturalpharmaceuticals.eu\/lv\/wp-json\/wp\/v2\/comments?post=4913"}],"version-history":[{"count":5,"href":"https:\/\/naturalpharmaceuticals.eu\/lv\/wp-json\/wp\/v2\/pages\/4913\/revisions"}],"predecessor-version":[{"id":24717,"href":"https:\/\/naturalpharmaceuticals.eu\/lv\/wp-json\/wp\/v2\/pages\/4913\/revisions\/24717"}],"up":[{"embeddable":true,"href":"https:\/\/naturalpharmaceuticals.eu\/lv\/wp-json\/wp\/v2\/pages\/4735"}],"wp:featuredmedia":[{"embeddable":true,"href":"https:\/\/naturalpharmaceuticals.eu\/lv\/wp-json\/wp\/v2\/media\/4758"}],"wp:attachment":[{"href":"https:\/\/naturalpharmaceuticals.eu\/lv\/wp-json\/wp\/v2\/media?parent=4913"}],"curies":[{"name":"wp","href":"https:\/\/api.w.org\/{rel}","templated":true}]}}