{"id":15799,"date":"2022-12-20T15:00:48","date_gmt":"2022-12-20T15:00:48","guid":{"rendered":"https:\/\/naturalpharmaceuticals.eu\/?page_id=15799"},"modified":"2026-03-04T13:18:33","modified_gmt":"2026-03-04T13:18:33","slug":"movisan-collagen-ii","status":"publish","type":"page","link":"https:\/\/naturalpharmaceuticals.eu\/pl\/nasze-suplementy\/movisan-collagen-ii\/","title":{"rendered":"Movisan\u00ae\u00a0 Collagen II"},"content":{"rendered":"\n<div class=\"wp-block-group\"><div class=\"wp-block-group__inner-container is-layout-flow wp-block-group-is-layout-flow\">\n<div class=\"wp-block-columns is-layout-flex wp-container-core-columns-is-layout-1 wp-block-columns-is-layout-flex\">\n<div class=\"wp-block-column is-layout-flow wp-block-column-is-layout-flow\">\n<figure class=\"wp-block-image size-large is-resized sticky\"><img loading=\"lazy\" decoding=\"async\" width=\"923\" height=\"1024\" src=\"https:\/\/naturalpharmaceuticals.eu\/wp-content\/uploads\/sites\/2\/2022\/12\/movisan-360-kapsulek-923x1024.png\" alt=\"\" class=\"wp-image-15810\" style=\"width:379px;height:420px\" srcset=\"https:\/\/naturalpharmaceuticals.eu\/wp-content\/uploads\/sites\/2\/2022\/12\/movisan-360-kapsulek-923x1024.png 923w, https:\/\/naturalpharmaceuticals.eu\/wp-content\/uploads\/sites\/2\/2022\/12\/movisan-360-kapsulek-270x300.png 270w, https:\/\/naturalpharmaceuticals.eu\/wp-content\/uploads\/sites\/2\/2022\/12\/movisan-360-kapsulek-768x852.png 768w, https:\/\/naturalpharmaceuticals.eu\/wp-content\/uploads\/sites\/2\/2022\/12\/movisan-360-kapsulek.png 975w\" sizes=\"auto, (max-width: 923px) 100vw, 923px\" \/><\/figure>\n<\/div>\n\n\n\n<div class=\"wp-block-column product-info-frame is-layout-flow wp-block-column-is-layout-flow\">\n<p style=\"font-size:18px\"><strong><strong>Movisan\u00ae\u00a0 Collagen II<\/strong><\/strong><\/p>\n\n\n\n<ul class=\"wp-block-list list-style-check-sign line-height-25\">\n<li>Unikalne sk\u0142adniki <a href=\"https:\/\/www.tandfonline.com\/doi\/abs\/10.1080\/J157v04n03_06\">wspieraj\u0105<\/a> komfort staw\u00f3w (<em>Boswellia serrata<\/em>)<\/li>\n\n\n\n<li>Kolagen natywny typu II, kt\u00f3ry szybko si\u0119 <a href=\"https:\/\/www.longdom.org\/open-access-pdfs\/an-emin-vitroem-study-on-the-effect-of-five-commercial-calcium-supplements-on-human-osteoblast-cell-proliferation-and-casup2sup-mi-2155-9600-1000738.pdf\">wch\u0142ania<\/a><\/li>\n\n\n\n<li>Kwas hialuronowy (HAPLEX\u00ae Plus)<\/li>\n\n\n\n<li>Optymalny sk\u0142ad oparty o naturalne sk\u0142adniki<\/li>\n\n\n\n<li>Wyprodukowany w Norwegii<\/li>\n\n\n\n<li>Tylko 1 kapsu\u0142ka dziennie<\/li>\n\n\n\n<li>Rekomendowany dla os\u00f3b starszych i aktywnie uprawiaj\u0105cych sport<\/li>\n<\/ul>\n\n\n\n<p><\/p>\n<\/div>\n<\/div>\n<\/div><\/div>\n\n\n\n<div class=\"packshot-bg-wrapper\"><div class=\"full-width-inside-container packshot-bg packshot-bg-ms\"><\/div><\/div>\n\n\n\n<p>Dzia\u0142anie sk\u0142adnik\u00f3w suplementu diety Movisan\u00ae\u00a0 Collagen II zosta\u0142o udokumentowane w o\u015bwiadczeniach zdrowotnych pozytywnie zaopiniowanych przez Europejski Urz\u0105d ds. Bezpiecze\u0144stwa \u017bywno\u015bci (EFSA). Zgodnie z nimi:<\/p>\n\n\n\n<p>\u2022<strong> Witamina C<\/strong> \u2013 pomaga w prawid\u0142owej produkcji kolagenu w celu zapewnienia w\u0142a\u015bciwego funkcjonowania chrz\u0105stek stawowych i ko\u015bci.<br>\u2022 <strong>Mangan<\/strong> \u2013 pomaga w prawid\u0142owym tworzeniu tkanek \u0142\u0105cznych. Przyczynia si\u0119 tak\u017ce do utrzymania zdrowych ko\u015bci.<br>\u2022 <strong>Foliany<\/strong> \u2013 pomagaj\u0105 w prawid\u0142owej syntezie aminokwas\u00f3w (w tym glicyny \u2013 g\u0142\u00f3wnego sk\u0142adnika kolagenu).<\/p>\n\n\n<div role=\"tabpanel\" class=\"wp-block-ub-tabbed-content-tab-content-wrap ub-hide\"\n        id=\"ub-tabbed-content--panel-0\" aria-labelledby=\"ub-tabbed-content--tab-0\" tabindex=\"0\">\n\n<p><a href=\"https:\/\/nordicmed.natural.pl\/?page_id=326\">Preview in new tab(opens in a new tab)<\/a><\/p>\n\n\n\n<p>reviews<\/p>\n\n<\/div>\n\n<div role=\"tabpanel\" class=\"wp-block-ub-tabbed-content-tab-content-wrap ub-hide\"\n        id=\"ub-tabbed-content--panel-1\" aria-labelledby=\"ub-tabbed-content--tab-1\" tabindex=\"0\">\n\n<p><\/p>\n\n<\/div>\n\n<div role=\"tabpanel\" class=\"wp-block-ub-tabbed-content-tab-content-wrap ub-hide\"\n        id=\"ub-tabbed-content--panel-2\" aria-labelledby=\"ub-tabbed-content--tab-2\" tabindex=\"0\">\n\n<p><\/p>\n\n<\/div>\n\n<div class=\"wp-block-ub-tabbed-content-block wp-block-ub-tabbed-content wp-block-ub-tabbed-content-holder wp-block-ub-tabbed-content-horizontal-holder-mobile wp-block-ub-tabbed-content-horizontal-holder-tablet\" id=\"ub-tabbed-content-9ec781d1-3566-464f-9872-b6801a35f0b5\">\n\t\t\t<div class=\"wp-block-ub-tabbed-content-tab-holder horizontal-tab-width-mobile horizontal-tab-width-tablet\">\n\t\t\t\t<div role=\"tablist\" class=\"wp-block-ub-tabbed-content-tabs-title wp-block-ub-tabbed-content-tabs-title-mobile-horizontal-tab wp-block-ub-tabbed-content-tabs-title-tablet-horizontal-tab\"><div role=\"tab\" id=\"ub-tabbed-content-9ec781d1-3566-464f-9872-b6801a35f0b5-tab-0\" aria-controls=\"ub-tabbed-content-9ec781d1-3566-464f-9872-b6801a35f0b5-panel-0\" aria-selected=\"true\" class=\"wp-block-ub-tabbed-content-tab-title-wrap active\" style=\"\" tabindex=\"-1\">\n\t\t\t\t<div class=\"wp-block-ub-tabbed-content-tab-title\">Szczeg\u00f3\u0142owe informacje o suplemencie diety<\/div>\n\t\t\t<\/div><\/div>\n\t\t\t<\/div>\n\t\t\t<div class=\"wp-block-ub-tabbed-content-tabs-content\" style=\"\"><div role=\"tabpanel\" class=\"wp-block-ub-tabbed-content-tab-content-wrap active\"\n        id=\"ub-tabbed-content-9ec781d1-3566-464f-9872-b6801a35f0b5-panel-0\" aria-labelledby=\"ub-tabbed-content-9ec781d1-3566-464f-9872-b6801a35f0b5-tab-0\" tabindex=\"0\">\n\n<p>Movisan\u00ae\u00a0 Collagen II<\/p>\n\n\n\n<p>*RWS \u2013 Referencyjne Warto\u015bci Spo\u017cycia<\/p>\n\n\n\n<p><strong>Sk\u0142adniki:<\/strong> <strong>sproszkowane o\u015bci rybie z \u0142ososia norweskiego<\/strong> (niezdenaturowany kolagen typu II, wap\u0144), \u017celatyna, inulina, kwas L-askorbinowy, substancja zag\u0119szczaj\u0105ca: celuloza; ekstrakt z \u017cywicy kadzid\u0142owca indyjskiego (Boswellia serrata Roxb. ex Colebr) standaryzowany na zawarto\u015b\u0107 60% kwas\u00f3w boswelinowych DER 6:1, substancja przeciwzbrylaj\u0105ca: fosforany wapnia; hialuronian sodu, siarczan manganu, substancja przeciwzbrylaj\u0105ca: dwutlenek krzemu, substancja zag\u0119szczaj\u0105ca: sole magnezowe kwas\u00f3w t\u0142uszczowych; kwas pteroilomonoglutaminowy; barwniki: tlenki wodorotlenki \u017celaza, kwas karminowy, karmin, \u017c\u00f3\u0142cie\u0144 pomara\u0144czowa FCF, b\u0142\u0119kit brylantowy FCF.<\/p>\n\n\n\n<p><strong>Movisan\u00ae\u00a0 Collagen II \u2013 jedna kapsu\u0142ka dziennie.<\/strong><br><strong><br><strong>Zastosowanie: <\/strong><\/strong>Movisan\u00ae\u00a0 Collagen II zosta\u0142 opracowany z my\u015bl\u0105 o wszystkich osobach dbaj\u0105cych o utrzymanie prawid\u0142owej kondycji chrz\u0105stki \u2013 zw\u0142aszcza starszych i aktywnie uprawniaj\u0105cych sport.<br><br><strong>Porcja produktu zalecana do spo\u017cycia w ci\u0105gu dnia:<\/strong> 1 kapsu\u0142ka.<br><br><strong><strong>Ilo\u015b\u0107 netto:<\/strong> <\/strong>108 g (180 kapsu\u0142ek po 600 mg)<br><br><strong>Uwaga:<\/strong> Ten \u015brodek spo\u017cywczy nie powinien by\u0107 stosowany u kobiet w ci\u0105\u017cy i w trakcie laktacji oraz w przypadku alergii na kt\u00f3rykolwiek ze sk\u0142adnik\u00f3w. U os\u00f3b przyjmuj\u0105cych leki stosowa\u0107 po konsultacji z lekarzem. \u017b\u00f3\u0142cie\u0144 pomara\u0144czowa: mo\u017ce mie\u0107 szkodliwy wp\u0142yw na aktywno\u015b\u0107 i skupienie uwagi u dzieci.<\/p>\n\n\n\n<p><strong>Ostrze\u017cenie:<\/strong> nie nale\u017cy przekracza\u0107 zalecanej porcji do spo\u017cycia w ci\u0105gu dnia. Suplementy diety nie mog\u0105 by\u0107 stosowane jako substytut (zamiennik) zr\u00f3\u017cnicowanej diety. Bardzo wa\u017cny jest zr\u00f3wnowa\u017cony spos\u00f3b \u017cywienia i zdrowy tryb \u017cycia.<\/p>\n\n\n\n<p><strong>Najlepiej spo\u017cy\u0107 przed ko\u0144cem:<\/strong> na opakowaniu<\/p>\n\n\n\n<p><strong>Numer partii produkcyjnej: <\/strong>na opakowaniu<\/p>\n\n\n\n<p><strong>Przechowywanie:<\/strong> w suchym miejscu, w spos\u00f3b niedost\u0119pny dla ma\u0142ych dzieci.<\/p>\n\n\n\n<p><strong>Wyprodukowano w Norwegii<\/strong> <strong>przez Pharmatech A.S.<\/strong><\/p>\n\n\n\n<p><strong>Dystrybutor:<\/strong><br>Natural Pharmaceuticals Sp. z o.o.,<br>ul. Domaniewska 28,<br>02-672 Warszawa<\/p>\n\n\n\n<p><\/p>\n\n<\/div><\/div>\n\t\t<\/div>\n\n\n<figure class=\"wp-block-image alignfull size-full\"><img loading=\"lazy\" decoding=\"async\" width=\"1520\" height=\"500\" src=\"https:\/\/naturalpharmaceuticals.eu\/wp-content\/uploads\/sites\/2\/2023\/02\/Movisan-Collagen-II.png\" alt=\"\" class=\"wp-image-17075\" srcset=\"https:\/\/naturalpharmaceuticals.eu\/wp-content\/uploads\/sites\/2\/2023\/02\/Movisan-Collagen-II.png 1520w, https:\/\/naturalpharmaceuticals.eu\/wp-content\/uploads\/sites\/2\/2023\/02\/Movisan-Collagen-II-300x99.png 300w, https:\/\/naturalpharmaceuticals.eu\/wp-content\/uploads\/sites\/2\/2023\/02\/Movisan-Collagen-II-1024x337.png 1024w, https:\/\/naturalpharmaceuticals.eu\/wp-content\/uploads\/sites\/2\/2023\/02\/Movisan-Collagen-II-768x253.png 768w\" sizes=\"auto, (max-width: 1520px) 100vw, 1520px\" \/><\/figure>\n","protected":false},"excerpt":{"rendered":"<p>Movisan\u00ae\u00a0 Collagen II Dzia\u0142anie sk\u0142adnik\u00f3w suplementu diety Movisan\u00ae\u00a0 Collagen II zosta\u0142o udokumentowane w o\u015bwiadczeniach zdrowotnych pozytywnie zaopiniowanych przez Europejski Urz\u0105d ds. Bezpiecze\u0144stwa \u017bywno\u015bci (EFSA). Zgodnie z nimi: \u2022 Witamina C \u2013 pomaga w prawid\u0142owej produkcji kolagenu w celu zapewnienia w\u0142a\u015bciwego&#x2026; <\/p>\n<p class=\"more-link-container th-uppercase\"><a href=\"https:\/\/naturalpharmaceuticals.eu\/pl\/nasze-suplementy\/movisan-collagen-ii\/\" class=\"more-link\">Read More <span class=\"screen-reader-text\">Movisan\u00ae\u00a0 Collagen II<\/span><\/a><\/p>\n","protected":false},"author":4,"featured_media":15821,"parent":2832,"menu_order":0,"comment_status":"closed","ping_status":"closed","template":"templates\/grid-full-width-page.php","meta":{"ub_ctt_via":"","footnotes":""},"class_list":["post-15799","page","type-page","status-publish","has-post-thumbnail","hentry"],"featured_image_src":"https:\/\/naturalpharmaceuticals.eu\/wp-content\/uploads\/sites\/2\/2022\/12\/Movisan_tyt.jpg","yoast_head":"<!-- This site is optimized with the Yoast SEO plugin v24.4 - https:\/\/yoast.com\/wordpress\/plugins\/seo\/ -->\n<title>Movisan\u00ae\u00a0 Collagen II - Natural Pharmaceuticals<\/title>\n<meta name=\"robots\" content=\"index, follow, max-snippet:-1, max-image-preview:large, max-video-preview:-1\" \/>\n<link rel=\"canonical\" href=\"https:\/\/naturalpharmaceuticals.eu\/pl\/nasze-suplementy\/movisan-collagen-ii\/\" \/>\n<meta property=\"og:locale\" content=\"pl_PL\" \/>\n<meta property=\"og:type\" content=\"article\" \/>\n<meta property=\"og:title\" content=\"Movisan\u00ae\u00a0 Collagen II - Natural Pharmaceuticals\" \/>\n<meta property=\"og:description\" content=\"Movisan\u00ae\u00a0 Collagen II Dzia\u0142anie sk\u0142adnik\u00f3w suplementu diety Movisan\u00ae\u00a0 Collagen II zosta\u0142o udokumentowane w o\u015bwiadczeniach zdrowotnych pozytywnie zaopiniowanych przez Europejski Urz\u0105d ds. Bezpiecze\u0144stwa \u017bywno\u015bci (EFSA). Zgodnie z nimi: \u2022 Witamina C \u2013 pomaga w prawid\u0142owej produkcji kolagenu w celu zapewnienia w\u0142a\u015bciwego&#x2026; Read More Movisan\u00ae\u00a0 Collagen II\" \/>\n<meta property=\"og:url\" content=\"https:\/\/naturalpharmaceuticals.eu\/pl\/nasze-suplementy\/movisan-collagen-ii\/\" \/>\n<meta property=\"og:site_name\" content=\"Natural Pharmaceuticals\" \/>\n<meta property=\"article:modified_time\" content=\"2026-03-04T13:18:33+00:00\" \/>\n<meta property=\"og:image\" content=\"https:\/\/naturalpharmaceuticals.eu\/wp-content\/uploads\/sites\/2\/2022\/12\/Movisan_tyt.jpg\" \/>\n\t<meta property=\"og:image:width\" content=\"1520\" \/>\n\t<meta property=\"og:image:height\" content=\"600\" \/>\n\t<meta property=\"og:image:type\" content=\"image\/jpeg\" \/>\n<meta name=\"twitter:card\" content=\"summary_large_image\" \/>\n<meta name=\"twitter:label1\" content=\"Szacowany czas czytania\" \/>\n\t<meta name=\"twitter:data1\" content=\"3 minuty\" \/>\n<script type=\"application\/ld+json\" class=\"yoast-schema-graph\">{\"@context\":\"https:\/\/schema.org\",\"@graph\":[{\"@type\":\"WebPage\",\"@id\":\"https:\/\/naturalpharmaceuticals.eu\/pl\/nasze-suplementy\/movisan-collagen-ii\/\",\"url\":\"https:\/\/naturalpharmaceuticals.eu\/pl\/nasze-suplementy\/movisan-collagen-ii\/\",\"name\":\"Movisan\u00ae\u00a0 Collagen II - Natural Pharmaceuticals\",\"isPartOf\":{\"@id\":\"https:\/\/naturalpharmaceuticals.eu\/pl\/#website\"},\"primaryImageOfPage\":{\"@id\":\"https:\/\/naturalpharmaceuticals.eu\/pl\/nasze-suplementy\/movisan-collagen-ii\/#primaryimage\"},\"image\":{\"@id\":\"https:\/\/naturalpharmaceuticals.eu\/pl\/nasze-suplementy\/movisan-collagen-ii\/#primaryimage\"},\"thumbnailUrl\":\"https:\/\/naturalpharmaceuticals.eu\/wp-content\/uploads\/sites\/2\/2022\/12\/Movisan_tyt.jpg\",\"datePublished\":\"2022-12-20T15:00:48+00:00\",\"dateModified\":\"2026-03-04T13:18:33+00:00\",\"breadcrumb\":{\"@id\":\"https:\/\/naturalpharmaceuticals.eu\/pl\/nasze-suplementy\/movisan-collagen-ii\/#breadcrumb\"},\"inLanguage\":\"pl-PL\",\"potentialAction\":[{\"@type\":\"ReadAction\",\"target\":[\"https:\/\/naturalpharmaceuticals.eu\/pl\/nasze-suplementy\/movisan-collagen-ii\/\"]}]},{\"@type\":\"ImageObject\",\"inLanguage\":\"pl-PL\",\"@id\":\"https:\/\/naturalpharmaceuticals.eu\/pl\/nasze-suplementy\/movisan-collagen-ii\/#primaryimage\",\"url\":\"https:\/\/naturalpharmaceuticals.eu\/wp-content\/uploads\/sites\/2\/2022\/12\/Movisan_tyt.jpg\",\"contentUrl\":\"https:\/\/naturalpharmaceuticals.eu\/wp-content\/uploads\/sites\/2\/2022\/12\/Movisan_tyt.jpg\",\"width\":1520,\"height\":600},{\"@type\":\"BreadcrumbList\",\"@id\":\"https:\/\/naturalpharmaceuticals.eu\/pl\/nasze-suplementy\/movisan-collagen-ii\/#breadcrumb\",\"itemListElement\":[{\"@type\":\"ListItem\",\"position\":1,\"name\":\"Home\",\"item\":\"https:\/\/naturalpharmaceuticals.eu\/pl\/\"},{\"@type\":\"ListItem\",\"position\":2,\"name\":\"Nasze suplementy\",\"item\":\"https:\/\/naturalpharmaceuticals.eu\/pl\/nasze-suplementy\/\"},{\"@type\":\"ListItem\",\"position\":3,\"name\":\"Movisan\u00ae\u00a0 Collagen II\"}]},{\"@type\":\"WebSite\",\"@id\":\"https:\/\/naturalpharmaceuticals.eu\/pl\/#website\",\"url\":\"https:\/\/naturalpharmaceuticals.eu\/pl\/\",\"name\":\"Natural Pharmaceuticals\",\"description\":\"\",\"publisher\":{\"@id\":\"https:\/\/naturalpharmaceuticals.eu\/pl\/#organization\"},\"potentialAction\":[{\"@type\":\"SearchAction\",\"target\":{\"@type\":\"EntryPoint\",\"urlTemplate\":\"https:\/\/naturalpharmaceuticals.eu\/pl\/?s={search_term_string}\"},\"query-input\":{\"@type\":\"PropertyValueSpecification\",\"valueRequired\":true,\"valueName\":\"search_term_string\"}}],\"inLanguage\":\"pl-PL\"},{\"@type\":\"Organization\",\"@id\":\"https:\/\/naturalpharmaceuticals.eu\/pl\/#organization\",\"name\":\"Natural Pharmaceuticals\",\"url\":\"https:\/\/naturalpharmaceuticals.eu\/pl\/\",\"logo\":{\"@type\":\"ImageObject\",\"inLanguage\":\"pl-PL\",\"@id\":\"https:\/\/naturalpharmaceuticals.eu\/pl\/#\/schema\/logo\/image\/\",\"url\":\"https:\/\/naturalpharmaceuticals.eu\/wp-content\/uploads\/sites\/2\/2020\/11\/cropped-natural-pharmaceuticals-logo.png\",\"contentUrl\":\"https:\/\/naturalpharmaceuticals.eu\/wp-content\/uploads\/sites\/2\/2020\/11\/cropped-natural-pharmaceuticals-logo.png\",\"width\":900,\"height\":323,\"caption\":\"Natural Pharmaceuticals\"},\"image\":{\"@id\":\"https:\/\/naturalpharmaceuticals.eu\/pl\/#\/schema\/logo\/image\/\"}}]}<\/script>\n<!-- \/ Yoast SEO plugin. -->","yoast_head_json":{"title":"Movisan\u00ae\u00a0 Collagen II - Natural Pharmaceuticals","robots":{"index":"index","follow":"follow","max-snippet":"max-snippet:-1","max-image-preview":"max-image-preview:large","max-video-preview":"max-video-preview:-1"},"canonical":"https:\/\/naturalpharmaceuticals.eu\/pl\/nasze-suplementy\/movisan-collagen-ii\/","og_locale":"pl_PL","og_type":"article","og_title":"Movisan\u00ae\u00a0 Collagen II - Natural Pharmaceuticals","og_description":"Movisan\u00ae\u00a0 Collagen II Dzia\u0142anie sk\u0142adnik\u00f3w suplementu diety Movisan\u00ae\u00a0 Collagen II zosta\u0142o udokumentowane w o\u015bwiadczeniach zdrowotnych pozytywnie zaopiniowanych przez Europejski Urz\u0105d ds. Bezpiecze\u0144stwa \u017bywno\u015bci (EFSA). Zgodnie z nimi: \u2022 Witamina C \u2013 pomaga w prawid\u0142owej produkcji kolagenu w celu zapewnienia w\u0142a\u015bciwego&#x2026; Read More Movisan\u00ae\u00a0 Collagen II","og_url":"https:\/\/naturalpharmaceuticals.eu\/pl\/nasze-suplementy\/movisan-collagen-ii\/","og_site_name":"Natural Pharmaceuticals","article_modified_time":"2026-03-04T13:18:33+00:00","og_image":[{"width":1520,"height":600,"url":"https:\/\/naturalpharmaceuticals.eu\/wp-content\/uploads\/sites\/2\/2022\/12\/Movisan_tyt.jpg","type":"image\/jpeg"}],"twitter_card":"summary_large_image","twitter_misc":{"Szacowany czas czytania":"3 minuty"},"schema":{"@context":"https:\/\/schema.org","@graph":[{"@type":"WebPage","@id":"https:\/\/naturalpharmaceuticals.eu\/pl\/nasze-suplementy\/movisan-collagen-ii\/","url":"https:\/\/naturalpharmaceuticals.eu\/pl\/nasze-suplementy\/movisan-collagen-ii\/","name":"Movisan\u00ae\u00a0 Collagen II - Natural Pharmaceuticals","isPartOf":{"@id":"https:\/\/naturalpharmaceuticals.eu\/pl\/#website"},"primaryImageOfPage":{"@id":"https:\/\/naturalpharmaceuticals.eu\/pl\/nasze-suplementy\/movisan-collagen-ii\/#primaryimage"},"image":{"@id":"https:\/\/naturalpharmaceuticals.eu\/pl\/nasze-suplementy\/movisan-collagen-ii\/#primaryimage"},"thumbnailUrl":"https:\/\/naturalpharmaceuticals.eu\/wp-content\/uploads\/sites\/2\/2022\/12\/Movisan_tyt.jpg","datePublished":"2022-12-20T15:00:48+00:00","dateModified":"2026-03-04T13:18:33+00:00","breadcrumb":{"@id":"https:\/\/naturalpharmaceuticals.eu\/pl\/nasze-suplementy\/movisan-collagen-ii\/#breadcrumb"},"inLanguage":"pl-PL","potentialAction":[{"@type":"ReadAction","target":["https:\/\/naturalpharmaceuticals.eu\/pl\/nasze-suplementy\/movisan-collagen-ii\/"]}]},{"@type":"ImageObject","inLanguage":"pl-PL","@id":"https:\/\/naturalpharmaceuticals.eu\/pl\/nasze-suplementy\/movisan-collagen-ii\/#primaryimage","url":"https:\/\/naturalpharmaceuticals.eu\/wp-content\/uploads\/sites\/2\/2022\/12\/Movisan_tyt.jpg","contentUrl":"https:\/\/naturalpharmaceuticals.eu\/wp-content\/uploads\/sites\/2\/2022\/12\/Movisan_tyt.jpg","width":1520,"height":600},{"@type":"BreadcrumbList","@id":"https:\/\/naturalpharmaceuticals.eu\/pl\/nasze-suplementy\/movisan-collagen-ii\/#breadcrumb","itemListElement":[{"@type":"ListItem","position":1,"name":"Home","item":"https:\/\/naturalpharmaceuticals.eu\/pl\/"},{"@type":"ListItem","position":2,"name":"Nasze suplementy","item":"https:\/\/naturalpharmaceuticals.eu\/pl\/nasze-suplementy\/"},{"@type":"ListItem","position":3,"name":"Movisan\u00ae\u00a0 Collagen II"}]},{"@type":"WebSite","@id":"https:\/\/naturalpharmaceuticals.eu\/pl\/#website","url":"https:\/\/naturalpharmaceuticals.eu\/pl\/","name":"Natural Pharmaceuticals","description":"","publisher":{"@id":"https:\/\/naturalpharmaceuticals.eu\/pl\/#organization"},"potentialAction":[{"@type":"SearchAction","target":{"@type":"EntryPoint","urlTemplate":"https:\/\/naturalpharmaceuticals.eu\/pl\/?s={search_term_string}"},"query-input":{"@type":"PropertyValueSpecification","valueRequired":true,"valueName":"search_term_string"}}],"inLanguage":"pl-PL"},{"@type":"Organization","@id":"https:\/\/naturalpharmaceuticals.eu\/pl\/#organization","name":"Natural Pharmaceuticals","url":"https:\/\/naturalpharmaceuticals.eu\/pl\/","logo":{"@type":"ImageObject","inLanguage":"pl-PL","@id":"https:\/\/naturalpharmaceuticals.eu\/pl\/#\/schema\/logo\/image\/","url":"https:\/\/naturalpharmaceuticals.eu\/wp-content\/uploads\/sites\/2\/2020\/11\/cropped-natural-pharmaceuticals-logo.png","contentUrl":"https:\/\/naturalpharmaceuticals.eu\/wp-content\/uploads\/sites\/2\/2020\/11\/cropped-natural-pharmaceuticals-logo.png","width":900,"height":323,"caption":"Natural Pharmaceuticals"},"image":{"@id":"https:\/\/naturalpharmaceuticals.eu\/pl\/#\/schema\/logo\/image\/"}}]}},"jetpack_sharing_enabled":true,"_links":{"self":[{"href":"https:\/\/naturalpharmaceuticals.eu\/pl\/wp-json\/wp\/v2\/pages\/15799","targetHints":{"allow":["GET"]}}],"collection":[{"href":"https:\/\/naturalpharmaceuticals.eu\/pl\/wp-json\/wp\/v2\/pages"}],"about":[{"href":"https:\/\/naturalpharmaceuticals.eu\/pl\/wp-json\/wp\/v2\/types\/page"}],"author":[{"embeddable":true,"href":"https:\/\/naturalpharmaceuticals.eu\/pl\/wp-json\/wp\/v2\/users\/4"}],"replies":[{"embeddable":true,"href":"https:\/\/naturalpharmaceuticals.eu\/pl\/wp-json\/wp\/v2\/comments?post=15799"}],"version-history":[{"count":35,"href":"https:\/\/naturalpharmaceuticals.eu\/pl\/wp-json\/wp\/v2\/pages\/15799\/revisions"}],"predecessor-version":[{"id":38707,"href":"https:\/\/naturalpharmaceuticals.eu\/pl\/wp-json\/wp\/v2\/pages\/15799\/revisions\/38707"}],"up":[{"embeddable":true,"href":"https:\/\/naturalpharmaceuticals.eu\/pl\/wp-json\/wp\/v2\/pages\/2832"}],"wp:featuredmedia":[{"embeddable":true,"href":"https:\/\/naturalpharmaceuticals.eu\/pl\/wp-json\/wp\/v2\/media\/15821"}],"wp:attachment":[{"href":"https:\/\/naturalpharmaceuticals.eu\/pl\/wp-json\/wp\/v2\/media?parent=15799"}],"curies":[{"name":"wp","href":"https:\/\/api.w.org\/{rel}","templated":true}]}}