{"id":21142,"date":"2023-11-17T14:27:36","date_gmt":"2023-11-17T14:27:36","guid":{"rendered":"https:\/\/naturalpharmaceuticals.eu\/?page_id=21142"},"modified":"2024-01-19T10:32:51","modified_gmt":"2024-01-19T10:32:51","slug":"imuberin","status":"publish","type":"page","link":"https:\/\/naturalpharmaceuticals.eu\/pl\/nasze-suplementy\/imuberin\/","title":{"rendered":"ImuBerin\u00ae"},"content":{"rendered":"\n<div class=\"wp-block-group\"><div class=\"wp-block-group__inner-container is-layout-flow wp-block-group-is-layout-flow\">\n<div class=\"wp-block-columns is-layout-flex wp-container-core-columns-is-layout-1 wp-block-columns-is-layout-flex\">\n<div class=\"wp-block-column is-layout-flow wp-block-column-is-layout-flow\">\n<figure class=\"wp-block-image size-full is-resized sticky\"><img loading=\"lazy\" decoding=\"async\" src=\"https:\/\/naturalpharmaceuticals.eu\/wp-content\/uploads\/sites\/2\/2023\/11\/IB_www_827x860.png\" alt=\"\" class=\"wp-image-21313\" width=\"456\" height=\"472\"\/><\/figure>\n<\/div>\n\n\n\n<div class=\"wp-block-column product-info-frame is-layout-flow wp-block-column-is-layout-flow\">\n<p style=\"font-size:18px\"><strong>ImuBerin\u00ae<\/strong><\/p>\n\n\n\n<ul class=\"list-style-check-sign line-height-25 wp-block-list\">\n<li>Unikalna kompozycja 8 sk\u0142adnik\u00f3w na odporno\u015b\u0107<\/li>\n\n\n\n<li>4 owoce le\u015bne (czarny bez, jagoda, bor\u00f3wka brusznica, malina)<\/li>\n\n\n\n<li>Aktywne biologiczne flawonoidy<\/li>\n\n\n\n<li>Mocna czw\u00f3rka dla odporno\u015bci: Witaminy C i D, cynk i selen<\/li>\n\n\n\n<li>Odpowiedni dla wegetarian<\/li>\n\n\n\n<li>Nie zawiera cukru<\/li>\n\n\n\n<li>Wyprodukowany w Norwegii <\/li>\n\n\n\n<li>Tylko jedna kapsu\u0142ka dziennie<\/li>\n<\/ul>\n<\/div>\n<\/div>\n<\/div><\/div>\n\n\n\n<div class=\"packshot-bg-wrapper\"><div class=\"full-width-inside-container packshot-bg packshot-bg-ib\"><\/div><\/div>\n\n\n\n<p>Dzia\u0142anie sk\u0142adnik\u00f3w suplementu diety ImuBerin\u00ae zosta\u0142o udokumentowane w o\u015bwiadczeniach zdrowotnych, pozytywnie zaopiniowanych przez Europejski Urz\u0105d ds. Bezpiecze\u0144stwa \u017bywno\u015bci (EFSA). Zgodnie z nimi:<\/p>\n\n\n\n<p>\u2022 Witamina C, witamina D, cynk i selen \u2013 pomagaj\u0105 w prawid\u0142owym funkcjonowaniu uk\u0142adu odporno\u015bciowego.<br>\u2022 Selen, cynk i witamina C \u2013 pomagaj\u0105 w ochronie kom\u00f3rek przed stresem oksydacyjnym.<br>\u2022 Witamina C \u2013 przyczynia si\u0119 do zmniejszenia uczucia zm\u0119czenia i znu\u017cenia.<\/p>\n\n\n<div role=\"tabpanel\" class=\"wp-block-ub-tabbed-content-tab-content-wrap ub-hide\"\n        id=\"ub-tabbed-content--panel-0\" aria-labelledby=\"ub-tabbed-content--tab-0\" tabindex=\"0\">\n\n<p><a href=\"https:\/\/nordicmed.natural.pl\/?page_id=326\">Preview in new tab(opens in a new tab)<\/a><\/p>\n\n\n\n<p>reviews<\/p>\n\n<\/div>\n\n<div role=\"tabpanel\" class=\"wp-block-ub-tabbed-content-tab-content-wrap ub-hide\"\n        id=\"ub-tabbed-content--panel-1\" aria-labelledby=\"ub-tabbed-content--tab-1\" tabindex=\"0\">\n\n<p><\/p>\n\n<\/div>\n\n<div role=\"tabpanel\" class=\"wp-block-ub-tabbed-content-tab-content-wrap ub-hide\"\n        id=\"ub-tabbed-content--panel-2\" aria-labelledby=\"ub-tabbed-content--tab-2\" tabindex=\"0\">\n\n<p><\/p>\n\n<\/div>\n\n<div class=\"wp-block-ub-tabbed-content-block wp-block-ub-tabbed-content wp-block-ub-tabbed-content-holder wp-block-ub-tabbed-content-horizontal-holder-mobile wp-block-ub-tabbed-content-horizontal-holder-tablet\" id=\"ub-tabbed-content-89e278a5-221d-4d1e-9b39-cb9e9e1fd3c3\">\n\t\t\t<div class=\"wp-block-ub-tabbed-content-tab-holder horizontal-tab-width-mobile horizontal-tab-width-tablet\">\n\t\t\t\t<div role=\"tablist\" class=\"wp-block-ub-tabbed-content-tabs-title wp-block-ub-tabbed-content-tabs-title-mobile-horizontal-tab wp-block-ub-tabbed-content-tabs-title-tablet-horizontal-tab\"><div role=\"tab\" id=\"ub-tabbed-content-89e278a5-221d-4d1e-9b39-cb9e9e1fd3c3-tab-0\" aria-controls=\"ub-tabbed-content-89e278a5-221d-4d1e-9b39-cb9e9e1fd3c3-panel-0\" aria-selected=\"true\" class=\"wp-block-ub-tabbed-content-tab-title-wrap active\" style=\"\" tabindex=\"-1\">\n\t\t\t\t<div class=\"wp-block-ub-tabbed-content-tab-title\">Szczeg\u00f3\u0142owe informacje o suplemencie diety<\/div>\n\t\t\t<\/div><\/div>\n\t\t\t<\/div>\n\t\t\t<div class=\"wp-block-ub-tabbed-content-tabs-content\" style=\"\"><div role=\"tabpanel\" class=\"wp-block-ub-tabbed-content-tab-content-wrap active\"\n        id=\"ub-tabbed-content-89e278a5-221d-4d1e-9b39-cb9e9e1fd3c3-panel-0\" aria-labelledby=\"ub-tabbed-content-89e278a5-221d-4d1e-9b39-cb9e9e1fd3c3-tab-0\" tabindex=\"0\">\n\n<p>ImuBerin\u00ae<\/p>\n\n\n\n<figure class=\"wp-block-table is-style-borders\"><table><tbody><tr><th>Sk\u0142ad<\/th><th>1 kapsu\u0142ka<\/th><th>%RWS*<\/th><\/tr><tr><td>Witamina C<\/td><td>80 mg<\/td><td>100<\/td><\/tr><tr><td>Cynk<\/td><td>10 mg<\/td><td>100<\/td><\/tr><tr><td>Selen<\/td><td>55 \u00b5g<\/td><td>100<\/td><\/tr><tr><td>Witamina D<\/td><td>5 \u00b5g<\/td><td>100<\/td><\/tr><tr><td>Ekstrakt z owoc\u00f3w bzu czarnego<br>standaryzowany na zawarto\u015b\u0107 6,5% <br>antocyjanidyn<\/td><td>80 mg<br><br>5,2 mg<\/td><td>&#8211;<br><br>&#8211;<\/td><\/tr><tr><td>Zag\u0119szczony sok z bor\u00f3wki czarnej<br>w tym antocyjaniny<\/td><td>25 mg<br>0,125 mg<\/td><td>&#8211;<br>&#8211;<\/td><\/tr><tr><td>Proszek z owoc\u00f3w bor\u00f3wki brusznicy<br>w tym proantocyjanidyny<\/td><td>12,5 mg<br>0,375 mg<\/td><td>&#8211;<br>&#8211;<\/td><\/tr><tr><td>Ekstrakt z owoc\u00f3w maliny w\u0142a\u015bciwej<br>standaryzowany na zawarto\u015b\u0107 0,3% <br>antocyjanidyn,<br>5% flawon\u00f3w<\/td><td>12,5 mg<br><br>37,5 \u00b5g<br>0,625 mg<\/td><td>&#8211;<br><br>&#8211;<br>&#8211;<\/td><\/tr><\/tbody><\/table><\/figure>\n\n\n\n<p>*RWS \u2013 Referencyjne Warto\u015bci Spo\u017cycia<\/p>\n\n\n\n<p><strong>Sk\u0142adniki:<\/strong> maltodekstryna, hydroksypropylometyloceluloza, kwas L-askorbinowy, ekstrakt z owoc\u00f3w bzu czarnego (<em>Sambucus nigra L.<\/em>) standaryzowany na zawarto\u015b\u0107 6,5% antocyjanidyn DER 20-22:1, inulina, cytrynian cynku, zag\u0119szczony sok z bor\u00f3wki czarnej (<em>Vaccinium myrtillus L.<\/em>), proszek z owoc\u00f3w bor\u00f3wki brusznicy (<em>Vaccinium vitis-idaea L.<\/em>), ekstrakt z owoc\u00f3w maliny w\u0142a\u015bciwej (<em>Rubus idaeus L.<\/em>) standaryzowany na zawarto\u015b\u0107 0,3% antocyjanidyn, 5% flawon\u00f3w DER 10:1, substancja zag\u0119szczaj\u0105ca (sole magnezowe kwas\u00f3w t\u0142uszczowych), substancja przeciwzbrylaj\u0105ca (dwutlenek krzemu), cholekalcyferol, selenian (IV) sodu, barwnik: czerwie\u0144 buraczana, betanina.<\/p>\n\n\n\n<p><strong>ImuBerin\u00ae \u2013 jedna kapsu\u0142ka dziennie.<\/strong><\/p>\n\n\n\n<p><strong>Zastosowanie: <\/strong>ImuBerin\u00ae zosta\u0142 opracowany z my\u015bl\u0105 o wszystkich osobach, kt\u00f3re ceni\u0105 naturalne metody suplementacji i chc\u0105 wspiera\u0107 sw\u00f3j uk\u0142ad odporno\u015bciowy.<\/p>\n\n\n\n<p><strong>Porcja produktu zalecana do spo\u017cycia w ci\u0105gu dnia: <\/strong>1 kapsu\u0142ka.<\/p>\n\n\n\n<p><strong>Ilo\u015b\u0107 netto: <\/strong>17,1 g (30 kapsu\u0142ek po 570 mg) \/ 102,6 g (180 kapsu\u0142ek po 570 mg).<\/p>\n\n\n\n<p><strong>Ostrze\u017cenie:<\/strong> Nie nale\u017cy przekracza\u0107 zalecanej porcji do spo\u017cycia w ci\u0105gu dnia. Suplementy diety nie mog\u0105 by\u0107 stosowane jako substytut (zamiennik) zr\u00f3\u017cnicowanej diety. Bardzo wa\u017cny jest zr\u00f3wnowa\u017cony spos\u00f3b \u017cywienia i zdrowy tryb \u017cycia.<\/p>\n\n\n\n<p><strong>Najlepiej spo\u017cy\u0107 przed ko\u0144cem:<\/strong> na opakowaniu<\/p>\n\n\n\n<p><strong>Numer partii produkcyjnej: <\/strong>na opakowaniu<\/p>\n\n\n\n<p><strong>Przechowywanie:<\/strong> w suchym miejscu, w spos\u00f3b niedost\u0119pny dla ma\u0142ych dzieci.<\/p>\n\n\n\n<p><strong>Wyprodukowano w Norwegii przez Pharmatech A.S.<\/strong><\/p>\n\n\n\n<p><strong>Dystrybutor:<\/strong><br>Natural Pharmaceuticals Sp. z o.o.,<br>ul. Domaniewska 28,<br>02-672 Warszawa<\/p>\n\n\n\n<p><\/p>\n\n<\/div><\/div>\n\t\t<\/div>\n\n\n<figure class=\"wp-block-image alignfull size-large\"><img loading=\"lazy\" decoding=\"async\" width=\"1024\" height=\"337\" src=\"https:\/\/naturalpharmaceuticals.eu\/wp-content\/uploads\/sites\/2\/2023\/11\/ImuBerin_korpo-1024x337.jpg\" alt=\"\" class=\"wp-image-21222\" srcset=\"https:\/\/naturalpharmaceuticals.eu\/wp-content\/uploads\/sites\/2\/2023\/11\/ImuBerin_korpo-1024x337.jpg 1024w, https:\/\/naturalpharmaceuticals.eu\/wp-content\/uploads\/sites\/2\/2023\/11\/ImuBerin_korpo-300x99.jpg 300w, https:\/\/naturalpharmaceuticals.eu\/wp-content\/uploads\/sites\/2\/2023\/11\/ImuBerin_korpo-768x253.jpg 768w, https:\/\/naturalpharmaceuticals.eu\/wp-content\/uploads\/sites\/2\/2023\/11\/ImuBerin_korpo.jpg 1520w\" sizes=\"auto, (max-width: 1024px) 100vw, 1024px\" \/><\/figure>\n","protected":false},"excerpt":{"rendered":"<p>ImuBerin\u00ae Dzia\u0142anie sk\u0142adnik\u00f3w suplementu diety ImuBerin\u00ae zosta\u0142o udokumentowane w o\u015bwiadczeniach zdrowotnych, pozytywnie zaopiniowanych przez Europejski Urz\u0105d ds. Bezpiecze\u0144stwa \u017bywno\u015bci (EFSA). Zgodnie z nimi: \u2022 Witamina C, witamina D, cynk i selen \u2013 pomagaj\u0105 w prawid\u0142owym funkcjonowaniu uk\u0142adu odporno\u015bciowego.\u2022 Selen, cynk&#x2026; <\/p>\n<p class=\"more-link-container th-uppercase\"><a href=\"https:\/\/naturalpharmaceuticals.eu\/pl\/nasze-suplementy\/imuberin\/\" class=\"more-link\">Read More <span class=\"screen-reader-text\">ImuBerin\u00ae<\/span><\/a><\/p>\n","protected":false},"author":4,"featured_media":21165,"parent":2832,"menu_order":0,"comment_status":"closed","ping_status":"closed","template":"templates\/grid-full-width-page.php","meta":{"ub_ctt_via":"","footnotes":""},"class_list":["post-21142","page","type-page","status-publish","has-post-thumbnail","hentry"],"featured_image_src":"https:\/\/naturalpharmaceuticals.eu\/wp-content\/uploads\/sites\/2\/2023\/11\/PL_banner_760x300_ImuBerin.jpg","yoast_head":"<!-- This site is optimized with the Yoast SEO plugin v24.4 - https:\/\/yoast.com\/wordpress\/plugins\/seo\/ -->\n<title>ImuBerin\u00ae - Natural Pharmaceuticals<\/title>\n<meta name=\"robots\" content=\"index, follow, max-snippet:-1, max-image-preview:large, max-video-preview:-1\" \/>\n<link rel=\"canonical\" href=\"https:\/\/naturalpharmaceuticals.eu\/pl\/nasze-suplementy\/imuberin\/\" \/>\n<meta property=\"og:locale\" content=\"pl_PL\" \/>\n<meta property=\"og:type\" content=\"article\" \/>\n<meta property=\"og:title\" content=\"ImuBerin\u00ae - Natural Pharmaceuticals\" \/>\n<meta property=\"og:description\" content=\"ImuBerin\u00ae Dzia\u0142anie sk\u0142adnik\u00f3w suplementu diety ImuBerin\u00ae zosta\u0142o udokumentowane w o\u015bwiadczeniach zdrowotnych, pozytywnie zaopiniowanych przez Europejski Urz\u0105d ds. Bezpiecze\u0144stwa \u017bywno\u015bci (EFSA). Zgodnie z nimi: \u2022 Witamina C, witamina D, cynk i selen \u2013 pomagaj\u0105 w prawid\u0142owym funkcjonowaniu uk\u0142adu odporno\u015bciowego.\u2022 Selen, cynk&#x2026; Read More ImuBerin\u00ae\" \/>\n<meta property=\"og:url\" content=\"https:\/\/naturalpharmaceuticals.eu\/pl\/nasze-suplementy\/imuberin\/\" \/>\n<meta property=\"og:site_name\" content=\"Natural Pharmaceuticals\" \/>\n<meta property=\"article:modified_time\" content=\"2024-01-19T10:32:51+00:00\" \/>\n<meta property=\"og:image\" content=\"https:\/\/naturalpharmaceuticals.eu\/wp-content\/uploads\/sites\/2\/2023\/11\/PL_banner_760x300_ImuBerin.jpg\" \/>\n\t<meta property=\"og:image:width\" content=\"1520\" \/>\n\t<meta property=\"og:image:height\" content=\"600\" \/>\n\t<meta property=\"og:image:type\" content=\"image\/jpeg\" \/>\n<meta name=\"twitter:card\" content=\"summary_large_image\" \/>\n<meta name=\"twitter:label1\" content=\"Szacowany czas czytania\" \/>\n\t<meta name=\"twitter:data1\" content=\"3 minuty\" \/>\n<script type=\"application\/ld+json\" class=\"yoast-schema-graph\">{\"@context\":\"https:\/\/schema.org\",\"@graph\":[{\"@type\":\"WebPage\",\"@id\":\"https:\/\/naturalpharmaceuticals.eu\/pl\/nasze-suplementy\/imuberin\/\",\"url\":\"https:\/\/naturalpharmaceuticals.eu\/pl\/nasze-suplementy\/imuberin\/\",\"name\":\"ImuBerin\u00ae - Natural Pharmaceuticals\",\"isPartOf\":{\"@id\":\"https:\/\/naturalpharmaceuticals.eu\/pl\/#website\"},\"primaryImageOfPage\":{\"@id\":\"https:\/\/naturalpharmaceuticals.eu\/pl\/nasze-suplementy\/imuberin\/#primaryimage\"},\"image\":{\"@id\":\"https:\/\/naturalpharmaceuticals.eu\/pl\/nasze-suplementy\/imuberin\/#primaryimage\"},\"thumbnailUrl\":\"https:\/\/naturalpharmaceuticals.eu\/wp-content\/uploads\/sites\/2\/2023\/11\/PL_banner_760x300_ImuBerin.jpg\",\"datePublished\":\"2023-11-17T14:27:36+00:00\",\"dateModified\":\"2024-01-19T10:32:51+00:00\",\"breadcrumb\":{\"@id\":\"https:\/\/naturalpharmaceuticals.eu\/pl\/nasze-suplementy\/imuberin\/#breadcrumb\"},\"inLanguage\":\"pl-PL\",\"potentialAction\":[{\"@type\":\"ReadAction\",\"target\":[\"https:\/\/naturalpharmaceuticals.eu\/pl\/nasze-suplementy\/imuberin\/\"]}]},{\"@type\":\"ImageObject\",\"inLanguage\":\"pl-PL\",\"@id\":\"https:\/\/naturalpharmaceuticals.eu\/pl\/nasze-suplementy\/imuberin\/#primaryimage\",\"url\":\"https:\/\/naturalpharmaceuticals.eu\/wp-content\/uploads\/sites\/2\/2023\/11\/PL_banner_760x300_ImuBerin.jpg\",\"contentUrl\":\"https:\/\/naturalpharmaceuticals.eu\/wp-content\/uploads\/sites\/2\/2023\/11\/PL_banner_760x300_ImuBerin.jpg\",\"width\":1520,\"height\":600},{\"@type\":\"BreadcrumbList\",\"@id\":\"https:\/\/naturalpharmaceuticals.eu\/pl\/nasze-suplementy\/imuberin\/#breadcrumb\",\"itemListElement\":[{\"@type\":\"ListItem\",\"position\":1,\"name\":\"Home\",\"item\":\"https:\/\/naturalpharmaceuticals.eu\/pl\/\"},{\"@type\":\"ListItem\",\"position\":2,\"name\":\"Nasze suplementy\",\"item\":\"https:\/\/naturalpharmaceuticals.eu\/pl\/nasze-suplementy\/\"},{\"@type\":\"ListItem\",\"position\":3,\"name\":\"ImuBerin\u00ae\"}]},{\"@type\":\"WebSite\",\"@id\":\"https:\/\/naturalpharmaceuticals.eu\/pl\/#website\",\"url\":\"https:\/\/naturalpharmaceuticals.eu\/pl\/\",\"name\":\"Natural Pharmaceuticals\",\"description\":\"\",\"publisher\":{\"@id\":\"https:\/\/naturalpharmaceuticals.eu\/pl\/#organization\"},\"potentialAction\":[{\"@type\":\"SearchAction\",\"target\":{\"@type\":\"EntryPoint\",\"urlTemplate\":\"https:\/\/naturalpharmaceuticals.eu\/pl\/?s={search_term_string}\"},\"query-input\":{\"@type\":\"PropertyValueSpecification\",\"valueRequired\":true,\"valueName\":\"search_term_string\"}}],\"inLanguage\":\"pl-PL\"},{\"@type\":\"Organization\",\"@id\":\"https:\/\/naturalpharmaceuticals.eu\/pl\/#organization\",\"name\":\"Natural Pharmaceuticals\",\"url\":\"https:\/\/naturalpharmaceuticals.eu\/pl\/\",\"logo\":{\"@type\":\"ImageObject\",\"inLanguage\":\"pl-PL\",\"@id\":\"https:\/\/naturalpharmaceuticals.eu\/pl\/#\/schema\/logo\/image\/\",\"url\":\"https:\/\/naturalpharmaceuticals.eu\/wp-content\/uploads\/sites\/2\/2020\/11\/cropped-natural-pharmaceuticals-logo.png\",\"contentUrl\":\"https:\/\/naturalpharmaceuticals.eu\/wp-content\/uploads\/sites\/2\/2020\/11\/cropped-natural-pharmaceuticals-logo.png\",\"width\":900,\"height\":323,\"caption\":\"Natural Pharmaceuticals\"},\"image\":{\"@id\":\"https:\/\/naturalpharmaceuticals.eu\/pl\/#\/schema\/logo\/image\/\"}}]}<\/script>\n<!-- \/ Yoast SEO plugin. -->","yoast_head_json":{"title":"ImuBerin\u00ae - Natural Pharmaceuticals","robots":{"index":"index","follow":"follow","max-snippet":"max-snippet:-1","max-image-preview":"max-image-preview:large","max-video-preview":"max-video-preview:-1"},"canonical":"https:\/\/naturalpharmaceuticals.eu\/pl\/nasze-suplementy\/imuberin\/","og_locale":"pl_PL","og_type":"article","og_title":"ImuBerin\u00ae - Natural Pharmaceuticals","og_description":"ImuBerin\u00ae Dzia\u0142anie sk\u0142adnik\u00f3w suplementu diety ImuBerin\u00ae zosta\u0142o udokumentowane w o\u015bwiadczeniach zdrowotnych, pozytywnie zaopiniowanych przez Europejski Urz\u0105d ds. Bezpiecze\u0144stwa \u017bywno\u015bci (EFSA). Zgodnie z nimi: \u2022 Witamina C, witamina D, cynk i selen \u2013 pomagaj\u0105 w prawid\u0142owym funkcjonowaniu uk\u0142adu odporno\u015bciowego.\u2022 Selen, cynk&#x2026; Read More ImuBerin\u00ae","og_url":"https:\/\/naturalpharmaceuticals.eu\/pl\/nasze-suplementy\/imuberin\/","og_site_name":"Natural Pharmaceuticals","article_modified_time":"2024-01-19T10:32:51+00:00","og_image":[{"width":1520,"height":600,"url":"https:\/\/naturalpharmaceuticals.eu\/wp-content\/uploads\/sites\/2\/2023\/11\/PL_banner_760x300_ImuBerin.jpg","type":"image\/jpeg"}],"twitter_card":"summary_large_image","twitter_misc":{"Szacowany czas czytania":"3 minuty"},"schema":{"@context":"https:\/\/schema.org","@graph":[{"@type":"WebPage","@id":"https:\/\/naturalpharmaceuticals.eu\/pl\/nasze-suplementy\/imuberin\/","url":"https:\/\/naturalpharmaceuticals.eu\/pl\/nasze-suplementy\/imuberin\/","name":"ImuBerin\u00ae - Natural Pharmaceuticals","isPartOf":{"@id":"https:\/\/naturalpharmaceuticals.eu\/pl\/#website"},"primaryImageOfPage":{"@id":"https:\/\/naturalpharmaceuticals.eu\/pl\/nasze-suplementy\/imuberin\/#primaryimage"},"image":{"@id":"https:\/\/naturalpharmaceuticals.eu\/pl\/nasze-suplementy\/imuberin\/#primaryimage"},"thumbnailUrl":"https:\/\/naturalpharmaceuticals.eu\/wp-content\/uploads\/sites\/2\/2023\/11\/PL_banner_760x300_ImuBerin.jpg","datePublished":"2023-11-17T14:27:36+00:00","dateModified":"2024-01-19T10:32:51+00:00","breadcrumb":{"@id":"https:\/\/naturalpharmaceuticals.eu\/pl\/nasze-suplementy\/imuberin\/#breadcrumb"},"inLanguage":"pl-PL","potentialAction":[{"@type":"ReadAction","target":["https:\/\/naturalpharmaceuticals.eu\/pl\/nasze-suplementy\/imuberin\/"]}]},{"@type":"ImageObject","inLanguage":"pl-PL","@id":"https:\/\/naturalpharmaceuticals.eu\/pl\/nasze-suplementy\/imuberin\/#primaryimage","url":"https:\/\/naturalpharmaceuticals.eu\/wp-content\/uploads\/sites\/2\/2023\/11\/PL_banner_760x300_ImuBerin.jpg","contentUrl":"https:\/\/naturalpharmaceuticals.eu\/wp-content\/uploads\/sites\/2\/2023\/11\/PL_banner_760x300_ImuBerin.jpg","width":1520,"height":600},{"@type":"BreadcrumbList","@id":"https:\/\/naturalpharmaceuticals.eu\/pl\/nasze-suplementy\/imuberin\/#breadcrumb","itemListElement":[{"@type":"ListItem","position":1,"name":"Home","item":"https:\/\/naturalpharmaceuticals.eu\/pl\/"},{"@type":"ListItem","position":2,"name":"Nasze suplementy","item":"https:\/\/naturalpharmaceuticals.eu\/pl\/nasze-suplementy\/"},{"@type":"ListItem","position":3,"name":"ImuBerin\u00ae"}]},{"@type":"WebSite","@id":"https:\/\/naturalpharmaceuticals.eu\/pl\/#website","url":"https:\/\/naturalpharmaceuticals.eu\/pl\/","name":"Natural Pharmaceuticals","description":"","publisher":{"@id":"https:\/\/naturalpharmaceuticals.eu\/pl\/#organization"},"potentialAction":[{"@type":"SearchAction","target":{"@type":"EntryPoint","urlTemplate":"https:\/\/naturalpharmaceuticals.eu\/pl\/?s={search_term_string}"},"query-input":{"@type":"PropertyValueSpecification","valueRequired":true,"valueName":"search_term_string"}}],"inLanguage":"pl-PL"},{"@type":"Organization","@id":"https:\/\/naturalpharmaceuticals.eu\/pl\/#organization","name":"Natural Pharmaceuticals","url":"https:\/\/naturalpharmaceuticals.eu\/pl\/","logo":{"@type":"ImageObject","inLanguage":"pl-PL","@id":"https:\/\/naturalpharmaceuticals.eu\/pl\/#\/schema\/logo\/image\/","url":"https:\/\/naturalpharmaceuticals.eu\/wp-content\/uploads\/sites\/2\/2020\/11\/cropped-natural-pharmaceuticals-logo.png","contentUrl":"https:\/\/naturalpharmaceuticals.eu\/wp-content\/uploads\/sites\/2\/2020\/11\/cropped-natural-pharmaceuticals-logo.png","width":900,"height":323,"caption":"Natural Pharmaceuticals"},"image":{"@id":"https:\/\/naturalpharmaceuticals.eu\/pl\/#\/schema\/logo\/image\/"}}]}},"jetpack_sharing_enabled":true,"_links":{"self":[{"href":"https:\/\/naturalpharmaceuticals.eu\/pl\/wp-json\/wp\/v2\/pages\/21142","targetHints":{"allow":["GET"]}}],"collection":[{"href":"https:\/\/naturalpharmaceuticals.eu\/pl\/wp-json\/wp\/v2\/pages"}],"about":[{"href":"https:\/\/naturalpharmaceuticals.eu\/pl\/wp-json\/wp\/v2\/types\/page"}],"author":[{"embeddable":true,"href":"https:\/\/naturalpharmaceuticals.eu\/pl\/wp-json\/wp\/v2\/users\/4"}],"replies":[{"embeddable":true,"href":"https:\/\/naturalpharmaceuticals.eu\/pl\/wp-json\/wp\/v2\/comments?post=21142"}],"version-history":[{"count":28,"href":"https:\/\/naturalpharmaceuticals.eu\/pl\/wp-json\/wp\/v2\/pages\/21142\/revisions"}],"predecessor-version":[{"id":22585,"href":"https:\/\/naturalpharmaceuticals.eu\/pl\/wp-json\/wp\/v2\/pages\/21142\/revisions\/22585"}],"up":[{"embeddable":true,"href":"https:\/\/naturalpharmaceuticals.eu\/pl\/wp-json\/wp\/v2\/pages\/2832"}],"wp:featuredmedia":[{"embeddable":true,"href":"https:\/\/naturalpharmaceuticals.eu\/pl\/wp-json\/wp\/v2\/media\/21165"}],"wp:attachment":[{"href":"https:\/\/naturalpharmaceuticals.eu\/pl\/wp-json\/wp\/v2\/media?parent=21142"}],"curies":[{"name":"wp","href":"https:\/\/api.w.org\/{rel}","templated":true}]}}