{"id":2732,"date":"2021-03-16T10:05:29","date_gmt":"2021-03-16T10:05:29","guid":{"rendered":"https:\/\/naturalpharmaceuticals.eu\/?page_id=2732"},"modified":"2023-04-18T11:23:21","modified_gmt":"2023-04-18T11:23:21","slug":"dla-dluzszego-i-lepszego-zycia","status":"publish","type":"page","link":"https:\/\/naturalpharmaceuticals.eu\/pl\/","title":{"rendered":"Dla d\u0142u\u017cszego i lepszego \u017cycia"},"content":{"rendered":"\n<p>Nasza firma wywodzi si\u0119 z Norwegii. Naszym dzie\u0142em s\u0105 najwy\u017cszej jako\u015bci suplementy z dobroczynnymi kwasami z rodziny Omega-3. Dzi\u0119ki nim uda\u0142o nam si\u0119 zdoby\u0107 pozycj\u0119 lidera rynku. Cenne kwasy t\u0142uszczowe pozyskujemy z \u0142ososia p\u0142ywaj\u0105cego w krystalicznie czystych wodach arktycznej P\u00f3\u0142nocy. Nasz\u0105 misj\u0105 by\u0142o i jest u\u015bwiadomienie Konsumentom olbrzymich korzy\u015bci dla zdrowia wynikaj\u0105cych ze stosowania diety bogatej w kwasy t\u0142uszczowe, kt\u00f3rych najlepszym naturalnym \u017ar\u00f3d\u0142em s\u0105 ryby morskie. Nasz flagowy produkt OmegaMarine\u2122 Premium jest bestsellerem w wielu krajach Europy.<\/p>\n","protected":false},"excerpt":{"rendered":"<p>Nasza firma wywodzi si\u0119 z Norwegii. Naszym dzie\u0142em s\u0105 najwy\u017cszej jako\u015bci suplementy z dobroczynnymi kwasami z rodziny Omega-3. Dzi\u0119ki nim uda\u0142o nam si\u0119 zdoby\u0107 pozycj\u0119 lidera rynku. Cenne kwasy t\u0142uszczowe pozyskujemy z \u0142ososia p\u0142ywaj\u0105cego w krystalicznie czystych wodach arktycznej P\u00f3\u0142nocy.&#x2026; <\/p>\n<p class=\"more-link-container th-uppercase\"><a href=\"https:\/\/naturalpharmaceuticals.eu\/pl\/\" class=\"more-link\">Read More <span class=\"screen-reader-text\">Dla d\u0142u\u017cszego i lepszego \u017cycia<\/span><\/a><\/p>\n","protected":false},"author":1,"featured_media":2734,"parent":0,"menu_order":0,"comment_status":"closed","ping_status":"closed","template":"templates\/front-page.php","meta":{"ub_ctt_via":"","footnotes":""},"class_list":["post-2732","page","type-page","status-publish","has-post-thumbnail","hentry"],"featured_image_src":"https:\/\/naturalpharmaceuticals.eu\/wp-content\/uploads\/sites\/2\/2020\/12\/Natural_Pharmaceuticals_Norway_1518x435.jpg","yoast_head":"<!-- This site is optimized with the Yoast SEO plugin v24.4 - https:\/\/yoast.com\/wordpress\/plugins\/seo\/ -->\n<title>Dla d\u0142u\u017cszego i lepszego \u017cycia - Natural Pharmaceuticals<\/title>\n<meta name=\"robots\" content=\"index, follow, max-snippet:-1, max-image-preview:large, max-video-preview:-1\" \/>\n<link rel=\"canonical\" href=\"https:\/\/naturalpharmaceuticals.eu\/pl\/\" \/>\n<meta property=\"og:locale\" content=\"pl_PL\" \/>\n<meta property=\"og:type\" content=\"article\" \/>\n<meta property=\"og:title\" content=\"Dla d\u0142u\u017cszego i lepszego \u017cycia - Natural Pharmaceuticals\" \/>\n<meta property=\"og:description\" content=\"Nasza firma wywodzi si\u0119 z Norwegii. Naszym dzie\u0142em s\u0105 najwy\u017cszej jako\u015bci suplementy z dobroczynnymi kwasami z rodziny Omega-3. Dzi\u0119ki nim uda\u0142o nam si\u0119 zdoby\u0107 pozycj\u0119 lidera rynku. Cenne kwasy t\u0142uszczowe pozyskujemy z \u0142ososia p\u0142ywaj\u0105cego w krystalicznie czystych wodach arktycznej P\u00f3\u0142nocy.&#x2026; Read More Dla d\u0142u\u017cszego i lepszego \u017cycia\" \/>\n<meta property=\"og:url\" content=\"https:\/\/naturalpharmaceuticals.eu\/pl\/\" \/>\n<meta property=\"og:site_name\" content=\"Natural Pharmaceuticals\" \/>\n<meta property=\"article:modified_time\" content=\"2023-04-18T11:23:21+00:00\" \/>\n<meta property=\"og:image\" content=\"https:\/\/naturalpharmaceuticals.eu\/wp-content\/uploads\/sites\/2\/2020\/12\/Natural_Pharmaceuticals_Norway_1518x435.jpg\" \/>\n\t<meta property=\"og:image:width\" content=\"1518\" \/>\n\t<meta property=\"og:image:height\" content=\"435\" \/>\n\t<meta property=\"og:image:type\" content=\"image\/jpeg\" \/>\n<meta name=\"twitter:card\" content=\"summary_large_image\" \/>\n<meta name=\"twitter:label1\" content=\"Szacowany czas czytania\" \/>\n\t<meta name=\"twitter:data1\" content=\"1 minuta\" \/>\n<script type=\"application\/ld+json\" class=\"yoast-schema-graph\">{\"@context\":\"https:\/\/schema.org\",\"@graph\":[{\"@type\":\"WebPage\",\"@id\":\"https:\/\/naturalpharmaceuticals.eu\/pl\/\",\"url\":\"https:\/\/naturalpharmaceuticals.eu\/pl\/\",\"name\":\"Dla d\u0142u\u017cszego i lepszego \u017cycia - Natural Pharmaceuticals\",\"isPartOf\":{\"@id\":\"https:\/\/naturalpharmaceuticals.eu\/pl\/#website\"},\"primaryImageOfPage\":{\"@id\":\"https:\/\/naturalpharmaceuticals.eu\/pl\/#primaryimage\"},\"image\":{\"@id\":\"https:\/\/naturalpharmaceuticals.eu\/pl\/#primaryimage\"},\"thumbnailUrl\":\"https:\/\/naturalpharmaceuticals.eu\/wp-content\/uploads\/sites\/2\/2020\/12\/Natural_Pharmaceuticals_Norway_1518x435.jpg\",\"datePublished\":\"2021-03-16T10:05:29+00:00\",\"dateModified\":\"2023-04-18T11:23:21+00:00\",\"breadcrumb\":{\"@id\":\"https:\/\/naturalpharmaceuticals.eu\/pl\/#breadcrumb\"},\"inLanguage\":\"pl-PL\",\"potentialAction\":[{\"@type\":\"ReadAction\",\"target\":[\"https:\/\/naturalpharmaceuticals.eu\/pl\/\"]}]},{\"@type\":\"ImageObject\",\"inLanguage\":\"pl-PL\",\"@id\":\"https:\/\/naturalpharmaceuticals.eu\/pl\/#primaryimage\",\"url\":\"https:\/\/naturalpharmaceuticals.eu\/wp-content\/uploads\/sites\/2\/2020\/12\/Natural_Pharmaceuticals_Norway_1518x435.jpg\",\"contentUrl\":\"https:\/\/naturalpharmaceuticals.eu\/wp-content\/uploads\/sites\/2\/2020\/12\/Natural_Pharmaceuticals_Norway_1518x435.jpg\",\"width\":1518,\"height\":435},{\"@type\":\"BreadcrumbList\",\"@id\":\"https:\/\/naturalpharmaceuticals.eu\/pl\/#breadcrumb\",\"itemListElement\":[{\"@type\":\"ListItem\",\"position\":1,\"name\":\"Home\",\"item\":\"https:\/\/naturalpharmaceuticals.eu\/pl\/\"},{\"@type\":\"ListItem\",\"position\":2,\"name\":\"Dla d\u0142u\u017cszego i lepszego \u017cycia\"}]},{\"@type\":\"WebSite\",\"@id\":\"https:\/\/naturalpharmaceuticals.eu\/pl\/#website\",\"url\":\"https:\/\/naturalpharmaceuticals.eu\/pl\/\",\"name\":\"Natural Pharmaceuticals\",\"description\":\"\",\"publisher\":{\"@id\":\"https:\/\/naturalpharmaceuticals.eu\/pl\/#organization\"},\"potentialAction\":[{\"@type\":\"SearchAction\",\"target\":{\"@type\":\"EntryPoint\",\"urlTemplate\":\"https:\/\/naturalpharmaceuticals.eu\/pl\/?s={search_term_string}\"},\"query-input\":{\"@type\":\"PropertyValueSpecification\",\"valueRequired\":true,\"valueName\":\"search_term_string\"}}],\"inLanguage\":\"pl-PL\"},{\"@type\":\"Organization\",\"@id\":\"https:\/\/naturalpharmaceuticals.eu\/pl\/#organization\",\"name\":\"Natural Pharmaceuticals\",\"url\":\"https:\/\/naturalpharmaceuticals.eu\/pl\/\",\"logo\":{\"@type\":\"ImageObject\",\"inLanguage\":\"pl-PL\",\"@id\":\"https:\/\/naturalpharmaceuticals.eu\/pl\/#\/schema\/logo\/image\/\",\"url\":\"https:\/\/naturalpharmaceuticals.eu\/wp-content\/uploads\/sites\/2\/2020\/11\/cropped-natural-pharmaceuticals-logo.png\",\"contentUrl\":\"https:\/\/naturalpharmaceuticals.eu\/wp-content\/uploads\/sites\/2\/2020\/11\/cropped-natural-pharmaceuticals-logo.png\",\"width\":900,\"height\":323,\"caption\":\"Natural Pharmaceuticals\"},\"image\":{\"@id\":\"https:\/\/naturalpharmaceuticals.eu\/pl\/#\/schema\/logo\/image\/\"}}]}<\/script>\n<!-- \/ Yoast SEO plugin. -->","yoast_head_json":{"title":"Dla d\u0142u\u017cszego i lepszego \u017cycia - Natural Pharmaceuticals","robots":{"index":"index","follow":"follow","max-snippet":"max-snippet:-1","max-image-preview":"max-image-preview:large","max-video-preview":"max-video-preview:-1"},"canonical":"https:\/\/naturalpharmaceuticals.eu\/pl\/","og_locale":"pl_PL","og_type":"article","og_title":"Dla d\u0142u\u017cszego i lepszego \u017cycia - Natural Pharmaceuticals","og_description":"Nasza firma wywodzi si\u0119 z Norwegii. Naszym dzie\u0142em s\u0105 najwy\u017cszej jako\u015bci suplementy z dobroczynnymi kwasami z rodziny Omega-3. Dzi\u0119ki nim uda\u0142o nam si\u0119 zdoby\u0107 pozycj\u0119 lidera rynku. Cenne kwasy t\u0142uszczowe pozyskujemy z \u0142ososia p\u0142ywaj\u0105cego w krystalicznie czystych wodach arktycznej P\u00f3\u0142nocy.&#x2026; Read More Dla d\u0142u\u017cszego i lepszego \u017cycia","og_url":"https:\/\/naturalpharmaceuticals.eu\/pl\/","og_site_name":"Natural Pharmaceuticals","article_modified_time":"2023-04-18T11:23:21+00:00","og_image":[{"width":1518,"height":435,"url":"https:\/\/naturalpharmaceuticals.eu\/wp-content\/uploads\/sites\/2\/2020\/12\/Natural_Pharmaceuticals_Norway_1518x435.jpg","type":"image\/jpeg"}],"twitter_card":"summary_large_image","twitter_misc":{"Szacowany czas czytania":"1 minuta"},"schema":{"@context":"https:\/\/schema.org","@graph":[{"@type":"WebPage","@id":"https:\/\/naturalpharmaceuticals.eu\/pl\/","url":"https:\/\/naturalpharmaceuticals.eu\/pl\/","name":"Dla d\u0142u\u017cszego i lepszego \u017cycia - Natural Pharmaceuticals","isPartOf":{"@id":"https:\/\/naturalpharmaceuticals.eu\/pl\/#website"},"primaryImageOfPage":{"@id":"https:\/\/naturalpharmaceuticals.eu\/pl\/#primaryimage"},"image":{"@id":"https:\/\/naturalpharmaceuticals.eu\/pl\/#primaryimage"},"thumbnailUrl":"https:\/\/naturalpharmaceuticals.eu\/wp-content\/uploads\/sites\/2\/2020\/12\/Natural_Pharmaceuticals_Norway_1518x435.jpg","datePublished":"2021-03-16T10:05:29+00:00","dateModified":"2023-04-18T11:23:21+00:00","breadcrumb":{"@id":"https:\/\/naturalpharmaceuticals.eu\/pl\/#breadcrumb"},"inLanguage":"pl-PL","potentialAction":[{"@type":"ReadAction","target":["https:\/\/naturalpharmaceuticals.eu\/pl\/"]}]},{"@type":"ImageObject","inLanguage":"pl-PL","@id":"https:\/\/naturalpharmaceuticals.eu\/pl\/#primaryimage","url":"https:\/\/naturalpharmaceuticals.eu\/wp-content\/uploads\/sites\/2\/2020\/12\/Natural_Pharmaceuticals_Norway_1518x435.jpg","contentUrl":"https:\/\/naturalpharmaceuticals.eu\/wp-content\/uploads\/sites\/2\/2020\/12\/Natural_Pharmaceuticals_Norway_1518x435.jpg","width":1518,"height":435},{"@type":"BreadcrumbList","@id":"https:\/\/naturalpharmaceuticals.eu\/pl\/#breadcrumb","itemListElement":[{"@type":"ListItem","position":1,"name":"Home","item":"https:\/\/naturalpharmaceuticals.eu\/pl\/"},{"@type":"ListItem","position":2,"name":"Dla d\u0142u\u017cszego i lepszego \u017cycia"}]},{"@type":"WebSite","@id":"https:\/\/naturalpharmaceuticals.eu\/pl\/#website","url":"https:\/\/naturalpharmaceuticals.eu\/pl\/","name":"Natural Pharmaceuticals","description":"","publisher":{"@id":"https:\/\/naturalpharmaceuticals.eu\/pl\/#organization"},"potentialAction":[{"@type":"SearchAction","target":{"@type":"EntryPoint","urlTemplate":"https:\/\/naturalpharmaceuticals.eu\/pl\/?s={search_term_string}"},"query-input":{"@type":"PropertyValueSpecification","valueRequired":true,"valueName":"search_term_string"}}],"inLanguage":"pl-PL"},{"@type":"Organization","@id":"https:\/\/naturalpharmaceuticals.eu\/pl\/#organization","name":"Natural Pharmaceuticals","url":"https:\/\/naturalpharmaceuticals.eu\/pl\/","logo":{"@type":"ImageObject","inLanguage":"pl-PL","@id":"https:\/\/naturalpharmaceuticals.eu\/pl\/#\/schema\/logo\/image\/","url":"https:\/\/naturalpharmaceuticals.eu\/wp-content\/uploads\/sites\/2\/2020\/11\/cropped-natural-pharmaceuticals-logo.png","contentUrl":"https:\/\/naturalpharmaceuticals.eu\/wp-content\/uploads\/sites\/2\/2020\/11\/cropped-natural-pharmaceuticals-logo.png","width":900,"height":323,"caption":"Natural Pharmaceuticals"},"image":{"@id":"https:\/\/naturalpharmaceuticals.eu\/pl\/#\/schema\/logo\/image\/"}}]}},"jetpack_sharing_enabled":true,"_links":{"self":[{"href":"https:\/\/naturalpharmaceuticals.eu\/pl\/wp-json\/wp\/v2\/pages\/2732","targetHints":{"allow":["GET"]}}],"collection":[{"href":"https:\/\/naturalpharmaceuticals.eu\/pl\/wp-json\/wp\/v2\/pages"}],"about":[{"href":"https:\/\/naturalpharmaceuticals.eu\/pl\/wp-json\/wp\/v2\/types\/page"}],"author":[{"embeddable":true,"href":"https:\/\/naturalpharmaceuticals.eu\/pl\/wp-json\/wp\/v2\/users\/1"}],"replies":[{"embeddable":true,"href":"https:\/\/naturalpharmaceuticals.eu\/pl\/wp-json\/wp\/v2\/comments?post=2732"}],"version-history":[{"count":3,"href":"https:\/\/naturalpharmaceuticals.eu\/pl\/wp-json\/wp\/v2\/pages\/2732\/revisions"}],"predecessor-version":[{"id":18471,"href":"https:\/\/naturalpharmaceuticals.eu\/pl\/wp-json\/wp\/v2\/pages\/2732\/revisions\/18471"}],"wp:featuredmedia":[{"embeddable":true,"href":"https:\/\/naturalpharmaceuticals.eu\/pl\/wp-json\/wp\/v2\/media\/2734"}],"wp:attachment":[{"href":"https:\/\/naturalpharmaceuticals.eu\/pl\/wp-json\/wp\/v2\/media?parent=2732"}],"curies":[{"name":"wp","href":"https:\/\/api.w.org\/{rel}","templated":true}]}}