{"id":2768,"date":"2021-03-16T10:35:27","date_gmt":"2021-03-16T10:35:27","guid":{"rendered":"https:\/\/naturalpharmaceuticals.eu\/?page_id=2768"},"modified":"2023-06-13T09:01:38","modified_gmt":"2023-06-13T09:01:38","slug":"nasze-gwarancje","status":"publish","type":"page","link":"https:\/\/naturalpharmaceuticals.eu\/pl\/nasze-gwarancje\/","title":{"rendered":"Nasze gwarancje"},"content":{"rendered":"\n<h2 class=\"wp-block-heading\">Dobra Praktyka Produkcyjna<\/h2>\n\n\n\n<p>Nasze suplementy s\u0105 produkowane zgodnie z Dobr\u0105 Praktyk\u0105 Produkcyjn\u0105 (z ang. GMP \u2013 Good Manufacturing Practice), czyli mi\u0119dzynarodowym standardem stosowanym w bran\u017cy farmaceutycznej i spo\u017cywczej. To gwarant najwy\u017cszej jako\u015bci i idealnej czysto\u015bci u\u017cytych sk\u0142adnik\u00f3w, a tak\u017ce pe\u0142nej kontroli nad ich pochodzeniem oraz ka\u017cdym etapem produkcji.<\/p>\n\n\n<div class=\"wp-block-image\">\n<figure class=\"aligncenter size-large\"><a href=\"\/wp-content\/uploads\/sites\/2\/2020\/12\/Statement-GMP-26.09.2019.pdf\" target=\"_blank\" rel=\"noopener\"><img loading=\"lazy\" decoding=\"async\" width=\"724\" height=\"1024\" src=\"https:\/\/naturalpharmaceuticals.eu\/wp-content\/uploads\/sites\/2\/2020\/10\/Statement-GMP-26-724x1024.jpg\" alt=\"\" class=\"wp-image-513\" srcset=\"https:\/\/naturalpharmaceuticals.eu\/wp-content\/uploads\/sites\/2\/2020\/10\/Statement-GMP-26-724x1024.jpg 724w, https:\/\/naturalpharmaceuticals.eu\/wp-content\/uploads\/sites\/2\/2020\/10\/Statement-GMP-26-212x300.jpg 212w, https:\/\/naturalpharmaceuticals.eu\/wp-content\/uploads\/sites\/2\/2020\/10\/Statement-GMP-26-768x1086.jpg 768w, https:\/\/naturalpharmaceuticals.eu\/wp-content\/uploads\/sites\/2\/2020\/10\/Statement-GMP-26-1087x1536.jpg 1087w, https:\/\/naturalpharmaceuticals.eu\/wp-content\/uploads\/sites\/2\/2020\/10\/Statement-GMP-26-1449x2048.jpg 1449w, https:\/\/naturalpharmaceuticals.eu\/wp-content\/uploads\/sites\/2\/2020\/10\/Statement-GMP-26-scaled.jpg 1811w\" sizes=\"auto, (max-width: 724px) 100vw, 724px\" \/><\/a><\/figure><\/div>\n\n\n<h2 class=\"wp-block-heading\">Jeste\u015bmy dumnym cz\u0142onkiem GOED<\/h2>\n\n\n\n<div class=\"wp-block-media-text has-media-on-the-right is-stacked-on-mobile pr-2em\" style=\"grid-template-columns:auto 15%\"><div class=\"wp-block-media-text__content\">\n<p>GOED (\u015awiatowa Organizacja EPA i DHA Omega-3) zosta\u0142a za\u0142o\u017cona w 2006 roku w Stanach Zjednoczonych. Jej misj\u0105 jest popularyzacja wiedzy dotycz\u0105cej omega-3 na ca\u0142ym \u015bwiecie, jak r\u00f3wnie\u017c zapewnienie konsument\u00f3w, \u017ce cz\u0142onkowie organizacji dostarczaj\u0105 najwy\u017cszej jako\u015bci produkty, kt\u00f3rym mo\u017cna zaufa\u0107.<\/p>\n\n\n\n<p>GOED popularyzuje naukow\u0105 wiedz\u0119 o kluczowej roli, jak\u0105 odgrywaj\u0105 kwasy dokozaheksaenowy (DHA) i eikozapentaenowy (EPA) w prawid\u0142owym funkcjonowaniu organizmu cz\u0142owieka.<\/p>\n\n\n\n<p>Zobacz nasz\u0105 wizyt\u00f3wk\u0119 na stronie internetowej GOED <a href=\"https:\/\/goedomega3.com\/members\/member\/natural-pharmaceuticals\" target=\"_blank\" rel=\"noreferrer noopener\">tutaj<\/a>.<\/p>\n<\/div><figure class=\"wp-block-media-text__media\"><img loading=\"lazy\" decoding=\"async\" width=\"783\" height=\"1024\" src=\"https:\/\/nordicmed.natural.pl\/wp-content\/uploads\/sites\/2\/2020\/10\/goed_member_logo-Hi-res-783x1024.png\" alt=\"\" class=\"wp-image-517 size-full\" srcset=\"https:\/\/naturalpharmaceuticals.eu\/wp-content\/uploads\/sites\/2\/2020\/10\/goed_member_logo-Hi-res-783x1024.png 783w, https:\/\/naturalpharmaceuticals.eu\/wp-content\/uploads\/sites\/2\/2020\/10\/goed_member_logo-Hi-res-229x300.png 229w, https:\/\/naturalpharmaceuticals.eu\/wp-content\/uploads\/sites\/2\/2020\/10\/goed_member_logo-Hi-res-768x1005.png 768w, https:\/\/naturalpharmaceuticals.eu\/wp-content\/uploads\/sites\/2\/2020\/10\/goed_member_logo-Hi-res.png 854w\" sizes=\"auto, (max-width: 783px) 100vw, 783px\" \/><\/figure><\/div>\n\n\n\n<h2 class=\"wp-block-heading\">Jeste\u015bmy pierwsz\u0105 firm\u0105 na \u015bwiecie, kt\u00f3ra zdoby\u0142a certyfikat ORIVO<\/h2>\n\n\n\n<div class=\"wp-block-media-text has-media-on-the-right is-stacked-on-mobile pr-2em\" style=\"grid-template-columns:auto 15%\"><div class=\"wp-block-media-text__content\">\n<p>Norweskie laboratorium ORIVO w M\u00f8re &amp; Romsdal dysponuje baz\u0105 badawcz\u0105 umo\u017cliwiaj\u0105c\u0105 precyzyjne weryfikowanie pochodzenia oleju z ryb u\u017cywanego do produkcji suplement\u00f3w diety. Potwierdza r\u00f3wnie\u017c deklarowany przez wytw\u00f3rc\u0119 sk\u0142ad badanego produktu. Dla konsumenta to najbardziej wiarygodna gwarancja, \u017ce wybra\u0142 produkt absolutnie najwy\u017cszej jako\u015bci. OmegaMarine Forte+ by\u0142 pierwszym na \u015bwiecie suplementem omega-3 poddanym badaniu i pierwszym zdobywc\u0105 presti\u017cowego certyfikatu ORIVO.<\/p>\n\n\n\n<blockquote class=\"wp-block-quote is-layout-flow wp-block-quote-is-layout-flow\">\n<p>Mamy pe\u0142ne zaufanie do naszych sta\u0142ych, sprawdzonych dostawc\u00f3w. Dlatego nie by\u0142o dla nas zaskoczeniem, \u017ce laboratoryjne testy ORIVO potwierdzi\u0142y jako\u015b\u0107 sk\u0142adnik\u00f3w, jak i autentyczno\u015b\u0107 pochodzenia naszego OmegaMarine Forte+. Rynek oferuje dzi\u015b mn\u00f3stwo produkt\u00f3w omega-3, czasem niestety pozyskiwanego z oleju niewiadomego, trudnego do zweryfikowania pochodzenia. Nasi Klienci mog\u0105 mie\u0107 za to pewno\u015b\u0107, \u017ce nasza marka by\u0142a, jest i b\u0119dzie gwarantowana badaniami autoryzowanymi przez supernowoczesny o\u015brodek naukowy ORIVO.<\/p>\n<cite><em>Jonas T\u00f6rquist, Prezes<\/em><\/cite><\/blockquote>\n\n\n\n<p>Wi\u0119cej informacji znajdziesz na stronie internetowej <a href=\"https:\/\/orivo.no\/\">ORIVO<\/a>.<\/p>\n<\/div><figure class=\"wp-block-media-text__media\"><img loading=\"lazy\" decoding=\"async\" width=\"600\" height=\"606\" src=\"https:\/\/naturalpharmaceuticals.eu\/wp-content\/uploads\/sites\/2\/2023\/06\/orivo-verified-origin-8-years.png\" alt=\"\" class=\"wp-image-19339 size-full\" srcset=\"https:\/\/naturalpharmaceuticals.eu\/wp-content\/uploads\/sites\/2\/2023\/06\/orivo-verified-origin-8-years.png 600w, https:\/\/naturalpharmaceuticals.eu\/wp-content\/uploads\/sites\/2\/2023\/06\/orivo-verified-origin-8-years-297x300.png 297w\" sizes=\"auto, (max-width: 600px) 100vw, 600px\" \/><\/figure><\/div>\n\n\n\n<h2 class=\"wp-block-heading\">Gwarancja jako\u015bci<\/h2>\n\n\n\n<p>Pharmatech A.S., wytw\u00f3rca wszystkich naszych suplement\u00f3w, znajduje si\u0119 pod \u015bcis\u0142ym nadzorem Norweskiej Agencji ds. Bezpiecze\u0144stwa \u017bywno\u015bci \u2013 Mattilsynet. Oznacza to, \u017ce ca\u0142y proces produkcji spe\u0142nia wszystkie, najbardziej surowe wymagania norweskiego i europejskiego prawodawstwa.<\/p>\n\n\n\n<div class=\"wp-block-columns is-layout-flex wp-container-core-columns-is-layout-1 wp-block-columns-is-layout-flex\">\n<div class=\"wp-block-column is-layout-flow wp-block-column-is-layout-flow\">\n<figure class=\"wp-block-image size-full\"><a href=\"https:\/\/naturalpharmaceuticals.eu\/wp-content\/uploads\/sites\/2\/2020\/10\/pharmatech-as-approval-of-establishment.jpg\" target=\"_blank\" rel=\"noopener\"><img loading=\"lazy\" decoding=\"async\" width=\"669\" height=\"932\" src=\"https:\/\/naturalpharmaceuticals.eu\/wp-content\/uploads\/sites\/2\/2020\/10\/pharmatech-as-approval-of-establishment.jpg\" alt=\"\" class=\"wp-image-526\" srcset=\"https:\/\/naturalpharmaceuticals.eu\/wp-content\/uploads\/sites\/2\/2020\/10\/pharmatech-as-approval-of-establishment.jpg 669w, https:\/\/naturalpharmaceuticals.eu\/wp-content\/uploads\/sites\/2\/2020\/10\/pharmatech-as-approval-of-establishment-215x300.jpg 215w\" sizes=\"auto, (max-width: 669px) 100vw, 669px\" \/><\/a><\/figure>\n<\/div>\n\n\n\n<div class=\"wp-block-column is-layout-flow wp-block-column-is-layout-flow\">\n<figure class=\"wp-block-image size-full\"><img loading=\"lazy\" decoding=\"async\" width=\"503\" height=\"645\" src=\"https:\/\/naturalpharmaceuticals.eu\/wp-content\/uploads\/sites\/2\/2020\/10\/pharmatech-as-registration-of-establishment.jpg\" alt=\"\" class=\"wp-image-527\" srcset=\"https:\/\/naturalpharmaceuticals.eu\/wp-content\/uploads\/sites\/2\/2020\/10\/pharmatech-as-registration-of-establishment.jpg 503w, https:\/\/naturalpharmaceuticals.eu\/wp-content\/uploads\/sites\/2\/2020\/10\/pharmatech-as-registration-of-establishment-234x300.jpg 234w\" sizes=\"auto, (max-width: 503px) 100vw, 503px\" \/><\/figure>\n<\/div>\n\n\n\n<div class=\"wp-block-column is-layout-flow wp-block-column-is-layout-flow\"><\/div>\n<\/div>\n\n\n\n<p>SALfresh<sup>TM<\/sup>, olej z \u0142ososia wykorzystywany do produkcji OmegaMarine Forte+, jest najprawdopodobniej naj\u015bwie\u017cszym olejem na \u015bwiecie! Od po\u0142owu \u0142ososia do ekstrakcji z niego oleju up\u0142ywa oko\u0142o 75 minut.<\/p>\n\n\n\n<p>Proces ekstrakcji spe\u0142nia najwy\u017csze normy jako\u015bci obowi\u0105zuj\u0105ce w Unii Europejskiej i jeszcze bardziej restrykcyjne normy norweskie.<\/p>\n\n\n\n<div class=\"wp-block-columns is-layout-flex wp-container-core-columns-is-layout-2 wp-block-columns-is-layout-flex\">\n<div class=\"wp-block-column is-layout-flow wp-block-column-is-layout-flow\">\n<figure class=\"wp-block-image size-full\"><a href=\"\/wp-content\/uploads\/sites\/2\/2020\/12\/Product-Specification-SALfresh-Extra-Virgin-2017.pdf\" target=\"_blank\" rel=\"noopener\"><img loading=\"lazy\" decoding=\"async\" width=\"724\" height=\"1024\" src=\"https:\/\/naturalpharmaceuticals.eu\/wp-content\/uploads\/sites\/2\/2020\/10\/Product-Specification-SALfresh-Extra-Virgin-2017_Strona_1-724x1024-1.jpg\" alt=\"\" class=\"wp-image-523\" srcset=\"https:\/\/naturalpharmaceuticals.eu\/wp-content\/uploads\/sites\/2\/2020\/10\/Product-Specification-SALfresh-Extra-Virgin-2017_Strona_1-724x1024-1.jpg 724w, https:\/\/naturalpharmaceuticals.eu\/wp-content\/uploads\/sites\/2\/2020\/10\/Product-Specification-SALfresh-Extra-Virgin-2017_Strona_1-724x1024-1-212x300.jpg 212w\" sizes=\"auto, (max-width: 724px) 100vw, 724px\" \/><\/a><\/figure>\n<\/div>\n\n\n\n<div class=\"wp-block-column is-layout-flow wp-block-column-is-layout-flow\">\n<figure class=\"wp-block-image size-full\"><a href=\"\/wp-content\/uploads\/sites\/2\/2020\/12\/Product-Specification-SALfresh-Extra-Virgin-2017.pdf\" target=\"_blank\" rel=\"noopener\"><img loading=\"lazy\" decoding=\"async\" width=\"724\" height=\"1024\" src=\"https:\/\/naturalpharmaceuticals.eu\/wp-content\/uploads\/sites\/2\/2020\/10\/Product-Specification-SALfresh-Extra-Virgin-2017_Strona_2-724x1024-1.jpg\" alt=\"\" class=\"wp-image-524\" srcset=\"https:\/\/naturalpharmaceuticals.eu\/wp-content\/uploads\/sites\/2\/2020\/10\/Product-Specification-SALfresh-Extra-Virgin-2017_Strona_2-724x1024-1.jpg 724w, https:\/\/naturalpharmaceuticals.eu\/wp-content\/uploads\/sites\/2\/2020\/10\/Product-Specification-SALfresh-Extra-Virgin-2017_Strona_2-724x1024-1-212x300.jpg 212w\" sizes=\"auto, (max-width: 724px) 100vw, 724px\" \/><\/a><\/figure>\n<\/div>\n\n\n\n<div class=\"wp-block-column is-layout-flow wp-block-column-is-layout-flow\">\n<figure class=\"wp-block-image size-full\"><a href=\"\/wp-content\/uploads\/sites\/2\/2020\/12\/Product-Specification-SALfresh-Extra-Virgin-2017.pdf\" target=\"_blank\" rel=\"noopener\"><img loading=\"lazy\" decoding=\"async\" width=\"724\" height=\"1024\" src=\"https:\/\/naturalpharmaceuticals.eu\/wp-content\/uploads\/sites\/2\/2020\/10\/Product-Specification-SALfresh-Extra-Virgin-2017_Strona_3-724x1024-1.jpg\" alt=\"\" class=\"wp-image-525\" srcset=\"https:\/\/naturalpharmaceuticals.eu\/wp-content\/uploads\/sites\/2\/2020\/10\/Product-Specification-SALfresh-Extra-Virgin-2017_Strona_3-724x1024-1.jpg 724w, https:\/\/naturalpharmaceuticals.eu\/wp-content\/uploads\/sites\/2\/2020\/10\/Product-Specification-SALfresh-Extra-Virgin-2017_Strona_3-724x1024-1-212x300.jpg 212w\" sizes=\"auto, (max-width: 724px) 100vw, 724px\" \/><\/a><\/figure>\n\n\n\n<p><\/p>\n<\/div>\n<\/div>\n","protected":false},"excerpt":{"rendered":"<p>Dobra Praktyka Produkcyjna Nasze suplementy s\u0105 produkowane zgodnie z Dobr\u0105 Praktyk\u0105 Produkcyjn\u0105 (z ang. GMP \u2013 Good Manufacturing Practice), czyli mi\u0119dzynarodowym standardem stosowanym w bran\u017cy farmaceutycznej i spo\u017cywczej. To gwarant najwy\u017cszej jako\u015bci i idealnej czysto\u015bci u\u017cytych sk\u0142adnik\u00f3w, a tak\u017ce pe\u0142nej&#x2026; <\/p>\n<p class=\"more-link-container th-uppercase\"><a href=\"https:\/\/naturalpharmaceuticals.eu\/pl\/nasze-gwarancje\/\" class=\"more-link\">Read More <span class=\"screen-reader-text\">Nasze gwarancje<\/span><\/a><\/p>\n","protected":false},"author":1,"featured_media":0,"parent":0,"menu_order":0,"comment_status":"closed","ping_status":"closed","template":"templates\/grid-full-width-page.php","meta":{"ub_ctt_via":"","footnotes":""},"class_list":["post-2768","page","type-page","status-publish","hentry"],"featured_image_src":null,"yoast_head":"<!-- This site is optimized with the Yoast SEO plugin v24.4 - https:\/\/yoast.com\/wordpress\/plugins\/seo\/ -->\n<title>Nasze gwarancje - Natural Pharmaceuticals<\/title>\n<meta name=\"robots\" content=\"index, follow, max-snippet:-1, max-image-preview:large, max-video-preview:-1\" \/>\n<link rel=\"canonical\" href=\"https:\/\/naturalpharmaceuticals.eu\/pl\/nasze-gwarancje\/\" \/>\n<meta property=\"og:locale\" content=\"pl_PL\" \/>\n<meta property=\"og:type\" content=\"article\" \/>\n<meta property=\"og:title\" content=\"Nasze gwarancje - Natural Pharmaceuticals\" \/>\n<meta property=\"og:description\" content=\"Dobra Praktyka Produkcyjna Nasze suplementy s\u0105 produkowane zgodnie z Dobr\u0105 Praktyk\u0105 Produkcyjn\u0105 (z ang. GMP \u2013 Good Manufacturing Practice), czyli mi\u0119dzynarodowym standardem stosowanym w bran\u017cy farmaceutycznej i spo\u017cywczej. To gwarant najwy\u017cszej jako\u015bci i idealnej czysto\u015bci u\u017cytych sk\u0142adnik\u00f3w, a tak\u017ce pe\u0142nej&#x2026; Read More Nasze gwarancje\" \/>\n<meta property=\"og:url\" content=\"https:\/\/naturalpharmaceuticals.eu\/pl\/nasze-gwarancje\/\" \/>\n<meta property=\"og:site_name\" content=\"Natural Pharmaceuticals\" \/>\n<meta property=\"article:modified_time\" content=\"2023-06-13T09:01:38+00:00\" \/>\n<meta property=\"og:image\" content=\"https:\/\/naturalpharmaceuticals.eu\/wp-content\/uploads\/sites\/2\/2020\/10\/Statement-GMP-26-724x1024.jpg\" \/>\n<meta name=\"twitter:card\" content=\"summary_large_image\" \/>\n<meta name=\"twitter:label1\" content=\"Szacowany czas czytania\" \/>\n\t<meta name=\"twitter:data1\" content=\"4 minuty\" \/>\n<script type=\"application\/ld+json\" class=\"yoast-schema-graph\">{\"@context\":\"https:\/\/schema.org\",\"@graph\":[{\"@type\":\"WebPage\",\"@id\":\"https:\/\/naturalpharmaceuticals.eu\/pl\/nasze-gwarancje\/\",\"url\":\"https:\/\/naturalpharmaceuticals.eu\/pl\/nasze-gwarancje\/\",\"name\":\"Nasze gwarancje - Natural Pharmaceuticals\",\"isPartOf\":{\"@id\":\"https:\/\/naturalpharmaceuticals.eu\/pl\/#website\"},\"primaryImageOfPage\":{\"@id\":\"https:\/\/naturalpharmaceuticals.eu\/pl\/nasze-gwarancje\/#primaryimage\"},\"image\":{\"@id\":\"https:\/\/naturalpharmaceuticals.eu\/pl\/nasze-gwarancje\/#primaryimage\"},\"thumbnailUrl\":\"https:\/\/naturalpharmaceuticals.eu\/wp-content\/uploads\/sites\/2\/2020\/10\/Statement-GMP-26-724x1024.jpg\",\"datePublished\":\"2021-03-16T10:35:27+00:00\",\"dateModified\":\"2023-06-13T09:01:38+00:00\",\"breadcrumb\":{\"@id\":\"https:\/\/naturalpharmaceuticals.eu\/pl\/nasze-gwarancje\/#breadcrumb\"},\"inLanguage\":\"pl-PL\",\"potentialAction\":[{\"@type\":\"ReadAction\",\"target\":[\"https:\/\/naturalpharmaceuticals.eu\/pl\/nasze-gwarancje\/\"]}]},{\"@type\":\"ImageObject\",\"inLanguage\":\"pl-PL\",\"@id\":\"https:\/\/naturalpharmaceuticals.eu\/pl\/nasze-gwarancje\/#primaryimage\",\"url\":\"https:\/\/naturalpharmaceuticals.eu\/wp-content\/uploads\/sites\/2\/2020\/10\/Statement-GMP-26-724x1024.jpg\",\"contentUrl\":\"https:\/\/naturalpharmaceuticals.eu\/wp-content\/uploads\/sites\/2\/2020\/10\/Statement-GMP-26-724x1024.jpg\"},{\"@type\":\"BreadcrumbList\",\"@id\":\"https:\/\/naturalpharmaceuticals.eu\/pl\/nasze-gwarancje\/#breadcrumb\",\"itemListElement\":[{\"@type\":\"ListItem\",\"position\":1,\"name\":\"Home\",\"item\":\"https:\/\/naturalpharmaceuticals.eu\/pl\/\"},{\"@type\":\"ListItem\",\"position\":2,\"name\":\"Nasze gwarancje\"}]},{\"@type\":\"WebSite\",\"@id\":\"https:\/\/naturalpharmaceuticals.eu\/pl\/#website\",\"url\":\"https:\/\/naturalpharmaceuticals.eu\/pl\/\",\"name\":\"Natural Pharmaceuticals\",\"description\":\"\",\"publisher\":{\"@id\":\"https:\/\/naturalpharmaceuticals.eu\/pl\/#organization\"},\"potentialAction\":[{\"@type\":\"SearchAction\",\"target\":{\"@type\":\"EntryPoint\",\"urlTemplate\":\"https:\/\/naturalpharmaceuticals.eu\/pl\/?s={search_term_string}\"},\"query-input\":{\"@type\":\"PropertyValueSpecification\",\"valueRequired\":true,\"valueName\":\"search_term_string\"}}],\"inLanguage\":\"pl-PL\"},{\"@type\":\"Organization\",\"@id\":\"https:\/\/naturalpharmaceuticals.eu\/pl\/#organization\",\"name\":\"Natural Pharmaceuticals\",\"url\":\"https:\/\/naturalpharmaceuticals.eu\/pl\/\",\"logo\":{\"@type\":\"ImageObject\",\"inLanguage\":\"pl-PL\",\"@id\":\"https:\/\/naturalpharmaceuticals.eu\/pl\/#\/schema\/logo\/image\/\",\"url\":\"https:\/\/naturalpharmaceuticals.eu\/wp-content\/uploads\/sites\/2\/2020\/11\/cropped-natural-pharmaceuticals-logo.png\",\"contentUrl\":\"https:\/\/naturalpharmaceuticals.eu\/wp-content\/uploads\/sites\/2\/2020\/11\/cropped-natural-pharmaceuticals-logo.png\",\"width\":900,\"height\":323,\"caption\":\"Natural Pharmaceuticals\"},\"image\":{\"@id\":\"https:\/\/naturalpharmaceuticals.eu\/pl\/#\/schema\/logo\/image\/\"}}]}<\/script>\n<!-- \/ Yoast SEO plugin. -->","yoast_head_json":{"title":"Nasze gwarancje - Natural Pharmaceuticals","robots":{"index":"index","follow":"follow","max-snippet":"max-snippet:-1","max-image-preview":"max-image-preview:large","max-video-preview":"max-video-preview:-1"},"canonical":"https:\/\/naturalpharmaceuticals.eu\/pl\/nasze-gwarancje\/","og_locale":"pl_PL","og_type":"article","og_title":"Nasze gwarancje - Natural Pharmaceuticals","og_description":"Dobra Praktyka Produkcyjna Nasze suplementy s\u0105 produkowane zgodnie z Dobr\u0105 Praktyk\u0105 Produkcyjn\u0105 (z ang. GMP \u2013 Good Manufacturing Practice), czyli mi\u0119dzynarodowym standardem stosowanym w bran\u017cy farmaceutycznej i spo\u017cywczej. To gwarant najwy\u017cszej jako\u015bci i idealnej czysto\u015bci u\u017cytych sk\u0142adnik\u00f3w, a tak\u017ce pe\u0142nej&#x2026; Read More Nasze gwarancje","og_url":"https:\/\/naturalpharmaceuticals.eu\/pl\/nasze-gwarancje\/","og_site_name":"Natural Pharmaceuticals","article_modified_time":"2023-06-13T09:01:38+00:00","og_image":[{"url":"https:\/\/naturalpharmaceuticals.eu\/wp-content\/uploads\/sites\/2\/2020\/10\/Statement-GMP-26-724x1024.jpg","type":"","width":"","height":""}],"twitter_card":"summary_large_image","twitter_misc":{"Szacowany czas czytania":"4 minuty"},"schema":{"@context":"https:\/\/schema.org","@graph":[{"@type":"WebPage","@id":"https:\/\/naturalpharmaceuticals.eu\/pl\/nasze-gwarancje\/","url":"https:\/\/naturalpharmaceuticals.eu\/pl\/nasze-gwarancje\/","name":"Nasze gwarancje - Natural Pharmaceuticals","isPartOf":{"@id":"https:\/\/naturalpharmaceuticals.eu\/pl\/#website"},"primaryImageOfPage":{"@id":"https:\/\/naturalpharmaceuticals.eu\/pl\/nasze-gwarancje\/#primaryimage"},"image":{"@id":"https:\/\/naturalpharmaceuticals.eu\/pl\/nasze-gwarancje\/#primaryimage"},"thumbnailUrl":"https:\/\/naturalpharmaceuticals.eu\/wp-content\/uploads\/sites\/2\/2020\/10\/Statement-GMP-26-724x1024.jpg","datePublished":"2021-03-16T10:35:27+00:00","dateModified":"2023-06-13T09:01:38+00:00","breadcrumb":{"@id":"https:\/\/naturalpharmaceuticals.eu\/pl\/nasze-gwarancje\/#breadcrumb"},"inLanguage":"pl-PL","potentialAction":[{"@type":"ReadAction","target":["https:\/\/naturalpharmaceuticals.eu\/pl\/nasze-gwarancje\/"]}]},{"@type":"ImageObject","inLanguage":"pl-PL","@id":"https:\/\/naturalpharmaceuticals.eu\/pl\/nasze-gwarancje\/#primaryimage","url":"https:\/\/naturalpharmaceuticals.eu\/wp-content\/uploads\/sites\/2\/2020\/10\/Statement-GMP-26-724x1024.jpg","contentUrl":"https:\/\/naturalpharmaceuticals.eu\/wp-content\/uploads\/sites\/2\/2020\/10\/Statement-GMP-26-724x1024.jpg"},{"@type":"BreadcrumbList","@id":"https:\/\/naturalpharmaceuticals.eu\/pl\/nasze-gwarancje\/#breadcrumb","itemListElement":[{"@type":"ListItem","position":1,"name":"Home","item":"https:\/\/naturalpharmaceuticals.eu\/pl\/"},{"@type":"ListItem","position":2,"name":"Nasze gwarancje"}]},{"@type":"WebSite","@id":"https:\/\/naturalpharmaceuticals.eu\/pl\/#website","url":"https:\/\/naturalpharmaceuticals.eu\/pl\/","name":"Natural Pharmaceuticals","description":"","publisher":{"@id":"https:\/\/naturalpharmaceuticals.eu\/pl\/#organization"},"potentialAction":[{"@type":"SearchAction","target":{"@type":"EntryPoint","urlTemplate":"https:\/\/naturalpharmaceuticals.eu\/pl\/?s={search_term_string}"},"query-input":{"@type":"PropertyValueSpecification","valueRequired":true,"valueName":"search_term_string"}}],"inLanguage":"pl-PL"},{"@type":"Organization","@id":"https:\/\/naturalpharmaceuticals.eu\/pl\/#organization","name":"Natural Pharmaceuticals","url":"https:\/\/naturalpharmaceuticals.eu\/pl\/","logo":{"@type":"ImageObject","inLanguage":"pl-PL","@id":"https:\/\/naturalpharmaceuticals.eu\/pl\/#\/schema\/logo\/image\/","url":"https:\/\/naturalpharmaceuticals.eu\/wp-content\/uploads\/sites\/2\/2020\/11\/cropped-natural-pharmaceuticals-logo.png","contentUrl":"https:\/\/naturalpharmaceuticals.eu\/wp-content\/uploads\/sites\/2\/2020\/11\/cropped-natural-pharmaceuticals-logo.png","width":900,"height":323,"caption":"Natural Pharmaceuticals"},"image":{"@id":"https:\/\/naturalpharmaceuticals.eu\/pl\/#\/schema\/logo\/image\/"}}]}},"jetpack_sharing_enabled":true,"_links":{"self":[{"href":"https:\/\/naturalpharmaceuticals.eu\/pl\/wp-json\/wp\/v2\/pages\/2768","targetHints":{"allow":["GET"]}}],"collection":[{"href":"https:\/\/naturalpharmaceuticals.eu\/pl\/wp-json\/wp\/v2\/pages"}],"about":[{"href":"https:\/\/naturalpharmaceuticals.eu\/pl\/wp-json\/wp\/v2\/types\/page"}],"author":[{"embeddable":true,"href":"https:\/\/naturalpharmaceuticals.eu\/pl\/wp-json\/wp\/v2\/users\/1"}],"replies":[{"embeddable":true,"href":"https:\/\/naturalpharmaceuticals.eu\/pl\/wp-json\/wp\/v2\/comments?post=2768"}],"version-history":[{"count":6,"href":"https:\/\/naturalpharmaceuticals.eu\/pl\/wp-json\/wp\/v2\/pages\/2768\/revisions"}],"predecessor-version":[{"id":19350,"href":"https:\/\/naturalpharmaceuticals.eu\/pl\/wp-json\/wp\/v2\/pages\/2768\/revisions\/19350"}],"wp:attachment":[{"href":"https:\/\/naturalpharmaceuticals.eu\/pl\/wp-json\/wp\/v2\/media?parent=2768"}],"curies":[{"name":"wp","href":"https:\/\/api.w.org\/{rel}","templated":true}]}}