{"id":2804,"date":"2021-03-16T11:01:26","date_gmt":"2021-03-16T11:01:26","guid":{"rendered":"https:\/\/naturalpharmaceuticals.eu\/?page_id=2804"},"modified":"2024-01-24T10:31:46","modified_gmt":"2024-01-24T10:31:46","slug":"o-nas","status":"publish","type":"page","link":"https:\/\/naturalpharmaceuticals.eu\/pl\/o-nas\/","title":{"rendered":"O nas"},"content":{"rendered":"\n<h2 class=\"wp-block-heading\">Norweska jako\u015b\u0107, klasa sama w sobie \u2013 15 lat na rynku!<\/h2>\n\n\n\n<p>Natural Pharmaceuticals ju\u017c od 15 lat wspomaga swoimi suplementami zdrowie Polak\u00f3w. Gdy zrealizowali\u015bmy pierwsze zam\u00f3wienie, nie \u015bmieli\u015bmy marzy\u0107 o tak dynamicznym rozwoju. Tymczasem dzi\u015b z produkt\u00f3w Natural Pharmaceuticals w Polsce korzysta ju\u017c blisko 1,5 mln os\u00f3b; w\u015br\u00f3d nich s\u0105 tacy, kt\u00f3rzy s\u0105 z nami od samego pocz\u0105tku. Jak uda\u0142o nam si\u0119 zdoby\u0107 zaufanie Klient\u00f3w i osi\u0105gn\u0105\u0107 tak spektakularny sukces?<\/p>\n\n\n\n<h2 class=\"wp-block-heading\">Z Norwegii do Europy \u015arodkowo-Wschodniej<\/h2>\n\n\n\n<p>Natural Pharmaceuticals sta\u0142o si\u0119 na polskim rynku symbolem norweskiej jako\u015bci. Receptury naszych suplement\u00f3w opracowywane s\u0105 w laboratoriach w Norwegii, tam te\u017c bez wyj\u0105tk\u00f3w odbywa si\u0119 ca\u0142a produkcja. Wszystkie produkty oparte s\u0105 na starannie przebadanych, certyfikowanych, a niejednokrotnie r\u00f3wnie\u017c opatentowanych w skali \u015bwiatowej sk\u0142adnikach. Najwy\u017csza jako\u015b\u0107 i bezpiecze\u0144stwo od zawsze s\u0105 naszymi priorytetami.<\/p>\n\n\n\n<div class=\"wp-block-columns is-layout-flex wp-container-core-columns-is-layout-1 wp-block-columns-is-layout-flex\">\n<div class=\"wp-block-column is-layout-flow wp-block-column-is-layout-flow\" style=\"flex-basis:66.66%\">\n<blockquote class=\"wp-block-quote is-layout-flow wp-block-quote-is-layout-flow\">\n<p><em>Si\u0119gn\u0119li\u015bmy po to, z czego s\u0142ynie Norwegia, co jest nasz\u0105 dum\u0105, i postanowili\u015bmy podzieli\u0107 si\u0119 tym dobrem z krajami Europy \u015arodkowo-Wschodniej. Zapukali\u015bmy nie\u015bmia\u0142o do drzwi Klient\u00f3w z nowink\u0105 w postaci wysokojako\u015bciowych, prozdrowotnych suplement\u00f3w diety dostarczanych w wygodny spos\u00f3b \u2013 prosto do domu. Jeste\u015bmy szcz\u0119\u015bliwi, \u017ce przyj\u0119li nas tak go\u015bcinnie i \u017ce ju\u017c od ponad dekady mo\u017cemy im s\u0142u\u017cy\u0107.<\/em><\/p>\n<cite>Jonas T\u00f6rnquist, CEO Grupy Natural Pharmaceuticals<\/cite><\/blockquote>\n<\/div>\n\n\n\n<div class=\"wp-block-column is-layout-flow wp-block-column-is-layout-flow\" style=\"flex-basis:33.33%\"><div class=\"wp-block-image\">\n<figure class=\"alignright size-full\"><img loading=\"lazy\" decoding=\"async\" width=\"300\" height=\"225\" src=\"https:\/\/naturalpharmaceuticals.eu\/wp-content\/uploads\/sites\/2\/2020\/10\/NordicMed_Pharma_Natural_Pharmaceuticals_CEO-edited.jpg\" alt=\"\" class=\"wp-image-484\"\/><\/figure><\/div><\/div>\n<\/div>\n\n\n\n<h2 class=\"wp-block-heading\">Nieustanny rozw\u00f3j, kolejne dobre produkty w ofercie<\/h2>\n\n\n\n<div class=\"wp-block-columns is-layout-flex wp-container-core-columns-is-layout-2 wp-block-columns-is-layout-flex\">\n<div class=\"wp-block-column is-layout-flow wp-block-column-is-layout-flow\" style=\"flex-basis:66.66%\">\n<p>Nie spocz\u0119li\u015bmy na laurach. W 2019 roku odnotowali\u015bmy 70-procentowy, a w 2020 \u2013 50-procentowy wzrost sprzeda\u017cy. Nasz norweski zesp\u00f3\u0142 badawczy dopracowuje najnowsze produkty. Rozwijamy si\u0119, zatrudniamy specjalist\u00f3w, by sprosta\u0107 rosn\u0105cej skali zam\u00f3wie\u0144. Dzi\u015b w sk\u0142ad zespo\u0142u w samej tylko Warszawie wchodzi 50 os\u00f3b.<\/p>\n<\/div>\n\n\n\n<div class=\"wp-block-column is-layout-flow wp-block-column-is-layout-flow\" style=\"flex-basis:33.33%\"><div class=\"wp-block-image\">\n<figure class=\"alignright size-medium\"><img loading=\"lazy\" decoding=\"async\" width=\"300\" height=\"225\" src=\"https:\/\/naturalpharmaceuticals.eu\/wp-content\/uploads\/sites\/2\/2020\/12\/Natural-Pharmaceuticals-projekt-Massive-Design-fot-Szymon-Polanski-8113_300x225-300x225.jpg\" alt=\"\" class=\"wp-image-1081\" srcset=\"https:\/\/naturalpharmaceuticals.eu\/wp-content\/uploads\/sites\/2\/2020\/12\/Natural-Pharmaceuticals-projekt-Massive-Design-fot-Szymon-Polanski-8113_300x225-300x225.jpg 300w, https:\/\/naturalpharmaceuticals.eu\/wp-content\/uploads\/sites\/2\/2020\/12\/Natural-Pharmaceuticals-projekt-Massive-Design-fot-Szymon-Polanski-8113_300x225-1024x768.jpg 1024w, https:\/\/naturalpharmaceuticals.eu\/wp-content\/uploads\/sites\/2\/2020\/12\/Natural-Pharmaceuticals-projekt-Massive-Design-fot-Szymon-Polanski-8113_300x225-768x576.jpg 768w, https:\/\/naturalpharmaceuticals.eu\/wp-content\/uploads\/sites\/2\/2020\/12\/Natural-Pharmaceuticals-projekt-Massive-Design-fot-Szymon-Polanski-8113_300x225-1536x1152.jpg 1536w, https:\/\/naturalpharmaceuticals.eu\/wp-content\/uploads\/sites\/2\/2020\/12\/Natural-Pharmaceuticals-projekt-Massive-Design-fot-Szymon-Polanski-8113_300x225.jpg 1901w\" sizes=\"auto, (max-width: 300px) 100vw, 300px\" \/><\/figure><\/div><\/div>\n<\/div>\n\n\n\n<h2 class=\"wp-block-heading\">Najwa\u017cniejszy juror \u2013 Konsument<\/h2>\n\n\n\n<div class=\"wp-block-columns is-layout-flex wp-container-core-columns-is-layout-3 wp-block-columns-is-layout-flex\">\n<div class=\"wp-block-column is-layout-flow wp-block-column-is-layout-flow\" style=\"flex-basis:66.66%\">\n<p>W Natural Pharmaceuticals najwy\u017csz\u0105 warto\u015bci\u0105 od pocz\u0105tk\u00f3w dzia\u0142alno\u015bci jest jako\u015b\u0107. Nie bacz\u0105c na zyski czy straty \u201epo drodze\u201d, za\u0142o\u017cyli\u015bmy, \u017ce w finalnym rozrachunku nawet bardzo kosztowne inwestycje w badania laboratoryjne i certyfikaty jako\u015bci zwr\u00f3c\u0105 si\u0119 pr\u0119dzej czy p\u00f3\u017aniej w czym\u015b tak bezcennym, jak zaufanie Klient\u00f3w. I tak w\u0142a\u015bnie si\u0119 sta\u0142o, czego najlepszym potwierdzeniem s\u0105 liczne nagrody, kt\u00f3rymi obdarza nas od lat najbardziej wymagaj\u0105ce jury \u2013 Konsumenci. Nieprzerwanie od 2014 roku jeste\u015bmy wyr\u00f3\u017cniani god\u0142em \u201eFirmy Przyjaznej Klientowi\u201d. To nagroda szczeg\u00f3lnie cenna, tak\u017ce ze wzgl\u0119du na kryteria jej przyznawania. Bo ocenie podlegaj\u0105 tak kluczowe relacje mi\u0119dzy firm\u0105 a klientem, jak jako\u015b\u0107 obs\u0142ugi, \u0142atwo\u015b\u0107 komunikacji, og\u00f3lne zadowolenie z produktu oraz gotowo\u015b\u0107 do zarekomendowania go innym.<\/p>\n<\/div>\n\n\n\n<div class=\"wp-block-column is-layout-flow wp-block-column-is-layout-flow\" style=\"flex-basis:33.33%\"><div class=\"wp-block-image\">\n<figure class=\"alignright size-full\"><img loading=\"lazy\" decoding=\"async\" width=\"300\" height=\"227\" src=\"https:\/\/naturalpharmaceuticals.eu\/wp-content\/uploads\/sites\/2\/2020\/10\/NordicMed_Pharma_Relati_Clienti.png\" alt=\"\" class=\"wp-image-471\"\/><\/figure><\/div><\/div>\n<\/div>\n\n\n\n<h2 class=\"wp-block-heading\">Etyka i spo\u0142eczna odpowiedzialno\u015b\u0107<\/h2>\n\n\n\n<div class=\"wp-block-columns is-layout-flex wp-container-core-columns-is-layout-4 wp-block-columns-is-layout-flex\">\n<div class=\"wp-block-column is-vertically-aligned-top is-layout-flow wp-block-column-is-layout-flow\" style=\"flex-basis:66.66%\">\n<p>Ostatnie 15 lat to dla Natural Pharmaceuticals czas bardzo pracowity. Uda\u0142o nam si\u0119 stworzy\u0107, dok\u0142adnie przebada\u0107 i wprowadzi\u0107 do sprzeda\u017cy wiele wysokojako\u015bciowych prozdrowotnych produkt\u00f3w, usprawni\u0107 serwis obs\u0142ugi Klienta i dodatkowo, z czego jeste\u015bmy szczeg\u00f3lnie dumni \u2013 zaanga\u017cowa\u0107 si\u0119 w prozdrowotne, charytatywne inicjatywy non-profit, takie jak program \u201eFirma z sercem\u201d zainicjowany przez UNICEF. Wspieramy go darowiznami, kt\u00f3re s\u0105 realnym wsparciem dla dzieci z najubo\u017cszych rejon\u00f3w \u015bwiata.<\/p>\n\n\n\n<p>Jako czo\u0142owy producent prozdrowotnych suplement\u00f3w aktywnie uczestniczymy te\u017c w licznych akcjach promuj\u0105cych zdrowy styl \u017cycia i od\u017cywiania; usilnie lobbujemy te\u017c za prawn\u0105 regulacj\u0105 sprzeda\u017cy suplement\u00f3w (np. wsp\u00f3\u0142tworz\u0105c Kodeks Dobrych Praktyk Reklamy Suplement\u00f3w Diety jako cz\u0142onek Krajowej Rady Suplement\u00f3w i Od\u017cywek), by ka\u017cdy Konsument w Polsce mia\u0142 absolutn\u0105 pewno\u015b\u0107, \u017ce oferowany mu produkt spe\u0142nia najwy\u017csze standardy jako\u015bci i bezpiecze\u0144stwa.<\/p>\n<\/div>\n\n\n\n<div class=\"wp-block-column is-vertically-aligned-top is-layout-flow wp-block-column-is-layout-flow\" style=\"flex-basis:33.33%\"><div class=\"wp-block-image\">\n<figure class=\"alignright size-full\"><img loading=\"lazy\" decoding=\"async\" width=\"300\" height=\"200\" src=\"https:\/\/naturalpharmaceuticals.eu\/wp-content\/uploads\/sites\/2\/2020\/10\/NordicMed_Pharma_Norway_Laboratory_Pharmatech.jpg\" alt=\"\" class=\"wp-image-472\"\/><\/figure><\/div><\/div>\n<\/div>\n\n\n\n<div class=\"wp-block-columns is-layout-flex wp-container-core-columns-is-layout-5 wp-block-columns-is-layout-flex\">\n<div class=\"wp-block-column is-layout-flow wp-block-column-is-layout-flow\" style=\"flex-basis:66.66%\">\n<p>Zamykamy te 15 lat z poczuciem wdzi\u0119czno\u015bci dla naszych Klient\u00f3w i satysfakcj\u0105 z dynamicznego wzrostu w ca\u0142ej Europie \u015arodkowo-Wschodniej.<\/p>\n\n\n\n<p>Dzi\u015b, w Polsce, Estonii, Chorwacji, S\u0142owenii, na Litwie, \u0141otwie, W\u0119grzech i w Rumunii z naszych sprawdzonych norweskich patent\u00f3w korzystaj\u0105 ju\u017c prawie trzy miliony Klient\u00f3w.<\/p>\n\n\n\n<p>Dzi\u0119kujemy i polecamy si\u0119 Wam na przysz\u0142o\u015b\u0107!<\/p>\n<\/div>\n\n\n\n<div class=\"wp-block-column is-layout-flow wp-block-column-is-layout-flow\" style=\"flex-basis:33.33%\"><div class=\"wp-block-image\">\n<figure class=\"alignright size-full\"><img loading=\"lazy\" decoding=\"async\" width=\"343\" height=\"300\" src=\"https:\/\/naturalpharmaceuticals.eu\/wp-content\/uploads\/sites\/2\/2023\/05\/3-mln-klientow-zloty.png\" alt=\"\" class=\"wp-image-19141\" srcset=\"https:\/\/naturalpharmaceuticals.eu\/wp-content\/uploads\/sites\/2\/2023\/05\/3-mln-klientow-zloty.png 343w, https:\/\/naturalpharmaceuticals.eu\/wp-content\/uploads\/sites\/2\/2023\/05\/3-mln-klientow-zloty-300x262.png 300w\" sizes=\"auto, (max-width: 343px) 100vw, 343px\" \/><\/figure><\/div><\/div>\n<\/div>\n","protected":false},"excerpt":{"rendered":"<p>Norweska jako\u015b\u0107, klasa sama w sobie \u2013 15 lat na rynku! Natural Pharmaceuticals ju\u017c od 15 lat wspomaga swoimi suplementami zdrowie Polak\u00f3w. Gdy zrealizowali\u015bmy pierwsze zam\u00f3wienie, nie \u015bmieli\u015bmy marzy\u0107 o tak dynamicznym rozwoju. Tymczasem dzi\u015b z produkt\u00f3w Natural Pharmaceuticals w&#x2026; <\/p>\n<p class=\"more-link-container th-uppercase\"><a href=\"https:\/\/naturalpharmaceuticals.eu\/pl\/o-nas\/\" class=\"more-link\">Read More <span class=\"screen-reader-text\">O nas<\/span><\/a><\/p>\n","protected":false},"author":1,"featured_media":2811,"parent":0,"menu_order":0,"comment_status":"closed","ping_status":"closed","template":"templates\/full-width-page.php","meta":{"ub_ctt_via":"","footnotes":""},"class_list":["post-2804","page","type-page","status-publish","has-post-thumbnail","hentry"],"featured_image_src":"https:\/\/naturalpharmaceuticals.eu\/wp-content\/uploads\/sites\/2\/2020\/08\/rsz_shutterstock_1738764365-1-scaled.jpg","yoast_head":"<!-- This site is optimized with the Yoast SEO plugin v24.4 - https:\/\/yoast.com\/wordpress\/plugins\/seo\/ -->\n<title>O nas - Natural Pharmaceuticals<\/title>\n<meta name=\"robots\" content=\"index, follow, max-snippet:-1, max-image-preview:large, max-video-preview:-1\" \/>\n<link rel=\"canonical\" href=\"https:\/\/naturalpharmaceuticals.eu\/pl\/o-nas\/\" \/>\n<meta property=\"og:locale\" content=\"pl_PL\" \/>\n<meta property=\"og:type\" content=\"article\" \/>\n<meta property=\"og:title\" content=\"O nas - Natural Pharmaceuticals\" \/>\n<meta property=\"og:description\" content=\"Norweska jako\u015b\u0107, klasa sama w sobie \u2013 15 lat na rynku! Natural Pharmaceuticals ju\u017c od 15 lat wspomaga swoimi suplementami zdrowie Polak\u00f3w. Gdy zrealizowali\u015bmy pierwsze zam\u00f3wienie, nie \u015bmieli\u015bmy marzy\u0107 o tak dynamicznym rozwoju. Tymczasem dzi\u015b z produkt\u00f3w Natural Pharmaceuticals w&#x2026; Read More O nas\" \/>\n<meta property=\"og:url\" content=\"https:\/\/naturalpharmaceuticals.eu\/pl\/o-nas\/\" \/>\n<meta property=\"og:site_name\" content=\"Natural Pharmaceuticals\" \/>\n<meta property=\"article:modified_time\" content=\"2024-01-24T10:31:46+00:00\" \/>\n<meta property=\"og:image\" content=\"https:\/\/naturalpharmaceuticals.eu\/wp-content\/uploads\/sites\/2\/2020\/08\/rsz_shutterstock_1738764365-1-scaled.jpg\" \/>\n\t<meta property=\"og:image:width\" content=\"2560\" \/>\n\t<meta property=\"og:image:height\" content=\"845\" \/>\n\t<meta property=\"og:image:type\" content=\"image\/jpeg\" \/>\n<meta name=\"twitter:card\" content=\"summary_large_image\" \/>\n<meta name=\"twitter:label1\" content=\"Szacowany czas czytania\" \/>\n\t<meta name=\"twitter:data1\" content=\"5 minut\" \/>\n<script type=\"application\/ld+json\" class=\"yoast-schema-graph\">{\"@context\":\"https:\/\/schema.org\",\"@graph\":[{\"@type\":\"WebPage\",\"@id\":\"https:\/\/naturalpharmaceuticals.eu\/pl\/o-nas\/\",\"url\":\"https:\/\/naturalpharmaceuticals.eu\/pl\/o-nas\/\",\"name\":\"O nas - Natural Pharmaceuticals\",\"isPartOf\":{\"@id\":\"https:\/\/naturalpharmaceuticals.eu\/pl\/#website\"},\"primaryImageOfPage\":{\"@id\":\"https:\/\/naturalpharmaceuticals.eu\/pl\/o-nas\/#primaryimage\"},\"image\":{\"@id\":\"https:\/\/naturalpharmaceuticals.eu\/pl\/o-nas\/#primaryimage\"},\"thumbnailUrl\":\"https:\/\/naturalpharmaceuticals.eu\/wp-content\/uploads\/sites\/2\/2020\/08\/rsz_shutterstock_1738764365-1-scaled.jpg\",\"datePublished\":\"2021-03-16T11:01:26+00:00\",\"dateModified\":\"2024-01-24T10:31:46+00:00\",\"breadcrumb\":{\"@id\":\"https:\/\/naturalpharmaceuticals.eu\/pl\/o-nas\/#breadcrumb\"},\"inLanguage\":\"pl-PL\",\"potentialAction\":[{\"@type\":\"ReadAction\",\"target\":[\"https:\/\/naturalpharmaceuticals.eu\/pl\/o-nas\/\"]}]},{\"@type\":\"ImageObject\",\"inLanguage\":\"pl-PL\",\"@id\":\"https:\/\/naturalpharmaceuticals.eu\/pl\/o-nas\/#primaryimage\",\"url\":\"https:\/\/naturalpharmaceuticals.eu\/wp-content\/uploads\/sites\/2\/2020\/08\/rsz_shutterstock_1738764365-1-scaled.jpg\",\"contentUrl\":\"https:\/\/naturalpharmaceuticals.eu\/wp-content\/uploads\/sites\/2\/2020\/08\/rsz_shutterstock_1738764365-1-scaled.jpg\",\"width\":2560,\"height\":845},{\"@type\":\"BreadcrumbList\",\"@id\":\"https:\/\/naturalpharmaceuticals.eu\/pl\/o-nas\/#breadcrumb\",\"itemListElement\":[{\"@type\":\"ListItem\",\"position\":1,\"name\":\"Home\",\"item\":\"https:\/\/naturalpharmaceuticals.eu\/pl\/\"},{\"@type\":\"ListItem\",\"position\":2,\"name\":\"O nas\"}]},{\"@type\":\"WebSite\",\"@id\":\"https:\/\/naturalpharmaceuticals.eu\/pl\/#website\",\"url\":\"https:\/\/naturalpharmaceuticals.eu\/pl\/\",\"name\":\"Natural Pharmaceuticals\",\"description\":\"\",\"publisher\":{\"@id\":\"https:\/\/naturalpharmaceuticals.eu\/pl\/#organization\"},\"potentialAction\":[{\"@type\":\"SearchAction\",\"target\":{\"@type\":\"EntryPoint\",\"urlTemplate\":\"https:\/\/naturalpharmaceuticals.eu\/pl\/?s={search_term_string}\"},\"query-input\":{\"@type\":\"PropertyValueSpecification\",\"valueRequired\":true,\"valueName\":\"search_term_string\"}}],\"inLanguage\":\"pl-PL\"},{\"@type\":\"Organization\",\"@id\":\"https:\/\/naturalpharmaceuticals.eu\/pl\/#organization\",\"name\":\"Natural Pharmaceuticals\",\"url\":\"https:\/\/naturalpharmaceuticals.eu\/pl\/\",\"logo\":{\"@type\":\"ImageObject\",\"inLanguage\":\"pl-PL\",\"@id\":\"https:\/\/naturalpharmaceuticals.eu\/pl\/#\/schema\/logo\/image\/\",\"url\":\"https:\/\/naturalpharmaceuticals.eu\/wp-content\/uploads\/sites\/2\/2020\/11\/cropped-natural-pharmaceuticals-logo.png\",\"contentUrl\":\"https:\/\/naturalpharmaceuticals.eu\/wp-content\/uploads\/sites\/2\/2020\/11\/cropped-natural-pharmaceuticals-logo.png\",\"width\":900,\"height\":323,\"caption\":\"Natural Pharmaceuticals\"},\"image\":{\"@id\":\"https:\/\/naturalpharmaceuticals.eu\/pl\/#\/schema\/logo\/image\/\"}}]}<\/script>\n<!-- \/ Yoast SEO plugin. -->","yoast_head_json":{"title":"O nas - Natural Pharmaceuticals","robots":{"index":"index","follow":"follow","max-snippet":"max-snippet:-1","max-image-preview":"max-image-preview:large","max-video-preview":"max-video-preview:-1"},"canonical":"https:\/\/naturalpharmaceuticals.eu\/pl\/o-nas\/","og_locale":"pl_PL","og_type":"article","og_title":"O nas - Natural Pharmaceuticals","og_description":"Norweska jako\u015b\u0107, klasa sama w sobie \u2013 15 lat na rynku! Natural Pharmaceuticals ju\u017c od 15 lat wspomaga swoimi suplementami zdrowie Polak\u00f3w. Gdy zrealizowali\u015bmy pierwsze zam\u00f3wienie, nie \u015bmieli\u015bmy marzy\u0107 o tak dynamicznym rozwoju. Tymczasem dzi\u015b z produkt\u00f3w Natural Pharmaceuticals w&#x2026; Read More O nas","og_url":"https:\/\/naturalpharmaceuticals.eu\/pl\/o-nas\/","og_site_name":"Natural Pharmaceuticals","article_modified_time":"2024-01-24T10:31:46+00:00","og_image":[{"width":2560,"height":845,"url":"https:\/\/naturalpharmaceuticals.eu\/wp-content\/uploads\/sites\/2\/2020\/08\/rsz_shutterstock_1738764365-1-scaled.jpg","type":"image\/jpeg"}],"twitter_card":"summary_large_image","twitter_misc":{"Szacowany czas czytania":"5 minut"},"schema":{"@context":"https:\/\/schema.org","@graph":[{"@type":"WebPage","@id":"https:\/\/naturalpharmaceuticals.eu\/pl\/o-nas\/","url":"https:\/\/naturalpharmaceuticals.eu\/pl\/o-nas\/","name":"O nas - Natural Pharmaceuticals","isPartOf":{"@id":"https:\/\/naturalpharmaceuticals.eu\/pl\/#website"},"primaryImageOfPage":{"@id":"https:\/\/naturalpharmaceuticals.eu\/pl\/o-nas\/#primaryimage"},"image":{"@id":"https:\/\/naturalpharmaceuticals.eu\/pl\/o-nas\/#primaryimage"},"thumbnailUrl":"https:\/\/naturalpharmaceuticals.eu\/wp-content\/uploads\/sites\/2\/2020\/08\/rsz_shutterstock_1738764365-1-scaled.jpg","datePublished":"2021-03-16T11:01:26+00:00","dateModified":"2024-01-24T10:31:46+00:00","breadcrumb":{"@id":"https:\/\/naturalpharmaceuticals.eu\/pl\/o-nas\/#breadcrumb"},"inLanguage":"pl-PL","potentialAction":[{"@type":"ReadAction","target":["https:\/\/naturalpharmaceuticals.eu\/pl\/o-nas\/"]}]},{"@type":"ImageObject","inLanguage":"pl-PL","@id":"https:\/\/naturalpharmaceuticals.eu\/pl\/o-nas\/#primaryimage","url":"https:\/\/naturalpharmaceuticals.eu\/wp-content\/uploads\/sites\/2\/2020\/08\/rsz_shutterstock_1738764365-1-scaled.jpg","contentUrl":"https:\/\/naturalpharmaceuticals.eu\/wp-content\/uploads\/sites\/2\/2020\/08\/rsz_shutterstock_1738764365-1-scaled.jpg","width":2560,"height":845},{"@type":"BreadcrumbList","@id":"https:\/\/naturalpharmaceuticals.eu\/pl\/o-nas\/#breadcrumb","itemListElement":[{"@type":"ListItem","position":1,"name":"Home","item":"https:\/\/naturalpharmaceuticals.eu\/pl\/"},{"@type":"ListItem","position":2,"name":"O nas"}]},{"@type":"WebSite","@id":"https:\/\/naturalpharmaceuticals.eu\/pl\/#website","url":"https:\/\/naturalpharmaceuticals.eu\/pl\/","name":"Natural Pharmaceuticals","description":"","publisher":{"@id":"https:\/\/naturalpharmaceuticals.eu\/pl\/#organization"},"potentialAction":[{"@type":"SearchAction","target":{"@type":"EntryPoint","urlTemplate":"https:\/\/naturalpharmaceuticals.eu\/pl\/?s={search_term_string}"},"query-input":{"@type":"PropertyValueSpecification","valueRequired":true,"valueName":"search_term_string"}}],"inLanguage":"pl-PL"},{"@type":"Organization","@id":"https:\/\/naturalpharmaceuticals.eu\/pl\/#organization","name":"Natural Pharmaceuticals","url":"https:\/\/naturalpharmaceuticals.eu\/pl\/","logo":{"@type":"ImageObject","inLanguage":"pl-PL","@id":"https:\/\/naturalpharmaceuticals.eu\/pl\/#\/schema\/logo\/image\/","url":"https:\/\/naturalpharmaceuticals.eu\/wp-content\/uploads\/sites\/2\/2020\/11\/cropped-natural-pharmaceuticals-logo.png","contentUrl":"https:\/\/naturalpharmaceuticals.eu\/wp-content\/uploads\/sites\/2\/2020\/11\/cropped-natural-pharmaceuticals-logo.png","width":900,"height":323,"caption":"Natural Pharmaceuticals"},"image":{"@id":"https:\/\/naturalpharmaceuticals.eu\/pl\/#\/schema\/logo\/image\/"}}]}},"jetpack_sharing_enabled":true,"_links":{"self":[{"href":"https:\/\/naturalpharmaceuticals.eu\/pl\/wp-json\/wp\/v2\/pages\/2804","targetHints":{"allow":["GET"]}}],"collection":[{"href":"https:\/\/naturalpharmaceuticals.eu\/pl\/wp-json\/wp\/v2\/pages"}],"about":[{"href":"https:\/\/naturalpharmaceuticals.eu\/pl\/wp-json\/wp\/v2\/types\/page"}],"author":[{"embeddable":true,"href":"https:\/\/naturalpharmaceuticals.eu\/pl\/wp-json\/wp\/v2\/users\/1"}],"replies":[{"embeddable":true,"href":"https:\/\/naturalpharmaceuticals.eu\/pl\/wp-json\/wp\/v2\/comments?post=2804"}],"version-history":[{"count":6,"href":"https:\/\/naturalpharmaceuticals.eu\/pl\/wp-json\/wp\/v2\/pages\/2804\/revisions"}],"predecessor-version":[{"id":22960,"href":"https:\/\/naturalpharmaceuticals.eu\/pl\/wp-json\/wp\/v2\/pages\/2804\/revisions\/22960"}],"wp:featuredmedia":[{"embeddable":true,"href":"https:\/\/naturalpharmaceuticals.eu\/pl\/wp-json\/wp\/v2\/media\/2811"}],"wp:attachment":[{"href":"https:\/\/naturalpharmaceuticals.eu\/pl\/wp-json\/wp\/v2\/media?parent=2804"}],"curies":[{"name":"wp","href":"https:\/\/api.w.org\/{rel}","templated":true}]}}