{"id":2816,"date":"2021-03-16T11:08:28","date_gmt":"2021-03-16T11:08:28","guid":{"rendered":"https:\/\/naturalpharmaceuticals.eu\/?page_id=2816"},"modified":"2021-03-16T11:08:29","modified_gmt":"2021-03-16T11:08:29","slug":"nasze-rynki","status":"publish","type":"page","link":"https:\/\/naturalpharmaceuticals.eu\/pl\/nasze-rynki\/","title":{"rendered":"Nasze rynki"},"content":{"rendered":"\n<p>Firma Natural Pharmaceuticals zosta\u0142a za\u0142o\u017cona przez trzech norweskich przedsi\u0119biorc\u00f3w w 2010 roku, w Warszawie, w Polsce. Obecnie, 11 lat p\u00f3\u017aniej, prowadzi swoj\u0105 dzia\u0142alno\u015b\u0107 na o\u015bmiu rynkach \u015arodkowo-Wschodniej Europy. W tym regionie firma ma ju\u017c ponad dwa miliony klient\u00f3w. Zrealizowali\u015bmy ju\u017c ponad 5.5 miliona zam\u00f3wie\u0144 na suplementy diety, a liczba ta codziennie ro\u015bnie.<\/p>\n\n\n\n<div class=\"wp-block-group\"><div class=\"wp-block-group__inner-container is-layout-flow wp-block-group-is-layout-flow\">\n<div class=\"wp-block-columns is-layout-flex wp-container-core-columns-is-layout-1 wp-block-columns-is-layout-flex\">\n<div class=\"wp-block-column is-layout-flow wp-block-column-is-layout-flow\">\n<figure class=\"wp-block-image size-large\"><img loading=\"lazy\" decoding=\"async\" width=\"1024\" height=\"404\" src=\"https:\/\/nordicmed.natural.pl\/wp-content\/uploads\/sites\/2\/2020\/09\/Poland-Cracow-1024x404.jpg\" alt=\"\" class=\"wp-image-315\" srcset=\"https:\/\/naturalpharmaceuticals.eu\/wp-content\/uploads\/sites\/2\/2020\/09\/Poland-Cracow-1024x404.jpg 1024w, https:\/\/naturalpharmaceuticals.eu\/wp-content\/uploads\/sites\/2\/2020\/09\/Poland-Cracow-300x118.jpg 300w, https:\/\/naturalpharmaceuticals.eu\/wp-content\/uploads\/sites\/2\/2020\/09\/Poland-Cracow-768x303.jpg 768w, https:\/\/naturalpharmaceuticals.eu\/wp-content\/uploads\/sites\/2\/2020\/09\/Poland-Cracow-760x300.jpg 760w, https:\/\/naturalpharmaceuticals.eu\/wp-content\/uploads\/sites\/2\/2020\/09\/Poland-Cracow.jpg 1267w\" sizes=\"auto, (max-width: 1024px) 100vw, 1024px\" \/><\/figure>\n\n\n\n<p style=\"font-size:18px\"><strong>Polska<\/strong><\/p>\n\n\n\n<p><a href=\"https:\/\/natural.pl\/\">Tutaj<\/a> mo\u017cesz odwiedzi\u0107 nasz\u0105 polsk\u0105 stron\u0119 internetow\u0105.<\/p>\n\n\n\n<p><\/p>\n<\/div>\n\n\n\n<div class=\"wp-block-column is-layout-flow wp-block-column-is-layout-flow\">\n<figure class=\"wp-block-image size-large\"><img loading=\"lazy\" decoding=\"async\" width=\"1024\" height=\"404\" src=\"https:\/\/nordicmed.natural.pl\/wp-content\/uploads\/sites\/2\/2020\/09\/Hungary-1024x404.jpg\" alt=\"\" class=\"wp-image-316\" srcset=\"https:\/\/naturalpharmaceuticals.eu\/wp-content\/uploads\/sites\/2\/2020\/09\/Hungary-1024x404.jpg 1024w, https:\/\/naturalpharmaceuticals.eu\/wp-content\/uploads\/sites\/2\/2020\/09\/Hungary-300x118.jpg 300w, https:\/\/naturalpharmaceuticals.eu\/wp-content\/uploads\/sites\/2\/2020\/09\/Hungary-768x303.jpg 768w, https:\/\/naturalpharmaceuticals.eu\/wp-content\/uploads\/sites\/2\/2020\/09\/Hungary-760x300.jpg 760w, https:\/\/naturalpharmaceuticals.eu\/wp-content\/uploads\/sites\/2\/2020\/09\/Hungary.jpg 1266w\" sizes=\"auto, (max-width: 1024px) 100vw, 1024px\" \/><\/figure>\n\n\n\n<p style=\"font-size:18px\"><strong>W\u0119gry<\/strong><\/p>\n\n\n\n<p><a href=\"https:\/\/omegamarine.hu\/\">Tutaj<\/a> mo\u017cesz odwiedzi\u0107 nasz\u0105 w\u0119giersk\u0105 stron\u0119 internetow\u0105.<\/p>\n\n\n\n<p><\/p>\n<\/div>\n<\/div>\n\n\n\n<hr class=\"wp-block-separator\"\/>\n\n\n\n<p><\/p>\n<\/div><\/div>\n\n\n\n<div class=\"wp-block-group\"><div class=\"wp-block-group__inner-container is-layout-flow wp-block-group-is-layout-flow\">\n<div class=\"wp-block-columns is-layout-flex wp-container-core-columns-is-layout-2 wp-block-columns-is-layout-flex\">\n<div class=\"wp-block-column is-layout-flow wp-block-column-is-layout-flow\">\n<figure class=\"wp-block-image size-large\"><img loading=\"lazy\" decoding=\"async\" width=\"1024\" height=\"404\" src=\"https:\/\/nordicmed.natural.pl\/wp-content\/uploads\/sites\/2\/2020\/09\/Croatia-1024x404.jpg\" alt=\"\" class=\"wp-image-317\" srcset=\"https:\/\/naturalpharmaceuticals.eu\/wp-content\/uploads\/sites\/2\/2020\/09\/Croatia-1024x404.jpg 1024w, https:\/\/naturalpharmaceuticals.eu\/wp-content\/uploads\/sites\/2\/2020\/09\/Croatia-300x118.jpg 300w, https:\/\/naturalpharmaceuticals.eu\/wp-content\/uploads\/sites\/2\/2020\/09\/Croatia-768x303.jpg 768w, https:\/\/naturalpharmaceuticals.eu\/wp-content\/uploads\/sites\/2\/2020\/09\/Croatia-760x300.jpg 760w, https:\/\/naturalpharmaceuticals.eu\/wp-content\/uploads\/sites\/2\/2020\/09\/Croatia.jpg 1267w\" sizes=\"auto, (max-width: 1024px) 100vw, 1024px\" \/><\/figure>\n\n\n\n<p style=\"font-size:18px\"><strong>Chorwacja<\/strong><\/p>\n\n\n\n<p><a href=\"https:\/\/omegamarine.hr\/\">Tutaj<\/a> mo\u017cesz odwiedzi\u0107 nasz\u0105 chorwack\u0105 stron\u0119 internetow\u0105.<\/p>\n\n\n\n<p><\/p>\n<\/div>\n\n\n\n<div class=\"wp-block-column is-layout-flow wp-block-column-is-layout-flow\">\n<figure class=\"wp-block-image size-large\"><img loading=\"lazy\" decoding=\"async\" width=\"1024\" height=\"404\" src=\"https:\/\/nordicmed.natural.pl\/wp-content\/uploads\/sites\/2\/2020\/09\/Slovenia-1024x404.jpg\" alt=\"\" class=\"wp-image-318\" srcset=\"https:\/\/naturalpharmaceuticals.eu\/wp-content\/uploads\/sites\/2\/2020\/09\/Slovenia-1024x404.jpg 1024w, https:\/\/naturalpharmaceuticals.eu\/wp-content\/uploads\/sites\/2\/2020\/09\/Slovenia-300x118.jpg 300w, https:\/\/naturalpharmaceuticals.eu\/wp-content\/uploads\/sites\/2\/2020\/09\/Slovenia-768x303.jpg 768w, https:\/\/naturalpharmaceuticals.eu\/wp-content\/uploads\/sites\/2\/2020\/09\/Slovenia-760x300.jpg 760w, https:\/\/naturalpharmaceuticals.eu\/wp-content\/uploads\/sites\/2\/2020\/09\/Slovenia.jpg 1266w\" sizes=\"auto, (max-width: 1024px) 100vw, 1024px\" \/><\/figure>\n\n\n\n<p style=\"font-size:18px\"><strong>S\u0142owenia<\/strong><\/p>\n\n\n\n<p><a href=\"https:\/\/omegamarine.si\/\">Tutaj<\/a> mo\u017cesz odwiedzi\u0107 nasz\u0105 s\u0142owe\u0144sk\u0105 stron\u0119 internetow\u0105.<\/p>\n\n\n\n<p><\/p>\n<\/div>\n<\/div>\n\n\n\n<hr class=\"wp-block-separator\"\/>\n<\/div><\/div>\n\n\n\n<div class=\"wp-block-group\"><div class=\"wp-block-group__inner-container is-layout-flow wp-block-group-is-layout-flow\">\n<div class=\"wp-block-columns is-layout-flex wp-container-core-columns-is-layout-3 wp-block-columns-is-layout-flex\">\n<div class=\"wp-block-column is-layout-flow wp-block-column-is-layout-flow\"><\/div>\n<\/div>\n\n\n\n<div class=\"wp-block-group\"><div class=\"wp-block-group__inner-container is-layout-flow wp-block-group-is-layout-flow\">\n<div class=\"wp-block-columns is-layout-flex wp-container-core-columns-is-layout-4 wp-block-columns-is-layout-flex\">\n<div class=\"wp-block-column is-layout-flow wp-block-column-is-layout-flow\">\n<figure class=\"wp-block-image size-large\"><img loading=\"lazy\" decoding=\"async\" width=\"1024\" height=\"404\" src=\"https:\/\/nordicmed.natural.pl\/wp-content\/uploads\/sites\/2\/2020\/09\/Lithuania-1024x404.jpg\" alt=\"\" class=\"wp-image-319\" srcset=\"https:\/\/naturalpharmaceuticals.eu\/wp-content\/uploads\/sites\/2\/2020\/09\/Lithuania-1024x404.jpg 1024w, https:\/\/naturalpharmaceuticals.eu\/wp-content\/uploads\/sites\/2\/2020\/09\/Lithuania-300x118.jpg 300w, https:\/\/naturalpharmaceuticals.eu\/wp-content\/uploads\/sites\/2\/2020\/09\/Lithuania-768x303.jpg 768w, https:\/\/naturalpharmaceuticals.eu\/wp-content\/uploads\/sites\/2\/2020\/09\/Lithuania-760x300.jpg 760w, https:\/\/naturalpharmaceuticals.eu\/wp-content\/uploads\/sites\/2\/2020\/09\/Lithuania.jpg 1266w\" sizes=\"auto, (max-width: 1024px) 100vw, 1024px\" \/><\/figure>\n\n\n\n<p style=\"font-size:18px\"><strong>Litwa<\/strong><\/p>\n\n\n\n<p><a href=\"https:\/\/omegamarine.lt\/\">Tutaj<\/a> mo\u017cesz odwiedzi\u0107 nasz\u0105 litewsk\u0105 stron\u0119 internetow\u0105.<\/p>\n\n\n\n<p><\/p>\n<\/div>\n\n\n\n<div class=\"wp-block-column is-layout-flow wp-block-column-is-layout-flow\">\n<figure class=\"wp-block-image size-large\"><img loading=\"lazy\" decoding=\"async\" width=\"1024\" height=\"404\" src=\"https:\/\/nordicmed.natural.pl\/wp-content\/uploads\/sites\/2\/2020\/09\/Estonia-1024x404.jpg\" alt=\"\" class=\"wp-image-320\" srcset=\"https:\/\/naturalpharmaceuticals.eu\/wp-content\/uploads\/sites\/2\/2020\/09\/Estonia-1024x404.jpg 1024w, https:\/\/naturalpharmaceuticals.eu\/wp-content\/uploads\/sites\/2\/2020\/09\/Estonia-300x118.jpg 300w, https:\/\/naturalpharmaceuticals.eu\/wp-content\/uploads\/sites\/2\/2020\/09\/Estonia-768x303.jpg 768w, https:\/\/naturalpharmaceuticals.eu\/wp-content\/uploads\/sites\/2\/2020\/09\/Estonia-760x300.jpg 760w, https:\/\/naturalpharmaceuticals.eu\/wp-content\/uploads\/sites\/2\/2020\/09\/Estonia.jpg 1266w\" sizes=\"auto, (max-width: 1024px) 100vw, 1024px\" \/><\/figure>\n\n\n\n<p style=\"font-size:18px\"><strong>Estonia<\/strong><\/p>\n\n\n\n<p><a href=\"https:\/\/omegamarine.ee\/\">Tutaj<\/a> mo\u017cesz odwiedzi\u0107 nasz\u0105 esto\u0144sk\u0105 stron\u0119 internetow\u0105.<\/p>\n\n\n\n<p><\/p>\n<\/div>\n<\/div>\n\n\n\n<hr class=\"wp-block-separator\"\/>\n\n\n\n<div class=\"wp-block-group\"><div class=\"wp-block-group__inner-container is-layout-flow wp-block-group-is-layout-flow\">\n<div class=\"wp-block-columns is-layout-flex wp-container-core-columns-is-layout-5 wp-block-columns-is-layout-flex\">\n<div class=\"wp-block-column is-layout-flow wp-block-column-is-layout-flow\">\n<figure class=\"wp-block-image size-large\"><img loading=\"lazy\" decoding=\"async\" width=\"1024\" height=\"404\" src=\"https:\/\/nordicmed.natural.pl\/wp-content\/uploads\/sites\/2\/2020\/09\/Latvia-1024x404.jpg\" alt=\"\" class=\"wp-image-321\" srcset=\"https:\/\/naturalpharmaceuticals.eu\/wp-content\/uploads\/sites\/2\/2020\/09\/Latvia-1024x404.jpg 1024w, https:\/\/naturalpharmaceuticals.eu\/wp-content\/uploads\/sites\/2\/2020\/09\/Latvia-300x118.jpg 300w, https:\/\/naturalpharmaceuticals.eu\/wp-content\/uploads\/sites\/2\/2020\/09\/Latvia-768x303.jpg 768w, https:\/\/naturalpharmaceuticals.eu\/wp-content\/uploads\/sites\/2\/2020\/09\/Latvia-760x300.jpg 760w, https:\/\/naturalpharmaceuticals.eu\/wp-content\/uploads\/sites\/2\/2020\/09\/Latvia.jpg 1266w\" sizes=\"auto, (max-width: 1024px) 100vw, 1024px\" \/><\/figure>\n\n\n\n<p style=\"font-size:18px\"><strong>\u0141otwa<\/strong><\/p>\n\n\n\n<p><a href=\"https:\/\/omegamarine.lv\/\">Tutaj<\/a> mo\u017cesz odwiedzi\u0107 nasz\u0105 \u0142otewsk\u0105 stron\u0119 internetow\u0105.<\/p>\n\n\n\n<p><\/p>\n<\/div>\n\n\n\n<div class=\"wp-block-column is-layout-flow wp-block-column-is-layout-flow\">\n<figure class=\"wp-block-image size-large\"><img loading=\"lazy\" decoding=\"async\" width=\"1024\" height=\"404\" src=\"https:\/\/naturalpharmaceuticals.eu\/wp-content\/uploads\/sites\/2\/2020\/11\/romania-1024x404.png\" alt=\"\" class=\"wp-image-688\" srcset=\"https:\/\/naturalpharmaceuticals.eu\/wp-content\/uploads\/sites\/2\/2020\/11\/romania-1024x404.png 1024w, https:\/\/naturalpharmaceuticals.eu\/wp-content\/uploads\/sites\/2\/2020\/11\/romania-300x118.png 300w, https:\/\/naturalpharmaceuticals.eu\/wp-content\/uploads\/sites\/2\/2020\/11\/romania-768x303.png 768w, https:\/\/naturalpharmaceuticals.eu\/wp-content\/uploads\/sites\/2\/2020\/11\/romania-760x300.png 760w, https:\/\/naturalpharmaceuticals.eu\/wp-content\/uploads\/sites\/2\/2020\/11\/romania.png 1266w\" sizes=\"auto, (max-width: 1024px) 100vw, 1024px\" \/><\/figure>\n\n\n\n<p style=\"font-size:18px\"><strong>Rumunia<\/strong><\/p>\n\n\n\n<p><a href=\"https:\/\/nordicmed.ro\/\">Tutaj<\/a> mo\u017cesz odwiedzi\u0107 nasz\u0105 rumu\u0144sk\u0105 stron\u0119 internetow\u0105.<\/p>\n\n\n\n<p><\/p>\n<\/div>\n<\/div>\n\n\n\n<p><\/p>\n<\/div><\/div>\n\n\n\n<p><\/p>\n<\/div><\/div>\n\n\n\n<p><\/p>\n<\/div><\/div>\n","protected":false},"excerpt":{"rendered":"<p>Firma Natural Pharmaceuticals zosta\u0142a za\u0142o\u017cona przez trzech norweskich przedsi\u0119biorc\u00f3w w 2010 roku, w Warszawie, w Polsce. Obecnie, 11 lat p\u00f3\u017aniej, prowadzi swoj\u0105 dzia\u0142alno\u015b\u0107 na o\u015bmiu rynkach \u015arodkowo-Wschodniej Europy. W tym regionie firma ma ju\u017c ponad dwa miliony klient\u00f3w. Zrealizowali\u015bmy ju\u017c&#x2026; <\/p>\n<p class=\"more-link-container th-uppercase\"><a href=\"https:\/\/naturalpharmaceuticals.eu\/pl\/nasze-rynki\/\" class=\"more-link\">Read More <span class=\"screen-reader-text\">Nasze rynki<\/span><\/a><\/p>\n","protected":false},"author":1,"featured_media":0,"parent":0,"menu_order":0,"comment_status":"closed","ping_status":"closed","template":"templates\/grid-full-width-page.php","meta":{"ub_ctt_via":"","footnotes":""},"class_list":["post-2816","page","type-page","status-publish","hentry"],"featured_image_src":null,"yoast_head":"<!-- This site is optimized with the Yoast SEO plugin v24.4 - https:\/\/yoast.com\/wordpress\/plugins\/seo\/ -->\n<title>Nasze rynki - Natural Pharmaceuticals<\/title>\n<meta name=\"robots\" content=\"index, follow, max-snippet:-1, max-image-preview:large, max-video-preview:-1\" \/>\n<link rel=\"canonical\" href=\"https:\/\/naturalpharmaceuticals.eu\/pl\/nasze-rynki\/\" \/>\n<meta property=\"og:locale\" content=\"pl_PL\" \/>\n<meta property=\"og:type\" content=\"article\" \/>\n<meta property=\"og:title\" content=\"Nasze rynki - Natural Pharmaceuticals\" \/>\n<meta property=\"og:description\" content=\"Firma Natural Pharmaceuticals zosta\u0142a za\u0142o\u017cona przez trzech norweskich przedsi\u0119biorc\u00f3w w 2010 roku, w Warszawie, w Polsce. Obecnie, 11 lat p\u00f3\u017aniej, prowadzi swoj\u0105 dzia\u0142alno\u015b\u0107 na o\u015bmiu rynkach \u015arodkowo-Wschodniej Europy. W tym regionie firma ma ju\u017c ponad dwa miliony klient\u00f3w. Zrealizowali\u015bmy ju\u017c&#x2026; Read More Nasze rynki\" \/>\n<meta property=\"og:url\" content=\"https:\/\/naturalpharmaceuticals.eu\/pl\/nasze-rynki\/\" \/>\n<meta property=\"og:site_name\" content=\"Natural Pharmaceuticals\" \/>\n<meta property=\"article:modified_time\" content=\"2021-03-16T11:08:29+00:00\" \/>\n<meta property=\"og:image\" content=\"https:\/\/nordicmed.natural.pl\/wp-content\/uploads\/sites\/2\/2020\/09\/Poland-Cracow-1024x404.jpg\" \/>\n<meta name=\"twitter:card\" content=\"summary_large_image\" \/>\n<meta name=\"twitter:label1\" content=\"Szacowany czas czytania\" \/>\n\t<meta name=\"twitter:data1\" content=\"3 minuty\" \/>\n<script type=\"application\/ld+json\" class=\"yoast-schema-graph\">{\"@context\":\"https:\/\/schema.org\",\"@graph\":[{\"@type\":\"WebPage\",\"@id\":\"https:\/\/naturalpharmaceuticals.eu\/pl\/nasze-rynki\/\",\"url\":\"https:\/\/naturalpharmaceuticals.eu\/pl\/nasze-rynki\/\",\"name\":\"Nasze rynki - Natural Pharmaceuticals\",\"isPartOf\":{\"@id\":\"https:\/\/naturalpharmaceuticals.eu\/pl\/#website\"},\"primaryImageOfPage\":{\"@id\":\"https:\/\/naturalpharmaceuticals.eu\/pl\/nasze-rynki\/#primaryimage\"},\"image\":{\"@id\":\"https:\/\/naturalpharmaceuticals.eu\/pl\/nasze-rynki\/#primaryimage\"},\"thumbnailUrl\":\"https:\/\/nordicmed.natural.pl\/wp-content\/uploads\/sites\/2\/2020\/09\/Poland-Cracow-1024x404.jpg\",\"datePublished\":\"2021-03-16T11:08:28+00:00\",\"dateModified\":\"2021-03-16T11:08:29+00:00\",\"breadcrumb\":{\"@id\":\"https:\/\/naturalpharmaceuticals.eu\/pl\/nasze-rynki\/#breadcrumb\"},\"inLanguage\":\"pl-PL\",\"potentialAction\":[{\"@type\":\"ReadAction\",\"target\":[\"https:\/\/naturalpharmaceuticals.eu\/pl\/nasze-rynki\/\"]}]},{\"@type\":\"ImageObject\",\"inLanguage\":\"pl-PL\",\"@id\":\"https:\/\/naturalpharmaceuticals.eu\/pl\/nasze-rynki\/#primaryimage\",\"url\":\"https:\/\/nordicmed.natural.pl\/wp-content\/uploads\/sites\/2\/2020\/09\/Poland-Cracow-1024x404.jpg\",\"contentUrl\":\"https:\/\/nordicmed.natural.pl\/wp-content\/uploads\/sites\/2\/2020\/09\/Poland-Cracow-1024x404.jpg\"},{\"@type\":\"BreadcrumbList\",\"@id\":\"https:\/\/naturalpharmaceuticals.eu\/pl\/nasze-rynki\/#breadcrumb\",\"itemListElement\":[{\"@type\":\"ListItem\",\"position\":1,\"name\":\"Home\",\"item\":\"https:\/\/naturalpharmaceuticals.eu\/pl\/\"},{\"@type\":\"ListItem\",\"position\":2,\"name\":\"Nasze rynki\"}]},{\"@type\":\"WebSite\",\"@id\":\"https:\/\/naturalpharmaceuticals.eu\/pl\/#website\",\"url\":\"https:\/\/naturalpharmaceuticals.eu\/pl\/\",\"name\":\"Natural Pharmaceuticals\",\"description\":\"\",\"publisher\":{\"@id\":\"https:\/\/naturalpharmaceuticals.eu\/pl\/#organization\"},\"potentialAction\":[{\"@type\":\"SearchAction\",\"target\":{\"@type\":\"EntryPoint\",\"urlTemplate\":\"https:\/\/naturalpharmaceuticals.eu\/pl\/?s={search_term_string}\"},\"query-input\":{\"@type\":\"PropertyValueSpecification\",\"valueRequired\":true,\"valueName\":\"search_term_string\"}}],\"inLanguage\":\"pl-PL\"},{\"@type\":\"Organization\",\"@id\":\"https:\/\/naturalpharmaceuticals.eu\/pl\/#organization\",\"name\":\"Natural Pharmaceuticals\",\"url\":\"https:\/\/naturalpharmaceuticals.eu\/pl\/\",\"logo\":{\"@type\":\"ImageObject\",\"inLanguage\":\"pl-PL\",\"@id\":\"https:\/\/naturalpharmaceuticals.eu\/pl\/#\/schema\/logo\/image\/\",\"url\":\"https:\/\/naturalpharmaceuticals.eu\/wp-content\/uploads\/sites\/2\/2020\/11\/cropped-natural-pharmaceuticals-logo.png\",\"contentUrl\":\"https:\/\/naturalpharmaceuticals.eu\/wp-content\/uploads\/sites\/2\/2020\/11\/cropped-natural-pharmaceuticals-logo.png\",\"width\":900,\"height\":323,\"caption\":\"Natural Pharmaceuticals\"},\"image\":{\"@id\":\"https:\/\/naturalpharmaceuticals.eu\/pl\/#\/schema\/logo\/image\/\"}}]}<\/script>\n<!-- \/ Yoast SEO plugin. -->","yoast_head_json":{"title":"Nasze rynki - Natural Pharmaceuticals","robots":{"index":"index","follow":"follow","max-snippet":"max-snippet:-1","max-image-preview":"max-image-preview:large","max-video-preview":"max-video-preview:-1"},"canonical":"https:\/\/naturalpharmaceuticals.eu\/pl\/nasze-rynki\/","og_locale":"pl_PL","og_type":"article","og_title":"Nasze rynki - Natural Pharmaceuticals","og_description":"Firma Natural Pharmaceuticals zosta\u0142a za\u0142o\u017cona przez trzech norweskich przedsi\u0119biorc\u00f3w w 2010 roku, w Warszawie, w Polsce. Obecnie, 11 lat p\u00f3\u017aniej, prowadzi swoj\u0105 dzia\u0142alno\u015b\u0107 na o\u015bmiu rynkach \u015arodkowo-Wschodniej Europy. W tym regionie firma ma ju\u017c ponad dwa miliony klient\u00f3w. Zrealizowali\u015bmy ju\u017c&#x2026; Read More Nasze rynki","og_url":"https:\/\/naturalpharmaceuticals.eu\/pl\/nasze-rynki\/","og_site_name":"Natural Pharmaceuticals","article_modified_time":"2021-03-16T11:08:29+00:00","og_image":[{"url":"https:\/\/nordicmed.natural.pl\/wp-content\/uploads\/sites\/2\/2020\/09\/Poland-Cracow-1024x404.jpg","type":"","width":"","height":""}],"twitter_card":"summary_large_image","twitter_misc":{"Szacowany czas czytania":"3 minuty"},"schema":{"@context":"https:\/\/schema.org","@graph":[{"@type":"WebPage","@id":"https:\/\/naturalpharmaceuticals.eu\/pl\/nasze-rynki\/","url":"https:\/\/naturalpharmaceuticals.eu\/pl\/nasze-rynki\/","name":"Nasze rynki - Natural Pharmaceuticals","isPartOf":{"@id":"https:\/\/naturalpharmaceuticals.eu\/pl\/#website"},"primaryImageOfPage":{"@id":"https:\/\/naturalpharmaceuticals.eu\/pl\/nasze-rynki\/#primaryimage"},"image":{"@id":"https:\/\/naturalpharmaceuticals.eu\/pl\/nasze-rynki\/#primaryimage"},"thumbnailUrl":"https:\/\/nordicmed.natural.pl\/wp-content\/uploads\/sites\/2\/2020\/09\/Poland-Cracow-1024x404.jpg","datePublished":"2021-03-16T11:08:28+00:00","dateModified":"2021-03-16T11:08:29+00:00","breadcrumb":{"@id":"https:\/\/naturalpharmaceuticals.eu\/pl\/nasze-rynki\/#breadcrumb"},"inLanguage":"pl-PL","potentialAction":[{"@type":"ReadAction","target":["https:\/\/naturalpharmaceuticals.eu\/pl\/nasze-rynki\/"]}]},{"@type":"ImageObject","inLanguage":"pl-PL","@id":"https:\/\/naturalpharmaceuticals.eu\/pl\/nasze-rynki\/#primaryimage","url":"https:\/\/nordicmed.natural.pl\/wp-content\/uploads\/sites\/2\/2020\/09\/Poland-Cracow-1024x404.jpg","contentUrl":"https:\/\/nordicmed.natural.pl\/wp-content\/uploads\/sites\/2\/2020\/09\/Poland-Cracow-1024x404.jpg"},{"@type":"BreadcrumbList","@id":"https:\/\/naturalpharmaceuticals.eu\/pl\/nasze-rynki\/#breadcrumb","itemListElement":[{"@type":"ListItem","position":1,"name":"Home","item":"https:\/\/naturalpharmaceuticals.eu\/pl\/"},{"@type":"ListItem","position":2,"name":"Nasze rynki"}]},{"@type":"WebSite","@id":"https:\/\/naturalpharmaceuticals.eu\/pl\/#website","url":"https:\/\/naturalpharmaceuticals.eu\/pl\/","name":"Natural Pharmaceuticals","description":"","publisher":{"@id":"https:\/\/naturalpharmaceuticals.eu\/pl\/#organization"},"potentialAction":[{"@type":"SearchAction","target":{"@type":"EntryPoint","urlTemplate":"https:\/\/naturalpharmaceuticals.eu\/pl\/?s={search_term_string}"},"query-input":{"@type":"PropertyValueSpecification","valueRequired":true,"valueName":"search_term_string"}}],"inLanguage":"pl-PL"},{"@type":"Organization","@id":"https:\/\/naturalpharmaceuticals.eu\/pl\/#organization","name":"Natural Pharmaceuticals","url":"https:\/\/naturalpharmaceuticals.eu\/pl\/","logo":{"@type":"ImageObject","inLanguage":"pl-PL","@id":"https:\/\/naturalpharmaceuticals.eu\/pl\/#\/schema\/logo\/image\/","url":"https:\/\/naturalpharmaceuticals.eu\/wp-content\/uploads\/sites\/2\/2020\/11\/cropped-natural-pharmaceuticals-logo.png","contentUrl":"https:\/\/naturalpharmaceuticals.eu\/wp-content\/uploads\/sites\/2\/2020\/11\/cropped-natural-pharmaceuticals-logo.png","width":900,"height":323,"caption":"Natural Pharmaceuticals"},"image":{"@id":"https:\/\/naturalpharmaceuticals.eu\/pl\/#\/schema\/logo\/image\/"}}]}},"jetpack_sharing_enabled":true,"_links":{"self":[{"href":"https:\/\/naturalpharmaceuticals.eu\/pl\/wp-json\/wp\/v2\/pages\/2816","targetHints":{"allow":["GET"]}}],"collection":[{"href":"https:\/\/naturalpharmaceuticals.eu\/pl\/wp-json\/wp\/v2\/pages"}],"about":[{"href":"https:\/\/naturalpharmaceuticals.eu\/pl\/wp-json\/wp\/v2\/types\/page"}],"author":[{"embeddable":true,"href":"https:\/\/naturalpharmaceuticals.eu\/pl\/wp-json\/wp\/v2\/users\/1"}],"replies":[{"embeddable":true,"href":"https:\/\/naturalpharmaceuticals.eu\/pl\/wp-json\/wp\/v2\/comments?post=2816"}],"version-history":[{"count":1,"href":"https:\/\/naturalpharmaceuticals.eu\/pl\/wp-json\/wp\/v2\/pages\/2816\/revisions"}],"predecessor-version":[{"id":2817,"href":"https:\/\/naturalpharmaceuticals.eu\/pl\/wp-json\/wp\/v2\/pages\/2816\/revisions\/2817"}],"wp:attachment":[{"href":"https:\/\/naturalpharmaceuticals.eu\/pl\/wp-json\/wp\/v2\/media?parent=2816"}],"curies":[{"name":"wp","href":"https:\/\/api.w.org\/{rel}","templated":true}]}}