{"id":3077,"date":"2021-03-18T11:17:16","date_gmt":"2021-03-18T11:17:16","guid":{"rendered":"https:\/\/naturalpharmaceuticals.eu\/?page_id=3077"},"modified":"2023-08-11T12:18:40","modified_gmt":"2023-08-11T12:18:40","slug":"dormitan","status":"publish","type":"page","link":"https:\/\/naturalpharmaceuticals.eu\/pl\/nasze-suplementy\/dormitan\/","title":{"rendered":"Dormitan"},"content":{"rendered":"\n<div class=\"wp-block-group\"><div class=\"wp-block-group__inner-container is-layout-flow wp-block-group-is-layout-flow\">\n<div class=\"wp-block-columns is-layout-flex wp-container-core-columns-is-layout-1 wp-block-columns-is-layout-flex\">\n<div class=\"wp-block-column is-layout-flow wp-block-column-is-layout-flow\">\n<figure class=\"wp-block-image size-full sticky\"><img loading=\"lazy\" decoding=\"async\" width=\"768\" height=\"768\" src=\"https:\/\/naturalpharmaceuticals.eu\/wp-content\/uploads\/sites\/2\/2022\/11\/dormitan_www_768x768.png\" alt=\"\" class=\"wp-image-14988\" srcset=\"https:\/\/naturalpharmaceuticals.eu\/wp-content\/uploads\/sites\/2\/2022\/11\/dormitan_www_768x768.png 768w, https:\/\/naturalpharmaceuticals.eu\/wp-content\/uploads\/sites\/2\/2022\/11\/dormitan_www_768x768-300x300.png 300w, https:\/\/naturalpharmaceuticals.eu\/wp-content\/uploads\/sites\/2\/2022\/11\/dormitan_www_768x768-150x150.png 150w, https:\/\/naturalpharmaceuticals.eu\/wp-content\/uploads\/sites\/2\/2022\/11\/dormitan_www_768x768-200x200.png 200w\" sizes=\"auto, (max-width: 768px) 100vw, 768px\" \/><\/figure>\n<\/div>\n\n\n\n<div class=\"wp-block-column product-info-frame is-layout-flow wp-block-column-is-layout-flow\">\n<p style=\"font-size:18px\"><strong>Dormitan<\/strong><\/p>\n\n\n\n<ul class=\"list-style-check-sign line-height-2 wp-block-list\">\n<li>Wspiera zdrowy sen<\/li>\n\n\n\n<li><span style=\"font-size: 0.889rem;\">Udokumentowane sk\u0142adniki<\/span><\/li>\n\n\n\n<li><span style=\"font-size: 0.889rem;\">Wyprodukowa<\/span>ny w Norwegii<\/li>\n<\/ul>\n\n\n\n<p><\/p>\n<\/div>\n<\/div>\n<\/div><\/div>\n\n\n\n<div class=\"packshot-bg-wrapper\"><div class=\"full-width-inside-container packshot-bg packshot-bg-do\"><\/div><\/div>\n\n\n\n<p>Rola, jak\u0105 sk\u0142adniki Dormitanu odgrywaj\u0105 w organizmie cz\u0142owieka zosta\u0142a potwierdzona w o\u015bwiadczeniach zdrowotnych:<\/p>\n\n\n\n<p>Tiamina (witamina B1), ryboflawina (witamina B2), niacyna (witamina B3), biotyna (witamina B7), witaminy B6 i B12 pomagaj\u0105 w prawid\u0142owym funkcjonowaniu uk\u0142adu nerwowego.<br>Tiamina (witamina B1), niacyna (witamina B3), biotyna (witamina B7), witaminy B6 i B12 pomagaj\u0105 w utrzymaniu prawid\u0142owych funkcji psychologicznych.<br>Ryboflawina (witamina B2), niacyna (witamina B3), witaminy B6 i B12, kwas pantotenowy przyczyniaj\u0105 si\u0119 zmniejszenia uczucia zm\u0119czenia oraz znu\u017cenia.<br>Kwas pantotenowy pomaga w utrzymaniu sprawno\u015bci umys\u0142owej na prawid\u0142owym poziomie<\/p>\n\n\n<div role=\"tabpanel\" class=\"wp-block-ub-tabbed-content-tab-content-wrap ub-hide\"\n        id=\"ub-tabbed-content--panel-0\" aria-labelledby=\"ub-tabbed-content--tab-0\" tabindex=\"0\">\n\n<p><a href=\"https:\/\/nordicmed.natural.pl\/?page_id=326\">Preview in new tab(opens in a new tab)<\/a><\/p>\n\n\n\n<p>reviews<\/p>\n\n<\/div>\n\n<div role=\"tabpanel\" class=\"wp-block-ub-tabbed-content-tab-content-wrap ub-hide\"\n        id=\"ub-tabbed-content--panel-1\" aria-labelledby=\"ub-tabbed-content--tab-1\" tabindex=\"0\">\n\n<p><\/p>\n\n<\/div>\n\n<div role=\"tabpanel\" class=\"wp-block-ub-tabbed-content-tab-content-wrap ub-hide\"\n        id=\"ub-tabbed-content--panel-2\" aria-labelledby=\"ub-tabbed-content--tab-2\" tabindex=\"0\">\n\n<p><\/p>\n\n<\/div>\n\n<div class=\"wp-block-ub-tabbed-content-block wp-block-ub-tabbed-content wp-block-ub-tabbed-content-holder wp-block-ub-tabbed-content-horizontal-holder-mobile wp-block-ub-tabbed-content-horizontal-holder-tablet\" id=\"ub-tabbed-content-5553267a-1ba2-46bd-ae0a-9b17d911cdfe\">\n\t\t\t<div class=\"wp-block-ub-tabbed-content-tab-holder horizontal-tab-width-mobile horizontal-tab-width-tablet\">\n\t\t\t\t<div role=\"tablist\" class=\"wp-block-ub-tabbed-content-tabs-title wp-block-ub-tabbed-content-tabs-title-mobile-horizontal-tab wp-block-ub-tabbed-content-tabs-title-tablet-horizontal-tab\"><div role=\"tab\" id=\"ub-tabbed-content-5553267a-1ba2-46bd-ae0a-9b17d911cdfe-tab-0\" aria-controls=\"ub-tabbed-content-5553267a-1ba2-46bd-ae0a-9b17d911cdfe-panel-0\" aria-selected=\"true\" class=\"wp-block-ub-tabbed-content-tab-title-wrap active\" style=\"\" tabindex=\"-1\">\n\t\t\t\t<div class=\"wp-block-ub-tabbed-content-tab-title\">Szczeg\u00f3\u0142owe informacje o suplemencie diety<\/div>\n\t\t\t<\/div><\/div>\n\t\t\t<\/div>\n\t\t\t<div class=\"wp-block-ub-tabbed-content-tabs-content\" style=\"\"><div role=\"tabpanel\" class=\"wp-block-ub-tabbed-content-tab-content-wrap active\"\n        id=\"ub-tabbed-content-5553267a-1ba2-46bd-ae0a-9b17d911cdfe-panel-0\" aria-labelledby=\"ub-tabbed-content-5553267a-1ba2-46bd-ae0a-9b17d911cdfe-tab-0\" tabindex=\"0\">\n\n<p>Dormitan<\/p>\n\n\n\n<figure class=\"wp-block-table is-style-borders\"><table><tbody><tr><td><strong>Sk\u0142adniki<\/strong><\/td><td><strong>2 kapsu\u0142ki<\/strong><\/td><td><strong>% RWS *<\/strong><\/td><\/tr><tr class=\"hide-border\"><td>Serenzo\u00a0<sup>TM<\/sup>\u00a0(Chinese orange peel extract), w tym:<\/td><td>300 mg<\/td><td>&#8211;<\/td><\/tr><tr><td>limonen<\/td><td>60 mg<\/td><td>&#8211;<\/td><\/tr><tr><td>Ekstrakt z szyszek chmielu<\/td><td>100 mg<\/td><td>&#8211;<\/td><\/tr><tr class=\"hide-border\"><td>Ekstrakt z korzenia r\u00f3\u017ce\u0144ca g\u00f3rskiego, w tym:<\/td><td>100 mg<\/td><td>&#8211;<\/td><\/tr><tr class=\"hide-border\"><td>rozawiny<\/td><td>1 mg<\/td><td>&#8211;<\/td><\/tr><tr><td>salidrozyd<\/td><td>1 mg<\/td><td>&#8211;<\/td><\/tr><tr><td>Ekstrakt z kwiat\u00f3w rumianku pospolitego<\/td><td>50 mg<\/td><td>&#8211;<\/td><\/tr><tr><td>Ekstrakt z owoc\u00f3w m\u0119czennicy lekarskiej<\/td><td>20 mg<\/td><td>&#8211;<\/td><\/tr><tr><td>Ekstrakt z korzenia prawo\u015blazu lekarskiego<\/td><td>20 mg<\/td><td>&#8211;<\/td><\/tr><tr><td>Ekstrakt z owsa zwyczajnego<\/td><td>20 mg<\/td><td>&#8211;<\/td><\/tr><tr><td>Ekstrakt z kwiat\u00f3w lawendy lekarskiej<\/td><td>10 mg<\/td><td>&#8211;<\/td><\/tr><tr><td>Witamina B1 (tiamina)<\/td><td>1,4 mg<\/td><td>127<\/td><\/tr><tr><td>Witamina B2 (ryboflawina)<\/td><td>1,6 mg<\/td><td>114<\/td><\/tr><tr><td>Witamina B3 (niacyna)<\/td><td>18 mg<\/td><td>113<\/td><\/tr><tr><td>Witamina B5 (kwas pantotenowy)<\/td><td>6 mg<\/td><td>100<\/td><\/tr><tr><td>Witamina B6 (chlorowodorek pirydoksyny)<\/td><td>2 mg<\/td><td>143<\/td><\/tr><tr><td>Witamina B7 (biotyna)<\/td><td>150 \u03bcg<\/td><td>300<\/td><\/tr><tr><td>Witamina B12 (cyjanokobalamina)<\/td><td>1 \u03bcg<\/td><td>40<\/td><\/tr><\/tbody><\/table><\/figure>\n\n\n\n<p>* RWS \u2013 Referencyjne Warto\u015bci Spo\u017cycia<\/p>\n\n\n\n<p>Serenzo\u2122 jest znakiem towarowym Nexira.<\/p>\n\n\n\n<p><strong>Sk\u0142adniki<\/strong>: maltodekstryna, Serenzo\u2122 (ekstrakt ze sk\u00f3rki pomara\u0144czy chi\u0144skiej) (Citrus sinensis L.), standaryzowany na 20% zawarto\u015b\u0107 limonenu, \u017celatyna wo\u0142owa, ekstrakt z korzenia r\u00f3\u017ce\u0144ca g\u00f3rskiego (Rhodiola rosea L.) standaryzowany na 1% zawarto\u015b\u0107 rozawin, 1% zawarto\u015b\u0107 salidrozydu, ekstrakt z szyszek chmielu zwyczajnego (Humulus Lupulus L.), ekstrakt z kwiat\u00f3w rumianku pospolitego (Chamomilla recutita L.), ekstrakt z owsa zwyczajnego (Avena sativa L.), ekstrakt z owoc\u00f3w m\u0119czennicy lekarskiej (Passiflora incarnata L.), ekstrakt z korzenia prawo\u015blazu lekarskiego (Althea officinalis L.), witamina B3 (niacyna (amid kwasu nikotynowego), substancje przeciwzbrylaj\u0105ce (sole magnezowe kwas\u00f3w t\u0142uszczowych, fosforany wapnia), ekstrakt z kwiat\u00f3w lawendy lekarskiej (Lavandula officinalis L.), substancja przeciwzbrylaj\u0105ca \u2013 dwutlenek krzemu, witamina B5 (D-pantotenian wapnia), witamina B6 (chlorowodorek pirydoksyny), witamina B2 (ryboflawina), witamina B1 (chlorowodorek tiaminy), B12 (cyjanokobalamina), B7 (D-biotyna).<\/p>\n\n\n\n<p><strong>Dormitan \u2013 dwie kapsu\u0142ki dziennie<\/strong><\/p>\n\n\n\n<p><strong>Zastosowanie: <\/strong>Celem produktu jest uzupe\u0142nienie codziennej diety w sk\u0142adniki przyczyniaj\u0105ce si\u0119 do zdrowego snu.<\/p>\n\n\n\n<p><strong>Porcja produktu zalecana do spo\u017cycia w ci\u0105gu dnia: <\/strong>2 kapsu\u0142ki dziennie.<\/p>\n\n\n\n<p><strong>Ilo\u015b\u0107 netto: <\/strong>36 g (60 kapsu\u0142ek po 0,6 g)<\/p>\n\n\n\n<p><strong>Ostrze\u017cenie: <\/strong>nie nale\u017cy przekracza\u0107 zalecanej porcji do spo\u017cycia w ci\u0105gu dnia. Suplementy diety nie mog\u0105 by\u0107 stosowane jako substytut (zamiennik) zr\u00f3\u017cnicowanej diety. Bardzo wa\u017cny jest zr\u00f3wnowa\u017cony spos\u00f3b \u017cywienia i zdrowy tryb \u017cycia. Osoby przyjmuj\u0105ce leki przed spo\u017cyciem tego \u015brodka spo\u017cywczego powinny skonsultowa\u0107 si\u0119 lekarzem. Nie nale\u017cy stosowa\u0107 w przypadku uczulenia na kt\u00f3rykolwiek ze sk\u0142adnik\u00f3w. Nie podawa\u0107 dzieciom poni\u017cej 14 roku \u017cycia.<\/p>\n\n\n\n<p><strong>Przechowywanie: <\/strong>Przechowywa\u0107 w temperaturze poni\u017cej 25\u00b0C miejscu w spos\u00f3b niedost\u0119pny dla ma\u0142ych dzieci. Chroni\u0107 przed \u015bwiat\u0142em i wilgoci\u0105.<\/p>\n\n\n\n<p><strong>Najlepiej spo\u017cy\u0107 przed ko\u0144cem: <\/strong>na opakowaniu<\/p>\n\n\n\n<p><strong>Numer partii produkcyjnej: <\/strong>na opakowaniu<\/p>\n\n\n\n<p><strong>Wyprodukowano w Norwegii<\/strong> <strong>przez Pharmatech A.S.<\/strong><\/p>\n\n\n\n<p><strong>Dystrybutor:<\/strong><br>Natural Pharmaceuticals Sp. z o.o.,<br>ul. Domaniewska 28,<br>02-672 Warszawa<\/p>\n\n\n\n<p><\/p>\n\n<\/div><\/div>\n\t\t<\/div>\n\n\n<figure class=\"wp-block-image alignfull size-full\"><img loading=\"lazy\" decoding=\"async\" width=\"1520\" height=\"500\" src=\"https:\/\/naturalpharmaceuticals.eu\/wp-content\/uploads\/sites\/2\/2021\/04\/Natural_Pharmaceuticals_Dormitan_IMG_1771dormitan_a-1.jpg\" alt=\"\" class=\"wp-image-3531\" srcset=\"https:\/\/naturalpharmaceuticals.eu\/wp-content\/uploads\/sites\/2\/2021\/04\/Natural_Pharmaceuticals_Dormitan_IMG_1771dormitan_a-1.jpg 1520w, https:\/\/naturalpharmaceuticals.eu\/wp-content\/uploads\/sites\/2\/2021\/04\/Natural_Pharmaceuticals_Dormitan_IMG_1771dormitan_a-1-300x99.jpg 300w, https:\/\/naturalpharmaceuticals.eu\/wp-content\/uploads\/sites\/2\/2021\/04\/Natural_Pharmaceuticals_Dormitan_IMG_1771dormitan_a-1-1024x337.jpg 1024w, https:\/\/naturalpharmaceuticals.eu\/wp-content\/uploads\/sites\/2\/2021\/04\/Natural_Pharmaceuticals_Dormitan_IMG_1771dormitan_a-1-768x253.jpg 768w\" sizes=\"auto, (max-width: 1520px) 100vw, 1520px\" \/><\/figure>\n","protected":false},"excerpt":{"rendered":"<p>Dormitan Rola, jak\u0105 sk\u0142adniki Dormitanu odgrywaj\u0105 w organizmie cz\u0142owieka zosta\u0142a potwierdzona w o\u015bwiadczeniach zdrowotnych: Tiamina (witamina B1), ryboflawina (witamina B2), niacyna (witamina B3), biotyna (witamina B7), witaminy B6 i B12 pomagaj\u0105 w prawid\u0142owym funkcjonowaniu uk\u0142adu nerwowego.Tiamina (witamina B1), niacyna (witamina&#x2026; <\/p>\n<p class=\"more-link-container th-uppercase\"><a href=\"https:\/\/naturalpharmaceuticals.eu\/pl\/nasze-suplementy\/dormitan\/\" class=\"more-link\">Read More <span class=\"screen-reader-text\">Dormitan<\/span><\/a><\/p>\n","protected":false},"author":1,"featured_media":2851,"parent":2832,"menu_order":0,"comment_status":"closed","ping_status":"closed","template":"templates\/grid-full-width-page.php","meta":{"ub_ctt_via":"","footnotes":""},"class_list":["post-3077","page","type-page","status-publish","has-post-thumbnail","hentry"],"featured_image_src":"https:\/\/naturalpharmaceuticals.eu\/wp-content\/uploads\/sites\/2\/2020\/12\/PL_banner_760x300_v2_11_Natural_Pharmaceuticals_Dormitan.jpg","yoast_head":"<!-- This site is optimized with the Yoast SEO plugin v24.4 - https:\/\/yoast.com\/wordpress\/plugins\/seo\/ -->\n<title>Dormitan - Natural Pharmaceuticals<\/title>\n<meta name=\"robots\" content=\"index, follow, max-snippet:-1, max-image-preview:large, max-video-preview:-1\" \/>\n<link rel=\"canonical\" href=\"https:\/\/naturalpharmaceuticals.eu\/pl\/nasze-suplementy\/dormitan\/\" \/>\n<meta property=\"og:locale\" content=\"pl_PL\" \/>\n<meta property=\"og:type\" content=\"article\" \/>\n<meta property=\"og:title\" content=\"Dormitan - Natural Pharmaceuticals\" \/>\n<meta property=\"og:description\" content=\"Dormitan Rola, jak\u0105 sk\u0142adniki Dormitanu odgrywaj\u0105 w organizmie cz\u0142owieka zosta\u0142a potwierdzona w o\u015bwiadczeniach zdrowotnych: Tiamina (witamina B1), ryboflawina (witamina B2), niacyna (witamina B3), biotyna (witamina B7), witaminy B6 i B12 pomagaj\u0105 w prawid\u0142owym funkcjonowaniu uk\u0142adu nerwowego.Tiamina (witamina B1), niacyna (witamina&#x2026; Read More Dormitan\" \/>\n<meta property=\"og:url\" content=\"https:\/\/naturalpharmaceuticals.eu\/pl\/nasze-suplementy\/dormitan\/\" \/>\n<meta property=\"og:site_name\" content=\"Natural Pharmaceuticals\" \/>\n<meta property=\"article:modified_time\" content=\"2023-08-11T12:18:40+00:00\" \/>\n<meta property=\"og:image\" content=\"https:\/\/naturalpharmaceuticals.eu\/wp-content\/uploads\/sites\/2\/2020\/12\/PL_banner_760x300_v2_11_Natural_Pharmaceuticals_Dormitan.jpg\" \/>\n\t<meta property=\"og:image:width\" content=\"760\" \/>\n\t<meta property=\"og:image:height\" content=\"300\" \/>\n\t<meta property=\"og:image:type\" content=\"image\/jpeg\" \/>\n<meta name=\"twitter:card\" content=\"summary_large_image\" \/>\n<meta name=\"twitter:label1\" content=\"Szacowany czas czytania\" \/>\n\t<meta name=\"twitter:data1\" content=\"3 minuty\" \/>\n<script type=\"application\/ld+json\" class=\"yoast-schema-graph\">{\"@context\":\"https:\/\/schema.org\",\"@graph\":[{\"@type\":\"WebPage\",\"@id\":\"https:\/\/naturalpharmaceuticals.eu\/pl\/nasze-suplementy\/dormitan\/\",\"url\":\"https:\/\/naturalpharmaceuticals.eu\/pl\/nasze-suplementy\/dormitan\/\",\"name\":\"Dormitan - Natural Pharmaceuticals\",\"isPartOf\":{\"@id\":\"https:\/\/naturalpharmaceuticals.eu\/pl\/#website\"},\"primaryImageOfPage\":{\"@id\":\"https:\/\/naturalpharmaceuticals.eu\/pl\/nasze-suplementy\/dormitan\/#primaryimage\"},\"image\":{\"@id\":\"https:\/\/naturalpharmaceuticals.eu\/pl\/nasze-suplementy\/dormitan\/#primaryimage\"},\"thumbnailUrl\":\"https:\/\/naturalpharmaceuticals.eu\/wp-content\/uploads\/sites\/2\/2020\/12\/PL_banner_760x300_v2_11_Natural_Pharmaceuticals_Dormitan.jpg\",\"datePublished\":\"2021-03-18T11:17:16+00:00\",\"dateModified\":\"2023-08-11T12:18:40+00:00\",\"breadcrumb\":{\"@id\":\"https:\/\/naturalpharmaceuticals.eu\/pl\/nasze-suplementy\/dormitan\/#breadcrumb\"},\"inLanguage\":\"pl-PL\",\"potentialAction\":[{\"@type\":\"ReadAction\",\"target\":[\"https:\/\/naturalpharmaceuticals.eu\/pl\/nasze-suplementy\/dormitan\/\"]}]},{\"@type\":\"ImageObject\",\"inLanguage\":\"pl-PL\",\"@id\":\"https:\/\/naturalpharmaceuticals.eu\/pl\/nasze-suplementy\/dormitan\/#primaryimage\",\"url\":\"https:\/\/naturalpharmaceuticals.eu\/wp-content\/uploads\/sites\/2\/2020\/12\/PL_banner_760x300_v2_11_Natural_Pharmaceuticals_Dormitan.jpg\",\"contentUrl\":\"https:\/\/naturalpharmaceuticals.eu\/wp-content\/uploads\/sites\/2\/2020\/12\/PL_banner_760x300_v2_11_Natural_Pharmaceuticals_Dormitan.jpg\",\"width\":760,\"height\":300},{\"@type\":\"BreadcrumbList\",\"@id\":\"https:\/\/naturalpharmaceuticals.eu\/pl\/nasze-suplementy\/dormitan\/#breadcrumb\",\"itemListElement\":[{\"@type\":\"ListItem\",\"position\":1,\"name\":\"Home\",\"item\":\"https:\/\/naturalpharmaceuticals.eu\/pl\/\"},{\"@type\":\"ListItem\",\"position\":2,\"name\":\"Nasze suplementy\",\"item\":\"https:\/\/naturalpharmaceuticals.eu\/pl\/nasze-suplementy\/\"},{\"@type\":\"ListItem\",\"position\":3,\"name\":\"Dormitan\"}]},{\"@type\":\"WebSite\",\"@id\":\"https:\/\/naturalpharmaceuticals.eu\/pl\/#website\",\"url\":\"https:\/\/naturalpharmaceuticals.eu\/pl\/\",\"name\":\"Natural Pharmaceuticals\",\"description\":\"\",\"publisher\":{\"@id\":\"https:\/\/naturalpharmaceuticals.eu\/pl\/#organization\"},\"potentialAction\":[{\"@type\":\"SearchAction\",\"target\":{\"@type\":\"EntryPoint\",\"urlTemplate\":\"https:\/\/naturalpharmaceuticals.eu\/pl\/?s={search_term_string}\"},\"query-input\":{\"@type\":\"PropertyValueSpecification\",\"valueRequired\":true,\"valueName\":\"search_term_string\"}}],\"inLanguage\":\"pl-PL\"},{\"@type\":\"Organization\",\"@id\":\"https:\/\/naturalpharmaceuticals.eu\/pl\/#organization\",\"name\":\"Natural Pharmaceuticals\",\"url\":\"https:\/\/naturalpharmaceuticals.eu\/pl\/\",\"logo\":{\"@type\":\"ImageObject\",\"inLanguage\":\"pl-PL\",\"@id\":\"https:\/\/naturalpharmaceuticals.eu\/pl\/#\/schema\/logo\/image\/\",\"url\":\"https:\/\/naturalpharmaceuticals.eu\/wp-content\/uploads\/sites\/2\/2020\/11\/cropped-natural-pharmaceuticals-logo.png\",\"contentUrl\":\"https:\/\/naturalpharmaceuticals.eu\/wp-content\/uploads\/sites\/2\/2020\/11\/cropped-natural-pharmaceuticals-logo.png\",\"width\":900,\"height\":323,\"caption\":\"Natural Pharmaceuticals\"},\"image\":{\"@id\":\"https:\/\/naturalpharmaceuticals.eu\/pl\/#\/schema\/logo\/image\/\"}}]}<\/script>\n<!-- \/ Yoast SEO plugin. -->","yoast_head_json":{"title":"Dormitan - Natural Pharmaceuticals","robots":{"index":"index","follow":"follow","max-snippet":"max-snippet:-1","max-image-preview":"max-image-preview:large","max-video-preview":"max-video-preview:-1"},"canonical":"https:\/\/naturalpharmaceuticals.eu\/pl\/nasze-suplementy\/dormitan\/","og_locale":"pl_PL","og_type":"article","og_title":"Dormitan - Natural Pharmaceuticals","og_description":"Dormitan Rola, jak\u0105 sk\u0142adniki Dormitanu odgrywaj\u0105 w organizmie cz\u0142owieka zosta\u0142a potwierdzona w o\u015bwiadczeniach zdrowotnych: Tiamina (witamina B1), ryboflawina (witamina B2), niacyna (witamina B3), biotyna (witamina B7), witaminy B6 i B12 pomagaj\u0105 w prawid\u0142owym funkcjonowaniu uk\u0142adu nerwowego.Tiamina (witamina B1), niacyna (witamina&#x2026; Read More Dormitan","og_url":"https:\/\/naturalpharmaceuticals.eu\/pl\/nasze-suplementy\/dormitan\/","og_site_name":"Natural Pharmaceuticals","article_modified_time":"2023-08-11T12:18:40+00:00","og_image":[{"width":760,"height":300,"url":"https:\/\/naturalpharmaceuticals.eu\/wp-content\/uploads\/sites\/2\/2020\/12\/PL_banner_760x300_v2_11_Natural_Pharmaceuticals_Dormitan.jpg","type":"image\/jpeg"}],"twitter_card":"summary_large_image","twitter_misc":{"Szacowany czas czytania":"3 minuty"},"schema":{"@context":"https:\/\/schema.org","@graph":[{"@type":"WebPage","@id":"https:\/\/naturalpharmaceuticals.eu\/pl\/nasze-suplementy\/dormitan\/","url":"https:\/\/naturalpharmaceuticals.eu\/pl\/nasze-suplementy\/dormitan\/","name":"Dormitan - Natural Pharmaceuticals","isPartOf":{"@id":"https:\/\/naturalpharmaceuticals.eu\/pl\/#website"},"primaryImageOfPage":{"@id":"https:\/\/naturalpharmaceuticals.eu\/pl\/nasze-suplementy\/dormitan\/#primaryimage"},"image":{"@id":"https:\/\/naturalpharmaceuticals.eu\/pl\/nasze-suplementy\/dormitan\/#primaryimage"},"thumbnailUrl":"https:\/\/naturalpharmaceuticals.eu\/wp-content\/uploads\/sites\/2\/2020\/12\/PL_banner_760x300_v2_11_Natural_Pharmaceuticals_Dormitan.jpg","datePublished":"2021-03-18T11:17:16+00:00","dateModified":"2023-08-11T12:18:40+00:00","breadcrumb":{"@id":"https:\/\/naturalpharmaceuticals.eu\/pl\/nasze-suplementy\/dormitan\/#breadcrumb"},"inLanguage":"pl-PL","potentialAction":[{"@type":"ReadAction","target":["https:\/\/naturalpharmaceuticals.eu\/pl\/nasze-suplementy\/dormitan\/"]}]},{"@type":"ImageObject","inLanguage":"pl-PL","@id":"https:\/\/naturalpharmaceuticals.eu\/pl\/nasze-suplementy\/dormitan\/#primaryimage","url":"https:\/\/naturalpharmaceuticals.eu\/wp-content\/uploads\/sites\/2\/2020\/12\/PL_banner_760x300_v2_11_Natural_Pharmaceuticals_Dormitan.jpg","contentUrl":"https:\/\/naturalpharmaceuticals.eu\/wp-content\/uploads\/sites\/2\/2020\/12\/PL_banner_760x300_v2_11_Natural_Pharmaceuticals_Dormitan.jpg","width":760,"height":300},{"@type":"BreadcrumbList","@id":"https:\/\/naturalpharmaceuticals.eu\/pl\/nasze-suplementy\/dormitan\/#breadcrumb","itemListElement":[{"@type":"ListItem","position":1,"name":"Home","item":"https:\/\/naturalpharmaceuticals.eu\/pl\/"},{"@type":"ListItem","position":2,"name":"Nasze suplementy","item":"https:\/\/naturalpharmaceuticals.eu\/pl\/nasze-suplementy\/"},{"@type":"ListItem","position":3,"name":"Dormitan"}]},{"@type":"WebSite","@id":"https:\/\/naturalpharmaceuticals.eu\/pl\/#website","url":"https:\/\/naturalpharmaceuticals.eu\/pl\/","name":"Natural Pharmaceuticals","description":"","publisher":{"@id":"https:\/\/naturalpharmaceuticals.eu\/pl\/#organization"},"potentialAction":[{"@type":"SearchAction","target":{"@type":"EntryPoint","urlTemplate":"https:\/\/naturalpharmaceuticals.eu\/pl\/?s={search_term_string}"},"query-input":{"@type":"PropertyValueSpecification","valueRequired":true,"valueName":"search_term_string"}}],"inLanguage":"pl-PL"},{"@type":"Organization","@id":"https:\/\/naturalpharmaceuticals.eu\/pl\/#organization","name":"Natural Pharmaceuticals","url":"https:\/\/naturalpharmaceuticals.eu\/pl\/","logo":{"@type":"ImageObject","inLanguage":"pl-PL","@id":"https:\/\/naturalpharmaceuticals.eu\/pl\/#\/schema\/logo\/image\/","url":"https:\/\/naturalpharmaceuticals.eu\/wp-content\/uploads\/sites\/2\/2020\/11\/cropped-natural-pharmaceuticals-logo.png","contentUrl":"https:\/\/naturalpharmaceuticals.eu\/wp-content\/uploads\/sites\/2\/2020\/11\/cropped-natural-pharmaceuticals-logo.png","width":900,"height":323,"caption":"Natural Pharmaceuticals"},"image":{"@id":"https:\/\/naturalpharmaceuticals.eu\/pl\/#\/schema\/logo\/image\/"}}]}},"jetpack_sharing_enabled":true,"_links":{"self":[{"href":"https:\/\/naturalpharmaceuticals.eu\/pl\/wp-json\/wp\/v2\/pages\/3077","targetHints":{"allow":["GET"]}}],"collection":[{"href":"https:\/\/naturalpharmaceuticals.eu\/pl\/wp-json\/wp\/v2\/pages"}],"about":[{"href":"https:\/\/naturalpharmaceuticals.eu\/pl\/wp-json\/wp\/v2\/types\/page"}],"author":[{"embeddable":true,"href":"https:\/\/naturalpharmaceuticals.eu\/pl\/wp-json\/wp\/v2\/users\/1"}],"replies":[{"embeddable":true,"href":"https:\/\/naturalpharmaceuticals.eu\/pl\/wp-json\/wp\/v2\/comments?post=3077"}],"version-history":[{"count":9,"href":"https:\/\/naturalpharmaceuticals.eu\/pl\/wp-json\/wp\/v2\/pages\/3077\/revisions"}],"predecessor-version":[{"id":20022,"href":"https:\/\/naturalpharmaceuticals.eu\/pl\/wp-json\/wp\/v2\/pages\/3077\/revisions\/20022"}],"up":[{"embeddable":true,"href":"https:\/\/naturalpharmaceuticals.eu\/pl\/wp-json\/wp\/v2\/pages\/2832"}],"wp:featuredmedia":[{"embeddable":true,"href":"https:\/\/naturalpharmaceuticals.eu\/pl\/wp-json\/wp\/v2\/media\/2851"}],"wp:attachment":[{"href":"https:\/\/naturalpharmaceuticals.eu\/pl\/wp-json\/wp\/v2\/media?parent=3077"}],"curies":[{"name":"wp","href":"https:\/\/api.w.org\/{rel}","templated":true}]}}