{"id":3081,"date":"2021-03-18T11:28:11","date_gmt":"2021-03-18T11:28:11","guid":{"rendered":"https:\/\/naturalpharmaceuticals.eu\/?page_id=3081"},"modified":"2024-01-22T13:18:00","modified_gmt":"2024-01-22T13:18:00","slug":"fleximed","status":"publish","type":"page","link":"https:\/\/naturalpharmaceuticals.eu\/pl\/nasze-suplementy\/fleximed\/","title":{"rendered":"FlexiMed\u00ae"},"content":{"rendered":"\n<div class=\"wp-block-group\"><div class=\"wp-block-group__inner-container is-layout-flow wp-block-group-is-layout-flow\">\n<div class=\"wp-block-columns is-layout-flex wp-container-core-columns-is-layout-1 wp-block-columns-is-layout-flex\">\n<div class=\"wp-block-column is-layout-flow wp-block-column-is-layout-flow\">\n<figure class=\"wp-block-image size-large sticky\"><img loading=\"lazy\" decoding=\"async\" width=\"768\" height=\"768\" src=\"https:\/\/naturalpharmaceuticals.eu\/wp-content\/uploads\/sites\/2\/2020\/12\/FM_www_768x768.png\" alt=\"\" class=\"wp-image-1044\" srcset=\"https:\/\/naturalpharmaceuticals.eu\/wp-content\/uploads\/sites\/2\/2020\/12\/FM_www_768x768.png 768w, https:\/\/naturalpharmaceuticals.eu\/wp-content\/uploads\/sites\/2\/2020\/12\/FM_www_768x768-300x300.png 300w, https:\/\/naturalpharmaceuticals.eu\/wp-content\/uploads\/sites\/2\/2020\/12\/FM_www_768x768-150x150.png 150w, https:\/\/naturalpharmaceuticals.eu\/wp-content\/uploads\/sites\/2\/2020\/12\/FM_www_768x768-200x200.png 200w\" sizes=\"auto, (max-width: 768px) 100vw, 768px\" \/><\/figure>\n<\/div>\n\n\n\n<div class=\"wp-block-column product-info-frame is-layout-flow wp-block-column-is-layout-flow\">\n<p style=\"font-size:18px\"><strong>FlexiMed<\/strong>\u00ae<\/p>\n\n\n\n<ul class=\"wp-block-list\">\n<li>Unikalne sk\u0142adniki wspieraj\u0105ce zdrowie staw\u00f3w<\/li>\n\n\n\n<li>Innowacyjny, opatentowany spos\u00f3b produkcji (wap\u0144 morski)<\/li>\n\n\n\n<li>Najbardziej skuteczny wap\u0144 pozyskiwanych z morskich zasob\u00f3w<\/li>\n\n\n\n<li>Wysoka zawarto\u015b\u0107 glukozaminy<\/li>\n\n\n\n<li>Kolagen typu II<\/li>\n\n\n\n<li>Wspiera elastyczno\u015b\u0107 i od\u017cywianie chrz\u0105stki stawowej<\/li>\n\n\n\n<li>Witamina C przyczynia si\u0119 do prawid\u0142owego wytwarzania kolagenu niezb\u0119dnego dla zachowania prawid\u0142owych funkcji ko\u015bci<\/li>\n\n\n\n<li>Na utrzymanie komfortu poruszania si\u0119<\/li>\n<\/ul>\n\n\n\n<p><\/p>\n<\/div>\n<\/div>\n<\/div><\/div>\n\n\n\n<div class=\"packshot-bg-wrapper\"><div class=\"full-width-inside-container packshot-bg packshot-bg-fm\"><\/div><\/div>\n\n\n\n<p>Rola, jak\u0105 odgrywaj\u0105 kluczowe sk\u0142adniki FlexiMedu\u00ae w organizmie cz\u0142owieka zosta\u0142a potwierdzona w o\u015bwiadczeniach zdrowotnych:<\/p>\n\n\n\n<p>Wap\u0144, magnez, mangan i witamina D s\u0105 potrzebne do utrzymania zdrowych ko\u015bci.<br>Witamina C pomaga w prawid\u0142owej produkcji kolagenu w celu zapewnienia prawid\u0142owego funkcjonowania ko\u015bci.<br>Witamina C pomaga w prawid\u0142owej produkcji kolagenu w celu zapewnienia prawid\u0142owego funkcjonowania chrz\u0105stki.<br>Wap\u0144, magnez, mangan i witamina D pomagaj\u0105 w prawid\u0142owym funkcjonowaniu mi\u0119\u015bni.<\/p>\n\n\n<div role=\"tabpanel\" class=\"wp-block-ub-tabbed-content-tab-content-wrap ub-hide\"\n        id=\"ub-tabbed-content--panel-0\" aria-labelledby=\"ub-tabbed-content--tab-0\" tabindex=\"0\">\n\n<p><a href=\"https:\/\/nordicmed.natural.pl\/?page_id=326\">Preview in new tab(opens in a new tab)<\/a><\/p>\n\n\n\n<p>reviews<\/p>\n\n<\/div>\n\n<div role=\"tabpanel\" class=\"wp-block-ub-tabbed-content-tab-content-wrap ub-hide\"\n        id=\"ub-tabbed-content--panel-1\" aria-labelledby=\"ub-tabbed-content--tab-1\" tabindex=\"0\">\n\n<p><\/p>\n\n<\/div>\n\n<div role=\"tabpanel\" class=\"wp-block-ub-tabbed-content-tab-content-wrap ub-hide\"\n        id=\"ub-tabbed-content--panel-2\" aria-labelledby=\"ub-tabbed-content--tab-2\" tabindex=\"0\">\n\n<p><\/p>\n\n<\/div>\n\n<div class=\"wp-block-ub-tabbed-content-block wp-block-ub-tabbed-content wp-block-ub-tabbed-content-holder wp-block-ub-tabbed-content-horizontal-holder-mobile wp-block-ub-tabbed-content-horizontal-holder-tablet\" id=\"ub-tabbed-content-bdbd11c7-26b3-4b00-914d-6a0502512457\">\n\t\t\t<div class=\"wp-block-ub-tabbed-content-tab-holder horizontal-tab-width-mobile horizontal-tab-width-tablet\">\n\t\t\t\t<div role=\"tablist\" class=\"wp-block-ub-tabbed-content-tabs-title wp-block-ub-tabbed-content-tabs-title-mobile-horizontal-tab wp-block-ub-tabbed-content-tabs-title-tablet-horizontal-tab\"><div role=\"tab\" id=\"ub-tabbed-content-bdbd11c7-26b3-4b00-914d-6a0502512457-tab-0\" aria-controls=\"ub-tabbed-content-bdbd11c7-26b3-4b00-914d-6a0502512457-panel-0\" aria-selected=\"true\" class=\"wp-block-ub-tabbed-content-tab-title-wrap active\" style=\"\" tabindex=\"-1\">\n\t\t\t\t<div class=\"wp-block-ub-tabbed-content-tab-title\">Szczeg\u00f3\u0142owe informacje o suplemencie diety<\/div>\n\t\t\t<\/div><\/div>\n\t\t\t<\/div>\n\t\t\t<div class=\"wp-block-ub-tabbed-content-tabs-content\" style=\"\"><div role=\"tabpanel\" class=\"wp-block-ub-tabbed-content-tab-content-wrap active\"\n        id=\"ub-tabbed-content-bdbd11c7-26b3-4b00-914d-6a0502512457-panel-0\" aria-labelledby=\"ub-tabbed-content-bdbd11c7-26b3-4b00-914d-6a0502512457-tab-0\" tabindex=\"0\">\n\n<p>FlexiMed\u00ae<\/p>\n\n\n\n<figure class=\"wp-block-table is-style-borders\"><table><tbody><tr><th>Sk\u0142ad<\/th><th>3 tabletki<\/th><th>%RWS*<\/th><\/tr><tr><td>Siarczan glukozaminy<\/td><td>800 mg<\/td><td>&#8211;<\/td><\/tr><tr><td>o zawarto\u015bci glukozaminy<\/td><td>471 mg<\/td><td>&#8211;<\/td><\/tr><tr><td>Sproszkowane o\u015bci rybie (z \u0142ososia norweskiego)<\/td><td>600 mg<\/td><td><\/td><\/tr><tr><td>o zawarto\u015bci wapnia<\/td><td>120 mg<\/td><td>15<\/td><\/tr><tr><td>Magnez<\/td><td>250 mg<\/td><td>67<\/td><\/tr><tr><td>Witamina C<\/td><td>80 mg<\/td><td>100<\/td><\/tr><tr><td>Sproszkowany imbir<\/td><td>25 mg<\/td><td>&#8211;<\/td><\/tr><tr><td>Hydrolizowany kolagen typu II<\/td><td>10 mg<\/td><td>&#8211;<\/td><\/tr><tr><td>Mangan<\/td><td>2 mg<\/td><td>100<\/td><\/tr><tr><td>Cynk<\/td><td>1,5 mg<\/td><td>15<\/td><\/tr><tr><td>Witamina D<\/td><td>5 \u03bcg<\/td><td>100<\/td><\/tr><\/tbody><\/table><\/figure>\n\n\n\n<p>*RWS \u2013 Referencyjne Warto\u015bci Spo\u017cycia<\/p>\n\n\n\n<p><strong>Sk\u0142adniki:<\/strong> siarczan glukozaminy, sproszkowane o\u015bci rybie (z \u0142ososia norweskiego), substancje zag\u0119szczaj\u0105ce (celuloza, sole magnezowe kwas\u00f3w t\u0142uszczowych), tlenek magnezu, inulina, kwas L-askorbinowy, substancje przeciwzbrylaj\u0105ce (fosforany wapnia, dwutlenek krzemu), sproszkowane k\u0142\u0105cze imbiru lekarskiego (Zingiber officinale Rosc.), hydrolizowany kolagen typu II, aromaty, siarczan manganu, cholekalcyferol, tlenek cynku, substancja glazuruj\u0105ca (hydroksypropylometyloceluloza), barwnik (kompleksy miedziowe chlorofili i chlorofilin).<\/p>\n\n\n\n<p><strong><strong>FlexiMed\u00ae \u2013 trzy tabletki dzienni<\/strong>e<\/strong><br><strong><br><strong>Zastosowanie: <\/strong><\/strong>Sk\u0142adniki FlexiMedu\u00ae pomagaj\u0105 w utrzymaniu zdrowych ko\u015bci oraz pomagaj\u0105 w prawid\u0142owej produkcji kolagenu w celu zapewnienia prawid\u0142owego funkcjonowania chrz\u0105stki (witamina C).<br><br><strong><strong>Porcja produktu zalecana do spo\u017cycia w ci\u0105gu dnia:<\/strong> <\/strong>3 tabletki dziennie.<br><br><strong><strong>Ilo\u015b\u0107 netto:<\/strong> <\/strong>486 g (540 tabletek po 900 mg)<br><br>Uwaga: nie nale\u017cy przekracza\u0107 zalecanej porcji do spo\u017cycia w ci\u0105gu dnia. Suplementy diety nie mog\u0105 by\u0107 stosowane jako substytut (zamiennik) zr\u00f3\u017cnicowanej diety. Bardzo wa\u017cny jest zr\u00f3wnowa\u017cony spos\u00f3b \u017cywienia i zdrowy tryb \u017cycia.<\/p>\n\n\n\n<p><strong>Najlepiej spo\u017cy\u0107 przed ko\u0144cem:<\/strong> na opakowaniu<\/p>\n\n\n\n<p><strong>Numer partii produkcyjnej: <\/strong>na opakowaniu<\/p>\n\n\n\n<p><strong>Przechowywanie:<\/strong> Przechowywa\u0107 w suchym miejscu, w temperaturze poni\u017cej 25\u00b0C w spos\u00f3b niedost\u0119pny dla ma\u0142ych dzieci. Chroni\u0107 przed \u015bwiat\u0142em.<br><br><\/p>\n\n\n\n<p><strong>Wyprodukowano w Norwegii<\/strong> <strong>przez Pharmatech A.S.<\/strong><\/p>\n\n\n\n<p><strong>Dystrybutor:<\/strong><br>Natural Pharmaceuticals Sp. z o.o.,<br>ul. Domaniewska 28,<br>02-672 Warszawa<\/p>\n\n\n\n<p><\/p>\n\n<\/div><\/div>\n\t\t<\/div>\n\n\n<figure class=\"wp-block-image alignfull size-full\"><img loading=\"lazy\" decoding=\"async\" width=\"1520\" height=\"500\" src=\"https:\/\/naturalpharmaceuticals.eu\/wp-content\/uploads\/sites\/2\/2021\/03\/Natural_Pharmaceuticals_FlexiMed_IMG_8508_FM_a.jpg\" alt=\"\" class=\"wp-image-2681\" srcset=\"https:\/\/naturalpharmaceuticals.eu\/wp-content\/uploads\/sites\/2\/2021\/03\/Natural_Pharmaceuticals_FlexiMed_IMG_8508_FM_a.jpg 1520w, https:\/\/naturalpharmaceuticals.eu\/wp-content\/uploads\/sites\/2\/2021\/03\/Natural_Pharmaceuticals_FlexiMed_IMG_8508_FM_a-300x99.jpg 300w, https:\/\/naturalpharmaceuticals.eu\/wp-content\/uploads\/sites\/2\/2021\/03\/Natural_Pharmaceuticals_FlexiMed_IMG_8508_FM_a-1024x337.jpg 1024w, https:\/\/naturalpharmaceuticals.eu\/wp-content\/uploads\/sites\/2\/2021\/03\/Natural_Pharmaceuticals_FlexiMed_IMG_8508_FM_a-768x253.jpg 768w\" sizes=\"auto, (max-width: 1520px) 100vw, 1520px\" \/><\/figure>\n","protected":false},"excerpt":{"rendered":"<p>FlexiMed\u00ae Rola, jak\u0105 odgrywaj\u0105 kluczowe sk\u0142adniki FlexiMedu\u00ae w organizmie cz\u0142owieka zosta\u0142a potwierdzona w o\u015bwiadczeniach zdrowotnych: Wap\u0144, magnez, mangan i witamina D s\u0105 potrzebne do utrzymania zdrowych ko\u015bci.Witamina C pomaga w prawid\u0142owej produkcji kolagenu w celu zapewnienia prawid\u0142owego funkcjonowania ko\u015bci.Witamina C&#x2026; <\/p>\n<p class=\"more-link-container th-uppercase\"><a href=\"https:\/\/naturalpharmaceuticals.eu\/pl\/nasze-suplementy\/fleximed\/\" class=\"more-link\">Read More <span class=\"screen-reader-text\">FlexiMed\u00ae<\/span><\/a><\/p>\n","protected":false},"author":1,"featured_media":2843,"parent":2832,"menu_order":0,"comment_status":"closed","ping_status":"closed","template":"templates\/grid-full-width-page.php","meta":{"ub_ctt_via":"","footnotes":""},"class_list":["post-3081","page","type-page","status-publish","has-post-thumbnail","hentry"],"featured_image_src":"https:\/\/naturalpharmaceuticals.eu\/wp-content\/uploads\/sites\/2\/2020\/12\/PL_banner_760x300_v2_4_Natural_Pharmaceuticals_FlexiMed.jpg","yoast_head":"<!-- This site is optimized with the Yoast SEO plugin v24.4 - https:\/\/yoast.com\/wordpress\/plugins\/seo\/ -->\n<title>FlexiMed\u00ae - Natural Pharmaceuticals<\/title>\n<meta name=\"robots\" content=\"index, follow, max-snippet:-1, max-image-preview:large, max-video-preview:-1\" \/>\n<link rel=\"canonical\" href=\"https:\/\/naturalpharmaceuticals.eu\/pl\/nasze-suplementy\/fleximed\/\" \/>\n<meta property=\"og:locale\" content=\"pl_PL\" \/>\n<meta property=\"og:type\" content=\"article\" \/>\n<meta property=\"og:title\" content=\"FlexiMed\u00ae - Natural Pharmaceuticals\" \/>\n<meta property=\"og:description\" content=\"FlexiMed\u00ae Rola, jak\u0105 odgrywaj\u0105 kluczowe sk\u0142adniki FlexiMedu\u00ae w organizmie cz\u0142owieka zosta\u0142a potwierdzona w o\u015bwiadczeniach zdrowotnych: Wap\u0144, magnez, mangan i witamina D s\u0105 potrzebne do utrzymania zdrowych ko\u015bci.Witamina C pomaga w prawid\u0142owej produkcji kolagenu w celu zapewnienia prawid\u0142owego funkcjonowania ko\u015bci.Witamina C&#x2026; Read More FlexiMed\u00ae\" \/>\n<meta property=\"og:url\" content=\"https:\/\/naturalpharmaceuticals.eu\/pl\/nasze-suplementy\/fleximed\/\" \/>\n<meta property=\"og:site_name\" content=\"Natural Pharmaceuticals\" \/>\n<meta property=\"article:modified_time\" content=\"2024-01-22T13:18:00+00:00\" \/>\n<meta property=\"og:image\" content=\"https:\/\/naturalpharmaceuticals.eu\/wp-content\/uploads\/sites\/2\/2020\/12\/PL_banner_760x300_v2_4_Natural_Pharmaceuticals_FlexiMed.jpg\" \/>\n\t<meta property=\"og:image:width\" content=\"760\" \/>\n\t<meta property=\"og:image:height\" content=\"300\" \/>\n\t<meta property=\"og:image:type\" content=\"image\/jpeg\" \/>\n<meta name=\"twitter:card\" content=\"summary_large_image\" \/>\n<meta name=\"twitter:label1\" content=\"Szacowany czas czytania\" \/>\n\t<meta name=\"twitter:data1\" content=\"3 minuty\" \/>\n<script type=\"application\/ld+json\" class=\"yoast-schema-graph\">{\"@context\":\"https:\/\/schema.org\",\"@graph\":[{\"@type\":\"WebPage\",\"@id\":\"https:\/\/naturalpharmaceuticals.eu\/pl\/nasze-suplementy\/fleximed\/\",\"url\":\"https:\/\/naturalpharmaceuticals.eu\/pl\/nasze-suplementy\/fleximed\/\",\"name\":\"FlexiMed\u00ae - Natural Pharmaceuticals\",\"isPartOf\":{\"@id\":\"https:\/\/naturalpharmaceuticals.eu\/pl\/#website\"},\"primaryImageOfPage\":{\"@id\":\"https:\/\/naturalpharmaceuticals.eu\/pl\/nasze-suplementy\/fleximed\/#primaryimage\"},\"image\":{\"@id\":\"https:\/\/naturalpharmaceuticals.eu\/pl\/nasze-suplementy\/fleximed\/#primaryimage\"},\"thumbnailUrl\":\"https:\/\/naturalpharmaceuticals.eu\/wp-content\/uploads\/sites\/2\/2020\/12\/PL_banner_760x300_v2_4_Natural_Pharmaceuticals_FlexiMed.jpg\",\"datePublished\":\"2021-03-18T11:28:11+00:00\",\"dateModified\":\"2024-01-22T13:18:00+00:00\",\"breadcrumb\":{\"@id\":\"https:\/\/naturalpharmaceuticals.eu\/pl\/nasze-suplementy\/fleximed\/#breadcrumb\"},\"inLanguage\":\"pl-PL\",\"potentialAction\":[{\"@type\":\"ReadAction\",\"target\":[\"https:\/\/naturalpharmaceuticals.eu\/pl\/nasze-suplementy\/fleximed\/\"]}]},{\"@type\":\"ImageObject\",\"inLanguage\":\"pl-PL\",\"@id\":\"https:\/\/naturalpharmaceuticals.eu\/pl\/nasze-suplementy\/fleximed\/#primaryimage\",\"url\":\"https:\/\/naturalpharmaceuticals.eu\/wp-content\/uploads\/sites\/2\/2020\/12\/PL_banner_760x300_v2_4_Natural_Pharmaceuticals_FlexiMed.jpg\",\"contentUrl\":\"https:\/\/naturalpharmaceuticals.eu\/wp-content\/uploads\/sites\/2\/2020\/12\/PL_banner_760x300_v2_4_Natural_Pharmaceuticals_FlexiMed.jpg\",\"width\":760,\"height\":300},{\"@type\":\"BreadcrumbList\",\"@id\":\"https:\/\/naturalpharmaceuticals.eu\/pl\/nasze-suplementy\/fleximed\/#breadcrumb\",\"itemListElement\":[{\"@type\":\"ListItem\",\"position\":1,\"name\":\"Home\",\"item\":\"https:\/\/naturalpharmaceuticals.eu\/pl\/\"},{\"@type\":\"ListItem\",\"position\":2,\"name\":\"Nasze suplementy\",\"item\":\"https:\/\/naturalpharmaceuticals.eu\/pl\/nasze-suplementy\/\"},{\"@type\":\"ListItem\",\"position\":3,\"name\":\"FlexiMed\u00ae\"}]},{\"@type\":\"WebSite\",\"@id\":\"https:\/\/naturalpharmaceuticals.eu\/pl\/#website\",\"url\":\"https:\/\/naturalpharmaceuticals.eu\/pl\/\",\"name\":\"Natural Pharmaceuticals\",\"description\":\"\",\"publisher\":{\"@id\":\"https:\/\/naturalpharmaceuticals.eu\/pl\/#organization\"},\"potentialAction\":[{\"@type\":\"SearchAction\",\"target\":{\"@type\":\"EntryPoint\",\"urlTemplate\":\"https:\/\/naturalpharmaceuticals.eu\/pl\/?s={search_term_string}\"},\"query-input\":{\"@type\":\"PropertyValueSpecification\",\"valueRequired\":true,\"valueName\":\"search_term_string\"}}],\"inLanguage\":\"pl-PL\"},{\"@type\":\"Organization\",\"@id\":\"https:\/\/naturalpharmaceuticals.eu\/pl\/#organization\",\"name\":\"Natural Pharmaceuticals\",\"url\":\"https:\/\/naturalpharmaceuticals.eu\/pl\/\",\"logo\":{\"@type\":\"ImageObject\",\"inLanguage\":\"pl-PL\",\"@id\":\"https:\/\/naturalpharmaceuticals.eu\/pl\/#\/schema\/logo\/image\/\",\"url\":\"https:\/\/naturalpharmaceuticals.eu\/wp-content\/uploads\/sites\/2\/2020\/11\/cropped-natural-pharmaceuticals-logo.png\",\"contentUrl\":\"https:\/\/naturalpharmaceuticals.eu\/wp-content\/uploads\/sites\/2\/2020\/11\/cropped-natural-pharmaceuticals-logo.png\",\"width\":900,\"height\":323,\"caption\":\"Natural Pharmaceuticals\"},\"image\":{\"@id\":\"https:\/\/naturalpharmaceuticals.eu\/pl\/#\/schema\/logo\/image\/\"}}]}<\/script>\n<!-- \/ Yoast SEO plugin. -->","yoast_head_json":{"title":"FlexiMed\u00ae - Natural Pharmaceuticals","robots":{"index":"index","follow":"follow","max-snippet":"max-snippet:-1","max-image-preview":"max-image-preview:large","max-video-preview":"max-video-preview:-1"},"canonical":"https:\/\/naturalpharmaceuticals.eu\/pl\/nasze-suplementy\/fleximed\/","og_locale":"pl_PL","og_type":"article","og_title":"FlexiMed\u00ae - Natural Pharmaceuticals","og_description":"FlexiMed\u00ae Rola, jak\u0105 odgrywaj\u0105 kluczowe sk\u0142adniki FlexiMedu\u00ae w organizmie cz\u0142owieka zosta\u0142a potwierdzona w o\u015bwiadczeniach zdrowotnych: Wap\u0144, magnez, mangan i witamina D s\u0105 potrzebne do utrzymania zdrowych ko\u015bci.Witamina C pomaga w prawid\u0142owej produkcji kolagenu w celu zapewnienia prawid\u0142owego funkcjonowania ko\u015bci.Witamina C&#x2026; Read More FlexiMed\u00ae","og_url":"https:\/\/naturalpharmaceuticals.eu\/pl\/nasze-suplementy\/fleximed\/","og_site_name":"Natural Pharmaceuticals","article_modified_time":"2024-01-22T13:18:00+00:00","og_image":[{"width":760,"height":300,"url":"https:\/\/naturalpharmaceuticals.eu\/wp-content\/uploads\/sites\/2\/2020\/12\/PL_banner_760x300_v2_4_Natural_Pharmaceuticals_FlexiMed.jpg","type":"image\/jpeg"}],"twitter_card":"summary_large_image","twitter_misc":{"Szacowany czas czytania":"3 minuty"},"schema":{"@context":"https:\/\/schema.org","@graph":[{"@type":"WebPage","@id":"https:\/\/naturalpharmaceuticals.eu\/pl\/nasze-suplementy\/fleximed\/","url":"https:\/\/naturalpharmaceuticals.eu\/pl\/nasze-suplementy\/fleximed\/","name":"FlexiMed\u00ae - Natural Pharmaceuticals","isPartOf":{"@id":"https:\/\/naturalpharmaceuticals.eu\/pl\/#website"},"primaryImageOfPage":{"@id":"https:\/\/naturalpharmaceuticals.eu\/pl\/nasze-suplementy\/fleximed\/#primaryimage"},"image":{"@id":"https:\/\/naturalpharmaceuticals.eu\/pl\/nasze-suplementy\/fleximed\/#primaryimage"},"thumbnailUrl":"https:\/\/naturalpharmaceuticals.eu\/wp-content\/uploads\/sites\/2\/2020\/12\/PL_banner_760x300_v2_4_Natural_Pharmaceuticals_FlexiMed.jpg","datePublished":"2021-03-18T11:28:11+00:00","dateModified":"2024-01-22T13:18:00+00:00","breadcrumb":{"@id":"https:\/\/naturalpharmaceuticals.eu\/pl\/nasze-suplementy\/fleximed\/#breadcrumb"},"inLanguage":"pl-PL","potentialAction":[{"@type":"ReadAction","target":["https:\/\/naturalpharmaceuticals.eu\/pl\/nasze-suplementy\/fleximed\/"]}]},{"@type":"ImageObject","inLanguage":"pl-PL","@id":"https:\/\/naturalpharmaceuticals.eu\/pl\/nasze-suplementy\/fleximed\/#primaryimage","url":"https:\/\/naturalpharmaceuticals.eu\/wp-content\/uploads\/sites\/2\/2020\/12\/PL_banner_760x300_v2_4_Natural_Pharmaceuticals_FlexiMed.jpg","contentUrl":"https:\/\/naturalpharmaceuticals.eu\/wp-content\/uploads\/sites\/2\/2020\/12\/PL_banner_760x300_v2_4_Natural_Pharmaceuticals_FlexiMed.jpg","width":760,"height":300},{"@type":"BreadcrumbList","@id":"https:\/\/naturalpharmaceuticals.eu\/pl\/nasze-suplementy\/fleximed\/#breadcrumb","itemListElement":[{"@type":"ListItem","position":1,"name":"Home","item":"https:\/\/naturalpharmaceuticals.eu\/pl\/"},{"@type":"ListItem","position":2,"name":"Nasze suplementy","item":"https:\/\/naturalpharmaceuticals.eu\/pl\/nasze-suplementy\/"},{"@type":"ListItem","position":3,"name":"FlexiMed\u00ae"}]},{"@type":"WebSite","@id":"https:\/\/naturalpharmaceuticals.eu\/pl\/#website","url":"https:\/\/naturalpharmaceuticals.eu\/pl\/","name":"Natural Pharmaceuticals","description":"","publisher":{"@id":"https:\/\/naturalpharmaceuticals.eu\/pl\/#organization"},"potentialAction":[{"@type":"SearchAction","target":{"@type":"EntryPoint","urlTemplate":"https:\/\/naturalpharmaceuticals.eu\/pl\/?s={search_term_string}"},"query-input":{"@type":"PropertyValueSpecification","valueRequired":true,"valueName":"search_term_string"}}],"inLanguage":"pl-PL"},{"@type":"Organization","@id":"https:\/\/naturalpharmaceuticals.eu\/pl\/#organization","name":"Natural Pharmaceuticals","url":"https:\/\/naturalpharmaceuticals.eu\/pl\/","logo":{"@type":"ImageObject","inLanguage":"pl-PL","@id":"https:\/\/naturalpharmaceuticals.eu\/pl\/#\/schema\/logo\/image\/","url":"https:\/\/naturalpharmaceuticals.eu\/wp-content\/uploads\/sites\/2\/2020\/11\/cropped-natural-pharmaceuticals-logo.png","contentUrl":"https:\/\/naturalpharmaceuticals.eu\/wp-content\/uploads\/sites\/2\/2020\/11\/cropped-natural-pharmaceuticals-logo.png","width":900,"height":323,"caption":"Natural Pharmaceuticals"},"image":{"@id":"https:\/\/naturalpharmaceuticals.eu\/pl\/#\/schema\/logo\/image\/"}}]}},"jetpack_sharing_enabled":true,"_links":{"self":[{"href":"https:\/\/naturalpharmaceuticals.eu\/pl\/wp-json\/wp\/v2\/pages\/3081","targetHints":{"allow":["GET"]}}],"collection":[{"href":"https:\/\/naturalpharmaceuticals.eu\/pl\/wp-json\/wp\/v2\/pages"}],"about":[{"href":"https:\/\/naturalpharmaceuticals.eu\/pl\/wp-json\/wp\/v2\/types\/page"}],"author":[{"embeddable":true,"href":"https:\/\/naturalpharmaceuticals.eu\/pl\/wp-json\/wp\/v2\/users\/1"}],"replies":[{"embeddable":true,"href":"https:\/\/naturalpharmaceuticals.eu\/pl\/wp-json\/wp\/v2\/comments?post=3081"}],"version-history":[{"count":7,"href":"https:\/\/naturalpharmaceuticals.eu\/pl\/wp-json\/wp\/v2\/pages\/3081\/revisions"}],"predecessor-version":[{"id":22731,"href":"https:\/\/naturalpharmaceuticals.eu\/pl\/wp-json\/wp\/v2\/pages\/3081\/revisions\/22731"}],"up":[{"embeddable":true,"href":"https:\/\/naturalpharmaceuticals.eu\/pl\/wp-json\/wp\/v2\/pages\/2832"}],"wp:featuredmedia":[{"embeddable":true,"href":"https:\/\/naturalpharmaceuticals.eu\/pl\/wp-json\/wp\/v2\/media\/2843"}],"wp:attachment":[{"href":"https:\/\/naturalpharmaceuticals.eu\/pl\/wp-json\/wp\/v2\/media?parent=3081"}],"curies":[{"name":"wp","href":"https:\/\/api.w.org\/{rel}","templated":true}]}}