{"id":3091,"date":"2021-03-18T12:15:02","date_gmt":"2021-03-18T12:15:02","guid":{"rendered":"https:\/\/naturalpharmaceuticals.eu\/?page_id=3091"},"modified":"2024-01-04T12:36:25","modified_gmt":"2024-01-04T12:36:25","slug":"omegamarine-junior","status":"publish","type":"page","link":"https:\/\/naturalpharmaceuticals.eu\/pl\/nasze-suplementy\/omegamarine-junior\/","title":{"rendered":"OmegaMarine\u2122 Junior+"},"content":{"rendered":"\n<div class=\"wp-block-group\"><div class=\"wp-block-group__inner-container is-layout-flow wp-block-group-is-layout-flow\">\n<div class=\"wp-block-columns is-layout-flex wp-container-core-columns-is-layout-1 wp-block-columns-is-layout-flex\">\n<div class=\"wp-block-column is-layout-flow wp-block-column-is-layout-flow\">\n<figure class=\"wp-block-image size-large sticky\"><img loading=\"lazy\" decoding=\"async\" width=\"768\" height=\"768\" src=\"https:\/\/naturalpharmaceuticals.eu\/wp-content\/uploads\/sites\/2\/2020\/12\/OMJ_www_768x768.png\" alt=\"\" class=\"wp-image-1056\" srcset=\"https:\/\/naturalpharmaceuticals.eu\/wp-content\/uploads\/sites\/2\/2020\/12\/OMJ_www_768x768.png 768w, https:\/\/naturalpharmaceuticals.eu\/wp-content\/uploads\/sites\/2\/2020\/12\/OMJ_www_768x768-300x300.png 300w, https:\/\/naturalpharmaceuticals.eu\/wp-content\/uploads\/sites\/2\/2020\/12\/OMJ_www_768x768-150x150.png 150w, https:\/\/naturalpharmaceuticals.eu\/wp-content\/uploads\/sites\/2\/2020\/12\/OMJ_www_768x768-200x200.png 200w\" sizes=\"auto, (max-width: 768px) 100vw, 768px\" \/><\/figure>\n<\/div>\n\n\n\n<div class=\"wp-block-column product-info-frame is-layout-flow wp-block-column-is-layout-flow\">\n<p style=\"font-size:18px\"><strong>OmegaMarine\u2122 Junior+<\/strong><\/p>\n\n\n\n<ul class=\"list-style-check-sign line-height-2 wp-block-list\">\n<li>Udokumentowany wp\u0142yw na rozw\u00f3j i funkcjonowanie m\u00f3zgu<\/li>\n\n\n\n<li>Wysoka zawarto\u015b\u0107 kwasu dokozaheksaenowego (DHA)<\/li>\n\n\n\n<li>Wzbogacony witaminami D, A oraz E dla wzmocnienia uk\u0142adu odporno\u015bciowego<\/li>\n\n\n\n<li>Przyjazne dla dzieci kapsu\u0142ki do \u017cucia w kszta\u0142cie rybek<\/li>\n\n\n\n<li>Owocowy smak<\/li>\n\n\n\n<li>Lepszy ni\u017c olej z w\u0105troby dorsza (tran), ka\u017cdego ranka dzieci b\u0119d\u0105 same o niego prosi\u0107<\/li>\n\n\n\n<li>S\u0142odzony w naturalny spos\u00f3b (stewia)<\/li>\n\n\n\n<li>Zalecany dla dzieci w wieku powy\u017cej 3 lat<\/li>\n<\/ul>\n\n\n\n<p><\/p>\n<\/div>\n<\/div>\n<\/div><\/div>\n\n\n\n<div class=\"packshot-bg-wrapper\"><div class=\"full-width-inside-container packshot-bg packshot-bg-omj\"><\/div><\/div>\n\n\n\n<p>Rola, jak\u0105 odgrywaj\u0105 kluczowe sk\u0142adniki OmegaMarine\u2122 Junior+ w organizmie cz\u0142owieka zosta\u0142a potwierdzona w o\u015bwiadczeniach zdrowotnych:<\/p>\n\n\n\n<p>Kwas dokozaheksaenowy (DHA) przyczynia si\u0119 do utrzymania prawid\u0142owego widzenia<sup>1 <\/sup>oraz prawid\u0142owego funkcjonowania m\u00f3zgu.<br>Kwas dokozaheksaenowy (DHA), jak r\u00f3wnie\u017c eikozapentaenowy (EPA) przyczyniaj\u0105 si\u0119 do prawid\u0142owego funkcjonowania serca<sup>2.<\/sup><\/p>\n\n\n\n<p>Witamina D pomaga w prawid\u0142owym funkcjonowaniu uk\u0142adu odporno\u015bciowego.<br>Witamina D pomaga w utrzymaniu zdrowych Ko\u015bci i z\u0119b\u00f3w.<\/p>\n\n\n\n<p><sup>1<\/sup>Korzystne dzia\u0142anie wyst\u0119puje w przypadku spo\u017cywania 250 mg DHA dziennie.<br><sup>2<\/sup>Korzystne dzia\u0142anie wyst\u0119puje w przypadku spo\u017cywania 250 mg EPA i DHA dziennie<\/p>\n\n\n<div role=\"tabpanel\" class=\"wp-block-ub-tabbed-content-tab-content-wrap ub-hide\"\n        id=\"ub-tabbed-content--panel-0\" aria-labelledby=\"ub-tabbed-content--tab-0\" tabindex=\"0\">\n\n<p><a href=\"https:\/\/nordicmed.natural.pl\/?page_id=326\">Preview in new tab(opens in a new tab)<\/a><\/p>\n\n\n\n<p>reviews<\/p>\n\n<\/div>\n\n<div role=\"tabpanel\" class=\"wp-block-ub-tabbed-content-tab-content-wrap ub-hide\"\n        id=\"ub-tabbed-content--panel-1\" aria-labelledby=\"ub-tabbed-content--tab-1\" tabindex=\"0\">\n\n<p><\/p>\n\n<\/div>\n\n<div role=\"tabpanel\" class=\"wp-block-ub-tabbed-content-tab-content-wrap ub-hide\"\n        id=\"ub-tabbed-content--panel-2\" aria-labelledby=\"ub-tabbed-content--tab-2\" tabindex=\"0\">\n\n<p><\/p>\n\n<\/div>\n\n<div class=\"wp-block-ub-tabbed-content-block wp-block-ub-tabbed-content wp-block-ub-tabbed-content-holder wp-block-ub-tabbed-content-horizontal-holder-mobile wp-block-ub-tabbed-content-horizontal-holder-tablet\" id=\"ub-tabbed-content-f1fdddf6-9e2d-4c18-8d0e-8c7e6cf8a083\">\n\t\t\t<div class=\"wp-block-ub-tabbed-content-tab-holder horizontal-tab-width-mobile horizontal-tab-width-tablet\">\n\t\t\t\t<div role=\"tablist\" class=\"wp-block-ub-tabbed-content-tabs-title wp-block-ub-tabbed-content-tabs-title-mobile-horizontal-tab wp-block-ub-tabbed-content-tabs-title-tablet-horizontal-tab\"><div role=\"tab\" id=\"ub-tabbed-content-f1fdddf6-9e2d-4c18-8d0e-8c7e6cf8a083-tab-0\" aria-controls=\"ub-tabbed-content-f1fdddf6-9e2d-4c18-8d0e-8c7e6cf8a083-panel-0\" aria-selected=\"true\" class=\"wp-block-ub-tabbed-content-tab-title-wrap active\" style=\"\" tabindex=\"-1\">\n\t\t\t\t<div class=\"wp-block-ub-tabbed-content-tab-title\">Szczeg\u00f3\u0142owe informacje o suplemencie diety<\/div>\n\t\t\t<\/div><\/div>\n\t\t\t<\/div>\n\t\t\t<div class=\"wp-block-ub-tabbed-content-tabs-content\" style=\"\"><div role=\"tabpanel\" class=\"wp-block-ub-tabbed-content-tab-content-wrap active\"\n        id=\"ub-tabbed-content-f1fdddf6-9e2d-4c18-8d0e-8c7e6cf8a083-panel-0\" aria-labelledby=\"ub-tabbed-content-f1fdddf6-9e2d-4c18-8d0e-8c7e6cf8a083-tab-0\" tabindex=\"0\">\n\n<p>OmegaMarine\u2122 Junior+<\/p>\n\n\n\n<figure class=\"wp-block-table is-style-borders\"><table><tbody><tr><th>Sk\u0142ad<\/th><th>2 kapsu\u0142ki<\/th><th>% RWS *<\/th><\/tr><tr><td>Olej z tu\u0144czyka, w tym:<\/td><td>1000 mg<\/td><td>&#8211;<\/td><\/tr><tr><td>Kwasy omega-3:<\/td><td>363 mg<\/td><td>&#8211;<\/td><\/tr><tr><td>DHA<\/td><td>281 mg<\/td><td>&#8211;<\/td><\/tr><tr><td>EPA<\/td><td>72 mg<\/td><td>&#8211;<\/td><\/tr><tr><td>Witamina E<\/td><td>12 mg<\/td><td>100%<\/td><\/tr><tr><td>Witamina A<\/td><td>120 \u03bcg<\/td><td>15%<\/td><\/tr><tr><td>Witamina D<\/td><td>5 \u03bcg<\/td><td>100%<\/td><\/tr><\/tbody><\/table><\/figure>\n\n\n\n<p>*RWS- Referencyjne Warto\u015bci Spo\u017cycia<\/p>\n\n\n\n<p><strong>Sk\u0142adniki: olej z tu\u0144czyka<\/strong>, \u017celatyna wieprzowa, stabilizator: glicerol; aromat, skrobia ziemniaczana modyfikowana, octan DL-alfa-tokoferylu, substancja s\u0142odz\u0105ca: glikozydy stewiolowe; palmitynian retinylu, woda, przeciwutleniacz: mieszanina tokoferoli; cholekalcyferol.<\/p>\n\n\n\n<p><strong>OmegaMarine\u2122 Junior+ &#8211; dwie kapsu\u0142ki dziennie<\/strong><\/p>\n\n\n\n<p><strong>Zastosowanie: <\/strong>Celem produktu jest uzupe\u0142nienie diety dzieci w niezb\u0119dne kwasy t\u0142uszczowe Omega-3 oraz witamin\u0119 d3.<\/p>\n\n\n\n<p><strong>Porcja produktu zalecana do spo\u017cycia w&nbsp;ci\u0105gu dnia:<\/strong> dzieci od 3 roku \u017cycia: 2 kapsu\u0142ki dziennie.<\/p>\n\n\n\n<p><strong><strong>Masa netto:<\/strong>&nbsp;<\/strong>320 g (360 kapsu\u0142ek do \u017cucia po 890 mg)<\/p>\n\n\n\n<p><strong>Uwaga<\/strong>: nie nale\u017cy przekracza\u0107 zalecanej porcji do spo\u017cycia w&nbsp;ci\u0105gu dnia. Suplementy diety nie mog\u0105 by\u0107 stosowane jako substytut (zamiennik) zr\u00f3\u017cnicowanej diety. Bardzo wa\u017cny jest zr\u00f3wnowa\u017cony spos\u00f3b \u017cywienia i&nbsp;zdrowy tryb \u017cycia.<\/p>\n\n\n\n<p><strong>Numer partii produkcyjnej: <\/strong>na opakowaniu<\/p>\n\n\n\n<p><strong>Najlepiej spo\u017cy\u0107 przed ko\u0144cem: <\/strong>na opakowaniu<\/p>\n\n\n\n<p><strong>Przechowywanie:<\/strong> Przechowywa\u0107 w&nbsp;suchym miejscu, w&nbsp;temperaturze poni\u017cej 25\u00b0C w&nbsp;spos\u00f3b niedost\u0119pny dla&nbsp;ma\u0142ych dzieci. Chroni\u0107 przed \u015bwiat\u0142e<\/p>\n\n\n\n<p><strong>Wyprodukowano w Norwegii<\/strong> <strong>przez Pharmatech A.S.<\/strong><\/p>\n\n\n\n<p><strong>Dystrybutor:<\/strong><br>Natural Pharmaceuticals Sp. z o.o.,<br>ul. Domaniewska 28,<br>02-672 Warszawa<\/p>\n\n\n\n<p><\/p>\n\n<\/div><\/div>\n\t\t<\/div>\n\n\n<div class=\"wp-block-group alignwide\"><div class=\"wp-block-group__inner-container is-layout-flow wp-block-group-is-layout-flow\"><\/div><\/div>\n\n\n\n<figure class=\"wp-block-image alignfull size-full\"><img loading=\"lazy\" decoding=\"async\" width=\"1520\" height=\"500\" src=\"https:\/\/naturalpharmaceuticals.eu\/wp-content\/uploads\/sites\/2\/2021\/03\/Natural_Pharmaceuticals_OmegaMarine_Junior_IMG_8734_OMJ_a.jpg\" alt=\"\" class=\"wp-image-3236\" srcset=\"https:\/\/naturalpharmaceuticals.eu\/wp-content\/uploads\/sites\/2\/2021\/03\/Natural_Pharmaceuticals_OmegaMarine_Junior_IMG_8734_OMJ_a.jpg 1520w, https:\/\/naturalpharmaceuticals.eu\/wp-content\/uploads\/sites\/2\/2021\/03\/Natural_Pharmaceuticals_OmegaMarine_Junior_IMG_8734_OMJ_a-300x99.jpg 300w, https:\/\/naturalpharmaceuticals.eu\/wp-content\/uploads\/sites\/2\/2021\/03\/Natural_Pharmaceuticals_OmegaMarine_Junior_IMG_8734_OMJ_a-1024x337.jpg 1024w, https:\/\/naturalpharmaceuticals.eu\/wp-content\/uploads\/sites\/2\/2021\/03\/Natural_Pharmaceuticals_OmegaMarine_Junior_IMG_8734_OMJ_a-768x253.jpg 768w\" sizes=\"auto, (max-width: 1520px) 100vw, 1520px\" \/><\/figure>\n\n\n\n<div class=\"wp-block-columns is-layout-flex wp-container-core-columns-is-layout-2 wp-block-columns-is-layout-flex\">\n<div class=\"wp-block-column is-vertically-aligned-center is-layout-flow wp-block-column-is-layout-flow\"><div class=\"wp-block-image\">\n<figure class=\"aligncenter size-full\"><img loading=\"lazy\" decoding=\"async\" width=\"220\" height=\"220\" src=\"https:\/\/naturalpharmaceuticals.eu\/wp-content\/uploads\/sites\/2\/2020\/09\/goed.png\" alt=\"\" class=\"wp-image-350\" srcset=\"https:\/\/naturalpharmaceuticals.eu\/wp-content\/uploads\/sites\/2\/2020\/09\/goed.png 220w, https:\/\/naturalpharmaceuticals.eu\/wp-content\/uploads\/sites\/2\/2020\/09\/goed-150x150.png 150w, https:\/\/naturalpharmaceuticals.eu\/wp-content\/uploads\/sites\/2\/2020\/09\/goed-200x200.png 200w\" sizes=\"auto, (max-width: 220px) 100vw, 220px\" \/><\/figure><\/div>\n\n\n<p><\/p>\n<\/div>\n\n\n\n<div class=\"wp-block-column is-vertically-aligned-center is-layout-flow wp-block-column-is-layout-flow\"><div class=\"wp-block-image\">\n<figure class=\"aligncenter size-full is-resized\"><img loading=\"lazy\" decoding=\"async\" src=\"https:\/\/naturalpharmaceuticals.eu\/wp-content\/uploads\/sites\/2\/2020\/12\/DMR-S-2020-LOGO.png\" alt=\"\" class=\"wp-image-968\" width=\"220\" height=\"220\" srcset=\"https:\/\/naturalpharmaceuticals.eu\/wp-content\/uploads\/sites\/2\/2020\/12\/DMR-S-2020-LOGO.png 977w, https:\/\/naturalpharmaceuticals.eu\/wp-content\/uploads\/sites\/2\/2020\/12\/DMR-S-2020-LOGO-300x300.png 300w, https:\/\/naturalpharmaceuticals.eu\/wp-content\/uploads\/sites\/2\/2020\/12\/DMR-S-2020-LOGO-150x150.png 150w, https:\/\/naturalpharmaceuticals.eu\/wp-content\/uploads\/sites\/2\/2020\/12\/DMR-S-2020-LOGO-768x767.png 768w, https:\/\/naturalpharmaceuticals.eu\/wp-content\/uploads\/sites\/2\/2020\/12\/DMR-S-2020-LOGO-200x200.png 200w\" sizes=\"auto, (max-width: 220px) 100vw, 220px\" \/><\/figure><\/div><\/div>\n<\/div>\n","protected":false},"excerpt":{"rendered":"<p>OmegaMarine\u2122 Junior+ Rola, jak\u0105 odgrywaj\u0105 kluczowe sk\u0142adniki OmegaMarine\u2122 Junior+ w organizmie cz\u0142owieka zosta\u0142a potwierdzona w o\u015bwiadczeniach zdrowotnych: Kwas dokozaheksaenowy (DHA) przyczynia si\u0119 do utrzymania prawid\u0142owego widzenia1 oraz prawid\u0142owego funkcjonowania m\u00f3zgu.Kwas dokozaheksaenowy (DHA), jak r\u00f3wnie\u017c eikozapentaenowy (EPA) przyczyniaj\u0105 si\u0119 do prawid\u0142owego&#x2026; <\/p>\n<p class=\"more-link-container th-uppercase\"><a href=\"https:\/\/naturalpharmaceuticals.eu\/pl\/nasze-suplementy\/omegamarine-junior\/\" class=\"more-link\">Read More <span class=\"screen-reader-text\">OmegaMarine\u2122 Junior+<\/span><\/a><\/p>\n","protected":false},"author":1,"featured_media":2842,"parent":2832,"menu_order":0,"comment_status":"closed","ping_status":"closed","template":"templates\/grid-full-width-page.php","meta":{"ub_ctt_via":"","footnotes":""},"class_list":["post-3091","page","type-page","status-publish","has-post-thumbnail","hentry"],"featured_image_src":"https:\/\/naturalpharmaceuticals.eu\/wp-content\/uploads\/sites\/2\/2020\/12\/PL_banner_760x300_v3_3_Natural_Pharmaceuticals_OmegaMarine_Junior.jpg","yoast_head":"<!-- This site is optimized with the Yoast SEO plugin v24.4 - https:\/\/yoast.com\/wordpress\/plugins\/seo\/ -->\n<title>OmegaMarine\u2122 Junior+ - Natural Pharmaceuticals<\/title>\n<meta name=\"robots\" content=\"index, follow, max-snippet:-1, max-image-preview:large, max-video-preview:-1\" \/>\n<link rel=\"canonical\" href=\"https:\/\/naturalpharmaceuticals.eu\/pl\/nasze-suplementy\/omegamarine-junior\/\" \/>\n<meta property=\"og:locale\" content=\"pl_PL\" \/>\n<meta property=\"og:type\" content=\"article\" \/>\n<meta property=\"og:title\" content=\"OmegaMarine\u2122 Junior+ - Natural Pharmaceuticals\" \/>\n<meta property=\"og:description\" content=\"OmegaMarine\u2122 Junior+ Rola, jak\u0105 odgrywaj\u0105 kluczowe sk\u0142adniki OmegaMarine\u2122 Junior+ w organizmie cz\u0142owieka zosta\u0142a potwierdzona w o\u015bwiadczeniach zdrowotnych: Kwas dokozaheksaenowy (DHA) przyczynia si\u0119 do utrzymania prawid\u0142owego widzenia1 oraz prawid\u0142owego funkcjonowania m\u00f3zgu.Kwas dokozaheksaenowy (DHA), jak r\u00f3wnie\u017c eikozapentaenowy (EPA) przyczyniaj\u0105 si\u0119 do prawid\u0142owego&#x2026; Read More OmegaMarine\u2122 Junior+\" \/>\n<meta property=\"og:url\" content=\"https:\/\/naturalpharmaceuticals.eu\/pl\/nasze-suplementy\/omegamarine-junior\/\" \/>\n<meta property=\"og:site_name\" content=\"Natural Pharmaceuticals\" \/>\n<meta property=\"article:modified_time\" content=\"2024-01-04T12:36:25+00:00\" \/>\n<meta property=\"og:image\" content=\"https:\/\/naturalpharmaceuticals.eu\/wp-content\/uploads\/sites\/2\/2020\/12\/PL_banner_760x300_v3_3_Natural_Pharmaceuticals_OmegaMarine_Junior.jpg\" \/>\n\t<meta property=\"og:image:width\" content=\"760\" \/>\n\t<meta property=\"og:image:height\" content=\"300\" \/>\n\t<meta property=\"og:image:type\" content=\"image\/jpeg\" \/>\n<meta name=\"twitter:card\" content=\"summary_large_image\" \/>\n<meta name=\"twitter:label1\" content=\"Szacowany czas czytania\" \/>\n\t<meta name=\"twitter:data1\" content=\"3 minuty\" \/>\n<script type=\"application\/ld+json\" class=\"yoast-schema-graph\">{\"@context\":\"https:\/\/schema.org\",\"@graph\":[{\"@type\":\"WebPage\",\"@id\":\"https:\/\/naturalpharmaceuticals.eu\/pl\/nasze-suplementy\/omegamarine-junior\/\",\"url\":\"https:\/\/naturalpharmaceuticals.eu\/pl\/nasze-suplementy\/omegamarine-junior\/\",\"name\":\"OmegaMarine\u2122 Junior+ - Natural Pharmaceuticals\",\"isPartOf\":{\"@id\":\"https:\/\/naturalpharmaceuticals.eu\/pl\/#website\"},\"primaryImageOfPage\":{\"@id\":\"https:\/\/naturalpharmaceuticals.eu\/pl\/nasze-suplementy\/omegamarine-junior\/#primaryimage\"},\"image\":{\"@id\":\"https:\/\/naturalpharmaceuticals.eu\/pl\/nasze-suplementy\/omegamarine-junior\/#primaryimage\"},\"thumbnailUrl\":\"https:\/\/naturalpharmaceuticals.eu\/wp-content\/uploads\/sites\/2\/2020\/12\/PL_banner_760x300_v3_3_Natural_Pharmaceuticals_OmegaMarine_Junior.jpg\",\"datePublished\":\"2021-03-18T12:15:02+00:00\",\"dateModified\":\"2024-01-04T12:36:25+00:00\",\"breadcrumb\":{\"@id\":\"https:\/\/naturalpharmaceuticals.eu\/pl\/nasze-suplementy\/omegamarine-junior\/#breadcrumb\"},\"inLanguage\":\"pl-PL\",\"potentialAction\":[{\"@type\":\"ReadAction\",\"target\":[\"https:\/\/naturalpharmaceuticals.eu\/pl\/nasze-suplementy\/omegamarine-junior\/\"]}]},{\"@type\":\"ImageObject\",\"inLanguage\":\"pl-PL\",\"@id\":\"https:\/\/naturalpharmaceuticals.eu\/pl\/nasze-suplementy\/omegamarine-junior\/#primaryimage\",\"url\":\"https:\/\/naturalpharmaceuticals.eu\/wp-content\/uploads\/sites\/2\/2020\/12\/PL_banner_760x300_v3_3_Natural_Pharmaceuticals_OmegaMarine_Junior.jpg\",\"contentUrl\":\"https:\/\/naturalpharmaceuticals.eu\/wp-content\/uploads\/sites\/2\/2020\/12\/PL_banner_760x300_v3_3_Natural_Pharmaceuticals_OmegaMarine_Junior.jpg\",\"width\":760,\"height\":300},{\"@type\":\"BreadcrumbList\",\"@id\":\"https:\/\/naturalpharmaceuticals.eu\/pl\/nasze-suplementy\/omegamarine-junior\/#breadcrumb\",\"itemListElement\":[{\"@type\":\"ListItem\",\"position\":1,\"name\":\"Home\",\"item\":\"https:\/\/naturalpharmaceuticals.eu\/pl\/\"},{\"@type\":\"ListItem\",\"position\":2,\"name\":\"Nasze suplementy\",\"item\":\"https:\/\/naturalpharmaceuticals.eu\/pl\/nasze-suplementy\/\"},{\"@type\":\"ListItem\",\"position\":3,\"name\":\"OmegaMarine\u2122 Junior+\"}]},{\"@type\":\"WebSite\",\"@id\":\"https:\/\/naturalpharmaceuticals.eu\/pl\/#website\",\"url\":\"https:\/\/naturalpharmaceuticals.eu\/pl\/\",\"name\":\"Natural Pharmaceuticals\",\"description\":\"\",\"publisher\":{\"@id\":\"https:\/\/naturalpharmaceuticals.eu\/pl\/#organization\"},\"potentialAction\":[{\"@type\":\"SearchAction\",\"target\":{\"@type\":\"EntryPoint\",\"urlTemplate\":\"https:\/\/naturalpharmaceuticals.eu\/pl\/?s={search_term_string}\"},\"query-input\":{\"@type\":\"PropertyValueSpecification\",\"valueRequired\":true,\"valueName\":\"search_term_string\"}}],\"inLanguage\":\"pl-PL\"},{\"@type\":\"Organization\",\"@id\":\"https:\/\/naturalpharmaceuticals.eu\/pl\/#organization\",\"name\":\"Natural Pharmaceuticals\",\"url\":\"https:\/\/naturalpharmaceuticals.eu\/pl\/\",\"logo\":{\"@type\":\"ImageObject\",\"inLanguage\":\"pl-PL\",\"@id\":\"https:\/\/naturalpharmaceuticals.eu\/pl\/#\/schema\/logo\/image\/\",\"url\":\"https:\/\/naturalpharmaceuticals.eu\/wp-content\/uploads\/sites\/2\/2020\/11\/cropped-natural-pharmaceuticals-logo.png\",\"contentUrl\":\"https:\/\/naturalpharmaceuticals.eu\/wp-content\/uploads\/sites\/2\/2020\/11\/cropped-natural-pharmaceuticals-logo.png\",\"width\":900,\"height\":323,\"caption\":\"Natural Pharmaceuticals\"},\"image\":{\"@id\":\"https:\/\/naturalpharmaceuticals.eu\/pl\/#\/schema\/logo\/image\/\"}}]}<\/script>\n<!-- \/ Yoast SEO plugin. -->","yoast_head_json":{"title":"OmegaMarine\u2122 Junior+ - Natural Pharmaceuticals","robots":{"index":"index","follow":"follow","max-snippet":"max-snippet:-1","max-image-preview":"max-image-preview:large","max-video-preview":"max-video-preview:-1"},"canonical":"https:\/\/naturalpharmaceuticals.eu\/pl\/nasze-suplementy\/omegamarine-junior\/","og_locale":"pl_PL","og_type":"article","og_title":"OmegaMarine\u2122 Junior+ - Natural Pharmaceuticals","og_description":"OmegaMarine\u2122 Junior+ Rola, jak\u0105 odgrywaj\u0105 kluczowe sk\u0142adniki OmegaMarine\u2122 Junior+ w organizmie cz\u0142owieka zosta\u0142a potwierdzona w o\u015bwiadczeniach zdrowotnych: Kwas dokozaheksaenowy (DHA) przyczynia si\u0119 do utrzymania prawid\u0142owego widzenia1 oraz prawid\u0142owego funkcjonowania m\u00f3zgu.Kwas dokozaheksaenowy (DHA), jak r\u00f3wnie\u017c eikozapentaenowy (EPA) przyczyniaj\u0105 si\u0119 do prawid\u0142owego&#x2026; Read More OmegaMarine\u2122 Junior+","og_url":"https:\/\/naturalpharmaceuticals.eu\/pl\/nasze-suplementy\/omegamarine-junior\/","og_site_name":"Natural Pharmaceuticals","article_modified_time":"2024-01-04T12:36:25+00:00","og_image":[{"width":760,"height":300,"url":"https:\/\/naturalpharmaceuticals.eu\/wp-content\/uploads\/sites\/2\/2020\/12\/PL_banner_760x300_v3_3_Natural_Pharmaceuticals_OmegaMarine_Junior.jpg","type":"image\/jpeg"}],"twitter_card":"summary_large_image","twitter_misc":{"Szacowany czas czytania":"3 minuty"},"schema":{"@context":"https:\/\/schema.org","@graph":[{"@type":"WebPage","@id":"https:\/\/naturalpharmaceuticals.eu\/pl\/nasze-suplementy\/omegamarine-junior\/","url":"https:\/\/naturalpharmaceuticals.eu\/pl\/nasze-suplementy\/omegamarine-junior\/","name":"OmegaMarine\u2122 Junior+ - Natural Pharmaceuticals","isPartOf":{"@id":"https:\/\/naturalpharmaceuticals.eu\/pl\/#website"},"primaryImageOfPage":{"@id":"https:\/\/naturalpharmaceuticals.eu\/pl\/nasze-suplementy\/omegamarine-junior\/#primaryimage"},"image":{"@id":"https:\/\/naturalpharmaceuticals.eu\/pl\/nasze-suplementy\/omegamarine-junior\/#primaryimage"},"thumbnailUrl":"https:\/\/naturalpharmaceuticals.eu\/wp-content\/uploads\/sites\/2\/2020\/12\/PL_banner_760x300_v3_3_Natural_Pharmaceuticals_OmegaMarine_Junior.jpg","datePublished":"2021-03-18T12:15:02+00:00","dateModified":"2024-01-04T12:36:25+00:00","breadcrumb":{"@id":"https:\/\/naturalpharmaceuticals.eu\/pl\/nasze-suplementy\/omegamarine-junior\/#breadcrumb"},"inLanguage":"pl-PL","potentialAction":[{"@type":"ReadAction","target":["https:\/\/naturalpharmaceuticals.eu\/pl\/nasze-suplementy\/omegamarine-junior\/"]}]},{"@type":"ImageObject","inLanguage":"pl-PL","@id":"https:\/\/naturalpharmaceuticals.eu\/pl\/nasze-suplementy\/omegamarine-junior\/#primaryimage","url":"https:\/\/naturalpharmaceuticals.eu\/wp-content\/uploads\/sites\/2\/2020\/12\/PL_banner_760x300_v3_3_Natural_Pharmaceuticals_OmegaMarine_Junior.jpg","contentUrl":"https:\/\/naturalpharmaceuticals.eu\/wp-content\/uploads\/sites\/2\/2020\/12\/PL_banner_760x300_v3_3_Natural_Pharmaceuticals_OmegaMarine_Junior.jpg","width":760,"height":300},{"@type":"BreadcrumbList","@id":"https:\/\/naturalpharmaceuticals.eu\/pl\/nasze-suplementy\/omegamarine-junior\/#breadcrumb","itemListElement":[{"@type":"ListItem","position":1,"name":"Home","item":"https:\/\/naturalpharmaceuticals.eu\/pl\/"},{"@type":"ListItem","position":2,"name":"Nasze suplementy","item":"https:\/\/naturalpharmaceuticals.eu\/pl\/nasze-suplementy\/"},{"@type":"ListItem","position":3,"name":"OmegaMarine\u2122 Junior+"}]},{"@type":"WebSite","@id":"https:\/\/naturalpharmaceuticals.eu\/pl\/#website","url":"https:\/\/naturalpharmaceuticals.eu\/pl\/","name":"Natural Pharmaceuticals","description":"","publisher":{"@id":"https:\/\/naturalpharmaceuticals.eu\/pl\/#organization"},"potentialAction":[{"@type":"SearchAction","target":{"@type":"EntryPoint","urlTemplate":"https:\/\/naturalpharmaceuticals.eu\/pl\/?s={search_term_string}"},"query-input":{"@type":"PropertyValueSpecification","valueRequired":true,"valueName":"search_term_string"}}],"inLanguage":"pl-PL"},{"@type":"Organization","@id":"https:\/\/naturalpharmaceuticals.eu\/pl\/#organization","name":"Natural Pharmaceuticals","url":"https:\/\/naturalpharmaceuticals.eu\/pl\/","logo":{"@type":"ImageObject","inLanguage":"pl-PL","@id":"https:\/\/naturalpharmaceuticals.eu\/pl\/#\/schema\/logo\/image\/","url":"https:\/\/naturalpharmaceuticals.eu\/wp-content\/uploads\/sites\/2\/2020\/11\/cropped-natural-pharmaceuticals-logo.png","contentUrl":"https:\/\/naturalpharmaceuticals.eu\/wp-content\/uploads\/sites\/2\/2020\/11\/cropped-natural-pharmaceuticals-logo.png","width":900,"height":323,"caption":"Natural Pharmaceuticals"},"image":{"@id":"https:\/\/naturalpharmaceuticals.eu\/pl\/#\/schema\/logo\/image\/"}}]}},"jetpack_sharing_enabled":true,"_links":{"self":[{"href":"https:\/\/naturalpharmaceuticals.eu\/pl\/wp-json\/wp\/v2\/pages\/3091","targetHints":{"allow":["GET"]}}],"collection":[{"href":"https:\/\/naturalpharmaceuticals.eu\/pl\/wp-json\/wp\/v2\/pages"}],"about":[{"href":"https:\/\/naturalpharmaceuticals.eu\/pl\/wp-json\/wp\/v2\/types\/page"}],"author":[{"embeddable":true,"href":"https:\/\/naturalpharmaceuticals.eu\/pl\/wp-json\/wp\/v2\/users\/1"}],"replies":[{"embeddable":true,"href":"https:\/\/naturalpharmaceuticals.eu\/pl\/wp-json\/wp\/v2\/comments?post=3091"}],"version-history":[{"count":18,"href":"https:\/\/naturalpharmaceuticals.eu\/pl\/wp-json\/wp\/v2\/pages\/3091\/revisions"}],"predecessor-version":[{"id":22224,"href":"https:\/\/naturalpharmaceuticals.eu\/pl\/wp-json\/wp\/v2\/pages\/3091\/revisions\/22224"}],"up":[{"embeddable":true,"href":"https:\/\/naturalpharmaceuticals.eu\/pl\/wp-json\/wp\/v2\/pages\/2832"}],"wp:featuredmedia":[{"embeddable":true,"href":"https:\/\/naturalpharmaceuticals.eu\/pl\/wp-json\/wp\/v2\/media\/2842"}],"wp:attachment":[{"href":"https:\/\/naturalpharmaceuticals.eu\/pl\/wp-json\/wp\/v2\/media?parent=3091"}],"curies":[{"name":"wp","href":"https:\/\/api.w.org\/{rel}","templated":true}]}}