{"id":3099,"date":"2021-03-18T13:02:06","date_gmt":"2021-03-18T13:02:06","guid":{"rendered":"https:\/\/naturalpharmaceuticals.eu\/?page_id=3099"},"modified":"2025-10-08T14:08:10","modified_gmt":"2025-10-08T14:08:10","slug":"vistan","status":"publish","type":"page","link":"https:\/\/naturalpharmaceuticals.eu\/pl\/nasze-suplementy\/vistan\/","title":{"rendered":"Vistan"},"content":{"rendered":"\n<div class=\"wp-block-group\"><div class=\"wp-block-group__inner-container is-layout-flow wp-block-group-is-layout-flow\">\n<div class=\"wp-block-columns is-layout-flex wp-container-core-columns-is-layout-1 wp-block-columns-is-layout-flex\">\n<div class=\"wp-block-column is-layout-flow wp-block-column-is-layout-flow\">\n<figure class=\"wp-block-image size-full sticky\"><img loading=\"lazy\" decoding=\"async\" width=\"768\" height=\"768\" src=\"https:\/\/naturalpharmaceuticals.eu\/wp-content\/uploads\/sites\/2\/2025\/10\/VI_www_768x768.png\" alt=\"\" class=\"wp-image-36576\" srcset=\"https:\/\/naturalpharmaceuticals.eu\/wp-content\/uploads\/sites\/2\/2025\/10\/VI_www_768x768.png 768w, https:\/\/naturalpharmaceuticals.eu\/wp-content\/uploads\/sites\/2\/2025\/10\/VI_www_768x768-300x300.png 300w, https:\/\/naturalpharmaceuticals.eu\/wp-content\/uploads\/sites\/2\/2025\/10\/VI_www_768x768-150x150.png 150w, https:\/\/naturalpharmaceuticals.eu\/wp-content\/uploads\/sites\/2\/2025\/10\/VI_www_768x768-200x200.png 200w\" sizes=\"auto, (max-width: 768px) 100vw, 768px\" \/><\/figure>\n<\/div>\n\n\n\n<div class=\"wp-block-column product-info-frame is-layout-flow wp-block-column-is-layout-flow\">\n<p style=\"font-size:18px\"><strong>Vistan<\/strong><\/p>\n\n\n\n<ul class=\"wp-block-list\">\n<li>Suplement diety dla Twoich oczu<\/li>\n\n\n\n<li>Wsparcie dla suchych i zm\u0119czonych oczu<\/li>\n\n\n\n<li>Pomaga zachowa\u0107 prawid\u0142owe nawil\u017cenie oczu<\/li>\n\n\n\n<li>Produkt idealny dla os\u00f3b, kt\u00f3re sp\u0119dzaj\u0105 du\u017co czasu przed monitorem komputera lub telewizorem<\/li>\n\n\n\n<li>Sk\u0142adniki o udokumentowanym pochodzeniu, kt\u00f3re wspieraj\u0105 zachowanie dobrego wzroku<\/li>\n\n\n\n<li>Wyprodukowany w Norwegii<\/li>\n<\/ul>\n\n\n\n<p><\/p>\n<\/div>\n<\/div>\n<\/div><\/div>\n\n\n\n<div class=\"packshot-bg-wrapper\"><div class=\"full-width-inside-container packshot-bg packshot-bg-vi\"><\/div><\/div>\n\n\n\n<p>Rola, jak\u0105 odgrywaj\u0105 sk\u0142adniki Vistanu w organizmie cz\u0142owieka zosta\u0142a potwierdzona w o\u015bwiadczeniach zdrowotnych:<\/p>\n\n\n\n<p>Witamin A i cynk pomagaj\u0105&nbsp; w utrzymaniu prawid\u0142owego widzenia.<br>Cynk przyczynia si\u0119 do utrzymania prawid\u0142owego metabolizmu witaminy A.<br>Mied\u017a pomaga w utrzymaniu prawid\u0142owego stanu tkanek \u0142\u0105cznych.<\/p>\n\n\n<div role=\"tabpanel\" class=\"wp-block-ub-tabbed-content-tab-content-wrap ub-hide\"\n        id=\"ub-tabbed-content--panel-0\" aria-labelledby=\"ub-tabbed-content--tab-0\" tabindex=\"0\">\n\n<p><a href=\"https:\/\/nordicmed.natural.pl\/?page_id=326\">Preview in new tab(opens in a new tab)<\/a><\/p>\n\n\n\n<p>reviews<\/p>\n\n<\/div>\n\n<div role=\"tabpanel\" class=\"wp-block-ub-tabbed-content-tab-content-wrap ub-hide\"\n        id=\"ub-tabbed-content--panel-1\" aria-labelledby=\"ub-tabbed-content--tab-1\" tabindex=\"0\">\n\n<p><\/p>\n\n<\/div>\n\n<div role=\"tabpanel\" class=\"wp-block-ub-tabbed-content-tab-content-wrap ub-hide\"\n        id=\"ub-tabbed-content--panel-2\" aria-labelledby=\"ub-tabbed-content--tab-2\" tabindex=\"0\">\n\n<p><\/p>\n\n<\/div>\n\n<div class=\"wp-block-ub-tabbed-content-block wp-block-ub-tabbed-content wp-block-ub-tabbed-content-holder wp-block-ub-tabbed-content-horizontal-holder-mobile wp-block-ub-tabbed-content-horizontal-holder-tablet\" id=\"ub-tabbed-content-aa0d7efc-102c-4693-bb18-f1f13357c7a9\">\n\t\t\t<div class=\"wp-block-ub-tabbed-content-tab-holder horizontal-tab-width-mobile horizontal-tab-width-tablet\">\n\t\t\t\t<div role=\"tablist\" class=\"wp-block-ub-tabbed-content-tabs-title wp-block-ub-tabbed-content-tabs-title-mobile-horizontal-tab wp-block-ub-tabbed-content-tabs-title-tablet-horizontal-tab\"><div role=\"tab\" id=\"ub-tabbed-content-aa0d7efc-102c-4693-bb18-f1f13357c7a9-tab-0\" aria-controls=\"ub-tabbed-content-aa0d7efc-102c-4693-bb18-f1f13357c7a9-panel-0\" aria-selected=\"true\" class=\"wp-block-ub-tabbed-content-tab-title-wrap active\" style=\"\" tabindex=\"-1\">\n\t\t\t\t<div class=\"wp-block-ub-tabbed-content-tab-title\">Szczeg\u00f3\u0142owe informacje o suplemencie diety<\/div>\n\t\t\t<\/div><\/div>\n\t\t\t<\/div>\n\t\t\t<div class=\"wp-block-ub-tabbed-content-tabs-content\" style=\"\"><div role=\"tabpanel\" class=\"wp-block-ub-tabbed-content-tab-content-wrap active\"\n        id=\"ub-tabbed-content-aa0d7efc-102c-4693-bb18-f1f13357c7a9-panel-0\" aria-labelledby=\"ub-tabbed-content-aa0d7efc-102c-4693-bb18-f1f13357c7a9-tab-0\" tabindex=\"0\">\n\n<p>Vistan<\/p>\n\n\n\n<figure class=\"wp-block-table is-style-borders\"><table class=\"has-fixed-layout\"><tbody><tr><td><strong>Sk\u0142ad<\/strong><\/td><td><strong>Ilo\u015b\u0107 w dw\u00f3ch kapsu\u0142kach<\/strong><\/td><td><strong>%RWS*<\/strong><\/td><\/tr><tr><td>Owoc bor\u00f3wki czarnej, w tym:<br>antocyjany<\/td><td>250 mg<br><br>2,50 mg<\/td><td>\u2013<br><br>\u2013<\/td><\/tr><tr><td>Ekstrakt z kwiatu nagietka lekarskiego, w tym:<br>luteina<br>zeaksantyna<\/td><td>10 mg<br><br><br>2,3 mg<br>50 \u03bcg<\/td><td>\u2013<br><br><br>\u2013<br>\u2013<\/td><\/tr><tr><td>Cynk<\/td><td>15,5 mg<\/td><td>155<\/td><\/tr><tr><td>Ekstrakt z ziela sza\u0142wii lekarskiej<\/td><td>50 mg<\/td><td>\u2013<\/td><\/tr><tr><td>Witamina A<\/td><td>750 \u03bcg<\/td><td>94<\/td><\/tr><tr><td>Mied\u017a<\/td><td>2,5 mg<\/td><td>250<\/td><\/tr><tr><td>\u017belazo<\/td><td>13 mg<\/td><td>93<\/td><\/tr><tr><td>Witamina E<\/td><td>12 mg<\/td><td>100<\/td><\/tr><tr><td>Selen<\/td><td>55 \u03bcg<\/td><td>100<\/td><\/tr><\/tbody><\/table><\/figure>\n\n\n\n<p>* RWS \u2013 Referencyjne Warto\u015bci Spo\u017cycia<\/p>\n\n\n\n<p><strong>Sk\u0142adniki<\/strong>: maltodekstryna, ekstrakt z owoc\u00f3w bor\u00f3wki czarnej (Vaccinium myrtillus L.) standaryzowany na 1% zawarto\u015b\u0107 antocyjan\u00f3w, \u017celatyna wo\u0142owa, \u017celazo [diglicynian \u017celaza (II)], cynk (cytrynian cynku), ekstrakt z ziela sza\u0142wii lekarskiej (Salvia officinalis L.), witamina E (octan D-alfa-tokoferylu), selen (dro\u017cd\u017ce wzbogacone w selen), ekstrakt z kwiatu nagietka lekarskiego (Calendula officinalis L.) standaryzowany na 20% zawarto\u015b\u0107 luteiny, o zawarto\u015bci 50 \u00b5g zeaksantyny, substancje przeciwzbrylaj\u0105ce (dwutlenek krzemu, sole magnezowe kwas\u00f3w t\u0142uszczowych, fosforany wapnia), mied\u017a (siarczan miedzi (II), witamina A (octan retinylu).<\/p>\n\n\n\n<p><strong>Vistan \u2013 dwie kapsu\u0142ki dziennie<\/strong><\/p>\n\n\n\n<p><strong>Zastosowanie:<\/strong> Celem produktu jest uzupe\u0142nienie diety w sk\u0142adniki, kt\u00f3re pomagaj\u0105 w utrzymaniu prawid\u0142owego widzenia<\/p>\n\n\n\n<p><strong>Porcja produktu zalecana do spo\u017cycia w ci\u0105gu dnia:<\/strong> 2 kapsu\u0142ki dziennie.<\/p>\n\n\n\n<p><strong>Ilo\u015b\u0107 netto<\/strong>: 36 g (60 kapsu\u0142ek po 0,6 g ka\u017cda)<\/p>\n\n\n\n<p>Nie nale\u017cy przekracza\u0107 zalecanej porcji do spo\u017cycia w ci\u0105gu dnia. Suplementy diety nie mog\u0105 by\u0107 stosowane jako substytut (zamiennik) zr\u00f3\u017cnicowanej diety. Bardzo wa\u017cny jest zr\u00f3wnowa\u017cony spos\u00f3b \u017cywienia i zdrowy tryb \u017cycia. Osoby przyjmuj\u0105ce leki oraz kobiety w ci\u0105\u017cy i karmi\u0105ce piersi\u0105 przed spo\u017cyciem tego \u015brodka spo\u017cywczego powinny skonsultowa\u0107 si\u0119 lekarzem. Nie nale\u017cy stosowa\u0107 w przypadku uczulenia na kt\u00f3rykolwiek ze sk\u0142adnik\u00f3w. Nie podawa\u0107 dzieciom poni\u017cej 14 roku \u017cycia.<\/p>\n\n\n\n<p><strong>Najlepiej spo\u017cy\u0107 przed ko\u0144cem: <\/strong>na opakowaniu<\/p>\n\n\n\n<p><strong>Numer partii produkcyjnej: <\/strong>na opakowaniu<\/p>\n\n\n\n<p><strong>Przechowywanie:<\/strong> Przechowywa\u0107 w temperaturze poni\u017cej 25\u00b0C miejscu w spos\u00f3b niedost\u0119pny dla ma\u0142ych dzieci. Chroni\u0107 przed \u015bwiat\u0142em i wilgoci\u0105<\/p>\n\n\n\n<p><strong>Wyprodukowano w Norwegii<\/strong> <strong>przez Pharmatech A.S.<\/strong><\/p>\n\n\n\n<p><strong>Dystrybutor:<\/strong><br>Natural Pharmaceuticals Sp. z o.o.,<br>ul. Domaniewska 28,<br>02-672 Warszawa<\/p>\n\n\n\n<p><\/p>\n\n<\/div><\/div>\n\t\t<\/div>\n\n\n<figure class=\"wp-block-image alignfull size-full\"><img loading=\"lazy\" decoding=\"async\" width=\"1520\" height=\"501\" src=\"https:\/\/naturalpharmaceuticals.eu\/wp-content\/uploads\/sites\/2\/2021\/04\/Natural_Pharmaceuticals_Vistan_IMG_0093_vistan_a.jpg\" alt=\"\" class=\"wp-image-3426\" srcset=\"https:\/\/naturalpharmaceuticals.eu\/wp-content\/uploads\/sites\/2\/2021\/04\/Natural_Pharmaceuticals_Vistan_IMG_0093_vistan_a.jpg 1520w, https:\/\/naturalpharmaceuticals.eu\/wp-content\/uploads\/sites\/2\/2021\/04\/Natural_Pharmaceuticals_Vistan_IMG_0093_vistan_a-300x99.jpg 300w, https:\/\/naturalpharmaceuticals.eu\/wp-content\/uploads\/sites\/2\/2021\/04\/Natural_Pharmaceuticals_Vistan_IMG_0093_vistan_a-1024x338.jpg 1024w, https:\/\/naturalpharmaceuticals.eu\/wp-content\/uploads\/sites\/2\/2021\/04\/Natural_Pharmaceuticals_Vistan_IMG_0093_vistan_a-768x253.jpg 768w\" sizes=\"auto, (max-width: 1520px) 100vw, 1520px\" \/><\/figure>\n","protected":false},"excerpt":{"rendered":"<p>Vistan Rola, jak\u0105 odgrywaj\u0105 sk\u0142adniki Vistanu w organizmie cz\u0142owieka zosta\u0142a potwierdzona w o\u015bwiadczeniach zdrowotnych: Witamin A i cynk pomagaj\u0105&nbsp; w utrzymaniu prawid\u0142owego widzenia.Cynk przyczynia si\u0119 do utrzymania prawid\u0142owego metabolizmu witaminy A.Mied\u017a pomaga w utrzymaniu prawid\u0142owego stanu tkanek \u0142\u0105cznych.<\/p>\n","protected":false},"author":1,"featured_media":36586,"parent":2832,"menu_order":0,"comment_status":"closed","ping_status":"closed","template":"templates\/grid-full-width-page.php","meta":{"ub_ctt_via":"","footnotes":""},"class_list":["post-3099","page","type-page","status-publish","has-post-thumbnail","hentry"],"featured_image_src":"https:\/\/naturalpharmaceuticals.eu\/wp-content\/uploads\/sites\/2\/2025\/10\/PL_banner_760x300_v3_12_Natural_Pharmaceuticals_Vistan.jpg","yoast_head":"<!-- This site is optimized with the Yoast SEO plugin v24.4 - https:\/\/yoast.com\/wordpress\/plugins\/seo\/ -->\n<title>Vistan - Natural Pharmaceuticals<\/title>\n<meta name=\"robots\" content=\"index, follow, max-snippet:-1, max-image-preview:large, max-video-preview:-1\" \/>\n<link rel=\"canonical\" href=\"https:\/\/naturalpharmaceuticals.eu\/pl\/nasze-suplementy\/vistan\/\" \/>\n<meta property=\"og:locale\" content=\"pl_PL\" \/>\n<meta property=\"og:type\" content=\"article\" \/>\n<meta property=\"og:title\" content=\"Vistan - Natural Pharmaceuticals\" \/>\n<meta property=\"og:description\" content=\"Vistan Rola, jak\u0105 odgrywaj\u0105 sk\u0142adniki Vistanu w organizmie cz\u0142owieka zosta\u0142a potwierdzona w o\u015bwiadczeniach zdrowotnych: Witamin A i cynk pomagaj\u0105&nbsp; w utrzymaniu prawid\u0142owego widzenia.Cynk przyczynia si\u0119 do utrzymania prawid\u0142owego metabolizmu witaminy A.Mied\u017a pomaga w utrzymaniu prawid\u0142owego stanu tkanek \u0142\u0105cznych.\" \/>\n<meta property=\"og:url\" content=\"https:\/\/naturalpharmaceuticals.eu\/pl\/nasze-suplementy\/vistan\/\" \/>\n<meta property=\"og:site_name\" content=\"Natural Pharmaceuticals\" \/>\n<meta property=\"article:modified_time\" content=\"2025-10-08T14:08:10+00:00\" \/>\n<meta property=\"og:image\" content=\"https:\/\/naturalpharmaceuticals.eu\/wp-content\/uploads\/sites\/2\/2025\/10\/PL_banner_760x300_v3_12_Natural_Pharmaceuticals_Vistan.jpg\" \/>\n\t<meta property=\"og:image:width\" content=\"760\" \/>\n\t<meta property=\"og:image:height\" content=\"300\" \/>\n\t<meta property=\"og:image:type\" content=\"image\/jpeg\" \/>\n<meta name=\"twitter:card\" content=\"summary_large_image\" \/>\n<meta name=\"twitter:label1\" content=\"Szacowany czas czytania\" \/>\n\t<meta name=\"twitter:data1\" content=\"3 minuty\" \/>\n<script type=\"application\/ld+json\" class=\"yoast-schema-graph\">{\"@context\":\"https:\/\/schema.org\",\"@graph\":[{\"@type\":\"WebPage\",\"@id\":\"https:\/\/naturalpharmaceuticals.eu\/pl\/nasze-suplementy\/vistan\/\",\"url\":\"https:\/\/naturalpharmaceuticals.eu\/pl\/nasze-suplementy\/vistan\/\",\"name\":\"Vistan - Natural Pharmaceuticals\",\"isPartOf\":{\"@id\":\"https:\/\/naturalpharmaceuticals.eu\/pl\/#website\"},\"primaryImageOfPage\":{\"@id\":\"https:\/\/naturalpharmaceuticals.eu\/pl\/nasze-suplementy\/vistan\/#primaryimage\"},\"image\":{\"@id\":\"https:\/\/naturalpharmaceuticals.eu\/pl\/nasze-suplementy\/vistan\/#primaryimage\"},\"thumbnailUrl\":\"https:\/\/naturalpharmaceuticals.eu\/wp-content\/uploads\/sites\/2\/2025\/10\/PL_banner_760x300_v3_12_Natural_Pharmaceuticals_Vistan.jpg\",\"datePublished\":\"2021-03-18T13:02:06+00:00\",\"dateModified\":\"2025-10-08T14:08:10+00:00\",\"breadcrumb\":{\"@id\":\"https:\/\/naturalpharmaceuticals.eu\/pl\/nasze-suplementy\/vistan\/#breadcrumb\"},\"inLanguage\":\"pl-PL\",\"potentialAction\":[{\"@type\":\"ReadAction\",\"target\":[\"https:\/\/naturalpharmaceuticals.eu\/pl\/nasze-suplementy\/vistan\/\"]}]},{\"@type\":\"ImageObject\",\"inLanguage\":\"pl-PL\",\"@id\":\"https:\/\/naturalpharmaceuticals.eu\/pl\/nasze-suplementy\/vistan\/#primaryimage\",\"url\":\"https:\/\/naturalpharmaceuticals.eu\/wp-content\/uploads\/sites\/2\/2025\/10\/PL_banner_760x300_v3_12_Natural_Pharmaceuticals_Vistan.jpg\",\"contentUrl\":\"https:\/\/naturalpharmaceuticals.eu\/wp-content\/uploads\/sites\/2\/2025\/10\/PL_banner_760x300_v3_12_Natural_Pharmaceuticals_Vistan.jpg\",\"width\":760,\"height\":300},{\"@type\":\"BreadcrumbList\",\"@id\":\"https:\/\/naturalpharmaceuticals.eu\/pl\/nasze-suplementy\/vistan\/#breadcrumb\",\"itemListElement\":[{\"@type\":\"ListItem\",\"position\":1,\"name\":\"Home\",\"item\":\"https:\/\/naturalpharmaceuticals.eu\/pl\/\"},{\"@type\":\"ListItem\",\"position\":2,\"name\":\"Nasze suplementy\",\"item\":\"https:\/\/naturalpharmaceuticals.eu\/pl\/nasze-suplementy\/\"},{\"@type\":\"ListItem\",\"position\":3,\"name\":\"Vistan\"}]},{\"@type\":\"WebSite\",\"@id\":\"https:\/\/naturalpharmaceuticals.eu\/pl\/#website\",\"url\":\"https:\/\/naturalpharmaceuticals.eu\/pl\/\",\"name\":\"Natural Pharmaceuticals\",\"description\":\"\",\"publisher\":{\"@id\":\"https:\/\/naturalpharmaceuticals.eu\/pl\/#organization\"},\"potentialAction\":[{\"@type\":\"SearchAction\",\"target\":{\"@type\":\"EntryPoint\",\"urlTemplate\":\"https:\/\/naturalpharmaceuticals.eu\/pl\/?s={search_term_string}\"},\"query-input\":{\"@type\":\"PropertyValueSpecification\",\"valueRequired\":true,\"valueName\":\"search_term_string\"}}],\"inLanguage\":\"pl-PL\"},{\"@type\":\"Organization\",\"@id\":\"https:\/\/naturalpharmaceuticals.eu\/pl\/#organization\",\"name\":\"Natural Pharmaceuticals\",\"url\":\"https:\/\/naturalpharmaceuticals.eu\/pl\/\",\"logo\":{\"@type\":\"ImageObject\",\"inLanguage\":\"pl-PL\",\"@id\":\"https:\/\/naturalpharmaceuticals.eu\/pl\/#\/schema\/logo\/image\/\",\"url\":\"https:\/\/naturalpharmaceuticals.eu\/wp-content\/uploads\/sites\/2\/2020\/11\/cropped-natural-pharmaceuticals-logo.png\",\"contentUrl\":\"https:\/\/naturalpharmaceuticals.eu\/wp-content\/uploads\/sites\/2\/2020\/11\/cropped-natural-pharmaceuticals-logo.png\",\"width\":900,\"height\":323,\"caption\":\"Natural Pharmaceuticals\"},\"image\":{\"@id\":\"https:\/\/naturalpharmaceuticals.eu\/pl\/#\/schema\/logo\/image\/\"}}]}<\/script>\n<!-- \/ Yoast SEO plugin. -->","yoast_head_json":{"title":"Vistan - Natural Pharmaceuticals","robots":{"index":"index","follow":"follow","max-snippet":"max-snippet:-1","max-image-preview":"max-image-preview:large","max-video-preview":"max-video-preview:-1"},"canonical":"https:\/\/naturalpharmaceuticals.eu\/pl\/nasze-suplementy\/vistan\/","og_locale":"pl_PL","og_type":"article","og_title":"Vistan - Natural Pharmaceuticals","og_description":"Vistan Rola, jak\u0105 odgrywaj\u0105 sk\u0142adniki Vistanu w organizmie cz\u0142owieka zosta\u0142a potwierdzona w o\u015bwiadczeniach zdrowotnych: Witamin A i cynk pomagaj\u0105&nbsp; w utrzymaniu prawid\u0142owego widzenia.Cynk przyczynia si\u0119 do utrzymania prawid\u0142owego metabolizmu witaminy A.Mied\u017a pomaga w utrzymaniu prawid\u0142owego stanu tkanek \u0142\u0105cznych.","og_url":"https:\/\/naturalpharmaceuticals.eu\/pl\/nasze-suplementy\/vistan\/","og_site_name":"Natural Pharmaceuticals","article_modified_time":"2025-10-08T14:08:10+00:00","og_image":[{"width":760,"height":300,"url":"https:\/\/naturalpharmaceuticals.eu\/wp-content\/uploads\/sites\/2\/2025\/10\/PL_banner_760x300_v3_12_Natural_Pharmaceuticals_Vistan.jpg","type":"image\/jpeg"}],"twitter_card":"summary_large_image","twitter_misc":{"Szacowany czas czytania":"3 minuty"},"schema":{"@context":"https:\/\/schema.org","@graph":[{"@type":"WebPage","@id":"https:\/\/naturalpharmaceuticals.eu\/pl\/nasze-suplementy\/vistan\/","url":"https:\/\/naturalpharmaceuticals.eu\/pl\/nasze-suplementy\/vistan\/","name":"Vistan - Natural Pharmaceuticals","isPartOf":{"@id":"https:\/\/naturalpharmaceuticals.eu\/pl\/#website"},"primaryImageOfPage":{"@id":"https:\/\/naturalpharmaceuticals.eu\/pl\/nasze-suplementy\/vistan\/#primaryimage"},"image":{"@id":"https:\/\/naturalpharmaceuticals.eu\/pl\/nasze-suplementy\/vistan\/#primaryimage"},"thumbnailUrl":"https:\/\/naturalpharmaceuticals.eu\/wp-content\/uploads\/sites\/2\/2025\/10\/PL_banner_760x300_v3_12_Natural_Pharmaceuticals_Vistan.jpg","datePublished":"2021-03-18T13:02:06+00:00","dateModified":"2025-10-08T14:08:10+00:00","breadcrumb":{"@id":"https:\/\/naturalpharmaceuticals.eu\/pl\/nasze-suplementy\/vistan\/#breadcrumb"},"inLanguage":"pl-PL","potentialAction":[{"@type":"ReadAction","target":["https:\/\/naturalpharmaceuticals.eu\/pl\/nasze-suplementy\/vistan\/"]}]},{"@type":"ImageObject","inLanguage":"pl-PL","@id":"https:\/\/naturalpharmaceuticals.eu\/pl\/nasze-suplementy\/vistan\/#primaryimage","url":"https:\/\/naturalpharmaceuticals.eu\/wp-content\/uploads\/sites\/2\/2025\/10\/PL_banner_760x300_v3_12_Natural_Pharmaceuticals_Vistan.jpg","contentUrl":"https:\/\/naturalpharmaceuticals.eu\/wp-content\/uploads\/sites\/2\/2025\/10\/PL_banner_760x300_v3_12_Natural_Pharmaceuticals_Vistan.jpg","width":760,"height":300},{"@type":"BreadcrumbList","@id":"https:\/\/naturalpharmaceuticals.eu\/pl\/nasze-suplementy\/vistan\/#breadcrumb","itemListElement":[{"@type":"ListItem","position":1,"name":"Home","item":"https:\/\/naturalpharmaceuticals.eu\/pl\/"},{"@type":"ListItem","position":2,"name":"Nasze suplementy","item":"https:\/\/naturalpharmaceuticals.eu\/pl\/nasze-suplementy\/"},{"@type":"ListItem","position":3,"name":"Vistan"}]},{"@type":"WebSite","@id":"https:\/\/naturalpharmaceuticals.eu\/pl\/#website","url":"https:\/\/naturalpharmaceuticals.eu\/pl\/","name":"Natural Pharmaceuticals","description":"","publisher":{"@id":"https:\/\/naturalpharmaceuticals.eu\/pl\/#organization"},"potentialAction":[{"@type":"SearchAction","target":{"@type":"EntryPoint","urlTemplate":"https:\/\/naturalpharmaceuticals.eu\/pl\/?s={search_term_string}"},"query-input":{"@type":"PropertyValueSpecification","valueRequired":true,"valueName":"search_term_string"}}],"inLanguage":"pl-PL"},{"@type":"Organization","@id":"https:\/\/naturalpharmaceuticals.eu\/pl\/#organization","name":"Natural Pharmaceuticals","url":"https:\/\/naturalpharmaceuticals.eu\/pl\/","logo":{"@type":"ImageObject","inLanguage":"pl-PL","@id":"https:\/\/naturalpharmaceuticals.eu\/pl\/#\/schema\/logo\/image\/","url":"https:\/\/naturalpharmaceuticals.eu\/wp-content\/uploads\/sites\/2\/2020\/11\/cropped-natural-pharmaceuticals-logo.png","contentUrl":"https:\/\/naturalpharmaceuticals.eu\/wp-content\/uploads\/sites\/2\/2020\/11\/cropped-natural-pharmaceuticals-logo.png","width":900,"height":323,"caption":"Natural Pharmaceuticals"},"image":{"@id":"https:\/\/naturalpharmaceuticals.eu\/pl\/#\/schema\/logo\/image\/"}}]}},"jetpack_sharing_enabled":true,"_links":{"self":[{"href":"https:\/\/naturalpharmaceuticals.eu\/pl\/wp-json\/wp\/v2\/pages\/3099","targetHints":{"allow":["GET"]}}],"collection":[{"href":"https:\/\/naturalpharmaceuticals.eu\/pl\/wp-json\/wp\/v2\/pages"}],"about":[{"href":"https:\/\/naturalpharmaceuticals.eu\/pl\/wp-json\/wp\/v2\/types\/page"}],"author":[{"embeddable":true,"href":"https:\/\/naturalpharmaceuticals.eu\/pl\/wp-json\/wp\/v2\/users\/1"}],"replies":[{"embeddable":true,"href":"https:\/\/naturalpharmaceuticals.eu\/pl\/wp-json\/wp\/v2\/comments?post=3099"}],"version-history":[{"count":8,"href":"https:\/\/naturalpharmaceuticals.eu\/pl\/wp-json\/wp\/v2\/pages\/3099\/revisions"}],"predecessor-version":[{"id":36617,"href":"https:\/\/naturalpharmaceuticals.eu\/pl\/wp-json\/wp\/v2\/pages\/3099\/revisions\/36617"}],"up":[{"embeddable":true,"href":"https:\/\/naturalpharmaceuticals.eu\/pl\/wp-json\/wp\/v2\/pages\/2832"}],"wp:featuredmedia":[{"embeddable":true,"href":"https:\/\/naturalpharmaceuticals.eu\/pl\/wp-json\/wp\/v2\/media\/36586"}],"wp:attachment":[{"href":"https:\/\/naturalpharmaceuticals.eu\/pl\/wp-json\/wp\/v2\/media?parent=3099"}],"curies":[{"name":"wp","href":"https:\/\/api.w.org\/{rel}","templated":true}]}}