{"id":39011,"date":"2026-03-30T10:40:38","date_gmt":"2026-03-30T10:40:38","guid":{"rendered":"https:\/\/naturalpharmaceuticals.eu\/?page_id=39011"},"modified":"2026-03-30T10:40:39","modified_gmt":"2026-03-30T10:40:39","slug":"menoactiv-balance","status":"publish","type":"page","link":"https:\/\/naturalpharmaceuticals.eu\/pl\/nasze-suplementy\/menoactiv-balance\/","title":{"rendered":"MenoActiv\u00a0Balance\u00ae"},"content":{"rendered":"\n<div class=\"wp-block-group\"><div class=\"wp-block-group__inner-container is-layout-flow wp-block-group-is-layout-flow\">\n<div class=\"wp-block-columns is-layout-flex wp-container-core-columns-is-layout-1 wp-block-columns-is-layout-flex\">\n<div class=\"wp-block-column is-layout-flow wp-block-column-is-layout-flow\">\n<figure class=\"wp-block-image size-full sticky\"><img loading=\"lazy\" decoding=\"async\" width=\"768\" height=\"768\" src=\"https:\/\/naturalpharmaceuticals.eu\/wp-content\/uploads\/sites\/2\/2026\/03\/Natural_Pharmaceuticals_MenoActiv__768X768.png\" alt=\"\" class=\"wp-image-39020\" srcset=\"https:\/\/naturalpharmaceuticals.eu\/wp-content\/uploads\/sites\/2\/2026\/03\/Natural_Pharmaceuticals_MenoActiv__768X768.png 768w, https:\/\/naturalpharmaceuticals.eu\/wp-content\/uploads\/sites\/2\/2026\/03\/Natural_Pharmaceuticals_MenoActiv__768X768-300x300.png 300w, https:\/\/naturalpharmaceuticals.eu\/wp-content\/uploads\/sites\/2\/2026\/03\/Natural_Pharmaceuticals_MenoActiv__768X768-150x150.png 150w, https:\/\/naturalpharmaceuticals.eu\/wp-content\/uploads\/sites\/2\/2026\/03\/Natural_Pharmaceuticals_MenoActiv__768X768-200x200.png 200w\" sizes=\"auto, (max-width: 768px) 100vw, 768px\" \/><\/figure>\n<\/div>\n\n\n\n<div class=\"wp-block-column product-info-frame is-layout-flow wp-block-column-is-layout-flow\">\n<p style=\"font-size:18px\"><strong>MenoActiv&nbsp;Balance\u00ae<\/strong><\/p>\n\n\n\n<ul class=\"wp-block-list\">\n<li>8 sk\u0142adnik\u00f3w dla r\u00f3wnowagi kobiecego organizmu przed, w trakcie i po menopauzie&nbsp;<\/li>\n\n\n\n<li>3 ekstrakty ro\u015blinne o dzia\u0142aniu zbli\u017conym do estrogenu&nbsp;(z kie\u0142k\u00f3w soi, z ziela sza\u0142wii lekarskiej oraz z szyszek chmielu)&nbsp;<\/li>\n\n\n\n<li>Pomoc w \u0142agodzeniu uderze\u0144 gor\u0105ca i waha\u0144 nastroju&nbsp;&nbsp;<\/li>\n\n\n\n<li>Naturalne wsparcie dla wyciszenia i jako\u015bci snu&nbsp;&nbsp;&nbsp;<\/li>\n\n\n\n<li>Tylko 1 kapsu\u0142ka dziennie&nbsp;<\/li>\n<\/ul>\n\n\n\n<p><\/p>\n<\/div>\n<\/div>\n<\/div><\/div>\n\n\n\n<div class=\"packshot-bg-wrapper\"><div class=\"full-width-inside-container packshot-bg packshot-bg-ma\"><\/div><\/div>\n\n\n\n<p>MenoActiv&nbsp;Balance\u00ae to suplement diety dla kobiet w okresie menopauzy, wspieraj\u0105cy r\u00f3wnowag\u0119 organizmu i codzienne samopoczucie.&nbsp;<\/p>\n\n\n\n<p>Formu\u0142a \u0142\u0105czy ekstrakty ro\u015blinne, witaminy i minera\u0142y, kt\u00f3re pomagaj\u0105 \u0142agodzi\u0107 objawy menopauzy oraz wspieraj\u0105 uk\u0142ad nerwowy&nbsp;i&nbsp;hormonalny&nbsp;oraz&nbsp;og\u00f3ln\u0105&nbsp;kondycj\u0119 organizmu.&nbsp;<\/p>\n\n\n\n<p>Dzia\u0142anie sk\u0142adnik\u00f3w suplementu diety&nbsp;MenoActiv&nbsp;Balance\u00ae&nbsp;zosta\u0142o udokumentowane w o\u015bwiadczeniach zdrowotnych, pozytywnie zaopiniowanych przez Europejski Urz\u0105d ds. Bezpiecze\u0144stwa \u017bywno\u015bci (EFSA). Zgodnie z nimi:&nbsp;<\/p>\n\n\n\n<p><strong>Niacyna i witamina B6:<\/strong>&nbsp;pomagaj\u0105 w prawid\u0142owym funkcjonowaniu uk\u0142adu nerwowego.&nbsp;<\/p>\n\n\n\n<p><strong>Niacyna, witamina B6 i&nbsp;foliany:&nbsp;<\/strong>pomagaj\u0105 w utrzymaniu prawid\u0142owych funkcji psychologicznych.&nbsp;<\/p>\n\n\n\n<p><strong>Niacyna, witamina B6 i&nbsp;foliany:&nbsp;<\/strong>przyczyniaj\u0105 si\u0119 do zmniejszenia uczucia zm\u0119czenia i znu\u017cenia.&nbsp;<\/p>\n\n\n\n<p><strong>Foliany&nbsp;i witamina B6:&nbsp;<\/strong>pomagaj\u0105 w utrzymaniu prawid\u0142owego metabolizmu&nbsp;homocysteiny.&nbsp;<\/p>\n\n\n\n<p><strong>Cynk:&nbsp;<\/strong>pomaga w utrzymaniu prawid\u0142owych funkcji poznawczych.&nbsp;<\/p>\n\n\n\n<p><strong>Cynk:&nbsp;<\/strong>pomaga zachowa\u0107 zdrowe w\u0142osy i paznokcie.<strong>&nbsp;<\/strong>&nbsp;<\/p>\n\n\n\n<p><strong>Cynk i witamina D:&nbsp;<\/strong>pomagaj\u0105 w utrzymaniu zdrowych ko\u015bci.<strong>&nbsp;<\/strong>&nbsp;<\/p>\n\n\n\n<p><strong>Niacyna i cynk:&nbsp;<\/strong>pomagaj\u0105 zachowa\u0107 zdrow\u0105 sk\u00f3r\u0119.&nbsp;<\/p>\n\n\n\n<p><strong>Witamina D:&nbsp;<\/strong>pomaga w prawid\u0142owym funkcjonowaniu mi\u0119\u015bni.&nbsp;<\/p>\n\n\n<div role=\"tabpanel\" class=\"wp-block-ub-tabbed-content-tab-content-wrap ub-hide\"\n        id=\"ub-tabbed-content--panel-0\" aria-labelledby=\"ub-tabbed-content--tab-0\" tabindex=\"0\">\n\n<p><a href=\"https:\/\/nordicmed.natural.pl\/?page_id=326\">Preview in new tab(opens in a new tab)<\/a><\/p>\n\n\n\n<p>reviews<\/p>\n\n<\/div>\n\n<div role=\"tabpanel\" class=\"wp-block-ub-tabbed-content-tab-content-wrap ub-hide\"\n        id=\"ub-tabbed-content--panel-1\" aria-labelledby=\"ub-tabbed-content--tab-1\" tabindex=\"0\">\n\n<p><\/p>\n\n<\/div>\n\n<div role=\"tabpanel\" class=\"wp-block-ub-tabbed-content-tab-content-wrap ub-hide\"\n        id=\"ub-tabbed-content--panel-2\" aria-labelledby=\"ub-tabbed-content--tab-2\" tabindex=\"0\">\n\n<p><\/p>\n\n<\/div>\n\n<div class=\"wp-block-ub-tabbed-content-block wp-block-ub-tabbed-content wp-block-ub-tabbed-content-holder wp-block-ub-tabbed-content-horizontal-holder-mobile wp-block-ub-tabbed-content-horizontal-holder-tablet\" id=\"ub-tabbed-content-6e17dabd-0fe4-4456-a7e4-1bcfd54a1e50\">\n\t\t\t<div class=\"wp-block-ub-tabbed-content-tab-holder horizontal-tab-width-mobile horizontal-tab-width-tablet\">\n\t\t\t\t<div role=\"tablist\" class=\"wp-block-ub-tabbed-content-tabs-title wp-block-ub-tabbed-content-tabs-title-mobile-horizontal-tab wp-block-ub-tabbed-content-tabs-title-tablet-horizontal-tab\"><div role=\"tab\" id=\"ub-tabbed-content-6e17dabd-0fe4-4456-a7e4-1bcfd54a1e50-tab-0\" aria-controls=\"ub-tabbed-content-6e17dabd-0fe4-4456-a7e4-1bcfd54a1e50-panel-0\" aria-selected=\"true\" class=\"wp-block-ub-tabbed-content-tab-title-wrap active\" style=\"\" tabindex=\"-1\">\n\t\t\t\t<div class=\"wp-block-ub-tabbed-content-tab-title\">Szczeg\u00f3\u0142owe informacje o suplemencie diety<\/div>\n\t\t\t<\/div><\/div>\n\t\t\t<\/div>\n\t\t\t<div class=\"wp-block-ub-tabbed-content-tabs-content\" style=\"\"><div role=\"tabpanel\" class=\"wp-block-ub-tabbed-content-tab-content-wrap active\"\n        id=\"ub-tabbed-content-6e17dabd-0fe4-4456-a7e4-1bcfd54a1e50-panel-0\" aria-labelledby=\"ub-tabbed-content-6e17dabd-0fe4-4456-a7e4-1bcfd54a1e50-tab-0\" tabindex=\"0\">\n\n<p>MenoActiv&nbsp;Balance\u00ae<\/p>\n\n\n\n<figure class=\"wp-block-table is-style-borders\"><table><tbody><tr><th>Sk\u0142ad<\/th><th>1 kapsu\u0142ka<\/th><th>%RWS*<\/th><\/tr><tr><td>Ekstrakt z kie\u0142k\u00f3w soi\u00a0warzywnej\u00a0<br>standaryzowany na\u00a0zawarto\u015b\u0107\u00a0\u00a0<br>40%\u00a0izoflawon\u00f3w\u00a0<\/td><td>100 mg<br><br>40 mg<\/td><td>\u2013<\/td><\/tr><tr><td>Ekstrakt z sza\u0142wii lekarskiej\u00a0<\/td><td>31 mg<\/td><td>\u2013<\/td><\/tr><tr><td>Ekstrakt z szyszek chmielu<\/td><td>30 mg<\/td><td>\u2013<\/td><\/tr><tr><td>Niacyna<\/td><td>16 mg<\/td><td>100%<\/td><\/tr><tr><td>Cynk<\/td><td>10 mg<\/td><td>100%<\/td><\/tr><tr><td>Witamina B6<\/td><td>1,4 mg<\/td><td>100%<\/td><\/tr><tr><td>Kwas foliowy<\/td><td>200 \u00b5g\u00a0<\/td><td>100%<\/td><\/tr><tr><td>Witamina D<\/td><td>5 \u00b5g\u00a0<\/td><td>100%<\/td><\/tr><\/tbody><\/table><\/figure>\n\n\n\n<p>*RWS \u2013 Referencyjne Warto\u015bci Spo\u017cycia<\/p>\n\n\n\n<p><strong>Sk\u0142adniki:\u00a0<\/strong>Ekstrakt z kie\u0142k\u00f3w<strong>\u00a0soi warzywnej\u202f(<em>Glycine\u00a0max<\/em>\u00a0(L.)\u00a0Merr.)<\/strong>\u00a0standaryzowany na zawarto\u015b\u0107 40%\u00a0izoflawon\u00f3w\u00a0DER 50:1,\u00a0hydroksypropylometyloceluloza, substancja zag\u0119szczaj\u0105ca: celuloza, cytrynian cynku, ekstrakt z ziela sza\u0142wii lekarskiej (<em>Salvia\u00a0officinalis<\/em>\u00a0L.) DER 10:1, ekstrakt z szyszek chmielu zwyczajnego (<em>Humulus\u00a0lupulus<\/em>\u00a0L.) DER 10:1, amid kwasu nikotynowego, substancje przeciwzbrylaj\u0105ce: fosforan\u00a0triwapniowy, dwutlenek krzemu; cholekalcyferol, chlorowodorek pirydoksyny, kwas\u00a0pteroilomonoglutaminowy.\u00a0\u00a0<\/p>\n\n\n\n<p><strong>MenoActiv&nbsp;Balance\u00ae \u2013 jedna kapsu\u0142ka dziennie<\/strong>&nbsp;<\/p>\n\n\n\n<p><strong>Zastosowanie:<\/strong>&nbsp;MenoActiv&nbsp;Balance\u00ae to suplement diety wspieraj\u0105cy r\u00f3wnowag\u0119 hormonaln\u0105, samopoczucie oraz zdrowie kobiet w okresie menopauzy i po jej zako\u0144czeniu.&nbsp;<\/p>\n\n\n\n<p><strong>Porcja dzienna:<\/strong>&nbsp;1 kapsu\u0142ka&nbsp;<\/p>\n\n\n\n<p><strong>Dodatkowe informacje<\/strong>&nbsp;<\/p>\n\n\n\n<p><strong>Uwaga:<\/strong>&nbsp;Nie nale\u017cy przekracza\u0107 zalecanej porcji do spo\u017cycia w ci\u0105gu dnia. Suplementy diety nie mog\u0105 by\u0107 stosowane jako substytut (zamiennik) zr\u00f3\u017cnicowanej diety. Bardzo wa\u017cny jest zr\u00f3wnowa\u017cony spos\u00f3b \u017cywienia i zdrowy tryb \u017cycia.&nbsp;<\/p>\n\n\n\n<p>Dieta bogata w&nbsp;izoflawony&nbsp;(zawieraj\u0105ca ro\u015bliny str\u0105czkowe, w tym soj\u0119) nie wymaga suplementacji. U kobiet z chorob\u0105 nowotworow\u0105 stosowa\u0107 tylko po konsultacji z lekarzem. Nie stosowa\u0107 u kobiet w ci\u0105\u017cy i karmi\u0105cych piersi\u0105. U os\u00f3b przyjmuj\u0105cych leki stosowa\u0107 po konsultacji z lekarzem.&nbsp;<\/p>\n\n\n\n<p><strong>Numer partii produkcyjnej:<\/strong>\u202fna opakowaniu&nbsp;&nbsp;<\/p>\n\n\n\n<p><strong>Najlepiej spo\u017cy\u0107 przed&nbsp;ko\u0144cem:<\/strong>\u202fna opakowaniu&nbsp;<\/p>\n\n\n\n<p><strong>Przechowywanie:<\/strong>&nbsp;W suchym, ciemnym i ch\u0142odnym miejscu,&nbsp;w spos\u00f3b&nbsp;niedost\u0119pny&nbsp;dla&nbsp;ma\u0142ych&nbsp;dzieci.&nbsp;<\/p>\n\n\n\n<p><strong>Masa netto:<\/strong>&nbsp;<br>72 g (180 kapsu\u0142ek&nbsp;po 400 mg)&nbsp;<\/p>\n\n\n\n<p><strong>Producent:<\/strong>&nbsp;<br>Pharmatech AS&nbsp;&nbsp;<\/p>\n\n\n\n<p>Vallehellene&nbsp;4&nbsp;&nbsp;<\/p>\n\n\n\n<p>1664 Rolvs\u00f8y,&nbsp;Norwegia&nbsp;<\/p>\n\n\n\n<p><strong>Dystrybutor:<\/strong>&nbsp;<br>Natural&nbsp;Pharmaceuticals&nbsp;Sp. z o.o.,&nbsp;<\/p>\n\n\n\n<p>ul. Domaniewska 28,&nbsp;&nbsp;<\/p>\n\n\n\n<p>02-672 Warszawa, Polska&nbsp;<\/p>\n\n<\/div><\/div>\n\t\t<\/div>\n\n\n<figure class=\"wp-block-image alignfull size-large\"><img loading=\"lazy\" decoding=\"async\" width=\"1024\" height=\"337\" src=\"https:\/\/naturalpharmaceuticals.eu\/wp-content\/uploads\/sites\/2\/2026\/03\/Natural_Pharmaceuticals_MenoActiv_1520X500-1024x337.jpg\" alt=\"\" class=\"wp-image-39031\" srcset=\"https:\/\/naturalpharmaceuticals.eu\/wp-content\/uploads\/sites\/2\/2026\/03\/Natural_Pharmaceuticals_MenoActiv_1520X500-1024x337.jpg 1024w, https:\/\/naturalpharmaceuticals.eu\/wp-content\/uploads\/sites\/2\/2026\/03\/Natural_Pharmaceuticals_MenoActiv_1520X500-300x99.jpg 300w, https:\/\/naturalpharmaceuticals.eu\/wp-content\/uploads\/sites\/2\/2026\/03\/Natural_Pharmaceuticals_MenoActiv_1520X500-768x253.jpg 768w, https:\/\/naturalpharmaceuticals.eu\/wp-content\/uploads\/sites\/2\/2026\/03\/Natural_Pharmaceuticals_MenoActiv_1520X500.jpg 1520w\" sizes=\"auto, (max-width: 1024px) 100vw, 1024px\" \/><\/figure>\n","protected":false},"excerpt":{"rendered":"<p>MenoActiv&nbsp;Balance\u00ae MenoActiv&nbsp;Balance\u00ae to suplement diety dla kobiet w okresie menopauzy, wspieraj\u0105cy r\u00f3wnowag\u0119 organizmu i codzienne samopoczucie.&nbsp; Formu\u0142a \u0142\u0105czy ekstrakty ro\u015blinne, witaminy i minera\u0142y, kt\u00f3re pomagaj\u0105 \u0142agodzi\u0107 objawy menopauzy oraz wspieraj\u0105 uk\u0142ad nerwowy&nbsp;i&nbsp;hormonalny&nbsp;oraz&nbsp;og\u00f3ln\u0105&nbsp;kondycj\u0119 organizmu.&nbsp; Dzia\u0142anie sk\u0142adnik\u00f3w suplementu diety&nbsp;MenoActiv&nbsp;Balance\u00ae&nbsp;zosta\u0142o udokumentowane w o\u015bwiadczeniach&#x2026; <\/p>\n<p class=\"more-link-container th-uppercase\"><a href=\"https:\/\/naturalpharmaceuticals.eu\/pl\/nasze-suplementy\/menoactiv-balance\/\" class=\"more-link\">Read More <span class=\"screen-reader-text\">MenoActiv\u00a0Balance\u00ae<\/span><\/a><\/p>\n","protected":false},"author":9,"featured_media":39041,"parent":2832,"menu_order":0,"comment_status":"closed","ping_status":"closed","template":"templates\/grid-full-width-page.php","meta":{"ub_ctt_via":"","footnotes":""},"class_list":["post-39011","page","type-page","status-publish","has-post-thumbnail","hentry"],"featured_image_src":"https:\/\/naturalpharmaceuticals.eu\/wp-content\/uploads\/sites\/2\/2026\/03\/Natural_Pharmaceuticals_MenoActiv_1520X600.jpg","yoast_head":"<!-- This site is optimized with the Yoast SEO plugin v24.4 - https:\/\/yoast.com\/wordpress\/plugins\/seo\/ -->\n<title>MenoActiv\u00a0Balance\u00ae - Natural Pharmaceuticals<\/title>\n<meta name=\"robots\" content=\"index, follow, max-snippet:-1, max-image-preview:large, max-video-preview:-1\" \/>\n<link rel=\"canonical\" href=\"https:\/\/naturalpharmaceuticals.eu\/pl\/nasze-suplementy\/menoactiv-balance\/\" \/>\n<meta property=\"og:locale\" content=\"pl_PL\" \/>\n<meta property=\"og:type\" content=\"article\" \/>\n<meta property=\"og:title\" content=\"MenoActiv\u00a0Balance\u00ae - Natural Pharmaceuticals\" \/>\n<meta property=\"og:description\" content=\"MenoActiv&nbsp;Balance\u00ae MenoActiv&nbsp;Balance\u00ae to suplement diety dla kobiet w okresie menopauzy, wspieraj\u0105cy r\u00f3wnowag\u0119 organizmu i codzienne samopoczucie.&nbsp; Formu\u0142a \u0142\u0105czy ekstrakty ro\u015blinne, witaminy i minera\u0142y, kt\u00f3re pomagaj\u0105 \u0142agodzi\u0107 objawy menopauzy oraz wspieraj\u0105 uk\u0142ad nerwowy&nbsp;i&nbsp;hormonalny&nbsp;oraz&nbsp;og\u00f3ln\u0105&nbsp;kondycj\u0119 organizmu.&nbsp; Dzia\u0142anie sk\u0142adnik\u00f3w suplementu diety&nbsp;MenoActiv&nbsp;Balance\u00ae&nbsp;zosta\u0142o udokumentowane w o\u015bwiadczeniach&#x2026; Read More MenoActiv\u00a0Balance\u00ae\" \/>\n<meta property=\"og:url\" content=\"https:\/\/naturalpharmaceuticals.eu\/pl\/nasze-suplementy\/menoactiv-balance\/\" \/>\n<meta property=\"og:site_name\" content=\"Natural Pharmaceuticals\" \/>\n<meta property=\"article:modified_time\" content=\"2026-03-30T10:40:39+00:00\" \/>\n<meta property=\"og:image\" content=\"https:\/\/naturalpharmaceuticals.eu\/wp-content\/uploads\/sites\/2\/2026\/03\/Natural_Pharmaceuticals_MenoActiv_1520X600.jpg\" \/>\n\t<meta property=\"og:image:width\" content=\"1520\" \/>\n\t<meta property=\"og:image:height\" content=\"600\" \/>\n\t<meta property=\"og:image:type\" content=\"image\/jpeg\" \/>\n<meta name=\"twitter:card\" content=\"summary_large_image\" \/>\n<meta name=\"twitter:label1\" content=\"Szacowany czas czytania\" \/>\n\t<meta name=\"twitter:data1\" content=\"3 minuty\" \/>\n<script type=\"application\/ld+json\" class=\"yoast-schema-graph\">{\"@context\":\"https:\/\/schema.org\",\"@graph\":[{\"@type\":\"WebPage\",\"@id\":\"https:\/\/naturalpharmaceuticals.eu\/pl\/nasze-suplementy\/menoactiv-balance\/\",\"url\":\"https:\/\/naturalpharmaceuticals.eu\/pl\/nasze-suplementy\/menoactiv-balance\/\",\"name\":\"MenoActiv\u00a0Balance\u00ae - Natural Pharmaceuticals\",\"isPartOf\":{\"@id\":\"https:\/\/naturalpharmaceuticals.eu\/pl\/#website\"},\"primaryImageOfPage\":{\"@id\":\"https:\/\/naturalpharmaceuticals.eu\/pl\/nasze-suplementy\/menoactiv-balance\/#primaryimage\"},\"image\":{\"@id\":\"https:\/\/naturalpharmaceuticals.eu\/pl\/nasze-suplementy\/menoactiv-balance\/#primaryimage\"},\"thumbnailUrl\":\"https:\/\/naturalpharmaceuticals.eu\/wp-content\/uploads\/sites\/2\/2026\/03\/Natural_Pharmaceuticals_MenoActiv_1520X600.jpg\",\"datePublished\":\"2026-03-30T10:40:38+00:00\",\"dateModified\":\"2026-03-30T10:40:39+00:00\",\"breadcrumb\":{\"@id\":\"https:\/\/naturalpharmaceuticals.eu\/pl\/nasze-suplementy\/menoactiv-balance\/#breadcrumb\"},\"inLanguage\":\"pl-PL\",\"potentialAction\":[{\"@type\":\"ReadAction\",\"target\":[\"https:\/\/naturalpharmaceuticals.eu\/pl\/nasze-suplementy\/menoactiv-balance\/\"]}]},{\"@type\":\"ImageObject\",\"inLanguage\":\"pl-PL\",\"@id\":\"https:\/\/naturalpharmaceuticals.eu\/pl\/nasze-suplementy\/menoactiv-balance\/#primaryimage\",\"url\":\"https:\/\/naturalpharmaceuticals.eu\/wp-content\/uploads\/sites\/2\/2026\/03\/Natural_Pharmaceuticals_MenoActiv_1520X600.jpg\",\"contentUrl\":\"https:\/\/naturalpharmaceuticals.eu\/wp-content\/uploads\/sites\/2\/2026\/03\/Natural_Pharmaceuticals_MenoActiv_1520X600.jpg\",\"width\":1520,\"height\":600},{\"@type\":\"BreadcrumbList\",\"@id\":\"https:\/\/naturalpharmaceuticals.eu\/pl\/nasze-suplementy\/menoactiv-balance\/#breadcrumb\",\"itemListElement\":[{\"@type\":\"ListItem\",\"position\":1,\"name\":\"Home\",\"item\":\"https:\/\/naturalpharmaceuticals.eu\/pl\/\"},{\"@type\":\"ListItem\",\"position\":2,\"name\":\"Nasze suplementy\",\"item\":\"https:\/\/naturalpharmaceuticals.eu\/pl\/nasze-suplementy\/\"},{\"@type\":\"ListItem\",\"position\":3,\"name\":\"MenoActiv\u00a0Balance\u00ae\"}]},{\"@type\":\"WebSite\",\"@id\":\"https:\/\/naturalpharmaceuticals.eu\/pl\/#website\",\"url\":\"https:\/\/naturalpharmaceuticals.eu\/pl\/\",\"name\":\"Natural Pharmaceuticals\",\"description\":\"\",\"publisher\":{\"@id\":\"https:\/\/naturalpharmaceuticals.eu\/pl\/#organization\"},\"potentialAction\":[{\"@type\":\"SearchAction\",\"target\":{\"@type\":\"EntryPoint\",\"urlTemplate\":\"https:\/\/naturalpharmaceuticals.eu\/pl\/?s={search_term_string}\"},\"query-input\":{\"@type\":\"PropertyValueSpecification\",\"valueRequired\":true,\"valueName\":\"search_term_string\"}}],\"inLanguage\":\"pl-PL\"},{\"@type\":\"Organization\",\"@id\":\"https:\/\/naturalpharmaceuticals.eu\/pl\/#organization\",\"name\":\"Natural Pharmaceuticals\",\"url\":\"https:\/\/naturalpharmaceuticals.eu\/pl\/\",\"logo\":{\"@type\":\"ImageObject\",\"inLanguage\":\"pl-PL\",\"@id\":\"https:\/\/naturalpharmaceuticals.eu\/pl\/#\/schema\/logo\/image\/\",\"url\":\"https:\/\/naturalpharmaceuticals.eu\/wp-content\/uploads\/sites\/2\/2020\/11\/cropped-natural-pharmaceuticals-logo.png\",\"contentUrl\":\"https:\/\/naturalpharmaceuticals.eu\/wp-content\/uploads\/sites\/2\/2020\/11\/cropped-natural-pharmaceuticals-logo.png\",\"width\":900,\"height\":323,\"caption\":\"Natural Pharmaceuticals\"},\"image\":{\"@id\":\"https:\/\/naturalpharmaceuticals.eu\/pl\/#\/schema\/logo\/image\/\"}}]}<\/script>\n<!-- \/ Yoast SEO plugin. -->","yoast_head_json":{"title":"MenoActiv\u00a0Balance\u00ae - Natural Pharmaceuticals","robots":{"index":"index","follow":"follow","max-snippet":"max-snippet:-1","max-image-preview":"max-image-preview:large","max-video-preview":"max-video-preview:-1"},"canonical":"https:\/\/naturalpharmaceuticals.eu\/pl\/nasze-suplementy\/menoactiv-balance\/","og_locale":"pl_PL","og_type":"article","og_title":"MenoActiv\u00a0Balance\u00ae - Natural Pharmaceuticals","og_description":"MenoActiv&nbsp;Balance\u00ae MenoActiv&nbsp;Balance\u00ae to suplement diety dla kobiet w okresie menopauzy, wspieraj\u0105cy r\u00f3wnowag\u0119 organizmu i codzienne samopoczucie.&nbsp; Formu\u0142a \u0142\u0105czy ekstrakty ro\u015blinne, witaminy i minera\u0142y, kt\u00f3re pomagaj\u0105 \u0142agodzi\u0107 objawy menopauzy oraz wspieraj\u0105 uk\u0142ad nerwowy&nbsp;i&nbsp;hormonalny&nbsp;oraz&nbsp;og\u00f3ln\u0105&nbsp;kondycj\u0119 organizmu.&nbsp; Dzia\u0142anie sk\u0142adnik\u00f3w suplementu diety&nbsp;MenoActiv&nbsp;Balance\u00ae&nbsp;zosta\u0142o udokumentowane w o\u015bwiadczeniach&#x2026; Read More MenoActiv\u00a0Balance\u00ae","og_url":"https:\/\/naturalpharmaceuticals.eu\/pl\/nasze-suplementy\/menoactiv-balance\/","og_site_name":"Natural Pharmaceuticals","article_modified_time":"2026-03-30T10:40:39+00:00","og_image":[{"width":1520,"height":600,"url":"https:\/\/naturalpharmaceuticals.eu\/wp-content\/uploads\/sites\/2\/2026\/03\/Natural_Pharmaceuticals_MenoActiv_1520X600.jpg","type":"image\/jpeg"}],"twitter_card":"summary_large_image","twitter_misc":{"Szacowany czas czytania":"3 minuty"},"schema":{"@context":"https:\/\/schema.org","@graph":[{"@type":"WebPage","@id":"https:\/\/naturalpharmaceuticals.eu\/pl\/nasze-suplementy\/menoactiv-balance\/","url":"https:\/\/naturalpharmaceuticals.eu\/pl\/nasze-suplementy\/menoactiv-balance\/","name":"MenoActiv\u00a0Balance\u00ae - Natural Pharmaceuticals","isPartOf":{"@id":"https:\/\/naturalpharmaceuticals.eu\/pl\/#website"},"primaryImageOfPage":{"@id":"https:\/\/naturalpharmaceuticals.eu\/pl\/nasze-suplementy\/menoactiv-balance\/#primaryimage"},"image":{"@id":"https:\/\/naturalpharmaceuticals.eu\/pl\/nasze-suplementy\/menoactiv-balance\/#primaryimage"},"thumbnailUrl":"https:\/\/naturalpharmaceuticals.eu\/wp-content\/uploads\/sites\/2\/2026\/03\/Natural_Pharmaceuticals_MenoActiv_1520X600.jpg","datePublished":"2026-03-30T10:40:38+00:00","dateModified":"2026-03-30T10:40:39+00:00","breadcrumb":{"@id":"https:\/\/naturalpharmaceuticals.eu\/pl\/nasze-suplementy\/menoactiv-balance\/#breadcrumb"},"inLanguage":"pl-PL","potentialAction":[{"@type":"ReadAction","target":["https:\/\/naturalpharmaceuticals.eu\/pl\/nasze-suplementy\/menoactiv-balance\/"]}]},{"@type":"ImageObject","inLanguage":"pl-PL","@id":"https:\/\/naturalpharmaceuticals.eu\/pl\/nasze-suplementy\/menoactiv-balance\/#primaryimage","url":"https:\/\/naturalpharmaceuticals.eu\/wp-content\/uploads\/sites\/2\/2026\/03\/Natural_Pharmaceuticals_MenoActiv_1520X600.jpg","contentUrl":"https:\/\/naturalpharmaceuticals.eu\/wp-content\/uploads\/sites\/2\/2026\/03\/Natural_Pharmaceuticals_MenoActiv_1520X600.jpg","width":1520,"height":600},{"@type":"BreadcrumbList","@id":"https:\/\/naturalpharmaceuticals.eu\/pl\/nasze-suplementy\/menoactiv-balance\/#breadcrumb","itemListElement":[{"@type":"ListItem","position":1,"name":"Home","item":"https:\/\/naturalpharmaceuticals.eu\/pl\/"},{"@type":"ListItem","position":2,"name":"Nasze suplementy","item":"https:\/\/naturalpharmaceuticals.eu\/pl\/nasze-suplementy\/"},{"@type":"ListItem","position":3,"name":"MenoActiv\u00a0Balance\u00ae"}]},{"@type":"WebSite","@id":"https:\/\/naturalpharmaceuticals.eu\/pl\/#website","url":"https:\/\/naturalpharmaceuticals.eu\/pl\/","name":"Natural Pharmaceuticals","description":"","publisher":{"@id":"https:\/\/naturalpharmaceuticals.eu\/pl\/#organization"},"potentialAction":[{"@type":"SearchAction","target":{"@type":"EntryPoint","urlTemplate":"https:\/\/naturalpharmaceuticals.eu\/pl\/?s={search_term_string}"},"query-input":{"@type":"PropertyValueSpecification","valueRequired":true,"valueName":"search_term_string"}}],"inLanguage":"pl-PL"},{"@type":"Organization","@id":"https:\/\/naturalpharmaceuticals.eu\/pl\/#organization","name":"Natural Pharmaceuticals","url":"https:\/\/naturalpharmaceuticals.eu\/pl\/","logo":{"@type":"ImageObject","inLanguage":"pl-PL","@id":"https:\/\/naturalpharmaceuticals.eu\/pl\/#\/schema\/logo\/image\/","url":"https:\/\/naturalpharmaceuticals.eu\/wp-content\/uploads\/sites\/2\/2020\/11\/cropped-natural-pharmaceuticals-logo.png","contentUrl":"https:\/\/naturalpharmaceuticals.eu\/wp-content\/uploads\/sites\/2\/2020\/11\/cropped-natural-pharmaceuticals-logo.png","width":900,"height":323,"caption":"Natural Pharmaceuticals"},"image":{"@id":"https:\/\/naturalpharmaceuticals.eu\/pl\/#\/schema\/logo\/image\/"}}]}},"jetpack_sharing_enabled":true,"_links":{"self":[{"href":"https:\/\/naturalpharmaceuticals.eu\/pl\/wp-json\/wp\/v2\/pages\/39011","targetHints":{"allow":["GET"]}}],"collection":[{"href":"https:\/\/naturalpharmaceuticals.eu\/pl\/wp-json\/wp\/v2\/pages"}],"about":[{"href":"https:\/\/naturalpharmaceuticals.eu\/pl\/wp-json\/wp\/v2\/types\/page"}],"author":[{"embeddable":true,"href":"https:\/\/naturalpharmaceuticals.eu\/pl\/wp-json\/wp\/v2\/users\/9"}],"replies":[{"embeddable":true,"href":"https:\/\/naturalpharmaceuticals.eu\/pl\/wp-json\/wp\/v2\/comments?post=39011"}],"version-history":[{"count":3,"href":"https:\/\/naturalpharmaceuticals.eu\/pl\/wp-json\/wp\/v2\/pages\/39011\/revisions"}],"predecessor-version":[{"id":39050,"href":"https:\/\/naturalpharmaceuticals.eu\/pl\/wp-json\/wp\/v2\/pages\/39011\/revisions\/39050"}],"up":[{"embeddable":true,"href":"https:\/\/naturalpharmaceuticals.eu\/pl\/wp-json\/wp\/v2\/pages\/2832"}],"wp:featuredmedia":[{"embeddable":true,"href":"https:\/\/naturalpharmaceuticals.eu\/pl\/wp-json\/wp\/v2\/media\/39041"}],"wp:attachment":[{"href":"https:\/\/naturalpharmaceuticals.eu\/pl\/wp-json\/wp\/v2\/media?parent=39011"}],"curies":[{"name":"wp","href":"https:\/\/api.w.org\/{rel}","templated":true}]}}