{"id":15806,"date":"2024-04-08T12:08:11","date_gmt":"2024-04-08T12:08:11","guid":{"rendered":"https:\/\/naturalpharmaceuticals.eu\/?page_id=15806"},"modified":"2025-01-29T09:48:53","modified_gmt":"2025-01-29T09:48:53","slug":"movisan-collagen-ii","status":"publish","type":"page","link":"https:\/\/naturalpharmaceuticals.eu\/ro\/produsele-noastre\/movisan-collagen-ii\/","title":{"rendered":"Movisan\u2122 Collagen II"},"content":{"rendered":"\n<div class=\"wp-block-group\"><div class=\"wp-block-group__inner-container is-layout-flow wp-block-group-is-layout-flow\">\n<div class=\"wp-block-columns is-layout-flex wp-container-core-columns-is-layout-1 wp-block-columns-is-layout-flex\">\n<div class=\"wp-block-column is-layout-flow wp-block-column-is-layout-flow\">\n<figure class=\"wp-block-image size-large is-resized sticky\"><img loading=\"lazy\" decoding=\"async\" src=\"https:\/\/naturalpharmaceuticals.eu\/wp-content\/uploads\/sites\/2\/2022\/12\/movisan-360-kapsulek-923x1024.png\" alt=\"\" class=\"wp-image-15810\" width=\"379\" height=\"420\" srcset=\"https:\/\/naturalpharmaceuticals.eu\/wp-content\/uploads\/sites\/2\/2022\/12\/movisan-360-kapsulek-923x1024.png 923w, https:\/\/naturalpharmaceuticals.eu\/wp-content\/uploads\/sites\/2\/2022\/12\/movisan-360-kapsulek-270x300.png 270w, https:\/\/naturalpharmaceuticals.eu\/wp-content\/uploads\/sites\/2\/2022\/12\/movisan-360-kapsulek-768x852.png 768w, https:\/\/naturalpharmaceuticals.eu\/wp-content\/uploads\/sites\/2\/2022\/12\/movisan-360-kapsulek.png 975w\" sizes=\"auto, (max-width: 379px) 100vw, 379px\" \/><\/figure>\n<\/div>\n\n\n\n<div class=\"wp-block-column product-info-frame is-layout-flow wp-block-column-is-layout-flow\">\n<p style=\"font-size:18px\"><strong><strong>Movisan\u2122 Collagen II<\/strong><\/strong><\/p>\n\n\n\n<ul class=\"list-style-check-sign line-height-25 wp-block-list\">\n<li>Ingrediente care ajut\u0103 la men\u021binerea <a href=\"https:\/\/www.tandfonline.com\/doi\/abs\/10.1080\/J157v04n03_06\">confortului<\/a> articula\u021biilor (<em>Boswellia serrata<\/em>)<\/li>\n\n\n\n<li>Colagen nativ de tip II cu <a href=\"https:\/\/www.longdom.org\/open-access-pdfs\/an-emin-vitroem-study-on-the-effect-of-five-commercial-calcium-supplements-on-human-osteoblast-cell-proliferation-and-casup2sup-mi-2155-9600-1000738.pdf\">absorb\u021bie<\/a> ridicat\u0103<\/li>\n\n\n\n<li>Acid hialuronic (HAPLEX\u00ae Plus)<\/li>\n\n\n\n<li>Compozi\u021bie unic\u0103 de ingrediente de \u00eenalt\u0103 calitate<\/li>\n\n\n\n<li>Fabricat \u00een Norvegia<\/li>\n\n\n\n<li>Doar o singur\u0103 capsul\u0103 mic\u0103, u\u0219or de \u00eenghi\u021bit, pe zi<\/li>\n\n\n\n<li>Recomandat pentru adul\u021bii \u00een v\u00e2rst\u0103 \u0219i persoanele care sunt active din punct de vedere fizic<\/li>\n<\/ul>\n\n\n\n<p><\/p>\n<\/div>\n<\/div>\n<\/div><\/div>\n\n\n\n<div class=\"packshot-bg-wrapper\"><div class=\"full-width-inside-container packshot-bg packshot-bg-ms\"><\/div><\/div>\n\n\n\n<p>Rolul pe care ingredientele cheie ale Movisan\u2122 Collagen II \u00eel joac\u0103 \u00een organismul uman a fost avizat favorabil de c\u0103tre Autoritatea European\u0103 pentru Siguran\u021ba Alimentar\u0103 (EFSA) \u00een cadrul declara\u021biilor de s\u0103n\u0103tate:<\/p>\n\n\n\n<ul class=\"wp-block-list\">\n<li><strong>Vitamina C <\/strong>&#8211; contribuie la formarea normal\u0103 a colagenului pentru func\u021bionarea normal\u0103 a cartilajelor \u0219i a oaselor.<\/li>\n\n\n\n<li><strong>Mangan <\/strong>&#8211; contribuie la formarea normal\u0103 a \u021besutului conjunctiv \u0219i contribuie la men\u021binerea oaselor normale.<\/li>\n\n\n\n<li><strong>Acidul Folic <\/strong>&#8211; contribuie la sinteza normal\u0103 a aminoacizilor (inclusiv glicina, principalul aminoacid din colagen).<\/li>\n<\/ul>\n\n\n<div role=\"tabpanel\" class=\"wp-block-ub-tabbed-content-tab-content-wrap ub-hide\"\n        id=\"ub-tabbed-content--panel-0\" aria-labelledby=\"ub-tabbed-content--tab-0\" tabindex=\"0\">\n\n<p><a href=\"https:\/\/nordicmed.natural.pl\/?page_id=326\">Preview in new tab(opens in a new tab)<\/a><\/p>\n\n\n\n<p>reviews<\/p>\n\n<\/div>\n\n<div role=\"tabpanel\" class=\"wp-block-ub-tabbed-content-tab-content-wrap ub-hide\"\n        id=\"ub-tabbed-content--panel-1\" aria-labelledby=\"ub-tabbed-content--tab-1\" tabindex=\"0\">\n\n<p><\/p>\n\n<\/div>\n\n<div role=\"tabpanel\" class=\"wp-block-ub-tabbed-content-tab-content-wrap ub-hide\"\n        id=\"ub-tabbed-content--panel-2\" aria-labelledby=\"ub-tabbed-content--tab-2\" tabindex=\"0\">\n\n<p><\/p>\n\n<\/div>\n\n<div class=\"wp-block-ub-tabbed-content-block wp-block-ub-tabbed-content wp-block-ub-tabbed-content-holder wp-block-ub-tabbed-content-horizontal-holder-mobile wp-block-ub-tabbed-content-horizontal-holder-tablet\" id=\"ub-tabbed-content-55ee6194-382c-4f7f-a257-8b23f503530b\">\n\t\t\t<div class=\"wp-block-ub-tabbed-content-tab-holder horizontal-tab-width-mobile horizontal-tab-width-tablet\">\n\t\t\t\t<div role=\"tablist\" class=\"wp-block-ub-tabbed-content-tabs-title wp-block-ub-tabbed-content-tabs-title-mobile-horizontal-tab wp-block-ub-tabbed-content-tabs-title-tablet-horizontal-tab\"><div role=\"tab\" id=\"ub-tabbed-content-55ee6194-382c-4f7f-a257-8b23f503530b-tab-0\" aria-controls=\"ub-tabbed-content-55ee6194-382c-4f7f-a257-8b23f503530b-panel-0\" aria-selected=\"true\" class=\"wp-block-ub-tabbed-content-tab-title-wrap active\" style=\"\" tabindex=\"-1\">\n\t\t\t\t<div class=\"wp-block-ub-tabbed-content-tab-title\">Informa\u021bii nutri\u021bionale<\/div>\n\t\t\t<\/div><\/div>\n\t\t\t<\/div>\n\t\t\t<div class=\"wp-block-ub-tabbed-content-tabs-content\" style=\"\"><div role=\"tabpanel\" class=\"wp-block-ub-tabbed-content-tab-content-wrap active\"\n        id=\"ub-tabbed-content-55ee6194-382c-4f7f-a257-8b23f503530b-panel-0\" aria-labelledby=\"ub-tabbed-content-55ee6194-382c-4f7f-a257-8b23f503530b-tab-0\" tabindex=\"0\">\n\n<p>Movisan\u2122 Collagen II<\/p>\n\n\n\n<figure class=\"wp-block-table is-style-borders\"><table><tbody><tr><th><strong>Compozi\u021bie<\/strong><\/th><th><strong>1 capsul\u0103&nbsp;<\/strong><\/th><th><strong>% VNR*<\/strong><\/th><\/tr><tr><td>Extract de r\u0103\u0219in\u0103 <em>Boswellia serrata<\/em><\/td><td>50 mg<\/td><td>&#8211;<\/td><\/tr><tr><td>standardizat la 60% acizi boswellici<\/td><td>30 mg<\/td><td>&#8211;<\/td><\/tr><tr><td>Pulbere de oase de somon norvegian (CalGo\u00ae) din care:<\/td><td>170 mg<\/td><td>&#8211;<\/td><\/tr><tr><td>colagen nedenaturat de tip II&nbsp;<\/td><td>42,5 mg<\/td><td>&#8211;<\/td><\/tr><tr><td>Acid hialuronic (hialuronat de sodiu) (HAPLEX\u00ae Plus)<\/td><td>10 mg<\/td><td>&#8211;<\/td><\/tr><tr><td>Vitamina C<\/td><td>80 mg<\/td><td>100<\/td><\/tr><tr><td>Mangan<\/td><td>1,8 mg<\/td><td>90<\/td><\/tr><tr><td>Acid folic<\/td><td>200 \u00b5g<\/td><td>100<\/td><\/tr><\/tbody><\/table><\/figure>\n\n\n\n<p>* VNR \u2013 ( raportat la valorile nutri\u0163ionale de referin\u0163\u0103 . cf. Regulamentului(UE) nr.1169\/2011)<\/p>\n\n\n\n<p><strong>Ingrediente: pulbere din oase de somon norvegian\/Salmo salar con\u0163ine colagen denaturat tip II \u0219i calciu<\/strong>, gelatina, inulina, acid L-ascorbic, agent de ingrosare: celuloza; Boswellia serrata Roxb. ex extract de r\u0103\u0219in\u0103 Colebr standardizat la 60% acizi boswellic DER 6:1, agent antiaglomerant: fosfat tricalcic; hialuronat de sodiu, sulfat de mangan, antiaglomerant: dioxid de siliciu, agent de ingrosare: saruri de magneziu ale acizilor grasi; acid pteroilmonoglutamic, culoare: oxizi \u0219i hidroxizi de fier, acid carminic, carmin, galben apus FCF, albastru str\u0103lucitor FCF.<\/p>\n\n\n\n<p><strong>Movisan\u2122 Collagen II &#8211; o capsul\u0103 pe zi<\/strong><\/p>\n\n\n\n<p><strong>Cum se utilizeaz\u0103: <\/strong>Ingredientele Movisan\u2122 Collagen II ajut\u0103 la men\u021binerea confortului articula\u021biilor, ceea ce este important pentru bun\u0103starea pe termen lung \u0219i pentru men\u021binerea unui stil de via\u021b\u0103 activ.<\/p>\n\n\n\n<p><strong>Doza zilnic\u0103 recomandat\u0103: <\/strong>1 capsul\u0103 pe zi<\/p>\n\n\n\n<p><strong>Cantitate net\u0103: <\/strong>18 g (30 capsule per recipient, 0,6 g fiecare) \/ 108 g (180 capsule per recipient, 0,6 g fiecare).<\/p>\n\n\n\n<p>Aten\u0163ion\u0103ri: Acest supliment alimentar nu trebuie utilizat de femeile \u00eens\u0103rcinate \u015fi\/sau care al\u0103pteaz\u0103 \u015fi \u00een caz de alergie la orice ingredient. Persoanele care iau medicamente trebuie s\u0103 consulte medicul \u00eenainte de utilizare. Galben apus de soare: poate avea un efect negativ asupra activit\u0103\u021bii \u0219i aten\u021biei la copii.<\/p>\n\n\n\n<p>Nu dep\u0103\u0219i\u021bi doza zilnic\u0103 recomandat\u0103. Suplimentele alimentare nu trebuie utilizate ca substitut (\u00eenlocuitor) al unei diete echilibrate \u0219i variate. O diet\u0103 echilibrat\u0103 \u0219i un stil de via\u021b\u0103 s\u0103n\u0103tos sunt foarte importante.&nbsp;<\/p>\n\n\n\n<p><strong>Valabilitate: <\/strong>p\u00e2n\u0103 la data \u00eenscris\u0103 pe ambalaj.<\/p>\n\n\n\n<p><strong>Seria de fabrica\u021bie: <\/strong>\u00eenscris\u0103 pe ambalaj<\/p>\n\n\n\n<p><strong>P\u0103strare<\/strong>:<\/p>\n\n\n\n<p>A se p\u0103stra \u00eentr-un loc uscat la o temperatur\u0103 sub 25\u00b0C, la loc ferit de lumin\u0103 \u0219i umezeal\u0103. A nu se l\u0103sa la \u00eendem\u00e2na copiilor mici.<\/p>\n\n\n\n<p><strong>Fabricat \u00een Norvegia <\/strong>de Pharmatech A.S. pentru<\/p>\n\n\n\n<p>Natural Pharmaceuticals Sp. z o.o.<\/p>\n\n\n\n<p><strong>Distribuitor: <\/strong>Natural Pharmaceuticals Sp. z o.o.<\/p>\n\n\n\n<p>Domaniewska 28, 02-672 Var\u0219ovia, Polonia<\/p>\n\n\n\n<p><\/p>\n\n<\/div><\/div>\n\t\t<\/div>\n\n\n<figure class=\"wp-block-image alignfull size-full\"><img loading=\"lazy\" decoding=\"async\" width=\"1520\" height=\"500\" src=\"https:\/\/naturalpharmaceuticals.eu\/wp-content\/uploads\/sites\/2\/2023\/02\/Movisan-Collagen-II.png\" alt=\"\" class=\"wp-image-17075\" srcset=\"https:\/\/naturalpharmaceuticals.eu\/wp-content\/uploads\/sites\/2\/2023\/02\/Movisan-Collagen-II.png 1520w, https:\/\/naturalpharmaceuticals.eu\/wp-content\/uploads\/sites\/2\/2023\/02\/Movisan-Collagen-II-300x99.png 300w, https:\/\/naturalpharmaceuticals.eu\/wp-content\/uploads\/sites\/2\/2023\/02\/Movisan-Collagen-II-1024x337.png 1024w, https:\/\/naturalpharmaceuticals.eu\/wp-content\/uploads\/sites\/2\/2023\/02\/Movisan-Collagen-II-768x253.png 768w\" sizes=\"auto, (max-width: 1520px) 100vw, 1520px\" \/><\/figure>\n","protected":false},"excerpt":{"rendered":"<p>Movisan\u2122 Collagen II Rolul pe care ingredientele cheie ale Movisan\u2122 Collagen II \u00eel joac\u0103 \u00een organismul uman a fost avizat favorabil de c\u0103tre Autoritatea European\u0103 pentru Siguran\u021ba Alimentar\u0103 (EFSA) \u00een cadrul declara\u021biilor de s\u0103n\u0103tate:<\/p>\n","protected":false},"author":4,"featured_media":15828,"parent":6207,"menu_order":0,"comment_status":"closed","ping_status":"closed","template":"templates\/grid-full-width-page.php","meta":{"ub_ctt_via":"","footnotes":""},"class_list":["post-15806","page","type-page","status-publish","has-post-thumbnail","hentry"],"featured_image_src":"https:\/\/naturalpharmaceuticals.eu\/wp-content\/uploads\/sites\/2\/2022\/12\/Movisan_tyt.jpg","yoast_head":"<!-- This site is optimized with the Yoast SEO plugin v24.4 - https:\/\/yoast.com\/wordpress\/plugins\/seo\/ -->\n<title>Movisan\u2122 Collagen II - Natural Pharmaceuticals<\/title>\n<meta name=\"robots\" content=\"index, follow, max-snippet:-1, max-image-preview:large, max-video-preview:-1\" \/>\n<link rel=\"canonical\" href=\"https:\/\/naturalpharmaceuticals.eu\/ro\/produsele-noastre\/movisan-collagen-ii\/\" \/>\n<meta property=\"og:locale\" content=\"ro_RO\" \/>\n<meta property=\"og:type\" content=\"article\" \/>\n<meta property=\"og:title\" content=\"Movisan\u2122 Collagen II - Natural Pharmaceuticals\" \/>\n<meta property=\"og:description\" content=\"Movisan\u2122 Collagen II Rolul pe care ingredientele cheie ale Movisan\u2122 Collagen II \u00eel joac\u0103 \u00een organismul uman a fost avizat favorabil de c\u0103tre Autoritatea European\u0103 pentru Siguran\u021ba Alimentar\u0103 (EFSA) \u00een cadrul declara\u021biilor de s\u0103n\u0103tate:\" \/>\n<meta property=\"og:url\" content=\"https:\/\/naturalpharmaceuticals.eu\/ro\/produsele-noastre\/movisan-collagen-ii\/\" \/>\n<meta property=\"og:site_name\" content=\"Natural Pharmaceuticals\" \/>\n<meta property=\"article:modified_time\" content=\"2025-01-29T09:48:53+00:00\" \/>\n<meta property=\"og:image\" content=\"https:\/\/naturalpharmaceuticals.eu\/wp-content\/uploads\/sites\/2\/2022\/12\/Movisan_tyt.jpg\" \/>\n\t<meta property=\"og:image:width\" content=\"1520\" \/>\n\t<meta property=\"og:image:height\" content=\"600\" \/>\n\t<meta property=\"og:image:type\" content=\"image\/jpeg\" \/>\n<meta name=\"twitter:card\" content=\"summary_large_image\" \/>\n<meta name=\"twitter:label1\" content=\"Timp estimat pentru citire\" \/>\n\t<meta name=\"twitter:data1\" content=\"3 minute\" \/>\n<script type=\"application\/ld+json\" class=\"yoast-schema-graph\">{\"@context\":\"https:\/\/schema.org\",\"@graph\":[{\"@type\":\"WebPage\",\"@id\":\"https:\/\/naturalpharmaceuticals.eu\/ro\/produsele-noastre\/movisan-collagen-ii\/\",\"url\":\"https:\/\/naturalpharmaceuticals.eu\/ro\/produsele-noastre\/movisan-collagen-ii\/\",\"name\":\"Movisan\u2122 Collagen II - Natural Pharmaceuticals\",\"isPartOf\":{\"@id\":\"https:\/\/naturalpharmaceuticals.eu\/ro\/#website\"},\"primaryImageOfPage\":{\"@id\":\"https:\/\/naturalpharmaceuticals.eu\/ro\/produsele-noastre\/movisan-collagen-ii\/#primaryimage\"},\"image\":{\"@id\":\"https:\/\/naturalpharmaceuticals.eu\/ro\/produsele-noastre\/movisan-collagen-ii\/#primaryimage\"},\"thumbnailUrl\":\"https:\/\/naturalpharmaceuticals.eu\/wp-content\/uploads\/sites\/2\/2022\/12\/Movisan_tyt.jpg\",\"datePublished\":\"2024-04-08T12:08:11+00:00\",\"dateModified\":\"2025-01-29T09:48:53+00:00\",\"breadcrumb\":{\"@id\":\"https:\/\/naturalpharmaceuticals.eu\/ro\/produsele-noastre\/movisan-collagen-ii\/#breadcrumb\"},\"inLanguage\":\"ro-RO\",\"potentialAction\":[{\"@type\":\"ReadAction\",\"target\":[\"https:\/\/naturalpharmaceuticals.eu\/ro\/produsele-noastre\/movisan-collagen-ii\/\"]}]},{\"@type\":\"ImageObject\",\"inLanguage\":\"ro-RO\",\"@id\":\"https:\/\/naturalpharmaceuticals.eu\/ro\/produsele-noastre\/movisan-collagen-ii\/#primaryimage\",\"url\":\"https:\/\/naturalpharmaceuticals.eu\/wp-content\/uploads\/sites\/2\/2022\/12\/Movisan_tyt.jpg\",\"contentUrl\":\"https:\/\/naturalpharmaceuticals.eu\/wp-content\/uploads\/sites\/2\/2022\/12\/Movisan_tyt.jpg\",\"width\":1520,\"height\":600},{\"@type\":\"BreadcrumbList\",\"@id\":\"https:\/\/naturalpharmaceuticals.eu\/ro\/produsele-noastre\/movisan-collagen-ii\/#breadcrumb\",\"itemListElement\":[{\"@type\":\"ListItem\",\"position\":1,\"name\":\"Home\",\"item\":\"https:\/\/naturalpharmaceuticals.eu\/ro\/\"},{\"@type\":\"ListItem\",\"position\":2,\"name\":\"Produsele noastre\",\"item\":\"https:\/\/naturalpharmaceuticals.eu\/ro\/produsele-noastre\/\"},{\"@type\":\"ListItem\",\"position\":3,\"name\":\"Movisan\u2122 Collagen II\"}]},{\"@type\":\"WebSite\",\"@id\":\"https:\/\/naturalpharmaceuticals.eu\/ro\/#website\",\"url\":\"https:\/\/naturalpharmaceuticals.eu\/ro\/\",\"name\":\"Natural Pharmaceuticals\",\"description\":\"\",\"publisher\":{\"@id\":\"https:\/\/naturalpharmaceuticals.eu\/ro\/#organization\"},\"potentialAction\":[{\"@type\":\"SearchAction\",\"target\":{\"@type\":\"EntryPoint\",\"urlTemplate\":\"https:\/\/naturalpharmaceuticals.eu\/ro\/?s={search_term_string}\"},\"query-input\":{\"@type\":\"PropertyValueSpecification\",\"valueRequired\":true,\"valueName\":\"search_term_string\"}}],\"inLanguage\":\"ro-RO\"},{\"@type\":\"Organization\",\"@id\":\"https:\/\/naturalpharmaceuticals.eu\/ro\/#organization\",\"name\":\"Natural Pharmaceuticals\",\"url\":\"https:\/\/naturalpharmaceuticals.eu\/ro\/\",\"logo\":{\"@type\":\"ImageObject\",\"inLanguage\":\"ro-RO\",\"@id\":\"https:\/\/naturalpharmaceuticals.eu\/ro\/#\/schema\/logo\/image\/\",\"url\":\"https:\/\/naturalpharmaceuticals.eu\/wp-content\/uploads\/sites\/2\/2020\/11\/cropped-natural-pharmaceuticals-logo.png\",\"contentUrl\":\"https:\/\/naturalpharmaceuticals.eu\/wp-content\/uploads\/sites\/2\/2020\/11\/cropped-natural-pharmaceuticals-logo.png\",\"width\":900,\"height\":323,\"caption\":\"Natural Pharmaceuticals\"},\"image\":{\"@id\":\"https:\/\/naturalpharmaceuticals.eu\/ro\/#\/schema\/logo\/image\/\"}}]}<\/script>\n<!-- \/ Yoast SEO plugin. -->","yoast_head_json":{"title":"Movisan\u2122 Collagen II - Natural Pharmaceuticals","robots":{"index":"index","follow":"follow","max-snippet":"max-snippet:-1","max-image-preview":"max-image-preview:large","max-video-preview":"max-video-preview:-1"},"canonical":"https:\/\/naturalpharmaceuticals.eu\/ro\/produsele-noastre\/movisan-collagen-ii\/","og_locale":"ro_RO","og_type":"article","og_title":"Movisan\u2122 Collagen II - Natural Pharmaceuticals","og_description":"Movisan\u2122 Collagen II Rolul pe care ingredientele cheie ale Movisan\u2122 Collagen II \u00eel joac\u0103 \u00een organismul uman a fost avizat favorabil de c\u0103tre Autoritatea European\u0103 pentru Siguran\u021ba Alimentar\u0103 (EFSA) \u00een cadrul declara\u021biilor de s\u0103n\u0103tate:","og_url":"https:\/\/naturalpharmaceuticals.eu\/ro\/produsele-noastre\/movisan-collagen-ii\/","og_site_name":"Natural Pharmaceuticals","article_modified_time":"2025-01-29T09:48:53+00:00","og_image":[{"width":1520,"height":600,"url":"https:\/\/naturalpharmaceuticals.eu\/wp-content\/uploads\/sites\/2\/2022\/12\/Movisan_tyt.jpg","type":"image\/jpeg"}],"twitter_card":"summary_large_image","twitter_misc":{"Timp estimat pentru citire":"3 minute"},"schema":{"@context":"https:\/\/schema.org","@graph":[{"@type":"WebPage","@id":"https:\/\/naturalpharmaceuticals.eu\/ro\/produsele-noastre\/movisan-collagen-ii\/","url":"https:\/\/naturalpharmaceuticals.eu\/ro\/produsele-noastre\/movisan-collagen-ii\/","name":"Movisan\u2122 Collagen II - Natural Pharmaceuticals","isPartOf":{"@id":"https:\/\/naturalpharmaceuticals.eu\/ro\/#website"},"primaryImageOfPage":{"@id":"https:\/\/naturalpharmaceuticals.eu\/ro\/produsele-noastre\/movisan-collagen-ii\/#primaryimage"},"image":{"@id":"https:\/\/naturalpharmaceuticals.eu\/ro\/produsele-noastre\/movisan-collagen-ii\/#primaryimage"},"thumbnailUrl":"https:\/\/naturalpharmaceuticals.eu\/wp-content\/uploads\/sites\/2\/2022\/12\/Movisan_tyt.jpg","datePublished":"2024-04-08T12:08:11+00:00","dateModified":"2025-01-29T09:48:53+00:00","breadcrumb":{"@id":"https:\/\/naturalpharmaceuticals.eu\/ro\/produsele-noastre\/movisan-collagen-ii\/#breadcrumb"},"inLanguage":"ro-RO","potentialAction":[{"@type":"ReadAction","target":["https:\/\/naturalpharmaceuticals.eu\/ro\/produsele-noastre\/movisan-collagen-ii\/"]}]},{"@type":"ImageObject","inLanguage":"ro-RO","@id":"https:\/\/naturalpharmaceuticals.eu\/ro\/produsele-noastre\/movisan-collagen-ii\/#primaryimage","url":"https:\/\/naturalpharmaceuticals.eu\/wp-content\/uploads\/sites\/2\/2022\/12\/Movisan_tyt.jpg","contentUrl":"https:\/\/naturalpharmaceuticals.eu\/wp-content\/uploads\/sites\/2\/2022\/12\/Movisan_tyt.jpg","width":1520,"height":600},{"@type":"BreadcrumbList","@id":"https:\/\/naturalpharmaceuticals.eu\/ro\/produsele-noastre\/movisan-collagen-ii\/#breadcrumb","itemListElement":[{"@type":"ListItem","position":1,"name":"Home","item":"https:\/\/naturalpharmaceuticals.eu\/ro\/"},{"@type":"ListItem","position":2,"name":"Produsele noastre","item":"https:\/\/naturalpharmaceuticals.eu\/ro\/produsele-noastre\/"},{"@type":"ListItem","position":3,"name":"Movisan\u2122 Collagen II"}]},{"@type":"WebSite","@id":"https:\/\/naturalpharmaceuticals.eu\/ro\/#website","url":"https:\/\/naturalpharmaceuticals.eu\/ro\/","name":"Natural Pharmaceuticals","description":"","publisher":{"@id":"https:\/\/naturalpharmaceuticals.eu\/ro\/#organization"},"potentialAction":[{"@type":"SearchAction","target":{"@type":"EntryPoint","urlTemplate":"https:\/\/naturalpharmaceuticals.eu\/ro\/?s={search_term_string}"},"query-input":{"@type":"PropertyValueSpecification","valueRequired":true,"valueName":"search_term_string"}}],"inLanguage":"ro-RO"},{"@type":"Organization","@id":"https:\/\/naturalpharmaceuticals.eu\/ro\/#organization","name":"Natural Pharmaceuticals","url":"https:\/\/naturalpharmaceuticals.eu\/ro\/","logo":{"@type":"ImageObject","inLanguage":"ro-RO","@id":"https:\/\/naturalpharmaceuticals.eu\/ro\/#\/schema\/logo\/image\/","url":"https:\/\/naturalpharmaceuticals.eu\/wp-content\/uploads\/sites\/2\/2020\/11\/cropped-natural-pharmaceuticals-logo.png","contentUrl":"https:\/\/naturalpharmaceuticals.eu\/wp-content\/uploads\/sites\/2\/2020\/11\/cropped-natural-pharmaceuticals-logo.png","width":900,"height":323,"caption":"Natural Pharmaceuticals"},"image":{"@id":"https:\/\/naturalpharmaceuticals.eu\/ro\/#\/schema\/logo\/image\/"}}]}},"jetpack_sharing_enabled":true,"_links":{"self":[{"href":"https:\/\/naturalpharmaceuticals.eu\/ro\/wp-json\/wp\/v2\/pages\/15806","targetHints":{"allow":["GET"]}}],"collection":[{"href":"https:\/\/naturalpharmaceuticals.eu\/ro\/wp-json\/wp\/v2\/pages"}],"about":[{"href":"https:\/\/naturalpharmaceuticals.eu\/ro\/wp-json\/wp\/v2\/types\/page"}],"author":[{"embeddable":true,"href":"https:\/\/naturalpharmaceuticals.eu\/ro\/wp-json\/wp\/v2\/users\/4"}],"replies":[{"embeddable":true,"href":"https:\/\/naturalpharmaceuticals.eu\/ro\/wp-json\/wp\/v2\/comments?post=15806"}],"version-history":[{"count":3,"href":"https:\/\/naturalpharmaceuticals.eu\/ro\/wp-json\/wp\/v2\/pages\/15806\/revisions"}],"predecessor-version":[{"id":30724,"href":"https:\/\/naturalpharmaceuticals.eu\/ro\/wp-json\/wp\/v2\/pages\/15806\/revisions\/30724"}],"up":[{"embeddable":true,"href":"https:\/\/naturalpharmaceuticals.eu\/ro\/wp-json\/wp\/v2\/pages\/6207"}],"wp:featuredmedia":[{"embeddable":true,"href":"https:\/\/naturalpharmaceuticals.eu\/ro\/wp-json\/wp\/v2\/media\/15828"}],"wp:attachment":[{"href":"https:\/\/naturalpharmaceuticals.eu\/ro\/wp-json\/wp\/v2\/media?parent=15806"}],"curies":[{"name":"wp","href":"https:\/\/api.w.org\/{rel}","templated":true}]}}