{"id":6177,"date":"2021-08-04T08:04:35","date_gmt":"2021-08-04T08:04:35","guid":{"rendered":"https:\/\/naturalpharmaceuticals.eu\/?page_id=6177"},"modified":"2024-01-24T11:58:46","modified_gmt":"2024-01-24T11:58:46","slug":"despre-noi","status":"publish","type":"page","link":"https:\/\/naturalpharmaceuticals.eu\/ro\/despre-noi\/","title":{"rendered":"Despre noi"},"content":{"rendered":"\n<h2 class=\"wp-block-heading\"><strong>15 ani de calitate norvegian\u0103 \u00een Europa Central\u0103 \u0219i de Est!<\/strong><\/h2>\n\n\n\n<p>Natural Pharmaceuticals furnizeaz\u0103 suplimente pentru europeni de 15 ani. C\u00e2nd a fost expediat\u0103 prima comand\u0103, nici angaja\u021bii, nici conducerea nu \u00eendr\u0103zneau s\u0103 viseze la o cre\u0219tere at\u00e2t de dinamic\u0103. Ast\u0103zi, aproape 3 milioane de persoane din Europa folosesc produsele noastre, inclusiv clien\u021bi care au comandat cu regularitate suplimentele noastre \u00eenc\u0103 de la \u00eenceput. Care este cheia succesului companiei?<\/p>\n\n\n\n<h2 class=\"wp-block-heading\"><strong>Din Norvegia p\u00e2n\u0103 \u00een CEE<\/strong><\/h2>\n\n\n\n<p>Natural Pharmaceuticals&nbsp;este&nbsp;un simbol al calit\u0103\u021bii norvegiene pe pia\u021ba central\u0103&nbsp;est-european\u0103. Suplimentele sunt&nbsp;concepute&nbsp;\u00een Norvegia \u0219i toat\u0103 produc\u021bia are loc acolo, f\u0103r\u0103 excep\u021bie. Toate produsele&nbsp;au la baz\u0103&nbsp;ingrediente documentate \u0219i,&nbsp;adesea,&nbsp;brevetate. Calitatea&nbsp;ridicat\u0103&nbsp;este prioritatea noastr\u0103.<\/p>\n\n\n\n<div class=\"wp-block-columns is-layout-flex wp-container-core-columns-is-layout-1 wp-block-columns-is-layout-flex\">\n<div class=\"wp-block-column is-layout-flow wp-block-column-is-layout-flow\" style=\"flex-basis:66.66%\">\n<blockquote class=\"wp-block-quote is-layout-flow wp-block-quote-is-layout-flow\">\n<p><em><em>Am luat tot ceea ce&nbsp;este mai bun din Norvegia \u0219i l-am aplicat&nbsp;\u00een&nbsp;pie\u021bele Europei Centrale \u0219i de Est,&nbsp;identific\u00e2nd&nbsp;\u0219i respect\u00e2nd specificul fiec\u0103rei \u021b\u0103ri. Pilonul afacerii noastre&nbsp;\u00eel reprezint\u0103&nbsp;suplimentele alimentare de \u00eenalt\u0103 calitate, care sunt livrate clien\u021bilor no\u0219tri \u00eentr-un mod extrem de convenabil &#8211; direct acas\u0103.<\/em><\/em><\/p>\n<cite>Jonas T\u00f6rnquist,&nbsp;pre\u0219edinte&nbsp;al&nbsp;grupului&nbsp;Natural Pharmaceuticals<\/cite><\/blockquote>\n<\/div>\n\n\n\n<div class=\"wp-block-column is-layout-flow wp-block-column-is-layout-flow\" style=\"flex-basis:33.33%\"><div class=\"wp-block-image\">\n<figure class=\"alignright size-full\"><img loading=\"lazy\" decoding=\"async\" width=\"300\" height=\"225\" src=\"https:\/\/naturalpharmaceuticals.eu\/wp-content\/uploads\/sites\/2\/2020\/10\/NordicMed_Pharma_Natural_Pharmaceuticals_CEO-edited.jpg\" alt=\"\" class=\"wp-image-484\"\/><\/figure><\/div><\/div>\n<\/div>\n\n\n\n<h2 class=\"wp-block-heading\"><strong>Dezvoltare constant\u0103, portofoliu&nbsp;vast<\/strong><\/h2>\n\n\n\n<div class=\"wp-block-columns is-layout-flex wp-container-core-columns-is-layout-2 wp-block-columns-is-layout-flex\">\n<div class=\"wp-block-column is-layout-flow wp-block-column-is-layout-flow\" style=\"flex-basis:66.66%\">\n<p>\u00cen ciuda pozi\u021biei sale consolidate din pia\u021b\u0103, Natural Pharmaceuticals a continuat eforturile de a deveni lider de pia\u021b\u0103. \u00cen Europa, am \u00eenregistrat o cre\u0219tere de aproape 70% a v\u00e2nz\u0103rilor \u00een anul 2019, plus \u00eenc\u0103 50% \u00een anul 2020. Cu siguran\u021b\u0103 nu ne vom opri aici! Pe m\u0103sur\u0103 ce compania continu\u0103 s\u0103 se dezvolte, grupul de persoane cu care cooper\u0103m se extinde la r\u00e2ndul s\u0103u. Natural Pharmaceuticals posed\u0103, actualmente, o baz\u0103 de angaja\u021bi de aproape 50 de persoane \u00een teritoriile sale, iar acest num\u0103r continu\u0103 s\u0103 creasc\u0103.<\/p>\n<\/div>\n\n\n\n<div class=\"wp-block-column is-layout-flow wp-block-column-is-layout-flow\" style=\"flex-basis:33.33%\"><div class=\"wp-block-image\">\n<figure class=\"alignright size-medium\"><img loading=\"lazy\" decoding=\"async\" width=\"300\" height=\"225\" src=\"https:\/\/naturalpharmaceuticals.eu\/wp-content\/uploads\/sites\/2\/2020\/12\/Natural-Pharmaceuticals-projekt-Massive-Design-fot-Szymon-Polanski-8113_300x225-300x225.jpg\" alt=\"\" class=\"wp-image-1081\" srcset=\"https:\/\/naturalpharmaceuticals.eu\/wp-content\/uploads\/sites\/2\/2020\/12\/Natural-Pharmaceuticals-projekt-Massive-Design-fot-Szymon-Polanski-8113_300x225-300x225.jpg 300w, https:\/\/naturalpharmaceuticals.eu\/wp-content\/uploads\/sites\/2\/2020\/12\/Natural-Pharmaceuticals-projekt-Massive-Design-fot-Szymon-Polanski-8113_300x225-1024x768.jpg 1024w, https:\/\/naturalpharmaceuticals.eu\/wp-content\/uploads\/sites\/2\/2020\/12\/Natural-Pharmaceuticals-projekt-Massive-Design-fot-Szymon-Polanski-8113_300x225-768x576.jpg 768w, https:\/\/naturalpharmaceuticals.eu\/wp-content\/uploads\/sites\/2\/2020\/12\/Natural-Pharmaceuticals-projekt-Massive-Design-fot-Szymon-Polanski-8113_300x225-1536x1152.jpg 1536w, https:\/\/naturalpharmaceuticals.eu\/wp-content\/uploads\/sites\/2\/2020\/12\/Natural-Pharmaceuticals-projekt-Massive-Design-fot-Szymon-Polanski-8113_300x225.jpg 1901w\" sizes=\"auto, (max-width: 300px) 100vw, 300px\" \/><\/figure><\/div><\/div>\n<\/div>\n\n\n\n<h2 class=\"wp-block-heading\">Consumatorul \u2013 juriul suprem<\/h2>\n\n\n\n<div class=\"wp-block-columns is-layout-flex wp-container-core-columns-is-layout-3 wp-block-columns-is-layout-flex\">\n<div class=\"wp-block-column is-layout-flow wp-block-column-is-layout-flow\" style=\"flex-basis:66.66%\">\n<p>Calitatea ocup\u0103 locul \u00eent\u00e2i \u00een cadrul Natural Pharmaceuticals. Este garan\u021bia noastr\u0103 pentru fiecare client. Aceast\u0103 sinergie \u00eentre brand \u0219i client s-a dovedit a fi de succes de-a lungul anilor. Numeroasele premii acordate de cel mai exigent juriu, clien\u021bii, sunt cele mai bune dovezi \u00een acest sens. \u00cen fiecare an, \u00eencep\u00e2nd cu anul 2014, compania a fost recompensat\u0103 cu premiul \u201eCompanie prietenoas\u0103 cu clien\u021bii\u201d. Acesta este un premiu foarte respectat datorit\u0103 standardelor de excelen\u021b\u0103 aplicate criteriilor sale. Sunt evaluate patru domenii: cooperarea, u\u0219urin\u021ba de a fi contacta\u021bi, satisfac\u021bia general\u0103 \u0219i tendin\u021ba de a recomanda produsele altor persoane.<\/p>\n<\/div>\n\n\n\n<div class=\"wp-block-column is-layout-flow wp-block-column-is-layout-flow\" style=\"flex-basis:33.33%\"><div class=\"wp-block-image\">\n<figure class=\"alignright size-full\"><img loading=\"lazy\" decoding=\"async\" width=\"300\" height=\"227\" src=\"https:\/\/naturalpharmaceuticals.eu\/wp-content\/uploads\/sites\/2\/2020\/10\/NordicMed_Pharma_Relati_Clienti.png\" alt=\"\" class=\"wp-image-471\"\/><\/figure><\/div><\/div>\n<\/div>\n\n\n\n<h2 class=\"wp-block-heading\">Etic\u0103 \u0219i responsabilitate social\u0103<\/h2>\n\n\n\n<div class=\"wp-block-columns is-layout-flex wp-container-core-columns-is-layout-4 wp-block-columns-is-layout-flex\">\n<div class=\"wp-block-column is-vertically-aligned-top is-layout-flow wp-block-column-is-layout-flow\" style=\"flex-basis:66.66%\">\n<p>\u00cen ultimii 15 ani, Natural Pharmaceuticals a \u00eenregistrat o cre\u0219tere continu\u0103, construind un portofoliu de produse de calitate, av\u00e2nd grij\u0103 de clien\u021bii no\u0219tri \u0219i sus\u021bin\u00e2nd ini\u021biative menite s\u0103 \u00eei ajute pe ceilal\u021bi. De exemplu, compania este implicat\u0103 \u00een programul &#8222;Companie cu inim\u0103&#8221; creat de UNICEF. Dona\u021biile f\u0103cute de participan\u021bii la proiect sprijin\u0103 copiii din cele mai s\u0103race regiuni ale lumii. Compania sus\u021bine campania \u00een fiecare an, consider\u00e2nd c\u0103 putem ob\u021bine mai mult atunci c\u00e2nd lucr\u0103m \u00eempreun\u0103.<\/p>\n\n\n\n<p>V\u00e2nzarea suplimentelor alimentare este o responsabilitate important\u0103 pentru noi. \u00cen fond, sus\u021binem stilul de via\u021b\u0103 s\u0103n\u0103tos al clien\u021bilor. Pentru a asigura standarde ridicate de comunicare \u0219i promovare, Natural Pharmaceuticals a participat activ la crearea \u201dCodului de bune practici \u00een publicitatea suplimentelor alimentare\u201d, \u00een calitate de membru al Consiliului Na\u021bional al Suplimentelor \u0219i Nutrien\u021bilor. Preocuparea frecvent\u0103 pentru standardele de pe pia\u021ba suplimentelor alimentare reprezint\u0103 o parte esen\u021bial\u0103 a politicii companiei.<\/p>\n<\/div>\n\n\n\n<div class=\"wp-block-column is-vertically-aligned-top is-layout-flow wp-block-column-is-layout-flow\" style=\"flex-basis:33.33%\"><div class=\"wp-block-image\">\n<figure class=\"alignright size-full\"><img loading=\"lazy\" decoding=\"async\" width=\"300\" height=\"200\" src=\"https:\/\/naturalpharmaceuticals.eu\/wp-content\/uploads\/sites\/2\/2020\/10\/NordicMed_Pharma_Norway_Laboratory_Pharmatech.jpg\" alt=\"\" class=\"wp-image-472\"\/><\/figure><\/div><\/div>\n<\/div>\n\n\n\n<div class=\"wp-block-columns is-layout-flex wp-container-core-columns-is-layout-5 wp-block-columns-is-layout-flex\">\n<div class=\"wp-block-column is-layout-flow wp-block-column-is-layout-flow\" style=\"flex-basis:66.66%\">\n<p>Pentru compania norvegian\u0103 Natural Pharmaceuticals,&nbsp;acesta a \u00eensemnat&nbsp;un deceniu de cre\u0219tere dinamic\u0103 \u00een \u00eentreaga regiune a Europei Centrale \u0219i de Est.<\/p>\n\n\n\n<p>Aproape 3 milioane de clien\u021bi din Europa Central\u0103 \u0219i de Est au \u00eencredere \u00een brandul nostru! Ne-am \u00eenceput activitatea \u00een Polonia \u00een urm\u0103 cu 15 ani, iar ast\u0103zi suntem prezen\u021bi pe pia\u021ba din Rom\u00e2nia, Estonia, Croa\u021bia, Slovenia, Lituania, Letonia \u0219i Ungaria.<\/p>\n\n\n\n<p>Am primit numeroase premii, decise de cel mai important juriu &#8211; consumatorii.<\/p>\n<\/div>\n\n\n\n<div class=\"wp-block-column is-layout-flow wp-block-column-is-layout-flow\" style=\"flex-basis:33.33%\"><div class=\"wp-block-image\">\n<figure class=\"alignright size-full\"><img loading=\"lazy\" decoding=\"async\" width=\"343\" height=\"300\" src=\"https:\/\/naturalpharmaceuticals.eu\/wp-content\/uploads\/sites\/2\/2023\/05\/3-mln-klientow-zloty.png\" alt=\"\" class=\"wp-image-19142\" srcset=\"https:\/\/naturalpharmaceuticals.eu\/wp-content\/uploads\/sites\/2\/2023\/05\/3-mln-klientow-zloty.png 343w, https:\/\/naturalpharmaceuticals.eu\/wp-content\/uploads\/sites\/2\/2023\/05\/3-mln-klientow-zloty-300x262.png 300w\" sizes=\"auto, (max-width: 343px) 100vw, 343px\" \/><\/figure><\/div><\/div>\n<\/div>\n","protected":false},"excerpt":{"rendered":"<p>15 ani de calitate norvegian\u0103 \u00een Europa Central\u0103 \u0219i de Est! Natural Pharmaceuticals furnizeaz\u0103 suplimente pentru europeni de 15 ani. C\u00e2nd a fost expediat\u0103 prima comand\u0103, nici angaja\u021bii, nici conducerea nu \u00eendr\u0103zneau s\u0103 viseze la o cre\u0219tere at\u00e2t de dinamic\u0103.&#x2026; <\/p>\n<p class=\"more-link-container th-uppercase\"><a href=\"https:\/\/naturalpharmaceuticals.eu\/ro\/despre-noi\/\" class=\"more-link\">Read More <span class=\"screen-reader-text\">Despre noi<\/span><\/a><\/p>\n","protected":false},"author":1,"featured_media":6184,"parent":0,"menu_order":0,"comment_status":"closed","ping_status":"closed","template":"templates\/full-width-page.php","meta":{"ub_ctt_via":"","footnotes":""},"class_list":["post-6177","page","type-page","status-publish","has-post-thumbnail","hentry"],"featured_image_src":"https:\/\/naturalpharmaceuticals.eu\/wp-content\/uploads\/sites\/2\/2020\/08\/rsz_shutterstock_1738764365-1-scaled.jpg","yoast_head":"<!-- This site is optimized with the Yoast SEO plugin v24.4 - https:\/\/yoast.com\/wordpress\/plugins\/seo\/ -->\n<title>Despre noi - Natural Pharmaceuticals<\/title>\n<meta name=\"robots\" content=\"index, follow, max-snippet:-1, max-image-preview:large, max-video-preview:-1\" \/>\n<link rel=\"canonical\" href=\"https:\/\/naturalpharmaceuticals.eu\/ro\/despre-noi\/\" \/>\n<meta property=\"og:locale\" content=\"ro_RO\" \/>\n<meta property=\"og:type\" content=\"article\" \/>\n<meta property=\"og:title\" content=\"Despre noi - Natural Pharmaceuticals\" \/>\n<meta property=\"og:description\" content=\"15 ani de calitate norvegian\u0103 \u00een Europa Central\u0103 \u0219i de Est! Natural Pharmaceuticals furnizeaz\u0103 suplimente pentru europeni de 15 ani. C\u00e2nd a fost expediat\u0103 prima comand\u0103, nici angaja\u021bii, nici conducerea nu \u00eendr\u0103zneau s\u0103 viseze la o cre\u0219tere at\u00e2t de dinamic\u0103.&#x2026; Read More Despre noi\" \/>\n<meta property=\"og:url\" content=\"https:\/\/naturalpharmaceuticals.eu\/ro\/despre-noi\/\" \/>\n<meta property=\"og:site_name\" content=\"Natural Pharmaceuticals\" \/>\n<meta property=\"article:modified_time\" content=\"2024-01-24T11:58:46+00:00\" \/>\n<meta property=\"og:image\" content=\"https:\/\/naturalpharmaceuticals.eu\/wp-content\/uploads\/sites\/2\/2020\/08\/rsz_shutterstock_1738764365-1-scaled.jpg\" \/>\n\t<meta property=\"og:image:width\" content=\"2560\" \/>\n\t<meta property=\"og:image:height\" content=\"845\" \/>\n\t<meta property=\"og:image:type\" content=\"image\/jpeg\" \/>\n<meta name=\"twitter:card\" content=\"summary_large_image\" \/>\n<meta name=\"twitter:label1\" content=\"Timp estimat pentru citire\" \/>\n\t<meta name=\"twitter:data1\" content=\"5 minute\" \/>\n<script type=\"application\/ld+json\" class=\"yoast-schema-graph\">{\"@context\":\"https:\/\/schema.org\",\"@graph\":[{\"@type\":\"WebPage\",\"@id\":\"https:\/\/naturalpharmaceuticals.eu\/ro\/despre-noi\/\",\"url\":\"https:\/\/naturalpharmaceuticals.eu\/ro\/despre-noi\/\",\"name\":\"Despre noi - Natural Pharmaceuticals\",\"isPartOf\":{\"@id\":\"https:\/\/naturalpharmaceuticals.eu\/ro\/#website\"},\"primaryImageOfPage\":{\"@id\":\"https:\/\/naturalpharmaceuticals.eu\/ro\/despre-noi\/#primaryimage\"},\"image\":{\"@id\":\"https:\/\/naturalpharmaceuticals.eu\/ro\/despre-noi\/#primaryimage\"},\"thumbnailUrl\":\"https:\/\/naturalpharmaceuticals.eu\/wp-content\/uploads\/sites\/2\/2020\/08\/rsz_shutterstock_1738764365-1-scaled.jpg\",\"datePublished\":\"2021-08-04T08:04:35+00:00\",\"dateModified\":\"2024-01-24T11:58:46+00:00\",\"breadcrumb\":{\"@id\":\"https:\/\/naturalpharmaceuticals.eu\/ro\/despre-noi\/#breadcrumb\"},\"inLanguage\":\"ro-RO\",\"potentialAction\":[{\"@type\":\"ReadAction\",\"target\":[\"https:\/\/naturalpharmaceuticals.eu\/ro\/despre-noi\/\"]}]},{\"@type\":\"ImageObject\",\"inLanguage\":\"ro-RO\",\"@id\":\"https:\/\/naturalpharmaceuticals.eu\/ro\/despre-noi\/#primaryimage\",\"url\":\"https:\/\/naturalpharmaceuticals.eu\/wp-content\/uploads\/sites\/2\/2020\/08\/rsz_shutterstock_1738764365-1-scaled.jpg\",\"contentUrl\":\"https:\/\/naturalpharmaceuticals.eu\/wp-content\/uploads\/sites\/2\/2020\/08\/rsz_shutterstock_1738764365-1-scaled.jpg\",\"width\":2560,\"height\":845},{\"@type\":\"BreadcrumbList\",\"@id\":\"https:\/\/naturalpharmaceuticals.eu\/ro\/despre-noi\/#breadcrumb\",\"itemListElement\":[{\"@type\":\"ListItem\",\"position\":1,\"name\":\"Home\",\"item\":\"https:\/\/naturalpharmaceuticals.eu\/ro\/\"},{\"@type\":\"ListItem\",\"position\":2,\"name\":\"Despre noi\"}]},{\"@type\":\"WebSite\",\"@id\":\"https:\/\/naturalpharmaceuticals.eu\/ro\/#website\",\"url\":\"https:\/\/naturalpharmaceuticals.eu\/ro\/\",\"name\":\"Natural Pharmaceuticals\",\"description\":\"\",\"publisher\":{\"@id\":\"https:\/\/naturalpharmaceuticals.eu\/ro\/#organization\"},\"potentialAction\":[{\"@type\":\"SearchAction\",\"target\":{\"@type\":\"EntryPoint\",\"urlTemplate\":\"https:\/\/naturalpharmaceuticals.eu\/ro\/?s={search_term_string}\"},\"query-input\":{\"@type\":\"PropertyValueSpecification\",\"valueRequired\":true,\"valueName\":\"search_term_string\"}}],\"inLanguage\":\"ro-RO\"},{\"@type\":\"Organization\",\"@id\":\"https:\/\/naturalpharmaceuticals.eu\/ro\/#organization\",\"name\":\"Natural Pharmaceuticals\",\"url\":\"https:\/\/naturalpharmaceuticals.eu\/ro\/\",\"logo\":{\"@type\":\"ImageObject\",\"inLanguage\":\"ro-RO\",\"@id\":\"https:\/\/naturalpharmaceuticals.eu\/ro\/#\/schema\/logo\/image\/\",\"url\":\"https:\/\/naturalpharmaceuticals.eu\/wp-content\/uploads\/sites\/2\/2020\/11\/cropped-natural-pharmaceuticals-logo.png\",\"contentUrl\":\"https:\/\/naturalpharmaceuticals.eu\/wp-content\/uploads\/sites\/2\/2020\/11\/cropped-natural-pharmaceuticals-logo.png\",\"width\":900,\"height\":323,\"caption\":\"Natural Pharmaceuticals\"},\"image\":{\"@id\":\"https:\/\/naturalpharmaceuticals.eu\/ro\/#\/schema\/logo\/image\/\"}}]}<\/script>\n<!-- \/ Yoast SEO plugin. -->","yoast_head_json":{"title":"Despre noi - Natural Pharmaceuticals","robots":{"index":"index","follow":"follow","max-snippet":"max-snippet:-1","max-image-preview":"max-image-preview:large","max-video-preview":"max-video-preview:-1"},"canonical":"https:\/\/naturalpharmaceuticals.eu\/ro\/despre-noi\/","og_locale":"ro_RO","og_type":"article","og_title":"Despre noi - Natural Pharmaceuticals","og_description":"15 ani de calitate norvegian\u0103 \u00een Europa Central\u0103 \u0219i de Est! Natural Pharmaceuticals furnizeaz\u0103 suplimente pentru europeni de 15 ani. C\u00e2nd a fost expediat\u0103 prima comand\u0103, nici angaja\u021bii, nici conducerea nu \u00eendr\u0103zneau s\u0103 viseze la o cre\u0219tere at\u00e2t de dinamic\u0103.&#x2026; Read More Despre noi","og_url":"https:\/\/naturalpharmaceuticals.eu\/ro\/despre-noi\/","og_site_name":"Natural Pharmaceuticals","article_modified_time":"2024-01-24T11:58:46+00:00","og_image":[{"width":2560,"height":845,"url":"https:\/\/naturalpharmaceuticals.eu\/wp-content\/uploads\/sites\/2\/2020\/08\/rsz_shutterstock_1738764365-1-scaled.jpg","type":"image\/jpeg"}],"twitter_card":"summary_large_image","twitter_misc":{"Timp estimat pentru citire":"5 minute"},"schema":{"@context":"https:\/\/schema.org","@graph":[{"@type":"WebPage","@id":"https:\/\/naturalpharmaceuticals.eu\/ro\/despre-noi\/","url":"https:\/\/naturalpharmaceuticals.eu\/ro\/despre-noi\/","name":"Despre noi - Natural Pharmaceuticals","isPartOf":{"@id":"https:\/\/naturalpharmaceuticals.eu\/ro\/#website"},"primaryImageOfPage":{"@id":"https:\/\/naturalpharmaceuticals.eu\/ro\/despre-noi\/#primaryimage"},"image":{"@id":"https:\/\/naturalpharmaceuticals.eu\/ro\/despre-noi\/#primaryimage"},"thumbnailUrl":"https:\/\/naturalpharmaceuticals.eu\/wp-content\/uploads\/sites\/2\/2020\/08\/rsz_shutterstock_1738764365-1-scaled.jpg","datePublished":"2021-08-04T08:04:35+00:00","dateModified":"2024-01-24T11:58:46+00:00","breadcrumb":{"@id":"https:\/\/naturalpharmaceuticals.eu\/ro\/despre-noi\/#breadcrumb"},"inLanguage":"ro-RO","potentialAction":[{"@type":"ReadAction","target":["https:\/\/naturalpharmaceuticals.eu\/ro\/despre-noi\/"]}]},{"@type":"ImageObject","inLanguage":"ro-RO","@id":"https:\/\/naturalpharmaceuticals.eu\/ro\/despre-noi\/#primaryimage","url":"https:\/\/naturalpharmaceuticals.eu\/wp-content\/uploads\/sites\/2\/2020\/08\/rsz_shutterstock_1738764365-1-scaled.jpg","contentUrl":"https:\/\/naturalpharmaceuticals.eu\/wp-content\/uploads\/sites\/2\/2020\/08\/rsz_shutterstock_1738764365-1-scaled.jpg","width":2560,"height":845},{"@type":"BreadcrumbList","@id":"https:\/\/naturalpharmaceuticals.eu\/ro\/despre-noi\/#breadcrumb","itemListElement":[{"@type":"ListItem","position":1,"name":"Home","item":"https:\/\/naturalpharmaceuticals.eu\/ro\/"},{"@type":"ListItem","position":2,"name":"Despre noi"}]},{"@type":"WebSite","@id":"https:\/\/naturalpharmaceuticals.eu\/ro\/#website","url":"https:\/\/naturalpharmaceuticals.eu\/ro\/","name":"Natural Pharmaceuticals","description":"","publisher":{"@id":"https:\/\/naturalpharmaceuticals.eu\/ro\/#organization"},"potentialAction":[{"@type":"SearchAction","target":{"@type":"EntryPoint","urlTemplate":"https:\/\/naturalpharmaceuticals.eu\/ro\/?s={search_term_string}"},"query-input":{"@type":"PropertyValueSpecification","valueRequired":true,"valueName":"search_term_string"}}],"inLanguage":"ro-RO"},{"@type":"Organization","@id":"https:\/\/naturalpharmaceuticals.eu\/ro\/#organization","name":"Natural Pharmaceuticals","url":"https:\/\/naturalpharmaceuticals.eu\/ro\/","logo":{"@type":"ImageObject","inLanguage":"ro-RO","@id":"https:\/\/naturalpharmaceuticals.eu\/ro\/#\/schema\/logo\/image\/","url":"https:\/\/naturalpharmaceuticals.eu\/wp-content\/uploads\/sites\/2\/2020\/11\/cropped-natural-pharmaceuticals-logo.png","contentUrl":"https:\/\/naturalpharmaceuticals.eu\/wp-content\/uploads\/sites\/2\/2020\/11\/cropped-natural-pharmaceuticals-logo.png","width":900,"height":323,"caption":"Natural Pharmaceuticals"},"image":{"@id":"https:\/\/naturalpharmaceuticals.eu\/ro\/#\/schema\/logo\/image\/"}}]}},"jetpack_sharing_enabled":true,"_links":{"self":[{"href":"https:\/\/naturalpharmaceuticals.eu\/ro\/wp-json\/wp\/v2\/pages\/6177","targetHints":{"allow":["GET"]}}],"collection":[{"href":"https:\/\/naturalpharmaceuticals.eu\/ro\/wp-json\/wp\/v2\/pages"}],"about":[{"href":"https:\/\/naturalpharmaceuticals.eu\/ro\/wp-json\/wp\/v2\/types\/page"}],"author":[{"embeddable":true,"href":"https:\/\/naturalpharmaceuticals.eu\/ro\/wp-json\/wp\/v2\/users\/1"}],"replies":[{"embeddable":true,"href":"https:\/\/naturalpharmaceuticals.eu\/ro\/wp-json\/wp\/v2\/comments?post=6177"}],"version-history":[{"count":9,"href":"https:\/\/naturalpharmaceuticals.eu\/ro\/wp-json\/wp\/v2\/pages\/6177\/revisions"}],"predecessor-version":[{"id":22991,"href":"https:\/\/naturalpharmaceuticals.eu\/ro\/wp-json\/wp\/v2\/pages\/6177\/revisions\/22991"}],"wp:featuredmedia":[{"embeddable":true,"href":"https:\/\/naturalpharmaceuticals.eu\/ro\/wp-json\/wp\/v2\/media\/6184"}],"wp:attachment":[{"href":"https:\/\/naturalpharmaceuticals.eu\/ro\/wp-json\/wp\/v2\/media?parent=6177"}],"curies":[{"name":"wp","href":"https:\/\/api.w.org\/{rel}","templated":true}]}}