{"id":6296,"date":"2021-08-04T11:22:35","date_gmt":"2021-08-04T11:22:35","guid":{"rendered":"https:\/\/naturalpharmaceuticals.eu\/?page_id=6296"},"modified":"2021-12-27T11:42:05","modified_gmt":"2021-12-27T11:42:05","slug":"omegamarine-junior","status":"publish","type":"page","link":"https:\/\/naturalpharmaceuticals.eu\/ro\/produsele-noastre\/omegamarine-junior\/","title":{"rendered":"OmegaMarine Junior+"},"content":{"rendered":"\n<div class=\"wp-block-group\"><div class=\"wp-block-group__inner-container is-layout-flow wp-block-group-is-layout-flow\">\n<div class=\"wp-block-columns is-layout-flex wp-container-core-columns-is-layout-1 wp-block-columns-is-layout-flex\">\n<div class=\"wp-block-column is-layout-flow wp-block-column-is-layout-flow\">\n<figure class=\"wp-block-image size-large sticky\"><img loading=\"lazy\" decoding=\"async\" width=\"768\" height=\"768\" src=\"https:\/\/naturalpharmaceuticals.eu\/wp-content\/uploads\/sites\/2\/2020\/12\/OMJ_www_768x768.png\" alt=\"\" class=\"wp-image-1056\" srcset=\"https:\/\/naturalpharmaceuticals.eu\/wp-content\/uploads\/sites\/2\/2020\/12\/OMJ_www_768x768.png 768w, https:\/\/naturalpharmaceuticals.eu\/wp-content\/uploads\/sites\/2\/2020\/12\/OMJ_www_768x768-300x300.png 300w, https:\/\/naturalpharmaceuticals.eu\/wp-content\/uploads\/sites\/2\/2020\/12\/OMJ_www_768x768-150x150.png 150w, https:\/\/naturalpharmaceuticals.eu\/wp-content\/uploads\/sites\/2\/2020\/12\/OMJ_www_768x768-200x200.png 200w\" sizes=\"auto, (max-width: 768px) 100vw, 768px\" \/><\/figure>\n<\/div>\n\n\n\n<div class=\"wp-block-column product-info-frame is-layout-flow wp-block-column-is-layout-flow\">\n<p style=\"font-size:18px\"><strong>OmegaMarine Junior+<\/strong><\/p>\n\n\n\n<ul class=\"list-style-check-sign line-height-2 wp-block-list\"><li>Efect documentat asupra dezvolt\u0103rii \u0219i func\u021biei creierului&nbsp;<\/li><li>Con\u021binut ridicat de DHA&nbsp;<\/li><li>\u00cembun\u0103t\u0103\u021bit cu vitamina D, A \u0219i E pentru sistemul imunitar&nbsp;<\/li><li>Comprimate&nbsp;masticabile prietenoase pentru copii,&nbsp;sub&nbsp;form\u0103 de pe\u0219te&nbsp;<\/li><li>Arom\u0103 fructat\u0103&nbsp;<\/li><li>Mai&nbsp;bun&nbsp;dec\u00e2t uleiul de ficat de cod (tran), copiii \u00eel vor cere singuri \u00een fiecare diminea\u021b\u0103&nbsp;<\/li><li>\u00cendulcit natural Stevia<\/li><li>Recomandat copiilor peste 3 ani&nbsp;<\/li><\/ul>\n\n\n\n<p><\/p>\n<\/div>\n<\/div>\n<\/div><\/div>\n\n\n\n<div class=\"packshot-bg-wrapper\"><div class=\"full-width-inside-container packshot-bg packshot-bg-omj\"><\/div><\/div>\n\n\n\n<p><meta charset=\"utf-8\">Rolul, pe care ingredientele-cheie con\u0163inute de OmegaMarine Junior+, \u00eel au \u00een organismul uman a fost avizat favorabil \u00een men\u021biunile de s\u0103n\u0103tate emise de Autoritatea European\u0103 pentru Siguran\u021ba Alimentar\u0103 (EFSA):<\/p>\n\n\n\n<p>DHA ajut\u0103 la men\u021binerea func\u021biei normale&nbsp;a vederii<sup>1<\/sup>&nbsp;\u0219i&nbsp;a&nbsp;creierului<sup>1<\/sup>. DHA \u0219i EPA contribuie la func\u021bionarea normal\u0103 a inimii<sup>2<\/sup>.&nbsp;<br>Vitamina D contribuie la func\u021bionarea normal\u0103 a sistemului imunitar.&nbsp;<br>Vitamina D contribuie la men\u021binerea&nbsp;normal\u0103 a&nbsp;oaselor \u0219i a din\u021bilor.&nbsp;<\/p>\n\n\n\n<p><sup>1<\/sup>&nbsp;Un efect benefic se ob\u021bine&nbsp;printr-un&nbsp;aport zilnic de 250 mg de DHA.&nbsp;<br><sup>2<\/sup>&nbsp;Un efect benefic se ob\u021bine&nbsp;printr-un&nbsp;aport zilnic de 250 mg de DHA \u0219i EPA.&nbsp;<\/p>\n\n\n<div role=\"tabpanel\" class=\"wp-block-ub-tabbed-content-tab-content-wrap ub-hide\"\n        id=\"ub-tabbed-content--panel-0\" aria-labelledby=\"ub-tabbed-content--tab-0\" tabindex=\"0\">\n\n<p><a href=\"https:\/\/nordicmed.natural.pl\/?page_id=326\">Preview in new tab(opens in a new tab)<\/a><\/p>\n\n\n\n<p>reviews<\/p>\n\n<\/div>\n\n<div role=\"tabpanel\" class=\"wp-block-ub-tabbed-content-tab-content-wrap ub-hide\"\n        id=\"ub-tabbed-content--panel-1\" aria-labelledby=\"ub-tabbed-content--tab-1\" tabindex=\"0\">\n\n<p><\/p>\n\n<\/div>\n\n<div role=\"tabpanel\" class=\"wp-block-ub-tabbed-content-tab-content-wrap ub-hide\"\n        id=\"ub-tabbed-content--panel-2\" aria-labelledby=\"ub-tabbed-content--tab-2\" tabindex=\"0\">\n\n<p><\/p>\n\n<\/div>\n\n<div class=\"wp-block-ub-tabbed-content-block wp-block-ub-tabbed-content wp-block-ub-tabbed-content-holder wp-block-ub-tabbed-content-horizontal-holder-mobile wp-block-ub-tabbed-content-horizontal-holder-tablet\" id=\"ub-tabbed-content-0f38b506-d415-403f-9651-5ee58a5d56fc\">\n\t\t\t<div class=\"wp-block-ub-tabbed-content-tab-holder horizontal-tab-width-mobile horizontal-tab-width-tablet\">\n\t\t\t\t<div role=\"tablist\" class=\"wp-block-ub-tabbed-content-tabs-title wp-block-ub-tabbed-content-tabs-title-mobile-horizontal-tab wp-block-ub-tabbed-content-tabs-title-tablet-horizontal-tab\"><div role=\"tab\" id=\"ub-tabbed-content-0f38b506-d415-403f-9651-5ee58a5d56fc-tab-0\" aria-controls=\"ub-tabbed-content-0f38b506-d415-403f-9651-5ee58a5d56fc-panel-0\" aria-selected=\"true\" class=\"wp-block-ub-tabbed-content-tab-title-wrap active\" style=\"\" tabindex=\"-1\">\n\t\t\t\t<div class=\"wp-block-ub-tabbed-content-tab-title\">Informa\u021bii nutri\u021bionale<\/div>\n\t\t\t<\/div><\/div>\n\t\t\t<\/div>\n\t\t\t<div class=\"wp-block-ub-tabbed-content-tabs-content\" style=\"\"><div role=\"tabpanel\" class=\"wp-block-ub-tabbed-content-tab-content-wrap active\"\n        id=\"ub-tabbed-content-0f38b506-d415-403f-9651-5ee58a5d56fc-panel-0\" aria-labelledby=\"ub-tabbed-content-0f38b506-d415-403f-9651-5ee58a5d56fc-tab-0\" tabindex=\"0\">\n\n<p>OmegaMarine Junior+<\/p>\n\n\n\n<figure class=\"wp-block-table is-style-borders\"><table><tbody><tr><th>Ingrediente<\/th><th>2 <strong>comprimate<\/strong><\/th><th>VNR *<\/th><\/tr><tr><td>Ulei de ton, inclusiv:<\/td><td>1 000 mg<\/td><td>&#8211;<\/td><\/tr><tr><td>&nbsp;&nbsp;&nbsp;&nbsp;Acizi gra\u0219i&nbsp;Omega-3:<\/td><td>363 mg<\/td><td>&#8211;<\/td><\/tr><tr><td>&nbsp;&nbsp;&nbsp;&nbsp;&nbsp;&nbsp;&nbsp;&nbsp;DHA (acid docosahexaenoic)<\/td><td>281 mg<\/td><td>&#8211;<\/td><\/tr><tr><td>&nbsp;&nbsp;&nbsp;&nbsp;&nbsp;&nbsp;&nbsp;&nbsp;EPA (acid eicosapentaenoic)<\/td><td>72 mg<\/td><td>&#8211;<\/td><\/tr><tr><td>Vitamina E<\/td><td>12 mg<\/td><td>100<\/td><\/tr><tr><td>Vitamina A<\/td><td>120 \u03bcg<\/td><td>15<\/td><\/tr><tr><td>Vitamina D<\/td><td>5 \u03bcg<\/td><td>100<\/td><\/tr><\/tbody><\/table><\/figure>\n\n\n\n<p>* Valoare nutri\u021bional\u0103 recomandat\u0103 (VNR)&nbsp;%&nbsp;&nbsp;<\/p>\n\n\n\n<p><strong>Ingrediente:<\/strong>&nbsp;ulei de ton, stabilizator (glicerol), gelatin\u0103 de porc, amidon&nbsp;modificat&nbsp;din&nbsp;cartof,&nbsp;arom\u0103, vitamina E (acetat de dl-alfa-tocoferil), vitamina A (retinol palmitat), \u00eendulcitor (glicozid\u0103 de steviol), antioxidant (amestec de tocoferoli), vitamina D (colecalciferol).&nbsp;<\/p>\n\n\n\n<p><strong>OmegaMarine Junior+ &#8211; dou\u0103&nbsp;comprimate&nbsp;pe zi<\/strong>&nbsp;<\/p>\n\n\n\n<p><strong>Mod de utilizare:<\/strong>&nbsp;Scopul produsului este&nbsp;acela&nbsp;de a suplimenta dieta zilnic\u0103 a copiilor cu acizi gra\u0219i esen\u021biali omega-3 \u0219i vitamina D3.&nbsp;<\/p>\n\n\n\n<p><strong>Doz\u0103&nbsp;zilnic\u0103 recomandat\u0103:<\/strong>&nbsp;2&nbsp;comprimate&nbsp;pe zi&nbsp;<\/p>\n\n\n\n<p><strong>Greutate net\u0103:<\/strong>&nbsp;320 g (360&nbsp;comprimate&nbsp;pe recipient, 0,89 g fiecare)&nbsp;<\/p>\n\n\n\n<p>Suplimentele alimentare nu \u00eenlocuiesc o diet\u0103 echilibrat\u0103 \u0219i variat\u0103. A nu se l\u0103sa la \u00eendem\u00e2na copiilor.\u00a0A nu se dep\u0103\u0219i\u00a0doza zilnic\u0103 recomandat\u0103.\u00a0<\/p>\n\n\n\n<p><strong>Valabilitate:<\/strong>&nbsp;p\u00e2n\u0103 la data&nbsp;\u00eenscris\u0103 pe ambalaj&nbsp;<\/p>\n\n\n\n<p><strong>Serie de fabrica\u021bie:<\/strong>&nbsp;\u00eenscris\u0103 pe ambalaj&nbsp;<\/p>\n\n\n\n<p><strong>Depozitare:<\/strong>&nbsp;la max. 25\u00b0C,&nbsp;ferit&nbsp;de lumin\u0103 \u0219i&nbsp;umezeal\u0103&nbsp;<\/p>\n\n\n\n<p><strong>Fabricat \u00een Norvegia<\/strong>&nbsp;de Pharmatech AS pentru&nbsp;<br>Natural Pharmaceuticals Sp. z o.o.&nbsp;<\/p>\n\n\n\n<p><strong>Distribuitor<\/strong>: Natural Pharmaceuticals Sp. z o.o.&nbsp;<br>Domaniewska 28, 02-672 Var\u0219ovia, Polonia&nbsp;<\/p>\n\n\n\n<p><\/p>\n\n<\/div><\/div>\n\t\t<\/div>\n\n\n<div class=\"wp-block-group alignwide\"><div class=\"wp-block-group__inner-container is-layout-flow wp-block-group-is-layout-flow\"><\/div><\/div>\n\n\n\n<figure class=\"wp-block-image alignfull size-full\"><img loading=\"lazy\" decoding=\"async\" width=\"1520\" height=\"500\" src=\"https:\/\/naturalpharmaceuticals.eu\/wp-content\/uploads\/sites\/2\/2021\/03\/Natural_Pharmaceuticals_OmegaMarine_Junior_IMG_8734_OMJ_a.jpg\" alt=\"\" class=\"wp-image-3237\" srcset=\"https:\/\/naturalpharmaceuticals.eu\/wp-content\/uploads\/sites\/2\/2021\/03\/Natural_Pharmaceuticals_OmegaMarine_Junior_IMG_8734_OMJ_a.jpg 1520w, https:\/\/naturalpharmaceuticals.eu\/wp-content\/uploads\/sites\/2\/2021\/03\/Natural_Pharmaceuticals_OmegaMarine_Junior_IMG_8734_OMJ_a-300x99.jpg 300w, https:\/\/naturalpharmaceuticals.eu\/wp-content\/uploads\/sites\/2\/2021\/03\/Natural_Pharmaceuticals_OmegaMarine_Junior_IMG_8734_OMJ_a-1024x337.jpg 1024w, https:\/\/naturalpharmaceuticals.eu\/wp-content\/uploads\/sites\/2\/2021\/03\/Natural_Pharmaceuticals_OmegaMarine_Junior_IMG_8734_OMJ_a-768x253.jpg 768w\" sizes=\"auto, (max-width: 1520px) 100vw, 1520px\" \/><\/figure>\n\n\n\n<div class=\"wp-block-columns is-layout-flex wp-container-core-columns-is-layout-2 wp-block-columns-is-layout-flex\">\n<div class=\"wp-block-column is-vertically-aligned-center is-layout-flow wp-block-column-is-layout-flow\">\n<div class=\"wp-block-image\"><figure class=\"aligncenter size-full\"><img loading=\"lazy\" decoding=\"async\" width=\"220\" height=\"220\" src=\"https:\/\/naturalpharmaceuticals.eu\/wp-content\/uploads\/sites\/2\/2020\/09\/goed.png\" alt=\"\" class=\"wp-image-350\" srcset=\"https:\/\/naturalpharmaceuticals.eu\/wp-content\/uploads\/sites\/2\/2020\/09\/goed.png 220w, https:\/\/naturalpharmaceuticals.eu\/wp-content\/uploads\/sites\/2\/2020\/09\/goed-150x150.png 150w, https:\/\/naturalpharmaceuticals.eu\/wp-content\/uploads\/sites\/2\/2020\/09\/goed-200x200.png 200w\" sizes=\"auto, (max-width: 220px) 100vw, 220px\" \/><\/figure><\/div>\n\n\n\n<p><\/p>\n<\/div>\n\n\n\n<div class=\"wp-block-column is-vertically-aligned-center is-layout-flow wp-block-column-is-layout-flow\">\n<div class=\"wp-block-image\"><figure class=\"aligncenter size-full is-resized\"><img loading=\"lazy\" decoding=\"async\" src=\"https:\/\/naturalpharmaceuticals.eu\/wp-content\/uploads\/sites\/2\/2020\/12\/DMR-S-2020-LOGO.png\" alt=\"\" class=\"wp-image-968\" width=\"220\" height=\"220\" srcset=\"https:\/\/naturalpharmaceuticals.eu\/wp-content\/uploads\/sites\/2\/2020\/12\/DMR-S-2020-LOGO.png 977w, https:\/\/naturalpharmaceuticals.eu\/wp-content\/uploads\/sites\/2\/2020\/12\/DMR-S-2020-LOGO-300x300.png 300w, https:\/\/naturalpharmaceuticals.eu\/wp-content\/uploads\/sites\/2\/2020\/12\/DMR-S-2020-LOGO-150x150.png 150w, https:\/\/naturalpharmaceuticals.eu\/wp-content\/uploads\/sites\/2\/2020\/12\/DMR-S-2020-LOGO-768x767.png 768w, https:\/\/naturalpharmaceuticals.eu\/wp-content\/uploads\/sites\/2\/2020\/12\/DMR-S-2020-LOGO-200x200.png 200w\" sizes=\"auto, (max-width: 220px) 100vw, 220px\" \/><\/figure><\/div>\n<\/div>\n<\/div>\n","protected":false},"excerpt":{"rendered":"<p>OmegaMarine Junior+ Efect documentat asupra dezvolt\u0103rii \u0219i func\u021biei creierului&nbsp; Con\u021binut ridicat de DHA&nbsp; \u00cembun\u0103t\u0103\u021bit cu vitamina D, A \u0219i E pentru sistemul imunitar&nbsp; Comprimate&nbsp;masticabile prietenoase pentru copii,&nbsp;sub&nbsp;form\u0103 de pe\u0219te&nbsp; Arom\u0103 fructat\u0103&nbsp; Mai&nbsp;bun&nbsp;dec\u00e2t uleiul de ficat de cod (tran), copiii \u00eel&#x2026; <\/p>\n<p class=\"more-link-container th-uppercase\"><a href=\"https:\/\/naturalpharmaceuticals.eu\/ro\/produsele-noastre\/omegamarine-junior\/\" class=\"more-link\">Read More <span class=\"screen-reader-text\">OmegaMarine Junior+<\/span><\/a><\/p>\n","protected":false},"author":1,"featured_media":6217,"parent":6207,"menu_order":0,"comment_status":"closed","ping_status":"closed","template":"templates\/grid-full-width-page.php","meta":{"ub_ctt_via":"","footnotes":""},"class_list":["post-6296","page","type-page","status-publish","has-post-thumbnail","hentry"],"featured_image_src":"https:\/\/naturalpharmaceuticals.eu\/wp-content\/uploads\/sites\/2\/2020\/12\/PL_banner_760x300_v3_3_Natural_Pharmaceuticals_OmegaMarine_Junior.jpg","yoast_head":"<!-- This site is optimized with the Yoast SEO plugin v24.4 - https:\/\/yoast.com\/wordpress\/plugins\/seo\/ -->\n<title>OmegaMarine Junior+ - Natural Pharmaceuticals<\/title>\n<meta name=\"robots\" content=\"index, follow, max-snippet:-1, max-image-preview:large, max-video-preview:-1\" \/>\n<link rel=\"canonical\" href=\"https:\/\/naturalpharmaceuticals.eu\/ro\/produsele-noastre\/omegamarine-junior\/\" \/>\n<meta property=\"og:locale\" content=\"ro_RO\" \/>\n<meta property=\"og:type\" content=\"article\" \/>\n<meta property=\"og:title\" content=\"OmegaMarine Junior+ - Natural Pharmaceuticals\" \/>\n<meta property=\"og:description\" content=\"OmegaMarine Junior+ Efect documentat asupra dezvolt\u0103rii \u0219i func\u021biei creierului&nbsp; Con\u021binut ridicat de DHA&nbsp; \u00cembun\u0103t\u0103\u021bit cu vitamina D, A \u0219i E pentru sistemul imunitar&nbsp; Comprimate&nbsp;masticabile prietenoase pentru copii,&nbsp;sub&nbsp;form\u0103 de pe\u0219te&nbsp; Arom\u0103 fructat\u0103&nbsp; Mai&nbsp;bun&nbsp;dec\u00e2t uleiul de ficat de cod (tran), copiii \u00eel&#x2026; Read More OmegaMarine Junior+\" \/>\n<meta property=\"og:url\" content=\"https:\/\/naturalpharmaceuticals.eu\/ro\/produsele-noastre\/omegamarine-junior\/\" \/>\n<meta property=\"og:site_name\" content=\"Natural Pharmaceuticals\" \/>\n<meta property=\"article:modified_time\" content=\"2021-12-27T11:42:05+00:00\" \/>\n<meta property=\"og:image\" content=\"https:\/\/naturalpharmaceuticals.eu\/wp-content\/uploads\/sites\/2\/2020\/12\/PL_banner_760x300_v3_3_Natural_Pharmaceuticals_OmegaMarine_Junior.jpg\" \/>\n\t<meta property=\"og:image:width\" content=\"760\" \/>\n\t<meta property=\"og:image:height\" content=\"300\" \/>\n\t<meta property=\"og:image:type\" content=\"image\/jpeg\" \/>\n<meta name=\"twitter:card\" content=\"summary_large_image\" \/>\n<meta name=\"twitter:label1\" content=\"Timp estimat pentru citire\" \/>\n\t<meta name=\"twitter:data1\" content=\"3 minute\" \/>\n<script type=\"application\/ld+json\" class=\"yoast-schema-graph\">{\"@context\":\"https:\/\/schema.org\",\"@graph\":[{\"@type\":\"WebPage\",\"@id\":\"https:\/\/naturalpharmaceuticals.eu\/ro\/produsele-noastre\/omegamarine-junior\/\",\"url\":\"https:\/\/naturalpharmaceuticals.eu\/ro\/produsele-noastre\/omegamarine-junior\/\",\"name\":\"OmegaMarine Junior+ - Natural Pharmaceuticals\",\"isPartOf\":{\"@id\":\"https:\/\/naturalpharmaceuticals.eu\/ro\/#website\"},\"primaryImageOfPage\":{\"@id\":\"https:\/\/naturalpharmaceuticals.eu\/ro\/produsele-noastre\/omegamarine-junior\/#primaryimage\"},\"image\":{\"@id\":\"https:\/\/naturalpharmaceuticals.eu\/ro\/produsele-noastre\/omegamarine-junior\/#primaryimage\"},\"thumbnailUrl\":\"https:\/\/naturalpharmaceuticals.eu\/wp-content\/uploads\/sites\/2\/2020\/12\/PL_banner_760x300_v3_3_Natural_Pharmaceuticals_OmegaMarine_Junior.jpg\",\"datePublished\":\"2021-08-04T11:22:35+00:00\",\"dateModified\":\"2021-12-27T11:42:05+00:00\",\"breadcrumb\":{\"@id\":\"https:\/\/naturalpharmaceuticals.eu\/ro\/produsele-noastre\/omegamarine-junior\/#breadcrumb\"},\"inLanguage\":\"ro-RO\",\"potentialAction\":[{\"@type\":\"ReadAction\",\"target\":[\"https:\/\/naturalpharmaceuticals.eu\/ro\/produsele-noastre\/omegamarine-junior\/\"]}]},{\"@type\":\"ImageObject\",\"inLanguage\":\"ro-RO\",\"@id\":\"https:\/\/naturalpharmaceuticals.eu\/ro\/produsele-noastre\/omegamarine-junior\/#primaryimage\",\"url\":\"https:\/\/naturalpharmaceuticals.eu\/wp-content\/uploads\/sites\/2\/2020\/12\/PL_banner_760x300_v3_3_Natural_Pharmaceuticals_OmegaMarine_Junior.jpg\",\"contentUrl\":\"https:\/\/naturalpharmaceuticals.eu\/wp-content\/uploads\/sites\/2\/2020\/12\/PL_banner_760x300_v3_3_Natural_Pharmaceuticals_OmegaMarine_Junior.jpg\",\"width\":760,\"height\":300},{\"@type\":\"BreadcrumbList\",\"@id\":\"https:\/\/naturalpharmaceuticals.eu\/ro\/produsele-noastre\/omegamarine-junior\/#breadcrumb\",\"itemListElement\":[{\"@type\":\"ListItem\",\"position\":1,\"name\":\"Home\",\"item\":\"https:\/\/naturalpharmaceuticals.eu\/ro\/\"},{\"@type\":\"ListItem\",\"position\":2,\"name\":\"Produsele noastre\",\"item\":\"https:\/\/naturalpharmaceuticals.eu\/ro\/produsele-noastre\/\"},{\"@type\":\"ListItem\",\"position\":3,\"name\":\"OmegaMarine Junior+\"}]},{\"@type\":\"WebSite\",\"@id\":\"https:\/\/naturalpharmaceuticals.eu\/ro\/#website\",\"url\":\"https:\/\/naturalpharmaceuticals.eu\/ro\/\",\"name\":\"Natural Pharmaceuticals\",\"description\":\"\",\"publisher\":{\"@id\":\"https:\/\/naturalpharmaceuticals.eu\/ro\/#organization\"},\"potentialAction\":[{\"@type\":\"SearchAction\",\"target\":{\"@type\":\"EntryPoint\",\"urlTemplate\":\"https:\/\/naturalpharmaceuticals.eu\/ro\/?s={search_term_string}\"},\"query-input\":{\"@type\":\"PropertyValueSpecification\",\"valueRequired\":true,\"valueName\":\"search_term_string\"}}],\"inLanguage\":\"ro-RO\"},{\"@type\":\"Organization\",\"@id\":\"https:\/\/naturalpharmaceuticals.eu\/ro\/#organization\",\"name\":\"Natural Pharmaceuticals\",\"url\":\"https:\/\/naturalpharmaceuticals.eu\/ro\/\",\"logo\":{\"@type\":\"ImageObject\",\"inLanguage\":\"ro-RO\",\"@id\":\"https:\/\/naturalpharmaceuticals.eu\/ro\/#\/schema\/logo\/image\/\",\"url\":\"https:\/\/naturalpharmaceuticals.eu\/wp-content\/uploads\/sites\/2\/2020\/11\/cropped-natural-pharmaceuticals-logo.png\",\"contentUrl\":\"https:\/\/naturalpharmaceuticals.eu\/wp-content\/uploads\/sites\/2\/2020\/11\/cropped-natural-pharmaceuticals-logo.png\",\"width\":900,\"height\":323,\"caption\":\"Natural Pharmaceuticals\"},\"image\":{\"@id\":\"https:\/\/naturalpharmaceuticals.eu\/ro\/#\/schema\/logo\/image\/\"}}]}<\/script>\n<!-- \/ Yoast SEO plugin. -->","yoast_head_json":{"title":"OmegaMarine Junior+ - Natural Pharmaceuticals","robots":{"index":"index","follow":"follow","max-snippet":"max-snippet:-1","max-image-preview":"max-image-preview:large","max-video-preview":"max-video-preview:-1"},"canonical":"https:\/\/naturalpharmaceuticals.eu\/ro\/produsele-noastre\/omegamarine-junior\/","og_locale":"ro_RO","og_type":"article","og_title":"OmegaMarine Junior+ - Natural Pharmaceuticals","og_description":"OmegaMarine Junior+ Efect documentat asupra dezvolt\u0103rii \u0219i func\u021biei creierului&nbsp; Con\u021binut ridicat de DHA&nbsp; \u00cembun\u0103t\u0103\u021bit cu vitamina D, A \u0219i E pentru sistemul imunitar&nbsp; Comprimate&nbsp;masticabile prietenoase pentru copii,&nbsp;sub&nbsp;form\u0103 de pe\u0219te&nbsp; Arom\u0103 fructat\u0103&nbsp; Mai&nbsp;bun&nbsp;dec\u00e2t uleiul de ficat de cod (tran), copiii \u00eel&#x2026; Read More OmegaMarine Junior+","og_url":"https:\/\/naturalpharmaceuticals.eu\/ro\/produsele-noastre\/omegamarine-junior\/","og_site_name":"Natural Pharmaceuticals","article_modified_time":"2021-12-27T11:42:05+00:00","og_image":[{"width":760,"height":300,"url":"https:\/\/naturalpharmaceuticals.eu\/wp-content\/uploads\/sites\/2\/2020\/12\/PL_banner_760x300_v3_3_Natural_Pharmaceuticals_OmegaMarine_Junior.jpg","type":"image\/jpeg"}],"twitter_card":"summary_large_image","twitter_misc":{"Timp estimat pentru citire":"3 minute"},"schema":{"@context":"https:\/\/schema.org","@graph":[{"@type":"WebPage","@id":"https:\/\/naturalpharmaceuticals.eu\/ro\/produsele-noastre\/omegamarine-junior\/","url":"https:\/\/naturalpharmaceuticals.eu\/ro\/produsele-noastre\/omegamarine-junior\/","name":"OmegaMarine Junior+ - Natural Pharmaceuticals","isPartOf":{"@id":"https:\/\/naturalpharmaceuticals.eu\/ro\/#website"},"primaryImageOfPage":{"@id":"https:\/\/naturalpharmaceuticals.eu\/ro\/produsele-noastre\/omegamarine-junior\/#primaryimage"},"image":{"@id":"https:\/\/naturalpharmaceuticals.eu\/ro\/produsele-noastre\/omegamarine-junior\/#primaryimage"},"thumbnailUrl":"https:\/\/naturalpharmaceuticals.eu\/wp-content\/uploads\/sites\/2\/2020\/12\/PL_banner_760x300_v3_3_Natural_Pharmaceuticals_OmegaMarine_Junior.jpg","datePublished":"2021-08-04T11:22:35+00:00","dateModified":"2021-12-27T11:42:05+00:00","breadcrumb":{"@id":"https:\/\/naturalpharmaceuticals.eu\/ro\/produsele-noastre\/omegamarine-junior\/#breadcrumb"},"inLanguage":"ro-RO","potentialAction":[{"@type":"ReadAction","target":["https:\/\/naturalpharmaceuticals.eu\/ro\/produsele-noastre\/omegamarine-junior\/"]}]},{"@type":"ImageObject","inLanguage":"ro-RO","@id":"https:\/\/naturalpharmaceuticals.eu\/ro\/produsele-noastre\/omegamarine-junior\/#primaryimage","url":"https:\/\/naturalpharmaceuticals.eu\/wp-content\/uploads\/sites\/2\/2020\/12\/PL_banner_760x300_v3_3_Natural_Pharmaceuticals_OmegaMarine_Junior.jpg","contentUrl":"https:\/\/naturalpharmaceuticals.eu\/wp-content\/uploads\/sites\/2\/2020\/12\/PL_banner_760x300_v3_3_Natural_Pharmaceuticals_OmegaMarine_Junior.jpg","width":760,"height":300},{"@type":"BreadcrumbList","@id":"https:\/\/naturalpharmaceuticals.eu\/ro\/produsele-noastre\/omegamarine-junior\/#breadcrumb","itemListElement":[{"@type":"ListItem","position":1,"name":"Home","item":"https:\/\/naturalpharmaceuticals.eu\/ro\/"},{"@type":"ListItem","position":2,"name":"Produsele noastre","item":"https:\/\/naturalpharmaceuticals.eu\/ro\/produsele-noastre\/"},{"@type":"ListItem","position":3,"name":"OmegaMarine Junior+"}]},{"@type":"WebSite","@id":"https:\/\/naturalpharmaceuticals.eu\/ro\/#website","url":"https:\/\/naturalpharmaceuticals.eu\/ro\/","name":"Natural Pharmaceuticals","description":"","publisher":{"@id":"https:\/\/naturalpharmaceuticals.eu\/ro\/#organization"},"potentialAction":[{"@type":"SearchAction","target":{"@type":"EntryPoint","urlTemplate":"https:\/\/naturalpharmaceuticals.eu\/ro\/?s={search_term_string}"},"query-input":{"@type":"PropertyValueSpecification","valueRequired":true,"valueName":"search_term_string"}}],"inLanguage":"ro-RO"},{"@type":"Organization","@id":"https:\/\/naturalpharmaceuticals.eu\/ro\/#organization","name":"Natural Pharmaceuticals","url":"https:\/\/naturalpharmaceuticals.eu\/ro\/","logo":{"@type":"ImageObject","inLanguage":"ro-RO","@id":"https:\/\/naturalpharmaceuticals.eu\/ro\/#\/schema\/logo\/image\/","url":"https:\/\/naturalpharmaceuticals.eu\/wp-content\/uploads\/sites\/2\/2020\/11\/cropped-natural-pharmaceuticals-logo.png","contentUrl":"https:\/\/naturalpharmaceuticals.eu\/wp-content\/uploads\/sites\/2\/2020\/11\/cropped-natural-pharmaceuticals-logo.png","width":900,"height":323,"caption":"Natural Pharmaceuticals"},"image":{"@id":"https:\/\/naturalpharmaceuticals.eu\/ro\/#\/schema\/logo\/image\/"}}]}},"jetpack_sharing_enabled":true,"_links":{"self":[{"href":"https:\/\/naturalpharmaceuticals.eu\/ro\/wp-json\/wp\/v2\/pages\/6296","targetHints":{"allow":["GET"]}}],"collection":[{"href":"https:\/\/naturalpharmaceuticals.eu\/ro\/wp-json\/wp\/v2\/pages"}],"about":[{"href":"https:\/\/naturalpharmaceuticals.eu\/ro\/wp-json\/wp\/v2\/types\/page"}],"author":[{"embeddable":true,"href":"https:\/\/naturalpharmaceuticals.eu\/ro\/wp-json\/wp\/v2\/users\/1"}],"replies":[{"embeddable":true,"href":"https:\/\/naturalpharmaceuticals.eu\/ro\/wp-json\/wp\/v2\/comments?post=6296"}],"version-history":[{"count":3,"href":"https:\/\/naturalpharmaceuticals.eu\/ro\/wp-json\/wp\/v2\/pages\/6296\/revisions"}],"predecessor-version":[{"id":8531,"href":"https:\/\/naturalpharmaceuticals.eu\/ro\/wp-json\/wp\/v2\/pages\/6296\/revisions\/8531"}],"up":[{"embeddable":true,"href":"https:\/\/naturalpharmaceuticals.eu\/ro\/wp-json\/wp\/v2\/pages\/6207"}],"wp:featuredmedia":[{"embeddable":true,"href":"https:\/\/naturalpharmaceuticals.eu\/ro\/wp-json\/wp\/v2\/media\/6217"}],"wp:attachment":[{"href":"https:\/\/naturalpharmaceuticals.eu\/ro\/wp-json\/wp\/v2\/media?parent=6296"}],"curies":[{"name":"wp","href":"https:\/\/api.w.org\/{rel}","templated":true}]}}