{"id":6305,"date":"2021-08-04T12:32:25","date_gmt":"2021-08-04T12:32:25","guid":{"rendered":"https:\/\/naturalpharmaceuticals.eu\/?page_id=6305"},"modified":"2025-08-12T13:57:11","modified_gmt":"2025-08-12T13:57:11","slug":"proletto-plus","status":"publish","type":"page","link":"https:\/\/naturalpharmaceuticals.eu\/ro\/produsele-noastre\/proletto-plus\/","title":{"rendered":"ProstaXin Plus"},"content":{"rendered":"\n<div class=\"wp-block-group\"><div class=\"wp-block-group__inner-container is-layout-flow wp-block-group-is-layout-flow\">\n<div class=\"wp-block-columns is-layout-flex wp-container-core-columns-is-layout-1 wp-block-columns-is-layout-flex\">\n<div class=\"wp-block-column is-layout-flow wp-block-column-is-layout-flow\">\n<figure class=\"wp-block-image size-full sticky\"><img loading=\"lazy\" decoding=\"async\" width=\"768\" height=\"768\" src=\"https:\/\/naturalpharmaceuticals.eu\/wp-content\/uploads\/sites\/2\/2020\/12\/PR_www_768x768.png\" alt=\"\" class=\"wp-image-6307\" srcset=\"https:\/\/naturalpharmaceuticals.eu\/wp-content\/uploads\/sites\/2\/2020\/12\/PR_www_768x768.png 768w, https:\/\/naturalpharmaceuticals.eu\/wp-content\/uploads\/sites\/2\/2020\/12\/PR_www_768x768-300x300.png 300w, https:\/\/naturalpharmaceuticals.eu\/wp-content\/uploads\/sites\/2\/2020\/12\/PR_www_768x768-150x150.png 150w, https:\/\/naturalpharmaceuticals.eu\/wp-content\/uploads\/sites\/2\/2020\/12\/PR_www_768x768-200x200.png 200w\" sizes=\"auto, (max-width: 768px) 100vw, 768px\" \/><\/figure>\n<\/div>\n\n\n\n<div class=\"wp-block-column product-info-frame is-layout-flow wp-block-column-is-layout-flow\">\n<p style=\"font-size:18px\"><strong>ProstaXin Plus<\/strong><\/p>\n\n\n\n<ul class=\"wp-block-list list-style-check-sign line-height-2\">\n<li>Ingrediente active cu efect documentat\u00a0<\/li>\n\n\n\n<li>Men\u021bine func\u021bia\u00a0s\u0103n\u0103toas\u0103 a prostatei \u0219i a sistemului urinar\u00a0<\/li>\n\n\n\n<li>O\u00a0tablet\u0103 pe zi\u00a0<\/li>\n\n\n\n<li>Recomandat tuturor b\u0103rba\u021bilor cu v\u00e2rsta\u00a0de\u00a0peste cincizeci de ani\u00a0<\/li>\n<\/ul>\n\n\n\n<p><\/p>\n<\/div>\n<\/div>\n<\/div><\/div>\n\n\n\n<div class=\"packshot-bg-wrapper\"><div class=\"full-width-inside-container packshot-bg packshot-bg-pr\"><\/div><\/div>\n\n\n\n<p><meta charset=\"utf-8\">Rolul, pe care ingredientele-cheie con\u0163inute de ProstaXin Plus, \u00eel au \u00een organismul uman a fost avizat favorabil \u00een men\u021biunile de s\u0103n\u0103tate emise de Autoritatea European\u0103 pentru Siguran\u021ba Alimentar\u0103 (EFSA):<\/p>\n\n\n\n<p>Seleniul contribuie la spermatogeneza normal\u0103.&nbsp;<br>Zincul contribuie la fertilitatea \u0219i reproducerea normal\u0103.&nbsp;<br>Zincul contribuie la men\u021binerea nivelurilor normale de testosteron \u00een s\u00e2nge.&nbsp;<br>Seleniul \u0219i zincul contribuie la men\u021binerea&nbsp;normal\u0103 a&nbsp;p\u0103rului.&nbsp;<br>Zincul are rol \u00een procesul de diviziune celular\u0103.&nbsp;<br>Seleniul \u0219i zincul contribuie la protejarea celulelor de stresul oxidativ.&nbsp;<\/p>\n\n\n<div role=\"tabpanel\" class=\"wp-block-ub-tabbed-content-tab-content-wrap ub-hide\"\n        id=\"ub-tabbed-content--panel-0\" aria-labelledby=\"ub-tabbed-content--tab-0\" tabindex=\"0\">\n\n<p><a href=\"https:\/\/nordicmed.natural.pl\/?page_id=326\">Preview in new tab(opens in a new tab)<\/a><\/p>\n\n\n\n<p>reviews<\/p>\n\n<\/div>\n\n<div role=\"tabpanel\" class=\"wp-block-ub-tabbed-content-tab-content-wrap ub-hide\"\n        id=\"ub-tabbed-content--panel-1\" aria-labelledby=\"ub-tabbed-content--tab-1\" tabindex=\"0\">\n\n<p><\/p>\n\n<\/div>\n\n<div role=\"tabpanel\" class=\"wp-block-ub-tabbed-content-tab-content-wrap ub-hide\"\n        id=\"ub-tabbed-content--panel-2\" aria-labelledby=\"ub-tabbed-content--tab-2\" tabindex=\"0\">\n\n<p><\/p>\n\n<\/div>\n\n<div class=\"wp-block-ub-tabbed-content-block wp-block-ub-tabbed-content wp-block-ub-tabbed-content-holder wp-block-ub-tabbed-content-horizontal-holder-mobile wp-block-ub-tabbed-content-horizontal-holder-tablet\" id=\"ub-tabbed-content-6bef513f-4989-41d0-b74f-02f5b1f8b941\">\n\t\t\t<div class=\"wp-block-ub-tabbed-content-tab-holder horizontal-tab-width-mobile horizontal-tab-width-tablet\">\n\t\t\t\t<div role=\"tablist\" class=\"wp-block-ub-tabbed-content-tabs-title wp-block-ub-tabbed-content-tabs-title-mobile-horizontal-tab wp-block-ub-tabbed-content-tabs-title-tablet-horizontal-tab\"><div role=\"tab\" id=\"ub-tabbed-content-6bef513f-4989-41d0-b74f-02f5b1f8b941-tab-0\" aria-controls=\"ub-tabbed-content-6bef513f-4989-41d0-b74f-02f5b1f8b941-panel-0\" aria-selected=\"true\" class=\"wp-block-ub-tabbed-content-tab-title-wrap active\" style=\"\" tabindex=\"-1\">\n\t\t\t\t<div class=\"wp-block-ub-tabbed-content-tab-title\">Informa\u021bii nutri\u021bionale<\/div>\n\t\t\t<\/div><\/div>\n\t\t\t<\/div>\n\t\t\t<div class=\"wp-block-ub-tabbed-content-tabs-content\" style=\"\"><div role=\"tabpanel\" class=\"wp-block-ub-tabbed-content-tab-content-wrap active\"\n        id=\"ub-tabbed-content-6bef513f-4989-41d0-b74f-02f5b1f8b941-panel-0\" aria-labelledby=\"ub-tabbed-content-6bef513f-4989-41d0-b74f-02f5b1f8b941-tab-0\" tabindex=\"0\">\n\n<p>ProstaXin Plus<\/p>\n\n\n\n<figure class=\"wp-block-table is-style-borders\"><table><tbody><tr><th>Ingredients<\/th><th>1 comprimat<\/th><th>VNR *<\/th><\/tr><tr><td>Extract uscat din&nbsp;germeni de soia,<\/td><td>62.5 mg<\/td><td>&#8211;<\/td><\/tr><tr><td>&nbsp;&nbsp;&nbsp;&nbsp;inclusiv izoflavone din soia<\/td><td>25 mg<\/td><td>&#8211;<\/td><\/tr><tr><td>Extract lichid de rizom de&nbsp;turmeric,<\/td><td>50 mg<\/td><td>&#8211;<\/td><\/tr><tr><td>&nbsp;&nbsp;&nbsp;&nbsp;&nbsp;inclusiv curcumin\u0103<\/td><td>5.1 mg<\/td><td>&#8211;<\/td><\/tr><tr><td>Extract de fructe uscate de ro\u0219ii,<\/td><td>13.34 mg<\/td><td>&#8211;<\/td><\/tr><tr><td>&nbsp;&nbsp;&nbsp;&nbsp;inclusiv licopen<\/td><td>2 mg<\/td><td>&#8211;<\/td><\/tr><tr><td>Seleniu (selenat de sodiu)<\/td><td>50 \u03bcg<\/td><td>91<\/td><\/tr><tr><td>Zinc (sulfat de zinc)<\/td><td>12.5 mg<\/td><td>125<\/td><\/tr><\/tbody><\/table><\/figure>\n\n\n\n<p>* Valoare nutri\u021bional\u0103 recomandat\u0103 (VNR)&nbsp;%&nbsp;&nbsp;<\/p>\n\n\n\n<p><strong>Ingrediente:<\/strong>\u00a0<strong>extract uscat din\u00a0germeni de soia (<em>Glicin\u0103 max<\/em><\/strong> <strong>(L. Merr.))<\/strong> Standardizat\u0103\u00a0pentru con\u021binutul de 40%\u00a0de\u00a0izoflavone din soia, extract lichid de rizom de\u00a0turmeric\u00a0(Curcuma longa L.) standardizat pentru con\u021binutul de 10,12% curcumin\u0103,\u00a0agent de \u00eengro\u0219are\u00a0&#8211; celuloz\u0103 microcristalin\u0103, agent de \u00eenc\u0103rcare &#8211; fosfat dicalcic, extract de fructe de ro\u0219ie uscate\u00a0(Lycopersicon esculentum Mill.) standardizat pentru con\u021binutul de 14,5%\u00a0de\u00a0licopen, zinc (sulfat de zinc), agent de glazurare &#8211; s\u0103ruri de\u00a0magneziu ale acizilor gra\u0219i, agent antiaglomerant\u00a0&#8211; dioxid de siliciu, glazurare &#8211; hidroxipropil metilceluloz\u0103, seleniu (selenat de sodiu (IV)).\u00a0<\/p>\n\n\n\n<p><strong>ProstaXin Plus &#8211; un comprimat pe zi<\/strong>&nbsp;<\/p>\n\n\n\n<p><strong>Mod de utilizare:<\/strong>&nbsp;Ingredientele ProstaXin Plus contribuie la fertilitatea \u0219i reproducerea normal\u0103 (zinc), contribuie la men\u021binerea nivelului normal de testosteron \u00een s\u00e2nge (zinc) \u0219i contribuie la spermatogeneza normal\u0103 (seleniu).&nbsp;<\/p>\n\n\n\n<p><strong>Doz\u0103&nbsp;zilnic\u0103 recomandat\u0103:<\/strong>&nbsp;1 comprimat pe zi&nbsp;<\/p>\n\n\n\n<p><strong>Greutate net\u0103:<\/strong>&nbsp;13,5 g (30 comprimate pe recipient, 0,45 g fiecare)&nbsp;<\/p>\n\n\n\n<p>Suplimentele alimentare nu \u00eenlocuiesc o diet\u0103 echilibrat\u0103 \u0219i variat\u0103. A nu se l\u0103sa la \u00eendem\u00e2na copiilor.&nbsp;A nu se dep\u0103\u0219i&nbsp;doza zilnic\u0103 recomandat\u0103.&nbsp;<\/p>\n\n\n\n<p><strong>Valabilitate:<\/strong>&nbsp;p\u00e2n\u0103 la data&nbsp;\u00eenscris\u0103 pe ambalaj&nbsp;<\/p>\n\n\n\n<p><strong>Seria de fabrica\u021bie:<\/strong>&nbsp;\u00eenscris\u0103 pe ambalaj&nbsp;<\/p>\n\n\n\n<p><strong>Depozitare:<\/strong>&nbsp;la max. 25\u00b0C,&nbsp;ferit&nbsp;de lumin\u0103 \u0219i&nbsp;umezeal\u0103&nbsp;&nbsp;<\/p>\n\n\n\n<p><strong>Fabricat \u00een Norvegia<\/strong>&nbsp;de Pharmatech AS pentru&nbsp;<br>Natural Pharmaceuticals Sp. z o.o.&nbsp;<\/p>\n\n\n\n<p><strong>Distribuitor:<\/strong>&nbsp;Natural Pharmaceuticals Sp. z o.o.&nbsp;<br>Domaniewska 28, 02-672 Var\u0219ovia, Polonia&nbsp;<\/p>\n\n\n\n<p><\/p>\n\n<\/div><\/div>\n\t\t<\/div>\n\n\n<figure class=\"wp-block-image alignfull size-full\"><img loading=\"lazy\" decoding=\"async\" width=\"1520\" height=\"500\" src=\"https:\/\/naturalpharmaceuticals.eu\/wp-content\/uploads\/sites\/2\/2021\/04\/Natural_Pharmaceuticals_ProstaXin_IMG_1285.jpg\" alt=\"\" class=\"wp-image-6308\" srcset=\"https:\/\/naturalpharmaceuticals.eu\/wp-content\/uploads\/sites\/2\/2021\/04\/Natural_Pharmaceuticals_ProstaXin_IMG_1285.jpg 1520w, https:\/\/naturalpharmaceuticals.eu\/wp-content\/uploads\/sites\/2\/2021\/04\/Natural_Pharmaceuticals_ProstaXin_IMG_1285-300x99.jpg 300w, https:\/\/naturalpharmaceuticals.eu\/wp-content\/uploads\/sites\/2\/2021\/04\/Natural_Pharmaceuticals_ProstaXin_IMG_1285-1024x337.jpg 1024w, https:\/\/naturalpharmaceuticals.eu\/wp-content\/uploads\/sites\/2\/2021\/04\/Natural_Pharmaceuticals_ProstaXin_IMG_1285-768x253.jpg 768w\" sizes=\"auto, (max-width: 1520px) 100vw, 1520px\" \/><\/figure>\n","protected":false},"excerpt":{"rendered":"<p>ProstaXin Plus Rolul, pe care ingredientele-cheie con\u0163inute de ProstaXin Plus, \u00eel au \u00een organismul uman a fost avizat favorabil \u00een men\u021biunile de s\u0103n\u0103tate emise de Autoritatea European\u0103 pentru Siguran\u021ba Alimentar\u0103 (EFSA): Seleniul contribuie la spermatogeneza normal\u0103.&nbsp;Zincul contribuie la fertilitatea \u0219i&#x2026; <\/p>\n<p class=\"more-link-container th-uppercase\"><a href=\"https:\/\/naturalpharmaceuticals.eu\/ro\/produsele-noastre\/proletto-plus\/\" class=\"more-link\">Read More <span class=\"screen-reader-text\">ProstaXin Plus<\/span><\/a><\/p>\n","protected":false},"author":1,"featured_media":6290,"parent":6207,"menu_order":0,"comment_status":"closed","ping_status":"closed","template":"templates\/grid-full-width-page.php","meta":{"ub_ctt_via":"","footnotes":""},"class_list":["post-6305","page","type-page","status-publish","has-post-thumbnail","hentry"],"featured_image_src":"https:\/\/naturalpharmaceuticals.eu\/wp-content\/uploads\/sites\/2\/2021\/05\/HR_banner_760x300_PT.jpg","yoast_head":"<!-- This site is optimized with the Yoast SEO plugin v24.4 - https:\/\/yoast.com\/wordpress\/plugins\/seo\/ -->\n<title>ProstaXin Plus - Natural Pharmaceuticals<\/title>\n<meta name=\"robots\" content=\"index, follow, max-snippet:-1, max-image-preview:large, max-video-preview:-1\" \/>\n<link rel=\"canonical\" href=\"https:\/\/naturalpharmaceuticals.eu\/ro\/produsele-noastre\/proletto-plus\/\" \/>\n<meta property=\"og:locale\" content=\"ro_RO\" \/>\n<meta property=\"og:type\" content=\"article\" \/>\n<meta property=\"og:title\" content=\"ProstaXin Plus - Natural Pharmaceuticals\" \/>\n<meta property=\"og:description\" content=\"ProstaXin Plus Rolul, pe care ingredientele-cheie con\u0163inute de ProstaXin Plus, \u00eel au \u00een organismul uman a fost avizat favorabil \u00een men\u021biunile de s\u0103n\u0103tate emise de Autoritatea European\u0103 pentru Siguran\u021ba Alimentar\u0103 (EFSA): Seleniul contribuie la spermatogeneza normal\u0103.&nbsp;Zincul contribuie la fertilitatea \u0219i&#x2026; Read More ProstaXin Plus\" \/>\n<meta property=\"og:url\" content=\"https:\/\/naturalpharmaceuticals.eu\/ro\/produsele-noastre\/proletto-plus\/\" \/>\n<meta property=\"og:site_name\" content=\"Natural Pharmaceuticals\" \/>\n<meta property=\"article:modified_time\" content=\"2025-08-12T13:57:11+00:00\" \/>\n<meta property=\"og:image\" content=\"https:\/\/naturalpharmaceuticals.eu\/wp-content\/uploads\/sites\/2\/2021\/05\/HR_banner_760x300_PT.jpg\" \/>\n\t<meta property=\"og:image:width\" content=\"760\" \/>\n\t<meta property=\"og:image:height\" content=\"300\" \/>\n\t<meta property=\"og:image:type\" content=\"image\/jpeg\" \/>\n<meta name=\"twitter:card\" content=\"summary_large_image\" \/>\n<meta name=\"twitter:label1\" content=\"Timp estimat pentru citire\" \/>\n\t<meta name=\"twitter:data1\" content=\"3 minute\" \/>\n<script type=\"application\/ld+json\" class=\"yoast-schema-graph\">{\"@context\":\"https:\/\/schema.org\",\"@graph\":[{\"@type\":\"WebPage\",\"@id\":\"https:\/\/naturalpharmaceuticals.eu\/ro\/produsele-noastre\/proletto-plus\/\",\"url\":\"https:\/\/naturalpharmaceuticals.eu\/ro\/produsele-noastre\/proletto-plus\/\",\"name\":\"ProstaXin Plus - Natural Pharmaceuticals\",\"isPartOf\":{\"@id\":\"https:\/\/naturalpharmaceuticals.eu\/ro\/#website\"},\"primaryImageOfPage\":{\"@id\":\"https:\/\/naturalpharmaceuticals.eu\/ro\/produsele-noastre\/proletto-plus\/#primaryimage\"},\"image\":{\"@id\":\"https:\/\/naturalpharmaceuticals.eu\/ro\/produsele-noastre\/proletto-plus\/#primaryimage\"},\"thumbnailUrl\":\"https:\/\/naturalpharmaceuticals.eu\/wp-content\/uploads\/sites\/2\/2021\/05\/HR_banner_760x300_PT.jpg\",\"datePublished\":\"2021-08-04T12:32:25+00:00\",\"dateModified\":\"2025-08-12T13:57:11+00:00\",\"breadcrumb\":{\"@id\":\"https:\/\/naturalpharmaceuticals.eu\/ro\/produsele-noastre\/proletto-plus\/#breadcrumb\"},\"inLanguage\":\"ro-RO\",\"potentialAction\":[{\"@type\":\"ReadAction\",\"target\":[\"https:\/\/naturalpharmaceuticals.eu\/ro\/produsele-noastre\/proletto-plus\/\"]}]},{\"@type\":\"ImageObject\",\"inLanguage\":\"ro-RO\",\"@id\":\"https:\/\/naturalpharmaceuticals.eu\/ro\/produsele-noastre\/proletto-plus\/#primaryimage\",\"url\":\"https:\/\/naturalpharmaceuticals.eu\/wp-content\/uploads\/sites\/2\/2021\/05\/HR_banner_760x300_PT.jpg\",\"contentUrl\":\"https:\/\/naturalpharmaceuticals.eu\/wp-content\/uploads\/sites\/2\/2021\/05\/HR_banner_760x300_PT.jpg\",\"width\":760,\"height\":300},{\"@type\":\"BreadcrumbList\",\"@id\":\"https:\/\/naturalpharmaceuticals.eu\/ro\/produsele-noastre\/proletto-plus\/#breadcrumb\",\"itemListElement\":[{\"@type\":\"ListItem\",\"position\":1,\"name\":\"Home\",\"item\":\"https:\/\/naturalpharmaceuticals.eu\/ro\/\"},{\"@type\":\"ListItem\",\"position\":2,\"name\":\"Produsele noastre\",\"item\":\"https:\/\/naturalpharmaceuticals.eu\/ro\/produsele-noastre\/\"},{\"@type\":\"ListItem\",\"position\":3,\"name\":\"ProstaXin Plus\"}]},{\"@type\":\"WebSite\",\"@id\":\"https:\/\/naturalpharmaceuticals.eu\/ro\/#website\",\"url\":\"https:\/\/naturalpharmaceuticals.eu\/ro\/\",\"name\":\"Natural Pharmaceuticals\",\"description\":\"\",\"publisher\":{\"@id\":\"https:\/\/naturalpharmaceuticals.eu\/ro\/#organization\"},\"potentialAction\":[{\"@type\":\"SearchAction\",\"target\":{\"@type\":\"EntryPoint\",\"urlTemplate\":\"https:\/\/naturalpharmaceuticals.eu\/ro\/?s={search_term_string}\"},\"query-input\":{\"@type\":\"PropertyValueSpecification\",\"valueRequired\":true,\"valueName\":\"search_term_string\"}}],\"inLanguage\":\"ro-RO\"},{\"@type\":\"Organization\",\"@id\":\"https:\/\/naturalpharmaceuticals.eu\/ro\/#organization\",\"name\":\"Natural Pharmaceuticals\",\"url\":\"https:\/\/naturalpharmaceuticals.eu\/ro\/\",\"logo\":{\"@type\":\"ImageObject\",\"inLanguage\":\"ro-RO\",\"@id\":\"https:\/\/naturalpharmaceuticals.eu\/ro\/#\/schema\/logo\/image\/\",\"url\":\"https:\/\/naturalpharmaceuticals.eu\/wp-content\/uploads\/sites\/2\/2020\/11\/cropped-natural-pharmaceuticals-logo.png\",\"contentUrl\":\"https:\/\/naturalpharmaceuticals.eu\/wp-content\/uploads\/sites\/2\/2020\/11\/cropped-natural-pharmaceuticals-logo.png\",\"width\":900,\"height\":323,\"caption\":\"Natural Pharmaceuticals\"},\"image\":{\"@id\":\"https:\/\/naturalpharmaceuticals.eu\/ro\/#\/schema\/logo\/image\/\"}}]}<\/script>\n<!-- \/ Yoast SEO plugin. -->","yoast_head_json":{"title":"ProstaXin Plus - Natural Pharmaceuticals","robots":{"index":"index","follow":"follow","max-snippet":"max-snippet:-1","max-image-preview":"max-image-preview:large","max-video-preview":"max-video-preview:-1"},"canonical":"https:\/\/naturalpharmaceuticals.eu\/ro\/produsele-noastre\/proletto-plus\/","og_locale":"ro_RO","og_type":"article","og_title":"ProstaXin Plus - Natural Pharmaceuticals","og_description":"ProstaXin Plus Rolul, pe care ingredientele-cheie con\u0163inute de ProstaXin Plus, \u00eel au \u00een organismul uman a fost avizat favorabil \u00een men\u021biunile de s\u0103n\u0103tate emise de Autoritatea European\u0103 pentru Siguran\u021ba Alimentar\u0103 (EFSA): Seleniul contribuie la spermatogeneza normal\u0103.&nbsp;Zincul contribuie la fertilitatea \u0219i&#x2026; Read More ProstaXin Plus","og_url":"https:\/\/naturalpharmaceuticals.eu\/ro\/produsele-noastre\/proletto-plus\/","og_site_name":"Natural Pharmaceuticals","article_modified_time":"2025-08-12T13:57:11+00:00","og_image":[{"width":760,"height":300,"url":"https:\/\/naturalpharmaceuticals.eu\/wp-content\/uploads\/sites\/2\/2021\/05\/HR_banner_760x300_PT.jpg","type":"image\/jpeg"}],"twitter_card":"summary_large_image","twitter_misc":{"Timp estimat pentru citire":"3 minute"},"schema":{"@context":"https:\/\/schema.org","@graph":[{"@type":"WebPage","@id":"https:\/\/naturalpharmaceuticals.eu\/ro\/produsele-noastre\/proletto-plus\/","url":"https:\/\/naturalpharmaceuticals.eu\/ro\/produsele-noastre\/proletto-plus\/","name":"ProstaXin Plus - Natural Pharmaceuticals","isPartOf":{"@id":"https:\/\/naturalpharmaceuticals.eu\/ro\/#website"},"primaryImageOfPage":{"@id":"https:\/\/naturalpharmaceuticals.eu\/ro\/produsele-noastre\/proletto-plus\/#primaryimage"},"image":{"@id":"https:\/\/naturalpharmaceuticals.eu\/ro\/produsele-noastre\/proletto-plus\/#primaryimage"},"thumbnailUrl":"https:\/\/naturalpharmaceuticals.eu\/wp-content\/uploads\/sites\/2\/2021\/05\/HR_banner_760x300_PT.jpg","datePublished":"2021-08-04T12:32:25+00:00","dateModified":"2025-08-12T13:57:11+00:00","breadcrumb":{"@id":"https:\/\/naturalpharmaceuticals.eu\/ro\/produsele-noastre\/proletto-plus\/#breadcrumb"},"inLanguage":"ro-RO","potentialAction":[{"@type":"ReadAction","target":["https:\/\/naturalpharmaceuticals.eu\/ro\/produsele-noastre\/proletto-plus\/"]}]},{"@type":"ImageObject","inLanguage":"ro-RO","@id":"https:\/\/naturalpharmaceuticals.eu\/ro\/produsele-noastre\/proletto-plus\/#primaryimage","url":"https:\/\/naturalpharmaceuticals.eu\/wp-content\/uploads\/sites\/2\/2021\/05\/HR_banner_760x300_PT.jpg","contentUrl":"https:\/\/naturalpharmaceuticals.eu\/wp-content\/uploads\/sites\/2\/2021\/05\/HR_banner_760x300_PT.jpg","width":760,"height":300},{"@type":"BreadcrumbList","@id":"https:\/\/naturalpharmaceuticals.eu\/ro\/produsele-noastre\/proletto-plus\/#breadcrumb","itemListElement":[{"@type":"ListItem","position":1,"name":"Home","item":"https:\/\/naturalpharmaceuticals.eu\/ro\/"},{"@type":"ListItem","position":2,"name":"Produsele noastre","item":"https:\/\/naturalpharmaceuticals.eu\/ro\/produsele-noastre\/"},{"@type":"ListItem","position":3,"name":"ProstaXin Plus"}]},{"@type":"WebSite","@id":"https:\/\/naturalpharmaceuticals.eu\/ro\/#website","url":"https:\/\/naturalpharmaceuticals.eu\/ro\/","name":"Natural Pharmaceuticals","description":"","publisher":{"@id":"https:\/\/naturalpharmaceuticals.eu\/ro\/#organization"},"potentialAction":[{"@type":"SearchAction","target":{"@type":"EntryPoint","urlTemplate":"https:\/\/naturalpharmaceuticals.eu\/ro\/?s={search_term_string}"},"query-input":{"@type":"PropertyValueSpecification","valueRequired":true,"valueName":"search_term_string"}}],"inLanguage":"ro-RO"},{"@type":"Organization","@id":"https:\/\/naturalpharmaceuticals.eu\/ro\/#organization","name":"Natural Pharmaceuticals","url":"https:\/\/naturalpharmaceuticals.eu\/ro\/","logo":{"@type":"ImageObject","inLanguage":"ro-RO","@id":"https:\/\/naturalpharmaceuticals.eu\/ro\/#\/schema\/logo\/image\/","url":"https:\/\/naturalpharmaceuticals.eu\/wp-content\/uploads\/sites\/2\/2020\/11\/cropped-natural-pharmaceuticals-logo.png","contentUrl":"https:\/\/naturalpharmaceuticals.eu\/wp-content\/uploads\/sites\/2\/2020\/11\/cropped-natural-pharmaceuticals-logo.png","width":900,"height":323,"caption":"Natural Pharmaceuticals"},"image":{"@id":"https:\/\/naturalpharmaceuticals.eu\/ro\/#\/schema\/logo\/image\/"}}]}},"jetpack_sharing_enabled":true,"_links":{"self":[{"href":"https:\/\/naturalpharmaceuticals.eu\/ro\/wp-json\/wp\/v2\/pages\/6305","targetHints":{"allow":["GET"]}}],"collection":[{"href":"https:\/\/naturalpharmaceuticals.eu\/ro\/wp-json\/wp\/v2\/pages"}],"about":[{"href":"https:\/\/naturalpharmaceuticals.eu\/ro\/wp-json\/wp\/v2\/types\/page"}],"author":[{"embeddable":true,"href":"https:\/\/naturalpharmaceuticals.eu\/ro\/wp-json\/wp\/v2\/users\/1"}],"replies":[{"embeddable":true,"href":"https:\/\/naturalpharmaceuticals.eu\/ro\/wp-json\/wp\/v2\/comments?post=6305"}],"version-history":[{"count":6,"href":"https:\/\/naturalpharmaceuticals.eu\/ro\/wp-json\/wp\/v2\/pages\/6305\/revisions"}],"predecessor-version":[{"id":35672,"href":"https:\/\/naturalpharmaceuticals.eu\/ro\/wp-json\/wp\/v2\/pages\/6305\/revisions\/35672"}],"up":[{"embeddable":true,"href":"https:\/\/naturalpharmaceuticals.eu\/ro\/wp-json\/wp\/v2\/pages\/6207"}],"wp:featuredmedia":[{"embeddable":true,"href":"https:\/\/naturalpharmaceuticals.eu\/ro\/wp-json\/wp\/v2\/media\/6290"}],"wp:attachment":[{"href":"https:\/\/naturalpharmaceuticals.eu\/ro\/wp-json\/wp\/v2\/media?parent=6305"}],"curies":[{"name":"wp","href":"https:\/\/api.w.org\/{rel}","templated":true}]}}