{"id":13936,"date":"2024-01-31T13:05:28","date_gmt":"2024-01-31T13:05:28","guid":{"rendered":"https:\/\/naturalpharmaceuticals.eu\/?page_id=13936"},"modified":"2024-01-31T13:05:30","modified_gmt":"2024-01-31T13:05:30","slug":"vitamin-k2-complex","status":"publish","type":"page","link":"https:\/\/naturalpharmaceuticals.eu\/sl\/nasi-izdelki\/vitamin-k2-complex\/","title":{"rendered":"Vitamin K2 Complex\u2122"},"content":{"rendered":"\n<div class=\"wp-block-group\"><div class=\"wp-block-group__inner-container is-layout-flow wp-block-group-is-layout-flow\">\n<div class=\"wp-block-columns is-layout-flex wp-container-core-columns-is-layout-1 wp-block-columns-is-layout-flex\">\n<div class=\"wp-block-column is-layout-flow wp-block-column-is-layout-flow\">\n<figure class=\"wp-block-image size-full sticky\"><img loading=\"lazy\" decoding=\"async\" width=\"960\" height=\"960\" src=\"https:\/\/naturalpharmaceuticals.eu\/wp-content\/uploads\/sites\/2\/2022\/09\/witamina-k2-complex-360-kapsulek.png\" alt=\"\" class=\"wp-image-13947\" srcset=\"https:\/\/naturalpharmaceuticals.eu\/wp-content\/uploads\/sites\/2\/2022\/09\/witamina-k2-complex-360-kapsulek.png 960w, https:\/\/naturalpharmaceuticals.eu\/wp-content\/uploads\/sites\/2\/2022\/09\/witamina-k2-complex-360-kapsulek-300x300.png 300w, https:\/\/naturalpharmaceuticals.eu\/wp-content\/uploads\/sites\/2\/2022\/09\/witamina-k2-complex-360-kapsulek-150x150.png 150w, https:\/\/naturalpharmaceuticals.eu\/wp-content\/uploads\/sites\/2\/2022\/09\/witamina-k2-complex-360-kapsulek-768x768.png 768w, https:\/\/naturalpharmaceuticals.eu\/wp-content\/uploads\/sites\/2\/2022\/09\/witamina-k2-complex-360-kapsulek-200x200.png 200w\" sizes=\"auto, (max-width: 960px) 100vw, 960px\" \/><\/figure>\n<\/div>\n\n\n\n<div class=\"wp-block-column product-info-frame is-layout-flow wp-block-column-is-layout-flow\">\n<p style=\"font-size:18px\"><strong>Vitamin K2 Complex<\/strong>\u2122<\/p>\n\n\n\n<ul class=\"wp-block-list\">\n<li>Ta nova formulacija vsebuje popoln par &#8211; vitamina K2 in D3<\/li>\n\n\n\n<li>Vitamina K in D prispevata k ohranjanju zdravih kosti<\/li>\n\n\n\n<li>Vitamin K prispeva k normalnemu strjevanju krvi<\/li>\n\n\n\n<li>Tiamin ima vlogo pri delovanju srca<\/li>\n\n\n\n<li>Visoko absorpcijski vitamin K2<\/li>\n\n\n\n<li>Majhna kapsula, ki jo je enostavno pogoltniti<\/li>\n\n\n\n<li>Samo 1 na dan<\/li>\n\n\n\n<li>Izdelano na Norve\u0161kem<\/li>\n<\/ul>\n\n\n\n<p><\/p>\n<\/div>\n<\/div>\n<\/div><\/div>\n\n\n\n<div class=\"packshot-bg-wrapper\"><div class=\"full-width-inside-container packshot-bg packshot-bg-kv\"><\/div><\/div>\n\n\n\n<p>Ve\u010dina ljudi pozna prednosti vitamina D, vendar se mnogi ne zavedajo, da vitamin D potrebuje vitamin K2, da bi bile njegove koristi \u010dim ve\u010dje.<\/p>\n\n\n\n<p>Vloga klju\u010dnih sestavin vitamina K2+ Complex\u2122 v \u010dlove\u0161kem organizmu je bila pozitivno ocenjena v zdravstvenih trditvah, ki jih je izdala Evropska agencija za varnost hrane (EFSA):<\/p>\n\n\n\n<p>Vitamin K prispeva k normalnemu strjevanju krvi.<\/p>\n\n\n\n<p>Vitamin K in vitamin D prispevata k ohranjanju zdravih kosti.<\/p>\n\n\n\n<p>Vitamin D prispeva k delovanju mi\u0161ic.<\/p>\n\n\n\n<p>Vitamin D prispeva k ohranjanju zdravih zob.<\/p>\n\n\n\n<p>Vitamin D prispeva k normalni ravni kalcija v krvi.<\/p>\n\n\n\n<p>Vitamin D prispeva k normalni absorpciji\/uporabi kalcija in fosforja. Tiamin ima vlogo pri delovanju srca.<\/p>\n\n\n<div role=\"tabpanel\" class=\"wp-block-ub-tabbed-content-tab-content-wrap ub-hide\"\n        id=\"ub-tabbed-content--panel-0\" aria-labelledby=\"ub-tabbed-content--tab-0\" tabindex=\"0\">\n\n<p><a href=\"https:\/\/nordicmed.natural.pl\/?page_id=326\">Preview in new tab(opens in a new tab)<\/a><\/p>\n\n\n\n<p>reviews<\/p>\n\n<\/div>\n\n<div role=\"tabpanel\" class=\"wp-block-ub-tabbed-content-tab-content-wrap ub-hide\"\n        id=\"ub-tabbed-content--panel-1\" aria-labelledby=\"ub-tabbed-content--tab-1\" tabindex=\"0\">\n\n<p><\/p>\n\n<\/div>\n\n<div role=\"tabpanel\" class=\"wp-block-ub-tabbed-content-tab-content-wrap ub-hide\"\n        id=\"ub-tabbed-content--panel-2\" aria-labelledby=\"ub-tabbed-content--tab-2\" tabindex=\"0\">\n\n<p><\/p>\n\n<\/div>\n\n<div class=\"wp-block-ub-tabbed-content-block wp-block-ub-tabbed-content wp-block-ub-tabbed-content-holder wp-block-ub-tabbed-content-horizontal-holder-mobile wp-block-ub-tabbed-content-horizontal-holder-tablet\" id=\"ub-tabbed-content-1fd2ca2f-952c-432c-9c7c-8def72179153\">\n\t\t\t<div class=\"wp-block-ub-tabbed-content-tab-holder horizontal-tab-width-mobile horizontal-tab-width-tablet\">\n\t\t\t\t<div role=\"tablist\" class=\"wp-block-ub-tabbed-content-tabs-title wp-block-ub-tabbed-content-tabs-title-mobile-horizontal-tab wp-block-ub-tabbed-content-tabs-title-tablet-horizontal-tab\"><div role=\"tab\" id=\"ub-tabbed-content-1fd2ca2f-952c-432c-9c7c-8def72179153-tab-0\" aria-controls=\"ub-tabbed-content-1fd2ca2f-952c-432c-9c7c-8def72179153-panel-0\" aria-selected=\"true\" class=\"wp-block-ub-tabbed-content-tab-title-wrap active\" style=\"\" tabindex=\"-1\">\n\t\t\t\t<div class=\"wp-block-ub-tabbed-content-tab-title\">Hranilne vrednosti<\/div>\n\t\t\t<\/div><\/div>\n\t\t\t<\/div>\n\t\t\t<div class=\"wp-block-ub-tabbed-content-tabs-content\" style=\"\"><div role=\"tabpanel\" class=\"wp-block-ub-tabbed-content-tab-content-wrap active\"\n        id=\"ub-tabbed-content-1fd2ca2f-952c-432c-9c7c-8def72179153-panel-0\" aria-labelledby=\"ub-tabbed-content-1fd2ca2f-952c-432c-9c7c-8def72179153-tab-0\" tabindex=\"0\">\n\n<p>Vitamin K2 Complex\u2122<\/p>\n\n\n\n<figure class=\"wp-block-table is-style-borders\"><table><tbody><tr><th><strong>Sestava<\/strong><\/th><th>1 kapsula<\/th><th><strong><br>% PDV*<\/strong><\/th><\/tr><tr><td>Vitamin B1<\/td><td>1.1 mg<\/td><td>100<\/td><\/tr><tr><td>Vitamin K<\/td><td>100 \u03bcg<\/td><td>133<\/td><\/tr><tr><td>Vitamin D<\/td><td>5 \u03bcg<\/td><td>100<\/td><\/tr><\/tbody><\/table><\/figure>\n\n\n\n<p>*PDV \u2013 priporo\u010den dnevni vnos<\/p>\n\n\n\n<p><strong>Sestavine<\/strong>: MCT (srednjeveri\u017eni trigliceridi) iz kokosovega olja, svinjska \u017eelatina, stabilizator: glicerol; menakinon (menakinon-7 iz <em>Bacillus subtilis natto)<\/em>, bel in rumen \u010debelji vosek, stabilizator: silicijev dioksid; tiamin hidroklorid, barvilo: \u017eelezovi oksidi in hidroksidi; filokinon, holekalciferol.<strong>Vitamin K2 Complex &#8211; ena kapsula na dan<\/strong><br><strong><br>&nbsp;Kako uporabljati<\/strong>: Vitamin K2 Complex\u2122 podpira zdravje kosti in normalno strjevanje krvi.<br><br><strong>Priporo\u010deni dnevni odmerek: <\/strong>1 kapsula na dan<br><br>&nbsp;Prehranska dopolnila ne nadome\u0161\u010dajo uravnote\u017eene in raznolike prehrane. Shranjujte zunaj dosega otrok. Ne prekora\u010dite priporo\u010denega dnevnega odmerka. Izdelka ne smejo u\u017eivati osebe, ki jemljejo antikoagulante, nose\u010dnice in doje\u010de matere. Osebe, ki jemljejo zdravila, naj se pred u\u017eivanjem tega izdelka posvetujejo z zdravnikom.<br><br><strong>Veljavnost<\/strong>: do datuma, navedenega na embala\u017ei<br><br><strong>Serija izdelave: <\/strong>zapisano na embala\u017ei<br><br><strong>Shranjevanje: <\/strong>pri temperaturi najve\u010d 25 \u00b0C, za\u0161\u010diteno pred svetlobo in vlago<br><br><strong>Proizvedeno na Norve\u0161kem <\/strong>s strani podjetja Pharmatech AS za<br>Natural Pharmaceuticals Sp. z o.o.<br><br>Distributer:<br>Domaniewska 28, 02-672 Var\u0161ava, Poljska<\/p>\n\n\n\n<p><\/p>\n\n<\/div><\/div>\n\t\t<\/div>\n\n\n<p><\/p>\n","protected":false},"excerpt":{"rendered":"<p>Vitamin K2+ uses menaquinone MK7 form of vitamin K2 (75\u00b5g) and combines it with vitamin D3 (5\u00b5g), so you need just 1 capsule daily. It is good for your bones and contributes to proper blood clotting.<\/p>\n","protected":false},"author":1,"featured_media":13898,"parent":3733,"menu_order":0,"comment_status":"closed","ping_status":"closed","template":"templates\/grid-full-width-page.php","meta":{"ub_ctt_via":"","footnotes":""},"class_list":["post-13936","page","type-page","status-publish","has-post-thumbnail","hentry"],"featured_image_src":"https:\/\/naturalpharmaceuticals.eu\/wp-content\/uploads\/sites\/2\/2022\/09\/PL_banner_760x300_KC_72dpi.jpg","yoast_head":"<!-- This site is optimized with the Yoast SEO plugin v24.4 - https:\/\/yoast.com\/wordpress\/plugins\/seo\/ -->\n<title>Vitamin K2 Complex\u2122 - Natural Pharmaceuticals<\/title>\n<meta name=\"robots\" content=\"index, follow, max-snippet:-1, max-image-preview:large, max-video-preview:-1\" \/>\n<link rel=\"canonical\" href=\"https:\/\/naturalpharmaceuticals.eu\/sl\/nasi-izdelki\/vitamin-k2-complex\/\" \/>\n<meta property=\"og:locale\" content=\"sl_SI\" \/>\n<meta property=\"og:type\" content=\"article\" \/>\n<meta property=\"og:title\" content=\"Vitamin K2 Complex\u2122 - Natural Pharmaceuticals\" \/>\n<meta property=\"og:description\" content=\"Vitamin K2+ uses menaquinone MK7 form of vitamin K2 (75\u00b5g) and combines it with vitamin D3 (5\u00b5g), so you need just 1 capsule daily. It is good for your bones and contributes to proper blood clotting.\" \/>\n<meta property=\"og:url\" content=\"https:\/\/naturalpharmaceuticals.eu\/sl\/nasi-izdelki\/vitamin-k2-complex\/\" \/>\n<meta property=\"og:site_name\" content=\"Natural Pharmaceuticals\" \/>\n<meta property=\"article:modified_time\" content=\"2024-01-31T13:05:30+00:00\" \/>\n<meta property=\"og:image\" content=\"https:\/\/naturalpharmaceuticals.eu\/wp-content\/uploads\/sites\/2\/2022\/09\/PL_banner_760x300_KC_72dpi.jpg\" \/>\n\t<meta property=\"og:image:width\" content=\"760\" \/>\n\t<meta property=\"og:image:height\" content=\"300\" \/>\n\t<meta property=\"og:image:type\" content=\"image\/jpeg\" \/>\n<meta name=\"twitter:card\" content=\"summary_large_image\" \/>\n<meta name=\"twitter:label1\" content=\"Est. reading time\" \/>\n\t<meta name=\"twitter:data1\" content=\"2 minuti\" \/>\n<script type=\"application\/ld+json\" class=\"yoast-schema-graph\">{\"@context\":\"https:\/\/schema.org\",\"@graph\":[{\"@type\":\"WebPage\",\"@id\":\"https:\/\/naturalpharmaceuticals.eu\/sl\/nasi-izdelki\/vitamin-k2-complex\/\",\"url\":\"https:\/\/naturalpharmaceuticals.eu\/sl\/nasi-izdelki\/vitamin-k2-complex\/\",\"name\":\"Vitamin K2 Complex\u2122 - Natural Pharmaceuticals\",\"isPartOf\":{\"@id\":\"https:\/\/naturalpharmaceuticals.eu\/sl\/#website\"},\"primaryImageOfPage\":{\"@id\":\"https:\/\/naturalpharmaceuticals.eu\/sl\/nasi-izdelki\/vitamin-k2-complex\/#primaryimage\"},\"image\":{\"@id\":\"https:\/\/naturalpharmaceuticals.eu\/sl\/nasi-izdelki\/vitamin-k2-complex\/#primaryimage\"},\"thumbnailUrl\":\"https:\/\/naturalpharmaceuticals.eu\/wp-content\/uploads\/sites\/2\/2022\/09\/PL_banner_760x300_KC_72dpi.jpg\",\"datePublished\":\"2024-01-31T13:05:28+00:00\",\"dateModified\":\"2024-01-31T13:05:30+00:00\",\"breadcrumb\":{\"@id\":\"https:\/\/naturalpharmaceuticals.eu\/sl\/nasi-izdelki\/vitamin-k2-complex\/#breadcrumb\"},\"inLanguage\":\"sl-SI\",\"potentialAction\":[{\"@type\":\"ReadAction\",\"target\":[\"https:\/\/naturalpharmaceuticals.eu\/sl\/nasi-izdelki\/vitamin-k2-complex\/\"]}]},{\"@type\":\"ImageObject\",\"inLanguage\":\"sl-SI\",\"@id\":\"https:\/\/naturalpharmaceuticals.eu\/sl\/nasi-izdelki\/vitamin-k2-complex\/#primaryimage\",\"url\":\"https:\/\/naturalpharmaceuticals.eu\/wp-content\/uploads\/sites\/2\/2022\/09\/PL_banner_760x300_KC_72dpi.jpg\",\"contentUrl\":\"https:\/\/naturalpharmaceuticals.eu\/wp-content\/uploads\/sites\/2\/2022\/09\/PL_banner_760x300_KC_72dpi.jpg\",\"width\":760,\"height\":300},{\"@type\":\"BreadcrumbList\",\"@id\":\"https:\/\/naturalpharmaceuticals.eu\/sl\/nasi-izdelki\/vitamin-k2-complex\/#breadcrumb\",\"itemListElement\":[{\"@type\":\"ListItem\",\"position\":1,\"name\":\"Home\",\"item\":\"https:\/\/naturalpharmaceuticals.eu\/sl\/\"},{\"@type\":\"ListItem\",\"position\":2,\"name\":\"Na\u0161i Izdelki\",\"item\":\"https:\/\/naturalpharmaceuticals.eu\/sl\/nasi-izdelki\/\"},{\"@type\":\"ListItem\",\"position\":3,\"name\":\"Vitamin K2 Complex\u2122\"}]},{\"@type\":\"WebSite\",\"@id\":\"https:\/\/naturalpharmaceuticals.eu\/sl\/#website\",\"url\":\"https:\/\/naturalpharmaceuticals.eu\/sl\/\",\"name\":\"Natural Pharmaceuticals\",\"description\":\"\",\"publisher\":{\"@id\":\"https:\/\/naturalpharmaceuticals.eu\/sl\/#organization\"},\"potentialAction\":[{\"@type\":\"SearchAction\",\"target\":{\"@type\":\"EntryPoint\",\"urlTemplate\":\"https:\/\/naturalpharmaceuticals.eu\/sl\/?s={search_term_string}\"},\"query-input\":{\"@type\":\"PropertyValueSpecification\",\"valueRequired\":true,\"valueName\":\"search_term_string\"}}],\"inLanguage\":\"sl-SI\"},{\"@type\":\"Organization\",\"@id\":\"https:\/\/naturalpharmaceuticals.eu\/sl\/#organization\",\"name\":\"Natural Pharmaceuticals\",\"url\":\"https:\/\/naturalpharmaceuticals.eu\/sl\/\",\"logo\":{\"@type\":\"ImageObject\",\"inLanguage\":\"sl-SI\",\"@id\":\"https:\/\/naturalpharmaceuticals.eu\/sl\/#\/schema\/logo\/image\/\",\"url\":\"https:\/\/naturalpharmaceuticals.eu\/wp-content\/uploads\/sites\/2\/2020\/11\/cropped-natural-pharmaceuticals-logo.png\",\"contentUrl\":\"https:\/\/naturalpharmaceuticals.eu\/wp-content\/uploads\/sites\/2\/2020\/11\/cropped-natural-pharmaceuticals-logo.png\",\"width\":900,\"height\":323,\"caption\":\"Natural Pharmaceuticals\"},\"image\":{\"@id\":\"https:\/\/naturalpharmaceuticals.eu\/sl\/#\/schema\/logo\/image\/\"}}]}<\/script>\n<!-- \/ Yoast SEO plugin. -->","yoast_head_json":{"title":"Vitamin K2 Complex\u2122 - Natural Pharmaceuticals","robots":{"index":"index","follow":"follow","max-snippet":"max-snippet:-1","max-image-preview":"max-image-preview:large","max-video-preview":"max-video-preview:-1"},"canonical":"https:\/\/naturalpharmaceuticals.eu\/sl\/nasi-izdelki\/vitamin-k2-complex\/","og_locale":"sl_SI","og_type":"article","og_title":"Vitamin K2 Complex\u2122 - Natural Pharmaceuticals","og_description":"Vitamin K2+ uses menaquinone MK7 form of vitamin K2 (75\u00b5g) and combines it with vitamin D3 (5\u00b5g), so you need just 1 capsule daily. It is good for your bones and contributes to proper blood clotting.","og_url":"https:\/\/naturalpharmaceuticals.eu\/sl\/nasi-izdelki\/vitamin-k2-complex\/","og_site_name":"Natural Pharmaceuticals","article_modified_time":"2024-01-31T13:05:30+00:00","og_image":[{"width":760,"height":300,"url":"https:\/\/naturalpharmaceuticals.eu\/wp-content\/uploads\/sites\/2\/2022\/09\/PL_banner_760x300_KC_72dpi.jpg","type":"image\/jpeg"}],"twitter_card":"summary_large_image","twitter_misc":{"Est. reading time":"2 minuti"},"schema":{"@context":"https:\/\/schema.org","@graph":[{"@type":"WebPage","@id":"https:\/\/naturalpharmaceuticals.eu\/sl\/nasi-izdelki\/vitamin-k2-complex\/","url":"https:\/\/naturalpharmaceuticals.eu\/sl\/nasi-izdelki\/vitamin-k2-complex\/","name":"Vitamin K2 Complex\u2122 - Natural Pharmaceuticals","isPartOf":{"@id":"https:\/\/naturalpharmaceuticals.eu\/sl\/#website"},"primaryImageOfPage":{"@id":"https:\/\/naturalpharmaceuticals.eu\/sl\/nasi-izdelki\/vitamin-k2-complex\/#primaryimage"},"image":{"@id":"https:\/\/naturalpharmaceuticals.eu\/sl\/nasi-izdelki\/vitamin-k2-complex\/#primaryimage"},"thumbnailUrl":"https:\/\/naturalpharmaceuticals.eu\/wp-content\/uploads\/sites\/2\/2022\/09\/PL_banner_760x300_KC_72dpi.jpg","datePublished":"2024-01-31T13:05:28+00:00","dateModified":"2024-01-31T13:05:30+00:00","breadcrumb":{"@id":"https:\/\/naturalpharmaceuticals.eu\/sl\/nasi-izdelki\/vitamin-k2-complex\/#breadcrumb"},"inLanguage":"sl-SI","potentialAction":[{"@type":"ReadAction","target":["https:\/\/naturalpharmaceuticals.eu\/sl\/nasi-izdelki\/vitamin-k2-complex\/"]}]},{"@type":"ImageObject","inLanguage":"sl-SI","@id":"https:\/\/naturalpharmaceuticals.eu\/sl\/nasi-izdelki\/vitamin-k2-complex\/#primaryimage","url":"https:\/\/naturalpharmaceuticals.eu\/wp-content\/uploads\/sites\/2\/2022\/09\/PL_banner_760x300_KC_72dpi.jpg","contentUrl":"https:\/\/naturalpharmaceuticals.eu\/wp-content\/uploads\/sites\/2\/2022\/09\/PL_banner_760x300_KC_72dpi.jpg","width":760,"height":300},{"@type":"BreadcrumbList","@id":"https:\/\/naturalpharmaceuticals.eu\/sl\/nasi-izdelki\/vitamin-k2-complex\/#breadcrumb","itemListElement":[{"@type":"ListItem","position":1,"name":"Home","item":"https:\/\/naturalpharmaceuticals.eu\/sl\/"},{"@type":"ListItem","position":2,"name":"Na\u0161i Izdelki","item":"https:\/\/naturalpharmaceuticals.eu\/sl\/nasi-izdelki\/"},{"@type":"ListItem","position":3,"name":"Vitamin K2 Complex\u2122"}]},{"@type":"WebSite","@id":"https:\/\/naturalpharmaceuticals.eu\/sl\/#website","url":"https:\/\/naturalpharmaceuticals.eu\/sl\/","name":"Natural Pharmaceuticals","description":"","publisher":{"@id":"https:\/\/naturalpharmaceuticals.eu\/sl\/#organization"},"potentialAction":[{"@type":"SearchAction","target":{"@type":"EntryPoint","urlTemplate":"https:\/\/naturalpharmaceuticals.eu\/sl\/?s={search_term_string}"},"query-input":{"@type":"PropertyValueSpecification","valueRequired":true,"valueName":"search_term_string"}}],"inLanguage":"sl-SI"},{"@type":"Organization","@id":"https:\/\/naturalpharmaceuticals.eu\/sl\/#organization","name":"Natural Pharmaceuticals","url":"https:\/\/naturalpharmaceuticals.eu\/sl\/","logo":{"@type":"ImageObject","inLanguage":"sl-SI","@id":"https:\/\/naturalpharmaceuticals.eu\/sl\/#\/schema\/logo\/image\/","url":"https:\/\/naturalpharmaceuticals.eu\/wp-content\/uploads\/sites\/2\/2020\/11\/cropped-natural-pharmaceuticals-logo.png","contentUrl":"https:\/\/naturalpharmaceuticals.eu\/wp-content\/uploads\/sites\/2\/2020\/11\/cropped-natural-pharmaceuticals-logo.png","width":900,"height":323,"caption":"Natural Pharmaceuticals"},"image":{"@id":"https:\/\/naturalpharmaceuticals.eu\/sl\/#\/schema\/logo\/image\/"}}]}},"jetpack_sharing_enabled":true,"_links":{"self":[{"href":"https:\/\/naturalpharmaceuticals.eu\/sl\/wp-json\/wp\/v2\/pages\/13936","targetHints":{"allow":["GET"]}}],"collection":[{"href":"https:\/\/naturalpharmaceuticals.eu\/sl\/wp-json\/wp\/v2\/pages"}],"about":[{"href":"https:\/\/naturalpharmaceuticals.eu\/sl\/wp-json\/wp\/v2\/types\/page"}],"author":[{"embeddable":true,"href":"https:\/\/naturalpharmaceuticals.eu\/sl\/wp-json\/wp\/v2\/users\/1"}],"replies":[{"embeddable":true,"href":"https:\/\/naturalpharmaceuticals.eu\/sl\/wp-json\/wp\/v2\/comments?post=13936"}],"version-history":[{"count":2,"href":"https:\/\/naturalpharmaceuticals.eu\/sl\/wp-json\/wp\/v2\/pages\/13936\/revisions"}],"predecessor-version":[{"id":23229,"href":"https:\/\/naturalpharmaceuticals.eu\/sl\/wp-json\/wp\/v2\/pages\/13936\/revisions\/23229"}],"up":[{"embeddable":true,"href":"https:\/\/naturalpharmaceuticals.eu\/sl\/wp-json\/wp\/v2\/pages\/3733"}],"wp:featuredmedia":[{"embeddable":true,"href":"https:\/\/naturalpharmaceuticals.eu\/sl\/wp-json\/wp\/v2\/media\/13898"}],"wp:attachment":[{"href":"https:\/\/naturalpharmaceuticals.eu\/sl\/wp-json\/wp\/v2\/media?parent=13936"}],"curies":[{"name":"wp","href":"https:\/\/api.w.org\/{rel}","templated":true}]}}