{"id":3703,"date":"2021-05-10T12:21:30","date_gmt":"2021-05-10T12:21:30","guid":{"rendered":"https:\/\/naturalpharmaceuticals.eu\/?page_id=3703"},"modified":"2024-01-24T11:49:03","modified_gmt":"2024-01-24T11:49:03","slug":"o-podjetju","status":"publish","type":"page","link":"https:\/\/naturalpharmaceuticals.eu\/sl\/o-podjetju\/","title":{"rendered":"O podjetju"},"content":{"rendered":"\n<h2 class=\"wp-block-heading\"><strong>Petnajst let norve\u0161ke kakovosti v Srednji Evropi!<\/strong>&nbsp;<\/h2>\n\n\n\n<p>Podjetje Natural Pharmaceuticals \u017ee 15 let dobavlja dodatke Evropejcem. Ko je bilo poslano prvo naro\u010dilo, si niti zaposleni niti vodstvo niso upali sanjati o tako dinami\u010dni rasti. Danes na\u0161e izdelke uporablja skoraj 3 milijone ljudi v Evropi, vklju\u010dno s strankami, ki \u017ee od za\u010detka redno naro\u010dajo na\u0161a dopolnila. Kaj je klju\u010d do uspeha podjetja?<\/p>\n\n\n\n<h2 class=\"wp-block-heading\"><strong>Iz Norve\u0161ke do Srednje in Vzhodne Evrope<\/strong>&nbsp;<\/h2>\n\n\n\n<p>Podjetje&nbsp;Natural&nbsp;Pharmaceuticals&nbsp;je simbol norve\u0161ke kakovosti na trgu Srednje in Vzhodne Evrope. Prehranska dopolnila so razvita na Norve\u0161kem, tam pa poteka tudi vsa proizvodnja, brez izjem. Vsi izdelki temeljijo na dokumentiranih in pogosto patentiranih sestavinah. Visoka kakovost je na\u0161a glavna prioriteta.&nbsp;<\/p>\n\n\n\n<div class=\"wp-block-columns is-layout-flex wp-container-core-columns-is-layout-1 wp-block-columns-is-layout-flex\">\n<div class=\"wp-block-column is-layout-flow wp-block-column-is-layout-flow\" style=\"flex-basis:66.66%\">\n<blockquote class=\"wp-block-quote is-layout-flow wp-block-quote-is-layout-flow\">\n<p><em><em>Vzeli smo najbolj\u0161e iz Norve\u0161ke ter to uporabili na trgih Srednje in Vzhodne Evrope, pri \u010demer smo prepoznali in upo\u0161tevali specifi\u010dnost vsake dr\u017eave. Temelj na\u0161ega poslovanja so visokokakovostna prehranska dopolnila, ki so na\u0161im strankam dostavljena na zelo priro\u010den na\u010din \u2013 neposredno na dom.<\/em>&nbsp;<\/em><\/p>\n<cite>Jonas&nbsp;T\u00f6rnquist,&nbsp;Glavni direktor&nbsp;Skupine&nbsp;Natural&nbsp;Pharmaceuticals&nbsp;<\/cite><\/blockquote>\n<\/div>\n\n\n\n<div class=\"wp-block-column is-layout-flow wp-block-column-is-layout-flow\" style=\"flex-basis:33.33%\"><div class=\"wp-block-image\">\n<figure class=\"alignright size-full\"><img loading=\"lazy\" decoding=\"async\" width=\"300\" height=\"225\" src=\"https:\/\/naturalpharmaceuticals.eu\/wp-content\/uploads\/sites\/2\/2020\/10\/NordicMed_Pharma_Natural_Pharmaceuticals_CEO-edited.jpg\" alt=\"\" class=\"wp-image-484\"\/><\/figure><\/div><\/div>\n<\/div>\n\n\n\n<h2 class=\"wp-block-heading\"><strong>Nenehni razvoj, \u0161iroka ponudba<\/strong>&nbsp;<\/h2>\n\n\n\n<div class=\"wp-block-columns is-layout-flex wp-container-core-columns-is-layout-2 wp-block-columns-is-layout-flex\">\n<div class=\"wp-block-column is-layout-flow wp-block-column-is-layout-flow\" style=\"flex-basis:66.66%\">\n<p>Kljub uveljavljenemu polo\u017eaju na trgu si podjetje&nbsp;Natural&nbsp;Pharmaceuticals&nbsp;\u0161e vedno prizadeva postati vodilno podjetje. V Evropi smo zabele\u017eili skoraj 70&nbsp;%&nbsp;prodajno rast v letu 2019 in \u0161e dodatno 50&nbsp;%&nbsp;rast v letu 2020. Nikakor se ne bomo ustavili tukaj! Ker se podjetje \u0161e naprej razvija, se \u0161iri tudi skupina ljudi, s katerimi sodelujemo. Podjetje&nbsp;Natural&nbsp;Pharmaceuticals&nbsp;trenutno zaposluje skoraj 50 ljudi na obmo\u010djih, kjer posluje, ta \u0161tevilka pa \u0161e naprej raste.&nbsp;<\/p>\n<\/div>\n\n\n\n<div class=\"wp-block-column is-layout-flow wp-block-column-is-layout-flow\" style=\"flex-basis:33.33%\"><div class=\"wp-block-image\">\n<figure class=\"alignright size-medium\"><img loading=\"lazy\" decoding=\"async\" width=\"300\" height=\"225\" src=\"https:\/\/naturalpharmaceuticals.eu\/wp-content\/uploads\/sites\/2\/2020\/12\/Natural-Pharmaceuticals-projekt-Massive-Design-fot-Szymon-Polanski-8113_300x225-300x225.jpg\" alt=\"\" class=\"wp-image-1081\" srcset=\"https:\/\/naturalpharmaceuticals.eu\/wp-content\/uploads\/sites\/2\/2020\/12\/Natural-Pharmaceuticals-projekt-Massive-Design-fot-Szymon-Polanski-8113_300x225-300x225.jpg 300w, https:\/\/naturalpharmaceuticals.eu\/wp-content\/uploads\/sites\/2\/2020\/12\/Natural-Pharmaceuticals-projekt-Massive-Design-fot-Szymon-Polanski-8113_300x225-1024x768.jpg 1024w, https:\/\/naturalpharmaceuticals.eu\/wp-content\/uploads\/sites\/2\/2020\/12\/Natural-Pharmaceuticals-projekt-Massive-Design-fot-Szymon-Polanski-8113_300x225-768x576.jpg 768w, https:\/\/naturalpharmaceuticals.eu\/wp-content\/uploads\/sites\/2\/2020\/12\/Natural-Pharmaceuticals-projekt-Massive-Design-fot-Szymon-Polanski-8113_300x225-1536x1152.jpg 1536w, https:\/\/naturalpharmaceuticals.eu\/wp-content\/uploads\/sites\/2\/2020\/12\/Natural-Pharmaceuticals-projekt-Massive-Design-fot-Szymon-Polanski-8113_300x225.jpg 1901w\" sizes=\"auto, (max-width: 300px) 100vw, 300px\" \/><\/figure><\/div><\/div>\n<\/div>\n\n\n\n<h2 class=\"wp-block-heading\">Stranka \u2013 najpomembnej\u0161i sodnik&nbsp;<\/h2>\n\n\n\n<div class=\"wp-block-columns is-layout-flex wp-container-core-columns-is-layout-3 wp-block-columns-is-layout-flex\">\n<div class=\"wp-block-column is-layout-flow wp-block-column-is-layout-flow\" style=\"flex-basis:66.66%\">\n<p>Kakovost je v podjetju&nbsp;Natural&nbsp;Pharmaceuticals&nbsp;na prvem mestu. To je na\u0161e zagotovilo prav vsaki stranki. Ta sinergija med blagovno znamko in strankami se je z leti izkazala za uspe\u0161no. To najbolje dokazujejo \u0161tevilne nagrade, ki so nam jih podelili na\u0161i najzahtevnej\u0161i sodniki, stranke. Vsako leto od leta 2014 je podjetje prejelo nagrado \u00bbstranki prijazno podjetje\u00ab. Gre za presti\u017eno nagrado, saj merila zahtevajo visoke standarde vrhunskosti. Ocenjena so \u0161tiri podro\u010dja: sodelovanje, preprostost vzpostavitve stika, splo\u0161no zadovoljstvo in verjetnost priporo\u010dila izdelkov drugim.&nbsp;<\/p>\n<\/div>\n\n\n\n<div class=\"wp-block-column is-layout-flow wp-block-column-is-layout-flow\" style=\"flex-basis:33.33%\"><div class=\"wp-block-image\">\n<figure class=\"alignright size-full\"><img loading=\"lazy\" decoding=\"async\" width=\"300\" height=\"227\" src=\"https:\/\/naturalpharmaceuticals.eu\/wp-content\/uploads\/sites\/2\/2020\/10\/NordicMed_Pharma_Relati_Clienti.png\" alt=\"\" class=\"wp-image-471\"\/><\/figure><\/div><\/div>\n<\/div>\n\n\n\n<h2 class=\"wp-block-heading\">Etika in dru\u017ebena odgovornost&nbsp;<\/h2>\n\n\n\n<div class=\"wp-block-columns is-layout-flex wp-container-core-columns-is-layout-4 wp-block-columns-is-layout-flex\">\n<div class=\"wp-block-column is-vertically-aligned-top is-layout-flow wp-block-column-is-layout-flow\" style=\"flex-basis:66.66%\">\n<p>V preteklih 15 letih je dru\u017eba Natural Pharmaceuticals nenehno rasla, gradila portfelj kakovostnih izdelkov, skrbela za svoje stranke in podpirala pobude za pomo\u010d drugim. Podjetje je na primer vklju\u010deno v program &#8220;Podjetje s srcem&#8221;, ki ga je ustvaril UNICEF. Z donacijami, ki jih prispevajo udele\u017eenci projekta, se podpirajo otroci iz najrevnej\u0161ih regij sveta. Podjetje vsako leto podpira kampanjo, saj verjame, da lahko s skupnimi mo\u010dmi dose\u017eemo ve\u010d.<\/p>\n\n\n\n<p>Prodaja prehranskih dopolnil pa zahteva visoko raven odgovornosti. Navsezadnje podpiramo zdrav \u017eivljenjski slog strank. Da bi zagotovili visoke standarde komunikacije in promocije, je podjetje&nbsp;Natural&nbsp;Pharmaceuticals&nbsp;aktivno sodelovalo pri oblikovanju Kodeksa dobrih praks ogla\u0161evanja prehranskih dopolnil kot \u010dlan Dr\u017eavnega sveta za prehranska dopolnila in hranila. Skupna skrb za izpolnjevanje standardov na trgu prehranskih dopolnil je klju\u010dni del politike podjetja.&nbsp;<\/p>\n<\/div>\n\n\n\n<div class=\"wp-block-column is-vertically-aligned-top is-layout-flow wp-block-column-is-layout-flow\" style=\"flex-basis:33.33%\"><div class=\"wp-block-image\">\n<figure class=\"alignright size-full\"><img loading=\"lazy\" decoding=\"async\" width=\"300\" height=\"200\" src=\"https:\/\/naturalpharmaceuticals.eu\/wp-content\/uploads\/sites\/2\/2020\/10\/NordicMed_Pharma_Norway_Laboratory_Pharmatech.jpg\" alt=\"\" class=\"wp-image-472\"\/><\/figure><\/div><\/div>\n<\/div>\n\n\n\n<div class=\"wp-block-columns is-layout-flex wp-container-core-columns-is-layout-5 wp-block-columns-is-layout-flex\">\n<div class=\"wp-block-column is-layout-flow wp-block-column-is-layout-flow\" style=\"flex-basis:66.66%\">\n<p>Za norve\u0161ko podjetje&nbsp;Natural&nbsp;Pharmaceuticals&nbsp;je bilo to desetletje zaznamovano z dinami\u010dno rastjo v celotni Srednji in Vzhodni Evropi.&nbsp;<\/p>\n\n\n\n<p>Na\u0161i blagovni znamki zaupa skoraj 3 milijone strank v Srednji in Vzhodni Evropi! Pred 15 leti smo za\u010deli delovati na Poljskem, danes pa smo na trgu tudi v Romuniji, Estoniji, na Hrva\u0161kem, v Sloveniji, Litvi, Latviji in na Mad\u017earskem.<\/p>\n\n\n\n<p>Prejeli smo \u0161tevilne nagrade, o katerih odlo\u010dajo najpomembnej\u0161i sodniki \u2013 potro\u0161niki.&nbsp;<\/p>\n<\/div>\n\n\n\n<div class=\"wp-block-column is-layout-flow wp-block-column-is-layout-flow\" style=\"flex-basis:33.33%\"><div class=\"wp-block-image\">\n<figure class=\"alignright size-full\"><img loading=\"lazy\" decoding=\"async\" width=\"343\" height=\"300\" src=\"https:\/\/naturalpharmaceuticals.eu\/wp-content\/uploads\/sites\/2\/2023\/05\/3-mln-klientow-zloty.png\" alt=\"\" class=\"wp-image-19143\" srcset=\"https:\/\/naturalpharmaceuticals.eu\/wp-content\/uploads\/sites\/2\/2023\/05\/3-mln-klientow-zloty.png 343w, https:\/\/naturalpharmaceuticals.eu\/wp-content\/uploads\/sites\/2\/2023\/05\/3-mln-klientow-zloty-300x262.png 300w\" sizes=\"auto, (max-width: 343px) 100vw, 343px\" \/><\/figure><\/div><\/div>\n<\/div>\n","protected":false},"excerpt":{"rendered":"<p>Petnajst let norve\u0161ke kakovosti v Srednji Evropi!&nbsp; Podjetje Natural Pharmaceuticals \u017ee 15 let dobavlja dodatke Evropejcem. Ko je bilo poslano prvo naro\u010dilo, si niti zaposleni niti vodstvo niso upali sanjati o tako dinami\u010dni rasti. Danes na\u0161e izdelke uporablja skoraj 3&#x2026; <\/p>\n<p class=\"more-link-container th-uppercase\"><a href=\"https:\/\/naturalpharmaceuticals.eu\/sl\/o-podjetju\/\" class=\"more-link\">Read More <span class=\"screen-reader-text\">O podjetju<\/span><\/a><\/p>\n","protected":false},"author":1,"featured_media":3710,"parent":0,"menu_order":0,"comment_status":"closed","ping_status":"closed","template":"templates\/full-width-page.php","meta":{"ub_ctt_via":"","footnotes":""},"class_list":["post-3703","page","type-page","status-publish","has-post-thumbnail","hentry"],"featured_image_src":"https:\/\/naturalpharmaceuticals.eu\/wp-content\/uploads\/sites\/2\/2020\/08\/rsz_shutterstock_1738764365-1-scaled.jpg","yoast_head":"<!-- This site is optimized with the Yoast SEO plugin v24.4 - https:\/\/yoast.com\/wordpress\/plugins\/seo\/ -->\n<title>O podjetju - Natural Pharmaceuticals<\/title>\n<meta name=\"robots\" content=\"index, follow, max-snippet:-1, max-image-preview:large, max-video-preview:-1\" \/>\n<link rel=\"canonical\" href=\"https:\/\/naturalpharmaceuticals.eu\/sl\/o-podjetju\/\" \/>\n<meta property=\"og:locale\" content=\"sl_SI\" \/>\n<meta property=\"og:type\" content=\"article\" \/>\n<meta property=\"og:title\" content=\"O podjetju - Natural Pharmaceuticals\" \/>\n<meta property=\"og:description\" content=\"Petnajst let norve\u0161ke kakovosti v Srednji Evropi!&nbsp; Podjetje Natural Pharmaceuticals \u017ee 15 let dobavlja dodatke Evropejcem. Ko je bilo poslano prvo naro\u010dilo, si niti zaposleni niti vodstvo niso upali sanjati o tako dinami\u010dni rasti. Danes na\u0161e izdelke uporablja skoraj 3&#x2026; Read More O podjetju\" \/>\n<meta property=\"og:url\" content=\"https:\/\/naturalpharmaceuticals.eu\/sl\/o-podjetju\/\" \/>\n<meta property=\"og:site_name\" content=\"Natural Pharmaceuticals\" \/>\n<meta property=\"article:modified_time\" content=\"2024-01-24T11:49:03+00:00\" \/>\n<meta property=\"og:image\" content=\"https:\/\/naturalpharmaceuticals.eu\/wp-content\/uploads\/sites\/2\/2020\/08\/rsz_shutterstock_1738764365-1-scaled.jpg\" \/>\n\t<meta property=\"og:image:width\" content=\"2560\" \/>\n\t<meta property=\"og:image:height\" content=\"845\" \/>\n\t<meta property=\"og:image:type\" content=\"image\/jpeg\" \/>\n<meta name=\"twitter:card\" content=\"summary_large_image\" \/>\n<meta name=\"twitter:label1\" content=\"Est. reading time\" \/>\n\t<meta name=\"twitter:data1\" content=\"5 minut\" \/>\n<script type=\"application\/ld+json\" class=\"yoast-schema-graph\">{\"@context\":\"https:\/\/schema.org\",\"@graph\":[{\"@type\":\"WebPage\",\"@id\":\"https:\/\/naturalpharmaceuticals.eu\/sl\/o-podjetju\/\",\"url\":\"https:\/\/naturalpharmaceuticals.eu\/sl\/o-podjetju\/\",\"name\":\"O podjetju - Natural Pharmaceuticals\",\"isPartOf\":{\"@id\":\"https:\/\/naturalpharmaceuticals.eu\/sl\/#website\"},\"primaryImageOfPage\":{\"@id\":\"https:\/\/naturalpharmaceuticals.eu\/sl\/o-podjetju\/#primaryimage\"},\"image\":{\"@id\":\"https:\/\/naturalpharmaceuticals.eu\/sl\/o-podjetju\/#primaryimage\"},\"thumbnailUrl\":\"https:\/\/naturalpharmaceuticals.eu\/wp-content\/uploads\/sites\/2\/2020\/08\/rsz_shutterstock_1738764365-1-scaled.jpg\",\"datePublished\":\"2021-05-10T12:21:30+00:00\",\"dateModified\":\"2024-01-24T11:49:03+00:00\",\"breadcrumb\":{\"@id\":\"https:\/\/naturalpharmaceuticals.eu\/sl\/o-podjetju\/#breadcrumb\"},\"inLanguage\":\"sl-SI\",\"potentialAction\":[{\"@type\":\"ReadAction\",\"target\":[\"https:\/\/naturalpharmaceuticals.eu\/sl\/o-podjetju\/\"]}]},{\"@type\":\"ImageObject\",\"inLanguage\":\"sl-SI\",\"@id\":\"https:\/\/naturalpharmaceuticals.eu\/sl\/o-podjetju\/#primaryimage\",\"url\":\"https:\/\/naturalpharmaceuticals.eu\/wp-content\/uploads\/sites\/2\/2020\/08\/rsz_shutterstock_1738764365-1-scaled.jpg\",\"contentUrl\":\"https:\/\/naturalpharmaceuticals.eu\/wp-content\/uploads\/sites\/2\/2020\/08\/rsz_shutterstock_1738764365-1-scaled.jpg\",\"width\":2560,\"height\":845},{\"@type\":\"BreadcrumbList\",\"@id\":\"https:\/\/naturalpharmaceuticals.eu\/sl\/o-podjetju\/#breadcrumb\",\"itemListElement\":[{\"@type\":\"ListItem\",\"position\":1,\"name\":\"Home\",\"item\":\"https:\/\/naturalpharmaceuticals.eu\/sl\/\"},{\"@type\":\"ListItem\",\"position\":2,\"name\":\"O podjetju\"}]},{\"@type\":\"WebSite\",\"@id\":\"https:\/\/naturalpharmaceuticals.eu\/sl\/#website\",\"url\":\"https:\/\/naturalpharmaceuticals.eu\/sl\/\",\"name\":\"Natural Pharmaceuticals\",\"description\":\"\",\"publisher\":{\"@id\":\"https:\/\/naturalpharmaceuticals.eu\/sl\/#organization\"},\"potentialAction\":[{\"@type\":\"SearchAction\",\"target\":{\"@type\":\"EntryPoint\",\"urlTemplate\":\"https:\/\/naturalpharmaceuticals.eu\/sl\/?s={search_term_string}\"},\"query-input\":{\"@type\":\"PropertyValueSpecification\",\"valueRequired\":true,\"valueName\":\"search_term_string\"}}],\"inLanguage\":\"sl-SI\"},{\"@type\":\"Organization\",\"@id\":\"https:\/\/naturalpharmaceuticals.eu\/sl\/#organization\",\"name\":\"Natural Pharmaceuticals\",\"url\":\"https:\/\/naturalpharmaceuticals.eu\/sl\/\",\"logo\":{\"@type\":\"ImageObject\",\"inLanguage\":\"sl-SI\",\"@id\":\"https:\/\/naturalpharmaceuticals.eu\/sl\/#\/schema\/logo\/image\/\",\"url\":\"https:\/\/naturalpharmaceuticals.eu\/wp-content\/uploads\/sites\/2\/2020\/11\/cropped-natural-pharmaceuticals-logo.png\",\"contentUrl\":\"https:\/\/naturalpharmaceuticals.eu\/wp-content\/uploads\/sites\/2\/2020\/11\/cropped-natural-pharmaceuticals-logo.png\",\"width\":900,\"height\":323,\"caption\":\"Natural Pharmaceuticals\"},\"image\":{\"@id\":\"https:\/\/naturalpharmaceuticals.eu\/sl\/#\/schema\/logo\/image\/\"}}]}<\/script>\n<!-- \/ Yoast SEO plugin. -->","yoast_head_json":{"title":"O podjetju - Natural Pharmaceuticals","robots":{"index":"index","follow":"follow","max-snippet":"max-snippet:-1","max-image-preview":"max-image-preview:large","max-video-preview":"max-video-preview:-1"},"canonical":"https:\/\/naturalpharmaceuticals.eu\/sl\/o-podjetju\/","og_locale":"sl_SI","og_type":"article","og_title":"O podjetju - Natural Pharmaceuticals","og_description":"Petnajst let norve\u0161ke kakovosti v Srednji Evropi!&nbsp; Podjetje Natural Pharmaceuticals \u017ee 15 let dobavlja dodatke Evropejcem. Ko je bilo poslano prvo naro\u010dilo, si niti zaposleni niti vodstvo niso upali sanjati o tako dinami\u010dni rasti. Danes na\u0161e izdelke uporablja skoraj 3&#x2026; Read More O podjetju","og_url":"https:\/\/naturalpharmaceuticals.eu\/sl\/o-podjetju\/","og_site_name":"Natural Pharmaceuticals","article_modified_time":"2024-01-24T11:49:03+00:00","og_image":[{"width":2560,"height":845,"url":"https:\/\/naturalpharmaceuticals.eu\/wp-content\/uploads\/sites\/2\/2020\/08\/rsz_shutterstock_1738764365-1-scaled.jpg","type":"image\/jpeg"}],"twitter_card":"summary_large_image","twitter_misc":{"Est. reading time":"5 minut"},"schema":{"@context":"https:\/\/schema.org","@graph":[{"@type":"WebPage","@id":"https:\/\/naturalpharmaceuticals.eu\/sl\/o-podjetju\/","url":"https:\/\/naturalpharmaceuticals.eu\/sl\/o-podjetju\/","name":"O podjetju - Natural Pharmaceuticals","isPartOf":{"@id":"https:\/\/naturalpharmaceuticals.eu\/sl\/#website"},"primaryImageOfPage":{"@id":"https:\/\/naturalpharmaceuticals.eu\/sl\/o-podjetju\/#primaryimage"},"image":{"@id":"https:\/\/naturalpharmaceuticals.eu\/sl\/o-podjetju\/#primaryimage"},"thumbnailUrl":"https:\/\/naturalpharmaceuticals.eu\/wp-content\/uploads\/sites\/2\/2020\/08\/rsz_shutterstock_1738764365-1-scaled.jpg","datePublished":"2021-05-10T12:21:30+00:00","dateModified":"2024-01-24T11:49:03+00:00","breadcrumb":{"@id":"https:\/\/naturalpharmaceuticals.eu\/sl\/o-podjetju\/#breadcrumb"},"inLanguage":"sl-SI","potentialAction":[{"@type":"ReadAction","target":["https:\/\/naturalpharmaceuticals.eu\/sl\/o-podjetju\/"]}]},{"@type":"ImageObject","inLanguage":"sl-SI","@id":"https:\/\/naturalpharmaceuticals.eu\/sl\/o-podjetju\/#primaryimage","url":"https:\/\/naturalpharmaceuticals.eu\/wp-content\/uploads\/sites\/2\/2020\/08\/rsz_shutterstock_1738764365-1-scaled.jpg","contentUrl":"https:\/\/naturalpharmaceuticals.eu\/wp-content\/uploads\/sites\/2\/2020\/08\/rsz_shutterstock_1738764365-1-scaled.jpg","width":2560,"height":845},{"@type":"BreadcrumbList","@id":"https:\/\/naturalpharmaceuticals.eu\/sl\/o-podjetju\/#breadcrumb","itemListElement":[{"@type":"ListItem","position":1,"name":"Home","item":"https:\/\/naturalpharmaceuticals.eu\/sl\/"},{"@type":"ListItem","position":2,"name":"O podjetju"}]},{"@type":"WebSite","@id":"https:\/\/naturalpharmaceuticals.eu\/sl\/#website","url":"https:\/\/naturalpharmaceuticals.eu\/sl\/","name":"Natural Pharmaceuticals","description":"","publisher":{"@id":"https:\/\/naturalpharmaceuticals.eu\/sl\/#organization"},"potentialAction":[{"@type":"SearchAction","target":{"@type":"EntryPoint","urlTemplate":"https:\/\/naturalpharmaceuticals.eu\/sl\/?s={search_term_string}"},"query-input":{"@type":"PropertyValueSpecification","valueRequired":true,"valueName":"search_term_string"}}],"inLanguage":"sl-SI"},{"@type":"Organization","@id":"https:\/\/naturalpharmaceuticals.eu\/sl\/#organization","name":"Natural Pharmaceuticals","url":"https:\/\/naturalpharmaceuticals.eu\/sl\/","logo":{"@type":"ImageObject","inLanguage":"sl-SI","@id":"https:\/\/naturalpharmaceuticals.eu\/sl\/#\/schema\/logo\/image\/","url":"https:\/\/naturalpharmaceuticals.eu\/wp-content\/uploads\/sites\/2\/2020\/11\/cropped-natural-pharmaceuticals-logo.png","contentUrl":"https:\/\/naturalpharmaceuticals.eu\/wp-content\/uploads\/sites\/2\/2020\/11\/cropped-natural-pharmaceuticals-logo.png","width":900,"height":323,"caption":"Natural Pharmaceuticals"},"image":{"@id":"https:\/\/naturalpharmaceuticals.eu\/sl\/#\/schema\/logo\/image\/"}}]}},"jetpack_sharing_enabled":true,"_links":{"self":[{"href":"https:\/\/naturalpharmaceuticals.eu\/sl\/wp-json\/wp\/v2\/pages\/3703","targetHints":{"allow":["GET"]}}],"collection":[{"href":"https:\/\/naturalpharmaceuticals.eu\/sl\/wp-json\/wp\/v2\/pages"}],"about":[{"href":"https:\/\/naturalpharmaceuticals.eu\/sl\/wp-json\/wp\/v2\/types\/page"}],"author":[{"embeddable":true,"href":"https:\/\/naturalpharmaceuticals.eu\/sl\/wp-json\/wp\/v2\/users\/1"}],"replies":[{"embeddable":true,"href":"https:\/\/naturalpharmaceuticals.eu\/sl\/wp-json\/wp\/v2\/comments?post=3703"}],"version-history":[{"count":9,"href":"https:\/\/naturalpharmaceuticals.eu\/sl\/wp-json\/wp\/v2\/pages\/3703\/revisions"}],"predecessor-version":[{"id":22984,"href":"https:\/\/naturalpharmaceuticals.eu\/sl\/wp-json\/wp\/v2\/pages\/3703\/revisions\/22984"}],"wp:featuredmedia":[{"embeddable":true,"href":"https:\/\/naturalpharmaceuticals.eu\/sl\/wp-json\/wp\/v2\/media\/3710"}],"wp:attachment":[{"href":"https:\/\/naturalpharmaceuticals.eu\/sl\/wp-json\/wp\/v2\/media?parent=3703"}],"curies":[{"name":"wp","href":"https:\/\/api.w.org\/{rel}","templated":true}]}}